{"id":10639,"date":"2021-01-22T13:12:47","date_gmt":"2021-01-22T18:12:47","guid":{"rendered":"https:\/\/canarie.machinedev.ca\/logiciels\/platforms\/openpnm\/"},"modified":"2021-03-18T11:27:17","modified_gmt":"2021-03-18T15:27:17","slug":"openpnm","status":"publish","type":"page","link":"https:\/\/www.canarie.ca\/fr\/logiciels\/plateformes\/openpnm\/","title":{"rendered":"OpenPNM"},"content":{"rendered":"\n\n<section class=\"section section--text-with-image  alignfull container squares-right\">\n  <svg version=\"1.1\" class=\"animated-square-graphic\" xmlns=\"http:\/\/www.w3.org\/2000\/svg\" xmlns:xlink=\"http:\/\/www.w3.org\/1999\/xlink\" x=\"0px\" y=\"0px\"\n\t viewBox=\"0 0 1084.85 1080\" style=\"enable-background:new 0 0 1084.85 1080;\" xml:space=\"preserve\">\n<style type=\"text\/css\">\n\t.st0{opacity:0.51;fill:#FEFEFE;}\n\t.st1{fill:#F4F4F5;}\n\t.st2{fill:#58C3D2;}\n\t.st3{fill:#E90D0B;}\n\t.st4{fill:#393D3F;}\n<\/style>\n<g>\n\t<path class=\"st0\" d=\"M275.09,0c0,20.92,0.02,41.84-0.04,62.75c-0.01,1.9,0.82,4.06-1.04,5.66c-1.33-1.48-1.49-3.32-1.5-5.17\n\t\tc-0.07-19.54-0.1-39.07,0.02-58.61c0.01-1,0.15-2,0.5-2.95c0.27-0.62,0.62-1.18,1.06-1.68C274.42,0,274.76,0,275.09,0z\"\/>\n\t<path class=\"st0\" d=\"M270.93,134.87c0,0.67,0,1.34,0,2.01c-1.96-0.21-3.39-1.13-2.71-3.24c0.6-1.87,2.15-2.92,4.31-2.71\n\t\tc21.9,2.09,43.85,0.35,65.77,0.92c-0.01,0.67-0.01,1.34-0.02,2.01c-1.73,0.94-3.6,0.46-5.4,0.47c-19.36,0.04-38.73,0.02-58.09,0.04\n\t\tC273.5,134.36,272.11,133.88,270.93,134.87z\"\/>\n\t<path class=\"st0\" d=\"M67.6,132.85c-0.22,2.23,0.79,3.24,3.02,3.02c-0.21,1.56-0.6,3.05-2.65,2.59c-1.53-0.34-2.62-1.44-2.96-2.96\n\t\tC64.55,133.46,66.04,133.06,67.6,132.85z\"\/>\n\t<path class=\"st0\" d=\"M270.93,134.87c0.15-0.9,0.44-1.31,1.6-1.31c21.92,0.15,43.84,0.21,65.76,0.29c-1.46,1.71-3.44,0.97-5.18,0.97\n\t\tC312.38,134.88,291.66,134.87,270.93,134.87z\"\/>\n\t<rect x=\"71.76\" y=\"67.43\" class=\"st1\" width=\"67.44\" height=\"67.44\"\/>\n\t<rect x=\"206.62\" class=\"st2\" width=\"67.44\" height=\"67.44\"\/>\n\t<rect x=\"410.45\" class=\"st2\" width=\"67.44\" height=\"67.44\"\/>\n\t<rect x=\"343.11\" y=\"67.73\" class=\"st2\" width=\"67.44\" height=\"67.44\"\/>\n\t<rect x=\"544.46\" y=\"0.06\" class=\"st1\" width=\"67.44\" height=\"67.44\"\/>\n\t<rect x=\"680.21\" class=\"st1\" width=\"67.44\" height=\"67.44\"\/>\n\t<rect x=\"815.09\" class=\"st1\" width=\"67.44\" height=\"67.44\"\/>\n\t<rect x=\"949.97\" class=\"st2\" width=\"67.44\" height=\"67.44\"\/>\n\t<rect x=\"477.89\" y=\"67.73\" class=\"st3\" width=\"67.44\" height=\"67.44\"\/>\n\t<rect x=\"612.77\" y=\"67.73\" class=\"st2\" width=\"67.44\" height=\"67.44\"\/>\n\t<rect x=\"747.65\" y=\"67.73\" class=\"st4\" width=\"67.44\" height=\"67.44\"\/>\n\t<rect x=\"882.53\" y=\"67.83\" class=\"st1\" width=\"67.44\" height=\"67.44\"\/>\n\t<rect x=\"1017.41\" y=\"67.73\" class=\"st2\" width=\"67.44\" height=\"67.44\"\/>\n\t<rect x=\"1017.41\" y=\"203.13\" class=\"st2\" width=\"67.44\" height=\"67.44\"\/>\n\t<rect x=\"275.67\" y=\"135.45\" class=\"st1\" width=\"67.44\" height=\"67.44\"\/>\n\t<rect x=\"208.23\" y=\"202.81\" class=\"st3\" width=\"67.44\" height=\"67.44\"\/>\n\t<rect x=\"1.8\" y=\"202.81\" class=\"st1\" width=\"67.44\" height=\"67.44\"\/>\n\t<rect x=\"69.24\" y=\"270.83\" class=\"st2\" width=\"67.44\" height=\"67.44\"\/>\n\t<rect x=\"410.55\" y=\"270.57\" class=\"st1\" width=\"67.44\" height=\"67.44\"\/>\n\t<rect x=\"545.43\" y=\"270.57\" class=\"st1\" width=\"67.44\" height=\"67.44\"\/>\n\t<rect x=\"680.44\" y=\"270.57\" class=\"st2\" width=\"67.44\" height=\"67.44\"\/>\n\t<rect x=\"815.3\" y=\"270.57\" class=\"st1\" width=\"67.44\" height=\"67.44\"\/>\n\t<rect x=\"950.11\" y=\"270.57\" class=\"st2\" width=\"67.44\" height=\"67.44\"\/>\n\t<rect x=\"1017.41\" y=\"270.57\" class=\"st4\" width=\"67.44\" height=\"67.44\"\/>\n\t<rect x=\"1017.41\" y=\"338.01\" class=\"st2\" width=\"67.44\" height=\"67.44\"\/>\n\t<rect x=\"882.5\" y=\"338.16\" class=\"st2\" width=\"67.44\" height=\"67.44\"\/>\n\t<rect x=\"747.86\" y=\"338.16\" class=\"st1\" width=\"67.44\" height=\"67.44\"\/>\n\t<rect x=\"612.87\" y=\"338.16\" class=\"st2\" width=\"67.44\" height=\"67.44\"\/>\n\t<rect x=\"271.44\" y=\"338.01\" class=\"st1\" width=\"67.44\" height=\"67.44\"\/>\n\t<rect x=\"136.7\" y=\"405.75\" class=\"st3\" width=\"67.44\" height=\"67.44\"\/>\n\t<rect x=\"407.3\" y=\"405.6\" class=\"st3\" width=\"67.44\" height=\"67.44\"\/>\n\t<rect x=\"815.06\" y=\"405.6\" class=\"st2\" width=\"67.44\" height=\"67.44\"\/>\n\t<rect x=\"950.11\" y=\"405.6\" class=\"st1\" width=\"67.44\" height=\"67.44\"\/>\n\t<rect x=\"1017.41\" y=\"473.04\" class=\"st1\" width=\"67.44\" height=\"67.44\"\/>\n\t<rect x=\"882.5\" y=\"473.04\" class=\"st1\" width=\"67.44\" height=\"67.44\"\/>\n\t<rect x=\"747.62\" y=\"473.04\" class=\"st1\" width=\"67.44\" height=\"67.44\"\/>\n\t<rect x=\"611.17\" y=\"473.04\" class=\"st4\" width=\"67.44\" height=\"67.44\"\/>\n\t<rect y=\"475.55\" class=\"st1\" width=\"67.44\" height=\"67.44\"\/>\n\t<rect x=\"410.55\" y=\"135.45\" class=\"st4\" width=\"67.44\" height=\"67.44\"\/>\n\t<rect x=\"680.42\" y=\"135.17\" class=\"st1\" width=\"67.44\" height=\"67.44\"\/>\n\t<rect x=\"815.23\" y=\"135.36\" class=\"st1\" width=\"67.44\" height=\"67.44\"\/>\n\t<rect x=\"950.12\" y=\"135.36\" class=\"st4\" width=\"67.44\" height=\"67.44\"\/>\n\t<rect x=\"343.11\" y=\"202.81\" class=\"st3\" width=\"67.44\" height=\"67.44\"\/>\n\t<rect x=\"477.99\" y=\"202.81\" class=\"st2\" width=\"67.44\" height=\"67.44\"\/>\n\t<rect x=\"613\" y=\"202.81\" class=\"st4\" width=\"67.44\" height=\"67.44\"\/>\n\t<rect x=\"747.86\" y=\"202.74\" class=\"st2\" width=\"67.44\" height=\"67.44\"\/>\n\t<rect x=\"882.67\" y=\"202.8\" class=\"st2\" width=\"67.44\" height=\"67.44\"\/>\n\t<rect x=\"950.08\" y=\"540.48\" class=\"st2\" width=\"67.44\" height=\"67.44\"\/>\n\t<rect x=\"815.06\" y=\"540.48\" class=\"st2\" width=\"67.44\" height=\"67.44\"\/>\n\t<rect x=\"1017.41\" y=\"607.92\" class=\"st2\" width=\"67.44\" height=\"67.44\"\/>\n\t<rect x=\"882.44\" y=\"607.92\" class=\"st4\" width=\"67.44\" height=\"67.44\"\/>\n\t<rect x=\"747.62\" y=\"607.92\" class=\"st4\" width=\"67.44\" height=\"67.44\"\/>\n\t<rect x=\"950.06\" y=\"675.36\" class=\"st1\" width=\"67.44\" height=\"67.44\"\/>\n\t<rect x=\"815\" y=\"675.36\" class=\"st2\" width=\"67.44\" height=\"67.44\"\/>\n\t<rect x=\"680.18\" y=\"675.36\" class=\"st2\" width=\"67.44\" height=\"67.44\"\/>\n\t<rect x=\"882.7\" y=\"742.8\" class=\"st1\" width=\"67.44\" height=\"67.44\"\/>\n\t<rect x=\"1017.41\" y=\"742.8\" class=\"st2\" width=\"67.44\" height=\"67.44\"\/>\n\t<rect x=\"1017.41\" y=\"810.24\" class=\"st1\" width=\"67.44\" height=\"67.44\"\/>\n\t<rect x=\"950.06\" y=\"810.24\" class=\"st2\" width=\"67.44\" height=\"67.44\"\/>\n\t<rect x=\"950.06\" y=\"877.68\" class=\"st3\" width=\"67.44\" height=\"67.44\"\/>\n\t<rect x=\"882.62\" y=\"877.68\" class=\"st2\" width=\"67.44\" height=\"67.44\"\/>\n\t<rect x=\"747.66\" y=\"877.68\" class=\"st3\" width=\"67.44\" height=\"67.44\"\/>\n\t<rect x=\"680.22\" y=\"877.68\" class=\"st1\" width=\"67.44\" height=\"67.44\"\/>\n\t<rect x=\"815.06\" y=\"945.12\" class=\"st4\" width=\"67.44\" height=\"67.44\"\/>\n\t<rect x=\"747.66\" y=\"945.12\" class=\"st2\" width=\"67.44\" height=\"67.44\"\/>\n\t<rect x=\"1017.5\" y=\"945.12\" class=\"st4\" width=\"67.44\" height=\"67.44\"\/>\n\t<rect x=\"950.06\" y=\"945.12\" class=\"st2\" width=\"67.44\" height=\"67.44\"\/>\n\t<rect x=\"882.5\" y=\"1012.56\" class=\"st4\" width=\"67.44\" height=\"67.44\"\/>\n\t<rect x=\"1017.5\" y=\"1012.56\" class=\"st2\" width=\"67.44\" height=\"67.44\"\/>\n\t<rect x=\"545.3\" y=\"1012.56\" class=\"st4\" width=\"67.44\" height=\"67.44\"\/>\n\t<rect x=\"407.54\" y=\"1012.56\" class=\"st2\" width=\"67.44\" height=\"67.44\"\/>\n\t<rect x=\"815.06\" y=\"1012.56\" class=\"st2\" width=\"67.44\" height=\"67.44\"\/>\n\t<rect x=\"747.66\" y=\"1012.56\" class=\"st3\" width=\"67.44\" height=\"67.44\"\/>\n\t<rect x=\"680.18\" y=\"1012.56\" class=\"st2\" width=\"67.44\" height=\"67.44\"\/>\n\t<rect x=\"747.62\" y=\"742.8\" class=\"st2\" width=\"67.44\" height=\"67.44\"\/>\n\t<rect x=\"612.74\" y=\"742.8\" class=\"st4\" width=\"67.44\" height=\"67.44\"\/>\n\t<rect x=\"545.3\" y=\"877.68\" class=\"st2\" width=\"67.44\" height=\"67.44\"\/>\n\t<rect x=\"612.74\" y=\"945.12\" class=\"st4\" width=\"67.44\" height=\"67.44\"\/>\n<\/g>\n<\/svg>\n  <div class=\"grid-container simple-fade\">\n    <div class=\"grid-x grid-padding-x align-middle\">\n      <div class=\"cell medium-6 medium-order-2\">\n\t\t  \t\t\t  <img decoding=\"async\" src=\"https:\/\/www.canarie.ca\/wp-content\/uploads\/2021\/01\/webimg_OpenPNM.png\" alt=\"\">\n\t\t        <\/div>\n      <div class=\"cell medium-6 medium-order-1 text-left text-cell \">\n  \t\t  \t\t          <h1 class=\"cssanimation leFadeIn\">Faire progresser la science des mat\u00e9riaux pour prot\u00e9ger la soci\u00e9t\u00e9<\/h1>\n  \t\t  \t\t                              <\/div>\n    <\/div>\n  <\/div>\n<\/section>\n\n\n\n\n\n<section class=\"section section--text-columns no-background\">\n    <div class=\"grid-container\">\n      <div class=\"grid-x grid-padding-x\">\n        <div class=\"cell\">\n                  \t<h3>Universit\u00e9 de Waterloo<\/h3>\n                    <p>L\u2019\u00e9tude des mat\u00e9riaux poreux est une importante discipline secondaire de la science des mat\u00e9riaux. Les chercheurs qui veillent sur l\u2019avenir de la soci\u00e9t\u00e9 doivent absolument en apprendre davantage sur la fa\u00e7on dont les gaz et les liquides traversent les mat\u00e9riaux perm\u00e9ables afin de perfectionner les batteries qui rendront les v\u00e9hicules \u00e9lectriques plus performants, de s\u2019assurer que les aquif\u00e8res re\u00e7oivent suffisamment d\u2019eau douce, de d\u00e9couvrir de nouvelles sources d\u2019\u00e9nergie ou de freiner la d\u00e9t\u00e9rioration des b\u00e2timents et des viaducs.<\/p>\n                  <\/div>\n      <\/div>\n    <\/div>\n  <\/section>\n\n\n<section class=\"section section--text-columns no-background\">\n    <div class=\"grid-container\">\n      <div class=\"grid-x grid-padding-x\">\n        <div class=\"cell\">\n          <div style=\"text-align: center;\">\n            <div class=\"large highlighted-text hand-text-center\">\n              <p>Les chercheurs consacreront plus de temps \u00e0 r\u00e9soudre celui-ci qu\u2019\u00e0 imaginer de nouveaux cadriciels.<\/p>\n            <\/div>\n            <\/div>\n    \t\t\t<\/div>\n        <\/div>\n      <\/div>\n    <\/div>\n  <\/section>\n\n\n\n<section class=\"section section--banner simple-fade dark-blue alignfull\">\n  <div class=\"grid-container text-center\">\n  \t\t  \t\t  \t  <div class=\"large\"><p>Cependant, ils ont besoin pour cela d\u2019un cadre de calcul g\u00e9n\u00e9ral qui analysera, simulera et visualisera les mat\u00e9riaux poreux. Chaque nouveau scientifique r\u00e9invente souvent de tels outils \u00e0 partir de rien, dans son propre champ de recherche. Faute de logiciel de source ouverte avec lequel il pourrait \u00e9tudier les substances perm\u00e9ables, il perd donc un temps pr\u00e9cieux \u00e0 concevoir, \u00e9crire et d\u00e9boguer des logiciels, avec les co\u00fbts et les efforts suppl\u00e9mentaires que cela suppose pour chaque projet. Un temps qu\u2019en d\u2019autres circonstances il aurait pu consacrer \u00e0 de la recherche de qualit\u00e9.<\/p>\n<\/div>\n\t  \t  \t\t  <\/div>\n<\/section>\n\n\n\n<section class=\"section section--text-columns no-background\">\n    <div class=\"grid-container\">\n      <div class=\"grid-x grid-padding-x\">\n        <div class=\"cell\">\n                  \t<h3>R\u00e9soudre les probl\u00e8mes au lieu de cr\u00e9er des outils<\/h3>\n                    <p>\u00c9viter au maximum ces travaux \u00e0 r\u00e9p\u00e9tition est ce qu\u2019essaie de faire\u00a0<a href=\"http:\/\/openpnm.org\/\" target=\"_blank\" rel=\"noopener noreferrer\">OpenPNM<\/a>, cadriciel r\u00e9dig\u00e9 en Python qui mod\u00e9lise les mat\u00e9riaux poreux en mettant \u00e0 contribution une multitude de chercheurs qui ma\u00eetrisent bien les langages de programmation populaires et en exploitant les multiples logiciels de calcul, d\u2019analyse et de visualisation existants.<\/p>\n<p>L\u2019id\u00e9e de b\u00e2tir quelque chose \u00e0 partir de code existant pr\u00e9sente d\u2019autres avantages\u00a0: beaucoup de chercheurs maintiennent, corrigent et perfectionnent OpenPNM pour s\u2019assurer que les mod\u00e8les computationnels int\u00e8grent la meilleure version du code. D\u2019autre part, les chercheurs qui connaissent d\u00e9j\u00e0 Python, un langage de programmation courant, peuvent ais\u00e9ment adopter les m\u00e9thodes d\u2019OpenPNM et les adapter selon leurs besoins. Enfin, puisqu\u2019on peut modifier le logiciel pour l\u2019utiliser avec de nouveaux mat\u00e9riaux, des mod\u00e8les des fluides et des structures en fonction du probl\u00e8me \u00e0 l\u2019\u00e9tude, les chercheurs consacreront plus de temps \u00e0 r\u00e9soudre celui-ci qu\u2019\u00e0 imaginer de nouveaux cadriciels.<\/p>\n<p>OpenPNM a \u00e9t\u00e9 cr\u00e9\u00e9 par une \u00e9quipe de l\u2019Universit\u00e9 de Waterloo, qui l\u2019a con\u00e7u pour r\u00e9soudre ais\u00e9ment les probl\u00e8mes associ\u00e9s \u00e0 une masse volumineuse de donn\u00e9es. C\u2019est pourquoi le logiciel reproduit si bien l\u2019\u00e9coulement des liquides et des gaz dans un syst\u00e8me complet alors que les programmes de simulation usuels ne reproduisent qu\u2019une fraction infime du mat\u00e9riau.<\/p>\n                  <\/div>\n      <\/div>\n    <\/div>\n  <\/section>\n\n\n<section class=\"section section--text-columns no-background\">\n    <div class=\"grid-container\">\n      <div class=\"grid-x grid-padding-x\">\n        <div class=\"cell\">\n                  \t<h3>Combler une s\u00e9rieuse lacune en science des mat\u00e9riaux<\/h3>\n                    <p>OpenPNM r\u00e9pond \u00e0 un besoin criant des sp\u00e9cialistes en science des mat\u00e9riaux en leur proposant un cadriciel de source ouverte fort bien d\u00e9velopp\u00e9 et adaptable pour \u00e9tudier les mat\u00e9riaux poreux. L\u2019entreprise montr\u00e9alaise DragonFly s\u2019en sert d\u00e9j\u00e0 comme outil de visualisation en tomographie pour la soci\u00e9t\u00e9 ZEISS, g\u00e9ant mondial de l\u2019instrumentation. Puisque bon nombre des progr\u00e8s techniques d\u00e9coulent d\u2019une meilleure connaissance, d\u2019une fabrication plus facile et d\u2019un plus grand perfectionnement des mat\u00e9riaux poreux \u2013songeons \u00e0 des batteries plus puissantes ou \u00e0 des filtres plus efficaces pour l\u2019eau, OpenPNM concourt directement \u00e0 acc\u00e9l\u00e9rer la recherche dans maints domaines d\u2019une importance cruciale pour les Canadiens.<\/p>\n                  <\/div>\n      <\/div>\n    <\/div>\n  <\/section>\n\n\n\n<section class=\"section section--text-with-image  alignfull full-width \">\n    <div class=\"grid-container simple-fade\">\n    <div class=\"grid-x grid-padding-x align-middle\">\n      <div class=\"cell large-6 \">\n\t\t  \t\t\t  <div class=\"full-width-img\" style=\"background-image: url(https:\/\/www.canarie.ca\/wp-content\/uploads\/2021\/02\/RS-coding.png); background-size: cover; background-position: center center;\"><\/div>\n\t\t\t  <div class=\"image-mask\"><\/div>\n\t\t        <\/div>\n      <div class=\"cell large-6  text-left text-cell dark\">\n  \t\t  \t\t          <h2>\u00c9volution du logiciel<\/h2>\n        \t\t                          <div class=\"fade-in-delay text-cell-text\"><p>Financ\u00e9 dans le cadre du\u00a0<a href=\"https:\/\/www.canarie.ca\/fr\/logiciels\/\" target=\"_blank\" rel=\"noopener noreferrer\">programme Logiciels de recherche de CANARIE<\/a>, OpenPNM a d\u2019abord \u00e9t\u00e9 d\u00e9velopp\u00e9 et utilis\u00e9 pour v\u00e9rifier l\u2019efficacit\u00e9 des batteries destin\u00e9es aux v\u00e9hicules \u00e9lectriques. Depuis, il a trouv\u00e9 d\u2019autres applications dans une foule de domaines comme la prospection p\u00e9troli\u00e8re, la fabrication de piles \u00e0 combustible \u00e0 hydrog\u00e8ne et les usines de dessalement.<\/p>\n<\/div>\n                      <\/div>\n    <\/div>\n  <\/div>\n<\/section>\n\n\n\n\n\n<section class=\"section section--quick-links\">\n    <div class=\"grid-container\">\n      <div class=\"grid-x grid-padding-x\">\n        <div class=\"cell\">\n                  \t<h2>Ressources suppl\u00e9mentaires<\/h2>\n                                <div class=\"wp-block-buttons\">\n                \t\t\t\t  \t<a class=\"button wp-block-button__link\" href=\"https:\/\/www.canarie.ca\/wp-content\/uploads\/2021\/02\/OpenPNM-Fiche-dinformation.pdf\" target=\"_self\">Sp\u00e9cifications techniques et la fiche d\u2019information OpenPNM<\/a><br>\n    \t\t\t        \t\t\t\t  \t<a class=\"button wp-block-button__link\" href=\"http:\/\/openpnm.org\/\" target=\"_blank\">Siteweb de OpenPNM<\/a><br>\n    \t\t\t        \t\t\t  <\/div>\n    \t\t\t          <\/div>\n      <\/div>\n    <\/div>\n  <\/section>","protected":false},"excerpt":{"rendered":"","protected":false},"author":2,"featured_media":0,"parent":7545,"menu_order":0,"comment_status":"closed","ping_status":"closed","template":"","meta":{"_acf_changed":false,"footnotes":""},"class_list":["post-10639","page","type-page","status-publish","hentry"],"acf":[],"yoast_head":"<!-- This site is optimized with the Yoast SEO plugin v27.4 - https:\/\/yoast.com\/product\/yoast-seo-wordpress\/ -->\n<title>OpenPNM - CANARIE<\/title>\n<meta name=\"robots\" content=\"index, follow, max-snippet:-1, max-image-preview:large, max-video-preview:-1\" \/>\n<link rel=\"canonical\" href=\"https:\/\/www.canarie.ca\/fr\/logiciels\/plateformes\/openpnm\/\" \/>\n<meta property=\"og:locale\" content=\"fr_FR\" \/>\n<meta property=\"og:type\" content=\"article\" \/>\n<meta property=\"og:title\" content=\"OpenPNM - CANARIE\" \/>\n<meta property=\"og:url\" content=\"https:\/\/www.canarie.ca\/fr\/logiciels\/plateformes\/openpnm\/\" \/>\n<meta property=\"og:site_name\" content=\"CANARIE\" \/>\n<meta property=\"article:modified_time\" content=\"2021-03-18T15:27:17+00:00\" \/>\n<meta name=\"twitter:card\" content=\"summary_large_image\" \/>\n<script type=\"application\/ld+json\" class=\"yoast-schema-graph\">{\"@context\":\"https:\\\/\\\/schema.org\",\"@graph\":[{\"@type\":\"WebPage\",\"@id\":\"https:\\\/\\\/www.canarie.ca\\\/fr\\\/logiciels\\\/plateformes\\\/openpnm\\\/\",\"url\":\"https:\\\/\\\/www.canarie.ca\\\/fr\\\/logiciels\\\/plateformes\\\/openpnm\\\/\",\"name\":\"OpenPNM - CANARIE\",\"isPartOf\":{\"@id\":\"https:\\\/\\\/www.canarie.ca\\\/#website\"},\"datePublished\":\"2021-01-22T18:12:47+00:00\",\"dateModified\":\"2021-03-18T15:27:17+00:00\",\"breadcrumb\":{\"@id\":\"https:\\\/\\\/www.canarie.ca\\\/fr\\\/logiciels\\\/plateformes\\\/openpnm\\\/#breadcrumb\"},\"inLanguage\":\"fr-FR\",\"potentialAction\":[{\"@type\":\"ReadAction\",\"target\":[\"https:\\\/\\\/www.canarie.ca\\\/fr\\\/logiciels\\\/plateformes\\\/openpnm\\\/\"]}]},{\"@type\":\"BreadcrumbList\",\"@id\":\"https:\\\/\\\/www.canarie.ca\\\/fr\\\/logiciels\\\/plateformes\\\/openpnm\\\/#breadcrumb\",\"itemListElement\":[{\"@type\":\"ListItem\",\"position\":1,\"name\":\"Accueil\",\"item\":\"https:\\\/\\\/www.canarie.ca\\\/fr\\\/\"},{\"@type\":\"ListItem\",\"position\":2,\"name\":\"Logiciels de recherche\",\"item\":\"https:\\\/\\\/www.canarie.ca\\\/fr\\\/logiciels\\\/\"},{\"@type\":\"ListItem\",\"position\":3,\"name\":\"Plateformes de recherche subventionn\u00e9es\",\"item\":\"https:\\\/\\\/www.canarie.ca\\\/fr\\\/logiciels\\\/plateformes\\\/\"},{\"@type\":\"ListItem\",\"position\":4,\"name\":\"OpenPNM\"}]},{\"@type\":\"WebSite\",\"@id\":\"https:\\\/\\\/www.canarie.ca\\\/#website\",\"url\":\"https:\\\/\\\/www.canarie.ca\\\/\",\"name\":\"CANARIE\",\"description\":\"\",\"potentialAction\":[{\"@type\":\"SearchAction\",\"target\":{\"@type\":\"EntryPoint\",\"urlTemplate\":\"https:\\\/\\\/www.canarie.ca\\\/?s={search_term_string}\"},\"query-input\":{\"@type\":\"PropertyValueSpecification\",\"valueRequired\":true,\"valueName\":\"search_term_string\"}}],\"inLanguage\":\"fr-FR\"}]}<\/script>\n<!-- \/ Yoast SEO plugin. -->","yoast_head_json":{"title":"OpenPNM - CANARIE","robots":{"index":"index","follow":"follow","max-snippet":"max-snippet:-1","max-image-preview":"max-image-preview:large","max-video-preview":"max-video-preview:-1"},"canonical":"https:\/\/www.canarie.ca\/fr\/logiciels\/plateformes\/openpnm\/","og_locale":"fr_FR","og_type":"article","og_title":"OpenPNM - CANARIE","og_url":"https:\/\/www.canarie.ca\/fr\/logiciels\/plateformes\/openpnm\/","og_site_name":"CANARIE","article_modified_time":"2021-03-18T15:27:17+00:00","twitter_card":"summary_large_image","schema":{"@context":"https:\/\/schema.org","@graph":[{"@type":"WebPage","@id":"https:\/\/www.canarie.ca\/fr\/logiciels\/plateformes\/openpnm\/","url":"https:\/\/www.canarie.ca\/fr\/logiciels\/plateformes\/openpnm\/","name":"OpenPNM - CANARIE","isPartOf":{"@id":"https:\/\/www.canarie.ca\/#website"},"datePublished":"2021-01-22T18:12:47+00:00","dateModified":"2021-03-18T15:27:17+00:00","breadcrumb":{"@id":"https:\/\/www.canarie.ca\/fr\/logiciels\/plateformes\/openpnm\/#breadcrumb"},"inLanguage":"fr-FR","potentialAction":[{"@type":"ReadAction","target":["https:\/\/www.canarie.ca\/fr\/logiciels\/plateformes\/openpnm\/"]}]},{"@type":"BreadcrumbList","@id":"https:\/\/www.canarie.ca\/fr\/logiciels\/plateformes\/openpnm\/#breadcrumb","itemListElement":[{"@type":"ListItem","position":1,"name":"Accueil","item":"https:\/\/www.canarie.ca\/fr\/"},{"@type":"ListItem","position":2,"name":"Logiciels de recherche","item":"https:\/\/www.canarie.ca\/fr\/logiciels\/"},{"@type":"ListItem","position":3,"name":"Plateformes de recherche subventionn\u00e9es","item":"https:\/\/www.canarie.ca\/fr\/logiciels\/plateformes\/"},{"@type":"ListItem","position":4,"name":"OpenPNM"}]},{"@type":"WebSite","@id":"https:\/\/www.canarie.ca\/#website","url":"https:\/\/www.canarie.ca\/","name":"CANARIE","description":"","potentialAction":[{"@type":"SearchAction","target":{"@type":"EntryPoint","urlTemplate":"https:\/\/www.canarie.ca\/?s={search_term_string}"},"query-input":{"@type":"PropertyValueSpecification","valueRequired":true,"valueName":"search_term_string"}}],"inLanguage":"fr-FR"}]}},"_links":{"self":[{"href":"https:\/\/www.canarie.ca\/fr\/wp-json\/wp\/v2\/pages\/10639","targetHints":{"allow":["GET"]}}],"collection":[{"href":"https:\/\/www.canarie.ca\/fr\/wp-json\/wp\/v2\/pages"}],"about":[{"href":"https:\/\/www.canarie.ca\/fr\/wp-json\/wp\/v2\/types\/page"}],"author":[{"embeddable":true,"href":"https:\/\/www.canarie.ca\/fr\/wp-json\/wp\/v2\/users\/2"}],"replies":[{"embeddable":true,"href":"https:\/\/www.canarie.ca\/fr\/wp-json\/wp\/v2\/comments?post=10639"}],"version-history":[{"count":0,"href":"https:\/\/www.canarie.ca\/fr\/wp-json\/wp\/v2\/pages\/10639\/revisions"}],"up":[{"embeddable":true,"href":"https:\/\/www.canarie.ca\/fr\/wp-json\/wp\/v2\/pages\/7545"}],"wp:attachment":[{"href":"https:\/\/www.canarie.ca\/fr\/wp-json\/wp\/v2\/media?parent=10639"}],"curies":[{"name":"wp","href":"https:\/\/api.w.org\/{rel}","templated":true}]}}