{"id":10643,"date":"2021-01-22T12:01:14","date_gmt":"2021-01-22T17:01:14","guid":{"rendered":"https:\/\/canarie.machinedev.ca\/logiciels\/platforms\/ireceptor\/"},"modified":"2021-03-18T16:18:32","modified_gmt":"2021-03-18T20:18:32","slug":"ireceptor","status":"publish","type":"page","link":"https:\/\/www.canarie.ca\/fr\/logiciels\/plateformes\/ireceptor\/","title":{"rendered":"iReceptor"},"content":{"rendered":"\n\n<section class=\"section section--text-with-image  alignfull container squares-right\">\n  <svg version=\"1.1\" class=\"animated-square-graphic\" xmlns=\"http:\/\/www.w3.org\/2000\/svg\" xmlns:xlink=\"http:\/\/www.w3.org\/1999\/xlink\" x=\"0px\" y=\"0px\"\n\t viewBox=\"0 0 1084.85 1080\" style=\"enable-background:new 0 0 1084.85 1080;\" xml:space=\"preserve\">\n<style type=\"text\/css\">\n\t.st0{opacity:0.51;fill:#FEFEFE;}\n\t.st1{fill:#F4F4F5;}\n\t.st2{fill:#58C3D2;}\n\t.st3{fill:#E90D0B;}\n\t.st4{fill:#393D3F;}\n<\/style>\n<g>\n\t<path class=\"st0\" d=\"M275.09,0c0,20.92,0.02,41.84-0.04,62.75c-0.01,1.9,0.82,4.06-1.04,5.66c-1.33-1.48-1.49-3.32-1.5-5.17\n\t\tc-0.07-19.54-0.1-39.07,0.02-58.61c0.01-1,0.15-2,0.5-2.95c0.27-0.62,0.62-1.18,1.06-1.68C274.42,0,274.76,0,275.09,0z\"\/>\n\t<path class=\"st0\" d=\"M270.93,134.87c0,0.67,0,1.34,0,2.01c-1.96-0.21-3.39-1.13-2.71-3.24c0.6-1.87,2.15-2.92,4.31-2.71\n\t\tc21.9,2.09,43.85,0.35,65.77,0.92c-0.01,0.67-0.01,1.34-0.02,2.01c-1.73,0.94-3.6,0.46-5.4,0.47c-19.36,0.04-38.73,0.02-58.09,0.04\n\t\tC273.5,134.36,272.11,133.88,270.93,134.87z\"\/>\n\t<path class=\"st0\" d=\"M67.6,132.85c-0.22,2.23,0.79,3.24,3.02,3.02c-0.21,1.56-0.6,3.05-2.65,2.59c-1.53-0.34-2.62-1.44-2.96-2.96\n\t\tC64.55,133.46,66.04,133.06,67.6,132.85z\"\/>\n\t<path class=\"st0\" d=\"M270.93,134.87c0.15-0.9,0.44-1.31,1.6-1.31c21.92,0.15,43.84,0.21,65.76,0.29c-1.46,1.71-3.44,0.97-5.18,0.97\n\t\tC312.38,134.88,291.66,134.87,270.93,134.87z\"\/>\n\t<rect x=\"71.76\" y=\"67.43\" class=\"st1\" width=\"67.44\" height=\"67.44\"\/>\n\t<rect x=\"206.62\" class=\"st2\" width=\"67.44\" height=\"67.44\"\/>\n\t<rect x=\"410.45\" class=\"st2\" width=\"67.44\" height=\"67.44\"\/>\n\t<rect x=\"343.11\" y=\"67.73\" class=\"st2\" width=\"67.44\" height=\"67.44\"\/>\n\t<rect x=\"544.46\" y=\"0.06\" class=\"st1\" width=\"67.44\" height=\"67.44\"\/>\n\t<rect x=\"680.21\" class=\"st1\" width=\"67.44\" height=\"67.44\"\/>\n\t<rect x=\"815.09\" class=\"st1\" width=\"67.44\" height=\"67.44\"\/>\n\t<rect x=\"949.97\" class=\"st2\" width=\"67.44\" height=\"67.44\"\/>\n\t<rect x=\"477.89\" y=\"67.73\" class=\"st3\" width=\"67.44\" height=\"67.44\"\/>\n\t<rect x=\"612.77\" y=\"67.73\" class=\"st2\" width=\"67.44\" height=\"67.44\"\/>\n\t<rect x=\"747.65\" y=\"67.73\" class=\"st4\" width=\"67.44\" height=\"67.44\"\/>\n\t<rect x=\"882.53\" y=\"67.83\" class=\"st1\" width=\"67.44\" height=\"67.44\"\/>\n\t<rect x=\"1017.41\" y=\"67.73\" class=\"st2\" width=\"67.44\" height=\"67.44\"\/>\n\t<rect x=\"1017.41\" y=\"203.13\" class=\"st2\" width=\"67.44\" height=\"67.44\"\/>\n\t<rect x=\"275.67\" y=\"135.45\" class=\"st1\" width=\"67.44\" height=\"67.44\"\/>\n\t<rect x=\"208.23\" y=\"202.81\" class=\"st3\" width=\"67.44\" height=\"67.44\"\/>\n\t<rect x=\"1.8\" y=\"202.81\" class=\"st1\" width=\"67.44\" height=\"67.44\"\/>\n\t<rect x=\"69.24\" y=\"270.83\" class=\"st2\" width=\"67.44\" height=\"67.44\"\/>\n\t<rect x=\"410.55\" y=\"270.57\" class=\"st1\" width=\"67.44\" height=\"67.44\"\/>\n\t<rect x=\"545.43\" y=\"270.57\" class=\"st1\" width=\"67.44\" height=\"67.44\"\/>\n\t<rect x=\"680.44\" y=\"270.57\" class=\"st2\" width=\"67.44\" height=\"67.44\"\/>\n\t<rect x=\"815.3\" y=\"270.57\" class=\"st1\" width=\"67.44\" height=\"67.44\"\/>\n\t<rect x=\"950.11\" y=\"270.57\" class=\"st2\" width=\"67.44\" height=\"67.44\"\/>\n\t<rect x=\"1017.41\" y=\"270.57\" class=\"st4\" width=\"67.44\" height=\"67.44\"\/>\n\t<rect x=\"1017.41\" y=\"338.01\" class=\"st2\" width=\"67.44\" height=\"67.44\"\/>\n\t<rect x=\"882.5\" y=\"338.16\" class=\"st2\" width=\"67.44\" height=\"67.44\"\/>\n\t<rect x=\"747.86\" y=\"338.16\" class=\"st1\" width=\"67.44\" height=\"67.44\"\/>\n\t<rect x=\"612.87\" y=\"338.16\" class=\"st2\" width=\"67.44\" height=\"67.44\"\/>\n\t<rect x=\"271.44\" y=\"338.01\" class=\"st1\" width=\"67.44\" height=\"67.44\"\/>\n\t<rect x=\"136.7\" y=\"405.75\" class=\"st3\" width=\"67.44\" height=\"67.44\"\/>\n\t<rect x=\"407.3\" y=\"405.6\" class=\"st3\" width=\"67.44\" height=\"67.44\"\/>\n\t<rect x=\"815.06\" y=\"405.6\" class=\"st2\" width=\"67.44\" height=\"67.44\"\/>\n\t<rect x=\"950.11\" y=\"405.6\" class=\"st1\" width=\"67.44\" height=\"67.44\"\/>\n\t<rect x=\"1017.41\" y=\"473.04\" class=\"st1\" width=\"67.44\" height=\"67.44\"\/>\n\t<rect x=\"882.5\" y=\"473.04\" class=\"st1\" width=\"67.44\" height=\"67.44\"\/>\n\t<rect x=\"747.62\" y=\"473.04\" class=\"st1\" width=\"67.44\" height=\"67.44\"\/>\n\t<rect x=\"611.17\" y=\"473.04\" class=\"st4\" width=\"67.44\" height=\"67.44\"\/>\n\t<rect y=\"475.55\" class=\"st1\" width=\"67.44\" height=\"67.44\"\/>\n\t<rect x=\"410.55\" y=\"135.45\" class=\"st4\" width=\"67.44\" height=\"67.44\"\/>\n\t<rect x=\"680.42\" y=\"135.17\" class=\"st1\" width=\"67.44\" height=\"67.44\"\/>\n\t<rect x=\"815.23\" y=\"135.36\" class=\"st1\" width=\"67.44\" height=\"67.44\"\/>\n\t<rect x=\"950.12\" y=\"135.36\" class=\"st4\" width=\"67.44\" height=\"67.44\"\/>\n\t<rect x=\"343.11\" y=\"202.81\" class=\"st3\" width=\"67.44\" height=\"67.44\"\/>\n\t<rect x=\"477.99\" y=\"202.81\" class=\"st2\" width=\"67.44\" height=\"67.44\"\/>\n\t<rect x=\"613\" y=\"202.81\" class=\"st4\" width=\"67.44\" height=\"67.44\"\/>\n\t<rect x=\"747.86\" y=\"202.74\" class=\"st2\" width=\"67.44\" height=\"67.44\"\/>\n\t<rect x=\"882.67\" y=\"202.8\" class=\"st2\" width=\"67.44\" height=\"67.44\"\/>\n\t<rect x=\"950.08\" y=\"540.48\" class=\"st2\" width=\"67.44\" height=\"67.44\"\/>\n\t<rect x=\"815.06\" y=\"540.48\" class=\"st2\" width=\"67.44\" height=\"67.44\"\/>\n\t<rect x=\"1017.41\" y=\"607.92\" class=\"st2\" width=\"67.44\" height=\"67.44\"\/>\n\t<rect x=\"882.44\" y=\"607.92\" class=\"st4\" width=\"67.44\" height=\"67.44\"\/>\n\t<rect x=\"747.62\" y=\"607.92\" class=\"st4\" width=\"67.44\" height=\"67.44\"\/>\n\t<rect x=\"950.06\" y=\"675.36\" class=\"st1\" width=\"67.44\" height=\"67.44\"\/>\n\t<rect x=\"815\" y=\"675.36\" class=\"st2\" width=\"67.44\" height=\"67.44\"\/>\n\t<rect x=\"680.18\" y=\"675.36\" class=\"st2\" width=\"67.44\" height=\"67.44\"\/>\n\t<rect x=\"882.7\" y=\"742.8\" class=\"st1\" width=\"67.44\" height=\"67.44\"\/>\n\t<rect x=\"1017.41\" y=\"742.8\" class=\"st2\" width=\"67.44\" height=\"67.44\"\/>\n\t<rect x=\"1017.41\" y=\"810.24\" class=\"st1\" width=\"67.44\" height=\"67.44\"\/>\n\t<rect x=\"950.06\" y=\"810.24\" class=\"st2\" width=\"67.44\" height=\"67.44\"\/>\n\t<rect x=\"950.06\" y=\"877.68\" class=\"st3\" width=\"67.44\" height=\"67.44\"\/>\n\t<rect x=\"882.62\" y=\"877.68\" class=\"st2\" width=\"67.44\" height=\"67.44\"\/>\n\t<rect x=\"747.66\" y=\"877.68\" class=\"st3\" width=\"67.44\" height=\"67.44\"\/>\n\t<rect x=\"680.22\" y=\"877.68\" class=\"st1\" width=\"67.44\" height=\"67.44\"\/>\n\t<rect x=\"815.06\" y=\"945.12\" class=\"st4\" width=\"67.44\" height=\"67.44\"\/>\n\t<rect x=\"747.66\" y=\"945.12\" class=\"st2\" width=\"67.44\" height=\"67.44\"\/>\n\t<rect x=\"1017.5\" y=\"945.12\" class=\"st4\" width=\"67.44\" height=\"67.44\"\/>\n\t<rect x=\"950.06\" y=\"945.12\" class=\"st2\" width=\"67.44\" height=\"67.44\"\/>\n\t<rect x=\"882.5\" y=\"1012.56\" class=\"st4\" width=\"67.44\" height=\"67.44\"\/>\n\t<rect x=\"1017.5\" y=\"1012.56\" class=\"st2\" width=\"67.44\" height=\"67.44\"\/>\n\t<rect x=\"545.3\" y=\"1012.56\" class=\"st4\" width=\"67.44\" height=\"67.44\"\/>\n\t<rect x=\"407.54\" y=\"1012.56\" class=\"st2\" width=\"67.44\" height=\"67.44\"\/>\n\t<rect x=\"815.06\" y=\"1012.56\" class=\"st2\" width=\"67.44\" height=\"67.44\"\/>\n\t<rect x=\"747.66\" y=\"1012.56\" class=\"st3\" width=\"67.44\" height=\"67.44\"\/>\n\t<rect x=\"680.18\" y=\"1012.56\" class=\"st2\" width=\"67.44\" height=\"67.44\"\/>\n\t<rect x=\"747.62\" y=\"742.8\" class=\"st2\" width=\"67.44\" height=\"67.44\"\/>\n\t<rect x=\"612.74\" y=\"742.8\" class=\"st4\" width=\"67.44\" height=\"67.44\"\/>\n\t<rect x=\"545.3\" y=\"877.68\" class=\"st2\" width=\"67.44\" height=\"67.44\"\/>\n\t<rect x=\"612.74\" y=\"945.12\" class=\"st4\" width=\"67.44\" height=\"67.44\"\/>\n<\/g>\n<\/svg>\n  <div class=\"grid-container simple-fade\">\n    <div class=\"grid-x grid-padding-x align-middle\">\n      <div class=\"cell medium-5 medium-order-2\">\n\t\t  \t\t\t  <img decoding=\"async\" src=\"https:\/\/www.canarie.ca\/wp-content\/uploads\/2021\/01\/shutterstock_3061235421.png\" alt=\"\">\n\t\t        <\/div>\n      <div class=\"cell medium-7 medium-order-1 text-left text-cell \">\n  \t\t  \t\t          <h1 class=\"cssanimation leFadeIn\">iReceptor<\/h1>\n  \t\t  \t\t                              <\/div>\n    <\/div>\n  <\/div>\n<\/section>\n\n\n\n\n\n<section class=\"section section--text-columns no-background\">\n    <div class=\"grid-container\">\n      <div class=\"grid-x grid-padding-x\">\n        <div class=\"cell\">\n                  \t<h3>\u00c9lucider les myst\u00e8res du syst\u00e8me immun en s\u00e9quen\u00e7ant des millions de mol\u00e9cules \u00e0 la fois.<\/h3>\n                    <p><strong>Simon Fraser University<\/strong><\/p>\n<p>Une multitude de laboratoires universitaires, d\u2019instituts de recherche en biom\u00e9decine et de soci\u00e9t\u00e9s pharmaceutiques multiplient leurs efforts afin de mieux comprendre les maladies infectieuses et les affections auto-immunes tels le sida, la scl\u00e9rose en plaques et le lupus. Il y a cinq ou six ans, les chercheurs r\u00e9ussissaient \u00e0 s\u00e9quencer quelques centaines de mol\u00e9cules du syst\u00e8me immunitaire humain (les anticorps, par exemple). Aujourd\u2019hui, ils les s\u00e9quencent par dizaines de millions.<\/p>\n<p>Les donn\u00e9es issues de cette deuxi\u00e8me vague de \u00ab s\u00e9quen\u00e7age en profondeur \u00bb exposent les rouages de la \u00ab bo\u00eete noire \u00bb qu\u2019est le syst\u00e8me immun en d\u00e9voilant sa structure et en illustrant comment, pourquoi et quand l\u2019organisme r\u00e9agit \u00e0 telle ou telle maladie. Pareils travaux jouent un r\u00f4le capital non seulement dans l\u2019\u00e9tude des maladies auto-immunes, mais aussi dans l\u2019\u00e9laboration des techniques m\u00e9dicales qui fortifient ou activent le syst\u00e8me immunitaire comme les vaccins, les anticorps th\u00e9rapeutiques et les immunoth\u00e9rapies contre le cancer, pour ne nommer qu\u2019eux. Toutefois, en raison de leur volume, entreposer, organiser et analyser ces donn\u00e9es est vite devenu un calvaire.<\/p>\n                  <\/div>\n      <\/div>\n    <\/div>\n  <\/section>\n\n\n<section class=\"section section--banner simple-fade dark-blue alignfull\">\n  <div class=\"grid-container text-center\">\n  \t\t  \t\t  \t  <div class=\"large\"><p>Cette base de donn\u00e9es r\u00e9partie mais s\u00e9curis\u00e9e permet aux scientifiques de partager et d\u2019analyser les jeux de donn\u00e9es massifs.<\/p>\n<\/div>\n\t  \t  \t\t  <\/div>\n<\/section>\n\n\n\n<section class=\"section section--text-columns no-background\">\n    <div class=\"grid-container\">\n      <div class=\"grid-x grid-padding-x\">\n        <div class=\"cell\">\n                  \t<h3>M\u00e9tadonn\u00e9es et s\u00e9curit\u00e9<\/h3>\n                    <p>Pour faciliter les \u00e9tudes en immunog\u00e9n\u00e9tique, des chercheurs de l\u2019Universit\u00e9 Simon Fraser ont imagin\u00e9 une Plateforme de logiciels de recherche baptis\u00e9e iReceptor. Cette base de donn\u00e9es r\u00e9partie mais s\u00e9curis\u00e9e permet aux scientifiques de partager et d\u2019analyser les jeux de donn\u00e9es massifs. Ce qui la rend particuli\u00e8rement int\u00e9ressante est qu\u2019elle englobe les m\u00e9tadonn\u00e9es (le sexe, l\u2019origine ethnique, le traitement et son issue, par exemple), si bien que les chercheurs discernent mieux ce qui d\u00e9clenche ou inhibe certains g\u00e8nes du syst\u00e8me immun.<\/p>\n<p>Pour que les informations sur le patient restent confidentielles tout en optimisant leur utilit\u00e9 pour la recherche, iReceptor autorise la consultation des donn\u00e9es \u00e0 divers niveaux. Dans chaque soci\u00e9t\u00e9, laboratoire ou institut participant, un intendant contr\u00f4le l\u2019acc\u00e8s aux donn\u00e9es individuelles de fa\u00e7on \u00e0 garantir la plus stricte confidentialit\u00e9, conform\u00e9ment aux ententes locales de d\u00e9ontologie ou de protection des renseignements personnels.<\/p>\n<p>Les chercheurs tirent \u00e9norm\u00e9ment d\u2019avantages de la structure r\u00e9partie qu\u2019autorise iReceptor. En effet, auparavant, les craintes relatives \u00e0 la confidentialit\u00e9 interdisaient le marquage de la plupart des donn\u00e9es de recherche en immunog\u00e9n\u00e9tique avec des m\u00e9tadonn\u00e9es, ce qui ralentissait consid\u00e9rablement l\u2019\u00e9lucidation des conditions m\u00e9dicales, en pr\u00e9sumant qu\u2019elle soit possible. Le manque d\u2019\u00e9chantillons de taille appropri\u00e9e constituait aussi une entrave pour la recherche. En rassemblant des donn\u00e9es \u00e9parses de fa\u00e7on s\u00e9curitaire, iReceptor permet aux chercheurs d\u2019aborder une maladie sous divers angles et de faire ressortir les d\u00e9faillances du syst\u00e8me immunitaire de m\u00eame que les traitements cliniques susceptibles de s\u2019appliquer aussi bien \u00e0 des conditions rares qu\u2019\u00e0 des maladies banales.<\/p>\n                  <\/div>\n      <\/div>\n    <\/div>\n  <\/section>\n\n\n<section class=\"section section--text-columns no-background\">\n    <div class=\"grid-container\">\n      <div class=\"grid-x grid-padding-x\">\n        <div class=\"cell\">\n                  \t<h3>Contenu canadien<\/h3>\n                    <p>Menant l\u2019assaut en vue de la cr\u00e9ation d\u2019une base de donn\u00e9es publiquement accessible figurent les chercheurs de l\u2019Universit\u00e9 Simon Fraser avec leurs coll\u00e8gues de l\u2019Universit\u00e9 de Toronto et du Michael Smith Genome Sciences Centre, dans un r\u00f4le non moins important au niveau du contr\u00f4le de la qualit\u00e9. L\u2019\u00e9quipe d\u2019iReceptor s\u2019efforce aussi de coordonner leurs efforts \u00e0 ceux d\u00e9ploy\u00e9s \u00e0 l\u2019\u00e9tranger, entre autres avec VDJServer, au Southwest Medical Center de l\u2019Universit\u00e9 du Texas, et les d\u00e9p\u00f4ts de donn\u00e9es en g\u00e9nomique du NIH comme dbGap et SRA. L\u2019initiative non seulement entra\u00eenera une hausse de la taille des \u00e9chantillons, mais aidera la collectivit\u00e9 mondiale des immunog\u00e9n\u00e9ticiens dans sa qu\u00eate pour de nouveaux vaccins, anticorps th\u00e9rapeutiques et traitements contre le cancer.<\/p>\n<p>Outre la plateforme proprement dite, l\u2019\u00e9quipe a mis \u00e0 la disposition des autres chercheurs quatre services logiciels int\u00e9gr\u00e9s \u00e0 iReceptor par le biais du Registre de CANARIE, y compris la base de donn\u00e9es mod\u00e8le et l\u2019interface Web. Les chercheurs peuvent r\u00e9utiliser ces logiciels librement pour r\u00e9aliser d\u2019autres d\u00e9couvertes en sant\u00e9 publique.<\/p>\n                  <\/div>\n      <\/div>\n    <\/div>\n  <\/section>\n\n\n<section class=\"section section--text-columns no-background\">\n    <div class=\"grid-container\">\n      <div class=\"grid-x grid-padding-x\">\n        <div class=\"cell\">\n          <div style=\"text-align: center;\">\n            <div class=\"large highlighted-text hand-text-center\">\n              <p>Le d\u00e9veloppement de la plateforme iReceptor\u00a0a \u00e9t\u00e9 rendu possible gr\u00e2ce aux fonds dispens\u00e9s par CANARIE dans le cadre de son programme Logiciels de recherche.<\/p>\n            <\/div>\n            <\/div>\n    \t\t\t<\/div>\n        <\/div>\n      <\/div>\n    <\/div>\n  <\/section>\n\n\n\n<section class=\"section section--quick-links\">\n    <div class=\"grid-container\">\n      <div class=\"grid-x grid-padding-x\">\n        <div class=\"cell\">\n                  \t<h2>Ressources suppl\u00e9mentaires<\/h2>\n                                <div class=\"wp-block-buttons\">\n                \t\t\t\t  \t<a class=\"button wp-block-button__link\" href=\"https:\/\/www.canarie.ca\/wp-content\/uploads\/2021\/02\/NEP-150-iReceptor-Fact-Sheet-f.pdf\" target=\"_self\">Sp\u00e9cifications techniques et la fiche d\u2019information de iReceptor<\/a><br>\n    \t\t\t        \t\t\t\t  \t<a class=\"button wp-block-button__link\" href=\"http:\/\/ireceptor.irmacs.sfu.ca\/\" target=\"_blank\">Site de web iReceptor<\/a><br>\n    \t\t\t        \t\t\t  <\/div>\n    \t\t\t          <\/div>\n      <\/div>\n    <\/div>\n  <\/section>","protected":false},"excerpt":{"rendered":"","protected":false},"author":2,"featured_media":0,"parent":7545,"menu_order":0,"comment_status":"closed","ping_status":"closed","template":"","meta":{"_acf_changed":false,"footnotes":""},"class_list":["post-10643","page","type-page","status-publish","hentry"],"acf":[],"yoast_head":"<!-- This site is optimized with the Yoast SEO plugin v27.4 - https:\/\/yoast.com\/product\/yoast-seo-wordpress\/ -->\n<title>iReceptor - CANARIE<\/title>\n<meta name=\"robots\" content=\"index, follow, max-snippet:-1, max-image-preview:large, max-video-preview:-1\" \/>\n<link rel=\"canonical\" href=\"https:\/\/www.canarie.ca\/fr\/logiciels\/plateformes\/ireceptor\/\" \/>\n<meta property=\"og:locale\" content=\"fr_FR\" \/>\n<meta property=\"og:type\" content=\"article\" \/>\n<meta property=\"og:title\" content=\"iReceptor - CANARIE\" \/>\n<meta property=\"og:url\" content=\"https:\/\/www.canarie.ca\/fr\/logiciels\/plateformes\/ireceptor\/\" \/>\n<meta property=\"og:site_name\" content=\"CANARIE\" \/>\n<meta property=\"article:modified_time\" content=\"2021-03-18T20:18:32+00:00\" \/>\n<meta name=\"twitter:card\" content=\"summary_large_image\" \/>\n<script type=\"application\/ld+json\" class=\"yoast-schema-graph\">{\"@context\":\"https:\\\/\\\/schema.org\",\"@graph\":[{\"@type\":\"WebPage\",\"@id\":\"https:\\\/\\\/www.canarie.ca\\\/fr\\\/logiciels\\\/plateformes\\\/ireceptor\\\/\",\"url\":\"https:\\\/\\\/www.canarie.ca\\\/fr\\\/logiciels\\\/plateformes\\\/ireceptor\\\/\",\"name\":\"iReceptor - CANARIE\",\"isPartOf\":{\"@id\":\"https:\\\/\\\/www.canarie.ca\\\/#website\"},\"datePublished\":\"2021-01-22T17:01:14+00:00\",\"dateModified\":\"2021-03-18T20:18:32+00:00\",\"breadcrumb\":{\"@id\":\"https:\\\/\\\/www.canarie.ca\\\/fr\\\/logiciels\\\/plateformes\\\/ireceptor\\\/#breadcrumb\"},\"inLanguage\":\"fr-FR\",\"potentialAction\":[{\"@type\":\"ReadAction\",\"target\":[\"https:\\\/\\\/www.canarie.ca\\\/fr\\\/logiciels\\\/plateformes\\\/ireceptor\\\/\"]}]},{\"@type\":\"BreadcrumbList\",\"@id\":\"https:\\\/\\\/www.canarie.ca\\\/fr\\\/logiciels\\\/plateformes\\\/ireceptor\\\/#breadcrumb\",\"itemListElement\":[{\"@type\":\"ListItem\",\"position\":1,\"name\":\"Accueil\",\"item\":\"https:\\\/\\\/www.canarie.ca\\\/fr\\\/\"},{\"@type\":\"ListItem\",\"position\":2,\"name\":\"Logiciels de recherche\",\"item\":\"https:\\\/\\\/www.canarie.ca\\\/fr\\\/logiciels\\\/\"},{\"@type\":\"ListItem\",\"position\":3,\"name\":\"Plateformes de recherche subventionn\u00e9es\",\"item\":\"https:\\\/\\\/www.canarie.ca\\\/fr\\\/logiciels\\\/plateformes\\\/\"},{\"@type\":\"ListItem\",\"position\":4,\"name\":\"iReceptor\"}]},{\"@type\":\"WebSite\",\"@id\":\"https:\\\/\\\/www.canarie.ca\\\/#website\",\"url\":\"https:\\\/\\\/www.canarie.ca\\\/\",\"name\":\"CANARIE\",\"description\":\"\",\"potentialAction\":[{\"@type\":\"SearchAction\",\"target\":{\"@type\":\"EntryPoint\",\"urlTemplate\":\"https:\\\/\\\/www.canarie.ca\\\/?s={search_term_string}\"},\"query-input\":{\"@type\":\"PropertyValueSpecification\",\"valueRequired\":true,\"valueName\":\"search_term_string\"}}],\"inLanguage\":\"fr-FR\"}]}<\/script>\n<!-- \/ Yoast SEO plugin. -->","yoast_head_json":{"title":"iReceptor - CANARIE","robots":{"index":"index","follow":"follow","max-snippet":"max-snippet:-1","max-image-preview":"max-image-preview:large","max-video-preview":"max-video-preview:-1"},"canonical":"https:\/\/www.canarie.ca\/fr\/logiciels\/plateformes\/ireceptor\/","og_locale":"fr_FR","og_type":"article","og_title":"iReceptor - CANARIE","og_url":"https:\/\/www.canarie.ca\/fr\/logiciels\/plateformes\/ireceptor\/","og_site_name":"CANARIE","article_modified_time":"2021-03-18T20:18:32+00:00","twitter_card":"summary_large_image","schema":{"@context":"https:\/\/schema.org","@graph":[{"@type":"WebPage","@id":"https:\/\/www.canarie.ca\/fr\/logiciels\/plateformes\/ireceptor\/","url":"https:\/\/www.canarie.ca\/fr\/logiciels\/plateformes\/ireceptor\/","name":"iReceptor - CANARIE","isPartOf":{"@id":"https:\/\/www.canarie.ca\/#website"},"datePublished":"2021-01-22T17:01:14+00:00","dateModified":"2021-03-18T20:18:32+00:00","breadcrumb":{"@id":"https:\/\/www.canarie.ca\/fr\/logiciels\/plateformes\/ireceptor\/#breadcrumb"},"inLanguage":"fr-FR","potentialAction":[{"@type":"ReadAction","target":["https:\/\/www.canarie.ca\/fr\/logiciels\/plateformes\/ireceptor\/"]}]},{"@type":"BreadcrumbList","@id":"https:\/\/www.canarie.ca\/fr\/logiciels\/plateformes\/ireceptor\/#breadcrumb","itemListElement":[{"@type":"ListItem","position":1,"name":"Accueil","item":"https:\/\/www.canarie.ca\/fr\/"},{"@type":"ListItem","position":2,"name":"Logiciels de recherche","item":"https:\/\/www.canarie.ca\/fr\/logiciels\/"},{"@type":"ListItem","position":3,"name":"Plateformes de recherche subventionn\u00e9es","item":"https:\/\/www.canarie.ca\/fr\/logiciels\/plateformes\/"},{"@type":"ListItem","position":4,"name":"iReceptor"}]},{"@type":"WebSite","@id":"https:\/\/www.canarie.ca\/#website","url":"https:\/\/www.canarie.ca\/","name":"CANARIE","description":"","potentialAction":[{"@type":"SearchAction","target":{"@type":"EntryPoint","urlTemplate":"https:\/\/www.canarie.ca\/?s={search_term_string}"},"query-input":{"@type":"PropertyValueSpecification","valueRequired":true,"valueName":"search_term_string"}}],"inLanguage":"fr-FR"}]}},"_links":{"self":[{"href":"https:\/\/www.canarie.ca\/fr\/wp-json\/wp\/v2\/pages\/10643","targetHints":{"allow":["GET"]}}],"collection":[{"href":"https:\/\/www.canarie.ca\/fr\/wp-json\/wp\/v2\/pages"}],"about":[{"href":"https:\/\/www.canarie.ca\/fr\/wp-json\/wp\/v2\/types\/page"}],"author":[{"embeddable":true,"href":"https:\/\/www.canarie.ca\/fr\/wp-json\/wp\/v2\/users\/2"}],"replies":[{"embeddable":true,"href":"https:\/\/www.canarie.ca\/fr\/wp-json\/wp\/v2\/comments?post=10643"}],"version-history":[{"count":0,"href":"https:\/\/www.canarie.ca\/fr\/wp-json\/wp\/v2\/pages\/10643\/revisions"}],"up":[{"embeddable":true,"href":"https:\/\/www.canarie.ca\/fr\/wp-json\/wp\/v2\/pages\/7545"}],"wp:attachment":[{"href":"https:\/\/www.canarie.ca\/fr\/wp-json\/wp\/v2\/media?parent=10643"}],"curies":[{"name":"wp","href":"https:\/\/api.w.org\/{rel}","templated":true}]}}