{"id":10648,"date":"2021-01-22T11:38:12","date_gmt":"2021-01-22T16:38:12","guid":{"rendered":"https:\/\/canarie.machinedev.ca\/logiciels\/platforms\/cyberska\/"},"modified":"2021-03-18T15:27:12","modified_gmt":"2021-03-18T19:27:12","slug":"cyberska","status":"publish","type":"page","link":"https:\/\/www.canarie.ca\/fr\/logiciels\/plateformes\/cyberska\/","title":{"rendered":"CyberSKA"},"content":{"rendered":"\n\n<section class=\"section section--text-with-image  alignfull container squares-right\">\n  <svg version=\"1.1\" class=\"animated-square-graphic\" xmlns=\"http:\/\/www.w3.org\/2000\/svg\" xmlns:xlink=\"http:\/\/www.w3.org\/1999\/xlink\" x=\"0px\" y=\"0px\"\n\t viewBox=\"0 0 1084.85 1080\" style=\"enable-background:new 0 0 1084.85 1080;\" xml:space=\"preserve\">\n<style type=\"text\/css\">\n\t.st0{opacity:0.51;fill:#FEFEFE;}\n\t.st1{fill:#F4F4F5;}\n\t.st2{fill:#58C3D2;}\n\t.st3{fill:#E90D0B;}\n\t.st4{fill:#393D3F;}\n<\/style>\n<g>\n\t<path class=\"st0\" d=\"M275.09,0c0,20.92,0.02,41.84-0.04,62.75c-0.01,1.9,0.82,4.06-1.04,5.66c-1.33-1.48-1.49-3.32-1.5-5.17\n\t\tc-0.07-19.54-0.1-39.07,0.02-58.61c0.01-1,0.15-2,0.5-2.95c0.27-0.62,0.62-1.18,1.06-1.68C274.42,0,274.76,0,275.09,0z\"\/>\n\t<path class=\"st0\" d=\"M270.93,134.87c0,0.67,0,1.34,0,2.01c-1.96-0.21-3.39-1.13-2.71-3.24c0.6-1.87,2.15-2.92,4.31-2.71\n\t\tc21.9,2.09,43.85,0.35,65.77,0.92c-0.01,0.67-0.01,1.34-0.02,2.01c-1.73,0.94-3.6,0.46-5.4,0.47c-19.36,0.04-38.73,0.02-58.09,0.04\n\t\tC273.5,134.36,272.11,133.88,270.93,134.87z\"\/>\n\t<path class=\"st0\" d=\"M67.6,132.85c-0.22,2.23,0.79,3.24,3.02,3.02c-0.21,1.56-0.6,3.05-2.65,2.59c-1.53-0.34-2.62-1.44-2.96-2.96\n\t\tC64.55,133.46,66.04,133.06,67.6,132.85z\"\/>\n\t<path class=\"st0\" d=\"M270.93,134.87c0.15-0.9,0.44-1.31,1.6-1.31c21.92,0.15,43.84,0.21,65.76,0.29c-1.46,1.71-3.44,0.97-5.18,0.97\n\t\tC312.38,134.88,291.66,134.87,270.93,134.87z\"\/>\n\t<rect x=\"71.76\" y=\"67.43\" class=\"st1\" width=\"67.44\" height=\"67.44\"\/>\n\t<rect x=\"206.62\" class=\"st2\" width=\"67.44\" height=\"67.44\"\/>\n\t<rect x=\"410.45\" class=\"st2\" width=\"67.44\" height=\"67.44\"\/>\n\t<rect x=\"343.11\" y=\"67.73\" class=\"st2\" width=\"67.44\" height=\"67.44\"\/>\n\t<rect x=\"544.46\" y=\"0.06\" class=\"st1\" width=\"67.44\" height=\"67.44\"\/>\n\t<rect x=\"680.21\" class=\"st1\" width=\"67.44\" height=\"67.44\"\/>\n\t<rect x=\"815.09\" class=\"st1\" width=\"67.44\" height=\"67.44\"\/>\n\t<rect x=\"949.97\" class=\"st2\" width=\"67.44\" height=\"67.44\"\/>\n\t<rect x=\"477.89\" y=\"67.73\" class=\"st3\" width=\"67.44\" height=\"67.44\"\/>\n\t<rect x=\"612.77\" y=\"67.73\" class=\"st2\" width=\"67.44\" height=\"67.44\"\/>\n\t<rect x=\"747.65\" y=\"67.73\" class=\"st4\" width=\"67.44\" height=\"67.44\"\/>\n\t<rect x=\"882.53\" y=\"67.83\" class=\"st1\" width=\"67.44\" height=\"67.44\"\/>\n\t<rect x=\"1017.41\" y=\"67.73\" class=\"st2\" width=\"67.44\" height=\"67.44\"\/>\n\t<rect x=\"1017.41\" y=\"203.13\" class=\"st2\" width=\"67.44\" height=\"67.44\"\/>\n\t<rect x=\"275.67\" y=\"135.45\" class=\"st1\" width=\"67.44\" height=\"67.44\"\/>\n\t<rect x=\"208.23\" y=\"202.81\" class=\"st3\" width=\"67.44\" height=\"67.44\"\/>\n\t<rect x=\"1.8\" y=\"202.81\" class=\"st1\" width=\"67.44\" height=\"67.44\"\/>\n\t<rect x=\"69.24\" y=\"270.83\" class=\"st2\" width=\"67.44\" height=\"67.44\"\/>\n\t<rect x=\"410.55\" y=\"270.57\" class=\"st1\" width=\"67.44\" height=\"67.44\"\/>\n\t<rect x=\"545.43\" y=\"270.57\" class=\"st1\" width=\"67.44\" height=\"67.44\"\/>\n\t<rect x=\"680.44\" y=\"270.57\" class=\"st2\" width=\"67.44\" height=\"67.44\"\/>\n\t<rect x=\"815.3\" y=\"270.57\" class=\"st1\" width=\"67.44\" height=\"67.44\"\/>\n\t<rect x=\"950.11\" y=\"270.57\" class=\"st2\" width=\"67.44\" height=\"67.44\"\/>\n\t<rect x=\"1017.41\" y=\"270.57\" class=\"st4\" width=\"67.44\" height=\"67.44\"\/>\n\t<rect x=\"1017.41\" y=\"338.01\" class=\"st2\" width=\"67.44\" height=\"67.44\"\/>\n\t<rect x=\"882.5\" y=\"338.16\" class=\"st2\" width=\"67.44\" height=\"67.44\"\/>\n\t<rect x=\"747.86\" y=\"338.16\" class=\"st1\" width=\"67.44\" height=\"67.44\"\/>\n\t<rect x=\"612.87\" y=\"338.16\" class=\"st2\" width=\"67.44\" height=\"67.44\"\/>\n\t<rect x=\"271.44\" y=\"338.01\" class=\"st1\" width=\"67.44\" height=\"67.44\"\/>\n\t<rect x=\"136.7\" y=\"405.75\" class=\"st3\" width=\"67.44\" height=\"67.44\"\/>\n\t<rect x=\"407.3\" y=\"405.6\" class=\"st3\" width=\"67.44\" height=\"67.44\"\/>\n\t<rect x=\"815.06\" y=\"405.6\" class=\"st2\" width=\"67.44\" height=\"67.44\"\/>\n\t<rect x=\"950.11\" y=\"405.6\" class=\"st1\" width=\"67.44\" height=\"67.44\"\/>\n\t<rect x=\"1017.41\" y=\"473.04\" class=\"st1\" width=\"67.44\" height=\"67.44\"\/>\n\t<rect x=\"882.5\" y=\"473.04\" class=\"st1\" width=\"67.44\" height=\"67.44\"\/>\n\t<rect x=\"747.62\" y=\"473.04\" class=\"st1\" width=\"67.44\" height=\"67.44\"\/>\n\t<rect x=\"611.17\" y=\"473.04\" class=\"st4\" width=\"67.44\" height=\"67.44\"\/>\n\t<rect y=\"475.55\" class=\"st1\" width=\"67.44\" height=\"67.44\"\/>\n\t<rect x=\"410.55\" y=\"135.45\" class=\"st4\" width=\"67.44\" height=\"67.44\"\/>\n\t<rect x=\"680.42\" y=\"135.17\" class=\"st1\" width=\"67.44\" height=\"67.44\"\/>\n\t<rect x=\"815.23\" y=\"135.36\" class=\"st1\" width=\"67.44\" height=\"67.44\"\/>\n\t<rect x=\"950.12\" y=\"135.36\" class=\"st4\" width=\"67.44\" height=\"67.44\"\/>\n\t<rect x=\"343.11\" y=\"202.81\" class=\"st3\" width=\"67.44\" height=\"67.44\"\/>\n\t<rect x=\"477.99\" y=\"202.81\" class=\"st2\" width=\"67.44\" height=\"67.44\"\/>\n\t<rect x=\"613\" y=\"202.81\" class=\"st4\" width=\"67.44\" height=\"67.44\"\/>\n\t<rect x=\"747.86\" y=\"202.74\" class=\"st2\" width=\"67.44\" height=\"67.44\"\/>\n\t<rect x=\"882.67\" y=\"202.8\" class=\"st2\" width=\"67.44\" height=\"67.44\"\/>\n\t<rect x=\"950.08\" y=\"540.48\" class=\"st2\" width=\"67.44\" height=\"67.44\"\/>\n\t<rect x=\"815.06\" y=\"540.48\" class=\"st2\" width=\"67.44\" height=\"67.44\"\/>\n\t<rect x=\"1017.41\" y=\"607.92\" class=\"st2\" width=\"67.44\" height=\"67.44\"\/>\n\t<rect x=\"882.44\" y=\"607.92\" class=\"st4\" width=\"67.44\" height=\"67.44\"\/>\n\t<rect x=\"747.62\" y=\"607.92\" class=\"st4\" width=\"67.44\" height=\"67.44\"\/>\n\t<rect x=\"950.06\" y=\"675.36\" class=\"st1\" width=\"67.44\" height=\"67.44\"\/>\n\t<rect x=\"815\" y=\"675.36\" class=\"st2\" width=\"67.44\" height=\"67.44\"\/>\n\t<rect x=\"680.18\" y=\"675.36\" class=\"st2\" width=\"67.44\" height=\"67.44\"\/>\n\t<rect x=\"882.7\" y=\"742.8\" class=\"st1\" width=\"67.44\" height=\"67.44\"\/>\n\t<rect x=\"1017.41\" y=\"742.8\" class=\"st2\" width=\"67.44\" height=\"67.44\"\/>\n\t<rect x=\"1017.41\" y=\"810.24\" class=\"st1\" width=\"67.44\" height=\"67.44\"\/>\n\t<rect x=\"950.06\" y=\"810.24\" class=\"st2\" width=\"67.44\" height=\"67.44\"\/>\n\t<rect x=\"950.06\" y=\"877.68\" class=\"st3\" width=\"67.44\" height=\"67.44\"\/>\n\t<rect x=\"882.62\" y=\"877.68\" class=\"st2\" width=\"67.44\" height=\"67.44\"\/>\n\t<rect x=\"747.66\" y=\"877.68\" class=\"st3\" width=\"67.44\" height=\"67.44\"\/>\n\t<rect x=\"680.22\" y=\"877.68\" class=\"st1\" width=\"67.44\" height=\"67.44\"\/>\n\t<rect x=\"815.06\" y=\"945.12\" class=\"st4\" width=\"67.44\" height=\"67.44\"\/>\n\t<rect x=\"747.66\" y=\"945.12\" class=\"st2\" width=\"67.44\" height=\"67.44\"\/>\n\t<rect x=\"1017.5\" y=\"945.12\" class=\"st4\" width=\"67.44\" height=\"67.44\"\/>\n\t<rect x=\"950.06\" y=\"945.12\" class=\"st2\" width=\"67.44\" height=\"67.44\"\/>\n\t<rect x=\"882.5\" y=\"1012.56\" class=\"st4\" width=\"67.44\" height=\"67.44\"\/>\n\t<rect x=\"1017.5\" y=\"1012.56\" class=\"st2\" width=\"67.44\" height=\"67.44\"\/>\n\t<rect x=\"545.3\" y=\"1012.56\" class=\"st4\" width=\"67.44\" height=\"67.44\"\/>\n\t<rect x=\"407.54\" y=\"1012.56\" class=\"st2\" width=\"67.44\" height=\"67.44\"\/>\n\t<rect x=\"815.06\" y=\"1012.56\" class=\"st2\" width=\"67.44\" height=\"67.44\"\/>\n\t<rect x=\"747.66\" y=\"1012.56\" class=\"st3\" width=\"67.44\" height=\"67.44\"\/>\n\t<rect x=\"680.18\" y=\"1012.56\" class=\"st2\" width=\"67.44\" height=\"67.44\"\/>\n\t<rect x=\"747.62\" y=\"742.8\" class=\"st2\" width=\"67.44\" height=\"67.44\"\/>\n\t<rect x=\"612.74\" y=\"742.8\" class=\"st4\" width=\"67.44\" height=\"67.44\"\/>\n\t<rect x=\"545.3\" y=\"877.68\" class=\"st2\" width=\"67.44\" height=\"67.44\"\/>\n\t<rect x=\"612.74\" y=\"945.12\" class=\"st4\" width=\"67.44\" height=\"67.44\"\/>\n<\/g>\n<\/svg>\n  <div class=\"grid-container simple-fade\">\n    <div class=\"grid-x grid-padding-x align-middle\">\n      <div class=\"cell medium-6 medium-order-2\">\n\t\t  \t\t\t  <img decoding=\"async\" src=\"https:\/\/www.canarie.ca\/wp-content\/uploads\/2021\/01\/science74.jpg\" alt=\"\">\n\t\t        <\/div>\n      <div class=\"cell medium-6 medium-order-1 text-left text-cell \">\n  \t\t  \t\t          <h1 class=\"cssanimation leFadeIn\">Plateforme de diffusion mondiale des donn\u00e9es scientifiques sur le r\u00e9seau d\u2019un kilom\u00e8tre carr\u00e9 (CyberSKA)<\/h1>\n  \t\t  \t\t                              <\/div>\n    <\/div>\n  <\/div>\n<\/section>\n\n\n\n\n\n<section class=\"section section--text-columns no-background\">\n    <div class=\"grid-container\">\n      <div class=\"grid-x grid-padding-x\">\n        <div class=\"cell\">\n                  \t<h3>Rendre visible ce qui ne l\u2019est pas dans l\u2019univers<\/h3>\n                    <p><strong>D\u00e9partement de physique et d\u2019astronomie, Universit\u00e9 de Calgary<\/strong><\/p>\n<p>L\u2019univers fourmille de merveilles cosmologiques, pour la plupart invisibles \u00e0 l\u2019\u0153il nu \u2013 mati\u00e8re sombre, trous noirs, galaxies en collision\u2026 Si nous percevons ces ph\u00e9nom\u00e8nes astronomiques et r\u00e9ussissons \u00e0 observer les plus infimes rouages de l\u2019univers aujourd\u2019hui, nous le devons \u00e0 une nouvelle g\u00e9n\u00e9ration de radiot\u00e9lescopes.<\/p>\n                  <\/div>\n      <\/div>\n    <\/div>\n  <\/section>\n\n\n<section class=\"section section--banner simple-fade dark-blue alignfull\">\n  <div class=\"grid-container text-center\">\n  \t\t  \t\t  \t  <div class=\"large\"><p>CyberSKA s\u2019av\u00e9rera d\u2019une incroyable utilit\u00e9 pour les scientifiques du monde entier, car la plateforme leur permettra de remonter le temps pour assister \u00e0 la naissance de l\u2019univers.<\/p>\n<p>La technologie et les outils dont elle est constitu\u00e9e pourraient servir dans d\u2019autres industries o\u00f9 l\u2019on doit analyser et visualiser une masse consid\u00e9rable de donn\u00e9es r\u00e9parties, par exemple en biotechnologie, en gestion des ressources, dans le secteur de l\u2019\u00e9nergie et dans celui des technologies de l\u2019information.<\/p>\n<\/div>\n\t  \t  \t\t  <\/div>\n<\/section>\n\n\n\n<section class=\"section section--text-columns no-background\">\n    <div class=\"grid-container\">\n      <div class=\"grid-x grid-padding-x\">\n        <div class=\"cell\">\n                  \t<h3>\u00c9largir l\u2019univers observable<\/h3>\n                    <p>Le premier de ces nouveaux radiot\u00e9lescopes, le SKA (pour Square Kilometre Array ou r\u00e9seau d\u2019un kilom\u00e8tre carr\u00e9), est en cours de d\u00e9veloppement et partiellement fonctionnel. Le SKA combinera les signaux capt\u00e9s par des milliers d\u2019antennes r\u00e9parties sur une distance de plus de 3 000 km, simulant ainsi un unique mais gigantesque radiot\u00e9lescope d\u2019une sensibilit\u00e9 hors du commun. Lorsqu\u2019il sera pleinement op\u00e9rationnel, en 2024, le SKA sera le plus grand radiot\u00e9lescope de la plan\u00e8te \u2013 50 fois plus sensible et 10 000 fois plus rapide \u00e0 produire des images de vastes portions de l\u2019univers que tout ce qu\u2019on conna\u00eet actuellement. Gr\u00e2ce \u00e0 l\u2019aide de 11 pays, ce projet de plusieurs milliards de dollars \u00e9largira l\u2019univers observable, si bien que les scientifiques pourront \u00e9tablir comment se sont form\u00e9es les premi\u00e8res \u00e9toiles et galaxies, de quoi est fait l\u2019univers, si la th\u00e9orie de la relativit\u00e9 d\u2019Einstein tient la route dans les conditions les plus extr\u00eames, et si l\u2019\u00eatre humain vit seul dans l\u2019univers.<\/p>\n<p>Ce projet est l\u2019un des plus ambitieux projets internationaux en science, et il constitue un formidable d\u00e9fi sur le plan des donn\u00e9es.<\/p>\n                  <\/div>\n      <\/div>\n    <\/div>\n  <\/section>\n\n\n<section class=\"section section--text-columns no-background\">\n    <div class=\"grid-container\">\n      <div class=\"grid-x grid-padding-x\">\n        <div class=\"cell\">\n                  \t<h3>N\u00e9cessit\u00e9 d\u2019une infrastructure num\u00e9rique<\/h3>\n                    <p>Le pouvoir de restitution des images du SKA engendrera des jeux colossaux de donn\u00e9es multidimensionnelles. En outre, les \u00e9tudes r\u00e9alis\u00e9es par les \u00e9quipes de chercheurs diss\u00e9min\u00e9s dans le monde devraient y ajouter d\u2019autres donn\u00e9es, \u00e0 une cadence sans pr\u00e9c\u00e9dent de pr\u00e8s de 400 p\u00e9taoctets par jour (l\u2019\u00e9quivalent de 85 millions de DVD). Une masse aussi prodigieuse de donn\u00e9es interdit l\u2019approche usuelle, qui consiste \u00e0 t\u00e9l\u00e9charger les donn\u00e9es sur des ordinateurs locaux. Une infrastructure num\u00e9rique est essentielle pour consulter, partager, analyser et visualiser ces donn\u00e9es \u00e0 distance.<\/p>\n<p>CyberSKA est une plateforme logicielle mise au point par l\u2019Universit\u00e9 de Calgary pour partager les donn\u00e9es et les visualisations, et aider les chercheurs diss\u00e9min\u00e9s ici et l\u00e0 \u00e0 collaborer dans l\u2019\u00e9tude des m\u00e9ga jeux de donn\u00e9es. Cette plateforme facilite d\u00e9j\u00e0 les \u00e9tudes en radioastronomie exploitant massivement les donn\u00e9es poursuivies dans des observatoires comme ceux de l\u2019EVLA (Expanded Very Large Array ou tr\u00e8s grand r\u00e9seau \u00e9largi), au Nouveau-Mexique. Les radioastronomes qui recourent \u00e0 cette technologie peuvent visualiser instantan\u00e9ment des jeux de donn\u00e9es (qu\u2019ils mettraient normalement des jours \u00e0 t\u00e9l\u00e9charger avec la connexion la plus rapide), confortablement install\u00e9s devant leur ordinateur de bureau ou leur portable. Gr\u00e2ce \u00e0 elle, ils peuvent aussi voir et ma\u00eetriser simultan\u00e9ment la m\u00eame visualisation d\u2019endroits diff\u00e9rents dans le monde.<\/p>\n                  <\/div>\n      <\/div>\n    <\/div>\n  <\/section>\n\n\n<section class=\"section section--text-columns no-background\">\n    <div class=\"grid-container\">\n      <div class=\"grid-x grid-padding-x\">\n        <div class=\"cell\">\n                  \t<h3>Pas seulement les \u00e9toiles<\/h3>\n                    <p>CyberSKA s\u2019av\u00e9rera d\u2019une incroyable utilit\u00e9 pour les scientifiques du monde entier, car la plateforme leur permettra de remonter le temps pour assister \u00e0 la naissance de l\u2019univers. De plus, la technologie et les outils dont elle est constitu\u00e9e pourraient servir dans d\u2019autres industries o\u00f9 l\u2019on doit analyser et visualiser une masse consid\u00e9rable de donn\u00e9es r\u00e9parties, par exemple en biotechnologie, en gestion des ressources, dans le secteur de l\u2019\u00e9nergie et dans celui des technologies de l\u2019information.<\/p>\n<p>CyberSKA aidera le Canada non seulement \u00e0 rester au premier plan de l\u2019astronomie mais aussi \u00e0 prendre la t\u00eate de la recherche sur les m\u00e9ga jeux de donn\u00e9es dans le monde.<\/p>\n                  <\/div>\n      <\/div>\n    <\/div>\n  <\/section>\n\n\n<section class=\"section section--text-columns no-background\">\n    <div class=\"grid-container\">\n      <div class=\"grid-x grid-padding-x\">\n        <div class=\"cell\">\n                  \t<h3>La r\u00e9utilisation des logiciels, une tradition qui compte<\/h3>\n                    <p>Le projet CyberSKA est financ\u00e9 dans le cadre du programme Logiciels de recherche de CANARIE et fait appel aux r\u00e9seaux \u00e9volu\u00e9s de fibres optiques du Canada pour acheminer cette formidable masse de donn\u00e9es. La plateforme est le prolongement d\u2019un projet ant\u00e9rieur, \u00e9galement financ\u00e9 par CANARIE (et portant le m\u00eame nom), qui g\u00e9rait un parc de serveurs de visualisation. Poursuivant une importante tradition qui consiste \u00e0 r\u00e9utiliser les logiciels dans diverses disciplines, CANARIE a aussi appuy\u00e9 l\u2019\u00e9laboration des outils de visualisation multispectraux de CyberSKA (le service de gestion des parcs de serveurs de visualisation), que l\u2019organisme met gratuitement \u00e0 la disposition des chercheurs dans son registre de services logiciels.<\/p>\n                  <\/div>\n      <\/div>\n    <\/div>\n  <\/section>\n\n\n<section class=\"section section--text-columns no-background\">\n    <div class=\"grid-container\">\n      <div class=\"grid-x grid-padding-x\">\n        <div class=\"cell\">\n          <div style=\"text-align: center;\">\n            <div class=\"large highlighted-text hand-text-center\">\n              <p>Le d\u00e9veloppement de la plateforme CyberSKA a \u00e9t\u00e9 rendu possible gr\u00e2ce aux fonds dispens\u00e9s par CANARIE dans le cadre de son programme Logiciels de recherche.<\/p>\n            <\/div>\n            <\/div>\n    \t\t\t<\/div>\n        <\/div>\n      <\/div>\n    <\/div>\n  <\/section>\n\n\n\n<section class=\"section section--quick-links\">\n    <div class=\"grid-container\">\n      <div class=\"grid-x grid-padding-x\">\n        <div class=\"cell\">\n                  \t<h2>Ressources suppl\u00e9mentaires<\/h2>\n                                <div class=\"wp-block-buttons\">\n                \t\t\t\t  \t<a class=\"button wp-block-button__link\" href=\"https:\/\/www.canarie.ca\/wp-content\/uploads\/2021\/03\/Fiche-dinformation-CyberSKA.pdf\" target=\"_self\">Sp\u00e9cifications techniques et la fiche d\u2019information de SKA<\/a><br>\n    \t\t\t        \t\t\t\t  \t<a class=\"button wp-block-button__link\" href=\"http:\/\/www.cyberska.org\/\" target=\"_blank\">Site de web SKA<\/a><br>\n    \t\t\t        \t\t\t  <\/div>\n    \t\t\t          <\/div>\n      <\/div>\n    <\/div>\n  <\/section>","protected":false},"excerpt":{"rendered":"","protected":false},"author":2,"featured_media":0,"parent":7545,"menu_order":0,"comment_status":"closed","ping_status":"closed","template":"","meta":{"_acf_changed":false,"footnotes":""},"class_list":["post-10648","page","type-page","status-publish","hentry"],"acf":[],"yoast_head":"<!-- This site is optimized with the Yoast SEO plugin v27.4 - https:\/\/yoast.com\/product\/yoast-seo-wordpress\/ -->\n<title>CyberSKA - CANARIE<\/title>\n<meta name=\"robots\" content=\"index, follow, max-snippet:-1, max-image-preview:large, max-video-preview:-1\" \/>\n<link rel=\"canonical\" href=\"https:\/\/www.canarie.ca\/fr\/logiciels\/plateformes\/cyberska\/\" \/>\n<meta property=\"og:locale\" content=\"fr_FR\" \/>\n<meta property=\"og:type\" content=\"article\" \/>\n<meta property=\"og:title\" content=\"CyberSKA - CANARIE\" \/>\n<meta property=\"og:url\" content=\"https:\/\/www.canarie.ca\/fr\/logiciels\/plateformes\/cyberska\/\" \/>\n<meta property=\"og:site_name\" content=\"CANARIE\" \/>\n<meta property=\"article:modified_time\" content=\"2021-03-18T19:27:12+00:00\" \/>\n<meta name=\"twitter:card\" content=\"summary_large_image\" \/>\n<script type=\"application\/ld+json\" class=\"yoast-schema-graph\">{\"@context\":\"https:\\\/\\\/schema.org\",\"@graph\":[{\"@type\":\"WebPage\",\"@id\":\"https:\\\/\\\/www.canarie.ca\\\/fr\\\/logiciels\\\/plateformes\\\/cyberska\\\/\",\"url\":\"https:\\\/\\\/www.canarie.ca\\\/fr\\\/logiciels\\\/plateformes\\\/cyberska\\\/\",\"name\":\"CyberSKA - CANARIE\",\"isPartOf\":{\"@id\":\"https:\\\/\\\/www.canarie.ca\\\/#website\"},\"datePublished\":\"2021-01-22T16:38:12+00:00\",\"dateModified\":\"2021-03-18T19:27:12+00:00\",\"breadcrumb\":{\"@id\":\"https:\\\/\\\/www.canarie.ca\\\/fr\\\/logiciels\\\/plateformes\\\/cyberska\\\/#breadcrumb\"},\"inLanguage\":\"fr-FR\",\"potentialAction\":[{\"@type\":\"ReadAction\",\"target\":[\"https:\\\/\\\/www.canarie.ca\\\/fr\\\/logiciels\\\/plateformes\\\/cyberska\\\/\"]}]},{\"@type\":\"BreadcrumbList\",\"@id\":\"https:\\\/\\\/www.canarie.ca\\\/fr\\\/logiciels\\\/plateformes\\\/cyberska\\\/#breadcrumb\",\"itemListElement\":[{\"@type\":\"ListItem\",\"position\":1,\"name\":\"Accueil\",\"item\":\"https:\\\/\\\/www.canarie.ca\\\/fr\\\/\"},{\"@type\":\"ListItem\",\"position\":2,\"name\":\"Logiciels de recherche\",\"item\":\"https:\\\/\\\/www.canarie.ca\\\/fr\\\/logiciels\\\/\"},{\"@type\":\"ListItem\",\"position\":3,\"name\":\"Plateformes de recherche subventionn\u00e9es\",\"item\":\"https:\\\/\\\/www.canarie.ca\\\/fr\\\/logiciels\\\/plateformes\\\/\"},{\"@type\":\"ListItem\",\"position\":4,\"name\":\"CyberSKA\"}]},{\"@type\":\"WebSite\",\"@id\":\"https:\\\/\\\/www.canarie.ca\\\/#website\",\"url\":\"https:\\\/\\\/www.canarie.ca\\\/\",\"name\":\"CANARIE\",\"description\":\"\",\"potentialAction\":[{\"@type\":\"SearchAction\",\"target\":{\"@type\":\"EntryPoint\",\"urlTemplate\":\"https:\\\/\\\/www.canarie.ca\\\/?s={search_term_string}\"},\"query-input\":{\"@type\":\"PropertyValueSpecification\",\"valueRequired\":true,\"valueName\":\"search_term_string\"}}],\"inLanguage\":\"fr-FR\"}]}<\/script>\n<!-- \/ Yoast SEO plugin. -->","yoast_head_json":{"title":"CyberSKA - CANARIE","robots":{"index":"index","follow":"follow","max-snippet":"max-snippet:-1","max-image-preview":"max-image-preview:large","max-video-preview":"max-video-preview:-1"},"canonical":"https:\/\/www.canarie.ca\/fr\/logiciels\/plateformes\/cyberska\/","og_locale":"fr_FR","og_type":"article","og_title":"CyberSKA - CANARIE","og_url":"https:\/\/www.canarie.ca\/fr\/logiciels\/plateformes\/cyberska\/","og_site_name":"CANARIE","article_modified_time":"2021-03-18T19:27:12+00:00","twitter_card":"summary_large_image","schema":{"@context":"https:\/\/schema.org","@graph":[{"@type":"WebPage","@id":"https:\/\/www.canarie.ca\/fr\/logiciels\/plateformes\/cyberska\/","url":"https:\/\/www.canarie.ca\/fr\/logiciels\/plateformes\/cyberska\/","name":"CyberSKA - CANARIE","isPartOf":{"@id":"https:\/\/www.canarie.ca\/#website"},"datePublished":"2021-01-22T16:38:12+00:00","dateModified":"2021-03-18T19:27:12+00:00","breadcrumb":{"@id":"https:\/\/www.canarie.ca\/fr\/logiciels\/plateformes\/cyberska\/#breadcrumb"},"inLanguage":"fr-FR","potentialAction":[{"@type":"ReadAction","target":["https:\/\/www.canarie.ca\/fr\/logiciels\/plateformes\/cyberska\/"]}]},{"@type":"BreadcrumbList","@id":"https:\/\/www.canarie.ca\/fr\/logiciels\/plateformes\/cyberska\/#breadcrumb","itemListElement":[{"@type":"ListItem","position":1,"name":"Accueil","item":"https:\/\/www.canarie.ca\/fr\/"},{"@type":"ListItem","position":2,"name":"Logiciels de recherche","item":"https:\/\/www.canarie.ca\/fr\/logiciels\/"},{"@type":"ListItem","position":3,"name":"Plateformes de recherche subventionn\u00e9es","item":"https:\/\/www.canarie.ca\/fr\/logiciels\/plateformes\/"},{"@type":"ListItem","position":4,"name":"CyberSKA"}]},{"@type":"WebSite","@id":"https:\/\/www.canarie.ca\/#website","url":"https:\/\/www.canarie.ca\/","name":"CANARIE","description":"","potentialAction":[{"@type":"SearchAction","target":{"@type":"EntryPoint","urlTemplate":"https:\/\/www.canarie.ca\/?s={search_term_string}"},"query-input":{"@type":"PropertyValueSpecification","valueRequired":true,"valueName":"search_term_string"}}],"inLanguage":"fr-FR"}]}},"_links":{"self":[{"href":"https:\/\/www.canarie.ca\/fr\/wp-json\/wp\/v2\/pages\/10648","targetHints":{"allow":["GET"]}}],"collection":[{"href":"https:\/\/www.canarie.ca\/fr\/wp-json\/wp\/v2\/pages"}],"about":[{"href":"https:\/\/www.canarie.ca\/fr\/wp-json\/wp\/v2\/types\/page"}],"author":[{"embeddable":true,"href":"https:\/\/www.canarie.ca\/fr\/wp-json\/wp\/v2\/users\/2"}],"replies":[{"embeddable":true,"href":"https:\/\/www.canarie.ca\/fr\/wp-json\/wp\/v2\/comments?post=10648"}],"version-history":[{"count":0,"href":"https:\/\/www.canarie.ca\/fr\/wp-json\/wp\/v2\/pages\/10648\/revisions"}],"up":[{"embeddable":true,"href":"https:\/\/www.canarie.ca\/fr\/wp-json\/wp\/v2\/pages\/7545"}],"wp:attachment":[{"href":"https:\/\/www.canarie.ca\/fr\/wp-json\/wp\/v2\/media?parent=10648"}],"curies":[{"name":"wp","href":"https:\/\/api.w.org\/{rel}","templated":true}]}}