{"id":14640,"date":"2021-01-21T19:57:16","date_gmt":"2021-01-22T00:57:16","guid":{"rendered":"https:\/\/canarie.machinedev.ca\/identite\/fca\/faq-2\/"},"modified":"2024-06-28T13:55:15","modified_gmt":"2024-06-28T17:55:15","slug":"faq","status":"publish","type":"page","link":"https:\/\/www.canarie.ca\/fr\/identite\/fca\/faq\/","title":{"rendered":"Foire aux questions"},"content":{"rendered":"\n<div style=\"height:47px\" aria-hidden=\"true\" class=\"wp-block-spacer\"><\/div>\n\n\n\n<h1 class=\"wp-block-heading has-text-align-center has-dark-grey-color has-text-color\">Foire aux questions<\/h1>\n\n\n\n<div style=\"height:47px\" aria-hidden=\"true\" class=\"wp-block-spacer\"><\/div>\n\n\n\n<h4 class=\"wp-block-heading has-dark-red-color has-text-color\">Comment puis-je adh\u00e9rer \u00e0 la F\u00e9d\u00e9ration canadienne d\u2019acc\u00e8s (FCA)?<\/h4>\n\n\n\n<p>Pour conna\u00eetre les crit\u00e8res et la fa\u00e7on de proc\u00e9der, lisez la page \u00ab <a href=\"https:\/\/www.canarie.ca\/fr\/identite\/fca\/adhesion\/\">Adh\u00e9rer \u00e0 la F\u00e9d\u00e9ration canadienne d\u2019acc\u00e8s (FCA)<\/a> \u00bb.<\/p>\n\n\n\n<h4 class=\"wp-block-heading has-dark-red-color has-text-color\">Mon organisation participe \u00e0 la F\u00e9d\u00e9ration canadienne d\u2019acc\u00e8s (FCA). De quelle fa\u00e7on peut-on ajouter un service (gestion f\u00e9d\u00e9r\u00e9e des identit\u00e9s ou eduroam\/acc\u00e8s des visiteurs \u00e0 eduroam)?<\/h4>\n\n\n\n<p>Compl\u00e9tez puis envoyez le <a href=\"https:\/\/canarie.jotform.com\/240436509084961\" target=\"_blank\" rel=\"noreferrer noopener\">Formulaire de modification des services<\/a>.<\/p>\n\n\n\n<h4 class=\"wp-block-heading has-dark-red-color has-text-color\">Le contact technique de l\u2019organisation a chang\u00e9. Comment peut-on modifier ses coordonn\u00e9es?<\/h4>\n\n\n\n<p>Veuillez lire <a href=\"https:\/\/www.canarie.ca\/fr\/identite\/soutien\/gestion-de-la-liste-des-contacts-autorises-pour-la-fca\/\" target=\"_blank\" rel=\"noreferrer noopener\">cette page<\/a> et remplir le <a href=\"https:\/\/canarie.jotform.com\/241425261410948\" target=\"_blank\" rel=\"noreferrer noopener\">formulaire indiqu\u00e9<\/a>.<\/p>\n\n\n\n<h4 class=\"wp-block-heading has-dark-red-color has-text-color\">Comment puis-je changer la partition de l\u2019organisation pour eduroam?<\/h4>\n\n\n\n<p>Envoyez une demande \u00e0 <a href=\"mailto:tickets@canarie.ca\">tickets@canarie.ca<\/a><\/p>\n\n\n\n<h4 class=\"wp-block-heading has-dark-red-color has-text-color\">Comment modifie-t-on l\u2019identifiant du fournisseur d\u2019identit\u00e9s (IdP) \/ du fournisseur de services (SP) de l\u2019organisation?<\/h4>\n\n\n\n<p>Envoyez votre demande \u00e0 <a href=\"mailto:tickets@canarie.ca\">tickets@canarie.ca<\/a> avec les nouvelles m\u00e9tadonn\u00e9es.<\/p>\n\n\n\n<h4 class=\"wp-block-heading has-dark-red-color has-text-color\">O\u00f9 se trouve le guide d\u2019installation du fournisseur d\u2019identit\u00e9s (IdP) de la F\u00e9d\u00e9ration canadienne d\u2019acc\u00e8s (FCA)?<\/h4>\n\n\n\n<p>Vous le <a href=\"https:\/\/www.canarie.ca\/fr\/identite\/soutien\/gfi\/#configuration\">trouverez ici<\/a>.<\/p>\n\n\n\n<h4 class=\"wp-block-heading has-dark-red-color has-text-color\">Existe-t-il une plateforme sur laquelle nous pourrions tester nos m\u00e9tadonn\u00e9es avant l\u2019activation?<\/h4>\n\n\n\n<p>La F\u00e9d\u00e9ration canadienne d\u2019acc\u00e8s (FCA) met une plateforme d\u2019essai f\u00e9d\u00e9r\u00e9e \u00e0 la disposition de ses participants. Envoyez une demande \u00e0 <a href=\"mailto:tickets@canarie.ca\">tickets@canarie.ca<\/a>.<\/p>\n\n\n\n<h4 class=\"wp-block-heading has-dark-red-color has-text-color\">Quelle pratique la F\u00e9d\u00e9ration canadienne d\u2019acc\u00e8s recommande-t-elle pour l\u2019inscription des m\u00e9tadonn\u00e9es?<\/h4>\n\n\n\n<p>Le <a href=\"https:\/\/www.canarie.ca\/fr\/pratique-recommandee-pour-les-exploitants-de-la-federation-inscription-des-metadonnees\/\">MRPS<\/a> (Metadata Registration Practice Statement) est un \u00e9nonc\u00e9 expliquant comment les m\u00e9tadonn\u00e9es sont saisies, c\u2019est-\u00e0-dire comment la F\u00e9d\u00e9ration canadienne d\u2019acc\u00e8s (FCA) enregistre les \u00ab entit\u00e9s \u00bb. On y trouvera aussi les normes et les m\u00e9thodes applicables au formatage des m\u00e9tadonn\u00e9es ainsi qu\u2019\u00e0 l\u2019inscription et \u00e0 la gestion des m\u00e9tadonn\u00e9es.<\/p>\n\n\n\n<h4 class=\"wp-block-heading has-dark-red-color has-text-color\">Comment peut-on se joindre \u00e0 eduGAIN?<\/h4>\n\n\n\n<p>Si l\u2019organisation adh\u00e8re \u00e0 la F\u00e9d\u00e9ration canadienne d\u2019acc\u00e8s en tant que fournisseur d\u2019identit\u00e9s (IdP), elle fait d\u00e9j\u00e0 partie d\u2019eduGAIN.<\/p>\n\n\n\n<p>Si l\u2019organisation y adh\u00e8re en tant que fournisseur de services (SP), veuillez envoyer une demande \u00e0 <a href=\"mailto:tickets@canarie.ca\">tickets@canarie.ca<\/a> pour vous inscrire au service eduGAIN.<\/p>\n\n\n\n<p>Lisez la page <a href=\"https:\/\/www.canarie.ca\/fr\/identite\/fca\/adhesion\/\">Adh\u00e9rer \u00e0 la F\u00e9d\u00e9ration canadienne d\u2019acc\u00e8s<\/a> pour en apprendre davantage.<\/p>\n\n\n\n<h4 class=\"wp-block-heading has-dark-red-color has-text-color\">Comment dois-je inscrire mon institution\/organisation pour qu\u2019elle puisse utiliser l\u2019assistant de configuration CAT d\u2019eduroam?<\/h4>\n\n\n\n<p><strong>Si l\u2019organisation est inscrite \u00e0 la F\u00e9d\u00e9ration canadienne d\u2019acc\u00e8s en tant que fournisseur d\u2019identit\u00e9s (IdP), <\/strong>vous pouvez acc\u00e9der au CAT avec les identifiants de l\u2019institution. Veuillez soumettre la demande pour acc\u00e9der au CAT \u00e0 <a href=\"mailto:canops@canarie.ca\">canops@canarie.ca<\/a>. Le contact technique de l\u2019organisation inscrit au dossier recevra une invitation pour qu\u2019il configure le fournisseur d\u2019identit\u00e9s (IdP) avec le CAT. Veuillez noter que l\u2019invitation n\u2019est valable que 24 heures.<\/p>\n\n\n\n<p><strong>Si l\u2019organisation n\u2019est pas inscrite en tant que fournisseur d\u2019identit\u00e9s (IdP), <\/strong>vous devrez vous servir des identifiants d\u2019un m\u00e9dia social (Gmail, LinkedIn, Twitter ou Facebook) pour ouvrir une s\u00e9ance. Veuillez envoyer votre demande \u00e0 <a href=\"mailto:canops@canarie.ca\">canops@canarie.ca<\/a> Le contact technique de l\u2019organisation inscrit au dossier sera invit\u00e9 \u00e0 configurer le fournisseur d\u2019identit\u00e9s (IdP) avec le CAT. Veuillez noter que l\u2019invitation n\u2019est valable que 24 heures.<\/p>\n\n\n\n<h4 class=\"wp-block-heading has-dark-red-color has-text-color\">J\u2019ai besoin d\u2019aide pour configurer la gestion f\u00e9d\u00e9r\u00e9e des identit\u00e9s (GFI).<\/h4>\n\n\n\n<p>Envoyez une demande \u00e0 <a href=\"mailto:tickets@canarie.ca\">tickets@canarie.ca<\/a>.<\/p>\n\n\n\n<h4 class=\"wp-block-heading has-dark-red-color has-text-color\">J\u2019ai besoin d\u2019aide pour configurer eduroam.<\/h4>\n\n\n\n<p>Envoyez une demande \u00e0 <a href=\"mailto:tickets@canarie.ca\">tickets@canarie.ca<\/a>.<\/p>\n\n\n\n<h4 class=\"wp-block-heading has-dark-red-color has-text-color\">J\u2019ai une question technique que je ne trouve pas ici.<\/h4>\n\n\n\n<p>Envoyez-la \u00e0 <a href=\"mailto:tickets@canarie.ca\">tickets@canarie.ca<\/a>.<\/p>\n\n\n\n<h4 class=\"wp-block-heading has-dark-red-color has-text-color\">J\u2019ai une question non technique au sujet de la F\u00e9d\u00e9ration canadienne d\u2019acc\u00e8s (FCA).<\/h4>\n\n\n\n<p>Envoyez-la \u00e0 <a href=\"mailto:canops@canarie.ca\">canops@canarie.ca<\/a>.<\/p>\n","protected":false},"excerpt":{"rendered":"<p>Foire aux questions Comment puis-je adh\u00e9rer \u00e0 la F\u00e9d\u00e9ration canadienne d\u2019acc\u00e8s (FCA)? Pour conna\u00eetre les crit\u00e8res et la fa\u00e7on de [&hellip;]<\/p>\n","protected":false},"author":3,"featured_media":0,"parent":3271,"menu_order":0,"comment_status":"closed","ping_status":"closed","template":"","meta":{"_acf_changed":false,"footnotes":""},"class_list":["post-14640","page","type-page","status-publish","hentry"],"acf":[],"yoast_head":"<!-- This site is optimized with the Yoast SEO plugin v27.4 - https:\/\/yoast.com\/product\/yoast-seo-wordpress\/ -->\n<title>Foire aux questions - CANARIE<\/title>\n<meta name=\"robots\" content=\"index, follow, max-snippet:-1, max-image-preview:large, max-video-preview:-1\" \/>\n<link rel=\"canonical\" href=\"https:\/\/www.canarie.ca\/fr\/identite\/fca\/faq\/\" \/>\n<meta property=\"og:locale\" content=\"fr_FR\" \/>\n<meta property=\"og:type\" content=\"article\" \/>\n<meta property=\"og:title\" content=\"Foire aux questions - CANARIE\" \/>\n<meta property=\"og:description\" content=\"Foire aux questions Comment puis-je adh\u00e9rer \u00e0 la F\u00e9d\u00e9ration canadienne d\u2019acc\u00e8s (FCA)? Pour conna\u00eetre les crit\u00e8res et la fa\u00e7on de [&hellip;]\" \/>\n<meta property=\"og:url\" content=\"https:\/\/www.canarie.ca\/fr\/identite\/fca\/faq\/\" \/>\n<meta property=\"og:site_name\" content=\"CANARIE\" \/>\n<meta property=\"article:modified_time\" content=\"2024-06-28T17:55:15+00:00\" \/>\n<meta name=\"twitter:card\" content=\"summary_large_image\" \/>\n<script type=\"application\/ld+json\" class=\"yoast-schema-graph\">{\"@context\":\"https:\\\/\\\/schema.org\",\"@graph\":[{\"@type\":\"WebPage\",\"@id\":\"https:\\\/\\\/www.canarie.ca\\\/fr\\\/identite\\\/fca\\\/faq\\\/\",\"url\":\"https:\\\/\\\/www.canarie.ca\\\/fr\\\/identite\\\/fca\\\/faq\\\/\",\"name\":\"Foire aux questions - CANARIE\",\"isPartOf\":{\"@id\":\"https:\\\/\\\/www.canarie.ca\\\/#website\"},\"datePublished\":\"2021-01-22T00:57:16+00:00\",\"dateModified\":\"2024-06-28T17:55:15+00:00\",\"breadcrumb\":{\"@id\":\"https:\\\/\\\/www.canarie.ca\\\/fr\\\/identite\\\/fca\\\/faq\\\/#breadcrumb\"},\"inLanguage\":\"fr-FR\",\"potentialAction\":[{\"@type\":\"ReadAction\",\"target\":[\"https:\\\/\\\/www.canarie.ca\\\/fr\\\/identite\\\/fca\\\/faq\\\/\"]}]},{\"@type\":\"BreadcrumbList\",\"@id\":\"https:\\\/\\\/www.canarie.ca\\\/fr\\\/identite\\\/fca\\\/faq\\\/#breadcrumb\",\"itemListElement\":[{\"@type\":\"ListItem\",\"position\":1,\"name\":\"Accueil\",\"item\":\"https:\\\/\\\/www.canarie.ca\\\/fr\\\/\"},{\"@type\":\"ListItem\",\"position\":2,\"name\":\"Gestion des identit\u00e9s et des acc\u00e8s\",\"item\":\"https:\\\/\\\/www.canarie.ca\\\/fr\\\/identite\\\/\"},{\"@type\":\"ListItem\",\"position\":3,\"name\":\"F\u00e9d\u00e9ration canadienne d\u2019acc\u00e8s (FCA)\",\"item\":\"https:\\\/\\\/www.canarie.ca\\\/fr\\\/identite\\\/fca\\\/\"},{\"@type\":\"ListItem\",\"position\":4,\"name\":\"Foire aux questions\"}]},{\"@type\":\"WebSite\",\"@id\":\"https:\\\/\\\/www.canarie.ca\\\/#website\",\"url\":\"https:\\\/\\\/www.canarie.ca\\\/\",\"name\":\"CANARIE\",\"description\":\"\",\"potentialAction\":[{\"@type\":\"SearchAction\",\"target\":{\"@type\":\"EntryPoint\",\"urlTemplate\":\"https:\\\/\\\/www.canarie.ca\\\/?s={search_term_string}\"},\"query-input\":{\"@type\":\"PropertyValueSpecification\",\"valueRequired\":true,\"valueName\":\"search_term_string\"}}],\"inLanguage\":\"fr-FR\"}]}<\/script>\n<!-- \/ Yoast SEO plugin. -->","yoast_head_json":{"title":"Foire aux questions - CANARIE","robots":{"index":"index","follow":"follow","max-snippet":"max-snippet:-1","max-image-preview":"max-image-preview:large","max-video-preview":"max-video-preview:-1"},"canonical":"https:\/\/www.canarie.ca\/fr\/identite\/fca\/faq\/","og_locale":"fr_FR","og_type":"article","og_title":"Foire aux questions - CANARIE","og_description":"Foire aux questions Comment puis-je adh\u00e9rer \u00e0 la F\u00e9d\u00e9ration canadienne d\u2019acc\u00e8s (FCA)? Pour conna\u00eetre les crit\u00e8res et la fa\u00e7on de [&hellip;]","og_url":"https:\/\/www.canarie.ca\/fr\/identite\/fca\/faq\/","og_site_name":"CANARIE","article_modified_time":"2024-06-28T17:55:15+00:00","twitter_card":"summary_large_image","schema":{"@context":"https:\/\/schema.org","@graph":[{"@type":"WebPage","@id":"https:\/\/www.canarie.ca\/fr\/identite\/fca\/faq\/","url":"https:\/\/www.canarie.ca\/fr\/identite\/fca\/faq\/","name":"Foire aux questions - CANARIE","isPartOf":{"@id":"https:\/\/www.canarie.ca\/#website"},"datePublished":"2021-01-22T00:57:16+00:00","dateModified":"2024-06-28T17:55:15+00:00","breadcrumb":{"@id":"https:\/\/www.canarie.ca\/fr\/identite\/fca\/faq\/#breadcrumb"},"inLanguage":"fr-FR","potentialAction":[{"@type":"ReadAction","target":["https:\/\/www.canarie.ca\/fr\/identite\/fca\/faq\/"]}]},{"@type":"BreadcrumbList","@id":"https:\/\/www.canarie.ca\/fr\/identite\/fca\/faq\/#breadcrumb","itemListElement":[{"@type":"ListItem","position":1,"name":"Accueil","item":"https:\/\/www.canarie.ca\/fr\/"},{"@type":"ListItem","position":2,"name":"Gestion des identit\u00e9s et des acc\u00e8s","item":"https:\/\/www.canarie.ca\/fr\/identite\/"},{"@type":"ListItem","position":3,"name":"F\u00e9d\u00e9ration canadienne d\u2019acc\u00e8s (FCA)","item":"https:\/\/www.canarie.ca\/fr\/identite\/fca\/"},{"@type":"ListItem","position":4,"name":"Foire aux questions"}]},{"@type":"WebSite","@id":"https:\/\/www.canarie.ca\/#website","url":"https:\/\/www.canarie.ca\/","name":"CANARIE","description":"","potentialAction":[{"@type":"SearchAction","target":{"@type":"EntryPoint","urlTemplate":"https:\/\/www.canarie.ca\/?s={search_term_string}"},"query-input":{"@type":"PropertyValueSpecification","valueRequired":true,"valueName":"search_term_string"}}],"inLanguage":"fr-FR"}]}},"_links":{"self":[{"href":"https:\/\/www.canarie.ca\/fr\/wp-json\/wp\/v2\/pages\/14640","targetHints":{"allow":["GET"]}}],"collection":[{"href":"https:\/\/www.canarie.ca\/fr\/wp-json\/wp\/v2\/pages"}],"about":[{"href":"https:\/\/www.canarie.ca\/fr\/wp-json\/wp\/v2\/types\/page"}],"author":[{"embeddable":true,"href":"https:\/\/www.canarie.ca\/fr\/wp-json\/wp\/v2\/users\/3"}],"replies":[{"embeddable":true,"href":"https:\/\/www.canarie.ca\/fr\/wp-json\/wp\/v2\/comments?post=14640"}],"version-history":[{"count":2,"href":"https:\/\/www.canarie.ca\/fr\/wp-json\/wp\/v2\/pages\/14640\/revisions"}],"predecessor-version":[{"id":43593,"href":"https:\/\/www.canarie.ca\/fr\/wp-json\/wp\/v2\/pages\/14640\/revisions\/43593"}],"up":[{"embeddable":true,"href":"https:\/\/www.canarie.ca\/fr\/wp-json\/wp\/v2\/pages\/3271"}],"wp:attachment":[{"href":"https:\/\/www.canarie.ca\/fr\/wp-json\/wp\/v2\/media?parent=14640"}],"curies":[{"name":"wp","href":"https:\/\/api.w.org\/{rel}","templated":true}]}}