{"id":14967,"date":"2021-01-25T21:00:41","date_gmt":"2021-01-26T02:00:41","guid":{"rendered":"https:\/\/canarie.machinedev.ca\/identite\/soutien\/rs-entity-category-technical-instructions\/"},"modified":"2024-05-13T08:58:53","modified_gmt":"2024-05-13T12:58:53","slug":"instructions-techniques-pour-la-categorie-rs","status":"publish","type":"page","link":"https:\/\/www.canarie.ca\/fr\/identite\/soutien\/instructions-techniques-pour-la-categorie-rs\/","title":{"rendered":"Instructions techniques pour la cat\u00e9gorie R&#038;S"},"content":{"rendered":"\n<div style=\"height:47px\" aria-hidden=\"true\" class=\"wp-block-spacer\"><\/div>\n\n\n\n<h1 class=\"wp-block-heading\">Instructions techniques pour la cat\u00e9gorie Research and Scholarship (R&amp;S)<\/h1>\n\n\n\n<div style=\"height:47px\" aria-hidden=\"true\" class=\"wp-block-spacer\"><\/div>\n\n\n\n<section class=\"section section--text-columns no-background\">\n    <div class=\"grid-container\">\n      <div class=\"grid-x grid-padding-x\">\n        <div class=\"cell\">\n                  \t<h3>Comment respecter la cat\u00e9gorie R&#038;S<\/h3>\n                    <p>Les participants de la FCA qui exploitent un IdP ou un SP, ou les deux, devraient suivre les \u00e9tapes d\u00e9crites ci-dessous pour accepter la cat\u00e9gorie R&amp;S.<\/p>\n<ul>\n<li><a href=\"https:\/\/www.surveymonkey.ca\/r\/67R5JKH?lang=fr\" target=\"_blank\" rel=\"noopener noreferrer\">Soumettre une demande<\/a>\u00a0d\u2019inscription \u00e0 la cat\u00e9gorie d\u2019entit\u00e9 R&amp;S<\/li>\n<li>Une fois que votre demande a \u00e9t\u00e9 approuv\u00e9e, veuillez suivre les instructions ci-dessous.<\/li>\n<\/ul>\n                  <\/div>\n      <\/div>\n    <\/div>\n  <\/section>\n\n\n<section class=\"section section--text-columns no-background\">\n    <div class=\"grid-container\">\n      <div class=\"grid-x grid-padding-x\">\n        <div class=\"cell\">\n                  \t<h3>Fournisseurs d\u2019identit\u00e9s<\/h3>\n                    <ol>\n<li>L\u2019\u00e9quipe de la FCA ajoutera l\u2019attribut de la cat\u00e9gorie d\u2019entit\u00e9\u00a0<a href=\"https:\/\/refeds.org\/category\/research-and-scholarship\">R&amp;S<\/a>\u00a0aux m\u00e9tadonn\u00e9es de votre fournisseur d\u2019identit\u00e9s GFI de la CFA. Un avis vous signalera quand la modification aura \u00e9t\u00e9 apport\u00e9e.<\/li>\n<li>Actualisez les filtres de diffusion de votre attribut IdP pour qu\u2019ils reconnaissent les SP qui se conforment \u00e0 la cat\u00e9gorie R&amp;S et diffusez le lot d\u2019attributs correspondant aux exigences applicables aux fournisseurs d\u2019identit\u00e9s dans la sp\u00e9cification de la cat\u00e9gorie en question. Ceux qui utilisent la <strong>version 4.x de l\u2019IdP de Shibboleth ou une version ult\u00e9rieure<\/strong> peuvent reprendre la configuration que voici.<\/li>\n<\/ol>\n                  <\/div>\n      <\/div>\n    <\/div>\n  <\/section>\n\n\n<pre class=\"wp-block-code\"><code>&lt;!-- REFEDS Research and Scholarship -->\n&lt;AttributeFilterPolicy id=\"CAF-releaseRandSAttributeBundle\">\n    &lt;PolicyRequirementRule xsi:type=\"EntityAttributeExactMatch\"\n        attributeName=\"http:\/\/macedir.org\/entity-category\"\n        attributeValue=\"http:\/\/refeds.org\/category\/research-and-scholarship\" \/>\n\n&lt;AttributeRule attributeID=\"eduPersonPrincipalName\">\n    &lt;PermitValueRule xsi:type=\"ANY\" \/>\n  &lt;\/AttributeRule>\n  &lt;AttributeRule attributeID=\"eduPersonTargetedID\">\n    &lt;PermitValueRule xsi:type=\"ANY\" \/>\n  &lt;\/AttributeRule>\n\n&lt;!-- note 'mail' should match your attribute-resolver.xml attributeID field for friendly name 'mail'\n This rule permits 'mail', urn:oid:0.9.2342.19200300.100.1.3 to be populated -->\n  &lt;AttributeRule attributeID=\"mail\">\n    &lt;PermitValueRule xsi:type=\"ANY\" \/>\n  &lt;\/AttributeRule>\n\n  &lt;AttributeRule attributeID=\"displayName\">\n    &lt;PermitValueRule xsi:type=\"ANY\" \/>\n  &lt;\/AttributeRule>\n  &lt;AttributeRule attributeID=\"givenName\">\n    &lt;PermitValueRule xsi:type=\"ANY\" \/>\n  &lt;\/AttributeRule>\n  &lt;AttributeRule attributeID=\"sn\">\n    &lt;PermitValueRule xsi:type=\"ANY\" \/>\n  &lt;\/AttributeRule>\n\n  &lt;!-- Affiliation is optional but release is still \"strongly recommended\". -->\n  &lt;AttributeRule attributeID=\"eduPersonScopedAffiliation\">\n    &lt;PermitValueRule xsi:type=\"ANY\" \/>\n  &lt;\/AttributeRule>\n\n&lt;\/AttributeFilterPolicy><\/code><\/pre>\n\n\n\n<section class=\"section section--text-columns no-background\">\n    <div class=\"grid-container\">\n      <div class=\"grid-x grid-padding-x\">\n        <div class=\"cell\">\n                    <h4>Fournisseurs de services<\/h4>\n<p>L\u2019\u00e9quipe de la FCA ajoutera l\u2019attribut de la cat\u00e9gorie d\u2019entit\u00e9 R&amp;S aux m\u00e9tadonn\u00e9es de votre fournisseur d\u2019identit\u00e9s GFI de la FCA. Un avis vous signalera quand la modification aura \u00e9t\u00e9 apport\u00e9e afin que les tests puissent commencer.<\/p>\n<p>Testez votre IdP en suivant les\u00a0<strong>instructions<\/strong>\u00a0ci-dessous.<\/p>\n                  <\/div>\n      <\/div>\n    <\/div>\n  <\/section>\n\n\n<section class=\"section section--text-columns no-background\">\n    <div class=\"grid-container\">\n      <div class=\"grid-x grid-padding-x\">\n        <div class=\"cell\">\n                  \t<h3>Tests<\/h3>\n                    <h4>Fournisseurs d\u2019identit\u00e9s<\/h4>\n<p>Pour s\u2019assurer que ses attributs sont diffus\u00e9s comme ils devraient l\u2019\u00eatre, l\u2019IdP visitera un fournisseur de services appartenant \u00e0 la cat\u00e9gorie R&amp;S. La FCA pr\u00e9conise le page <a href=\"http:\/\/release-check.edugain.org\" target=\"_blank\" rel=\"noopener\">eduGAIN Attribute Release Check<\/a>.<\/p>\n<h4>Fournisseurs de services<\/h4>\n<p>Pour tester sa configuration, le fournisseur de services identifiera un fournisseur d\u2019identit\u00e9s qui accepte la cat\u00e9gorie R&amp;S et une personne ou un compte au moyen duquel il pourra ouvrir une s\u00e9ance.<\/p>\n<p>\u00c0 la connexion, le fournisseur d\u2019identit\u00e9s devrait diffuser le jeu d\u2019attributs R&amp;S requis au fournisseur de services, signe que le syst\u00e8me est bien configur\u00e9. Les instructions ci-dessous indiquent comment effectuer un test avec un fournisseur de services utilisant Shibboleth.<\/p>\n<p>Les fournisseurs de services qui n\u2019utilisent pas Shibboleth peuvent recourir \u00e0 une autre m\u00e9thode pour s\u2019assurer que leurs attributs sont diffus\u00e9s correctement. En consultant le log une fois que la connexion a \u00e9t\u00e9 \u00e9tablie, par exemple.<\/p>\n<p><strong>L\u2019utilisation du eduGAIN Attribute Release Check permettra de s\u2019assurer que l\u2019Entity Category R&amp;S fonctionne bien et que l\u2019IdP est configur\u00e9 comme le requiert eduGAIN.<\/strong><\/p>\n                    <div class=\"button-group\">\n              \t\t\t\t  \t<a class=\"button-border-blue\" href=\"https:\/\/edugain.org\/\" target=\"_blank\">En savoir plus sur eduGAIN<\/a>\n    \t\t\t    \t\t\t    \t\t\t<\/div>\n    \t\t\t        <\/div>\n      <\/div>\n    <\/div>\n  <\/section>\n\n\n<h3 class=\"wp-block-heading has-teal-color has-text-color\">Proc\u00e9dure<\/h3>\n\n\n\n<ol class=\"wp-block-list\"><\/ol>\n\n\n\n<p>1. Ouvrir une nouvelle fen\u00eatre priv\u00e9e dans le navigateur et aller au site <a href=\"http:\/\/release-check.edugain.org\" target=\"_blank\" rel=\"noreferrer noopener\">release-check.edugain.org<\/a>\u00a0et cliquez sur le bouton vert \u00ab\u00a0Start the test\u00a0\u00bb..<\/p>\n\n\n\n<p>2. Sur la page \u00ab&nbsp;Discovery&nbsp;\u00bb, saisir le nom de l\u2019IdP. Dans cet exemple, nous utiliserons l\u2019IdP de CANARIE.<\/p>\n\n\n<div class=\"wp-block-image\">\n<figure class=\"aligncenter size-large\"><img loading=\"lazy\" decoding=\"async\" width=\"1024\" height=\"576\" src=\"https:\/\/www.canarie.ca\/wp-content\/uploads\/2024\/05\/start-the-test-4-1024x576.gif\" alt=\"\" class=\"wp-image-43251\" srcset=\"https:\/\/www.canarie.ca\/wp-content\/uploads\/2024\/05\/start-the-test-4-1024x576.gif 1024w, https:\/\/www.canarie.ca\/wp-content\/uploads\/2024\/05\/start-the-test-4-300x169.gif 300w, https:\/\/www.canarie.ca\/wp-content\/uploads\/2024\/05\/start-the-test-4-768x432.gif 768w\" sizes=\"auto, (max-width: 1024px) 100vw, 1024px\" \/><\/figure>\n<\/div>\n\n\n<p>3. Connectez-vous \u00e0 votre organisation.<\/p>\n\n\n<div class=\"wp-block-image\">\n<figure class=\"aligncenter size-large\"><img loading=\"lazy\" decoding=\"async\" width=\"1024\" height=\"477\" src=\"https:\/\/www.canarie.ca\/wp-content\/uploads\/2024\/05\/image-1024x477.png\" alt=\"\" class=\"wp-image-43222\" srcset=\"https:\/\/www.canarie.ca\/wp-content\/uploads\/2024\/05\/image-1024x477.png 1024w, https:\/\/www.canarie.ca\/wp-content\/uploads\/2024\/05\/image-300x140.png 300w, https:\/\/www.canarie.ca\/wp-content\/uploads\/2024\/05\/image-768x358.png 768w, https:\/\/www.canarie.ca\/wp-content\/uploads\/2024\/05\/image-1536x716.png 1536w, https:\/\/www.canarie.ca\/wp-content\/uploads\/2024\/05\/image.png 1912w\" sizes=\"auto, (max-width: 1024px) 100vw, 1024px\" \/><\/figure>\n<\/div>\n\n\n<p>4. Sur la page des r\u00e9sultats du test, assurez-vous d\u2019avoir obtenu un <strong>Verdict<\/strong> A- ou <strong>mieux <\/strong>dans la case <strong>REFEDS R&amp;S Test<\/strong>.<\/p>\n\n\n\n<p>5. Cliquez \u00ab&nbsp;<strong>Details<\/strong>: show&nbsp;\u00bb pour confirmer les attributs re\u00e7us.<\/p>\n\n\n<div class=\"wp-block-image\">\n<figure class=\"aligncenter size-full\"><img loading=\"lazy\" decoding=\"async\" width=\"1280\" height=\"720\" src=\"https:\/\/www.canarie.ca\/wp-content\/uploads\/2024\/05\/show-details.gif\" alt=\"\" class=\"wp-image-43245\"\/><\/figure>\n<\/div>","protected":false},"excerpt":{"rendered":"<p>Instructions techniques pour la cat\u00e9gorie Research and Scholarship (R&amp;S) Proc\u00e9dure 1. Ouvrir une nouvelle fen\u00eatre priv\u00e9e dans le navigateur et [&hellip;]<\/p>\n","protected":false},"author":3,"featured_media":0,"parent":10716,"menu_order":0,"comment_status":"closed","ping_status":"closed","template":"","meta":{"_acf_changed":false,"footnotes":""},"class_list":["post-14967","page","type-page","status-publish","hentry"],"acf":[],"yoast_head":"<!-- This site is optimized with the Yoast SEO plugin v27.4 - https:\/\/yoast.com\/product\/yoast-seo-wordpress\/ -->\n<title>Instructions techniques pour la cat\u00e9gorie R&amp;S - CANARIE<\/title>\n<meta name=\"robots\" content=\"index, follow, max-snippet:-1, max-image-preview:large, max-video-preview:-1\" \/>\n<link rel=\"canonical\" href=\"https:\/\/www.canarie.ca\/fr\/identite\/soutien\/instructions-techniques-pour-la-categorie-rs\/\" \/>\n<meta property=\"og:locale\" content=\"fr_FR\" \/>\n<meta property=\"og:type\" content=\"article\" \/>\n<meta property=\"og:title\" content=\"Instructions techniques pour la cat\u00e9gorie R&amp;S - CANARIE\" \/>\n<meta property=\"og:description\" content=\"Instructions techniques pour la cat\u00e9gorie Research and Scholarship (R&amp;S) Proc\u00e9dure 1. Ouvrir une nouvelle fen\u00eatre priv\u00e9e dans le navigateur et [&hellip;]\" \/>\n<meta property=\"og:url\" content=\"https:\/\/www.canarie.ca\/fr\/identite\/soutien\/instructions-techniques-pour-la-categorie-rs\/\" \/>\n<meta property=\"og:site_name\" content=\"CANARIE\" \/>\n<meta property=\"article:modified_time\" content=\"2024-05-13T12:58:53+00:00\" \/>\n<meta property=\"og:image\" content=\"https:\/\/www.canarie.ca\/wp-content\/uploads\/2024\/05\/start-the-test-4-1024x576.gif\" \/>\n<meta name=\"twitter:card\" content=\"summary_large_image\" \/>\n<script type=\"application\/ld+json\" class=\"yoast-schema-graph\">{\"@context\":\"https:\\\/\\\/schema.org\",\"@graph\":[{\"@type\":\"WebPage\",\"@id\":\"https:\\\/\\\/www.canarie.ca\\\/fr\\\/identite\\\/soutien\\\/instructions-techniques-pour-la-categorie-rs\\\/\",\"url\":\"https:\\\/\\\/www.canarie.ca\\\/fr\\\/identite\\\/soutien\\\/instructions-techniques-pour-la-categorie-rs\\\/\",\"name\":\"Instructions techniques pour la cat\u00e9gorie R&S - CANARIE\",\"isPartOf\":{\"@id\":\"https:\\\/\\\/www.canarie.ca\\\/#website\"},\"primaryImageOfPage\":{\"@id\":\"https:\\\/\\\/www.canarie.ca\\\/fr\\\/identite\\\/soutien\\\/instructions-techniques-pour-la-categorie-rs\\\/#primaryimage\"},\"image\":{\"@id\":\"https:\\\/\\\/www.canarie.ca\\\/fr\\\/identite\\\/soutien\\\/instructions-techniques-pour-la-categorie-rs\\\/#primaryimage\"},\"thumbnailUrl\":\"https:\\\/\\\/www.canarie.ca\\\/wp-content\\\/uploads\\\/2024\\\/05\\\/start-the-test-4-1024x576.gif\",\"datePublished\":\"2021-01-26T02:00:41+00:00\",\"dateModified\":\"2024-05-13T12:58:53+00:00\",\"breadcrumb\":{\"@id\":\"https:\\\/\\\/www.canarie.ca\\\/fr\\\/identite\\\/soutien\\\/instructions-techniques-pour-la-categorie-rs\\\/#breadcrumb\"},\"inLanguage\":\"fr-FR\",\"potentialAction\":[{\"@type\":\"ReadAction\",\"target\":[\"https:\\\/\\\/www.canarie.ca\\\/fr\\\/identite\\\/soutien\\\/instructions-techniques-pour-la-categorie-rs\\\/\"]}]},{\"@type\":\"ImageObject\",\"inLanguage\":\"fr-FR\",\"@id\":\"https:\\\/\\\/www.canarie.ca\\\/fr\\\/identite\\\/soutien\\\/instructions-techniques-pour-la-categorie-rs\\\/#primaryimage\",\"url\":\"https:\\\/\\\/www.canarie.ca\\\/wp-content\\\/uploads\\\/2024\\\/05\\\/start-the-test-4-1024x576.gif\",\"contentUrl\":\"https:\\\/\\\/www.canarie.ca\\\/wp-content\\\/uploads\\\/2024\\\/05\\\/start-the-test-4-1024x576.gif\"},{\"@type\":\"BreadcrumbList\",\"@id\":\"https:\\\/\\\/www.canarie.ca\\\/fr\\\/identite\\\/soutien\\\/instructions-techniques-pour-la-categorie-rs\\\/#breadcrumb\",\"itemListElement\":[{\"@type\":\"ListItem\",\"position\":1,\"name\":\"Accueil\",\"item\":\"https:\\\/\\\/www.canarie.ca\\\/fr\\\/\"},{\"@type\":\"ListItem\",\"position\":2,\"name\":\"Gestion des identit\u00e9s et des acc\u00e8s\",\"item\":\"https:\\\/\\\/www.canarie.ca\\\/fr\\\/identite\\\/\"},{\"@type\":\"ListItem\",\"position\":3,\"name\":\"Soutien technique \u2013 Gestion des identit\u00e9s et des acc\u00e8s\",\"item\":\"https:\\\/\\\/www.canarie.ca\\\/fr\\\/identite\\\/soutien\\\/\"},{\"@type\":\"ListItem\",\"position\":4,\"name\":\"Instructions techniques pour la cat\u00e9gorie R&#038;S\"}]},{\"@type\":\"WebSite\",\"@id\":\"https:\\\/\\\/www.canarie.ca\\\/#website\",\"url\":\"https:\\\/\\\/www.canarie.ca\\\/\",\"name\":\"CANARIE\",\"description\":\"\",\"potentialAction\":[{\"@type\":\"SearchAction\",\"target\":{\"@type\":\"EntryPoint\",\"urlTemplate\":\"https:\\\/\\\/www.canarie.ca\\\/?s={search_term_string}\"},\"query-input\":{\"@type\":\"PropertyValueSpecification\",\"valueRequired\":true,\"valueName\":\"search_term_string\"}}],\"inLanguage\":\"fr-FR\"}]}<\/script>\n<!-- \/ Yoast SEO plugin. -->","yoast_head_json":{"title":"Instructions techniques pour la cat\u00e9gorie R&S - CANARIE","robots":{"index":"index","follow":"follow","max-snippet":"max-snippet:-1","max-image-preview":"max-image-preview:large","max-video-preview":"max-video-preview:-1"},"canonical":"https:\/\/www.canarie.ca\/fr\/identite\/soutien\/instructions-techniques-pour-la-categorie-rs\/","og_locale":"fr_FR","og_type":"article","og_title":"Instructions techniques pour la cat\u00e9gorie R&S - CANARIE","og_description":"Instructions techniques pour la cat\u00e9gorie Research and Scholarship (R&amp;S) Proc\u00e9dure 1. Ouvrir une nouvelle fen\u00eatre priv\u00e9e dans le navigateur et [&hellip;]","og_url":"https:\/\/www.canarie.ca\/fr\/identite\/soutien\/instructions-techniques-pour-la-categorie-rs\/","og_site_name":"CANARIE","article_modified_time":"2024-05-13T12:58:53+00:00","og_image":[{"url":"https:\/\/www.canarie.ca\/wp-content\/uploads\/2024\/05\/start-the-test-4-1024x576.gif","type":"","width":"","height":""}],"twitter_card":"summary_large_image","schema":{"@context":"https:\/\/schema.org","@graph":[{"@type":"WebPage","@id":"https:\/\/www.canarie.ca\/fr\/identite\/soutien\/instructions-techniques-pour-la-categorie-rs\/","url":"https:\/\/www.canarie.ca\/fr\/identite\/soutien\/instructions-techniques-pour-la-categorie-rs\/","name":"Instructions techniques pour la cat\u00e9gorie R&S - CANARIE","isPartOf":{"@id":"https:\/\/www.canarie.ca\/#website"},"primaryImageOfPage":{"@id":"https:\/\/www.canarie.ca\/fr\/identite\/soutien\/instructions-techniques-pour-la-categorie-rs\/#primaryimage"},"image":{"@id":"https:\/\/www.canarie.ca\/fr\/identite\/soutien\/instructions-techniques-pour-la-categorie-rs\/#primaryimage"},"thumbnailUrl":"https:\/\/www.canarie.ca\/wp-content\/uploads\/2024\/05\/start-the-test-4-1024x576.gif","datePublished":"2021-01-26T02:00:41+00:00","dateModified":"2024-05-13T12:58:53+00:00","breadcrumb":{"@id":"https:\/\/www.canarie.ca\/fr\/identite\/soutien\/instructions-techniques-pour-la-categorie-rs\/#breadcrumb"},"inLanguage":"fr-FR","potentialAction":[{"@type":"ReadAction","target":["https:\/\/www.canarie.ca\/fr\/identite\/soutien\/instructions-techniques-pour-la-categorie-rs\/"]}]},{"@type":"ImageObject","inLanguage":"fr-FR","@id":"https:\/\/www.canarie.ca\/fr\/identite\/soutien\/instructions-techniques-pour-la-categorie-rs\/#primaryimage","url":"https:\/\/www.canarie.ca\/wp-content\/uploads\/2024\/05\/start-the-test-4-1024x576.gif","contentUrl":"https:\/\/www.canarie.ca\/wp-content\/uploads\/2024\/05\/start-the-test-4-1024x576.gif"},{"@type":"BreadcrumbList","@id":"https:\/\/www.canarie.ca\/fr\/identite\/soutien\/instructions-techniques-pour-la-categorie-rs\/#breadcrumb","itemListElement":[{"@type":"ListItem","position":1,"name":"Accueil","item":"https:\/\/www.canarie.ca\/fr\/"},{"@type":"ListItem","position":2,"name":"Gestion des identit\u00e9s et des acc\u00e8s","item":"https:\/\/www.canarie.ca\/fr\/identite\/"},{"@type":"ListItem","position":3,"name":"Soutien technique \u2013 Gestion des identit\u00e9s et des acc\u00e8s","item":"https:\/\/www.canarie.ca\/fr\/identite\/soutien\/"},{"@type":"ListItem","position":4,"name":"Instructions techniques pour la cat\u00e9gorie R&#038;S"}]},{"@type":"WebSite","@id":"https:\/\/www.canarie.ca\/#website","url":"https:\/\/www.canarie.ca\/","name":"CANARIE","description":"","potentialAction":[{"@type":"SearchAction","target":{"@type":"EntryPoint","urlTemplate":"https:\/\/www.canarie.ca\/?s={search_term_string}"},"query-input":{"@type":"PropertyValueSpecification","valueRequired":true,"valueName":"search_term_string"}}],"inLanguage":"fr-FR"}]}},"_links":{"self":[{"href":"https:\/\/www.canarie.ca\/fr\/wp-json\/wp\/v2\/pages\/14967","targetHints":{"allow":["GET"]}}],"collection":[{"href":"https:\/\/www.canarie.ca\/fr\/wp-json\/wp\/v2\/pages"}],"about":[{"href":"https:\/\/www.canarie.ca\/fr\/wp-json\/wp\/v2\/types\/page"}],"author":[{"embeddable":true,"href":"https:\/\/www.canarie.ca\/fr\/wp-json\/wp\/v2\/users\/3"}],"replies":[{"embeddable":true,"href":"https:\/\/www.canarie.ca\/fr\/wp-json\/wp\/v2\/comments?post=14967"}],"version-history":[{"count":3,"href":"https:\/\/www.canarie.ca\/fr\/wp-json\/wp\/v2\/pages\/14967\/revisions"}],"predecessor-version":[{"id":43256,"href":"https:\/\/www.canarie.ca\/fr\/wp-json\/wp\/v2\/pages\/14967\/revisions\/43256"}],"up":[{"embeddable":true,"href":"https:\/\/www.canarie.ca\/fr\/wp-json\/wp\/v2\/pages\/10716"}],"wp:attachment":[{"href":"https:\/\/www.canarie.ca\/fr\/wp-json\/wp\/v2\/media?parent=14967"}],"curies":[{"name":"wp","href":"https:\/\/api.w.org\/{rel}","templated":true}]}}