{"id":14998,"date":"2021-01-22T10:20:03","date_gmt":"2021-01-22T15:20:03","guid":{"rendered":"https:\/\/canarie.machinedev.ca\/identite\/gfi\/etudes-cas\/ligo\/"},"modified":"2021-03-25T11:45:44","modified_gmt":"2021-03-25T15:45:44","slug":"ligo","status":"publish","type":"page","link":"https:\/\/www.canarie.ca\/fr\/identite\/gfi\/etudes-cas\/ligo\/","title":{"rendered":"LIGO"},"content":{"rendered":"\n\n<section class=\"section section--text-with-image  alignfull container squares-right\">\n  <svg version=\"1.1\" class=\"animated-square-graphic\" xmlns=\"http:\/\/www.w3.org\/2000\/svg\" xmlns:xlink=\"http:\/\/www.w3.org\/1999\/xlink\" x=\"0px\" y=\"0px\"\n\t viewBox=\"0 0 1084.85 1080\" style=\"enable-background:new 0 0 1084.85 1080;\" xml:space=\"preserve\">\n<style type=\"text\/css\">\n\t.st0{opacity:0.51;fill:#FEFEFE;}\n\t.st1{fill:#F4F4F5;}\n\t.st2{fill:#58C3D2;}\n\t.st3{fill:#E90D0B;}\n\t.st4{fill:#393D3F;}\n<\/style>\n<g>\n\t<path class=\"st0\" d=\"M275.09,0c0,20.92,0.02,41.84-0.04,62.75c-0.01,1.9,0.82,4.06-1.04,5.66c-1.33-1.48-1.49-3.32-1.5-5.17\n\t\tc-0.07-19.54-0.1-39.07,0.02-58.61c0.01-1,0.15-2,0.5-2.95c0.27-0.62,0.62-1.18,1.06-1.68C274.42,0,274.76,0,275.09,0z\"\/>\n\t<path class=\"st0\" d=\"M270.93,134.87c0,0.67,0,1.34,0,2.01c-1.96-0.21-3.39-1.13-2.71-3.24c0.6-1.87,2.15-2.92,4.31-2.71\n\t\tc21.9,2.09,43.85,0.35,65.77,0.92c-0.01,0.67-0.01,1.34-0.02,2.01c-1.73,0.94-3.6,0.46-5.4,0.47c-19.36,0.04-38.73,0.02-58.09,0.04\n\t\tC273.5,134.36,272.11,133.88,270.93,134.87z\"\/>\n\t<path class=\"st0\" d=\"M67.6,132.85c-0.22,2.23,0.79,3.24,3.02,3.02c-0.21,1.56-0.6,3.05-2.65,2.59c-1.53-0.34-2.62-1.44-2.96-2.96\n\t\tC64.55,133.46,66.04,133.06,67.6,132.85z\"\/>\n\t<path class=\"st0\" d=\"M270.93,134.87c0.15-0.9,0.44-1.31,1.6-1.31c21.92,0.15,43.84,0.21,65.76,0.29c-1.46,1.71-3.44,0.97-5.18,0.97\n\t\tC312.38,134.88,291.66,134.87,270.93,134.87z\"\/>\n\t<rect x=\"71.76\" y=\"67.43\" class=\"st1\" width=\"67.44\" height=\"67.44\"\/>\n\t<rect x=\"206.62\" class=\"st2\" width=\"67.44\" height=\"67.44\"\/>\n\t<rect x=\"410.45\" class=\"st2\" width=\"67.44\" height=\"67.44\"\/>\n\t<rect x=\"343.11\" y=\"67.73\" class=\"st2\" width=\"67.44\" height=\"67.44\"\/>\n\t<rect x=\"544.46\" y=\"0.06\" class=\"st1\" width=\"67.44\" height=\"67.44\"\/>\n\t<rect x=\"680.21\" class=\"st1\" width=\"67.44\" height=\"67.44\"\/>\n\t<rect x=\"815.09\" class=\"st1\" width=\"67.44\" height=\"67.44\"\/>\n\t<rect x=\"949.97\" class=\"st2\" width=\"67.44\" height=\"67.44\"\/>\n\t<rect x=\"477.89\" y=\"67.73\" class=\"st3\" width=\"67.44\" height=\"67.44\"\/>\n\t<rect x=\"612.77\" y=\"67.73\" class=\"st2\" width=\"67.44\" height=\"67.44\"\/>\n\t<rect x=\"747.65\" y=\"67.73\" class=\"st4\" width=\"67.44\" height=\"67.44\"\/>\n\t<rect x=\"882.53\" y=\"67.83\" class=\"st1\" width=\"67.44\" height=\"67.44\"\/>\n\t<rect x=\"1017.41\" y=\"67.73\" class=\"st2\" width=\"67.44\" height=\"67.44\"\/>\n\t<rect x=\"1017.41\" y=\"203.13\" class=\"st2\" width=\"67.44\" height=\"67.44\"\/>\n\t<rect x=\"275.67\" y=\"135.45\" class=\"st1\" width=\"67.44\" height=\"67.44\"\/>\n\t<rect x=\"208.23\" y=\"202.81\" class=\"st3\" width=\"67.44\" height=\"67.44\"\/>\n\t<rect x=\"1.8\" y=\"202.81\" class=\"st1\" width=\"67.44\" height=\"67.44\"\/>\n\t<rect x=\"69.24\" y=\"270.83\" class=\"st2\" width=\"67.44\" height=\"67.44\"\/>\n\t<rect x=\"410.55\" y=\"270.57\" class=\"st1\" width=\"67.44\" height=\"67.44\"\/>\n\t<rect x=\"545.43\" y=\"270.57\" class=\"st1\" width=\"67.44\" height=\"67.44\"\/>\n\t<rect x=\"680.44\" y=\"270.57\" class=\"st2\" width=\"67.44\" height=\"67.44\"\/>\n\t<rect x=\"815.3\" y=\"270.57\" class=\"st1\" width=\"67.44\" height=\"67.44\"\/>\n\t<rect x=\"950.11\" y=\"270.57\" class=\"st2\" width=\"67.44\" height=\"67.44\"\/>\n\t<rect x=\"1017.41\" y=\"270.57\" class=\"st4\" width=\"67.44\" height=\"67.44\"\/>\n\t<rect x=\"1017.41\" y=\"338.01\" class=\"st2\" width=\"67.44\" height=\"67.44\"\/>\n\t<rect x=\"882.5\" y=\"338.16\" class=\"st2\" width=\"67.44\" height=\"67.44\"\/>\n\t<rect x=\"747.86\" y=\"338.16\" class=\"st1\" width=\"67.44\" height=\"67.44\"\/>\n\t<rect x=\"612.87\" y=\"338.16\" class=\"st2\" width=\"67.44\" height=\"67.44\"\/>\n\t<rect x=\"271.44\" y=\"338.01\" class=\"st1\" width=\"67.44\" height=\"67.44\"\/>\n\t<rect x=\"136.7\" y=\"405.75\" class=\"st3\" width=\"67.44\" height=\"67.44\"\/>\n\t<rect x=\"407.3\" y=\"405.6\" class=\"st3\" width=\"67.44\" height=\"67.44\"\/>\n\t<rect x=\"815.06\" y=\"405.6\" class=\"st2\" width=\"67.44\" height=\"67.44\"\/>\n\t<rect x=\"950.11\" y=\"405.6\" class=\"st1\" width=\"67.44\" height=\"67.44\"\/>\n\t<rect x=\"1017.41\" y=\"473.04\" class=\"st1\" width=\"67.44\" height=\"67.44\"\/>\n\t<rect x=\"882.5\" y=\"473.04\" class=\"st1\" width=\"67.44\" height=\"67.44\"\/>\n\t<rect x=\"747.62\" y=\"473.04\" class=\"st1\" width=\"67.44\" height=\"67.44\"\/>\n\t<rect x=\"611.17\" y=\"473.04\" class=\"st4\" width=\"67.44\" height=\"67.44\"\/>\n\t<rect y=\"475.55\" class=\"st1\" width=\"67.44\" height=\"67.44\"\/>\n\t<rect x=\"410.55\" y=\"135.45\" class=\"st4\" width=\"67.44\" height=\"67.44\"\/>\n\t<rect x=\"680.42\" y=\"135.17\" class=\"st1\" width=\"67.44\" height=\"67.44\"\/>\n\t<rect x=\"815.23\" y=\"135.36\" class=\"st1\" width=\"67.44\" height=\"67.44\"\/>\n\t<rect x=\"950.12\" y=\"135.36\" class=\"st4\" width=\"67.44\" height=\"67.44\"\/>\n\t<rect x=\"343.11\" y=\"202.81\" class=\"st3\" width=\"67.44\" height=\"67.44\"\/>\n\t<rect x=\"477.99\" y=\"202.81\" class=\"st2\" width=\"67.44\" height=\"67.44\"\/>\n\t<rect x=\"613\" y=\"202.81\" class=\"st4\" width=\"67.44\" height=\"67.44\"\/>\n\t<rect x=\"747.86\" y=\"202.74\" class=\"st2\" width=\"67.44\" height=\"67.44\"\/>\n\t<rect x=\"882.67\" y=\"202.8\" class=\"st2\" width=\"67.44\" height=\"67.44\"\/>\n\t<rect x=\"950.08\" y=\"540.48\" class=\"st2\" width=\"67.44\" height=\"67.44\"\/>\n\t<rect x=\"815.06\" y=\"540.48\" class=\"st2\" width=\"67.44\" height=\"67.44\"\/>\n\t<rect x=\"1017.41\" y=\"607.92\" class=\"st2\" width=\"67.44\" height=\"67.44\"\/>\n\t<rect x=\"882.44\" y=\"607.92\" class=\"st4\" width=\"67.44\" height=\"67.44\"\/>\n\t<rect x=\"747.62\" y=\"607.92\" class=\"st4\" width=\"67.44\" height=\"67.44\"\/>\n\t<rect x=\"950.06\" y=\"675.36\" class=\"st1\" width=\"67.44\" height=\"67.44\"\/>\n\t<rect x=\"815\" y=\"675.36\" class=\"st2\" width=\"67.44\" height=\"67.44\"\/>\n\t<rect x=\"680.18\" y=\"675.36\" class=\"st2\" width=\"67.44\" height=\"67.44\"\/>\n\t<rect x=\"882.7\" y=\"742.8\" class=\"st1\" width=\"67.44\" height=\"67.44\"\/>\n\t<rect x=\"1017.41\" y=\"742.8\" class=\"st2\" width=\"67.44\" height=\"67.44\"\/>\n\t<rect x=\"1017.41\" y=\"810.24\" class=\"st1\" width=\"67.44\" height=\"67.44\"\/>\n\t<rect x=\"950.06\" y=\"810.24\" class=\"st2\" width=\"67.44\" height=\"67.44\"\/>\n\t<rect x=\"950.06\" y=\"877.68\" class=\"st3\" width=\"67.44\" height=\"67.44\"\/>\n\t<rect x=\"882.62\" y=\"877.68\" class=\"st2\" width=\"67.44\" height=\"67.44\"\/>\n\t<rect x=\"747.66\" y=\"877.68\" class=\"st3\" width=\"67.44\" height=\"67.44\"\/>\n\t<rect x=\"680.22\" y=\"877.68\" class=\"st1\" width=\"67.44\" height=\"67.44\"\/>\n\t<rect x=\"815.06\" y=\"945.12\" class=\"st4\" width=\"67.44\" height=\"67.44\"\/>\n\t<rect x=\"747.66\" y=\"945.12\" class=\"st2\" width=\"67.44\" height=\"67.44\"\/>\n\t<rect x=\"1017.5\" y=\"945.12\" class=\"st4\" width=\"67.44\" height=\"67.44\"\/>\n\t<rect x=\"950.06\" y=\"945.12\" class=\"st2\" width=\"67.44\" height=\"67.44\"\/>\n\t<rect x=\"882.5\" y=\"1012.56\" class=\"st4\" width=\"67.44\" height=\"67.44\"\/>\n\t<rect x=\"1017.5\" y=\"1012.56\" class=\"st2\" width=\"67.44\" height=\"67.44\"\/>\n\t<rect x=\"545.3\" y=\"1012.56\" class=\"st4\" width=\"67.44\" height=\"67.44\"\/>\n\t<rect x=\"407.54\" y=\"1012.56\" class=\"st2\" width=\"67.44\" height=\"67.44\"\/>\n\t<rect x=\"815.06\" y=\"1012.56\" class=\"st2\" width=\"67.44\" height=\"67.44\"\/>\n\t<rect x=\"747.66\" y=\"1012.56\" class=\"st3\" width=\"67.44\" height=\"67.44\"\/>\n\t<rect x=\"680.18\" y=\"1012.56\" class=\"st2\" width=\"67.44\" height=\"67.44\"\/>\n\t<rect x=\"747.62\" y=\"742.8\" class=\"st2\" width=\"67.44\" height=\"67.44\"\/>\n\t<rect x=\"612.74\" y=\"742.8\" class=\"st4\" width=\"67.44\" height=\"67.44\"\/>\n\t<rect x=\"545.3\" y=\"877.68\" class=\"st2\" width=\"67.44\" height=\"67.44\"\/>\n\t<rect x=\"612.74\" y=\"945.12\" class=\"st4\" width=\"67.44\" height=\"67.44\"\/>\n<\/g>\n<\/svg>\n  <div class=\"grid-container simple-fade\">\n    <div class=\"grid-x grid-padding-x align-middle\">\n      <div class=\"cell medium-6 \">\n\t\t  \t\t\t  <img decoding=\"async\" src=\"https:\/\/www.canarie.ca\/wp-content\/uploads\/2021\/02\/Identity_cs_ligo.png\" alt=\"\">\n\t\t        <\/div>\n      <div class=\"cell medium-6  text-left text-cell \">\n  \t\t  \t\t          <h1 class=\"cssanimation leFadeIn\">Aider les chercheurs \u00e0 surfer sur la vague de donn\u00e9es du LIGO<\/h1>\n  \t\t  \t\t                              <\/div>\n    <\/div>\n  <\/div>\n<\/section>\n\n\n\n\n\n<section class=\"section section--text-columns no-background\">\n    <div class=\"grid-container\">\n      <div class=\"grid-x grid-padding-x\">\n        <div class=\"cell\">\n                  \t<h3>Quel \u00e9tait le probl\u00e8me scientifique?<\/h3>\n                    <p>Selon la th\u00e9orie de la relativit\u00e9 d\u2019Albert Einstein, la collision de deux trous noirs devrait lib\u00e9rer une colossale quantit\u00e9 d\u2019\u00e9nergie sous forme d\u2019ondes gravitationnelles. Ces ondulations de l\u2019espace-temps parcourent des millions d\u2019ann\u00e9es-lumi\u00e8re avant d\u2019atteindre la Terre, o\u00f9 les chercheurs observent les signaux issus du cosmos gr\u00e2ce aux d\u00e9tecteurs du LIGO ou observatoire d\u2019ondes gravitationnelles \u00e0 interf\u00e9rom\u00e8tre \u00e0 laser, une installation de deux milliards de dollars qu\u2019exploitent en tandem le MIT et CalTech.<\/p>\n<p>Le LIGO compte deux d\u00e9tecteurs, le premier en Louisiane et le second dans l\u2019\u00c9tat de Washington. Au-del\u00e0 de 200\u00a0chercheurs s\u2019occupent de ce laboratoire, qu\u2019ils administrent, mais un millier de physiciens, d\u2019astrophysiciens et d\u2019astronomes du monde entier ont acc\u00e8s aux donn\u00e9es enregistr\u00e9es par ses appareils. Ces scientifiques collaborent \u00e0 de vastes projets s\u2019appuyant sur les donn\u00e9es du LIGO et doivent pouvoir acc\u00e9der \u00e0 celles-ci ainsi qu\u2019aux outils et aux services r\u00e9partis pour mener \u00e0 bien leurs travaux.<\/p>\n                  <\/div>\n      <\/div>\n    <\/div>\n  <\/section>\n\n\n<section class=\"section section--text-columns no-background\">\n    <div class=\"grid-container\">\n      <div class=\"grid-x grid-padding-x\">\n        <div class=\"cell\">\n                  \t<h3>Quel probl\u00e8me posait l\u2019identification?<\/h3>\n                    <p>Pour faciliter la collaboration, les chercheurs avaient d\u2019abord cr\u00e9\u00e9 leurs propres wikis, listes de diffusion et d\u00e9p\u00f4ts de codes, chaque membre de chaque \u00e9quipe devant garder une longue liste d\u2019identifiants et de mots de passe pour avoir acc\u00e8s aux diff\u00e9rents sites. Pareille solution ne pouvait durer. Les scientifiques voulaient se concentrer sur la recherche, pas sur la gestion d\u2019innombrables comptes d\u2019utilisateurs.<\/p>\n<p>&nbsp;<\/p>\n<h2 style=\"text-align: center;\">Plus de 1 000 scientifiques de<br \/>\nla plan\u00e8te consultent en toute<br \/>\ns\u00e9curit\u00e9 les donn\u00e9es du LIGO.<\/h2>\n                  <\/div>\n      <\/div>\n    <\/div>\n  <\/section>\n\n\n<section class=\"section section--text-columns no-background\">\n    <div class=\"grid-container\">\n      <div class=\"grid-x grid-padding-x\">\n        <div class=\"cell\">\n                  \t<h3>Quelle solution a-t-on trouv\u00e9?<\/h3>\n                    <p>Les techniciens du LIGO \u00e9taient conscients du probl\u00e8me et savaient qu\u2019il existait une meilleure fa\u00e7on de g\u00e9rer les identit\u00e9s et les acc\u00e8s, c\u2019est-\u00e0-dire de s\u2019assurer que les bonnes personnes consultent les donn\u00e9es et qu\u2019elles ont le droit de le faire. Ils ont donc commenc\u00e9 par b\u00e2tir leur propre infrastructure d\u2019authentification, pr\u00e9voyant passer \u00e0 un mod\u00e8le f\u00e9d\u00e9r\u00e9 par la suite. En vertu de ce mod\u00e8le, c\u2019est l\u2019institution \u00e0 laquelle appartient l\u2019utilisateur qui v\u00e9rifie l\u2019identit\u00e9 de ce dernier et s\u2019assure qu\u2019il peut acc\u00e9der aux donn\u00e9es en diffusant certaines informations. L\u2019architecture \u00e9volutive du syst\u00e8me f\u00e9d\u00e9r\u00e9 a fait ses preuves et ses possibilit\u00e9s d\u2019expansion \u00e9taient ce qui s\u00e9duisait l\u2019\u00e9quipe du LIGO. Le LIGO \u00e9tant un centre mondial de collaboration en sciences, les chercheurs de maintes disciplines doivent pouvoir acc\u00e9der \u00e0 ses donn\u00e9es et \u00e0 ses services. Le mod\u00e8le f\u00e9d\u00e9r\u00e9 de gestion des identit\u00e9s \u00e9tait la meilleure solution pour r\u00e9pondre aux besoins en perp\u00e9tuelle \u00e9volution des scientifiques.<\/p>\n                  <\/div>\n      <\/div>\n    <\/div>\n  <\/section>\n\n\n<blockquote class=\"wp-block-quote is-layout-flow wp-block-quote-is-layout-flow\"><p><em><em><em>Selon Warren G. Anderson, chercheur associ\u00e9 au d\u00e9partement de physique de l\u2019Universit\u00e9 du Wisconsin \u00e0 Milwaukee, \u00ab&nbsp;un acc\u00e8s uniforme et s\u00fbr aux ressources du LIGO facilite la collaboration entre les astronomes des quatre coins du monde, car il leur permet de consulter quelques-uns des jeux de donn\u00e9es en astrophysique les plus extraordinaires de la plan\u00e8te. En se coordonnant avec le LIGO, ils peuvent r\u00e9aliser des d\u00e9couvertes sur l\u2019essence m\u00eame de l\u2019univers et les forces qui l\u2019agitent, ce qu\u2019aucun instrument ne peut faire \u00e0 lui seul.&nbsp;\u00bb<\/em><\/em><\/em><\/p><\/blockquote>\n\n\n\n<section class=\"section section--text-columns no-background\">\n    <div class=\"grid-container\">\n      <div class=\"grid-x grid-padding-x\">\n        <div class=\"cell\">\n                    <p>Le d\u00e9ploiement du mod\u00e8le f\u00e9d\u00e9r\u00e9 pour faciliter la collaboration entre les scientifiques exploitant les donn\u00e9es produites par les d\u00e9tecteurs du LIGO s\u2019est av\u00e9r\u00e9 un grand succ\u00e8s. Beaucoup de chercheurs qui en ont d\u00e9couvert les avantages, souhaitent d\u00e9sormais appliquer ce mod\u00e8le \u00e0 de nouveaux projets, car son approche, expansible et \u00e9prouv\u00e9e, fait merveille pour la gestion des identit\u00e9s et des acc\u00e8s dans le contexte des coop\u00e9rations mondiales en sciences.<\/p>\n                  <\/div>\n      <\/div>\n    <\/div>\n  <\/section>\n\n\n<section class=\"section section--text-columns no-background\">\n    <div class=\"grid-container\">\n      <div class=\"grid-x grid-padding-x\">\n        <div class=\"cell\">\n                  \t<h3>Et maintenant?<\/h3>\n                    <p>Le mod\u00e8le f\u00e9d\u00e9r\u00e9 de gestion des identit\u00e9s et des acc\u00e8s \u00ab\u00a0est l\u2019infrastructure qui se pr\u00eate le mieux \u00e0 la collaboration\u00a0\u00bb, a affirm\u00e9 Scott Koranda, chercheur principal \u00e0 l\u2019Universit\u00e9 du Wisconsin \u00e0 Milwaukee. Pour l\u2019instant, le LIGO fonctionne comme un fournisseur d\u2019identit\u00e9s. Il v\u00e9rifie l\u2019identit\u00e9 de ses collaborateurs scientifiques. Toutefois, il cessera \u00e9ventuellement de le faire et ce sont les justificatifs de l\u2019institution \u00e0 laquelle appartient le chercheur qui permettront \u00e0 celui-ci d\u2019acc\u00e9der aux donn\u00e9es et aux services.<\/p>\n<p>La r\u00e9ussite du mod\u00e8le f\u00e9d\u00e9r\u00e9 pave la voie \u00e0 d\u2019autres services qui \u00e9largissent la collaboration scientifique. Ainsi l\u2019\u00e9quipe du LIGO \u0153uvre \u00e9troitement avec la REFEDs, organisation qui voit aux besoins des f\u00e9d\u00e9rations d\u2019identit\u00e9s des milieux de la recherche et de l\u2019\u00e9ducation dans le monde. La REFEDs s\u2019efforce de trouver des approches consensuelles qu\u2019\u00e9pouseront toutes les f\u00e9d\u00e9rations d\u2019identit\u00e9s et \u00e9labore des politiques sur divers dossiers comme l\u2019interf\u00e9d\u00e9ration, la protection des renseignements personnels, les assurances et les liens entre collectivit\u00e9s partenaires.<\/p>\n<h2 style=\"text-align: center;\">La gestion f\u00e9d\u00e9r\u00e9e des identit\u00e9s et<br \/>\ndes acc\u00e9s offrait l&rsquo;infrastructure id\u00e9ale pour<br \/>\nla colloboration des chercheurs<\/h2>\n<p>&nbsp;<\/p>\n<p>Pour l\u2019\u00e9quipe du LIGO, par son int\u00e9grit\u00e9, le syst\u00e8me f\u00e9d\u00e9r\u00e9 sert de tremplin \u00e0 toute une gamme de nouvelles initiatives, notamment la possibilit\u00e9 de travailler avec des homologues de l\u2019\u00e9tranger sur des questions comme la cybers\u00e9curit\u00e9, le degr\u00e9 d\u2019assurance et l\u2019authentification par param\u00e8tres multiples.<\/p>\n<p>Le d\u00e9ploiement d\u2019un cadre f\u00e9d\u00e9r\u00e9 \u00e9volutif, qui a fait ses preuves en permettant la collaboration de centaines de scientifiques, n\u2019est qu\u2019un des exploits de l\u2019\u00e9quipe du LIGO. Le principal a \u00e9t\u00e9 de prouver l\u2019existence des vagues gravitationnelles, donc de corroborer la th\u00e9orie d\u2019Einstein et de r\u00e9aliser une v\u00e9ritable perc\u00e9e en physique.<\/p>\n<h2 style=\"text-align: center;\">La collaboration est la voie de l&rsquo;avenir,<br \/>\net la F\u00e9d\u00e9ration canadienne d&rsquo;acc\u00e8s de<br \/>\nCANARIE facilite un acc\u00e8s s\u00e9curis\u00e9 et<br \/>\nharmonieux aux ressources<br \/>\nmondiales en recherche.<\/h2>\n                  <\/div>\n      <\/div>\n    <\/div>\n  <\/section>\n\n\n<section class=\"section section--resources\">\n  <div class=\"grid-container text-center\">\n        \t<p class=\"subtitle\">T\u00e9l\u00e9chargez l&rsquo;\u00e9tude de cas<\/p>\n              <ul class=\"resource-links\">\n                <li>\n            <a href=\"https:\/\/www.canarie.ca\/wp-content\/uploads\/2021\/02\/LIGO-FCA-etude-de-cas.pdf\" target=\"_blank\">\n              <img decoding=\"async\" src=\"https:\/\/www.canarie.ca\/wp-content\/themes\/canarie\/img\/icon-pdf.svg\" alt=\"\">\n              <span>L\u2019\u00e9tude de cas \u2013 LIGO<\/span>\n            <\/a>\n          <\/li>\n                  <\/ul>\n          \n  <\/div>\n<\/section>\n  ","protected":false},"excerpt":{"rendered":"<p>Selon Warren G. Anderson, chercheur associ\u00e9 au d\u00e9partement de physique de l\u2019Universit\u00e9 du Wisconsin \u00e0 Milwaukee, \u00ab&nbsp;un acc\u00e8s uniforme et [&hellip;]<\/p>\n","protected":false},"author":3,"featured_media":18576,"parent":8523,"menu_order":0,"comment_status":"closed","ping_status":"closed","template":"","meta":{"_acf_changed":false,"footnotes":""},"class_list":["post-14998","page","type-page","status-publish","has-post-thumbnail","hentry"],"acf":[],"yoast_head":"<!-- This site is optimized with the Yoast SEO plugin v27.3 - https:\/\/yoast.com\/product\/yoast-seo-wordpress\/ -->\n<title>LIGO - CANARIE<\/title>\n<meta name=\"robots\" content=\"index, follow, max-snippet:-1, max-image-preview:large, max-video-preview:-1\" \/>\n<link rel=\"canonical\" href=\"https:\/\/www.canarie.ca\/fr\/identite\/gfi\/etudes-cas\/ligo\/\" \/>\n<meta property=\"og:locale\" content=\"fr_FR\" \/>\n<meta property=\"og:type\" content=\"article\" \/>\n<meta property=\"og:title\" content=\"LIGO - CANARIE\" \/>\n<meta property=\"og:description\" content=\"Selon Warren G. Anderson, chercheur associ\u00e9 au d\u00e9partement de physique de l\u2019Universit\u00e9 du Wisconsin \u00e0 Milwaukee, \u00ab&nbsp;un acc\u00e8s uniforme et [&hellip;]\" \/>\n<meta property=\"og:url\" content=\"https:\/\/www.canarie.ca\/fr\/identite\/gfi\/etudes-cas\/ligo\/\" \/>\n<meta property=\"og:site_name\" content=\"CANARIE\" \/>\n<meta property=\"article:modified_time\" content=\"2021-03-25T15:45:44+00:00\" \/>\n<meta property=\"og:image\" content=\"https:\/\/www.canarie.ca\/wp-content\/uploads\/2021\/02\/Identity_cs_ligo.png\" \/>\n\t<meta property=\"og:image:width\" content=\"608\" \/>\n\t<meta property=\"og:image:height\" content=\"405\" \/>\n\t<meta property=\"og:image:type\" content=\"image\/png\" \/>\n<meta name=\"twitter:card\" content=\"summary_large_image\" \/>\n<script type=\"application\/ld+json\" class=\"yoast-schema-graph\">{\"@context\":\"https:\\\/\\\/schema.org\",\"@graph\":[{\"@type\":\"WebPage\",\"@id\":\"https:\\\/\\\/www.canarie.ca\\\/fr\\\/identite\\\/gfi\\\/etudes-cas\\\/ligo\\\/\",\"url\":\"https:\\\/\\\/www.canarie.ca\\\/fr\\\/identite\\\/gfi\\\/etudes-cas\\\/ligo\\\/\",\"name\":\"LIGO - CANARIE\",\"isPartOf\":{\"@id\":\"https:\\\/\\\/www.canarie.ca\\\/#website\"},\"primaryImageOfPage\":{\"@id\":\"https:\\\/\\\/www.canarie.ca\\\/fr\\\/identite\\\/gfi\\\/etudes-cas\\\/ligo\\\/#primaryimage\"},\"image\":{\"@id\":\"https:\\\/\\\/www.canarie.ca\\\/fr\\\/identite\\\/gfi\\\/etudes-cas\\\/ligo\\\/#primaryimage\"},\"thumbnailUrl\":\"https:\\\/\\\/www.canarie.ca\\\/wp-content\\\/uploads\\\/2021\\\/02\\\/Identity_cs_ligo.png\",\"datePublished\":\"2021-01-22T15:20:03+00:00\",\"dateModified\":\"2021-03-25T15:45:44+00:00\",\"breadcrumb\":{\"@id\":\"https:\\\/\\\/www.canarie.ca\\\/fr\\\/identite\\\/gfi\\\/etudes-cas\\\/ligo\\\/#breadcrumb\"},\"inLanguage\":\"fr-FR\",\"potentialAction\":[{\"@type\":\"ReadAction\",\"target\":[\"https:\\\/\\\/www.canarie.ca\\\/fr\\\/identite\\\/gfi\\\/etudes-cas\\\/ligo\\\/\"]}]},{\"@type\":\"ImageObject\",\"inLanguage\":\"fr-FR\",\"@id\":\"https:\\\/\\\/www.canarie.ca\\\/fr\\\/identite\\\/gfi\\\/etudes-cas\\\/ligo\\\/#primaryimage\",\"url\":\"https:\\\/\\\/www.canarie.ca\\\/wp-content\\\/uploads\\\/2021\\\/02\\\/Identity_cs_ligo.png\",\"contentUrl\":\"https:\\\/\\\/www.canarie.ca\\\/wp-content\\\/uploads\\\/2021\\\/02\\\/Identity_cs_ligo.png\",\"width\":608,\"height\":405},{\"@type\":\"BreadcrumbList\",\"@id\":\"https:\\\/\\\/www.canarie.ca\\\/fr\\\/identite\\\/gfi\\\/etudes-cas\\\/ligo\\\/#breadcrumb\",\"itemListElement\":[{\"@type\":\"ListItem\",\"position\":1,\"name\":\"Accueil\",\"item\":\"https:\\\/\\\/www.canarie.ca\\\/fr\\\/homepage\\\/\"},{\"@type\":\"ListItem\",\"position\":2,\"name\":\"Gestion des identit\u00e9s et des acc\u00e8s\",\"item\":\"https:\\\/\\\/www.canarie.ca\\\/fr\\\/identite\\\/\"},{\"@type\":\"ListItem\",\"position\":3,\"name\":\"La gestion f\u00e9d\u00e9r\u00e9e des identit\u00e9s (GFI)\",\"item\":\"https:\\\/\\\/www.canarie.ca\\\/fr\\\/identite\\\/gfi\\\/\"},{\"@type\":\"ListItem\",\"position\":4,\"name\":\"\u00c9tudes de cas\",\"item\":\"https:\\\/\\\/www.canarie.ca\\\/fr\\\/identite\\\/gfi\\\/etudes-cas\\\/\"},{\"@type\":\"ListItem\",\"position\":5,\"name\":\"LIGO\"}]},{\"@type\":\"WebSite\",\"@id\":\"https:\\\/\\\/www.canarie.ca\\\/#website\",\"url\":\"https:\\\/\\\/www.canarie.ca\\\/\",\"name\":\"CANARIE\",\"description\":\"\",\"potentialAction\":[{\"@type\":\"SearchAction\",\"target\":{\"@type\":\"EntryPoint\",\"urlTemplate\":\"https:\\\/\\\/www.canarie.ca\\\/?s={search_term_string}\"},\"query-input\":{\"@type\":\"PropertyValueSpecification\",\"valueRequired\":true,\"valueName\":\"search_term_string\"}}],\"inLanguage\":\"fr-FR\"}]}<\/script>\n<!-- \/ Yoast SEO plugin. -->","yoast_head_json":{"title":"LIGO - CANARIE","robots":{"index":"index","follow":"follow","max-snippet":"max-snippet:-1","max-image-preview":"max-image-preview:large","max-video-preview":"max-video-preview:-1"},"canonical":"https:\/\/www.canarie.ca\/fr\/identite\/gfi\/etudes-cas\/ligo\/","og_locale":"fr_FR","og_type":"article","og_title":"LIGO - CANARIE","og_description":"Selon Warren G. Anderson, chercheur associ\u00e9 au d\u00e9partement de physique de l\u2019Universit\u00e9 du Wisconsin \u00e0 Milwaukee, \u00ab&nbsp;un acc\u00e8s uniforme et [&hellip;]","og_url":"https:\/\/www.canarie.ca\/fr\/identite\/gfi\/etudes-cas\/ligo\/","og_site_name":"CANARIE","article_modified_time":"2021-03-25T15:45:44+00:00","og_image":[{"width":608,"height":405,"url":"https:\/\/www.canarie.ca\/wp-content\/uploads\/2021\/02\/Identity_cs_ligo.png","type":"image\/png"}],"twitter_card":"summary_large_image","schema":{"@context":"https:\/\/schema.org","@graph":[{"@type":"WebPage","@id":"https:\/\/www.canarie.ca\/fr\/identite\/gfi\/etudes-cas\/ligo\/","url":"https:\/\/www.canarie.ca\/fr\/identite\/gfi\/etudes-cas\/ligo\/","name":"LIGO - CANARIE","isPartOf":{"@id":"https:\/\/www.canarie.ca\/#website"},"primaryImageOfPage":{"@id":"https:\/\/www.canarie.ca\/fr\/identite\/gfi\/etudes-cas\/ligo\/#primaryimage"},"image":{"@id":"https:\/\/www.canarie.ca\/fr\/identite\/gfi\/etudes-cas\/ligo\/#primaryimage"},"thumbnailUrl":"https:\/\/www.canarie.ca\/wp-content\/uploads\/2021\/02\/Identity_cs_ligo.png","datePublished":"2021-01-22T15:20:03+00:00","dateModified":"2021-03-25T15:45:44+00:00","breadcrumb":{"@id":"https:\/\/www.canarie.ca\/fr\/identite\/gfi\/etudes-cas\/ligo\/#breadcrumb"},"inLanguage":"fr-FR","potentialAction":[{"@type":"ReadAction","target":["https:\/\/www.canarie.ca\/fr\/identite\/gfi\/etudes-cas\/ligo\/"]}]},{"@type":"ImageObject","inLanguage":"fr-FR","@id":"https:\/\/www.canarie.ca\/fr\/identite\/gfi\/etudes-cas\/ligo\/#primaryimage","url":"https:\/\/www.canarie.ca\/wp-content\/uploads\/2021\/02\/Identity_cs_ligo.png","contentUrl":"https:\/\/www.canarie.ca\/wp-content\/uploads\/2021\/02\/Identity_cs_ligo.png","width":608,"height":405},{"@type":"BreadcrumbList","@id":"https:\/\/www.canarie.ca\/fr\/identite\/gfi\/etudes-cas\/ligo\/#breadcrumb","itemListElement":[{"@type":"ListItem","position":1,"name":"Accueil","item":"https:\/\/www.canarie.ca\/fr\/homepage\/"},{"@type":"ListItem","position":2,"name":"Gestion des identit\u00e9s et des acc\u00e8s","item":"https:\/\/www.canarie.ca\/fr\/identite\/"},{"@type":"ListItem","position":3,"name":"La gestion f\u00e9d\u00e9r\u00e9e des identit\u00e9s (GFI)","item":"https:\/\/www.canarie.ca\/fr\/identite\/gfi\/"},{"@type":"ListItem","position":4,"name":"\u00c9tudes de cas","item":"https:\/\/www.canarie.ca\/fr\/identite\/gfi\/etudes-cas\/"},{"@type":"ListItem","position":5,"name":"LIGO"}]},{"@type":"WebSite","@id":"https:\/\/www.canarie.ca\/#website","url":"https:\/\/www.canarie.ca\/","name":"CANARIE","description":"","potentialAction":[{"@type":"SearchAction","target":{"@type":"EntryPoint","urlTemplate":"https:\/\/www.canarie.ca\/?s={search_term_string}"},"query-input":{"@type":"PropertyValueSpecification","valueRequired":true,"valueName":"search_term_string"}}],"inLanguage":"fr-FR"}]}},"_links":{"self":[{"href":"https:\/\/www.canarie.ca\/fr\/wp-json\/wp\/v2\/pages\/14998","targetHints":{"allow":["GET"]}}],"collection":[{"href":"https:\/\/www.canarie.ca\/fr\/wp-json\/wp\/v2\/pages"}],"about":[{"href":"https:\/\/www.canarie.ca\/fr\/wp-json\/wp\/v2\/types\/page"}],"author":[{"embeddable":true,"href":"https:\/\/www.canarie.ca\/fr\/wp-json\/wp\/v2\/users\/3"}],"replies":[{"embeddable":true,"href":"https:\/\/www.canarie.ca\/fr\/wp-json\/wp\/v2\/comments?post=14998"}],"version-history":[{"count":0,"href":"https:\/\/www.canarie.ca\/fr\/wp-json\/wp\/v2\/pages\/14998\/revisions"}],"up":[{"embeddable":true,"href":"https:\/\/www.canarie.ca\/fr\/wp-json\/wp\/v2\/pages\/8523"}],"wp:featuredmedia":[{"embeddable":true,"href":"https:\/\/www.canarie.ca\/fr\/wp-json\/wp\/v2\/media\/18576"}],"wp:attachment":[{"href":"https:\/\/www.canarie.ca\/fr\/wp-json\/wp\/v2\/media?parent=14998"}],"curies":[{"name":"wp","href":"https:\/\/api.w.org\/{rel}","templated":true}]}}