{"id":15792,"date":"2021-02-05T08:45:24","date_gmt":"2021-02-05T13:45:24","guid":{"rendered":"https:\/\/canarie.machinedev.ca\/identite\/soutien\/manage-your-authorized-caf-contacts\/"},"modified":"2024-06-28T13:55:42","modified_gmt":"2024-06-28T17:55:42","slug":"gestion-de-la-liste-des-contacts-autorises-pour-la-fca","status":"publish","type":"page","link":"https:\/\/www.canarie.ca\/fr\/identite\/soutien\/gestion-de-la-liste-des-contacts-autorises-pour-la-fca\/","title":{"rendered":"Gestion de la liste des contacts autoris\u00e9s pour la FCA"},"content":{"rendered":"\n<div style=\"height:40px\" aria-hidden=\"true\" class=\"wp-block-spacer\"><\/div>\n\n\n\n<h1 class=\"wp-block-heading\">Gestion de la liste des contacts autoris\u00e9s pour la FCA<\/h1>\n\n\n\n<div style=\"height:40px\" aria-hidden=\"true\" class=\"wp-block-spacer\"><\/div>\n\n\n\n<h2 class=\"wp-block-heading\">La F\u00e9d\u00e9ration canadienne d\u2019acc\u00e8s (FCA) garde une liste des personnes de l\u2019organisation autoris\u00e9es \u00e0 prendre contact avec elle.<\/h2>\n\n\n\n<p>Ces personnes entrent dans deux cat\u00e9gories.<\/p>\n\n\n\n<section class=\"section section--text-columns no-background\">\n    <div class=\"grid-container\">\n      <div class=\"grid-x grid-padding-x\">\n        <div class=\"cell\">\n                  \t<h3>1. Personnes autoris\u00e9es \u00e0 agir au nom de l\u2019organisation quand elles communiquent avec CANARIE au sujet de la F\u00e9d\u00e9ration canadienne d\u2019acc\u00e8s. En font partie les personnes que voici :<\/h3>\n                    <p>a. le signataire autoris\u00e9<br \/>\nb. le contact d\u2019affaires principal<br \/>\nc. le contact technique principal<br \/>\nd. le(s) contact(s) technique(s) auxiliaire(s)<br \/>\ne. le contact pour la facturation<\/p>\n                  <\/div>\n      <\/div>\n    <\/div>\n  <\/section>\n\n\n<section class=\"section section--text-columns no-background\">\n    <div class=\"grid-container\">\n      <div class=\"grid-x grid-padding-x\">\n        <div class=\"cell\">\n                  \t<h3>2. Personnes dont les coordonn\u00e9es sont mentionn\u00e9es dans les m\u00e9tadonn\u00e9es de l\u2019organisation, \u00e0 savoir :<\/h3>\n                    <p>a.\u00a0contact de l\u2019organisation pour le syst\u00e8me de gestion des identit\u00e9s ou pour la gestion de l\u2019acc\u00e8s aux ressources (mentionn\u00e9 dans le\u00a0<a href=\"https:\/\/www.canarie.ca\/fr\/identite\/organisations\/\">Document de certification de fiabilit\u00e9<\/a>\u00a0et les m\u00e9tadonn\u00e9es de la FCA)<br \/>\nb. contact pour le Sirtfi (mentionn\u00e9 dans les m\u00e9tadonn\u00e9es de la FCA)<\/p>\n<p>&nbsp;<\/p>\n<div style=\"text-align: center;\">\n<p class=\"large highlighted-text\" style=\"text-align: center;\">Il revient \u00e0 l\u2019organisation de maintenir ces informations \u00e0 jour en signalant tout changement \u00e0 l\u2019\u00e9quipe de la FCA au moyen du formulaire ci-dessous.<\/p>\n<\/div>\n<p style=\"text-align: left;\">\n                    <div class=\"button-group\">\n              \t\t\t\t  \t<a class=\"button-border-blue\" href=\"https:\/\/canarie.jotform.com\/241425261410948\" target=\"_blank\">Modification du contact<\/a>\n    \t\t\t    \t\t\t    \t\t\t<\/div>\n    \t\t\t        <\/div>\n      <\/div>\n    <\/div>\n  <\/section>\n\n\n<section class=\"section section--text-columns no-background\">\n    <div class=\"grid-container\">\n      <div class=\"grid-x grid-padding-x\">\n        <div class=\"cell\">\n                    <p>Seules les personnes autoris\u00e9es par l\u2019organisation (voir le tableau ci-dessous) peuvent demander qu\u2019on modifie les coordonn\u00e9es du contact.<\/p>\n<table class=\"sortable\">\n<tbody>\n<tr>\n<th rowspan=\"2\">Modification<\/th>\n<th colspan=\"4\">Personne autoris\u00e9e<\/th>\n<\/tr>\n<tr>\n<th>Signataire autoris\u00e9, PDG, DTI<\/th>\n<th>Contact d\u2019affaires principal<\/th>\n<th>Contact technique principal<\/th>\n<th>Contact pour la facturation<\/th>\n<\/tr>\n<tr>\n<td><strong>Modifier le signataire autoris\u00e9<\/strong><\/td>\n<td><img decoding=\"async\" class=\"aligncenter\" src=\"https:\/\/www.canarie.ca\/wp-content\/uploads\/2021\/03\/checkmark.png\" alt=\"\" \/><\/td>\n<td><\/td>\n<td><\/td>\n<td><\/td>\n<\/tr>\n<tr>\n<td><strong>Modifier le contact d\u2019affaires<\/strong><\/td>\n<td><img decoding=\"async\" class=\"aligncenter\" src=\"https:\/\/www.canarie.ca\/wp-content\/uploads\/2021\/03\/checkmark.png\" alt=\"\" \/><\/td>\n<td><img decoding=\"async\" class=\"aligncenter\" src=\"https:\/\/www.canarie.ca\/wp-content\/uploads\/2021\/03\/checkmark.png\" alt=\"\" \/><\/td>\n<td><\/td>\n<td><\/td>\n<\/tr>\n<tr>\n<td><strong>Modifier le contact technique principal<\/strong><\/td>\n<td><img decoding=\"async\" class=\"aligncenter\" src=\"https:\/\/www.canarie.ca\/wp-content\/uploads\/2021\/03\/checkmark.png\" alt=\"\" \/><\/td>\n<td><img decoding=\"async\" class=\"aligncenter\" src=\"https:\/\/www.canarie.ca\/wp-content\/uploads\/2021\/03\/checkmark.png\" alt=\"\" \/><\/td>\n<td><img decoding=\"async\" class=\"aligncenter\" src=\"https:\/\/www.canarie.ca\/wp-content\/uploads\/2021\/03\/checkmark.png\" alt=\"\" \/><\/td>\n<td><\/td>\n<\/tr>\n<tr>\n<td><strong>Modifier le contact technique auxiliaire<\/strong><\/td>\n<td><img decoding=\"async\" class=\"aligncenter\" src=\"https:\/\/www.canarie.ca\/wp-content\/uploads\/2021\/03\/checkmark.png\" alt=\"\" \/><\/td>\n<td><\/td>\n<td><img decoding=\"async\" class=\"aligncenter\" src=\"https:\/\/www.canarie.ca\/wp-content\/uploads\/2021\/03\/checkmark.png\" alt=\"\" \/><\/td>\n<td><\/td>\n<\/tr>\n<tr>\n<td><strong>Modifier le contact pour la facturation<\/strong><\/td>\n<td><img decoding=\"async\" class=\"aligncenter\" src=\"https:\/\/www.canarie.ca\/wp-content\/uploads\/2021\/03\/checkmark.png\" alt=\"\" \/><\/td>\n<td><img decoding=\"async\" class=\"aligncenter\" src=\"https:\/\/www.canarie.ca\/wp-content\/uploads\/2021\/03\/checkmark.png\" alt=\"\" \/><\/td>\n<td><\/td>\n<td><img decoding=\"async\" class=\"aligncenter\" src=\"https:\/\/www.canarie.ca\/wp-content\/uploads\/2021\/03\/checkmark.png\" alt=\"\" \/><\/td>\n<\/tr>\n<tr>\n<td><strong>Modifier le contact pour le Sirtfi<\/strong><\/td>\n<td><img decoding=\"async\" class=\"aligncenter\" src=\"https:\/\/www.canarie.ca\/wp-content\/uploads\/2021\/03\/checkmark.png\" alt=\"\" \/><\/td>\n<td><img decoding=\"async\" class=\"aligncenter\" src=\"https:\/\/www.canarie.ca\/wp-content\/uploads\/2021\/03\/checkmark.png\" alt=\"\" \/><\/td>\n<td><img decoding=\"async\" class=\"aligncenter\" src=\"https:\/\/www.canarie.ca\/wp-content\/uploads\/2021\/03\/checkmark.png\" alt=\"\" \/><\/td>\n<td><\/td>\n<\/tr>\n<tr>\n<td><strong>Modifier le contact pour le DCF<\/strong><\/td>\n<td><img decoding=\"async\" class=\"aligncenter\" src=\"https:\/\/www.canarie.ca\/wp-content\/uploads\/2021\/03\/checkmark.png\" alt=\"\" \/><\/td>\n<td><\/td>\n<td><img decoding=\"async\" class=\"aligncenter\" src=\"https:\/\/www.canarie.ca\/wp-content\/uploads\/2021\/03\/checkmark.png\" alt=\"\" \/><\/td>\n<\/tr>\n<\/tbody>\n<\/table>\n<div class=\"table-responsive\">\n<p>Veuillez envoyer les questions concernant les contacts de l\u2019organisation \u00e0\u00a0<a href=\"mailto:canops@canarie.ca\">canops@canarie.ca<\/a>.<\/p>\n<\/div>\n                  <\/div>\n      <\/div>\n    <\/div>\n  <\/section>","protected":false},"excerpt":{"rendered":"<p>Gestion de la liste des contacts autoris\u00e9s pour la FCA La F\u00e9d\u00e9ration canadienne d\u2019acc\u00e8s (FCA) garde une liste des personnes [&hellip;]<\/p>\n","protected":false},"author":3,"featured_media":0,"parent":10716,"menu_order":0,"comment_status":"closed","ping_status":"closed","template":"","meta":{"_acf_changed":false,"footnotes":""},"class_list":["post-15792","page","type-page","status-publish","hentry"],"acf":[],"yoast_head":"<!-- This site is optimized with the Yoast SEO plugin v27.4 - https:\/\/yoast.com\/product\/yoast-seo-wordpress\/ -->\n<title>Gestion de la liste des contacts autoris\u00e9s pour la FCA - CANARIE<\/title>\n<meta name=\"robots\" content=\"index, follow, max-snippet:-1, max-image-preview:large, max-video-preview:-1\" \/>\n<link rel=\"canonical\" href=\"https:\/\/www.canarie.ca\/fr\/identite\/soutien\/gestion-de-la-liste-des-contacts-autorises-pour-la-fca\/\" \/>\n<meta property=\"og:locale\" content=\"fr_FR\" \/>\n<meta property=\"og:type\" content=\"article\" \/>\n<meta property=\"og:title\" content=\"Gestion de la liste des contacts autoris\u00e9s pour la FCA - CANARIE\" \/>\n<meta property=\"og:description\" content=\"Gestion de la liste des contacts autoris\u00e9s pour la FCA La F\u00e9d\u00e9ration canadienne d\u2019acc\u00e8s (FCA) garde une liste des personnes [&hellip;]\" \/>\n<meta property=\"og:url\" content=\"https:\/\/www.canarie.ca\/fr\/identite\/soutien\/gestion-de-la-liste-des-contacts-autorises-pour-la-fca\/\" \/>\n<meta property=\"og:site_name\" content=\"CANARIE\" \/>\n<meta property=\"article:modified_time\" content=\"2024-06-28T17:55:42+00:00\" \/>\n<meta name=\"twitter:card\" content=\"summary_large_image\" \/>\n<script type=\"application\/ld+json\" class=\"yoast-schema-graph\">{\"@context\":\"https:\\\/\\\/schema.org\",\"@graph\":[{\"@type\":\"WebPage\",\"@id\":\"https:\\\/\\\/www.canarie.ca\\\/fr\\\/identite\\\/soutien\\\/gestion-de-la-liste-des-contacts-autorises-pour-la-fca\\\/\",\"url\":\"https:\\\/\\\/www.canarie.ca\\\/fr\\\/identite\\\/soutien\\\/gestion-de-la-liste-des-contacts-autorises-pour-la-fca\\\/\",\"name\":\"Gestion de la liste des contacts autoris\u00e9s pour la FCA - CANARIE\",\"isPartOf\":{\"@id\":\"https:\\\/\\\/www.canarie.ca\\\/#website\"},\"datePublished\":\"2021-02-05T13:45:24+00:00\",\"dateModified\":\"2024-06-28T17:55:42+00:00\",\"breadcrumb\":{\"@id\":\"https:\\\/\\\/www.canarie.ca\\\/fr\\\/identite\\\/soutien\\\/gestion-de-la-liste-des-contacts-autorises-pour-la-fca\\\/#breadcrumb\"},\"inLanguage\":\"fr-FR\",\"potentialAction\":[{\"@type\":\"ReadAction\",\"target\":[\"https:\\\/\\\/www.canarie.ca\\\/fr\\\/identite\\\/soutien\\\/gestion-de-la-liste-des-contacts-autorises-pour-la-fca\\\/\"]}]},{\"@type\":\"BreadcrumbList\",\"@id\":\"https:\\\/\\\/www.canarie.ca\\\/fr\\\/identite\\\/soutien\\\/gestion-de-la-liste-des-contacts-autorises-pour-la-fca\\\/#breadcrumb\",\"itemListElement\":[{\"@type\":\"ListItem\",\"position\":1,\"name\":\"Accueil\",\"item\":\"https:\\\/\\\/www.canarie.ca\\\/fr\\\/\"},{\"@type\":\"ListItem\",\"position\":2,\"name\":\"Gestion des identit\u00e9s et des acc\u00e8s\",\"item\":\"https:\\\/\\\/www.canarie.ca\\\/fr\\\/identite\\\/\"},{\"@type\":\"ListItem\",\"position\":3,\"name\":\"Soutien technique \u2013 Gestion des identit\u00e9s et des acc\u00e8s\",\"item\":\"https:\\\/\\\/www.canarie.ca\\\/fr\\\/identite\\\/soutien\\\/\"},{\"@type\":\"ListItem\",\"position\":4,\"name\":\"Gestion de la liste des contacts autoris\u00e9s pour la FCA\"}]},{\"@type\":\"WebSite\",\"@id\":\"https:\\\/\\\/www.canarie.ca\\\/#website\",\"url\":\"https:\\\/\\\/www.canarie.ca\\\/\",\"name\":\"CANARIE\",\"description\":\"\",\"potentialAction\":[{\"@type\":\"SearchAction\",\"target\":{\"@type\":\"EntryPoint\",\"urlTemplate\":\"https:\\\/\\\/www.canarie.ca\\\/?s={search_term_string}\"},\"query-input\":{\"@type\":\"PropertyValueSpecification\",\"valueRequired\":true,\"valueName\":\"search_term_string\"}}],\"inLanguage\":\"fr-FR\"}]}<\/script>\n<!-- \/ Yoast SEO plugin. -->","yoast_head_json":{"title":"Gestion de la liste des contacts autoris\u00e9s pour la FCA - CANARIE","robots":{"index":"index","follow":"follow","max-snippet":"max-snippet:-1","max-image-preview":"max-image-preview:large","max-video-preview":"max-video-preview:-1"},"canonical":"https:\/\/www.canarie.ca\/fr\/identite\/soutien\/gestion-de-la-liste-des-contacts-autorises-pour-la-fca\/","og_locale":"fr_FR","og_type":"article","og_title":"Gestion de la liste des contacts autoris\u00e9s pour la FCA - CANARIE","og_description":"Gestion de la liste des contacts autoris\u00e9s pour la FCA La F\u00e9d\u00e9ration canadienne d\u2019acc\u00e8s (FCA) garde une liste des personnes [&hellip;]","og_url":"https:\/\/www.canarie.ca\/fr\/identite\/soutien\/gestion-de-la-liste-des-contacts-autorises-pour-la-fca\/","og_site_name":"CANARIE","article_modified_time":"2024-06-28T17:55:42+00:00","twitter_card":"summary_large_image","schema":{"@context":"https:\/\/schema.org","@graph":[{"@type":"WebPage","@id":"https:\/\/www.canarie.ca\/fr\/identite\/soutien\/gestion-de-la-liste-des-contacts-autorises-pour-la-fca\/","url":"https:\/\/www.canarie.ca\/fr\/identite\/soutien\/gestion-de-la-liste-des-contacts-autorises-pour-la-fca\/","name":"Gestion de la liste des contacts autoris\u00e9s pour la FCA - CANARIE","isPartOf":{"@id":"https:\/\/www.canarie.ca\/#website"},"datePublished":"2021-02-05T13:45:24+00:00","dateModified":"2024-06-28T17:55:42+00:00","breadcrumb":{"@id":"https:\/\/www.canarie.ca\/fr\/identite\/soutien\/gestion-de-la-liste-des-contacts-autorises-pour-la-fca\/#breadcrumb"},"inLanguage":"fr-FR","potentialAction":[{"@type":"ReadAction","target":["https:\/\/www.canarie.ca\/fr\/identite\/soutien\/gestion-de-la-liste-des-contacts-autorises-pour-la-fca\/"]}]},{"@type":"BreadcrumbList","@id":"https:\/\/www.canarie.ca\/fr\/identite\/soutien\/gestion-de-la-liste-des-contacts-autorises-pour-la-fca\/#breadcrumb","itemListElement":[{"@type":"ListItem","position":1,"name":"Accueil","item":"https:\/\/www.canarie.ca\/fr\/"},{"@type":"ListItem","position":2,"name":"Gestion des identit\u00e9s et des acc\u00e8s","item":"https:\/\/www.canarie.ca\/fr\/identite\/"},{"@type":"ListItem","position":3,"name":"Soutien technique \u2013 Gestion des identit\u00e9s et des acc\u00e8s","item":"https:\/\/www.canarie.ca\/fr\/identite\/soutien\/"},{"@type":"ListItem","position":4,"name":"Gestion de la liste des contacts autoris\u00e9s pour la FCA"}]},{"@type":"WebSite","@id":"https:\/\/www.canarie.ca\/#website","url":"https:\/\/www.canarie.ca\/","name":"CANARIE","description":"","potentialAction":[{"@type":"SearchAction","target":{"@type":"EntryPoint","urlTemplate":"https:\/\/www.canarie.ca\/?s={search_term_string}"},"query-input":{"@type":"PropertyValueSpecification","valueRequired":true,"valueName":"search_term_string"}}],"inLanguage":"fr-FR"}]}},"_links":{"self":[{"href":"https:\/\/www.canarie.ca\/fr\/wp-json\/wp\/v2\/pages\/15792","targetHints":{"allow":["GET"]}}],"collection":[{"href":"https:\/\/www.canarie.ca\/fr\/wp-json\/wp\/v2\/pages"}],"about":[{"href":"https:\/\/www.canarie.ca\/fr\/wp-json\/wp\/v2\/types\/page"}],"author":[{"embeddable":true,"href":"https:\/\/www.canarie.ca\/fr\/wp-json\/wp\/v2\/users\/3"}],"replies":[{"embeddable":true,"href":"https:\/\/www.canarie.ca\/fr\/wp-json\/wp\/v2\/comments?post=15792"}],"version-history":[{"count":1,"href":"https:\/\/www.canarie.ca\/fr\/wp-json\/wp\/v2\/pages\/15792\/revisions"}],"predecessor-version":[{"id":43594,"href":"https:\/\/www.canarie.ca\/fr\/wp-json\/wp\/v2\/pages\/15792\/revisions\/43594"}],"up":[{"embeddable":true,"href":"https:\/\/www.canarie.ca\/fr\/wp-json\/wp\/v2\/pages\/10716"}],"wp:attachment":[{"href":"https:\/\/www.canarie.ca\/fr\/wp-json\/wp\/v2\/media?parent=15792"}],"curies":[{"name":"wp","href":"https:\/\/api.w.org\/{rel}","templated":true}]}}