{"id":16702,"date":"2021-01-22T10:56:41","date_gmt":"2021-01-22T15:56:41","guid":{"rendered":"https:\/\/canarie.machinedev.ca\/logiciels\/platforms\/3d-slicerigt\/"},"modified":"2021-03-18T10:57:51","modified_gmt":"2021-03-18T14:57:51","slug":"3d-slicerigt","status":"publish","type":"page","link":"https:\/\/www.canarie.ca\/fr\/logiciels\/plateformes\/3d-slicerigt\/","title":{"rendered":"3D SlicerIGT"},"content":{"rendered":"\n\n<section class=\"section section--text-with-image  alignfull container squares-right\">\n  <svg version=\"1.1\" class=\"animated-square-graphic\" xmlns=\"http:\/\/www.w3.org\/2000\/svg\" xmlns:xlink=\"http:\/\/www.w3.org\/1999\/xlink\" x=\"0px\" y=\"0px\"\n\t viewBox=\"0 0 1084.85 1080\" style=\"enable-background:new 0 0 1084.85 1080;\" xml:space=\"preserve\">\n<style type=\"text\/css\">\n\t.st0{opacity:0.51;fill:#FEFEFE;}\n\t.st1{fill:#F4F4F5;}\n\t.st2{fill:#58C3D2;}\n\t.st3{fill:#E90D0B;}\n\t.st4{fill:#393D3F;}\n<\/style>\n<g>\n\t<path class=\"st0\" d=\"M275.09,0c0,20.92,0.02,41.84-0.04,62.75c-0.01,1.9,0.82,4.06-1.04,5.66c-1.33-1.48-1.49-3.32-1.5-5.17\n\t\tc-0.07-19.54-0.1-39.07,0.02-58.61c0.01-1,0.15-2,0.5-2.95c0.27-0.62,0.62-1.18,1.06-1.68C274.42,0,274.76,0,275.09,0z\"\/>\n\t<path class=\"st0\" d=\"M270.93,134.87c0,0.67,0,1.34,0,2.01c-1.96-0.21-3.39-1.13-2.71-3.24c0.6-1.87,2.15-2.92,4.31-2.71\n\t\tc21.9,2.09,43.85,0.35,65.77,0.92c-0.01,0.67-0.01,1.34-0.02,2.01c-1.73,0.94-3.6,0.46-5.4,0.47c-19.36,0.04-38.73,0.02-58.09,0.04\n\t\tC273.5,134.36,272.11,133.88,270.93,134.87z\"\/>\n\t<path class=\"st0\" d=\"M67.6,132.85c-0.22,2.23,0.79,3.24,3.02,3.02c-0.21,1.56-0.6,3.05-2.65,2.59c-1.53-0.34-2.62-1.44-2.96-2.96\n\t\tC64.55,133.46,66.04,133.06,67.6,132.85z\"\/>\n\t<path class=\"st0\" d=\"M270.93,134.87c0.15-0.9,0.44-1.31,1.6-1.31c21.92,0.15,43.84,0.21,65.76,0.29c-1.46,1.71-3.44,0.97-5.18,0.97\n\t\tC312.38,134.88,291.66,134.87,270.93,134.87z\"\/>\n\t<rect x=\"71.76\" y=\"67.43\" class=\"st1\" width=\"67.44\" height=\"67.44\"\/>\n\t<rect x=\"206.62\" class=\"st2\" width=\"67.44\" height=\"67.44\"\/>\n\t<rect x=\"410.45\" class=\"st2\" width=\"67.44\" height=\"67.44\"\/>\n\t<rect x=\"343.11\" y=\"67.73\" class=\"st2\" width=\"67.44\" height=\"67.44\"\/>\n\t<rect x=\"544.46\" y=\"0.06\" class=\"st1\" width=\"67.44\" height=\"67.44\"\/>\n\t<rect x=\"680.21\" class=\"st1\" width=\"67.44\" height=\"67.44\"\/>\n\t<rect x=\"815.09\" class=\"st1\" width=\"67.44\" height=\"67.44\"\/>\n\t<rect x=\"949.97\" class=\"st2\" width=\"67.44\" height=\"67.44\"\/>\n\t<rect x=\"477.89\" y=\"67.73\" class=\"st3\" width=\"67.44\" height=\"67.44\"\/>\n\t<rect x=\"612.77\" y=\"67.73\" class=\"st2\" width=\"67.44\" height=\"67.44\"\/>\n\t<rect x=\"747.65\" y=\"67.73\" class=\"st4\" width=\"67.44\" height=\"67.44\"\/>\n\t<rect x=\"882.53\" y=\"67.83\" class=\"st1\" width=\"67.44\" height=\"67.44\"\/>\n\t<rect x=\"1017.41\" y=\"67.73\" class=\"st2\" width=\"67.44\" height=\"67.44\"\/>\n\t<rect x=\"1017.41\" y=\"203.13\" class=\"st2\" width=\"67.44\" height=\"67.44\"\/>\n\t<rect x=\"275.67\" y=\"135.45\" class=\"st1\" width=\"67.44\" height=\"67.44\"\/>\n\t<rect x=\"208.23\" y=\"202.81\" class=\"st3\" width=\"67.44\" height=\"67.44\"\/>\n\t<rect x=\"1.8\" y=\"202.81\" class=\"st1\" width=\"67.44\" height=\"67.44\"\/>\n\t<rect x=\"69.24\" y=\"270.83\" class=\"st2\" width=\"67.44\" height=\"67.44\"\/>\n\t<rect x=\"410.55\" y=\"270.57\" class=\"st1\" width=\"67.44\" height=\"67.44\"\/>\n\t<rect x=\"545.43\" y=\"270.57\" class=\"st1\" width=\"67.44\" height=\"67.44\"\/>\n\t<rect x=\"680.44\" y=\"270.57\" class=\"st2\" width=\"67.44\" height=\"67.44\"\/>\n\t<rect x=\"815.3\" y=\"270.57\" class=\"st1\" width=\"67.44\" height=\"67.44\"\/>\n\t<rect x=\"950.11\" y=\"270.57\" class=\"st2\" width=\"67.44\" height=\"67.44\"\/>\n\t<rect x=\"1017.41\" y=\"270.57\" class=\"st4\" width=\"67.44\" height=\"67.44\"\/>\n\t<rect x=\"1017.41\" y=\"338.01\" class=\"st2\" width=\"67.44\" height=\"67.44\"\/>\n\t<rect x=\"882.5\" y=\"338.16\" class=\"st2\" width=\"67.44\" height=\"67.44\"\/>\n\t<rect x=\"747.86\" y=\"338.16\" class=\"st1\" width=\"67.44\" height=\"67.44\"\/>\n\t<rect x=\"612.87\" y=\"338.16\" class=\"st2\" width=\"67.44\" height=\"67.44\"\/>\n\t<rect x=\"271.44\" y=\"338.01\" class=\"st1\" width=\"67.44\" height=\"67.44\"\/>\n\t<rect x=\"136.7\" y=\"405.75\" class=\"st3\" width=\"67.44\" height=\"67.44\"\/>\n\t<rect x=\"407.3\" y=\"405.6\" class=\"st3\" width=\"67.44\" height=\"67.44\"\/>\n\t<rect x=\"815.06\" y=\"405.6\" class=\"st2\" width=\"67.44\" height=\"67.44\"\/>\n\t<rect x=\"950.11\" y=\"405.6\" class=\"st1\" width=\"67.44\" height=\"67.44\"\/>\n\t<rect x=\"1017.41\" y=\"473.04\" class=\"st1\" width=\"67.44\" height=\"67.44\"\/>\n\t<rect x=\"882.5\" y=\"473.04\" class=\"st1\" width=\"67.44\" height=\"67.44\"\/>\n\t<rect x=\"747.62\" y=\"473.04\" class=\"st1\" width=\"67.44\" height=\"67.44\"\/>\n\t<rect x=\"611.17\" y=\"473.04\" class=\"st4\" width=\"67.44\" height=\"67.44\"\/>\n\t<rect y=\"475.55\" class=\"st1\" width=\"67.44\" height=\"67.44\"\/>\n\t<rect x=\"410.55\" y=\"135.45\" class=\"st4\" width=\"67.44\" height=\"67.44\"\/>\n\t<rect x=\"680.42\" y=\"135.17\" class=\"st1\" width=\"67.44\" height=\"67.44\"\/>\n\t<rect x=\"815.23\" y=\"135.36\" class=\"st1\" width=\"67.44\" height=\"67.44\"\/>\n\t<rect x=\"950.12\" y=\"135.36\" class=\"st4\" width=\"67.44\" height=\"67.44\"\/>\n\t<rect x=\"343.11\" y=\"202.81\" class=\"st3\" width=\"67.44\" height=\"67.44\"\/>\n\t<rect x=\"477.99\" y=\"202.81\" class=\"st2\" width=\"67.44\" height=\"67.44\"\/>\n\t<rect x=\"613\" y=\"202.81\" class=\"st4\" width=\"67.44\" height=\"67.44\"\/>\n\t<rect x=\"747.86\" y=\"202.74\" class=\"st2\" width=\"67.44\" height=\"67.44\"\/>\n\t<rect x=\"882.67\" y=\"202.8\" class=\"st2\" width=\"67.44\" height=\"67.44\"\/>\n\t<rect x=\"950.08\" y=\"540.48\" class=\"st2\" width=\"67.44\" height=\"67.44\"\/>\n\t<rect x=\"815.06\" y=\"540.48\" class=\"st2\" width=\"67.44\" height=\"67.44\"\/>\n\t<rect x=\"1017.41\" y=\"607.92\" class=\"st2\" width=\"67.44\" height=\"67.44\"\/>\n\t<rect x=\"882.44\" y=\"607.92\" class=\"st4\" width=\"67.44\" height=\"67.44\"\/>\n\t<rect x=\"747.62\" y=\"607.92\" class=\"st4\" width=\"67.44\" height=\"67.44\"\/>\n\t<rect x=\"950.06\" y=\"675.36\" class=\"st1\" width=\"67.44\" height=\"67.44\"\/>\n\t<rect x=\"815\" y=\"675.36\" class=\"st2\" width=\"67.44\" height=\"67.44\"\/>\n\t<rect x=\"680.18\" y=\"675.36\" class=\"st2\" width=\"67.44\" height=\"67.44\"\/>\n\t<rect x=\"882.7\" y=\"742.8\" class=\"st1\" width=\"67.44\" height=\"67.44\"\/>\n\t<rect x=\"1017.41\" y=\"742.8\" class=\"st2\" width=\"67.44\" height=\"67.44\"\/>\n\t<rect x=\"1017.41\" y=\"810.24\" class=\"st1\" width=\"67.44\" height=\"67.44\"\/>\n\t<rect x=\"950.06\" y=\"810.24\" class=\"st2\" width=\"67.44\" height=\"67.44\"\/>\n\t<rect x=\"950.06\" y=\"877.68\" class=\"st3\" width=\"67.44\" height=\"67.44\"\/>\n\t<rect x=\"882.62\" y=\"877.68\" class=\"st2\" width=\"67.44\" height=\"67.44\"\/>\n\t<rect x=\"747.66\" y=\"877.68\" class=\"st3\" width=\"67.44\" height=\"67.44\"\/>\n\t<rect x=\"680.22\" y=\"877.68\" class=\"st1\" width=\"67.44\" height=\"67.44\"\/>\n\t<rect x=\"815.06\" y=\"945.12\" class=\"st4\" width=\"67.44\" height=\"67.44\"\/>\n\t<rect x=\"747.66\" y=\"945.12\" class=\"st2\" width=\"67.44\" height=\"67.44\"\/>\n\t<rect x=\"1017.5\" y=\"945.12\" class=\"st4\" width=\"67.44\" height=\"67.44\"\/>\n\t<rect x=\"950.06\" y=\"945.12\" class=\"st2\" width=\"67.44\" height=\"67.44\"\/>\n\t<rect x=\"882.5\" y=\"1012.56\" class=\"st4\" width=\"67.44\" height=\"67.44\"\/>\n\t<rect x=\"1017.5\" y=\"1012.56\" class=\"st2\" width=\"67.44\" height=\"67.44\"\/>\n\t<rect x=\"545.3\" y=\"1012.56\" class=\"st4\" width=\"67.44\" height=\"67.44\"\/>\n\t<rect x=\"407.54\" y=\"1012.56\" class=\"st2\" width=\"67.44\" height=\"67.44\"\/>\n\t<rect x=\"815.06\" y=\"1012.56\" class=\"st2\" width=\"67.44\" height=\"67.44\"\/>\n\t<rect x=\"747.66\" y=\"1012.56\" class=\"st3\" width=\"67.44\" height=\"67.44\"\/>\n\t<rect x=\"680.18\" y=\"1012.56\" class=\"st2\" width=\"67.44\" height=\"67.44\"\/>\n\t<rect x=\"747.62\" y=\"742.8\" class=\"st2\" width=\"67.44\" height=\"67.44\"\/>\n\t<rect x=\"612.74\" y=\"742.8\" class=\"st4\" width=\"67.44\" height=\"67.44\"\/>\n\t<rect x=\"545.3\" y=\"877.68\" class=\"st2\" width=\"67.44\" height=\"67.44\"\/>\n\t<rect x=\"612.74\" y=\"945.12\" class=\"st4\" width=\"67.44\" height=\"67.44\"\/>\n<\/g>\n<\/svg>\n  <div class=\"grid-container simple-fade\">\n    <div class=\"grid-x grid-padding-x align-middle\">\n      <div class=\"cell medium-6 medium-order-2\">\n\t\t  \t\t\t  <img decoding=\"async\" src=\"https:\/\/www.canarie.ca\/wp-content\/uploads\/2021\/01\/webimg_slicerigt.png\" alt=\"\">\n\t\t        <\/div>\n      <div class=\"cell medium-6 medium-order-1 text-left text-cell \">\n  \t\t  \t\t          <h1 class=\"cssanimation leFadeIn\">Sur le fil du scalpel<\/h1>\n  \t\t  \t\t                              <\/div>\n    <\/div>\n  <\/div>\n<\/section>\n\n\n\n\n\n<section class=\"section section--text-columns no-background\">\n    <div class=\"grid-container\">\n      <div class=\"grid-x grid-padding-x\">\n        <div class=\"cell\">\n                  \t<h3>Universit\u00e9 Queen\u2019s<\/h3>\n                    <p>La m\u00e9decine profite souvent des nouvelles technologies mises au point \u00e0 d\u2019autres fins. Ainsi, quelques mois \u00e0 peine apr\u00e8s leur d\u00e9couverte, on se servait des rayons\u00a0X sur le champ de bataille pour rep\u00e9rer les balles dans le corps des soldats. De m\u00eame, les capteurs destin\u00e9s au d\u00e9part \u00e0 des produits de grande consommation, notamment pour prendre des photos avec un t\u00e9l\u00e9phone intelligent, sont d\u00e9sormais employ\u00e9s dans les\u00a0<a href=\"https:\/\/www.brighamandwomens.org\/research\/amigo\/image-guided-therapy-at-bwh\" target=\"_blank\" rel=\"noopener noreferrer\">th\u00e9rapies guid\u00e9es par l\u2019image (TGI)<\/a>\u00a0qui recourent \u00e0 l\u2019IRM, \u00e0 la tomodensitom\u00e9trie, aux ultrasons et \u00e0 diverses techniques d\u2019imagerie pour accro\u00eetre la pr\u00e9cision des op\u00e9rations chirurgicales et soigner des maux internes sans aucune incision.<\/p>\n<p>Bien que les TGI r\u00e9volutionnent la chirurgie avec l\u2019av\u00e8nement d\u2019interventions plus pr\u00e9cises, moins invasives et, parfois, inimaginables jusqu\u2019ici, le rythme effr\u00e9n\u00e9 auquel les technologies de consommation \u00e9voluent se pr\u00eate mal \u00e0 la marche plus mesur\u00e9e du progr\u00e8s en m\u00e9decine. C\u2019est pourquoi il est si difficile de concevoir des TGI susceptibles de sauver des vies. N\u00e9anmoins, une nouvelle plateforme logicielle pourrait bien changer la donne.<\/p>\n                  <\/div>\n      <\/div>\n    <\/div>\n  <\/section>\n\n\n<section class=\"section section--banner simple-fade dark-blue alignfull\">\n  <div class=\"grid-container text-center\">\n  \t\t  \t\t  \t  <div class=\"large\"><p>SlicerIGT est une trousse d\u2019outils informatiques qui facilite la recherche sur les TGI gr\u00e2ce au d\u00e9veloppement acc\u00e9l\u00e9r\u00e9 d\u2019applications connexes.<\/p>\n<\/div>\n\t  \t  \t\t  <\/div>\n<\/section>\n\n\n\n<section class=\"section section--text-columns no-background\">\n    <div class=\"grid-container\">\n      <div class=\"grid-x grid-padding-x\">\n        <div class=\"cell\">\n                  \t<h3>Mappage d\u2019images sur le patient en temps r\u00e9el<\/h3>\n                    <p><a href=\"http:\/\/www.slicerigt.org\/wp\/\" target=\"_blank\" rel=\"noopener noreferrer\">SlicerIGT<\/a>\u00a0est une trousse d\u2019outils informatiques qui facilite la recherche sur les TGI gr\u00e2ce au d\u00e9veloppement acc\u00e9l\u00e9r\u00e9 d\u2019applications connexes. Son architecture ouverte en autorise l\u2019adaptation ais\u00e9ment \u00e0 de nouvelles proc\u00e9dures et \u00e0 un \u00e9quipement diff\u00e9rent. La trousse est le prolongement de\u00a0<a href=\"https:\/\/www.slicer.org\/\" target=\"_blank\" rel=\"noopener noreferrer\">3D\u00a0Slicer<\/a>, la plateforme de source ouverte la plus importante et la plus utilis\u00e9e pour visualiser des images en m\u00e9decine et analyser des donn\u00e9es dans le monde. 3D\u00a0Slicer rassemble un arsenal de techniques d\u2019imagerie pour brosser un tableau en relief de l\u2019organisme humain dans le temps. Aussi puissant qu\u2019il puisse \u00eatre cependant, ce logiciel n\u2019a aucun usage de nature th\u00e9rapeutique. C\u2019est ici que SlicerIGT entre en jeu.<\/p>\n<p>SlicerIGT rattache la puissance de num\u00e9risation de 3D\u00a0Slicer au patient. La plateforme fonctionne avec une foule de dispositifs d\u2019imagerie (un laparoscope, par exemple), les outils qui suivent la position du corps (balises \u00e9lectromagn\u00e9tiques) et les instruments qui entaillent ou r\u00e9parent les tissus (scalpels et agrafeuses chirurgicales) en les mappant sur une reproduction en relief et en temps r\u00e9el du malade.<\/p>\n                  <\/div>\n      <\/div>\n    <\/div>\n  <\/section>\n\n\n<section class=\"section section--text-columns no-background\">\n    <div class=\"grid-container\">\n      <div class=\"grid-x grid-padding-x\">\n        <div class=\"cell\">\n                  \t<h3>La recherche de source ouverte en m\u00e9decine<\/h3>\n                    <p>SlicerIGT a \u00e9t\u00e9 rendu possible gr\u00e2ce aux contributions d\u2019une collectivit\u00e9 internationale de chercheurs dans plusieurs disciplines, dont l\u2019ing\u00e9nierie et la biom\u00e9decine. Actuellement, une \u00e9quipe de scientifiques de l\u2019Universit\u00e9 Queen\u2019s pilote le projet.<\/p>\n<p>Plateforme de prototypage exp\u00e9rimentale de source ouverte, SlicerIGT sert pr\u00e9sentement \u00e0 la recherche en m\u00e9decine et \u00e0 la formation dans maints domaines comme les op\u00e9rations au cerveau, au sein et \u00e0 la moelle \u00e9pini\u00e8re. Une fois qu\u2019elle aura \u00e9t\u00e9 test\u00e9e sur le terrain et approuv\u00e9e, ses possibilit\u00e9s d\u2019application cliniques deviendront virtuellement infinies.<\/p>\n<p>La th\u00e9rapie guid\u00e9e par l\u2019image rend les interventions chirurgicales moins envahissantes et plus pointues, et SlicerIGT concourt \u00e0 en cr\u00e9er et tester de nouvelles, rationalisant de ce fait la d\u00e9marche qui m\u00e8ne aux inventions en m\u00e9decine. Il en r\u00e9sultera des d\u00e9couvertes plus rapides, de meilleurs traitements et des issues plus heureuses pour chacun.<\/p>\n                  <\/div>\n      <\/div>\n    <\/div>\n  <\/section>\n\n\n\n<section class=\"section section--text-with-image  alignfull full-width grey \">\n    <div class=\"grid-container simple-fade\">\n    <div class=\"grid-x grid-padding-x align-middle\">\n      <div class=\"cell large-6 \">\n\t\t  \t\t\t  <div class=\"full-width-img\" style=\"background-image: url(https:\/\/www.canarie.ca\/wp-content\/uploads\/2021\/02\/RS-coding.png); background-size: cover; background-position: center center;\"><\/div>\n\t\t\t  <div class=\"image-mask\"><\/div>\n\t\t        <\/div>\n      <div class=\"cell large-6  text-left text-cell light\">\n  \t\t  \t\t          <h2>\u00c9volution du logiciel<\/h2>\n        \t\t                          <div class=\"fade-in-delay text-cell-text\"><p>Bien que con\u00e7u au d\u00e9part pour faciliter l\u2019\u00e9laboration de th\u00e9rapies guid\u00e9es par l\u2019image, le projet SlicerIGT, financ\u00e9 par CANARIE, a restitu\u00e9 de puissants moyens \u00e0 la profession m\u00e9dicale gr\u00e2ce au\u00a0<a href=\"https:\/\/science.canarie.ca\/researchsoftware\/platforms\/list\/main.html\" target=\"_blank\" rel=\"noopener noreferrer\">Registre des plateformes logicielles de recherche<\/a>\u00a0de CANARIE.<\/p>\n<ul>\n<li><strong>\u00c9diteur de segment<\/strong>\u00a0\u2013 \u00e9diteur d\u2019un mod\u00e8le de l\u2019organisme avec lequel les sp\u00e9cialistes en m\u00e9decine peuvent peaufiner la g\u00e9om\u00e9trie virtuelle du corps obtenue \u00e0 partir d\u2019images num\u00e9ris\u00e9es.<\/li>\n<li><strong>Donn\u00e9es multidimensionnelles<\/strong>\u00a0\u2013 outil d\u2019analyse des images permettant aux chercheurs d\u2019\u00e9tudier les changements que traversent les structures de l\u2019organisme au fil du temps; on s\u2019en sert pour examiner divers ph\u00e9nom\u00e8nes physiologiques, notamment la croissance des tumeurs.<\/li>\n<li><strong>Passerelle Matlab \u2013\u00a0<\/strong>lien avec un logiciel de math\u00e9matiques \u00e0 partir duquel les chercheurs peuvent int\u00e9grer des outils sophistiqu\u00e9s \u00e0 3D\u00a0Slicer pour traiter les images et identifier des \u00e9l\u00e9ments du corps humain.<\/li>\n<\/ul>\n<\/div>\n                      <\/div>\n    <\/div>\n  <\/div>\n<\/section>\n\n\n\n\n\n<section class=\"section section--quick-links\">\n    <div class=\"grid-container\">\n      <div class=\"grid-x grid-padding-x\">\n        <div class=\"cell\">\n                  \t<h2>Ressources suppl\u00e9mentaires<\/h2>\n                                <div class=\"wp-block-buttons\">\n                \t\t\t\t  \t<a class=\"button wp-block-button__link\" href=\"https:\/\/www.canarie.ca\/wp-content\/uploads\/2021\/02\/SlicerIGT-Fiche-dinformation.pdf\" target=\"_self\">Sp\u00e9cifications techniques et la fiche d\u2019information SlicerIGT<\/a><br>\n    \t\t\t        \t\t\t\t  \t<a class=\"button wp-block-button__link\" href=\"http:\/\/www.slicerigt.org\/wp\/\" target=\"_blank\">Site de web SlicerIGT<\/a><br>\n    \t\t\t        \t\t\t  <\/div>\n    \t\t\t          <\/div>\n      <\/div>\n    <\/div>\n  <\/section>","protected":false},"excerpt":{"rendered":"","protected":false},"author":2,"featured_media":0,"parent":7545,"menu_order":0,"comment_status":"closed","ping_status":"closed","template":"","meta":{"_acf_changed":false,"footnotes":""},"class_list":["post-16702","page","type-page","status-publish","hentry"],"acf":[],"yoast_head":"<!-- This site is optimized with the Yoast SEO plugin v27.4 - https:\/\/yoast.com\/product\/yoast-seo-wordpress\/ -->\n<title>3D SlicerIGT - CANARIE<\/title>\n<meta name=\"robots\" content=\"index, follow, max-snippet:-1, max-image-preview:large, max-video-preview:-1\" \/>\n<link rel=\"canonical\" href=\"https:\/\/www.canarie.ca\/fr\/logiciels\/plateformes\/3d-slicerigt\/\" \/>\n<meta property=\"og:locale\" content=\"fr_FR\" \/>\n<meta property=\"og:type\" content=\"article\" \/>\n<meta property=\"og:title\" content=\"3D SlicerIGT - CANARIE\" \/>\n<meta property=\"og:url\" content=\"https:\/\/www.canarie.ca\/fr\/logiciels\/plateformes\/3d-slicerigt\/\" \/>\n<meta property=\"og:site_name\" content=\"CANARIE\" \/>\n<meta property=\"article:modified_time\" content=\"2021-03-18T14:57:51+00:00\" \/>\n<meta name=\"twitter:card\" content=\"summary_large_image\" \/>\n<script type=\"application\/ld+json\" class=\"yoast-schema-graph\">{\"@context\":\"https:\\\/\\\/schema.org\",\"@graph\":[{\"@type\":\"WebPage\",\"@id\":\"https:\\\/\\\/www.canarie.ca\\\/fr\\\/logiciels\\\/plateformes\\\/3d-slicerigt\\\/\",\"url\":\"https:\\\/\\\/www.canarie.ca\\\/fr\\\/logiciels\\\/plateformes\\\/3d-slicerigt\\\/\",\"name\":\"3D SlicerIGT - CANARIE\",\"isPartOf\":{\"@id\":\"https:\\\/\\\/www.canarie.ca\\\/#website\"},\"datePublished\":\"2021-01-22T15:56:41+00:00\",\"dateModified\":\"2021-03-18T14:57:51+00:00\",\"breadcrumb\":{\"@id\":\"https:\\\/\\\/www.canarie.ca\\\/fr\\\/logiciels\\\/plateformes\\\/3d-slicerigt\\\/#breadcrumb\"},\"inLanguage\":\"fr-FR\",\"potentialAction\":[{\"@type\":\"ReadAction\",\"target\":[\"https:\\\/\\\/www.canarie.ca\\\/fr\\\/logiciels\\\/plateformes\\\/3d-slicerigt\\\/\"]}]},{\"@type\":\"BreadcrumbList\",\"@id\":\"https:\\\/\\\/www.canarie.ca\\\/fr\\\/logiciels\\\/plateformes\\\/3d-slicerigt\\\/#breadcrumb\",\"itemListElement\":[{\"@type\":\"ListItem\",\"position\":1,\"name\":\"Accueil\",\"item\":\"https:\\\/\\\/www.canarie.ca\\\/fr\\\/\"},{\"@type\":\"ListItem\",\"position\":2,\"name\":\"Logiciels de recherche\",\"item\":\"https:\\\/\\\/www.canarie.ca\\\/fr\\\/logiciels\\\/\"},{\"@type\":\"ListItem\",\"position\":3,\"name\":\"Plateformes de recherche subventionn\u00e9es\",\"item\":\"https:\\\/\\\/www.canarie.ca\\\/fr\\\/logiciels\\\/plateformes\\\/\"},{\"@type\":\"ListItem\",\"position\":4,\"name\":\"3D SlicerIGT\"}]},{\"@type\":\"WebSite\",\"@id\":\"https:\\\/\\\/www.canarie.ca\\\/#website\",\"url\":\"https:\\\/\\\/www.canarie.ca\\\/\",\"name\":\"CANARIE\",\"description\":\"\",\"potentialAction\":[{\"@type\":\"SearchAction\",\"target\":{\"@type\":\"EntryPoint\",\"urlTemplate\":\"https:\\\/\\\/www.canarie.ca\\\/?s={search_term_string}\"},\"query-input\":{\"@type\":\"PropertyValueSpecification\",\"valueRequired\":true,\"valueName\":\"search_term_string\"}}],\"inLanguage\":\"fr-FR\"}]}<\/script>\n<!-- \/ Yoast SEO plugin. -->","yoast_head_json":{"title":"3D SlicerIGT - CANARIE","robots":{"index":"index","follow":"follow","max-snippet":"max-snippet:-1","max-image-preview":"max-image-preview:large","max-video-preview":"max-video-preview:-1"},"canonical":"https:\/\/www.canarie.ca\/fr\/logiciels\/plateformes\/3d-slicerigt\/","og_locale":"fr_FR","og_type":"article","og_title":"3D SlicerIGT - CANARIE","og_url":"https:\/\/www.canarie.ca\/fr\/logiciels\/plateformes\/3d-slicerigt\/","og_site_name":"CANARIE","article_modified_time":"2021-03-18T14:57:51+00:00","twitter_card":"summary_large_image","schema":{"@context":"https:\/\/schema.org","@graph":[{"@type":"WebPage","@id":"https:\/\/www.canarie.ca\/fr\/logiciels\/plateformes\/3d-slicerigt\/","url":"https:\/\/www.canarie.ca\/fr\/logiciels\/plateformes\/3d-slicerigt\/","name":"3D SlicerIGT - CANARIE","isPartOf":{"@id":"https:\/\/www.canarie.ca\/#website"},"datePublished":"2021-01-22T15:56:41+00:00","dateModified":"2021-03-18T14:57:51+00:00","breadcrumb":{"@id":"https:\/\/www.canarie.ca\/fr\/logiciels\/plateformes\/3d-slicerigt\/#breadcrumb"},"inLanguage":"fr-FR","potentialAction":[{"@type":"ReadAction","target":["https:\/\/www.canarie.ca\/fr\/logiciels\/plateformes\/3d-slicerigt\/"]}]},{"@type":"BreadcrumbList","@id":"https:\/\/www.canarie.ca\/fr\/logiciels\/plateformes\/3d-slicerigt\/#breadcrumb","itemListElement":[{"@type":"ListItem","position":1,"name":"Accueil","item":"https:\/\/www.canarie.ca\/fr\/"},{"@type":"ListItem","position":2,"name":"Logiciels de recherche","item":"https:\/\/www.canarie.ca\/fr\/logiciels\/"},{"@type":"ListItem","position":3,"name":"Plateformes de recherche subventionn\u00e9es","item":"https:\/\/www.canarie.ca\/fr\/logiciels\/plateformes\/"},{"@type":"ListItem","position":4,"name":"3D SlicerIGT"}]},{"@type":"WebSite","@id":"https:\/\/www.canarie.ca\/#website","url":"https:\/\/www.canarie.ca\/","name":"CANARIE","description":"","potentialAction":[{"@type":"SearchAction","target":{"@type":"EntryPoint","urlTemplate":"https:\/\/www.canarie.ca\/?s={search_term_string}"},"query-input":{"@type":"PropertyValueSpecification","valueRequired":true,"valueName":"search_term_string"}}],"inLanguage":"fr-FR"}]}},"_links":{"self":[{"href":"https:\/\/www.canarie.ca\/fr\/wp-json\/wp\/v2\/pages\/16702","targetHints":{"allow":["GET"]}}],"collection":[{"href":"https:\/\/www.canarie.ca\/fr\/wp-json\/wp\/v2\/pages"}],"about":[{"href":"https:\/\/www.canarie.ca\/fr\/wp-json\/wp\/v2\/types\/page"}],"author":[{"embeddable":true,"href":"https:\/\/www.canarie.ca\/fr\/wp-json\/wp\/v2\/users\/2"}],"replies":[{"embeddable":true,"href":"https:\/\/www.canarie.ca\/fr\/wp-json\/wp\/v2\/comments?post=16702"}],"version-history":[{"count":0,"href":"https:\/\/www.canarie.ca\/fr\/wp-json\/wp\/v2\/pages\/16702\/revisions"}],"up":[{"embeddable":true,"href":"https:\/\/www.canarie.ca\/fr\/wp-json\/wp\/v2\/pages\/7545"}],"wp:attachment":[{"href":"https:\/\/www.canarie.ca\/fr\/wp-json\/wp\/v2\/media?parent=16702"}],"curies":[{"name":"wp","href":"https:\/\/api.w.org\/{rel}","templated":true}]}}