{"id":16897,"date":"2021-02-17T10:54:34","date_gmt":"2021-02-17T15:54:34","guid":{"rendered":"https:\/\/canarie.machinedev.ca\/identite\/soutien\/eva\/documentation\/"},"modified":"2024-05-10T14:01:48","modified_gmt":"2024-05-10T18:01:48","slug":"documentation","status":"publish","type":"page","link":"https:\/\/www.canarie.ca\/fr\/identite\/soutien\/eva\/documentation\/","title":{"rendered":"Documentation et guides"},"content":{"rendered":"\n<div style=\"height:40px\" aria-hidden=\"true\" class=\"wp-block-spacer\"><\/div>\n\n\n\n<h1 class=\"wp-block-heading has-text-align-center\" id=\"documentation-et-guides\">Documentation et guides<\/h1>\n\n\n\n<div style=\"height:40px\" aria-hidden=\"true\" class=\"wp-block-spacer\"><\/div>\n\n\n\n<h2 class=\"wp-block-heading\" id=\"hotes-du-service-eva\">H\u00f4tes du service eVA<\/h2>\n\n\n\n<p>Selon les privil\u00e8ges accord\u00e9s lors de la configuration du service eVA par l\u2019organisation, ces documents vous expliqueront pas \u00e0 pas comment cr\u00e9er et g\u00e9rer les comptes d\u2019invit\u00e9 sur eduroam. En tant qu\u2019h\u00f4te, vous pouvez cr\u00e9er des comptes temporaires pour les visiteurs sans passer par le soutien IT. Gr\u00e2ce \u00e0 un tel compte, le visiteur obtiendra pour un temps un acc\u00e8s imm\u00e9diat au r\u00e9seau sans fil eduoam de l\u2019organisation.<\/p>\n\n\n\n<p><strong>Administrateur de l\u2019organisation<\/strong> \u2013 L\u2019\u00ab administrateur de l\u2019organisation \u00bb peut en d\u00e9signer d\u2019autres, ainsi que cr\u00e9er et g\u00e9rer les profils eVA de l\u2019organisation. Il peut aussi cr\u00e9er des comptes eVA temporaires individuels, group\u00e9s ou collectifs, de m\u00eame qu\u2019\u00e9tablir les codes pour les texto-\u00e9v\u00e9nements.<\/p>\n\n\n\n<div class=\"wp-block-buttons is-layout-flex wp-block-buttons-is-layout-flex\">\n<div class=\"wp-block-button\"><a class=\"wp-block-button__link has-cyan-color has-text-color wp-element-button\" href=\"https:\/\/www.canarie.ca\/fr\/document\/caf-eva-pour-organization-administrators\/\" target=\"_blank\" rel=\"noreferrer noopener\">User Guide<\/a><\/div>\n<\/div>\n\n\n\n<p><strong>Super utilisateur <\/strong>\u2013 Le \u00ab super utilisateur \u00bb peut cr\u00e9er un compte temporaire pour des visiteurs individuels ou des comptes group\u00e9s et collectifs. Lui aussi peut \u00e9tablir un code pour les texto-\u00e9v\u00e9nements. Ne peuvent devenir \u00ab super utilisateurs \u00bb que ceux d\u00e9sign\u00e9s par l\u2019administrateur de l\u2019organisation.<\/p>\n\n\n\n<div class=\"wp-block-buttons is-layout-flex wp-block-buttons-is-layout-flex\">\n<div class=\"wp-block-button\"><a class=\"wp-block-button__link has-cyan-color has-text-color wp-element-button\" href=\"https:\/\/www.canarie.ca\/wp-content\/uploads\/2023\/10\/User-Guide-eduroam-Visitor-Access-eVA-for-Super-Users-v-1.4_f-3.pdf\" target=\"_blank\" rel=\"noreferrer noopener\">User Guide<\/a><\/div>\n<\/div>\n\n\n\n<p><strong>Utilisateur ordinaire \u2013 <\/strong>L\u2019\u00ab utilisateur ordinaire \u00bb peut cr\u00e9er un compte eduroam temporaire pour un visiteur quelconque. Avant cependant, il doit obtenir l\u2019autorisation de l\u2019administrateur de l\u2019organisation.<\/p>\n\n\n\n<div class=\"wp-block-buttons is-layout-flex wp-block-buttons-is-layout-flex\">\n<div class=\"wp-block-button\"><a class=\"wp-block-button__link has-cyan-color has-text-color wp-element-button\" href=\"https:\/\/www.canarie.ca\/fr\/document\/guide-service-eduroam-pour-les-visiteurs-eva-utilisateur-ordinaire\/\" target=\"_blank\" rel=\"noreferrer noopener\">User Guide<\/a><\/div>\n<\/div>\n\n\n\n<h2 class=\"wp-block-heading\" id=\"visiteurs\">Visiteurs des sites eVA<\/h2>\n\n\n\n<p>Pour vous connecter ais\u00e9ment et en toute s\u00e9curit\u00e9 \u00e0 eduroam, t\u00e9l\u00e9chargez l\u2019assistant de configuration CAT sur votre appareil mobile en num\u00e9risant le code QR ci-dessous ou en vous rendant sur le site <a href=\"https:\/\/cat.eduroam.org\/?idp=6233\" target=\"_blank\" rel=\"noreferrer noopener\">cat.eduroam.org<\/a>.<\/p>\n\n\n\n<div style=\"height:50px\" aria-hidden=\"true\" class=\"wp-block-spacer\"><\/div>\n\n\n<div class=\"wp-block-image\">\n<figure class=\"aligncenter size-large\"><img loading=\"lazy\" decoding=\"async\" width=\"194\" height=\"196\" src=\"https:\/\/www.canarie.ca\/wp-content\/uploads\/2021\/01\/eva-cat-link-1.png\" alt=\"\" class=\"wp-image-6624\"\/><\/figure>\n<\/div>\n\n\n<div style=\"height:50px\" aria-hidden=\"true\" class=\"wp-block-spacer\"><\/div>\n\n\n\n<p>Une fois sur le site <a href=\"https:\/\/cat.eduroam.org\/?idp=6233\" target=\"_blank\" rel=\"noreferrer noopener\">cat.eduroam.org<\/a>, proc\u00e9dez comme suit.<\/p>\n\n\n\n<p><strong>Appareils mobiles (iOS)<\/strong><\/p>\n\n\n\n<ol class=\"wp-block-list\">\n<li>Allez sur le site Web CAT d\u2019eduroam (voir l\u2019URL ci-dessus) et cliquez le bouton \u00ab&nbsp;Download your eduroam installer&nbsp;\u00bb.<\/li>\n\n\n\n<li>Apr\u00e8s le t\u00e9l\u00e9chargement, allez \u00e0 \u00ab&nbsp;Settings&nbsp;\u00bb, cliquez le lien \u00ab&nbsp;Profile Downloaded&nbsp;\u00bb et installez le profil.<\/li>\n\n\n\n<li>Ou installez l\u2019appli <a href=\"https:\/\/www.geteduroam.app\/\" target=\"_blank\" rel=\"noreferrer noopener\">geteduroam app<\/a> dans l\u2019App Store et choisissez \u00ab&nbsp;eduroam Visitor Access Canada&nbsp;\u00bb comme institution.<\/li>\n\n\n\n<li>Saisissez le nom d\u2019utilisateur et le mot de passe que vous avez re\u00e7us par courriel oui texto, puis cliquez \u00ab&nbsp;Join&nbsp;\u00bb.<\/li>\n<\/ol>\n\n\n\n<p><strong>Appareils mobiles (Android)<\/strong><\/p>\n\n\n\n<ol class=\"wp-block-list\">\n<li>Allez sur le site Web du CAT d\u2019eduroam (voir l\u2019URL ci-dessus) et cliquez le bouton \u00ab&nbsp;Download your eduroam installer&nbsp;\u00bb.<\/li>\n\n\n\n<li>Ou t\u00e9l\u00e9chargez l\u2019appli <a href=\"https:\/\/www.geteduroam.app\/\" target=\"_blank\" rel=\"noreferrer noopener\">geteduroam app<\/a> dans Google Play et choisissez \u00ab&nbsp;eduroam Visitor Access Canada&nbsp;\u00bb comme institution.<\/li>\n\n\n\n<li>Suivez les instructions et saisissez le nom d\u2019utilisateur ainsi que le mot de passe que vous avez re\u00e7us par courriel ou texto.<\/li>\n<\/ol>\n\n\n\n<ol class=\"wp-block-list\"><\/ol>\n\n\n\n<p><strong>Ordinateur portatif et tablette<\/strong><\/p>\n\n\n\n<ul class=\"wp-block-list\">\n<li>Si vous \u00eates connect\u00e9 \u00e0 Internet : t\u00e9l\u00e9chargez et installez l\u2019outil <a href=\"https:\/\/cat.eduroam.org\/?idp=6233\" target=\"_blank\" rel=\"noreferrer noopener\">CAT <\/a>pour configurer votre acc\u00e8s.<\/li>\n\n\n\n<li>Si vous n\u2019\u00eates pas connect\u00e9 \u00e0 Internet : allez dans les param\u00e8tres des r\u00e9seaux sans fil, cherchez \u00ab eduroam \u00bb, cliquez \u00ab se connecter \u00bb et saisissez vos justificatifs d\u2019identit\u00e9 eVA.<\/li>\n<\/ul>\n\n\n\n<p>Une fois connect\u00e9 \u00e0 Internet, t\u00e9l\u00e9chargez et installez l\u2019outil <a href=\"https:\/\/cat.eduroam.org\/?idp=6233\" target=\"_blank\" rel=\"noreferrer noopener\">CAT<\/a> pour s\u00e9curiser la connexion.<\/p>\n\n\n\n<p>Veuillez noter que la connexion \u00e0 Internet pourrait \u00eatre provisoirement rompue le temps que l\u2019appareil s\u00e9curise la connexion.<\/p>\n\n\n\n<section class=\"section section--text-columns no-background\">\n    <div class=\"grid-container\">\n      <div class=\"grid-x grid-padding-x\">\n        <div class=\"cell\">\n                  \t<h3>Code de conduite et n\u00e9tiquette d\u2019eduroam<\/h3>\n                    <p>L\u2019utilisateur est tenu de respecter les restrictions et les politiques de l\u2019organisation h\u00f4te dont il utilise le service eduroam et celles des autres institutions ou organisations visit\u00e9es tant que ses justificatifs d\u2019identit\u00e9 sont valables.<\/p>\n<p>Le code d\u2019acc\u00e8s fourni par message texte ou courriel est strictement personnel. Il ne peut \u00eatre communiqu\u00e9. Veuillez en pr\u00e9server confidentialit\u00e9. L\u2019utilisateur qui constate un usage abusif de son mot de passe est tenu de le signaler \u00e0 l\u2019organisation h\u00f4te dans les plus brefs d\u00e9lais.<\/p>\n<p>L\u2019organisation h\u00f4te pourra imposer d\u2019autres r\u00e8gles et conditions que le visiteur sera tenu de respecter.<\/p>\n                  <\/div>\n      <\/div>\n    <\/div>\n  <\/section>","protected":false},"excerpt":{"rendered":"<p>Documentation et guides H\u00f4tes du service eVA Selon les privil\u00e8ges accord\u00e9s lors de la configuration du service eVA par l\u2019organisation, [&hellip;]<\/p>\n","protected":false},"author":3,"featured_media":0,"parent":10703,"menu_order":0,"comment_status":"closed","ping_status":"closed","template":"","meta":{"_acf_changed":false,"footnotes":""},"class_list":["post-16897","page","type-page","status-publish","hentry"],"acf":[],"yoast_head":"<!-- This site is optimized with the Yoast SEO plugin v27.4 - https:\/\/yoast.com\/product\/yoast-seo-wordpress\/ -->\n<title>Documentation et guides - CANARIE<\/title>\n<meta name=\"robots\" content=\"index, follow, max-snippet:-1, max-image-preview:large, max-video-preview:-1\" \/>\n<link rel=\"canonical\" href=\"https:\/\/www.canarie.ca\/fr\/identite\/soutien\/eva\/documentation\/\" \/>\n<meta property=\"og:locale\" content=\"fr_FR\" \/>\n<meta property=\"og:type\" content=\"article\" \/>\n<meta property=\"og:title\" content=\"Documentation et guides - CANARIE\" \/>\n<meta property=\"og:description\" content=\"Documentation et guides H\u00f4tes du service eVA Selon les privil\u00e8ges accord\u00e9s lors de la configuration du service eVA par l\u2019organisation, [&hellip;]\" \/>\n<meta property=\"og:url\" content=\"https:\/\/www.canarie.ca\/fr\/identite\/soutien\/eva\/documentation\/\" \/>\n<meta property=\"og:site_name\" content=\"CANARIE\" \/>\n<meta property=\"article:modified_time\" content=\"2024-05-10T18:01:48+00:00\" \/>\n<meta property=\"og:image\" content=\"https:\/\/www.canarie.ca\/wp-content\/uploads\/2021\/01\/eva-cat-link-1.png\" \/>\n<meta name=\"twitter:card\" content=\"summary_large_image\" \/>\n<script type=\"application\/ld+json\" class=\"yoast-schema-graph\">{\"@context\":\"https:\\\/\\\/schema.org\",\"@graph\":[{\"@type\":\"WebPage\",\"@id\":\"https:\\\/\\\/www.canarie.ca\\\/fr\\\/identite\\\/soutien\\\/eva\\\/documentation\\\/\",\"url\":\"https:\\\/\\\/www.canarie.ca\\\/fr\\\/identite\\\/soutien\\\/eva\\\/documentation\\\/\",\"name\":\"Documentation et guides - CANARIE\",\"isPartOf\":{\"@id\":\"https:\\\/\\\/www.canarie.ca\\\/#website\"},\"primaryImageOfPage\":{\"@id\":\"https:\\\/\\\/www.canarie.ca\\\/fr\\\/identite\\\/soutien\\\/eva\\\/documentation\\\/#primaryimage\"},\"image\":{\"@id\":\"https:\\\/\\\/www.canarie.ca\\\/fr\\\/identite\\\/soutien\\\/eva\\\/documentation\\\/#primaryimage\"},\"thumbnailUrl\":\"https:\\\/\\\/www.canarie.ca\\\/wp-content\\\/uploads\\\/2021\\\/01\\\/eva-cat-link-1.png\",\"datePublished\":\"2021-02-17T15:54:34+00:00\",\"dateModified\":\"2024-05-10T18:01:48+00:00\",\"breadcrumb\":{\"@id\":\"https:\\\/\\\/www.canarie.ca\\\/fr\\\/identite\\\/soutien\\\/eva\\\/documentation\\\/#breadcrumb\"},\"inLanguage\":\"fr-FR\",\"potentialAction\":[{\"@type\":\"ReadAction\",\"target\":[\"https:\\\/\\\/www.canarie.ca\\\/fr\\\/identite\\\/soutien\\\/eva\\\/documentation\\\/\"]}]},{\"@type\":\"ImageObject\",\"inLanguage\":\"fr-FR\",\"@id\":\"https:\\\/\\\/www.canarie.ca\\\/fr\\\/identite\\\/soutien\\\/eva\\\/documentation\\\/#primaryimage\",\"url\":\"https:\\\/\\\/www.canarie.ca\\\/wp-content\\\/uploads\\\/2021\\\/01\\\/eva-cat-link-1.png\",\"contentUrl\":\"https:\\\/\\\/www.canarie.ca\\\/wp-content\\\/uploads\\\/2021\\\/01\\\/eva-cat-link-1.png\"},{\"@type\":\"BreadcrumbList\",\"@id\":\"https:\\\/\\\/www.canarie.ca\\\/fr\\\/identite\\\/soutien\\\/eva\\\/documentation\\\/#breadcrumb\",\"itemListElement\":[{\"@type\":\"ListItem\",\"position\":1,\"name\":\"Accueil\",\"item\":\"https:\\\/\\\/www.canarie.ca\\\/fr\\\/\"},{\"@type\":\"ListItem\",\"position\":2,\"name\":\"Gestion des identit\u00e9s et des acc\u00e8s\",\"item\":\"https:\\\/\\\/www.canarie.ca\\\/fr\\\/identite\\\/\"},{\"@type\":\"ListItem\",\"position\":3,\"name\":\"Soutien technique \u2013 Gestion des identit\u00e9s et des acc\u00e8s\",\"item\":\"https:\\\/\\\/www.canarie.ca\\\/fr\\\/identite\\\/soutien\\\/\"},{\"@type\":\"ListItem\",\"position\":4,\"name\":\"Soutien : acc\u00e8s des visiteurs \u00e0 eduroam (eVA)\",\"item\":\"https:\\\/\\\/www.canarie.ca\\\/fr\\\/identite\\\/soutien\\\/eva\\\/\"},{\"@type\":\"ListItem\",\"position\":5,\"name\":\"Documentation et guides\"}]},{\"@type\":\"WebSite\",\"@id\":\"https:\\\/\\\/www.canarie.ca\\\/#website\",\"url\":\"https:\\\/\\\/www.canarie.ca\\\/\",\"name\":\"CANARIE\",\"description\":\"\",\"potentialAction\":[{\"@type\":\"SearchAction\",\"target\":{\"@type\":\"EntryPoint\",\"urlTemplate\":\"https:\\\/\\\/www.canarie.ca\\\/?s={search_term_string}\"},\"query-input\":{\"@type\":\"PropertyValueSpecification\",\"valueRequired\":true,\"valueName\":\"search_term_string\"}}],\"inLanguage\":\"fr-FR\"}]}<\/script>\n<!-- \/ Yoast SEO plugin. -->","yoast_head_json":{"title":"Documentation et guides - CANARIE","robots":{"index":"index","follow":"follow","max-snippet":"max-snippet:-1","max-image-preview":"max-image-preview:large","max-video-preview":"max-video-preview:-1"},"canonical":"https:\/\/www.canarie.ca\/fr\/identite\/soutien\/eva\/documentation\/","og_locale":"fr_FR","og_type":"article","og_title":"Documentation et guides - CANARIE","og_description":"Documentation et guides H\u00f4tes du service eVA Selon les privil\u00e8ges accord\u00e9s lors de la configuration du service eVA par l\u2019organisation, [&hellip;]","og_url":"https:\/\/www.canarie.ca\/fr\/identite\/soutien\/eva\/documentation\/","og_site_name":"CANARIE","article_modified_time":"2024-05-10T18:01:48+00:00","og_image":[{"url":"https:\/\/www.canarie.ca\/wp-content\/uploads\/2021\/01\/eva-cat-link-1.png","type":"","width":"","height":""}],"twitter_card":"summary_large_image","schema":{"@context":"https:\/\/schema.org","@graph":[{"@type":"WebPage","@id":"https:\/\/www.canarie.ca\/fr\/identite\/soutien\/eva\/documentation\/","url":"https:\/\/www.canarie.ca\/fr\/identite\/soutien\/eva\/documentation\/","name":"Documentation et guides - CANARIE","isPartOf":{"@id":"https:\/\/www.canarie.ca\/#website"},"primaryImageOfPage":{"@id":"https:\/\/www.canarie.ca\/fr\/identite\/soutien\/eva\/documentation\/#primaryimage"},"image":{"@id":"https:\/\/www.canarie.ca\/fr\/identite\/soutien\/eva\/documentation\/#primaryimage"},"thumbnailUrl":"https:\/\/www.canarie.ca\/wp-content\/uploads\/2021\/01\/eva-cat-link-1.png","datePublished":"2021-02-17T15:54:34+00:00","dateModified":"2024-05-10T18:01:48+00:00","breadcrumb":{"@id":"https:\/\/www.canarie.ca\/fr\/identite\/soutien\/eva\/documentation\/#breadcrumb"},"inLanguage":"fr-FR","potentialAction":[{"@type":"ReadAction","target":["https:\/\/www.canarie.ca\/fr\/identite\/soutien\/eva\/documentation\/"]}]},{"@type":"ImageObject","inLanguage":"fr-FR","@id":"https:\/\/www.canarie.ca\/fr\/identite\/soutien\/eva\/documentation\/#primaryimage","url":"https:\/\/www.canarie.ca\/wp-content\/uploads\/2021\/01\/eva-cat-link-1.png","contentUrl":"https:\/\/www.canarie.ca\/wp-content\/uploads\/2021\/01\/eva-cat-link-1.png"},{"@type":"BreadcrumbList","@id":"https:\/\/www.canarie.ca\/fr\/identite\/soutien\/eva\/documentation\/#breadcrumb","itemListElement":[{"@type":"ListItem","position":1,"name":"Accueil","item":"https:\/\/www.canarie.ca\/fr\/"},{"@type":"ListItem","position":2,"name":"Gestion des identit\u00e9s et des acc\u00e8s","item":"https:\/\/www.canarie.ca\/fr\/identite\/"},{"@type":"ListItem","position":3,"name":"Soutien technique \u2013 Gestion des identit\u00e9s et des acc\u00e8s","item":"https:\/\/www.canarie.ca\/fr\/identite\/soutien\/"},{"@type":"ListItem","position":4,"name":"Soutien : acc\u00e8s des visiteurs \u00e0 eduroam (eVA)","item":"https:\/\/www.canarie.ca\/fr\/identite\/soutien\/eva\/"},{"@type":"ListItem","position":5,"name":"Documentation et guides"}]},{"@type":"WebSite","@id":"https:\/\/www.canarie.ca\/#website","url":"https:\/\/www.canarie.ca\/","name":"CANARIE","description":"","potentialAction":[{"@type":"SearchAction","target":{"@type":"EntryPoint","urlTemplate":"https:\/\/www.canarie.ca\/?s={search_term_string}"},"query-input":{"@type":"PropertyValueSpecification","valueRequired":true,"valueName":"search_term_string"}}],"inLanguage":"fr-FR"}]}},"_links":{"self":[{"href":"https:\/\/www.canarie.ca\/fr\/wp-json\/wp\/v2\/pages\/16897","targetHints":{"allow":["GET"]}}],"collection":[{"href":"https:\/\/www.canarie.ca\/fr\/wp-json\/wp\/v2\/pages"}],"about":[{"href":"https:\/\/www.canarie.ca\/fr\/wp-json\/wp\/v2\/types\/page"}],"author":[{"embeddable":true,"href":"https:\/\/www.canarie.ca\/fr\/wp-json\/wp\/v2\/users\/3"}],"replies":[{"embeddable":true,"href":"https:\/\/www.canarie.ca\/fr\/wp-json\/wp\/v2\/comments?post=16897"}],"version-history":[{"count":1,"href":"https:\/\/www.canarie.ca\/fr\/wp-json\/wp\/v2\/pages\/16897\/revisions"}],"predecessor-version":[{"id":43214,"href":"https:\/\/www.canarie.ca\/fr\/wp-json\/wp\/v2\/pages\/16897\/revisions\/43214"}],"up":[{"embeddable":true,"href":"https:\/\/www.canarie.ca\/fr\/wp-json\/wp\/v2\/pages\/10703"}],"wp:attachment":[{"href":"https:\/\/www.canarie.ca\/fr\/wp-json\/wp\/v2\/media?parent=16897"}],"curies":[{"name":"wp","href":"https:\/\/api.w.org\/{rel}","templated":true}]}}