{"id":16927,"date":"2021-02-17T11:00:02","date_gmt":"2021-02-17T16:00:02","guid":{"rendered":"https:\/\/canarie.machinedev.ca\/identite\/soutien\/eva\/videos\/"},"modified":"2021-02-17T13:20:35","modified_gmt":"2021-02-17T18:20:35","slug":"videos","status":"publish","type":"page","link":"https:\/\/www.canarie.ca\/fr\/identite\/soutien\/eva\/videos\/","title":{"rendered":"Vid\u00e9os"},"content":{"rendered":"\n<h1 class=\"has-text-align-center wp-block-heading\">Vid\u00e9os<\/h1>\n\n\n\n<div style=\"height:19px\" aria-hidden=\"true\" class=\"wp-block-spacer\"><\/div>\n\n\n\n<section class=\"section section--video-grid\">\n    <div class=\"grid-container\">\n      \t\t    <p class=\"subtitle\">Vid\u00e9os pratiques<\/p>\n\t          <div class=\"grid-x grid-padding-x align-center\">\n                          <div class=\"cell medium-6 large-4\">\n                  <div class=\"video-grid-thumbnail\">\n                    <div class=\"video-grid-thumbnail-bg\" style=\"background-image: url(https:\/\/www.canarie.ca\/wp-content\/uploads\/2021\/02\/Box.png); background-size: cover; background-position: center center;\"><\/div>\n                    <div class=\"video-grid-thumbnail-overlay\"><\/div>\n                    <img decoding=\"async\" src=\"https:\/\/www.canarie.ca\/wp-content\/themes\/canarie\/img\/icon-play.svg\">\n                    <a href=\"https:\/\/youtu.be\/khjX6SPcK5U\" target=\"_blank\"><\/a>\n                    <p>Cr\u00e9er un compte temporaire collectif<\/p>\n                                                         <\/div>\n                  \n                <\/div>\n                                <div class=\"cell medium-6 large-4\">\n                  <div class=\"video-grid-thumbnail\">\n                    <div class=\"video-grid-thumbnail-bg\" style=\"background-image: url(https:\/\/www.canarie.ca\/wp-content\/uploads\/2021\/02\/Box.png); background-size: cover; background-position: center center;\"><\/div>\n                    <div class=\"video-grid-thumbnail-overlay\"><\/div>\n                    <img decoding=\"async\" src=\"https:\/\/www.canarie.ca\/wp-content\/themes\/canarie\/img\/icon-play.svg\">\n                    <a href=\"https:\/\/youtu.be\/h0fO2ejK5uY\" target=\"_blank\"><\/a>\n                    <p>Cr\u00e9er un profil pour g\u00e9rer les privil\u00e8ges de l\u2019utilisateur<\/p>\n                                                         <\/div>\n                  \n                <\/div>\n                                <div class=\"cell medium-6 large-4\">\n                  <div class=\"video-grid-thumbnail\">\n                    <div class=\"video-grid-thumbnail-bg\" style=\"background-image: url(https:\/\/www.canarie.ca\/wp-content\/uploads\/2021\/02\/Box.png); background-size: cover; background-position: center center;\"><\/div>\n                    <div class=\"video-grid-thumbnail-overlay\"><\/div>\n                    <img decoding=\"async\" src=\"https:\/\/www.canarie.ca\/wp-content\/themes\/canarie\/img\/icon-play.svg\">\n                    <a href=\"https:\/\/youtu.be\/AfLB2AqtOAA\" target=\"_blank\"><\/a>\n                    <p>Autoriser l\u2019acc\u00e8s au r\u00e9seau pendant plusieurs jours avec un texto-\u00e9v\u00e9nement<\/p>\n                                                         <\/div>\n                  \n                <\/div>\n                                <div class=\"cell medium-6 large-4\">\n                  <div class=\"video-grid-thumbnail\">\n                    <div class=\"video-grid-thumbnail-bg\" style=\"background-image: url(https:\/\/www.canarie.ca\/wp-content\/uploads\/2021\/02\/Box.png); background-size: cover; background-position: center center;\"><\/div>\n                    <div class=\"video-grid-thumbnail-overlay\"><\/div>\n                    <img decoding=\"async\" src=\"https:\/\/www.canarie.ca\/wp-content\/themes\/canarie\/img\/icon-play.svg\">\n                    <a href=\"https:\/\/youtu.be\/QheUQHwHBUw\" target=\"_blank\"><\/a>\n                    <p>Cr\u00e9er un compte \u00ab Administrateur de l\u2019organisation \u00bb<\/p>\n                                                         <\/div>\n                  \n                <\/div>\n                                <div class=\"cell medium-6 large-4\">\n                  <div class=\"video-grid-thumbnail\">\n                    <div class=\"video-grid-thumbnail-bg\" style=\"background-image: url(https:\/\/www.canarie.ca\/wp-content\/uploads\/2021\/02\/Box.png); background-size: cover; background-position: center center;\"><\/div>\n                    <div class=\"video-grid-thumbnail-overlay\"><\/div>\n                    <img decoding=\"async\" src=\"https:\/\/www.canarie.ca\/wp-content\/themes\/canarie\/img\/icon-play.svg\">\n                    <a href=\"https:\/\/youtu.be\/vlGNeNAU1P8\" target=\"_blank\"><\/a>\n                    <p>Cr\u00e9er et utiliser un texto-\u00e9v\u00e9nement d\u2019un jour<\/p>\n                                                         <\/div>\n                  \n                <\/div>\n                                <div class=\"cell medium-6 large-4\">\n                  <div class=\"video-grid-thumbnail\">\n                    <div class=\"video-grid-thumbnail-bg\" style=\"background-image: url(https:\/\/www.canarie.ca\/wp-content\/uploads\/2021\/02\/Box.png); background-size: cover; background-position: center center;\"><\/div>\n                    <div class=\"video-grid-thumbnail-overlay\"><\/div>\n                    <img decoding=\"async\" src=\"https:\/\/www.canarie.ca\/wp-content\/themes\/canarie\/img\/icon-play.svg\">\n                    <a href=\"https:\/\/youtu.be\/W25bakiMarM\" target=\"_blank\"><\/a>\n                    <p>Cr\u00e9er un compte temporaire individuel<\/p>\n                                                         <\/div>\n                  \n                <\/div>\n                                <div class=\"cell medium-6 large-4\">\n                  <div class=\"video-grid-thumbnail\">\n                    <div class=\"video-grid-thumbnail-bg\" style=\"background-image: url(https:\/\/www.canarie.ca\/wp-content\/uploads\/2021\/02\/Box.png); background-size: cover; background-position: center center;\"><\/div>\n                    <div class=\"video-grid-thumbnail-overlay\"><\/div>\n                    <img decoding=\"async\" src=\"https:\/\/www.canarie.ca\/wp-content\/themes\/canarie\/img\/icon-play.svg\">\n                    <a href=\"https:\/\/youtu.be\/RtGry1Cp6QM\" target=\"_blank\"><\/a>\n                    <p>Cr\u00e9er un compte temporaire group\u00e9<\/p>\n                                                         <\/div>\n                  \n                <\/div>\n                                <div class=\"cell medium-6 large-4\">\n                  <div class=\"video-grid-thumbnail\">\n                    <div class=\"video-grid-thumbnail-bg\" style=\"background-image: url(https:\/\/www.canarie.ca\/wp-content\/uploads\/2021\/02\/Box.png); background-size: cover; background-position: center center;\"><\/div>\n                    <div class=\"video-grid-thumbnail-overlay\"><\/div>\n                    <img decoding=\"async\" src=\"https:\/\/www.canarie.ca\/wp-content\/themes\/canarie\/img\/icon-play.svg\">\n                    <a href=\"https:\/\/youtu.be\/8dmtBVO7Eew\" target=\"_blank\"><\/a>\n                    <p>Utiliser les fonctions CERT de l\u2019administrateur<\/p>\n                                                         <\/div>\n                  \n                <\/div>\n                        <\/div>\n      <\/div>\n    <\/div>\n  <\/section>\n\n\n<section class=\"section section--video-grid\">\n    <div class=\"grid-container\">\n      \t\t    <p class=\"subtitle\">Webinaires<\/p>\n\t          <div class=\"grid-x grid-padding-x align-center\">\n                          <div class=\"cell medium-6 large-4\">\n                  <div class=\"video-grid-thumbnail\">\n                    <div class=\"video-grid-thumbnail-bg\" style=\"background-image: url(https:\/\/www.canarie.ca\/wp-content\/uploads\/2021\/02\/Box.png); background-size: cover; background-position: center center;\"><\/div>\n                    <div class=\"video-grid-thumbnail-overlay\"><\/div>\n                    <img decoding=\"async\" src=\"https:\/\/www.canarie.ca\/wp-content\/themes\/canarie\/img\/icon-play.svg\">\n                    <a href=\"https:\/\/youtu.be\/-hioLdkkpB8\" target=\"_blank\"><\/a>\n                    <p>Lancement du service eVA<\/p>\n                                                         <\/div>\n                  \n                <\/div>\n                        <\/div>\n      <\/div>\n    <\/div>\n  <\/section>","protected":false},"excerpt":{"rendered":"<p>Vid\u00e9os<\/p>\n","protected":false},"author":3,"featured_media":0,"parent":10703,"menu_order":0,"comment_status":"closed","ping_status":"closed","template":"","meta":{"_acf_changed":false,"footnotes":""},"class_list":["post-16927","page","type-page","status-publish","hentry"],"acf":[],"yoast_head":"<!-- This site is optimized with the Yoast SEO plugin v27.4 - https:\/\/yoast.com\/product\/yoast-seo-wordpress\/ -->\n<title>Vid\u00e9os - CANARIE<\/title>\n<meta name=\"robots\" content=\"index, follow, max-snippet:-1, max-image-preview:large, max-video-preview:-1\" \/>\n<link rel=\"canonical\" href=\"https:\/\/www.canarie.ca\/fr\/identite\/soutien\/eva\/videos\/\" \/>\n<meta property=\"og:locale\" content=\"fr_FR\" \/>\n<meta property=\"og:type\" content=\"article\" \/>\n<meta property=\"og:title\" content=\"Vid\u00e9os - CANARIE\" \/>\n<meta property=\"og:description\" content=\"Vid\u00e9os\" \/>\n<meta property=\"og:url\" content=\"https:\/\/www.canarie.ca\/fr\/identite\/soutien\/eva\/videos\/\" \/>\n<meta property=\"og:site_name\" content=\"CANARIE\" \/>\n<meta property=\"article:modified_time\" content=\"2021-02-17T18:20:35+00:00\" \/>\n<meta name=\"twitter:card\" content=\"summary_large_image\" \/>\n<script type=\"application\/ld+json\" class=\"yoast-schema-graph\">{\"@context\":\"https:\\\/\\\/schema.org\",\"@graph\":[{\"@type\":\"WebPage\",\"@id\":\"https:\\\/\\\/www.canarie.ca\\\/fr\\\/identite\\\/soutien\\\/eva\\\/videos\\\/\",\"url\":\"https:\\\/\\\/www.canarie.ca\\\/fr\\\/identite\\\/soutien\\\/eva\\\/videos\\\/\",\"name\":\"Vid\u00e9os - CANARIE\",\"isPartOf\":{\"@id\":\"https:\\\/\\\/www.canarie.ca\\\/#website\"},\"datePublished\":\"2021-02-17T16:00:02+00:00\",\"dateModified\":\"2021-02-17T18:20:35+00:00\",\"breadcrumb\":{\"@id\":\"https:\\\/\\\/www.canarie.ca\\\/fr\\\/identite\\\/soutien\\\/eva\\\/videos\\\/#breadcrumb\"},\"inLanguage\":\"fr-FR\",\"potentialAction\":[{\"@type\":\"ReadAction\",\"target\":[\"https:\\\/\\\/www.canarie.ca\\\/fr\\\/identite\\\/soutien\\\/eva\\\/videos\\\/\"]}]},{\"@type\":\"BreadcrumbList\",\"@id\":\"https:\\\/\\\/www.canarie.ca\\\/fr\\\/identite\\\/soutien\\\/eva\\\/videos\\\/#breadcrumb\",\"itemListElement\":[{\"@type\":\"ListItem\",\"position\":1,\"name\":\"Accueil\",\"item\":\"https:\\\/\\\/www.canarie.ca\\\/fr\\\/\"},{\"@type\":\"ListItem\",\"position\":2,\"name\":\"Gestion des identit\u00e9s et des acc\u00e8s\",\"item\":\"https:\\\/\\\/www.canarie.ca\\\/fr\\\/identite\\\/\"},{\"@type\":\"ListItem\",\"position\":3,\"name\":\"Soutien technique \u2013 Gestion des identit\u00e9s et des acc\u00e8s\",\"item\":\"https:\\\/\\\/www.canarie.ca\\\/fr\\\/identite\\\/soutien\\\/\"},{\"@type\":\"ListItem\",\"position\":4,\"name\":\"Soutien : acc\u00e8s des visiteurs \u00e0 eduroam (eVA)\",\"item\":\"https:\\\/\\\/www.canarie.ca\\\/fr\\\/identite\\\/soutien\\\/eva\\\/\"},{\"@type\":\"ListItem\",\"position\":5,\"name\":\"Vid\u00e9os\"}]},{\"@type\":\"WebSite\",\"@id\":\"https:\\\/\\\/www.canarie.ca\\\/#website\",\"url\":\"https:\\\/\\\/www.canarie.ca\\\/\",\"name\":\"CANARIE\",\"description\":\"\",\"potentialAction\":[{\"@type\":\"SearchAction\",\"target\":{\"@type\":\"EntryPoint\",\"urlTemplate\":\"https:\\\/\\\/www.canarie.ca\\\/?s={search_term_string}\"},\"query-input\":{\"@type\":\"PropertyValueSpecification\",\"valueRequired\":true,\"valueName\":\"search_term_string\"}}],\"inLanguage\":\"fr-FR\"}]}<\/script>\n<!-- \/ Yoast SEO plugin. -->","yoast_head_json":{"title":"Vid\u00e9os - CANARIE","robots":{"index":"index","follow":"follow","max-snippet":"max-snippet:-1","max-image-preview":"max-image-preview:large","max-video-preview":"max-video-preview:-1"},"canonical":"https:\/\/www.canarie.ca\/fr\/identite\/soutien\/eva\/videos\/","og_locale":"fr_FR","og_type":"article","og_title":"Vid\u00e9os - CANARIE","og_description":"Vid\u00e9os","og_url":"https:\/\/www.canarie.ca\/fr\/identite\/soutien\/eva\/videos\/","og_site_name":"CANARIE","article_modified_time":"2021-02-17T18:20:35+00:00","twitter_card":"summary_large_image","schema":{"@context":"https:\/\/schema.org","@graph":[{"@type":"WebPage","@id":"https:\/\/www.canarie.ca\/fr\/identite\/soutien\/eva\/videos\/","url":"https:\/\/www.canarie.ca\/fr\/identite\/soutien\/eva\/videos\/","name":"Vid\u00e9os - CANARIE","isPartOf":{"@id":"https:\/\/www.canarie.ca\/#website"},"datePublished":"2021-02-17T16:00:02+00:00","dateModified":"2021-02-17T18:20:35+00:00","breadcrumb":{"@id":"https:\/\/www.canarie.ca\/fr\/identite\/soutien\/eva\/videos\/#breadcrumb"},"inLanguage":"fr-FR","potentialAction":[{"@type":"ReadAction","target":["https:\/\/www.canarie.ca\/fr\/identite\/soutien\/eva\/videos\/"]}]},{"@type":"BreadcrumbList","@id":"https:\/\/www.canarie.ca\/fr\/identite\/soutien\/eva\/videos\/#breadcrumb","itemListElement":[{"@type":"ListItem","position":1,"name":"Accueil","item":"https:\/\/www.canarie.ca\/fr\/"},{"@type":"ListItem","position":2,"name":"Gestion des identit\u00e9s et des acc\u00e8s","item":"https:\/\/www.canarie.ca\/fr\/identite\/"},{"@type":"ListItem","position":3,"name":"Soutien technique \u2013 Gestion des identit\u00e9s et des acc\u00e8s","item":"https:\/\/www.canarie.ca\/fr\/identite\/soutien\/"},{"@type":"ListItem","position":4,"name":"Soutien : acc\u00e8s des visiteurs \u00e0 eduroam (eVA)","item":"https:\/\/www.canarie.ca\/fr\/identite\/soutien\/eva\/"},{"@type":"ListItem","position":5,"name":"Vid\u00e9os"}]},{"@type":"WebSite","@id":"https:\/\/www.canarie.ca\/#website","url":"https:\/\/www.canarie.ca\/","name":"CANARIE","description":"","potentialAction":[{"@type":"SearchAction","target":{"@type":"EntryPoint","urlTemplate":"https:\/\/www.canarie.ca\/?s={search_term_string}"},"query-input":{"@type":"PropertyValueSpecification","valueRequired":true,"valueName":"search_term_string"}}],"inLanguage":"fr-FR"}]}},"_links":{"self":[{"href":"https:\/\/www.canarie.ca\/fr\/wp-json\/wp\/v2\/pages\/16927","targetHints":{"allow":["GET"]}}],"collection":[{"href":"https:\/\/www.canarie.ca\/fr\/wp-json\/wp\/v2\/pages"}],"about":[{"href":"https:\/\/www.canarie.ca\/fr\/wp-json\/wp\/v2\/types\/page"}],"author":[{"embeddable":true,"href":"https:\/\/www.canarie.ca\/fr\/wp-json\/wp\/v2\/users\/3"}],"replies":[{"embeddable":true,"href":"https:\/\/www.canarie.ca\/fr\/wp-json\/wp\/v2\/comments?post=16927"}],"version-history":[{"count":0,"href":"https:\/\/www.canarie.ca\/fr\/wp-json\/wp\/v2\/pages\/16927\/revisions"}],"up":[{"embeddable":true,"href":"https:\/\/www.canarie.ca\/fr\/wp-json\/wp\/v2\/pages\/10703"}],"wp:attachment":[{"href":"https:\/\/www.canarie.ca\/fr\/wp-json\/wp\/v2\/media?parent=16927"}],"curies":[{"name":"wp","href":"https:\/\/api.w.org\/{rel}","templated":true}]}}