{"id":17134,"date":"2021-02-09T14:12:54","date_gmt":"2021-02-09T19:12:54","guid":{"rendered":"https:\/\/canarie.machinedev.ca\/identite\/soutien\/eduroam\/bulletins\/"},"modified":"2021-05-21T09:08:24","modified_gmt":"2021-05-21T13:08:24","slug":"bulletins","status":"publish","type":"page","link":"https:\/\/www.canarie.ca\/fr\/identite\/soutien\/eduroam\/bulletins\/","title":{"rendered":"Bulletins de service et annonces"},"content":{"rendered":"\n<h1 class=\"has-text-align-center wp-block-heading\">Bulletins de service et annonces<\/h1>\n\n\n\n<div style=\"height:50px\" aria-hidden=\"true\" class=\"wp-block-spacer\"><\/div>\n\n\n\n<section class=\"section section--text-columns no-background\">\n    <div class=\"grid-container\">\n      <div class=\"grid-x grid-padding-x\">\n        <div class=\"cell\">\n                  \t<h3>Bulletin sur la s\u00e9curit\u00e9 \u2013 Vuln\u00e9rabilit\u00e9 des r\u00e9seaux sans fil aux attaques par fragmentation et agr\u00e9gation (FragAttacks)<\/h3>\n                    <p>Une nouvelle vuln\u00e9rabilit\u00e9 appel\u00e9e \u00ab\u00a0attaque par fragmentation et agr\u00e9gation\u00a0\u00bb (FragAttacks) menace la s\u00e9curit\u00e9 des r\u00e9seaux sans fil. Ces attaques visent l\u2019infrastructure m\u00eame du r\u00e9seau et la client\u00e8le plut\u00f4t qu\u2019un r\u00e9seau particulier.<\/p>\n                    <div class=\"button-group\">\n              \t\t\t\t  \t<a class=\"button-border-blue\" href=\"https:\/\/www.canarie.ca\/fr\/identite\/soutien\/fragattacks\/\" target=\"_self\">En apprendre plus<\/a>\n    \t\t\t    \t\t\t    \t\t\t<\/div>\n    \t\t\t        <\/div>\n      <\/div>\n    <\/div>\n  <\/section>\n\n\n<section class=\"section section--text-columns no-background\">\n    <div class=\"grid-container\">\n      <div class=\"grid-x grid-padding-x\">\n        <div class=\"cell\">\n                  \t<h3>Bulletin sur le service eduroam \u2013 connexion impossible \u00e0 eduroam pour les utilisateurs ayant un appareil Android, n\u00e9cessit\u00e9 de modifier le profil CAT<\/h3>\n                    <p>La mise \u00e0 niveau 11 QPR1 d\u2019Android de d\u00e9cembre sur le plan de la s\u00e9curit\u00e9 modifie la fa\u00e7on dont les certificats de s\u00e9curit\u00e9 sans fil sont trait\u00e9s&#8230;.<\/p>\n                    <div class=\"button-group\">\n              \t\t\t\t  \t<a class=\"button-border-blue\" href=\"https:\/\/www.canarie.ca\/fr\/identite\/soutien\/admin\/#organisation\" target=\"_self\">En apprendre plus<\/a>\n    \t\t\t    \t\t\t    \t\t\t<\/div>\n    \t\t\t        <\/div>\n      <\/div>\n    <\/div>\n  <\/section>\n\n\n<section class=\"section section--text-columns no-background\">\n    <div class=\"grid-container\">\n      <div class=\"grid-x grid-padding-x\">\n        <div class=\"cell\">\n                  \t<h3>Bulletin sur le service eduroam \u2013 \u00c0 l\u2019intention des contacts techniques et des signataires autoris\u00e9s<\/h3>\n                    <p>Nous avons appris que les utilisateurs d\u2019eduroam pourraient \u00eatre victimes d\u2019une br\u00e8che de s\u00e9curit\u00e9 si leur appareil n\u2019est pas correctement configur\u00e9&#8230;.La mise \u00e0 niveau 11 QPR1 d\u2019Android de d\u00e9cembre sur le plan de la s\u00e9curit\u00e9 modifie la fa\u00e7on dont les certificats de s\u00e9curit\u00e9 sans fil sont trait\u00e9s&#8230;<\/p>\n                    <div class=\"button-group\">\n              \t\t\t\t  \t<a class=\"button-border-blue\" href=\"https:\/\/www.canarie.ca\/fr\/document\/fca-connexion-impossible-a-eduroam-pour-les-utilisateurs-ayant-un-appareil-android-necessite-de-modifier-le-profil-cat\/\" target=\"_self\">En apprendre plus<\/a>\n    \t\t\t    \t\t\t    \t\t\t<\/div>\n    \t\t\t        <\/div>\n      <\/div>\n    <\/div>\n  <\/section>","protected":false},"excerpt":{"rendered":"<p>Bulletins de service et annonces<\/p>\n","protected":false},"author":3,"featured_media":0,"parent":10668,"menu_order":0,"comment_status":"closed","ping_status":"closed","template":"","meta":{"_acf_changed":false,"footnotes":""},"class_list":["post-17134","page","type-page","status-publish","hentry"],"acf":[],"yoast_head":"<!-- This site is optimized with the Yoast SEO plugin v27.4 - https:\/\/yoast.com\/product\/yoast-seo-wordpress\/ -->\n<title>Bulletins de service et annonces - CANARIE<\/title>\n<meta name=\"robots\" content=\"index, follow, max-snippet:-1, max-image-preview:large, max-video-preview:-1\" \/>\n<link rel=\"canonical\" href=\"https:\/\/www.canarie.ca\/fr\/identite\/soutien\/eduroam\/bulletins\/\" \/>\n<meta property=\"og:locale\" content=\"fr_FR\" \/>\n<meta property=\"og:type\" content=\"article\" \/>\n<meta property=\"og:title\" content=\"Bulletins de service et annonces - CANARIE\" \/>\n<meta property=\"og:description\" content=\"Bulletins de service et annonces\" \/>\n<meta property=\"og:url\" content=\"https:\/\/www.canarie.ca\/fr\/identite\/soutien\/eduroam\/bulletins\/\" \/>\n<meta property=\"og:site_name\" content=\"CANARIE\" \/>\n<meta property=\"article:modified_time\" content=\"2021-05-21T13:08:24+00:00\" \/>\n<meta name=\"twitter:card\" content=\"summary_large_image\" \/>\n<script type=\"application\/ld+json\" class=\"yoast-schema-graph\">{\"@context\":\"https:\\\/\\\/schema.org\",\"@graph\":[{\"@type\":\"WebPage\",\"@id\":\"https:\\\/\\\/www.canarie.ca\\\/fr\\\/identite\\\/soutien\\\/eduroam\\\/bulletins\\\/\",\"url\":\"https:\\\/\\\/www.canarie.ca\\\/fr\\\/identite\\\/soutien\\\/eduroam\\\/bulletins\\\/\",\"name\":\"Bulletins de service et annonces - CANARIE\",\"isPartOf\":{\"@id\":\"https:\\\/\\\/www.canarie.ca\\\/#website\"},\"datePublished\":\"2021-02-09T19:12:54+00:00\",\"dateModified\":\"2021-05-21T13:08:24+00:00\",\"breadcrumb\":{\"@id\":\"https:\\\/\\\/www.canarie.ca\\\/fr\\\/identite\\\/soutien\\\/eduroam\\\/bulletins\\\/#breadcrumb\"},\"inLanguage\":\"fr-FR\",\"potentialAction\":[{\"@type\":\"ReadAction\",\"target\":[\"https:\\\/\\\/www.canarie.ca\\\/fr\\\/identite\\\/soutien\\\/eduroam\\\/bulletins\\\/\"]}]},{\"@type\":\"BreadcrumbList\",\"@id\":\"https:\\\/\\\/www.canarie.ca\\\/fr\\\/identite\\\/soutien\\\/eduroam\\\/bulletins\\\/#breadcrumb\",\"itemListElement\":[{\"@type\":\"ListItem\",\"position\":1,\"name\":\"Accueil\",\"item\":\"https:\\\/\\\/www.canarie.ca\\\/fr\\\/\"},{\"@type\":\"ListItem\",\"position\":2,\"name\":\"Gestion des identit\u00e9s et des acc\u00e8s\",\"item\":\"https:\\\/\\\/www.canarie.ca\\\/fr\\\/identite\\\/\"},{\"@type\":\"ListItem\",\"position\":3,\"name\":\"Soutien technique \u2013 Gestion des identit\u00e9s et des acc\u00e8s\",\"item\":\"https:\\\/\\\/www.canarie.ca\\\/fr\\\/identite\\\/soutien\\\/\"},{\"@type\":\"ListItem\",\"position\":4,\"name\":\"Soutien : eduroam\",\"item\":\"https:\\\/\\\/www.canarie.ca\\\/fr\\\/identite\\\/soutien\\\/eduroam\\\/\"},{\"@type\":\"ListItem\",\"position\":5,\"name\":\"Bulletins de service et annonces\"}]},{\"@type\":\"WebSite\",\"@id\":\"https:\\\/\\\/www.canarie.ca\\\/#website\",\"url\":\"https:\\\/\\\/www.canarie.ca\\\/\",\"name\":\"CANARIE\",\"description\":\"\",\"potentialAction\":[{\"@type\":\"SearchAction\",\"target\":{\"@type\":\"EntryPoint\",\"urlTemplate\":\"https:\\\/\\\/www.canarie.ca\\\/?s={search_term_string}\"},\"query-input\":{\"@type\":\"PropertyValueSpecification\",\"valueRequired\":true,\"valueName\":\"search_term_string\"}}],\"inLanguage\":\"fr-FR\"}]}<\/script>\n<!-- \/ Yoast SEO plugin. -->","yoast_head_json":{"title":"Bulletins de service et annonces - CANARIE","robots":{"index":"index","follow":"follow","max-snippet":"max-snippet:-1","max-image-preview":"max-image-preview:large","max-video-preview":"max-video-preview:-1"},"canonical":"https:\/\/www.canarie.ca\/fr\/identite\/soutien\/eduroam\/bulletins\/","og_locale":"fr_FR","og_type":"article","og_title":"Bulletins de service et annonces - CANARIE","og_description":"Bulletins de service et annonces","og_url":"https:\/\/www.canarie.ca\/fr\/identite\/soutien\/eduroam\/bulletins\/","og_site_name":"CANARIE","article_modified_time":"2021-05-21T13:08:24+00:00","twitter_card":"summary_large_image","schema":{"@context":"https:\/\/schema.org","@graph":[{"@type":"WebPage","@id":"https:\/\/www.canarie.ca\/fr\/identite\/soutien\/eduroam\/bulletins\/","url":"https:\/\/www.canarie.ca\/fr\/identite\/soutien\/eduroam\/bulletins\/","name":"Bulletins de service et annonces - CANARIE","isPartOf":{"@id":"https:\/\/www.canarie.ca\/#website"},"datePublished":"2021-02-09T19:12:54+00:00","dateModified":"2021-05-21T13:08:24+00:00","breadcrumb":{"@id":"https:\/\/www.canarie.ca\/fr\/identite\/soutien\/eduroam\/bulletins\/#breadcrumb"},"inLanguage":"fr-FR","potentialAction":[{"@type":"ReadAction","target":["https:\/\/www.canarie.ca\/fr\/identite\/soutien\/eduroam\/bulletins\/"]}]},{"@type":"BreadcrumbList","@id":"https:\/\/www.canarie.ca\/fr\/identite\/soutien\/eduroam\/bulletins\/#breadcrumb","itemListElement":[{"@type":"ListItem","position":1,"name":"Accueil","item":"https:\/\/www.canarie.ca\/fr\/"},{"@type":"ListItem","position":2,"name":"Gestion des identit\u00e9s et des acc\u00e8s","item":"https:\/\/www.canarie.ca\/fr\/identite\/"},{"@type":"ListItem","position":3,"name":"Soutien technique \u2013 Gestion des identit\u00e9s et des acc\u00e8s","item":"https:\/\/www.canarie.ca\/fr\/identite\/soutien\/"},{"@type":"ListItem","position":4,"name":"Soutien : eduroam","item":"https:\/\/www.canarie.ca\/fr\/identite\/soutien\/eduroam\/"},{"@type":"ListItem","position":5,"name":"Bulletins de service et annonces"}]},{"@type":"WebSite","@id":"https:\/\/www.canarie.ca\/#website","url":"https:\/\/www.canarie.ca\/","name":"CANARIE","description":"","potentialAction":[{"@type":"SearchAction","target":{"@type":"EntryPoint","urlTemplate":"https:\/\/www.canarie.ca\/?s={search_term_string}"},"query-input":{"@type":"PropertyValueSpecification","valueRequired":true,"valueName":"search_term_string"}}],"inLanguage":"fr-FR"}]}},"_links":{"self":[{"href":"https:\/\/www.canarie.ca\/fr\/wp-json\/wp\/v2\/pages\/17134","targetHints":{"allow":["GET"]}}],"collection":[{"href":"https:\/\/www.canarie.ca\/fr\/wp-json\/wp\/v2\/pages"}],"about":[{"href":"https:\/\/www.canarie.ca\/fr\/wp-json\/wp\/v2\/types\/page"}],"author":[{"embeddable":true,"href":"https:\/\/www.canarie.ca\/fr\/wp-json\/wp\/v2\/users\/3"}],"replies":[{"embeddable":true,"href":"https:\/\/www.canarie.ca\/fr\/wp-json\/wp\/v2\/comments?post=17134"}],"version-history":[{"count":0,"href":"https:\/\/www.canarie.ca\/fr\/wp-json\/wp\/v2\/pages\/17134\/revisions"}],"up":[{"embeddable":true,"href":"https:\/\/www.canarie.ca\/fr\/wp-json\/wp\/v2\/pages\/10668"}],"wp:attachment":[{"href":"https:\/\/www.canarie.ca\/fr\/wp-json\/wp\/v2\/media?parent=17134"}],"curies":[{"name":"wp","href":"https:\/\/api.w.org\/{rel}","templated":true}]}}