{"id":17153,"date":"2021-02-18T10:47:07","date_gmt":"2021-02-18T15:47:07","guid":{"rendered":"https:\/\/canarie.machinedev.ca\/identite\/soutien\/eduroam\/configuration\/"},"modified":"2025-11-20T10:37:11","modified_gmt":"2025-11-20T15:37:11","slug":"configuration","status":"publish","type":"page","link":"https:\/\/www.canarie.ca\/fr\/identite\/soutien\/eduroam\/configuration\/","title":{"rendered":"Outils de configuration"},"content":{"rendered":"\n<h1 class=\"wp-block-heading has-text-align-center\">Outils de configuration<\/h1>\n\n\n\n<div style=\"height:50px\" aria-hidden=\"true\" class=\"wp-block-spacer\"><\/div>\n\n\n\n<h4 class=\"wp-block-heading has-cyan-color has-text-color\">Assistant de configuration CAT<\/h4>\n\n\n\n<p><a href=\"https:\/\/www.canarie.ca\/fr\/identite\/eduroam\/cat\/\">L\u2019assistant de configuration CAT d\u2019eduroam<\/a> est un outil recommand\u00e9 qui automatise l\u2019installation des certificats de s\u00e9curit\u00e9 et des identifiants par l\u2019utilisateur sur tous les types de services, donc en simplifie la configuration. Une fois termin\u00e9e, la configuration garantit un acc\u00e8s homog\u00e8ne et s\u00fbr au r\u00e9seau eduroam.<\/p>\n\n\n\n<p><strong>\u00c9quipes IT des institutions de recherche et d\u2019enseignement sup\u00e9rieur qui ont d\u00e9ploy\u00e9 eduroam :<\/strong><\/p>\n\n\n\n<div class=\"wp-block-buttons is-layout-flex wp-block-buttons-is-layout-flex\">\n<div class=\"wp-block-button\"><a class=\"wp-block-button__link has-red-color has-text-color wp-element-button\" href=\"https:\/\/www.canarie.ca\/fr\/document\/fca-activer-loutil-configuration-assistant-tool-deduroam-cat-eduroam-org\/\">Activer l\u2019outil CAT pour l\u2019institution<\/a><\/div>\n<\/div>\n\n\n\n<p><strong>Pour tous les utilisateurs qui acc\u00e8dent au r\u00e9seau Wi-Fi eduroam :<\/strong><\/p>\n\n\n\n<div class=\"wp-block-buttons is-layout-flex wp-block-buttons-is-layout-flex\">\n<div class=\"wp-block-button\"><a class=\"wp-block-button__link has-cyan-color has-text-color wp-element-button\" href=\"https:\/\/www.canarie.ca\/fr\/identite\/eduroam\/securite\/\">Visiter la page Secure eduroam on Your Device (s\u00e9curiser eduroam sur votre appareil)<\/a><\/div>\n<\/div>\n\n\n\n<div class=\"wp-block-buttons is-layout-flex wp-block-buttons-is-layout-flex\">\n<div class=\"wp-block-button\"><a class=\"wp-block-button__link has-cyan-color has-text-color wp-element-button\" href=\"https:\/\/www.canarie.ca\/fr\/configuration-de-la-plateforme-cloudpath-de-ruckus-sur-le-serveur-radius-pour-le-service-eduroam-au-canada\/\" target=\"_blank\" rel=\"noreferrer noopener\">Configuration de la plateforme Cloudpath de Ruckus sur le serveur RADIUS pour le service eduroam au Canada<\/a><\/div>\n<\/div>\n\n\n\n<section class=\"section section--quick-links\">\n    <div class=\"grid-container\">\n      <div class=\"grid-x grid-padding-x\">\n        <div class=\"cell\">\n                  \t<h2>Liens rapides : <\/h2>\n                                <div class=\"wp-block-buttons\">\n                \t\t\t\t  \t<a class=\"button wp-block-button__link\" href=\"https:\/\/www.canarie.ca\/fr\/identite\/eduroam\/cat\/\" target=\"_self\">Renforcez la s\u00e9curit\u00e9 d\u2019eduroam avec l\u2019assistant de configuration CAT<\/a><br>\n    \t\t\t        \t\t\t  <\/div>\n    \t\t\t          <\/div>\n      <\/div>\n    <\/div>\n  <\/section>","protected":false},"excerpt":{"rendered":"<p>Outils de configuration Assistant de configuration CAT L\u2019assistant de configuration CAT d\u2019eduroam est un outil recommand\u00e9 qui automatise l\u2019installation des [&hellip;]<\/p>\n","protected":false},"author":3,"featured_media":0,"parent":10668,"menu_order":0,"comment_status":"closed","ping_status":"closed","template":"","meta":{"_acf_changed":false,"footnotes":""},"class_list":["post-17153","page","type-page","status-publish","hentry"],"acf":[],"yoast_head":"<!-- This site is optimized with the Yoast SEO plugin v27.4 - https:\/\/yoast.com\/product\/yoast-seo-wordpress\/ -->\n<title>Outils de configuration - CANARIE<\/title>\n<meta name=\"robots\" content=\"index, follow, max-snippet:-1, max-image-preview:large, max-video-preview:-1\" \/>\n<link rel=\"canonical\" href=\"https:\/\/www.canarie.ca\/fr\/identite\/soutien\/eduroam\/configuration\/\" \/>\n<meta property=\"og:locale\" content=\"fr_FR\" \/>\n<meta property=\"og:type\" content=\"article\" \/>\n<meta property=\"og:title\" content=\"Outils de configuration - CANARIE\" \/>\n<meta property=\"og:description\" content=\"Outils de configuration Assistant de configuration CAT L\u2019assistant de configuration CAT d\u2019eduroam est un outil recommand\u00e9 qui automatise l\u2019installation des [&hellip;]\" \/>\n<meta property=\"og:url\" content=\"https:\/\/www.canarie.ca\/fr\/identite\/soutien\/eduroam\/configuration\/\" \/>\n<meta property=\"og:site_name\" content=\"CANARIE\" \/>\n<meta property=\"article:modified_time\" content=\"2025-11-20T15:37:11+00:00\" \/>\n<meta name=\"twitter:card\" content=\"summary_large_image\" \/>\n<script type=\"application\/ld+json\" class=\"yoast-schema-graph\">{\"@context\":\"https:\\\/\\\/schema.org\",\"@graph\":[{\"@type\":\"WebPage\",\"@id\":\"https:\\\/\\\/www.canarie.ca\\\/fr\\\/identite\\\/soutien\\\/eduroam\\\/configuration\\\/\",\"url\":\"https:\\\/\\\/www.canarie.ca\\\/fr\\\/identite\\\/soutien\\\/eduroam\\\/configuration\\\/\",\"name\":\"Outils de configuration - CANARIE\",\"isPartOf\":{\"@id\":\"https:\\\/\\\/www.canarie.ca\\\/#website\"},\"datePublished\":\"2021-02-18T15:47:07+00:00\",\"dateModified\":\"2025-11-20T15:37:11+00:00\",\"breadcrumb\":{\"@id\":\"https:\\\/\\\/www.canarie.ca\\\/fr\\\/identite\\\/soutien\\\/eduroam\\\/configuration\\\/#breadcrumb\"},\"inLanguage\":\"fr-FR\",\"potentialAction\":[{\"@type\":\"ReadAction\",\"target\":[\"https:\\\/\\\/www.canarie.ca\\\/fr\\\/identite\\\/soutien\\\/eduroam\\\/configuration\\\/\"]}]},{\"@type\":\"BreadcrumbList\",\"@id\":\"https:\\\/\\\/www.canarie.ca\\\/fr\\\/identite\\\/soutien\\\/eduroam\\\/configuration\\\/#breadcrumb\",\"itemListElement\":[{\"@type\":\"ListItem\",\"position\":1,\"name\":\"Accueil\",\"item\":\"https:\\\/\\\/www.canarie.ca\\\/fr\\\/\"},{\"@type\":\"ListItem\",\"position\":2,\"name\":\"Gestion des identit\u00e9s et des acc\u00e8s\",\"item\":\"https:\\\/\\\/www.canarie.ca\\\/fr\\\/identite\\\/\"},{\"@type\":\"ListItem\",\"position\":3,\"name\":\"Soutien technique \u2013 Gestion des identit\u00e9s et des acc\u00e8s\",\"item\":\"https:\\\/\\\/www.canarie.ca\\\/fr\\\/identite\\\/soutien\\\/\"},{\"@type\":\"ListItem\",\"position\":4,\"name\":\"Soutien : eduroam\",\"item\":\"https:\\\/\\\/www.canarie.ca\\\/fr\\\/identite\\\/soutien\\\/eduroam\\\/\"},{\"@type\":\"ListItem\",\"position\":5,\"name\":\"Outils de configuration\"}]},{\"@type\":\"WebSite\",\"@id\":\"https:\\\/\\\/www.canarie.ca\\\/#website\",\"url\":\"https:\\\/\\\/www.canarie.ca\\\/\",\"name\":\"CANARIE\",\"description\":\"\",\"potentialAction\":[{\"@type\":\"SearchAction\",\"target\":{\"@type\":\"EntryPoint\",\"urlTemplate\":\"https:\\\/\\\/www.canarie.ca\\\/?s={search_term_string}\"},\"query-input\":{\"@type\":\"PropertyValueSpecification\",\"valueRequired\":true,\"valueName\":\"search_term_string\"}}],\"inLanguage\":\"fr-FR\"}]}<\/script>\n<!-- \/ Yoast SEO plugin. -->","yoast_head_json":{"title":"Outils de configuration - CANARIE","robots":{"index":"index","follow":"follow","max-snippet":"max-snippet:-1","max-image-preview":"max-image-preview:large","max-video-preview":"max-video-preview:-1"},"canonical":"https:\/\/www.canarie.ca\/fr\/identite\/soutien\/eduroam\/configuration\/","og_locale":"fr_FR","og_type":"article","og_title":"Outils de configuration - CANARIE","og_description":"Outils de configuration Assistant de configuration CAT L\u2019assistant de configuration CAT d\u2019eduroam est un outil recommand\u00e9 qui automatise l\u2019installation des [&hellip;]","og_url":"https:\/\/www.canarie.ca\/fr\/identite\/soutien\/eduroam\/configuration\/","og_site_name":"CANARIE","article_modified_time":"2025-11-20T15:37:11+00:00","twitter_card":"summary_large_image","schema":{"@context":"https:\/\/schema.org","@graph":[{"@type":"WebPage","@id":"https:\/\/www.canarie.ca\/fr\/identite\/soutien\/eduroam\/configuration\/","url":"https:\/\/www.canarie.ca\/fr\/identite\/soutien\/eduroam\/configuration\/","name":"Outils de configuration - CANARIE","isPartOf":{"@id":"https:\/\/www.canarie.ca\/#website"},"datePublished":"2021-02-18T15:47:07+00:00","dateModified":"2025-11-20T15:37:11+00:00","breadcrumb":{"@id":"https:\/\/www.canarie.ca\/fr\/identite\/soutien\/eduroam\/configuration\/#breadcrumb"},"inLanguage":"fr-FR","potentialAction":[{"@type":"ReadAction","target":["https:\/\/www.canarie.ca\/fr\/identite\/soutien\/eduroam\/configuration\/"]}]},{"@type":"BreadcrumbList","@id":"https:\/\/www.canarie.ca\/fr\/identite\/soutien\/eduroam\/configuration\/#breadcrumb","itemListElement":[{"@type":"ListItem","position":1,"name":"Accueil","item":"https:\/\/www.canarie.ca\/fr\/"},{"@type":"ListItem","position":2,"name":"Gestion des identit\u00e9s et des acc\u00e8s","item":"https:\/\/www.canarie.ca\/fr\/identite\/"},{"@type":"ListItem","position":3,"name":"Soutien technique \u2013 Gestion des identit\u00e9s et des acc\u00e8s","item":"https:\/\/www.canarie.ca\/fr\/identite\/soutien\/"},{"@type":"ListItem","position":4,"name":"Soutien : eduroam","item":"https:\/\/www.canarie.ca\/fr\/identite\/soutien\/eduroam\/"},{"@type":"ListItem","position":5,"name":"Outils de configuration"}]},{"@type":"WebSite","@id":"https:\/\/www.canarie.ca\/#website","url":"https:\/\/www.canarie.ca\/","name":"CANARIE","description":"","potentialAction":[{"@type":"SearchAction","target":{"@type":"EntryPoint","urlTemplate":"https:\/\/www.canarie.ca\/?s={search_term_string}"},"query-input":{"@type":"PropertyValueSpecification","valueRequired":true,"valueName":"search_term_string"}}],"inLanguage":"fr-FR"}]}},"_links":{"self":[{"href":"https:\/\/www.canarie.ca\/fr\/wp-json\/wp\/v2\/pages\/17153","targetHints":{"allow":["GET"]}}],"collection":[{"href":"https:\/\/www.canarie.ca\/fr\/wp-json\/wp\/v2\/pages"}],"about":[{"href":"https:\/\/www.canarie.ca\/fr\/wp-json\/wp\/v2\/types\/page"}],"author":[{"embeddable":true,"href":"https:\/\/www.canarie.ca\/fr\/wp-json\/wp\/v2\/users\/3"}],"replies":[{"embeddable":true,"href":"https:\/\/www.canarie.ca\/fr\/wp-json\/wp\/v2\/comments?post=17153"}],"version-history":[{"count":3,"href":"https:\/\/www.canarie.ca\/fr\/wp-json\/wp\/v2\/pages\/17153\/revisions"}],"predecessor-version":[{"id":48327,"href":"https:\/\/www.canarie.ca\/fr\/wp-json\/wp\/v2\/pages\/17153\/revisions\/48327"}],"up":[{"embeddable":true,"href":"https:\/\/www.canarie.ca\/fr\/wp-json\/wp\/v2\/pages\/10668"}],"wp:attachment":[{"href":"https:\/\/www.canarie.ca\/fr\/wp-json\/wp\/v2\/media?parent=17153"}],"curies":[{"name":"wp","href":"https:\/\/api.w.org\/{rel}","templated":true}]}}