{"id":17174,"date":"2021-02-18T10:51:53","date_gmt":"2021-02-18T15:51:53","guid":{"rendered":"https:\/\/canarie.machinedev.ca\/identite\/soutien\/eduroam\/faq\/"},"modified":"2021-11-02T11:50:31","modified_gmt":"2021-11-02T15:50:31","slug":"faq","status":"publish","type":"page","link":"https:\/\/www.canarie.ca\/fr\/identite\/soutien\/eduroam\/faq\/","title":{"rendered":"Foire aux questions"},"content":{"rendered":"\n<h1 class=\"has-text-align-center wp-block-heading\">Foire aux questions<\/h1>\n\n\n\n<div style=\"height:50px\" aria-hidden=\"true\" class=\"wp-block-spacer\"><\/div>\n\n\n\n<h4 class=\"has-dark-red-color has-text-color wp-block-heading\">Quelle est la topologie du r\u00e9seau eduroam au Canada?<\/h4>\n\n\n\n<p>Les serveurs de la f\u00e9d\u00e9ration canadienne servent de passerelle au trafic d\u2019eduroam au Canada et \u00e0 l\u2019\u00e9tranger d\u2019une mani\u00e8re g\u00e9o-redondante. Pour cela, ils exploitent le protocole de secours RADIUS.<\/p>\n\n\n\n<h4 class=\"has-dark-red-color has-text-color wp-block-heading\">O\u00f9 se trouvent les forums et les groupes de discussion d\u2019eduroam?<\/h4>\n\n\n\n<p><a href=\"mailto:development@lists.eduroam.org\">development@lists.eduroam.org<\/a><\/p>\n\n\n\n<p><a href=\"mailto:discuss@lists.eduroam.org\">discuss@lists.eduroam.org<\/a><\/p>\n\n\n\n<p>Plusieurs forums communautaires cumulent beaucoup de connaissances et d\u2019exp\u00e9rience techniques dans la configuration des logiciels f\u00e9d\u00e9r\u00e9s. Si vous vous interrogez sur une application ou une configuration, ou souhaitez discuter de choses d\u2019ordre g\u00e9n\u00e9ral, nous vous conseillons de parcourir les archives avant de poser votre question.<\/p>\n\n\n\n<div class=\"wp-block-buttons is-layout-flex wp-block-buttons-is-layout-flex\">\n<div class=\"wp-block-button\"><a class=\"wp-block-button__link has-red-color has-text-color\" href=\"https:\/\/shibboleth.net\/mailman\/listinfo\/announce\" target=\"_blank\" rel=\"noreferrer noopener\">Join a Shibboleth Mailing List for Announcements<\/a><\/div>\n\n\n\n<div class=\"wp-block-button\"><a class=\"wp-block-button__link has-red-color has-text-color\" href=\"https:\/\/shibboleth.net\/mailman\/listinfo\/users\" target=\"_blank\" rel=\"noreferrer noopener\">Join a Shibboleth Mailing List for Users<\/a><\/div>\n\n\n\n<div class=\"wp-block-button\"><a class=\"wp-block-button__link has-red-color has-text-color\" href=\"https:\/\/shibboleth.net\/mailman\/listinfo\/dev\" target=\"_blank\" rel=\"noreferrer noopener\">Join a Shibboleth Mailing List for Development<\/a><\/div>\n<\/div>\n\n\n\n<p>Nous encourageons les contacts techniques \u00e0 s\u2019inscrire aux autres listes communautaires pertinentes \u00e0 leur plateforme ou \u00e0 en suivre les activit\u00e9s. Voici quelques listes de source ouverte dignes de mention :<br><a href=\"https:\/\/www.shibboleth.net\/\" target=\"_blank\" rel=\"noreferrer noopener\">Shibboleth <\/a>(mise en exploitation des logiciels GFI de r\u00e9f\u00e9rence)<br><a href=\"https:\/\/simplesamlphp.org\/lists\">SimpleSAMLPHP<\/a><\/p>\n\n\n\n<h4 class=\"has-dark-red-color has-text-color wp-block-heading\">O\u00f9 se trouvent les statistiques quotidiennes et mensuelles d\u2019eduroam?<\/h4>\n\n\n\n<p>Vous verrez ces chiffres en ouvrant une s\u00e9ance sur le <a href=\"https:\/\/services.canarie.ca\/#\" target=\"_blank\" rel=\"noreferrer noopener\">Portail des services r\u00e9seau de CANARIE<\/a>, un portail r\u00e9serv\u00e9 aux institutions qui ont d\u00e9ploy\u00e9 le service de gestion f\u00e9d\u00e9r\u00e9e des identit\u00e9s (GFI).<\/p>\n","protected":false},"excerpt":{"rendered":"<p>Foire aux questions Quelle est la topologie du r\u00e9seau eduroam au Canada? Les serveurs de la f\u00e9d\u00e9ration canadienne servent de [&hellip;]<\/p>\n","protected":false},"author":3,"featured_media":0,"parent":10668,"menu_order":0,"comment_status":"closed","ping_status":"closed","template":"","meta":{"_acf_changed":false,"footnotes":""},"class_list":["post-17174","page","type-page","status-publish","hentry"],"acf":[],"yoast_head":"<!-- This site is optimized with the Yoast SEO plugin v27.4 - https:\/\/yoast.com\/product\/yoast-seo-wordpress\/ -->\n<title>Foire aux questions - CANARIE<\/title>\n<meta name=\"robots\" content=\"index, follow, max-snippet:-1, max-image-preview:large, max-video-preview:-1\" \/>\n<link rel=\"canonical\" href=\"https:\/\/www.canarie.ca\/fr\/identite\/soutien\/eduroam\/faq\/\" \/>\n<meta property=\"og:locale\" content=\"fr_FR\" \/>\n<meta property=\"og:type\" content=\"article\" \/>\n<meta property=\"og:title\" content=\"Foire aux questions - CANARIE\" \/>\n<meta property=\"og:description\" content=\"Foire aux questions Quelle est la topologie du r\u00e9seau eduroam au Canada? Les serveurs de la f\u00e9d\u00e9ration canadienne servent de [&hellip;]\" \/>\n<meta property=\"og:url\" content=\"https:\/\/www.canarie.ca\/fr\/identite\/soutien\/eduroam\/faq\/\" \/>\n<meta property=\"og:site_name\" content=\"CANARIE\" \/>\n<meta property=\"article:modified_time\" content=\"2021-11-02T15:50:31+00:00\" \/>\n<meta name=\"twitter:card\" content=\"summary_large_image\" \/>\n<script type=\"application\/ld+json\" class=\"yoast-schema-graph\">{\"@context\":\"https:\\\/\\\/schema.org\",\"@graph\":[{\"@type\":\"WebPage\",\"@id\":\"https:\\\/\\\/www.canarie.ca\\\/fr\\\/identite\\\/soutien\\\/eduroam\\\/faq\\\/\",\"url\":\"https:\\\/\\\/www.canarie.ca\\\/fr\\\/identite\\\/soutien\\\/eduroam\\\/faq\\\/\",\"name\":\"Foire aux questions - CANARIE\",\"isPartOf\":{\"@id\":\"https:\\\/\\\/www.canarie.ca\\\/#website\"},\"datePublished\":\"2021-02-18T15:51:53+00:00\",\"dateModified\":\"2021-11-02T15:50:31+00:00\",\"breadcrumb\":{\"@id\":\"https:\\\/\\\/www.canarie.ca\\\/fr\\\/identite\\\/soutien\\\/eduroam\\\/faq\\\/#breadcrumb\"},\"inLanguage\":\"fr-FR\",\"potentialAction\":[{\"@type\":\"ReadAction\",\"target\":[\"https:\\\/\\\/www.canarie.ca\\\/fr\\\/identite\\\/soutien\\\/eduroam\\\/faq\\\/\"]}]},{\"@type\":\"BreadcrumbList\",\"@id\":\"https:\\\/\\\/www.canarie.ca\\\/fr\\\/identite\\\/soutien\\\/eduroam\\\/faq\\\/#breadcrumb\",\"itemListElement\":[{\"@type\":\"ListItem\",\"position\":1,\"name\":\"Accueil\",\"item\":\"https:\\\/\\\/www.canarie.ca\\\/fr\\\/\"},{\"@type\":\"ListItem\",\"position\":2,\"name\":\"Gestion des identit\u00e9s et des acc\u00e8s\",\"item\":\"https:\\\/\\\/www.canarie.ca\\\/fr\\\/identite\\\/\"},{\"@type\":\"ListItem\",\"position\":3,\"name\":\"Soutien technique \u2013 Gestion des identit\u00e9s et des acc\u00e8s\",\"item\":\"https:\\\/\\\/www.canarie.ca\\\/fr\\\/identite\\\/soutien\\\/\"},{\"@type\":\"ListItem\",\"position\":4,\"name\":\"Soutien : eduroam\",\"item\":\"https:\\\/\\\/www.canarie.ca\\\/fr\\\/identite\\\/soutien\\\/eduroam\\\/\"},{\"@type\":\"ListItem\",\"position\":5,\"name\":\"Foire aux questions\"}]},{\"@type\":\"WebSite\",\"@id\":\"https:\\\/\\\/www.canarie.ca\\\/#website\",\"url\":\"https:\\\/\\\/www.canarie.ca\\\/\",\"name\":\"CANARIE\",\"description\":\"\",\"potentialAction\":[{\"@type\":\"SearchAction\",\"target\":{\"@type\":\"EntryPoint\",\"urlTemplate\":\"https:\\\/\\\/www.canarie.ca\\\/?s={search_term_string}\"},\"query-input\":{\"@type\":\"PropertyValueSpecification\",\"valueRequired\":true,\"valueName\":\"search_term_string\"}}],\"inLanguage\":\"fr-FR\"}]}<\/script>\n<!-- \/ Yoast SEO plugin. -->","yoast_head_json":{"title":"Foire aux questions - CANARIE","robots":{"index":"index","follow":"follow","max-snippet":"max-snippet:-1","max-image-preview":"max-image-preview:large","max-video-preview":"max-video-preview:-1"},"canonical":"https:\/\/www.canarie.ca\/fr\/identite\/soutien\/eduroam\/faq\/","og_locale":"fr_FR","og_type":"article","og_title":"Foire aux questions - CANARIE","og_description":"Foire aux questions Quelle est la topologie du r\u00e9seau eduroam au Canada? Les serveurs de la f\u00e9d\u00e9ration canadienne servent de [&hellip;]","og_url":"https:\/\/www.canarie.ca\/fr\/identite\/soutien\/eduroam\/faq\/","og_site_name":"CANARIE","article_modified_time":"2021-11-02T15:50:31+00:00","twitter_card":"summary_large_image","schema":{"@context":"https:\/\/schema.org","@graph":[{"@type":"WebPage","@id":"https:\/\/www.canarie.ca\/fr\/identite\/soutien\/eduroam\/faq\/","url":"https:\/\/www.canarie.ca\/fr\/identite\/soutien\/eduroam\/faq\/","name":"Foire aux questions - CANARIE","isPartOf":{"@id":"https:\/\/www.canarie.ca\/#website"},"datePublished":"2021-02-18T15:51:53+00:00","dateModified":"2021-11-02T15:50:31+00:00","breadcrumb":{"@id":"https:\/\/www.canarie.ca\/fr\/identite\/soutien\/eduroam\/faq\/#breadcrumb"},"inLanguage":"fr-FR","potentialAction":[{"@type":"ReadAction","target":["https:\/\/www.canarie.ca\/fr\/identite\/soutien\/eduroam\/faq\/"]}]},{"@type":"BreadcrumbList","@id":"https:\/\/www.canarie.ca\/fr\/identite\/soutien\/eduroam\/faq\/#breadcrumb","itemListElement":[{"@type":"ListItem","position":1,"name":"Accueil","item":"https:\/\/www.canarie.ca\/fr\/"},{"@type":"ListItem","position":2,"name":"Gestion des identit\u00e9s et des acc\u00e8s","item":"https:\/\/www.canarie.ca\/fr\/identite\/"},{"@type":"ListItem","position":3,"name":"Soutien technique \u2013 Gestion des identit\u00e9s et des acc\u00e8s","item":"https:\/\/www.canarie.ca\/fr\/identite\/soutien\/"},{"@type":"ListItem","position":4,"name":"Soutien : eduroam","item":"https:\/\/www.canarie.ca\/fr\/identite\/soutien\/eduroam\/"},{"@type":"ListItem","position":5,"name":"Foire aux questions"}]},{"@type":"WebSite","@id":"https:\/\/www.canarie.ca\/#website","url":"https:\/\/www.canarie.ca\/","name":"CANARIE","description":"","potentialAction":[{"@type":"SearchAction","target":{"@type":"EntryPoint","urlTemplate":"https:\/\/www.canarie.ca\/?s={search_term_string}"},"query-input":{"@type":"PropertyValueSpecification","valueRequired":true,"valueName":"search_term_string"}}],"inLanguage":"fr-FR"}]}},"_links":{"self":[{"href":"https:\/\/www.canarie.ca\/fr\/wp-json\/wp\/v2\/pages\/17174","targetHints":{"allow":["GET"]}}],"collection":[{"href":"https:\/\/www.canarie.ca\/fr\/wp-json\/wp\/v2\/pages"}],"about":[{"href":"https:\/\/www.canarie.ca\/fr\/wp-json\/wp\/v2\/types\/page"}],"author":[{"embeddable":true,"href":"https:\/\/www.canarie.ca\/fr\/wp-json\/wp\/v2\/users\/3"}],"replies":[{"embeddable":true,"href":"https:\/\/www.canarie.ca\/fr\/wp-json\/wp\/v2\/comments?post=17174"}],"version-history":[{"count":0,"href":"https:\/\/www.canarie.ca\/fr\/wp-json\/wp\/v2\/pages\/17174\/revisions"}],"up":[{"embeddable":true,"href":"https:\/\/www.canarie.ca\/fr\/wp-json\/wp\/v2\/pages\/10668"}],"wp:attachment":[{"href":"https:\/\/www.canarie.ca\/fr\/wp-json\/wp\/v2\/media?parent=17174"}],"curies":[{"name":"wp","href":"https:\/\/api.w.org\/{rel}","templated":true}]}}