{"id":17237,"date":"2021-02-18T11:39:15","date_gmt":"2021-02-18T16:39:15","guid":{"rendered":"https:\/\/canarie.machinedev.ca\/identite\/soutien\/gfi\/documentation\/"},"modified":"2022-02-10T13:44:17","modified_gmt":"2022-02-10T18:44:17","slug":"documentation","status":"publish","type":"page","link":"https:\/\/www.canarie.ca\/fr\/identite\/soutien\/gfi\/documentation\/","title":{"rendered":"Documentation et guides"},"content":{"rendered":"\n<h1 class=\"has-text-align-center wp-block-heading\" id=\"documentation-et-guides\">Documentation et guides<\/h1>\n\n\n\n<div style=\"height:50px\" aria-hidden=\"true\" class=\"wp-block-spacer\"><\/div>\n\n\n\n<h2 class=\"wp-block-heading\" id=\"configuration\">Configuration<\/h2>\n\n\n\n<section class=\"section section--text-columns no-background\">\n    <div class=\"grid-container\">\n      <div class=\"grid-x grid-padding-x\">\n        <div class=\"cell\">\n                  \t<h3>Utilisation du programme d\u2019installation Shibboleth pour Windows<\/h3>\n                    <p>Le guide que voici est un condens\u00e9, \u00e9tape par \u00e9tape, du <a href=\"https:\/\/wiki.shibboleth.net\/confluence\/display\/IDP4\/WindowsInstallation\">guide d\u2019installation de Shibboleth pour Windows<\/a>. En utilisant ce programme d\u2019installation, vous aiderez le serveur de votre fournisseur d\u2019identit\u00e9 (IdP) \u00e0 se connecter plus vite et vous en assurerez une plus grande stabilit\u00e9 dans certains cas.<\/p>\n                    <div class=\"button-group\">\n              \t\t\t\t  \t<a class=\"button-border-blue\" href=\"https:\/\/www.canarie.ca\/fr\/document\/utilisation-du-programme-dinstallation-shibboleth-pour-windows\/\" target=\"_self\">En savoir plus&#8230;<\/a>\n    \t\t\t    \t\t\t    \t\t\t<\/div>\n    \t\t\t        <\/div>\n      <\/div>\n    <\/div>\n  <\/section>\n\n\n<section class=\"section section--text-columns no-background\">\n    <div class=\"grid-container\">\n      <div class=\"grid-x grid-padding-x\">\n        <div class=\"cell\">\n                  \t<h3>Pratique recommand\u00e9e pour les exploitants de la F\u00e9d\u00e9ration : Inscription des m\u00e9tadonn\u00e9es<\/h3>\n                    <p>Le mod\u00e8le qui a servi de gabarit au pr\u00e9sent document est exploit\u00e9 en vertu de la licence CC BY 3.0 de Creative Commons\u2026<\/p>\n                    <div class=\"button-group\">\n              \t\t\t\t  \t<a class=\"button-border-blue\" href=\"https:\/\/www.canarie.ca\/fr\/document\/pratique-recommandee-pour-les-exploitants-de-la-federation-inscription-des-metadonnees\/\" target=\"_self\">En savoir plus&#8230;<\/a>\n    \t\t\t    \t\t\t    \t\t\t<\/div>\n    \t\t\t        <\/div>\n      <\/div>\n    <\/div>\n  <\/section>\n\n\n<section class=\"section section--text-columns no-background\">\n    <div class=\"grid-container\">\n      <div class=\"grid-x grid-padding-x\">\n        <div class=\"cell\">\n                  \t<h3>ADFSToolkit<\/h3>\n                    <p>CANARIE est heureux d\u2019annoncer que l\u2019ADFSToolkit fait d\u00e9sormais partie des fonctionnalit\u00e9s du service GFI de la FCA\u2026<\/p>\n                    <div class=\"button-group\">\n              \t\t\t\t  \t<a class=\"button-border-blue\" href=\"https:\/\/www.canarie.ca\/fr\/document\/adfstoolkit\/\" target=\"_self\">En savoir plus&#8230;<\/a>\n    \t\t\t    \t\t\t    \t\t\t<\/div>\n    \t\t\t        <\/div>\n      <\/div>\n    <\/div>\n  <\/section>\n\n\n<section class=\"section section--text-columns no-background\">\n    <div class=\"grid-container\">\n      <div class=\"grid-x grid-padding-x\">\n        <div class=\"cell\">\n                  \t<h3>Configuration du service ADFS de Microsoft avec le FIM<\/h3>\n                    <p>Le syst\u00e8me GFI (FIM) acceptera les m\u00e9tadonn\u00e9es SAML2 d\u2019ADFS, mais ne pourra soutenir le service ADFS de la m\u00eame mani\u00e8re\u2026<\/p>\n                    <div class=\"button-group\">\n              \t\t\t\t  \t<a class=\"button-border-blue\" href=\"https:\/\/www.canarie.ca\/fr\/document\/fca-parametres-courants-du-configuration-de-lidp-et-de-sp\/\" target=\"_self\">En savoir plus&#8230;<\/a>\n    \t\t\t    \t\t\t    \t\t\t<\/div>\n    \t\t\t        <\/div>\n      <\/div>\n    <\/div>\n  <\/section>\n\n\n<h2 class=\"wp-block-heading\" id=\"solutions\">Solutions<\/h2>\n\n\n\n<section class=\"section section--text-columns no-background\">\n    <div class=\"grid-container\">\n      <div class=\"grid-x grid-padding-x\">\n        <div class=\"cell\">\n                  \t<h3>Normes et profils employ\u00e9s par les services FIM (GFI)<\/h3>\n                    <p>Le service GFI applique la sp\u00e9cification SAML2 d\u2019OASIS et adh\u00e8re mondialement \u00e0 d\u2019autres f\u00e9d\u00e9rations SAML2 en se connectant avec elles au moyen d\u2019eduGAIN.<\/p>\n                    <div class=\"button-group\">\n              \t\t\t\t  \t<a class=\"button-border-blue\" href=\"https:\/\/www.canarie.ca\/fr\/document\/fca-normes-et-profils-employes-par-les-services-fim-gfi\/\" target=\"_self\">En savoir plus&#8230;<\/a>\n    \t\t\t    \t\t\t    \t\t\t<\/div>\n    \t\t\t        <\/div>\n      <\/div>\n    <\/div>\n  <\/section>\n\n\n<section class=\"section section--text-columns no-background\">\n    <div class=\"grid-container\">\n      <div class=\"grid-x grid-padding-x\">\n        <div class=\"cell\">\n                  \t<h3>Guide de mise \u00e0 niveau Shibboleth v4<\/h3>\n                    <p>Quelle que soit la plateforme d\u2019exploitation que vous utilisez, il est imp\u00e9ratif, pour des raisons de s\u00e9curit\u00e9, que le logiciel vous servant de fournisseur d\u2019identit\u00e9s (IdP) soit aussi r\u00e9cent que possible.<\/p>\n                    <div class=\"button-group\">\n              \t\t\t\t  \t<a class=\"button-border-blue\" href=\"https:\/\/www.canarie.ca\/fr\/document\/guide-de-mise-a-niveau-shibboleth-v4\/\" target=\"_self\">En savoir plus&#8230;<\/a>\n    \t\t\t    \t\t\t    \t\t\t<\/div>\n    \t\t\t        <\/div>\n      <\/div>\n    <\/div>\n  <\/section>\n\n\n<section class=\"section section--text-columns no-background\">\n    <div class=\"grid-container\">\n      <div class=\"grid-x grid-padding-x\">\n        <div class=\"cell\">\n                  \t<h3>Logiciel recommand\u00e9 pour les fournisseurs de services<\/h3>\n                    <p>On pourra utiliser n\u2019importe quel logiciel qui soutient SAML2 avec la GFI. Nous pr\u00e9conisons Shibboleth pour l\u2019installation\u2026<\/p>\n                    <div class=\"button-group\">\n              \t\t\t\t  \t<a class=\"button-border-blue\" href=\"https:\/\/www.canarie.ca\/fr\/document\/fca-logiciel-recommande-pour-les-fournisseurs-de-services\/\" target=\"_self\">En savoir plus&#8230;<\/a>\n    \t\t\t    \t\t\t    \t\t\t<\/div>\n    \t\t\t        <\/div>\n      <\/div>\n    <\/div>\n  <\/section>","protected":false},"excerpt":{"rendered":"<p>Documentation et guides Configuration Solutions<\/p>\n","protected":false},"author":3,"featured_media":0,"parent":15039,"menu_order":0,"comment_status":"closed","ping_status":"closed","template":"","meta":{"_acf_changed":false,"footnotes":""},"class_list":["post-17237","page","type-page","status-publish","hentry"],"acf":[],"yoast_head":"<!-- This site is optimized with the Yoast SEO plugin v27.4 - https:\/\/yoast.com\/product\/yoast-seo-wordpress\/ -->\n<title>Documentation et guides - CANARIE<\/title>\n<meta name=\"robots\" content=\"index, follow, max-snippet:-1, max-image-preview:large, max-video-preview:-1\" \/>\n<link rel=\"canonical\" href=\"https:\/\/www.canarie.ca\/fr\/identite\/soutien\/gfi\/documentation\/\" \/>\n<meta property=\"og:locale\" content=\"fr_FR\" \/>\n<meta property=\"og:type\" content=\"article\" \/>\n<meta property=\"og:title\" content=\"Documentation et guides - CANARIE\" \/>\n<meta property=\"og:description\" content=\"Documentation et guides Configuration Solutions\" \/>\n<meta property=\"og:url\" content=\"https:\/\/www.canarie.ca\/fr\/identite\/soutien\/gfi\/documentation\/\" \/>\n<meta property=\"og:site_name\" content=\"CANARIE\" \/>\n<meta property=\"article:modified_time\" content=\"2022-02-10T18:44:17+00:00\" \/>\n<meta name=\"twitter:card\" content=\"summary_large_image\" \/>\n<script type=\"application\/ld+json\" class=\"yoast-schema-graph\">{\"@context\":\"https:\\\/\\\/schema.org\",\"@graph\":[{\"@type\":\"WebPage\",\"@id\":\"https:\\\/\\\/www.canarie.ca\\\/fr\\\/identite\\\/soutien\\\/gfi\\\/documentation\\\/\",\"url\":\"https:\\\/\\\/www.canarie.ca\\\/fr\\\/identite\\\/soutien\\\/gfi\\\/documentation\\\/\",\"name\":\"Documentation et guides - CANARIE\",\"isPartOf\":{\"@id\":\"https:\\\/\\\/www.canarie.ca\\\/#website\"},\"datePublished\":\"2021-02-18T16:39:15+00:00\",\"dateModified\":\"2022-02-10T18:44:17+00:00\",\"breadcrumb\":{\"@id\":\"https:\\\/\\\/www.canarie.ca\\\/fr\\\/identite\\\/soutien\\\/gfi\\\/documentation\\\/#breadcrumb\"},\"inLanguage\":\"fr-FR\",\"potentialAction\":[{\"@type\":\"ReadAction\",\"target\":[\"https:\\\/\\\/www.canarie.ca\\\/fr\\\/identite\\\/soutien\\\/gfi\\\/documentation\\\/\"]}]},{\"@type\":\"BreadcrumbList\",\"@id\":\"https:\\\/\\\/www.canarie.ca\\\/fr\\\/identite\\\/soutien\\\/gfi\\\/documentation\\\/#breadcrumb\",\"itemListElement\":[{\"@type\":\"ListItem\",\"position\":1,\"name\":\"Accueil\",\"item\":\"https:\\\/\\\/www.canarie.ca\\\/fr\\\/\"},{\"@type\":\"ListItem\",\"position\":2,\"name\":\"Gestion des identit\u00e9s et des acc\u00e8s\",\"item\":\"https:\\\/\\\/www.canarie.ca\\\/fr\\\/identite\\\/\"},{\"@type\":\"ListItem\",\"position\":3,\"name\":\"Soutien technique \u2013 Gestion des identit\u00e9s et des acc\u00e8s\",\"item\":\"https:\\\/\\\/www.canarie.ca\\\/fr\\\/identite\\\/soutien\\\/\"},{\"@type\":\"ListItem\",\"position\":4,\"name\":\"Soutien : gestion f\u00e9d\u00e9r\u00e9e des identit\u00e9s (GFI)\",\"item\":\"https:\\\/\\\/www.canarie.ca\\\/fr\\\/identite\\\/soutien\\\/gfi\\\/\"},{\"@type\":\"ListItem\",\"position\":5,\"name\":\"Documentation et guides\"}]},{\"@type\":\"WebSite\",\"@id\":\"https:\\\/\\\/www.canarie.ca\\\/#website\",\"url\":\"https:\\\/\\\/www.canarie.ca\\\/\",\"name\":\"CANARIE\",\"description\":\"\",\"potentialAction\":[{\"@type\":\"SearchAction\",\"target\":{\"@type\":\"EntryPoint\",\"urlTemplate\":\"https:\\\/\\\/www.canarie.ca\\\/?s={search_term_string}\"},\"query-input\":{\"@type\":\"PropertyValueSpecification\",\"valueRequired\":true,\"valueName\":\"search_term_string\"}}],\"inLanguage\":\"fr-FR\"}]}<\/script>\n<!-- \/ Yoast SEO plugin. -->","yoast_head_json":{"title":"Documentation et guides - CANARIE","robots":{"index":"index","follow":"follow","max-snippet":"max-snippet:-1","max-image-preview":"max-image-preview:large","max-video-preview":"max-video-preview:-1"},"canonical":"https:\/\/www.canarie.ca\/fr\/identite\/soutien\/gfi\/documentation\/","og_locale":"fr_FR","og_type":"article","og_title":"Documentation et guides - CANARIE","og_description":"Documentation et guides Configuration Solutions","og_url":"https:\/\/www.canarie.ca\/fr\/identite\/soutien\/gfi\/documentation\/","og_site_name":"CANARIE","article_modified_time":"2022-02-10T18:44:17+00:00","twitter_card":"summary_large_image","schema":{"@context":"https:\/\/schema.org","@graph":[{"@type":"WebPage","@id":"https:\/\/www.canarie.ca\/fr\/identite\/soutien\/gfi\/documentation\/","url":"https:\/\/www.canarie.ca\/fr\/identite\/soutien\/gfi\/documentation\/","name":"Documentation et guides - CANARIE","isPartOf":{"@id":"https:\/\/www.canarie.ca\/#website"},"datePublished":"2021-02-18T16:39:15+00:00","dateModified":"2022-02-10T18:44:17+00:00","breadcrumb":{"@id":"https:\/\/www.canarie.ca\/fr\/identite\/soutien\/gfi\/documentation\/#breadcrumb"},"inLanguage":"fr-FR","potentialAction":[{"@type":"ReadAction","target":["https:\/\/www.canarie.ca\/fr\/identite\/soutien\/gfi\/documentation\/"]}]},{"@type":"BreadcrumbList","@id":"https:\/\/www.canarie.ca\/fr\/identite\/soutien\/gfi\/documentation\/#breadcrumb","itemListElement":[{"@type":"ListItem","position":1,"name":"Accueil","item":"https:\/\/www.canarie.ca\/fr\/"},{"@type":"ListItem","position":2,"name":"Gestion des identit\u00e9s et des acc\u00e8s","item":"https:\/\/www.canarie.ca\/fr\/identite\/"},{"@type":"ListItem","position":3,"name":"Soutien technique \u2013 Gestion des identit\u00e9s et des acc\u00e8s","item":"https:\/\/www.canarie.ca\/fr\/identite\/soutien\/"},{"@type":"ListItem","position":4,"name":"Soutien : gestion f\u00e9d\u00e9r\u00e9e des identit\u00e9s (GFI)","item":"https:\/\/www.canarie.ca\/fr\/identite\/soutien\/gfi\/"},{"@type":"ListItem","position":5,"name":"Documentation et guides"}]},{"@type":"WebSite","@id":"https:\/\/www.canarie.ca\/#website","url":"https:\/\/www.canarie.ca\/","name":"CANARIE","description":"","potentialAction":[{"@type":"SearchAction","target":{"@type":"EntryPoint","urlTemplate":"https:\/\/www.canarie.ca\/?s={search_term_string}"},"query-input":{"@type":"PropertyValueSpecification","valueRequired":true,"valueName":"search_term_string"}}],"inLanguage":"fr-FR"}]}},"_links":{"self":[{"href":"https:\/\/www.canarie.ca\/fr\/wp-json\/wp\/v2\/pages\/17237","targetHints":{"allow":["GET"]}}],"collection":[{"href":"https:\/\/www.canarie.ca\/fr\/wp-json\/wp\/v2\/pages"}],"about":[{"href":"https:\/\/www.canarie.ca\/fr\/wp-json\/wp\/v2\/types\/page"}],"author":[{"embeddable":true,"href":"https:\/\/www.canarie.ca\/fr\/wp-json\/wp\/v2\/users\/3"}],"replies":[{"embeddable":true,"href":"https:\/\/www.canarie.ca\/fr\/wp-json\/wp\/v2\/comments?post=17237"}],"version-history":[{"count":0,"href":"https:\/\/www.canarie.ca\/fr\/wp-json\/wp\/v2\/pages\/17237\/revisions"}],"up":[{"embeddable":true,"href":"https:\/\/www.canarie.ca\/fr\/wp-json\/wp\/v2\/pages\/15039"}],"wp:attachment":[{"href":"https:\/\/www.canarie.ca\/fr\/wp-json\/wp\/v2\/media?parent=17237"}],"curies":[{"name":"wp","href":"https:\/\/api.w.org\/{rel}","templated":true}]}}