{"id":17312,"date":"2021-02-18T13:05:57","date_gmt":"2021-02-18T18:05:57","guid":{"rendered":"https:\/\/canarie.machinedev.ca\/identite\/soutien\/gfi\/bulletins\/"},"modified":"2022-03-22T09:36:04","modified_gmt":"2022-03-22T13:36:04","slug":"bulletins","status":"publish","type":"page","link":"https:\/\/www.canarie.ca\/fr\/identite\/soutien\/gfi\/bulletins\/","title":{"rendered":"Bulletins de service et annonces"},"content":{"rendered":"\n<h1 class=\"has-text-align-center wp-block-heading\">Bulletins de service et annonces<\/h1>\n\n\n\n<div style=\"height:50px\" aria-hidden=\"true\" class=\"wp-block-spacer\"><\/div>\n\n\n\n<h2 class=\"has-dark-grey-color has-text-color wp-block-heading\">S\u00e9curit\u00e9<\/h2>\n\n\n\n<section class=\"section section--text-columns no-background\">\n    <div class=\"grid-container\">\n      <div class=\"grid-x grid-padding-x\">\n        <div class=\"cell\">\n                  \t<h3>Activation de REFEDS MFA dans votre fournisseur d&rsquo;identit\u00e9 FIM<\/h3>\n                    <p>Beaucoup de sp\u00e9cialistes en cybers\u00e9curit\u00e9 conviennent que l\u2019authentification multifactorielle (MFA) est sans doute le moyen le plus efficace d\u2019\u00e9viter le piratage des mots de passe. La MFA accro\u00eet la s\u00e9curit\u00e9 en r\u00e9clamant \u00e0 l\u2019utilisateur&#8230;<\/p>\n                    <div class=\"button-group\">\n              \t\t\t\t  \t<a class=\"button-border-blue\" href=\"https:\/\/www.canarie.ca\/fr\/document\/caf-activation-de-refeds-mfa-dans-votre-fournisseur-didentite-fim\/\" target=\"_self\">En apprendre plus<\/a>\n    \t\t\t    \t\t\t    \t\t\t<\/div>\n    \t\t\t        <\/div>\n      <\/div>\n    <\/div>\n  <\/section>\n\n\n<section class=\"section section--text-columns no-background\">\n    <div class=\"grid-container\">\n      <div class=\"grid-x grid-padding-x\">\n        <div class=\"cell\">\n                  \t<h3>Avis aux participants de la FCA sur Log4j<\/h3>\n                    <p>Un exploit du jour z\u00e9ro a \u00e9t\u00e9 rapport\u00e9 concernant la biblioth\u00e8que de journalisation d\u2019Apache \u2014 Log4j. Parce qu\u2019elle permettrait \u00e0 un attaquant d\u2019en ex\u00e9cuter le code \u00e0 distance, cette vuln\u00e9rabilit\u00e9 rev\u00eat la plus haute importance et on lui a attribu\u00e9 la <a href=\"https:\/\/nvd.nist.gov\/vuln\/detail\/CVE-2021-44228\">note de 10\/10<\/a>, ce qui <strong>n\u00e9cessite votre attention imm\u00e9diate de mani\u00e8re \u00e0 att\u00e9nuer les risques. <\/strong><\/p>\n                    <div class=\"button-group\">\n              \t\t\t\t  \t<a class=\"button-border-blue\" href=\"https:\/\/www.canarie.ca\/fr\/document\/avis-aux-participants-de-la-fca-sur-log4j\/\" target=\"_self\">En apprendre plus<\/a>\n    \t\t\t    \t\t\t    \t\t\t<\/div>\n    \t\t\t        <\/div>\n      <\/div>\n    <\/div>\n  <\/section>\n\n\n<section class=\"section section--text-columns no-background\">\n    <div class=\"grid-container\">\n      <div class=\"grid-x grid-padding-x\">\n        <div class=\"cell\">\n                  \t<h3>Avis relatif \u00e0 la s\u00e9curit\u00e9 concernant les param\u00e8tres de consentement d\u2019Azure AD<\/h3>\n                    <p>Si votre organisation figure parmi les\u00a095\u00a0\u00e0\u00a097\u202f%\u00a0des institutions de recherche et d\u2019\u00e9ducation canadiennes inscrites \u00e0 l\u2019Active Directory\u00a0d\u2019Azure\u00a0(AAD),\u00a0un simple param\u00e8tre par d\u00e9faut pourrait laisser les applications\/services d\u2019une tierce partie consulter les donn\u00e9es personnelles de vos utilisateurs.<\/p>\n                    <div class=\"button-group\">\n              \t\t\t\t  \t<a class=\"button-border-blue\" href=\"https:\/\/www.canarie.ca\/fr\/document\/fca-avis-relatif-a-la-securite-concernant-les-parametres-de-consentement-dazure-ad\/\" target=\"_self\">En apprendre plus<\/a>\n    \t\t\t    \t\t\t    \t\t\t<\/div>\n    \t\t\t        <\/div>\n      <\/div>\n    <\/div>\n  <\/section>\n\n\n<section class=\"section section--text-columns no-background\">\n    <div class=\"grid-container\">\n      <div class=\"grid-x grid-padding-x\">\n        <div class=\"cell\">\n                  \t<h3>Authentification multifactorielle (MFA) : l\u2019heure tourne aux National Institutes of Health (NIH)<\/h3>\n                    <p>Pour renforcer leurs pratiques en cybers\u00e9curit\u00e9, les organisations de recherche et d\u2019\u00e9ducation adoptent la MFA et la r\u00e9clame de plus en plus, avant de donner acc\u00e8s \u00e0 des ressources et \u00e0 des services essentiels.<\/p>\n                    <div class=\"button-group\">\n              \t\t\t\t  \t<a class=\"button-border-blue\" href=\"https:\/\/www.canarie.ca\/fr\/document\/authentification-multifactorielle-mfa-lheure-tourne-aux-national-institutes-of-health-nih\/\" target=\"_self\">En apprendre plus<\/a>\n    \t\t\t    \t\t\t    \t\t\t<\/div>\n    \t\t\t        <\/div>\n      <\/div>\n    <\/div>\n  <\/section>\n\n\n<section class=\"section section--text-columns no-background\">\n    <div class=\"grid-container\">\n      <div class=\"grid-x grid-padding-x\">\n        <div class=\"cell\">\n                  \t<h3>Guide de mise \u00e0 niveau Shibboleth v4<\/h3>\n                    <p>Quelle que soit la plateforme d\u2019exploitation que vous utilisez, il est imp\u00e9ratif, pour des raisons de s\u00e9curit\u00e9&#8230;.<\/p>\n                    <div class=\"button-group\">\n              \t\t\t\t  \t<a class=\"button-border-blue\" href=\"https:\/\/www.canarie.ca\/fr\/document\/guide-de-mise-a-niveau-shibboleth-v4\/\" target=\"_self\">En apprendre plus<\/a>\n    \t\t\t    \t\t\t    \t\t\t<\/div>\n    \t\t\t        <\/div>\n      <\/div>\n    <\/div>\n  <\/section>\n\n\n<section class=\"section section--text-columns no-background\">\n    <div class=\"grid-container\">\n      <div class=\"grid-x grid-padding-x\">\n        <div class=\"cell\">\n                  \t<h3>Bulletin sur la s\u00e9curit\u00e9 destin\u00e9 aux fournisseurs du service SAML2<\/h3>\n                    <p>Une nouvelle faille vient d\u2019\u00eatre d\u00e9couverte dans le traitement XML r\u00e9alis\u00e9 par divers fournisseurs du service SAML&#8230;<\/p>\n                    <div class=\"button-group\">\n              \t\t\t\t  \t<a class=\"button-border-blue\" href=\"https:\/\/www.canarie.ca\/fr\/document\/bulletin-sur-la-securite-destine-aux-fournisseurs-du-service-saml2\/\" target=\"_self\">En apprendre plus<\/a>\n    \t\t\t    \t\t\t    \t\t\t<\/div>\n    \t\t\t        <\/div>\n      <\/div>\n    <\/div>\n  <\/section>\n\n\n<section class=\"section section--text-columns no-background\">\n    <div class=\"grid-container\">\n      <div class=\"grid-x grid-padding-x\">\n        <div class=\"cell\">\n                  \t<h3>Avis de la s\u00e9curit\u00e9 pour le fournisseur de service du logiciel Shibboleth<\/h3>\n                    <p>Le fournisseur de service du logiciel Shibboleth a diffus\u00e9 un avis concernant la s\u00e9curit\u00e9 des plateformes Linux et Windows\u2026<\/p>\n                    <div class=\"button-group\">\n              \t\t\t\t  \t<a class=\"button-border-blue\" href=\"https:\/\/www.canarie.ca\/fr\/document\/avis-de-la-securite-pour-le-fournisseur-de-service-du-logiciel-shibboleth\/\" target=\"_self\">En apprendre plus<\/a>\n    \t\t\t    \t\t\t    \t\t\t<\/div>\n    \t\t\t        <\/div>\n      <\/div>\n    <\/div>\n  <\/section>\n\n\n<section class=\"section section--text-columns no-background\">\n    <div class=\"grid-container\">\n      <div class=\"grid-x grid-padding-x\">\n        <div class=\"cell\">\n                  \t<h3>Comment se connecter \u00e0 Azure AD en utilisant la procuration SAML dans l\u2019IdP Shibboleth<\/h3>\n                    <p>La configuration de l\u2019IdP Shibboleth propos\u00e9e ici tire parti des possibilit\u00e9s de procuration de la norme SAML pour \u00e9tablir la connexion avec Azure AD tout en laissant Shibboleth prendre en charge les fonctionnalit\u00e9s recherch\u00e9es par de nombreux mod\u00e8les de confiance de la f\u00e9d\u00e9ration R\u2011E&#8230;<\/p>\n                    <div class=\"button-group\">\n              \t\t\t\t  \t<a class=\"button-border-blue\" href=\"https:\/\/www.canarie.ca\/fr\/document\/fca-comment-se-connecter-a-azure-ad-en-utilisant-la-procuration-saml-dans-lidp-shibboleth\/\" target=\"_self\">En apprendre plus<\/a>\n    \t\t\t    \t\t\t    \t\t\t<\/div>\n    \t\t\t        <\/div>\n      <\/div>\n    <\/div>\n  <\/section>\n\n\n<h2 class=\"has-dark-grey-color has-text-color wp-block-heading\">G\u00e9n\u00e9ralit\u00e9s<\/h2>\n\n\n\n<section class=\"section section--text-columns no-background\">\n    <div class=\"grid-container\">\n      <div class=\"grid-x grid-padding-x\">\n        <div class=\"cell\">\n                  \t<h3>ADFS Toolkit<\/h3>\n                    <p>CANARIE est heureux d\u2019annoncer que l\u2019ADFSToolkit fait d\u00e9sormais partie des fonctionnalit\u00e9s du service GFI de la FCA\u2026<\/p>\n                    <div class=\"button-group\">\n              \t\t\t\t  \t<a class=\"button-border-blue\" href=\"https:\/\/www.canarie.ca\/fr\/document\/adfstoolkit\/\" target=\"_self\">En apprendre plus<\/a>\n    \t\t\t    \t\t\t    \t\t\t<\/div>\n    \t\t\t        <\/div>\n      <\/div>\n    <\/div>\n  <\/section>","protected":false},"excerpt":{"rendered":"<p>Bulletins de service et annonces S\u00e9curit\u00e9 G\u00e9n\u00e9ralit\u00e9s<\/p>\n","protected":false},"author":3,"featured_media":0,"parent":15039,"menu_order":0,"comment_status":"closed","ping_status":"closed","template":"","meta":{"_acf_changed":false,"footnotes":""},"class_list":["post-17312","page","type-page","status-publish","hentry"],"acf":[],"yoast_head":"<!-- This site is optimized with the Yoast SEO plugin v27.4 - https:\/\/yoast.com\/product\/yoast-seo-wordpress\/ -->\n<title>Bulletins de service et annonces - CANARIE<\/title>\n<meta name=\"robots\" content=\"index, follow, max-snippet:-1, max-image-preview:large, max-video-preview:-1\" \/>\n<link rel=\"canonical\" href=\"https:\/\/www.canarie.ca\/fr\/identite\/soutien\/gfi\/bulletins\/\" \/>\n<meta property=\"og:locale\" content=\"fr_FR\" \/>\n<meta property=\"og:type\" content=\"article\" \/>\n<meta property=\"og:title\" content=\"Bulletins de service et annonces - CANARIE\" \/>\n<meta property=\"og:description\" content=\"Bulletins de service et annonces S\u00e9curit\u00e9 G\u00e9n\u00e9ralit\u00e9s\" \/>\n<meta property=\"og:url\" content=\"https:\/\/www.canarie.ca\/fr\/identite\/soutien\/gfi\/bulletins\/\" \/>\n<meta property=\"og:site_name\" content=\"CANARIE\" \/>\n<meta property=\"article:modified_time\" content=\"2022-03-22T13:36:04+00:00\" \/>\n<meta name=\"twitter:card\" content=\"summary_large_image\" \/>\n<script type=\"application\/ld+json\" class=\"yoast-schema-graph\">{\"@context\":\"https:\\\/\\\/schema.org\",\"@graph\":[{\"@type\":\"WebPage\",\"@id\":\"https:\\\/\\\/www.canarie.ca\\\/fr\\\/identite\\\/soutien\\\/gfi\\\/bulletins\\\/\",\"url\":\"https:\\\/\\\/www.canarie.ca\\\/fr\\\/identite\\\/soutien\\\/gfi\\\/bulletins\\\/\",\"name\":\"Bulletins de service et annonces - CANARIE\",\"isPartOf\":{\"@id\":\"https:\\\/\\\/www.canarie.ca\\\/#website\"},\"datePublished\":\"2021-02-18T18:05:57+00:00\",\"dateModified\":\"2022-03-22T13:36:04+00:00\",\"breadcrumb\":{\"@id\":\"https:\\\/\\\/www.canarie.ca\\\/fr\\\/identite\\\/soutien\\\/gfi\\\/bulletins\\\/#breadcrumb\"},\"inLanguage\":\"fr-FR\",\"potentialAction\":[{\"@type\":\"ReadAction\",\"target\":[\"https:\\\/\\\/www.canarie.ca\\\/fr\\\/identite\\\/soutien\\\/gfi\\\/bulletins\\\/\"]}]},{\"@type\":\"BreadcrumbList\",\"@id\":\"https:\\\/\\\/www.canarie.ca\\\/fr\\\/identite\\\/soutien\\\/gfi\\\/bulletins\\\/#breadcrumb\",\"itemListElement\":[{\"@type\":\"ListItem\",\"position\":1,\"name\":\"Accueil\",\"item\":\"https:\\\/\\\/www.canarie.ca\\\/fr\\\/\"},{\"@type\":\"ListItem\",\"position\":2,\"name\":\"Gestion des identit\u00e9s et des acc\u00e8s\",\"item\":\"https:\\\/\\\/www.canarie.ca\\\/fr\\\/identite\\\/\"},{\"@type\":\"ListItem\",\"position\":3,\"name\":\"Soutien technique \u2013 Gestion des identit\u00e9s et des acc\u00e8s\",\"item\":\"https:\\\/\\\/www.canarie.ca\\\/fr\\\/identite\\\/soutien\\\/\"},{\"@type\":\"ListItem\",\"position\":4,\"name\":\"Soutien : gestion f\u00e9d\u00e9r\u00e9e des identit\u00e9s (GFI)\",\"item\":\"https:\\\/\\\/www.canarie.ca\\\/fr\\\/identite\\\/soutien\\\/gfi\\\/\"},{\"@type\":\"ListItem\",\"position\":5,\"name\":\"Bulletins de service et annonces\"}]},{\"@type\":\"WebSite\",\"@id\":\"https:\\\/\\\/www.canarie.ca\\\/#website\",\"url\":\"https:\\\/\\\/www.canarie.ca\\\/\",\"name\":\"CANARIE\",\"description\":\"\",\"potentialAction\":[{\"@type\":\"SearchAction\",\"target\":{\"@type\":\"EntryPoint\",\"urlTemplate\":\"https:\\\/\\\/www.canarie.ca\\\/?s={search_term_string}\"},\"query-input\":{\"@type\":\"PropertyValueSpecification\",\"valueRequired\":true,\"valueName\":\"search_term_string\"}}],\"inLanguage\":\"fr-FR\"}]}<\/script>\n<!-- \/ Yoast SEO plugin. -->","yoast_head_json":{"title":"Bulletins de service et annonces - CANARIE","robots":{"index":"index","follow":"follow","max-snippet":"max-snippet:-1","max-image-preview":"max-image-preview:large","max-video-preview":"max-video-preview:-1"},"canonical":"https:\/\/www.canarie.ca\/fr\/identite\/soutien\/gfi\/bulletins\/","og_locale":"fr_FR","og_type":"article","og_title":"Bulletins de service et annonces - CANARIE","og_description":"Bulletins de service et annonces S\u00e9curit\u00e9 G\u00e9n\u00e9ralit\u00e9s","og_url":"https:\/\/www.canarie.ca\/fr\/identite\/soutien\/gfi\/bulletins\/","og_site_name":"CANARIE","article_modified_time":"2022-03-22T13:36:04+00:00","twitter_card":"summary_large_image","schema":{"@context":"https:\/\/schema.org","@graph":[{"@type":"WebPage","@id":"https:\/\/www.canarie.ca\/fr\/identite\/soutien\/gfi\/bulletins\/","url":"https:\/\/www.canarie.ca\/fr\/identite\/soutien\/gfi\/bulletins\/","name":"Bulletins de service et annonces - CANARIE","isPartOf":{"@id":"https:\/\/www.canarie.ca\/#website"},"datePublished":"2021-02-18T18:05:57+00:00","dateModified":"2022-03-22T13:36:04+00:00","breadcrumb":{"@id":"https:\/\/www.canarie.ca\/fr\/identite\/soutien\/gfi\/bulletins\/#breadcrumb"},"inLanguage":"fr-FR","potentialAction":[{"@type":"ReadAction","target":["https:\/\/www.canarie.ca\/fr\/identite\/soutien\/gfi\/bulletins\/"]}]},{"@type":"BreadcrumbList","@id":"https:\/\/www.canarie.ca\/fr\/identite\/soutien\/gfi\/bulletins\/#breadcrumb","itemListElement":[{"@type":"ListItem","position":1,"name":"Accueil","item":"https:\/\/www.canarie.ca\/fr\/"},{"@type":"ListItem","position":2,"name":"Gestion des identit\u00e9s et des acc\u00e8s","item":"https:\/\/www.canarie.ca\/fr\/identite\/"},{"@type":"ListItem","position":3,"name":"Soutien technique \u2013 Gestion des identit\u00e9s et des acc\u00e8s","item":"https:\/\/www.canarie.ca\/fr\/identite\/soutien\/"},{"@type":"ListItem","position":4,"name":"Soutien : gestion f\u00e9d\u00e9r\u00e9e des identit\u00e9s (GFI)","item":"https:\/\/www.canarie.ca\/fr\/identite\/soutien\/gfi\/"},{"@type":"ListItem","position":5,"name":"Bulletins de service et annonces"}]},{"@type":"WebSite","@id":"https:\/\/www.canarie.ca\/#website","url":"https:\/\/www.canarie.ca\/","name":"CANARIE","description":"","potentialAction":[{"@type":"SearchAction","target":{"@type":"EntryPoint","urlTemplate":"https:\/\/www.canarie.ca\/?s={search_term_string}"},"query-input":{"@type":"PropertyValueSpecification","valueRequired":true,"valueName":"search_term_string"}}],"inLanguage":"fr-FR"}]}},"_links":{"self":[{"href":"https:\/\/www.canarie.ca\/fr\/wp-json\/wp\/v2\/pages\/17312","targetHints":{"allow":["GET"]}}],"collection":[{"href":"https:\/\/www.canarie.ca\/fr\/wp-json\/wp\/v2\/pages"}],"about":[{"href":"https:\/\/www.canarie.ca\/fr\/wp-json\/wp\/v2\/types\/page"}],"author":[{"embeddable":true,"href":"https:\/\/www.canarie.ca\/fr\/wp-json\/wp\/v2\/users\/3"}],"replies":[{"embeddable":true,"href":"https:\/\/www.canarie.ca\/fr\/wp-json\/wp\/v2\/comments?post=17312"}],"version-history":[{"count":0,"href":"https:\/\/www.canarie.ca\/fr\/wp-json\/wp\/v2\/pages\/17312\/revisions"}],"up":[{"embeddable":true,"href":"https:\/\/www.canarie.ca\/fr\/wp-json\/wp\/v2\/pages\/15039"}],"wp:attachment":[{"href":"https:\/\/www.canarie.ca\/fr\/wp-json\/wp\/v2\/media?parent=17312"}],"curies":[{"name":"wp","href":"https:\/\/api.w.org\/{rel}","templated":true}]}}