{"id":17313,"date":"2021-02-18T13:07:05","date_gmt":"2021-02-18T18:07:05","guid":{"rendered":"https:\/\/canarie.machinedev.ca\/identite\/soutien\/gfi\/configuration\/"},"modified":"2021-05-13T10:26:51","modified_gmt":"2021-05-13T14:26:51","slug":"configuration","status":"publish","type":"page","link":"https:\/\/www.canarie.ca\/fr\/identite\/soutien\/gfi\/configuration\/","title":{"rendered":"Outils de configuration"},"content":{"rendered":"\n<h1 class=\"has-text-align-center wp-block-heading\">Outils de configuration<\/h1>\n\n\n\n<div style=\"height:50px\" aria-hidden=\"true\" class=\"wp-block-spacer\"><\/div>\n\n\n\n<section class=\"section section--text-columns no-background\">\n    <div class=\"grid-container\">\n      <div class=\"grid-x grid-padding-x\">\n        <div class=\"cell\">\n                  \t<h3>ADFSToolkit<\/h3>\n                    <p>Avec nos partenaires, nous avons d\u00e9velopp\u00e9 un jeu d\u2019outils qui enrichit l\u2019installation de la solution ADFS pour les fournisseurs d\u2019identit\u00e9s. CANARIE propose ce jeu d\u2019outils sous forme d\u2019un module d\u2019extension Powershell baptis\u00e9 ADFSToolkit, dans la Powershell Gallery de Microsoft. Gr\u00e2ce \u00e0 cette trousse, le fournisseur d\u2019identit\u00e9s qui recourt \u00e0 ADFS aura l\u2019option suppl\u00e9mentaire de participer \u00e0 un service GFI.<\/p>\n<p>Voici ce qu\u2019autorise ADFSToolkit :<\/p>\n<ul>\n<li>la r\u00e9cup\u00e9ration et la v\u00e9rification des signatures dans les registres de fiabilit\u00e9 des services GFI de la FCA;<\/li>\n<li>l\u2019ingestion des entit\u00e9s dans ADFS gr\u00e2ce \u00e0 un paradigme \u00e9tablissant des relations de confiance une \u00e0 une;<\/li>\n<li>l\u2019\u00e9tablissement automatique de politiques de diffusion des attributs pour les cat\u00e9gories d\u2019entit\u00e9s;<\/li>\n<li>l\u2019ajout de nouveaux attributs sp\u00e9cifiques au site pour chaque service;<\/li>\n<li>la capacit\u00e9 de programmer une t\u00e2che pour rester \u00e0 jour avec les dossiers de fiabilit\u00e9 du service GFI de la FCA d\u2019heure en heure;<\/li>\n<li>un meilleur diagnostic des probl\u00e8mes.<\/li>\n<\/ul>\n<p>Guide d\u2019installation : <a href=\"https:\/\/www.canarie.ca\/fr\/document\/adfstoolkit\/\">ADFSToolkit<\/a><\/p>\n<p>Si vous avez des questions concernant ADFSToolkit et son incidence sur les services de la FCA et la GFI, envoyez un message \u00e0 <a href=\"mailto:caf@canarie.ca\">caf@canarie.ca<\/a>.<\/p>\n                  <\/div>\n      <\/div>\n    <\/div>\n  <\/section>\n\n\n<section class=\"section section--text-columns no-background\">\n    <div class=\"grid-container\">\n      <div class=\"grid-x grid-padding-x\">\n        <div class=\"cell\">\n                  \t<h3>Guide de mise \u00e0 niveau Shibboleth v4<\/h3>\n                    <p>Quelle que soit la plateforme d\u2019exploitation que vous utilisez, il est imp\u00e9ratif, pour des raisons de s\u00e9curit\u00e9, que le logiciel vous servant de fournisseur d\u2019identit\u00e9s (IdP) soit aussi r\u00e9cent que possible. Les IdP Shibboleth ant\u00e9rieurs \u00e0 la version 4.0.1 arriveront au\u00a0<strong>terme de leur vie utile<\/strong>\u00a0en d\u00e9cembre 2020 et ce guide vous aidera \u00e0 examiner les diff\u00e9rentes fa\u00e7ons de proc\u00e9der \u00e0 une mise \u00e0 niveau.<\/p>\n                    <div class=\"button-group\">\n              \t\t\t\t  \t<a class=\"button-border-blue\" href=\"https:\/\/www.canarie.ca\/fr\/document\/guide-de-mise-a-niveau-shibboleth-v4\/\" target=\"_self\">En savoir plus<\/a>\n    \t\t\t    \t\t\t    \t\t\t<\/div>\n    \t\t\t        <\/div>\n      <\/div>\n    <\/div>\n  <\/section>\n\n\n<section class=\"section section--text-columns no-background\">\n    <div class=\"grid-container\">\n      <div class=\"grid-x grid-padding-x\">\n        <div class=\"cell\">\n                  \t<h3>Guides techniques: Comment se connecter \u00e0 Azure AD en utilisant la procuration SAML dans l\u2019IdP Shibboleth<\/h3>\n                    <p>La configuration de l\u2019IdP Shibboleth propos\u00e9e ici tire parti des possibilit\u00e9s de procuration de la norme SAML pour \u00e9tablir la connexion avec Azure AD tout en laissant Shibboleth prendre en charge les fonctionnalit\u00e9s recherch\u00e9es par de nombreux mod\u00e8les de confiance de la f\u00e9d\u00e9ration R\u2011E. Gr\u00e2ce \u00e0 cette approche, l\u2019IdP ne sert que de proxy SAML sans qu\u2019on doive y ajouter d\u2019autres \u00e9l\u00e9ments.<\/p>\n                    <div class=\"button-group\">\n              \t\t\t\t  \t<a class=\"button-border-blue\" href=\"https:\/\/www.canarie.ca\/fr\/document\/fca-comment-se-connecter-a-azure-ad-en-utilisant-la-procuration-saml-dans-lidp-shibboleth\/\" target=\"_self\">En savoir plus<\/a>\n    \t\t\t    \t\t\t    \t\t\t<\/div>\n    \t\t\t        <\/div>\n      <\/div>\n    <\/div>\n  <\/section>","protected":false},"excerpt":{"rendered":"<p>Outils de configuration<\/p>\n","protected":false},"author":3,"featured_media":0,"parent":15039,"menu_order":0,"comment_status":"closed","ping_status":"closed","template":"","meta":{"_acf_changed":false,"footnotes":""},"class_list":["post-17313","page","type-page","status-publish","hentry"],"acf":[],"yoast_head":"<!-- This site is optimized with the Yoast SEO plugin v27.4 - https:\/\/yoast.com\/product\/yoast-seo-wordpress\/ -->\n<title>Outils de configuration - CANARIE<\/title>\n<meta name=\"robots\" content=\"index, follow, max-snippet:-1, max-image-preview:large, max-video-preview:-1\" \/>\n<link rel=\"canonical\" href=\"https:\/\/www.canarie.ca\/fr\/identite\/soutien\/gfi\/configuration\/\" \/>\n<meta property=\"og:locale\" content=\"fr_FR\" \/>\n<meta property=\"og:type\" content=\"article\" \/>\n<meta property=\"og:title\" content=\"Outils de configuration - CANARIE\" \/>\n<meta property=\"og:description\" content=\"Outils de configuration\" \/>\n<meta property=\"og:url\" content=\"https:\/\/www.canarie.ca\/fr\/identite\/soutien\/gfi\/configuration\/\" \/>\n<meta property=\"og:site_name\" content=\"CANARIE\" \/>\n<meta property=\"article:modified_time\" content=\"2021-05-13T14:26:51+00:00\" \/>\n<meta name=\"twitter:card\" content=\"summary_large_image\" \/>\n<script type=\"application\/ld+json\" class=\"yoast-schema-graph\">{\"@context\":\"https:\\\/\\\/schema.org\",\"@graph\":[{\"@type\":\"WebPage\",\"@id\":\"https:\\\/\\\/www.canarie.ca\\\/fr\\\/identite\\\/soutien\\\/gfi\\\/configuration\\\/\",\"url\":\"https:\\\/\\\/www.canarie.ca\\\/fr\\\/identite\\\/soutien\\\/gfi\\\/configuration\\\/\",\"name\":\"Outils de configuration - CANARIE\",\"isPartOf\":{\"@id\":\"https:\\\/\\\/www.canarie.ca\\\/#website\"},\"datePublished\":\"2021-02-18T18:07:05+00:00\",\"dateModified\":\"2021-05-13T14:26:51+00:00\",\"breadcrumb\":{\"@id\":\"https:\\\/\\\/www.canarie.ca\\\/fr\\\/identite\\\/soutien\\\/gfi\\\/configuration\\\/#breadcrumb\"},\"inLanguage\":\"fr-FR\",\"potentialAction\":[{\"@type\":\"ReadAction\",\"target\":[\"https:\\\/\\\/www.canarie.ca\\\/fr\\\/identite\\\/soutien\\\/gfi\\\/configuration\\\/\"]}]},{\"@type\":\"BreadcrumbList\",\"@id\":\"https:\\\/\\\/www.canarie.ca\\\/fr\\\/identite\\\/soutien\\\/gfi\\\/configuration\\\/#breadcrumb\",\"itemListElement\":[{\"@type\":\"ListItem\",\"position\":1,\"name\":\"Accueil\",\"item\":\"https:\\\/\\\/www.canarie.ca\\\/fr\\\/\"},{\"@type\":\"ListItem\",\"position\":2,\"name\":\"Gestion des identit\u00e9s et des acc\u00e8s\",\"item\":\"https:\\\/\\\/www.canarie.ca\\\/fr\\\/identite\\\/\"},{\"@type\":\"ListItem\",\"position\":3,\"name\":\"Soutien technique \u2013 Gestion des identit\u00e9s et des acc\u00e8s\",\"item\":\"https:\\\/\\\/www.canarie.ca\\\/fr\\\/identite\\\/soutien\\\/\"},{\"@type\":\"ListItem\",\"position\":4,\"name\":\"Soutien : gestion f\u00e9d\u00e9r\u00e9e des identit\u00e9s (GFI)\",\"item\":\"https:\\\/\\\/www.canarie.ca\\\/fr\\\/identite\\\/soutien\\\/gfi\\\/\"},{\"@type\":\"ListItem\",\"position\":5,\"name\":\"Outils de configuration\"}]},{\"@type\":\"WebSite\",\"@id\":\"https:\\\/\\\/www.canarie.ca\\\/#website\",\"url\":\"https:\\\/\\\/www.canarie.ca\\\/\",\"name\":\"CANARIE\",\"description\":\"\",\"potentialAction\":[{\"@type\":\"SearchAction\",\"target\":{\"@type\":\"EntryPoint\",\"urlTemplate\":\"https:\\\/\\\/www.canarie.ca\\\/?s={search_term_string}\"},\"query-input\":{\"@type\":\"PropertyValueSpecification\",\"valueRequired\":true,\"valueName\":\"search_term_string\"}}],\"inLanguage\":\"fr-FR\"}]}<\/script>\n<!-- \/ Yoast SEO plugin. -->","yoast_head_json":{"title":"Outils de configuration - CANARIE","robots":{"index":"index","follow":"follow","max-snippet":"max-snippet:-1","max-image-preview":"max-image-preview:large","max-video-preview":"max-video-preview:-1"},"canonical":"https:\/\/www.canarie.ca\/fr\/identite\/soutien\/gfi\/configuration\/","og_locale":"fr_FR","og_type":"article","og_title":"Outils de configuration - CANARIE","og_description":"Outils de configuration","og_url":"https:\/\/www.canarie.ca\/fr\/identite\/soutien\/gfi\/configuration\/","og_site_name":"CANARIE","article_modified_time":"2021-05-13T14:26:51+00:00","twitter_card":"summary_large_image","schema":{"@context":"https:\/\/schema.org","@graph":[{"@type":"WebPage","@id":"https:\/\/www.canarie.ca\/fr\/identite\/soutien\/gfi\/configuration\/","url":"https:\/\/www.canarie.ca\/fr\/identite\/soutien\/gfi\/configuration\/","name":"Outils de configuration - CANARIE","isPartOf":{"@id":"https:\/\/www.canarie.ca\/#website"},"datePublished":"2021-02-18T18:07:05+00:00","dateModified":"2021-05-13T14:26:51+00:00","breadcrumb":{"@id":"https:\/\/www.canarie.ca\/fr\/identite\/soutien\/gfi\/configuration\/#breadcrumb"},"inLanguage":"fr-FR","potentialAction":[{"@type":"ReadAction","target":["https:\/\/www.canarie.ca\/fr\/identite\/soutien\/gfi\/configuration\/"]}]},{"@type":"BreadcrumbList","@id":"https:\/\/www.canarie.ca\/fr\/identite\/soutien\/gfi\/configuration\/#breadcrumb","itemListElement":[{"@type":"ListItem","position":1,"name":"Accueil","item":"https:\/\/www.canarie.ca\/fr\/"},{"@type":"ListItem","position":2,"name":"Gestion des identit\u00e9s et des acc\u00e8s","item":"https:\/\/www.canarie.ca\/fr\/identite\/"},{"@type":"ListItem","position":3,"name":"Soutien technique \u2013 Gestion des identit\u00e9s et des acc\u00e8s","item":"https:\/\/www.canarie.ca\/fr\/identite\/soutien\/"},{"@type":"ListItem","position":4,"name":"Soutien : gestion f\u00e9d\u00e9r\u00e9e des identit\u00e9s (GFI)","item":"https:\/\/www.canarie.ca\/fr\/identite\/soutien\/gfi\/"},{"@type":"ListItem","position":5,"name":"Outils de configuration"}]},{"@type":"WebSite","@id":"https:\/\/www.canarie.ca\/#website","url":"https:\/\/www.canarie.ca\/","name":"CANARIE","description":"","potentialAction":[{"@type":"SearchAction","target":{"@type":"EntryPoint","urlTemplate":"https:\/\/www.canarie.ca\/?s={search_term_string}"},"query-input":{"@type":"PropertyValueSpecification","valueRequired":true,"valueName":"search_term_string"}}],"inLanguage":"fr-FR"}]}},"_links":{"self":[{"href":"https:\/\/www.canarie.ca\/fr\/wp-json\/wp\/v2\/pages\/17313","targetHints":{"allow":["GET"]}}],"collection":[{"href":"https:\/\/www.canarie.ca\/fr\/wp-json\/wp\/v2\/pages"}],"about":[{"href":"https:\/\/www.canarie.ca\/fr\/wp-json\/wp\/v2\/types\/page"}],"author":[{"embeddable":true,"href":"https:\/\/www.canarie.ca\/fr\/wp-json\/wp\/v2\/users\/3"}],"replies":[{"embeddable":true,"href":"https:\/\/www.canarie.ca\/fr\/wp-json\/wp\/v2\/comments?post=17313"}],"version-history":[{"count":0,"href":"https:\/\/www.canarie.ca\/fr\/wp-json\/wp\/v2\/pages\/17313\/revisions"}],"up":[{"embeddable":true,"href":"https:\/\/www.canarie.ca\/fr\/wp-json\/wp\/v2\/pages\/15039"}],"wp:attachment":[{"href":"https:\/\/www.canarie.ca\/fr\/wp-json\/wp\/v2\/media?parent=17313"}],"curies":[{"name":"wp","href":"https:\/\/api.w.org\/{rel}","templated":true}]}}