{"id":17314,"date":"2021-02-18T13:10:02","date_gmt":"2021-02-18T18:10:02","guid":{"rendered":"https:\/\/canarie.machinedev.ca\/identite\/soutien\/gfi\/faq\/"},"modified":"2021-06-01T14:15:24","modified_gmt":"2021-06-01T18:15:24","slug":"faq","status":"publish","type":"page","link":"https:\/\/www.canarie.ca\/fr\/identite\/soutien\/gfi\/faq\/","title":{"rendered":"Foire aux questions"},"content":{"rendered":"\n<h1 class=\"has-text-align-center wp-block-heading\">Foire aux questions<\/h1>\n\n\n\n<div style=\"height:50px\" aria-hidden=\"true\" class=\"wp-block-spacer\"><\/div>\n\n\n\n<h2 class=\"has-cyan-color has-text-color wp-block-heading\">O\u00f9 puis-je obtenir de l\u2019aide sur la gestion f\u00e9d\u00e9r\u00e9e des identit\u00e9s (GFI)?<\/h2>\n\n\n\n<p>Plusieurs forums communautaires cumulent beaucoup de connaissances et d\u2019exp\u00e9rience techniques dans la configuration des logiciels f\u00e9d\u00e9r\u00e9s. Si vous vous interrogez sur une application ou une configuration, ou souhaitez discuter de choses d\u2019ordre g\u00e9n\u00e9ral, nous vous conseillons de parcourir les archives avant de poser votre question.<\/p>\n\n\n\n<p><a href=\"https:\/\/www.shibboleth.net\/\" target=\"_blank\" rel=\"noreferrer noopener\">Shibboleth Consortium<\/a><\/p>\n\n\n\n<p>Groupes de discussion sur la GFI centr\u00e9s sur le Canada :<\/p>\n\n\n\n<p><strong><a href=\"mailto:CAF-SHIBBOLETH-TECHNICAL-L@LISTSERV.UWINDSOR.CA\">CAF-SHIBBOLETH-TECHNICAL-L@LISTSERV.UWINDSOR.CA<\/a><br><\/strong><\/p>\n\n\n\n<p>Liste de sujets de discussion ax\u00e9e sur le Canada permettant un d\u00e9bat g\u00e9n\u00e9ral sur des questions de nature technique; g\u00e9n\u00e9ralement peu achaland\u00e9.<\/p>\n\n\n\n<p><strong><a href=\"mailto:CAF-SHIBBOLETH-SUPPORT-L@LISTSERV.UWINDSOR.CA\">CAF-SHIBBOLETH-SUPPORT-L@LISTSERV.UWINDSOR.CA<\/a><br><\/strong><\/p>\n\n\n\n<p>Liste de sujets de discussion relatifs au soutien ax\u00e9e sur le Canada autorisant un d\u00e9bat sur les questions op\u00e9rationnelles ou les notifications; g\u00e9n\u00e9ralement peu achaland\u00e9.<\/p>\n\n\n\n<p>Les contacts techniques signal\u00e9s \u00e0 CANARIE s\u2019ajouteront automatiquement aux listes qui pr\u00e9c\u00e8dent de mani\u00e8re \u00e0 faciliter la communication et le soutien.<\/p>\n\n\n\n<p>Nous encourageons les contacts techniques \u00e0 s\u2019inscrire aux autres listes communautaires pertinentes \u00e0 leur plateforme ou \u00e0 en suivre les activit\u00e9s. Voici quelques listes de source ouverte dignes de mention :<\/p>\n\n\n\n<p><a href=\"https:\/\/simplesamlphp.org\/lists\" target=\"_blank\" rel=\"noreferrer noopener\"><strong>SimpleSAMLPHP<\/strong><\/a><\/p>\n\n\n\n<h2 class=\"has-cyan-color has-text-color wp-block-heading\">Comment puis-je adh\u00e9rer \u00e0 la F\u00e9d\u00e9ration canadienne d\u2019acc\u00e8s (FCA)?<\/h2>\n\n\n\n<p>Vous trouverez tous les d\u00e9tails sur les crit\u00e8res de participation ici : <strong><a href=\"https:\/\/www.canarie.ca\/fr\/identite\/fca\/adhesion\/\">Adh\u00e9rer \u00e0 la FCA<\/a><\/strong><\/p>\n\n\n\n<h2 class=\"has-cyan-color has-text-color wp-block-heading\">Mon organisation participe \u00e0 la F\u00e9d\u00e9ration canadienne d\u2019acc\u00e8s (FCA). Comment dois-je faire pour ajouter un service (la gestion f\u00e9d\u00e9r\u00e9e des identit\u00e9s ou eduroam\/acc\u00e8s des visiteurs \u00e0 eduroam)?<\/h2>\n\n\n\n<p>Rendez-vous sur la page <strong><a href=\"https:\/\/www.canarie.ca\/identite\/soutien\/\">https:\/\/www.canarie.ca\/identite\/soutien\/<\/a><\/strong>, puis \u00e0 la section \u00ab Soutien administratif \u00bb pour voir les \u00e9tapes \u00e0 suivre (https:\/\/www.canarie.ca\/identite\/soutien\/fca-modification-service\/).<\/p>\n\n\n\n<h2 class=\"has-cyan-color has-text-color wp-block-heading\">Le contact technique de l\u2019organisation a chang\u00e9. Comment puis-je modifier ses coordonn\u00e9es?<\/h2>\n\n\n\n<p>Lisez la page <a href=\"https:\/\/www.canarie.ca\/fr\/identite\/soutien\/admin\/\">Soutien administratif<\/a> pour savoir comment proc\u00e9der<\/p>\n\n\n\n<h2 class=\"has-cyan-color has-text-color wp-block-heading\">Comment change-t-on l\u2019identifiant du fournisseur d\u2019identit\u00e9s (IdP) \/ du fournisseur de services (SP) de l\u2019organisation?<\/h2>\n\n\n\n<p>Envoyez votre demande \u00e0 <a href=\"mailto:tickets@canarie.ca\"><strong>tickets@canarie.ca<\/strong><\/a> avec les nouvelles m\u00e9tadonn\u00e9es.<\/p>\n\n\n\n<h2 class=\"has-cyan-color has-text-color wp-block-heading\">O\u00f9 se trouve le guide d\u2019installation du fournisseur d\u2019identit\u00e9s (IdP) de la F\u00e9d\u00e9ration canadienne d\u2019acc\u00e8s (FCA)?<\/h2>\n\n\n\n<p>Pour t\u00e9l\u00e9charger le guide, visitez la page <a href=\"https:\/\/www.canarie.ca\/fr\/identite\/soutien\/gfi\/documentation\/\">Documentation et guides<\/a>.<\/p>\n\n\n\n<h2 class=\"has-cyan-color has-text-color wp-block-heading\">Existe-t-il une plateforme sur laquelle nous pourrions tester nos m\u00e9tadonn\u00e9es avant l\u2019activation?<\/h2>\n\n\n\n<p>Oui. La FCA a cr\u00e9\u00e9 une f\u00e9d\u00e9ration d\u2019essai pour les participants. Veuillez envoyer une demande \u00e0 <a href=\"mailto:tickets@canarie.ca\"><strong>tickets@canarie.ca<\/strong><\/a> pour y acc\u00e9der..<\/p>\n\n\n\n<h2 class=\"has-cyan-color has-text-color wp-block-heading\">Comment peut-on se joindre \u00e0 eduGAIN?<\/h2>\n\n\n\n<p>Si l\u2019organisation adh\u00e8re \u00e0 la F\u00e9d\u00e9ration canadienne d\u2019acc\u00e8s en tant que fournisseur d\u2019identit\u00e9s (IdP), elle fait d\u2019ores et d\u00e9j\u00e0 partie d\u2019eduGAIN.<\/p>\n\n\n\n<p>Si l\u2019organisation y adh\u00e8re en tant que fournisseur de services (SP), envoyez une demande \u00e0 <a href=\"mailto:tickets@canarie.ca\"><strong>tickets@canarie.ca<\/strong><\/a> pour acc\u00e9der au service eduGAIN.<\/p>\n\n\n\n<p>Sinon, visitez la page <a href=\"https:\/\/www.canarie.ca\/fr\/identite\/fca\/adhesion\/\">Adh\u00e9rer \u00e0 la F\u00e9d\u00e9ration canadienne d&rsquo;acc\u00e8s<\/a>.<\/p>\n\n\n\n<h2 class=\"has-cyan-color has-text-color wp-block-heading\">J\u2019ai besoin d\u2019aide pour configurer la gestion f\u00e9d\u00e9r\u00e9e des identit\u00e9s (GFI) \u00e0 mon organisation.<\/h2>\n\n\n\n<p>Envoyez une demande \u00e0 <a href=\"mailto:tickets@canarie.ca\"><strong>tickets@canarie.ca<\/strong><\/a>.<\/p>\n\n\n\n<h2 class=\"has-cyan-color has-text-color wp-block-heading\">J\u2019ai besoin d\u2019aide pour configurer eduroam \u00e0 mon organisation.<\/h2>\n\n\n\n<p>Envoyez une demande \u00e0 <a href=\"mailto:tickets@canarie.ca\"><strong>tickets@canarie.ca<\/strong><\/a>.<\/p>\n\n\n\n<h2 class=\"has-cyan-color has-text-color wp-block-heading\">J\u2019ai une question non technique au sujet de la FCA.<\/h2>\n\n\n\n<p>Envoyez-la \u00e0 <a href=\"mailto:caf@canarie.ca\"><strong>caf@canarie.ca<\/strong><\/a>.<\/p>\n","protected":false},"excerpt":{"rendered":"<p>Foire aux questions O\u00f9 puis-je obtenir de l\u2019aide sur la gestion f\u00e9d\u00e9r\u00e9e des identit\u00e9s (GFI)? Plusieurs forums communautaires cumulent beaucoup [&hellip;]<\/p>\n","protected":false},"author":3,"featured_media":0,"parent":15039,"menu_order":0,"comment_status":"closed","ping_status":"closed","template":"","meta":{"_acf_changed":false,"footnotes":""},"class_list":["post-17314","page","type-page","status-publish","hentry"],"acf":[],"yoast_head":"<!-- This site is optimized with the Yoast SEO plugin v27.4 - https:\/\/yoast.com\/product\/yoast-seo-wordpress\/ -->\n<title>Foire aux questions - CANARIE<\/title>\n<meta name=\"robots\" content=\"index, follow, max-snippet:-1, max-image-preview:large, max-video-preview:-1\" \/>\n<link rel=\"canonical\" href=\"https:\/\/www.canarie.ca\/fr\/identite\/soutien\/gfi\/faq\/\" \/>\n<meta property=\"og:locale\" content=\"fr_FR\" \/>\n<meta property=\"og:type\" content=\"article\" \/>\n<meta property=\"og:title\" content=\"Foire aux questions - CANARIE\" \/>\n<meta property=\"og:description\" content=\"Foire aux questions O\u00f9 puis-je obtenir de l\u2019aide sur la gestion f\u00e9d\u00e9r\u00e9e des identit\u00e9s (GFI)? Plusieurs forums communautaires cumulent beaucoup [&hellip;]\" \/>\n<meta property=\"og:url\" content=\"https:\/\/www.canarie.ca\/fr\/identite\/soutien\/gfi\/faq\/\" \/>\n<meta property=\"og:site_name\" content=\"CANARIE\" \/>\n<meta property=\"article:modified_time\" content=\"2021-06-01T18:15:24+00:00\" \/>\n<meta name=\"twitter:card\" content=\"summary_large_image\" \/>\n<script type=\"application\/ld+json\" class=\"yoast-schema-graph\">{\"@context\":\"https:\\\/\\\/schema.org\",\"@graph\":[{\"@type\":\"WebPage\",\"@id\":\"https:\\\/\\\/www.canarie.ca\\\/fr\\\/identite\\\/soutien\\\/gfi\\\/faq\\\/\",\"url\":\"https:\\\/\\\/www.canarie.ca\\\/fr\\\/identite\\\/soutien\\\/gfi\\\/faq\\\/\",\"name\":\"Foire aux questions - CANARIE\",\"isPartOf\":{\"@id\":\"https:\\\/\\\/www.canarie.ca\\\/#website\"},\"datePublished\":\"2021-02-18T18:10:02+00:00\",\"dateModified\":\"2021-06-01T18:15:24+00:00\",\"breadcrumb\":{\"@id\":\"https:\\\/\\\/www.canarie.ca\\\/fr\\\/identite\\\/soutien\\\/gfi\\\/faq\\\/#breadcrumb\"},\"inLanguage\":\"fr-FR\",\"potentialAction\":[{\"@type\":\"ReadAction\",\"target\":[\"https:\\\/\\\/www.canarie.ca\\\/fr\\\/identite\\\/soutien\\\/gfi\\\/faq\\\/\"]}]},{\"@type\":\"BreadcrumbList\",\"@id\":\"https:\\\/\\\/www.canarie.ca\\\/fr\\\/identite\\\/soutien\\\/gfi\\\/faq\\\/#breadcrumb\",\"itemListElement\":[{\"@type\":\"ListItem\",\"position\":1,\"name\":\"Accueil\",\"item\":\"https:\\\/\\\/www.canarie.ca\\\/fr\\\/\"},{\"@type\":\"ListItem\",\"position\":2,\"name\":\"Gestion des identit\u00e9s et des acc\u00e8s\",\"item\":\"https:\\\/\\\/www.canarie.ca\\\/fr\\\/identite\\\/\"},{\"@type\":\"ListItem\",\"position\":3,\"name\":\"Soutien technique \u2013 Gestion des identit\u00e9s et des acc\u00e8s\",\"item\":\"https:\\\/\\\/www.canarie.ca\\\/fr\\\/identite\\\/soutien\\\/\"},{\"@type\":\"ListItem\",\"position\":4,\"name\":\"Soutien : gestion f\u00e9d\u00e9r\u00e9e des identit\u00e9s (GFI)\",\"item\":\"https:\\\/\\\/www.canarie.ca\\\/fr\\\/identite\\\/soutien\\\/gfi\\\/\"},{\"@type\":\"ListItem\",\"position\":5,\"name\":\"Foire aux questions\"}]},{\"@type\":\"WebSite\",\"@id\":\"https:\\\/\\\/www.canarie.ca\\\/#website\",\"url\":\"https:\\\/\\\/www.canarie.ca\\\/\",\"name\":\"CANARIE\",\"description\":\"\",\"potentialAction\":[{\"@type\":\"SearchAction\",\"target\":{\"@type\":\"EntryPoint\",\"urlTemplate\":\"https:\\\/\\\/www.canarie.ca\\\/?s={search_term_string}\"},\"query-input\":{\"@type\":\"PropertyValueSpecification\",\"valueRequired\":true,\"valueName\":\"search_term_string\"}}],\"inLanguage\":\"fr-FR\"}]}<\/script>\n<!-- \/ Yoast SEO plugin. -->","yoast_head_json":{"title":"Foire aux questions - CANARIE","robots":{"index":"index","follow":"follow","max-snippet":"max-snippet:-1","max-image-preview":"max-image-preview:large","max-video-preview":"max-video-preview:-1"},"canonical":"https:\/\/www.canarie.ca\/fr\/identite\/soutien\/gfi\/faq\/","og_locale":"fr_FR","og_type":"article","og_title":"Foire aux questions - CANARIE","og_description":"Foire aux questions O\u00f9 puis-je obtenir de l\u2019aide sur la gestion f\u00e9d\u00e9r\u00e9e des identit\u00e9s (GFI)? Plusieurs forums communautaires cumulent beaucoup [&hellip;]","og_url":"https:\/\/www.canarie.ca\/fr\/identite\/soutien\/gfi\/faq\/","og_site_name":"CANARIE","article_modified_time":"2021-06-01T18:15:24+00:00","twitter_card":"summary_large_image","schema":{"@context":"https:\/\/schema.org","@graph":[{"@type":"WebPage","@id":"https:\/\/www.canarie.ca\/fr\/identite\/soutien\/gfi\/faq\/","url":"https:\/\/www.canarie.ca\/fr\/identite\/soutien\/gfi\/faq\/","name":"Foire aux questions - CANARIE","isPartOf":{"@id":"https:\/\/www.canarie.ca\/#website"},"datePublished":"2021-02-18T18:10:02+00:00","dateModified":"2021-06-01T18:15:24+00:00","breadcrumb":{"@id":"https:\/\/www.canarie.ca\/fr\/identite\/soutien\/gfi\/faq\/#breadcrumb"},"inLanguage":"fr-FR","potentialAction":[{"@type":"ReadAction","target":["https:\/\/www.canarie.ca\/fr\/identite\/soutien\/gfi\/faq\/"]}]},{"@type":"BreadcrumbList","@id":"https:\/\/www.canarie.ca\/fr\/identite\/soutien\/gfi\/faq\/#breadcrumb","itemListElement":[{"@type":"ListItem","position":1,"name":"Accueil","item":"https:\/\/www.canarie.ca\/fr\/"},{"@type":"ListItem","position":2,"name":"Gestion des identit\u00e9s et des acc\u00e8s","item":"https:\/\/www.canarie.ca\/fr\/identite\/"},{"@type":"ListItem","position":3,"name":"Soutien technique \u2013 Gestion des identit\u00e9s et des acc\u00e8s","item":"https:\/\/www.canarie.ca\/fr\/identite\/soutien\/"},{"@type":"ListItem","position":4,"name":"Soutien : gestion f\u00e9d\u00e9r\u00e9e des identit\u00e9s (GFI)","item":"https:\/\/www.canarie.ca\/fr\/identite\/soutien\/gfi\/"},{"@type":"ListItem","position":5,"name":"Foire aux questions"}]},{"@type":"WebSite","@id":"https:\/\/www.canarie.ca\/#website","url":"https:\/\/www.canarie.ca\/","name":"CANARIE","description":"","potentialAction":[{"@type":"SearchAction","target":{"@type":"EntryPoint","urlTemplate":"https:\/\/www.canarie.ca\/?s={search_term_string}"},"query-input":{"@type":"PropertyValueSpecification","valueRequired":true,"valueName":"search_term_string"}}],"inLanguage":"fr-FR"}]}},"_links":{"self":[{"href":"https:\/\/www.canarie.ca\/fr\/wp-json\/wp\/v2\/pages\/17314","targetHints":{"allow":["GET"]}}],"collection":[{"href":"https:\/\/www.canarie.ca\/fr\/wp-json\/wp\/v2\/pages"}],"about":[{"href":"https:\/\/www.canarie.ca\/fr\/wp-json\/wp\/v2\/types\/page"}],"author":[{"embeddable":true,"href":"https:\/\/www.canarie.ca\/fr\/wp-json\/wp\/v2\/users\/3"}],"replies":[{"embeddable":true,"href":"https:\/\/www.canarie.ca\/fr\/wp-json\/wp\/v2\/comments?post=17314"}],"version-history":[{"count":0,"href":"https:\/\/www.canarie.ca\/fr\/wp-json\/wp\/v2\/pages\/17314\/revisions"}],"up":[{"embeddable":true,"href":"https:\/\/www.canarie.ca\/fr\/wp-json\/wp\/v2\/pages\/15039"}],"wp:attachment":[{"href":"https:\/\/www.canarie.ca\/fr\/wp-json\/wp\/v2\/media?parent=17314"}],"curies":[{"name":"wp","href":"https:\/\/api.w.org\/{rel}","templated":true}]}}