{"id":19156,"date":"2021-03-08T14:45:40","date_gmt":"2021-03-08T19:45:40","guid":{"rendered":"https:\/\/canarie.machinedev.ca\/?page_id=19156"},"modified":"2021-08-20T08:42:16","modified_gmt":"2021-08-20T12:42:16","slug":"webinaires","status":"publish","type":"page","link":"https:\/\/www.canarie.ca\/fr\/cybersecurite\/webinaires\/","title":{"rendered":"Webinaires"},"content":{"rendered":"\n<h1 class=\"has-text-align-center wp-block-heading\">Webinaires<\/h1>\n\n\n\n<div style=\"height:38px\" aria-hidden=\"true\" class=\"wp-block-spacer\"><\/div>\n\n\n\n<section class=\"section section--banner simple-fade dark-blue alignfull\">\n  <div class=\"grid-container text-center\">\n  \t\t  \t\t  \t  <div class=\"large\"><p>CANARIE vient de lancer une s\u00e9rie de webinaires communautaires donn\u00e9s par des sommit\u00e9s du milieu canadien de la recherche et de l\u2019\u00e9ducation \u0153uvrant en cybers\u00e9curit\u00e9. Ces expos\u00e9s offrent des pr\u00e9cieuses informations, aussi pertinentes qu\u2019opportunes, sur le sujet aux membres des secteurs de la recherche et de l\u2019\u00e9ducation du Canada et \u00e9volueront en fonction des besoins de la communaut\u00e9.<\/p>\n<p>Abonnez-vous \u00e0 notre bulletin pour new rater aucun webinaires \u00e0 venir.<\/p>\n<\/div>\n\t  \t  \t\t\t\t\t\t\t<a class=\"button button-border-white\" href=\"https:\/\/www.canarie.ca\/fr\/abonnement\/\" target=\"_self\">Abonnez-vous \u00e0 notre bulletin.<\/a>\n\t\t\t  <\/div>\n<\/section>\n\n\n\n<div style=\"height:38px\" aria-hidden=\"true\" class=\"wp-block-spacer\"><\/div>\n\n\n\n<h2 class=\"wp-block-heading\">Anciens webinaires<\/h2>\n\n\n\n<section class=\"section section--video-grid\">\n    <div class=\"grid-container\">\n            <div class=\"grid-x grid-padding-x align-center\">\n                          <div class=\"cell medium-6 large-4\">\n                  <div class=\"video-grid-thumbnail\">\n                    <div class=\"video-grid-thumbnail-bg\" style=\"background-image: url(https:\/\/www.canarie.ca\/wp-content\/uploads\/2021\/02\/Box_network.png); background-size: cover; background-position: center center;\"><\/div>\n                    <div class=\"video-grid-thumbnail-overlay\"><\/div>\n                    <img decoding=\"async\" src=\"https:\/\/www.canarie.ca\/wp-content\/themes\/canarie\/img\/icon-play.svg\">\n                    <a href=\"https:\/\/youtu.be\/f1FOCv5h5d8\" target=\"_blank\"><\/a>\n                    <p>Le Centre canadien pour la cybers\u00e9curit\u00e9 : des produits et des services pour les \u00e9tudes sup\u00e9rieures<\/p>\n                                        <div class=\"video-desc\">\n                      <p>Le 28 janvier 2021<\/p>\n                    <\/div>\n                                                          <a href=\"https:\/\/www.canarie.ca\/fr\/document\/webinaire-centre-canadien-pour-la-cybersecurite\/\" class=\"download-slides\" target=\"_blank\">T\u00e9l\u00e9charger la pr\u00e9sentation<\/a>\n                                     <\/div>\n                  \n                <\/div>\n                                <div class=\"cell medium-6 large-4\">\n                  <div class=\"video-grid-thumbnail\">\n                    <div class=\"video-grid-thumbnail-bg\" style=\"background-image: url(https:\/\/www.canarie.ca\/wp-content\/uploads\/2021\/02\/Box_network.png); background-size: cover; background-position: center center;\"><\/div>\n                    <div class=\"video-grid-thumbnail-overlay\"><\/div>\n                    <img decoding=\"async\" src=\"https:\/\/www.canarie.ca\/wp-content\/themes\/canarie\/img\/icon-play.svg\">\n                    <a href=\"https:\/\/youtu.be\/nQqR-DUdE_U\" target=\"_blank\"><\/a>\n                    <p>Tout ce que vous devez savoir au sujet du NIST<\/p>\n                                        <div class=\"video-desc\">\n                      <p>Le 29 avril 2021<\/p>\n                    <\/div>\n                                                          <a href=\"https:\/\/www.canarie.ca\/fr\/document\/webinaire-du-cybersecurite-ce-quil-faut-savoir-sur-le-cadre-dapplication-en-cybersecurite-du-nist\/\" class=\"download-slides\" target=\"_blank\">T\u00e9l\u00e9charger la pr\u00e9sentation<\/a>\n                                     <\/div>\n                  \n                <\/div>\n                                <div class=\"cell medium-6 large-4\">\n                  <div class=\"video-grid-thumbnail\">\n                    <div class=\"video-grid-thumbnail-bg\" style=\"background-image: url(https:\/\/www.canarie.ca\/wp-content\/uploads\/2021\/02\/Box_network.png); background-size: cover; background-position: center center;\"><\/div>\n                    <div class=\"video-grid-thumbnail-overlay\"><\/div>\n                    <img decoding=\"async\" src=\"https:\/\/www.canarie.ca\/wp-content\/themes\/canarie\/img\/icon-play.svg\">\n                    <a href=\"https:\/\/youtu.be\/QezuaH3i4Ts\" target=\"_blank\"><\/a>\n                    <p>Se d\u00e9fendre intelligemment : faire front commun pour d\u00e9tecter et contrer les cybermenaces<\/p>\n                                        <div class=\"video-desc\">\n                      <p>18 mai 2021<\/p>\n                    <\/div>\n                                                          <a href=\"https:\/\/www.canarie.ca\/document\/se-defendre-intelligemment-faire-front-commun-pour-detecter-et-contrer-les-cybermenaces\/\" class=\"download-slides\" target=\"_blank\">T\u00e9l\u00e9charger la pr\u00e9sentation<\/a>\n                                     <\/div>\n                  \n                <\/div>\n                                <div class=\"cell medium-6 large-4\">\n                  <div class=\"video-grid-thumbnail\">\n                    <div class=\"video-grid-thumbnail-bg\" style=\"background-image: url(https:\/\/www.canarie.ca\/wp-content\/uploads\/2021\/02\/Box_network.png); background-size: cover; background-position: center center;\"><\/div>\n                    <div class=\"video-grid-thumbnail-overlay\"><\/div>\n                    <img decoding=\"async\" src=\"https:\/\/www.canarie.ca\/wp-content\/themes\/canarie\/img\/icon-play.svg\">\n                    <a href=\"https:\/\/youtu.be\/H6YKIQ0Qw00\" target=\"_blank\"><\/a>\n                    <p>Se d\u00e9fendre intelligemment : faire front commun pour d\u00e9tecter et contrer les cybermenaces<\/p>\n                                        <div class=\"video-desc\">\n                      <p>28 mai 2021<\/p>\n                    <\/div>\n                                                          <a href=\"https:\/\/www.canarie.ca\/document\/se-defendre-intelligemment-faire-front-commun-pour-detecter-et-contrer-les-cybermenaces\/\" class=\"download-slides\" target=\"_blank\">T\u00e9l\u00e9charger la pr\u00e9sentation<\/a>\n                                     <\/div>\n                  \n                <\/div>\n                        <\/div>\n      <\/div>\n    <\/div>\n  <\/section>\n\n\n<h2 class=\"wp-block-heading\">Webinaires du programme<\/h2>\n\n\n\n<section class=\"section section--video-grid\">\n    <div class=\"grid-container\">\n            <div class=\"grid-x grid-padding-x align-center\">\n                          <div class=\"cell medium-6 large-4\">\n                  <div class=\"video-grid-thumbnail\">\n                    <div class=\"video-grid-thumbnail-bg\" style=\"background-image: url(https:\/\/www.canarie.ca\/wp-content\/uploads\/2021\/02\/Box_network.png); background-size: cover; background-position: center center;\"><\/div>\n                    <div class=\"video-grid-thumbnail-overlay\"><\/div>\n                    <img decoding=\"async\" src=\"https:\/\/www.canarie.ca\/wp-content\/themes\/canarie\/img\/icon-play.svg\">\n                    <a href=\"https:\/\/youtu.be\/VI3qmE-DMPI\" target=\"_blank\"><\/a>\n                    <p>Le programme Initiatives en cybers\u00e9curit\u00e9 : harmonisation nationale, retomb\u00e9es locales<\/p>\n                                        <div class=\"video-desc\">\n                      <p>1er webinaire : 15 d\u00e9cembre 2020<\/p>\n                    <\/div>\n                                                          <a href=\"https:\/\/www.canarie.ca\/fr\/document\/programme-initiatives-en-cybersecurite-sharmoniser-a-lechelon-national-pour-un-plus-grand-impact-local\/\" class=\"download-slides\" target=\"_blank\">T\u00e9l\u00e9charger la pr\u00e9sentation<\/a>\n                                     <\/div>\n                  \n                <\/div>\n                                <div class=\"cell medium-6 large-4\">\n                  <div class=\"video-grid-thumbnail\">\n                    <div class=\"video-grid-thumbnail-bg\" style=\"background-image: url(https:\/\/www.canarie.ca\/wp-content\/uploads\/2021\/02\/Box_network.png); background-size: cover; background-position: center center;\"><\/div>\n                    <div class=\"video-grid-thumbnail-overlay\"><\/div>\n                    <img decoding=\"async\" src=\"https:\/\/www.canarie.ca\/wp-content\/themes\/canarie\/img\/icon-play.svg\">\n                    <a href=\"https:\/\/youtu.be\/vJG8P85lUnM\" target=\"_blank\"><\/a>\n                    <p>Le programme Initiatives en cybers\u00e9curit\u00e9 : harmonisation nationale, retomb\u00e9es locales<\/p>\n                                        <div class=\"video-desc\">\n                      <p>2e webinaire : 11 janvier 2021<\/p>\n                    <\/div>\n                                                          <a href=\"https:\/\/www.canarie.ca\/fr\/document\/programme-initiatives-en-cybersecurite-sharmoniser-a-lechelon-national-pour-un-plus-grand-impact-local\/\" class=\"download-slides\" target=\"_blank\">T\u00e9l\u00e9charger la pr\u00e9sentation<\/a>\n                                     <\/div>\n                  \n                <\/div>\n                                <div class=\"cell medium-6 large-4\">\n                  <div class=\"video-grid-thumbnail\">\n                    <div class=\"video-grid-thumbnail-bg\" style=\"background-image: url(https:\/\/www.canarie.ca\/wp-content\/uploads\/2021\/02\/Box_network.png); background-size: cover; background-position: center center;\"><\/div>\n                    <div class=\"video-grid-thumbnail-overlay\"><\/div>\n                    <img decoding=\"async\" src=\"https:\/\/www.canarie.ca\/wp-content\/themes\/canarie\/img\/icon-play.svg\">\n                    <a href=\"https:\/\/youtu.be\/hOpdqIRNUUY\" target=\"_blank\"><\/a>\n                    <p>Le programme Initiatives en cybers\u00e9curit\u00e9 : ce qu\u2019il apportera \u00e0 votre organisation<\/p>\n                                        <div class=\"video-desc\">\n                      <p>3e webinaire : 16 d\u00e9cembre 2020<\/p>\n                    <\/div>\n                                                          <a href=\"https:\/\/www.canarie.ca\/fr\/document\/programme-initiatives-en-cybersecurite-ce-quil-pourrait-apporter-a-votre-organiation\/\" class=\"download-slides\" target=\"_blank\">T\u00e9l\u00e9charger la pr\u00e9sentation<\/a>\n                                     <\/div>\n                  \n                <\/div>\n                        <\/div>\n      <\/div>\n    <\/div>\n  <\/section>\n\n\n<section class=\"section section--video-grid\">\n    <div class=\"grid-container\">\n            <div class=\"grid-x grid-padding-x align-center\">\n                          <div class=\"cell medium-6 large-4\">\n                  <div class=\"video-grid-thumbnail\">\n                    <div class=\"video-grid-thumbnail-bg\" style=\"background-image: url(https:\/\/www.canarie.ca\/wp-content\/uploads\/2021\/02\/Box_network.png); background-size: cover; background-position: center center;\"><\/div>\n                    <div class=\"video-grid-thumbnail-overlay\"><\/div>\n                    <img decoding=\"async\" src=\"https:\/\/www.canarie.ca\/wp-content\/themes\/canarie\/img\/icon-play.svg\">\n                    <a href=\"https:\/\/youtu.be\/dsC6ls2N3qo\" target=\"_blank\"><\/a>\n                    <p>Le programme Initiatives en cybers\u00e9curit\u00e9 : ce qu\u2019il apportera \u00e0 votre organisation<\/p>\n                                        <div class=\"video-desc\">\n                      <p>4e webinaire : 12 janvier 2021<\/p>\n                    <\/div>\n                                                          <a href=\"https:\/\/www.canarie.ca\/fr\/document\/programme-initiatives-en-cybersecurite-ce-quil-pourrait-apporter-a-votre-organiation\/\" class=\"download-slides\" target=\"_blank\">T\u00e9l\u00e9charger la pr\u00e9sentation<\/a>\n                                     <\/div>\n                  \n                <\/div>\n                                <div class=\"cell medium-6 large-4\">\n                  <div class=\"video-grid-thumbnail\">\n                    <div class=\"video-grid-thumbnail-bg\" style=\"background-image: url(https:\/\/www.canarie.ca\/wp-content\/uploads\/2021\/02\/Box_network.png); background-size: cover; background-position: center center;\"><\/div>\n                    <div class=\"video-grid-thumbnail-overlay\"><\/div>\n                    <img decoding=\"async\" src=\"https:\/\/www.canarie.ca\/wp-content\/themes\/canarie\/img\/icon-play.svg\">\n                    <a href=\"https:\/\/youtu.be\/Y6IcJDTfgOI\" target=\"_blank\"><\/a>\n                    <p>Webinaire &#8211; L\u2019initiative Syst\u00e8me de d\u00e9tection des intrusions : l\u2019union fait la force<\/p>\n                                        <div class=\"video-desc\">\n                      <p>Le 18 ao\u00fbt 2021<\/p>\n                    <\/div>\n                                                          <a href=\"https:\/\/www.canarie.ca\/fr\/document\/webinaire-linitiative-systeme-de-detection-des-intrusions-lunion-fait-la-force\/\" class=\"download-slides\" target=\"_blank\">T\u00e9l\u00e9charger la pr\u00e9sentation<\/a>\n                                     <\/div>\n                  \n                <\/div>\n                        <\/div>\n      <\/div>\n    <\/div>\n  <\/section>","protected":false},"excerpt":{"rendered":"<p>Webinaires Anciens webinaires Webinaires du programme<\/p>\n","protected":false},"author":19,"featured_media":0,"parent":15870,"menu_order":20,"comment_status":"closed","ping_status":"closed","template":"","meta":{"_acf_changed":false,"footnotes":""},"class_list":["post-19156","page","type-page","status-publish","hentry"],"acf":[],"yoast_head":"<!-- This site is optimized with the Yoast SEO plugin v27.5 - https:\/\/yoast.com\/product\/yoast-seo-wordpress\/ -->\n<title>Webinaires - CANARIE<\/title>\n<meta name=\"robots\" content=\"index, follow, max-snippet:-1, max-image-preview:large, max-video-preview:-1\" \/>\n<link rel=\"canonical\" href=\"https:\/\/www.canarie.ca\/fr\/cybersecurite\/webinaires\/\" \/>\n<meta property=\"og:locale\" content=\"fr_FR\" \/>\n<meta property=\"og:type\" content=\"article\" \/>\n<meta property=\"og:title\" content=\"Webinaires - CANARIE\" \/>\n<meta property=\"og:description\" content=\"Webinaires Anciens webinaires Webinaires du programme\" \/>\n<meta property=\"og:url\" content=\"https:\/\/www.canarie.ca\/fr\/cybersecurite\/webinaires\/\" \/>\n<meta property=\"og:site_name\" content=\"CANARIE\" \/>\n<meta property=\"article:modified_time\" content=\"2021-08-20T12:42:16+00:00\" \/>\n<meta name=\"twitter:card\" content=\"summary_large_image\" \/>\n<script type=\"application\/ld+json\" class=\"yoast-schema-graph\">{\"@context\":\"https:\\\/\\\/schema.org\",\"@graph\":[{\"@type\":\"WebPage\",\"@id\":\"https:\\\/\\\/www.canarie.ca\\\/fr\\\/cybersecurite\\\/webinaires\\\/\",\"url\":\"https:\\\/\\\/www.canarie.ca\\\/fr\\\/cybersecurite\\\/webinaires\\\/\",\"name\":\"Webinaires - CANARIE\",\"isPartOf\":{\"@id\":\"https:\\\/\\\/www.canarie.ca\\\/#website\"},\"datePublished\":\"2021-03-08T19:45:40+00:00\",\"dateModified\":\"2021-08-20T12:42:16+00:00\",\"breadcrumb\":{\"@id\":\"https:\\\/\\\/www.canarie.ca\\\/fr\\\/cybersecurite\\\/webinaires\\\/#breadcrumb\"},\"inLanguage\":\"fr-FR\",\"potentialAction\":[{\"@type\":\"ReadAction\",\"target\":[\"https:\\\/\\\/www.canarie.ca\\\/fr\\\/cybersecurite\\\/webinaires\\\/\"]}]},{\"@type\":\"BreadcrumbList\",\"@id\":\"https:\\\/\\\/www.canarie.ca\\\/fr\\\/cybersecurite\\\/webinaires\\\/#breadcrumb\",\"itemListElement\":[{\"@type\":\"ListItem\",\"position\":1,\"name\":\"Accueil\",\"item\":\"https:\\\/\\\/www.canarie.ca\\\/fr\\\/\"},{\"@type\":\"ListItem\",\"position\":2,\"name\":\"Le Programme de cybers\u00e9curit\u00e9\",\"item\":\"https:\\\/\\\/www.canarie.ca\\\/fr\\\/cybersecurite\\\/\"},{\"@type\":\"ListItem\",\"position\":3,\"name\":\"Webinaires\"}]},{\"@type\":\"WebSite\",\"@id\":\"https:\\\/\\\/www.canarie.ca\\\/#website\",\"url\":\"https:\\\/\\\/www.canarie.ca\\\/\",\"name\":\"CANARIE\",\"description\":\"\",\"potentialAction\":[{\"@type\":\"SearchAction\",\"target\":{\"@type\":\"EntryPoint\",\"urlTemplate\":\"https:\\\/\\\/www.canarie.ca\\\/?s={search_term_string}\"},\"query-input\":{\"@type\":\"PropertyValueSpecification\",\"valueRequired\":true,\"valueName\":\"search_term_string\"}}],\"inLanguage\":\"fr-FR\"}]}<\/script>\n<!-- \/ Yoast SEO plugin. -->","yoast_head_json":{"title":"Webinaires - CANARIE","robots":{"index":"index","follow":"follow","max-snippet":"max-snippet:-1","max-image-preview":"max-image-preview:large","max-video-preview":"max-video-preview:-1"},"canonical":"https:\/\/www.canarie.ca\/fr\/cybersecurite\/webinaires\/","og_locale":"fr_FR","og_type":"article","og_title":"Webinaires - CANARIE","og_description":"Webinaires Anciens webinaires Webinaires du programme","og_url":"https:\/\/www.canarie.ca\/fr\/cybersecurite\/webinaires\/","og_site_name":"CANARIE","article_modified_time":"2021-08-20T12:42:16+00:00","twitter_card":"summary_large_image","schema":{"@context":"https:\/\/schema.org","@graph":[{"@type":"WebPage","@id":"https:\/\/www.canarie.ca\/fr\/cybersecurite\/webinaires\/","url":"https:\/\/www.canarie.ca\/fr\/cybersecurite\/webinaires\/","name":"Webinaires - CANARIE","isPartOf":{"@id":"https:\/\/www.canarie.ca\/#website"},"datePublished":"2021-03-08T19:45:40+00:00","dateModified":"2021-08-20T12:42:16+00:00","breadcrumb":{"@id":"https:\/\/www.canarie.ca\/fr\/cybersecurite\/webinaires\/#breadcrumb"},"inLanguage":"fr-FR","potentialAction":[{"@type":"ReadAction","target":["https:\/\/www.canarie.ca\/fr\/cybersecurite\/webinaires\/"]}]},{"@type":"BreadcrumbList","@id":"https:\/\/www.canarie.ca\/fr\/cybersecurite\/webinaires\/#breadcrumb","itemListElement":[{"@type":"ListItem","position":1,"name":"Accueil","item":"https:\/\/www.canarie.ca\/fr\/"},{"@type":"ListItem","position":2,"name":"Le Programme de cybers\u00e9curit\u00e9","item":"https:\/\/www.canarie.ca\/fr\/cybersecurite\/"},{"@type":"ListItem","position":3,"name":"Webinaires"}]},{"@type":"WebSite","@id":"https:\/\/www.canarie.ca\/#website","url":"https:\/\/www.canarie.ca\/","name":"CANARIE","description":"","potentialAction":[{"@type":"SearchAction","target":{"@type":"EntryPoint","urlTemplate":"https:\/\/www.canarie.ca\/?s={search_term_string}"},"query-input":{"@type":"PropertyValueSpecification","valueRequired":true,"valueName":"search_term_string"}}],"inLanguage":"fr-FR"}]}},"_links":{"self":[{"href":"https:\/\/www.canarie.ca\/fr\/wp-json\/wp\/v2\/pages\/19156","targetHints":{"allow":["GET"]}}],"collection":[{"href":"https:\/\/www.canarie.ca\/fr\/wp-json\/wp\/v2\/pages"}],"about":[{"href":"https:\/\/www.canarie.ca\/fr\/wp-json\/wp\/v2\/types\/page"}],"author":[{"embeddable":true,"href":"https:\/\/www.canarie.ca\/fr\/wp-json\/wp\/v2\/users\/19"}],"replies":[{"embeddable":true,"href":"https:\/\/www.canarie.ca\/fr\/wp-json\/wp\/v2\/comments?post=19156"}],"version-history":[{"count":0,"href":"https:\/\/www.canarie.ca\/fr\/wp-json\/wp\/v2\/pages\/19156\/revisions"}],"up":[{"embeddable":true,"href":"https:\/\/www.canarie.ca\/fr\/wp-json\/wp\/v2\/pages\/15870"}],"wp:attachment":[{"href":"https:\/\/www.canarie.ca\/fr\/wp-json\/wp\/v2\/media?parent=19156"}],"curies":[{"name":"wp","href":"https:\/\/api.w.org\/{rel}","templated":true}]}}