{"id":19713,"date":"2021-03-11T13:18:07","date_gmt":"2021-03-11T18:18:07","guid":{"rendered":"https:\/\/canarie.machinedev.ca\/?page_id=19713"},"modified":"2024-04-04T12:52:21","modified_gmt":"2024-04-04T16:52:21","slug":"documentation-et-guides","status":"publish","type":"page","link":"https:\/\/www.canarie.ca\/fr\/nuagepage\/soutien\/documentation-et-guides\/","title":{"rendered":"Documentation et guides"},"content":{"rendered":"\n<h1 class=\"wp-block-heading has-text-align-center\">Documentation et guides<\/h1>\n\n\n\n<div style=\"height:50px\" aria-hidden=\"true\" class=\"wp-block-spacer\"><\/div>\n\n\n\n<h2 class=\"wp-block-heading\">Guides techniques&nbsp;<\/h2>\n\n\n\n<section class=\"section section--text-columns no-background\">\n    <div class=\"grid-container\">\n      <div class=\"grid-x grid-padding-x\">\n        <div class=\"cell\">\n                  \t<h3>Restauration d\u2019une instance pirat\u00e9e<\/h3>\n                    <p>Une cyberattaque peut s\u2019av\u00e9rer dramatique pour n\u2019importe quelle organisation. C\u2019est pourquoi, il est capital de conna\u00eetre les mesures \u00e0 prendre et les programmes vers lesquels on peut se tourner pour prot\u00e9ger une instance ou la restaurer, advenant le cas o\u00f9 elle aurait \u00e9t\u00e9 compromise.<\/p>\n                    <div class=\"button-group\">\n              \t\t\t\t  \t<a class=\"button-border-blue\" href=\"https:\/\/www.canarie.ca\/fr\/document\/recover-a-hacked-instance\/\" target=\"_self\">En savoir plus<\/a>\n    \t\t\t    \t\t\t    \t\t\t<\/div>\n    \t\t\t        <\/div>\n      <\/div>\n    <\/div>\n  <\/section>\n\n\n<section class=\"section section--text-columns no-background\">\n    <div class=\"grid-container\">\n      <div class=\"grid-x grid-padding-x\">\n        <div class=\"cell\">\n                  \t<h3>Lancer une instance de l\u2019ATIR dans OpenStack<\/h3>\n                    <p>Quelques \u00e9tapes doivent \u00eatre franchies avant que vous puissiez lancer votre instance de l\u2019ATIR dans OpenStack.<\/p>\n                    <div class=\"button-group\">\n              \t\t\t\t  \t<a class=\"button-border-blue\" href=\"https:\/\/www.canarie.ca\/fr\/document\/launching-an-instance-in-dair-openstack-2\/\" target=\"_self\">En savoir plus<\/a>\n    \t\t\t    \t\t\t    \t\t\t<\/div>\n    \t\t\t        <\/div>\n      <\/div>\n    <\/div>\n  <\/section>\n\n\n<section class=\"section section--text-columns no-background\">\n    <div class=\"grid-container\">\n      <div class=\"grid-x grid-padding-x\">\n        <div class=\"cell\">\n                  \t<h3>Les services AWS sur le Nuage de l\u2019ATIR<\/h3>\n                    <p>De nombreux services AWS sont d\u00e9sormais offerts dans le Nuage de l\u2019ATIR et nous en lancerons d\u2019autres durant l\u2019ann\u00e9e. Servez-vous de l\u2019explorateur de co\u00fbt et des fonctionnalit\u00e9s de la facturation d\u2019AWS sur l\u2019ATIR pour calculer votre utilisation des services AWS et vous aider \u00e0 planifier les ressources infonuagiques dont l\u2019entreprise aura besoin quand elle mettra ses produits et services en march\u00e9.<\/p>\n                    <div class=\"button-group\">\n              \t\t\t\t  \t<a class=\"button-border-blue\" href=\"https:\/\/www.canarie.ca\/fr\/nuage\/services-aws-sur-le-nuage-de-latir\/\" target=\"_self\">En savoir plus<\/a>\n    \t\t\t    \t\t\t    \t\t\t<\/div>\n    \t\t\t        <\/div>\n      <\/div>\n    <\/div>\n  <\/section>\n\n\n<section class=\"section section--text-columns no-background\">\n    <div class=\"grid-container\">\n      <div class=\"grid-x grid-padding-x\">\n        <div class=\"cell\">\n                  \t<h3>L\u2019unit\u00e9 de traitement graphique (GPU) du nuage OpenStack de l\u2019ATIR<\/h3>\n                    <p>Utiliser une GPU en nuage n\u2019est pas du tout la m\u00eame chose qu\u2019en utiliser une sur son ordinateur portable ou sa plateforme de jeu.<\/p>\n                    <div class=\"button-group\">\n              \t\t\t\t  \t<a class=\"button-border-blue\" href=\"https:\/\/www.canarie.ca\/fr\/document\/lunite-de-traitement-graphique-gpu-du-nuage-de-latir\/\" target=\"_self\">En savoir plus<\/a>\n    \t\t\t    \t\t\t    \t\t\t<\/div>\n    \t\t\t        <\/div>\n      <\/div>\n    <\/div>\n  <\/section>\n\n\n<section class=\"section section--text-columns no-background\">\n    <div class=\"grid-container\">\n      <div class=\"grid-x grid-padding-x\">\n        <div class=\"cell\">\n                  \t<h3>D\u00e9ploiement des conteneurs Jenkins dans le Nuage de l\u2019ATIR <\/h3>\n                    <p>Jenkins est un important serveur d\u2019automatisation de \u00ab\u202fsource ouverte\u202f\u00bb offrant des centaines de modules d\u2019extension qui facilitent l\u2019\u00e9laboration, le d\u00e9ploiement et l\u2019automatisation de n\u2019importe quel projet. Ce guide vous montrera comment lancer et configurer une plateforme Jenkins de base avec Docker dans le Nuage de l\u2019ATIR.<\/p>\n                    <div class=\"button-group\">\n              \t\t\t\t  \t<a class=\"button-border-blue\" href=\"https:\/\/www.canarie.ca\/fr\/document\/atir-deploiement-des-conteneurs-jenkins-dans-le-nuage-de-latir\/\" target=\"_self\">En savoir plus<\/a>\n    \t\t\t    \t\t\t    \t\t\t<\/div>\n    \t\t\t        <\/div>\n      <\/div>\n    <\/div>\n  <\/section>\n\n\n<h2 class=\"wp-block-heading\">Documentation&nbsp;<\/h2>\n\n\n\n<section class=\"section section--text-columns no-background\">\n    <div class=\"grid-container\">\n      <div class=\"grid-x grid-padding-x\">\n        <div class=\"cell\">\n                  \t<h3>Vers la libert\u00e9 en infonuagique<\/h3>\n                    <p>Apprenez \u00e0 concevoir l\u2019infrastructure d\u2019une application Web moderne que vous h\u00e9bergerez dans un nuage. Ce document pr\u00e9sente les diff\u00e9rents services que proposent les nuages publics, leurs avantages et leurs inconv\u00e9nients, et montre comment choisir les bons ainsi que le moment de prendre vous-m\u00eame en charge un composant.<\/p>\n                    <div class=\"button-group\">\n              \t\t\t\t  \t<a class=\"button-border-blue\" href=\"https:\/\/www.canarie.ca\/fr\/document\/atir-vers-la-liberte-en-infonuagique\/\" target=\"_self\">En savoir plus<\/a>\n    \t\t\t    \t\t\t    \t\t\t<\/div>\n    \t\t\t        <\/div>\n      <\/div>\n    <\/div>\n  <\/section>\n\n\n<section class=\"section section--text-columns no-background\">\n    <div class=\"grid-container\">\n      <div class=\"grid-x grid-padding-x\">\n        <div class=\"cell\">\n                  \t<h3>Docker : Commandes usuelles<\/h3>\n                    <p>Un guide de r\u00e9f\u00e9rence pratique des commandes Docker les plus utilis\u00e9es.<\/p>\n                    <div class=\"button-group\">\n              \t\t\t\t  \t<a class=\"button-border-blue\" href=\"https:\/\/www.canarie.ca\/fr\/document\/atir-commandes-usuelles-de-docker\/\" target=\"_self\">En savoir plus<\/a>\n    \t\t\t    \t\t\t    \t\t\t<\/div>\n    \t\t\t        <\/div>\n      <\/div>\n    <\/div>\n  <\/section>\n\n\n<h2 class=\"wp-block-heading\">Ressources administratives<\/h2>\n\n\n\n<section class=\"section section--text-columns no-background\">\n    <div class=\"grid-container\">\n      <div class=\"grid-x grid-padding-x\">\n        <div class=\"cell\">\n                  \t<h3>Entente relative \u00e0 l\u2019utilisation de l\u2019ATIR <\/h3>\n                                        <div class=\"button-group\">\n              \t\t\t\t  \t<a class=\"button-border-blue\" href=\"https:\/\/www.canarie.ca\/fr\/document\/atir-entente-relative-a-utilisation\/\" target=\"_self\">En savoir plus<\/a>\n    \t\t\t    \t\t\t    \t\t\t<\/div>\n    \t\t\t        <\/div>\n      <\/div>\n    <\/div>\n  <\/section>\n\n\n<section class=\"section section--quick-links\">\n    <div class=\"grid-container\">\n      <div class=\"grid-x grid-padding-x\">\n        <div class=\"cell\">\n                  \t<h2>Liens rapides<\/h2>\n                                <div class=\"wp-block-buttons\">\n                \t\t\t\t  \t<a class=\"button wp-block-button__link\" href=\"https:\/\/www.canarie.ca\/fr\/nuage\/soutien\/activites\/\" target=\"_self\">Nuage de l\u2019ATIR \u2013 Activit\u00e9s et webinaires<\/a><br>\n    \t\t\t        \t\t\t  <\/div>\n    \t\t\t          <\/div>\n      <\/div>\n    <\/div>\n  <\/section>","protected":false},"excerpt":{"rendered":"<p>Documentation et guides Guides techniques&nbsp; Documentation&nbsp; Ressources administratives<\/p>\n","protected":false},"author":19,"featured_media":19192,"parent":10650,"menu_order":0,"comment_status":"closed","ping_status":"closed","template":"","meta":{"_acf_changed":false,"footnotes":""},"class_list":["post-19713","page","type-page","status-publish","has-post-thumbnail","hentry"],"acf":[],"yoast_head":"<!-- This site is optimized with the Yoast SEO plugin v27.3 - https:\/\/yoast.com\/product\/yoast-seo-wordpress\/ -->\n<title>Documentation et guides - CANARIE<\/title>\n<meta name=\"robots\" content=\"index, follow, max-snippet:-1, max-image-preview:large, max-video-preview:-1\" \/>\n<link rel=\"canonical\" href=\"https:\/\/www.canarie.ca\/fr\/nuagepage\/soutien\/documentation-et-guides\/\" \/>\n<meta property=\"og:locale\" content=\"fr_FR\" \/>\n<meta property=\"og:type\" content=\"article\" \/>\n<meta property=\"og:title\" content=\"Documentation et guides - CANARIE\" \/>\n<meta property=\"og:description\" content=\"Documentation et guides Guides techniques&nbsp; Documentation&nbsp; Ressources administratives\" \/>\n<meta property=\"og:url\" content=\"https:\/\/www.canarie.ca\/fr\/nuagepage\/soutien\/documentation-et-guides\/\" \/>\n<meta property=\"og:site_name\" content=\"CANARIE\" \/>\n<meta property=\"article:modified_time\" content=\"2024-04-04T16:52:21+00:00\" \/>\n<meta property=\"og:image\" content=\"https:\/\/www.canarie.ca\/wp-content\/uploads\/2021\/03\/dair_incubator2.png\" \/>\n\t<meta property=\"og:image:width\" content=\"700\" \/>\n\t<meta property=\"og:image:height\" content=\"500\" \/>\n\t<meta property=\"og:image:type\" content=\"image\/png\" \/>\n<meta name=\"twitter:card\" content=\"summary_large_image\" \/>\n<script type=\"application\/ld+json\" class=\"yoast-schema-graph\">{\"@context\":\"https:\\\/\\\/schema.org\",\"@graph\":[{\"@type\":\"WebPage\",\"@id\":\"https:\\\/\\\/www.canarie.ca\\\/fr\\\/nuagepage\\\/soutien\\\/documentation-et-guides\\\/\",\"url\":\"https:\\\/\\\/www.canarie.ca\\\/fr\\\/nuagepage\\\/soutien\\\/documentation-et-guides\\\/\",\"name\":\"Documentation et guides - CANARIE\",\"isPartOf\":{\"@id\":\"https:\\\/\\\/www.canarie.ca\\\/#website\"},\"primaryImageOfPage\":{\"@id\":\"https:\\\/\\\/www.canarie.ca\\\/fr\\\/nuagepage\\\/soutien\\\/documentation-et-guides\\\/#primaryimage\"},\"image\":{\"@id\":\"https:\\\/\\\/www.canarie.ca\\\/fr\\\/nuagepage\\\/soutien\\\/documentation-et-guides\\\/#primaryimage\"},\"thumbnailUrl\":\"https:\\\/\\\/www.canarie.ca\\\/wp-content\\\/uploads\\\/2021\\\/03\\\/dair_incubator2.png\",\"datePublished\":\"2021-03-11T18:18:07+00:00\",\"dateModified\":\"2024-04-04T16:52:21+00:00\",\"breadcrumb\":{\"@id\":\"https:\\\/\\\/www.canarie.ca\\\/fr\\\/nuagepage\\\/soutien\\\/documentation-et-guides\\\/#breadcrumb\"},\"inLanguage\":\"fr-FR\",\"potentialAction\":[{\"@type\":\"ReadAction\",\"target\":[\"https:\\\/\\\/www.canarie.ca\\\/fr\\\/nuagepage\\\/soutien\\\/documentation-et-guides\\\/\"]}]},{\"@type\":\"ImageObject\",\"inLanguage\":\"fr-FR\",\"@id\":\"https:\\\/\\\/www.canarie.ca\\\/fr\\\/nuagepage\\\/soutien\\\/documentation-et-guides\\\/#primaryimage\",\"url\":\"https:\\\/\\\/www.canarie.ca\\\/wp-content\\\/uploads\\\/2021\\\/03\\\/dair_incubator2.png\",\"contentUrl\":\"https:\\\/\\\/www.canarie.ca\\\/wp-content\\\/uploads\\\/2021\\\/03\\\/dair_incubator2.png\",\"width\":700,\"height\":500},{\"@type\":\"BreadcrumbList\",\"@id\":\"https:\\\/\\\/www.canarie.ca\\\/fr\\\/nuagepage\\\/soutien\\\/documentation-et-guides\\\/#breadcrumb\",\"itemListElement\":[{\"@type\":\"ListItem\",\"position\":1,\"name\":\"Accueil\",\"item\":\"https:\\\/\\\/www.canarie.ca\\\/fr\\\/homepage\\\/\"},{\"@type\":\"ListItem\",\"position\":2,\"name\":\"Programme \u00ab Nuage de l\u2019ATIR \u00bb\",\"item\":\"https:\\\/\\\/www.canarie.ca\\\/fr\\\/?page_id=6512\"},{\"@type\":\"ListItem\",\"position\":3,\"name\":\"Communaut\u00e9 de l\u2019ATIR et soutien technique\",\"item\":\"https:\\\/\\\/www.canarie.ca\\\/fr\\\/?page_id=10650\"},{\"@type\":\"ListItem\",\"position\":4,\"name\":\"Documentation et guides\"}]},{\"@type\":\"WebSite\",\"@id\":\"https:\\\/\\\/www.canarie.ca\\\/#website\",\"url\":\"https:\\\/\\\/www.canarie.ca\\\/\",\"name\":\"CANARIE\",\"description\":\"\",\"potentialAction\":[{\"@type\":\"SearchAction\",\"target\":{\"@type\":\"EntryPoint\",\"urlTemplate\":\"https:\\\/\\\/www.canarie.ca\\\/?s={search_term_string}\"},\"query-input\":{\"@type\":\"PropertyValueSpecification\",\"valueRequired\":true,\"valueName\":\"search_term_string\"}}],\"inLanguage\":\"fr-FR\"}]}<\/script>\n<!-- \/ Yoast SEO plugin. -->","yoast_head_json":{"title":"Documentation et guides - CANARIE","robots":{"index":"index","follow":"follow","max-snippet":"max-snippet:-1","max-image-preview":"max-image-preview:large","max-video-preview":"max-video-preview:-1"},"canonical":"https:\/\/www.canarie.ca\/fr\/nuagepage\/soutien\/documentation-et-guides\/","og_locale":"fr_FR","og_type":"article","og_title":"Documentation et guides - CANARIE","og_description":"Documentation et guides Guides techniques&nbsp; Documentation&nbsp; Ressources administratives","og_url":"https:\/\/www.canarie.ca\/fr\/nuagepage\/soutien\/documentation-et-guides\/","og_site_name":"CANARIE","article_modified_time":"2024-04-04T16:52:21+00:00","og_image":[{"width":700,"height":500,"url":"https:\/\/www.canarie.ca\/wp-content\/uploads\/2021\/03\/dair_incubator2.png","type":"image\/png"}],"twitter_card":"summary_large_image","schema":{"@context":"https:\/\/schema.org","@graph":[{"@type":"WebPage","@id":"https:\/\/www.canarie.ca\/fr\/nuagepage\/soutien\/documentation-et-guides\/","url":"https:\/\/www.canarie.ca\/fr\/nuagepage\/soutien\/documentation-et-guides\/","name":"Documentation et guides - CANARIE","isPartOf":{"@id":"https:\/\/www.canarie.ca\/#website"},"primaryImageOfPage":{"@id":"https:\/\/www.canarie.ca\/fr\/nuagepage\/soutien\/documentation-et-guides\/#primaryimage"},"image":{"@id":"https:\/\/www.canarie.ca\/fr\/nuagepage\/soutien\/documentation-et-guides\/#primaryimage"},"thumbnailUrl":"https:\/\/www.canarie.ca\/wp-content\/uploads\/2021\/03\/dair_incubator2.png","datePublished":"2021-03-11T18:18:07+00:00","dateModified":"2024-04-04T16:52:21+00:00","breadcrumb":{"@id":"https:\/\/www.canarie.ca\/fr\/nuagepage\/soutien\/documentation-et-guides\/#breadcrumb"},"inLanguage":"fr-FR","potentialAction":[{"@type":"ReadAction","target":["https:\/\/www.canarie.ca\/fr\/nuagepage\/soutien\/documentation-et-guides\/"]}]},{"@type":"ImageObject","inLanguage":"fr-FR","@id":"https:\/\/www.canarie.ca\/fr\/nuagepage\/soutien\/documentation-et-guides\/#primaryimage","url":"https:\/\/www.canarie.ca\/wp-content\/uploads\/2021\/03\/dair_incubator2.png","contentUrl":"https:\/\/www.canarie.ca\/wp-content\/uploads\/2021\/03\/dair_incubator2.png","width":700,"height":500},{"@type":"BreadcrumbList","@id":"https:\/\/www.canarie.ca\/fr\/nuagepage\/soutien\/documentation-et-guides\/#breadcrumb","itemListElement":[{"@type":"ListItem","position":1,"name":"Accueil","item":"https:\/\/www.canarie.ca\/fr\/homepage\/"},{"@type":"ListItem","position":2,"name":"Programme \u00ab Nuage de l\u2019ATIR \u00bb","item":"https:\/\/www.canarie.ca\/fr\/?page_id=6512"},{"@type":"ListItem","position":3,"name":"Communaut\u00e9 de l\u2019ATIR et soutien technique","item":"https:\/\/www.canarie.ca\/fr\/?page_id=10650"},{"@type":"ListItem","position":4,"name":"Documentation et guides"}]},{"@type":"WebSite","@id":"https:\/\/www.canarie.ca\/#website","url":"https:\/\/www.canarie.ca\/","name":"CANARIE","description":"","potentialAction":[{"@type":"SearchAction","target":{"@type":"EntryPoint","urlTemplate":"https:\/\/www.canarie.ca\/?s={search_term_string}"},"query-input":{"@type":"PropertyValueSpecification","valueRequired":true,"valueName":"search_term_string"}}],"inLanguage":"fr-FR"}]}},"_links":{"self":[{"href":"https:\/\/www.canarie.ca\/fr\/wp-json\/wp\/v2\/pages\/19713","targetHints":{"allow":["GET"]}}],"collection":[{"href":"https:\/\/www.canarie.ca\/fr\/wp-json\/wp\/v2\/pages"}],"about":[{"href":"https:\/\/www.canarie.ca\/fr\/wp-json\/wp\/v2\/types\/page"}],"author":[{"embeddable":true,"href":"https:\/\/www.canarie.ca\/fr\/wp-json\/wp\/v2\/users\/19"}],"replies":[{"embeddable":true,"href":"https:\/\/www.canarie.ca\/fr\/wp-json\/wp\/v2\/comments?post=19713"}],"version-history":[{"count":0,"href":"https:\/\/www.canarie.ca\/fr\/wp-json\/wp\/v2\/pages\/19713\/revisions"}],"up":[{"embeddable":true,"href":"https:\/\/www.canarie.ca\/fr\/wp-json\/wp\/v2\/pages\/10650"}],"wp:featuredmedia":[{"embeddable":true,"href":"https:\/\/www.canarie.ca\/fr\/wp-json\/wp\/v2\/media\/19192"}],"wp:attachment":[{"href":"https:\/\/www.canarie.ca\/fr\/wp-json\/wp\/v2\/media?parent=19713"}],"curies":[{"name":"wp","href":"https:\/\/api.w.org\/{rel}","templated":true}]}}