{"id":21640,"date":"2021-03-19T14:25:24","date_gmt":"2021-03-19T18:25:24","guid":{"rendered":"https:\/\/canarie.machinedev.ca\/logiciels\/crsc\/crsc-2019-highlights\/"},"modified":"2021-03-19T15:26:22","modified_gmt":"2021-03-19T19:26:22","slug":"points-saillantsdu-cclr-2019","status":"publish","type":"page","link":"https:\/\/www.canarie.ca\/fr\/logiciels\/crsc\/points-saillantsdu-cclr-2019\/","title":{"rendered":"Points saillantsdu CCLR 2019"},"content":{"rendered":"\n<div style=\"height:50px\" aria-hidden=\"true\" class=\"wp-block-spacer\"><\/div>\n\n\n\n<h1 class=\"alignwide has-text-align-center wp-block-heading\">Points saillantsdu CCLR 2019<\/h1>\n\n\n\n<section class=\"section section--text-columns no-background\">\n    <div class=\"grid-container\">\n      <div class=\"grid-x grid-padding-x\">\n        <div class=\"cell\">\n          <div style=\"text-align: center;\">\n            <div class=\"large highlighted-text hand-text-center\">\n              <p>CANARIE remercie ses partenaires pour leur pr\u00e9cieux soutien ainsi que les conf\u00e9renciers et les participants sans qui le CCLR 2019 n\u2019aurait pas \u00e9t\u00e9 un tel succ\u00e8s. Nous attendons impatiemment de vous revoir \u00e0 la mouture 2021 du Colloque. Inscrivez-vous \u00e0 notre liste de diffusion pour recevoir les derni\u00e8res nouvelles et rester au courant de la situation.<\/p>\n            <\/div>\n            <\/div>\n    \t\t\t<\/div>\n        <\/div>\n      <\/div>\n    <\/div>\n  <\/section>\n\n\n\n<div class=\"wp-block-image\"><figure class=\"aligncenter size-large\"><img loading=\"lazy\" decoding=\"async\" width=\"1024\" height=\"341\" src=\"https:\/\/www.canarie.ca\/wp-content\/uploads\/2021\/03\/CRSC-2019-highlights_fr-1024x341.png\" alt=\"\" class=\"wp-image-21647\" srcset=\"https:\/\/www.canarie.ca\/wp-content\/uploads\/2021\/03\/CRSC-2019-highlights_fr-1024x341.png 1024w, https:\/\/www.canarie.ca\/wp-content\/uploads\/2021\/03\/CRSC-2019-highlights_fr-300x100.png 300w, https:\/\/www.canarie.ca\/wp-content\/uploads\/2021\/03\/CRSC-2019-highlights_fr-768x256.png 768w, https:\/\/www.canarie.ca\/wp-content\/uploads\/2021\/03\/CRSC-2019-highlights_fr-1536x512.png 1536w, https:\/\/www.canarie.ca\/wp-content\/uploads\/2021\/03\/CRSC-2019-highlights_fr.png 1800w\" sizes=\"auto, (max-width: 1024px) 100vw, 1024px\" \/><\/figure><\/div>\n\n\n\n<div style=\"height:50px\" aria-hidden=\"true\" class=\"wp-block-spacer\"><\/div>\n\n\n\n<h2 class=\"has-text-align-center wp-block-heading\">Ce que les participants pensent du CCLR\u00a02019<\/h2>\n\n\n\n<blockquote class=\"wp-block-quote small is-layout-flow wp-block-quote-is-layout-flow\"><p><em><em>Les discours \u00e9taient tous aussi instructifs qu\u2019inspirants. Ils ont vraiment expos\u00e9 le r\u00f4le capital des logiciels et de l\u2019informatique dans le milieu de la recherche contemporain.<\/em><\/em><\/p><\/blockquote>\n\n\n\n<blockquote class=\"wp-block-quote small is-layout-flow wp-block-quote-is-layout-flow\"><p><em><em>Les discours liminaires m\u2019ont extr\u00eamement int\u00e9ress\u00e9. L\u2019un d\u2019entre eux a m\u00eame ouvert la porte \u00e0 une \u00e9ventuelle collaboration dans nos deux domaines de recherche.<\/em><\/em><\/p><\/blockquote>\n\n\n\n<blockquote class=\"wp-block-quote small is-layout-flow wp-block-quote-is-layout-flow\"><p><em><em>Sujets tr\u00e8s int\u00e9ressants et fort bien abord\u00e9s. Amplement de temps pour poser des questions!<\/em><\/em><\/p><\/blockquote>\n\n\n\n<blockquote class=\"wp-block-quote small is-layout-flow wp-block-quote-is-layout-flow\"><p><em><em>Excellentes pr\u00e9sentations et atmosph\u00e8re chaleureuse<\/em><\/em><\/p><\/blockquote>\n\n\n\n<blockquote class=\"wp-block-quote small is-layout-flow wp-block-quote-is-layout-flow\"><p><em><em>Il est int\u00e9ressant de voir combien de projets et de travaux suscitent les logiciels!<\/em><\/em><\/p><\/blockquote>\n\n\n\n<blockquote class=\"wp-block-quote small is-layout-flow wp-block-quote-is-layout-flow\"><p><em><em>Formidable occasion pour nouer des relations et apprendre<\/em><\/em><\/p><\/blockquote>\n\n\n\n<blockquote class=\"wp-block-quote small is-layout-flow wp-block-quote-is-layout-flow\"><p><em><em>Le colloque donne l\u2019impression que nous sommes nombreux \u00e0 \u00e9prouver des difficult\u00e9s similaires, ce qui s\u2019av\u00e8re d\u2019une grande utilit\u00e9.<\/em><\/em><\/p><\/blockquote>\n\n\n\n<div style=\"height:50px\" aria-hidden=\"true\" class=\"wp-block-spacer\"><\/div>\n\n\n\n<h2 class=\"wp-block-heading\">T\u00e9l\u00e9chargez les pr\u00e9sentations (en anglais, sauf indication contraire)<\/h2>\n\n\n\n<section class=\"section section--text-columns no-background\">\n    <div class=\"grid-container\">\n      <div class=\"grid-x grid-padding-x\">\n        <div class=\"cell\">\n                  \t<h3>Discours liminaires<\/h3>\n                    <ul>\n<li><a href=\"https:\/\/www.canarie.ca\/wp-content\/uploads\/2021\/03\/1-Castro.pdf\" target=\"_blank\" rel=\"noopener noreferrer\"><strong>L\u2019apprentissage par renforcement profond en recherche<\/strong><\/a><br \/>\nPablo Castro (Ph.\u00a0D.), d\u00e9veloppeur de logiciels scientifiques | Google AI<\/li>\n<li><a href=\"https:\/\/www.slideshare.net\/murphygc\/making-effective-useful-software-development-tools\" target=\"_blank\" rel=\"noopener noreferrer\"><strong>Cr\u00e9er des outils efficaces et utiles pour \u00e9laborer des logiciels<\/strong><\/a><strong><br \/>\n<\/strong>Gail Murphy (Ph.\u00a0D.), professeure (informatique) et vice-pr\u00e9sidente de la recherche et de l\u2019innovation | Universit\u00e9 de la Colombie-Britannique<\/li>\n<li><a href=\"https:\/\/www.canarie.ca\/wp-content\/uploads\/2021\/03\/23-Kelly.pdf\" target=\"_blank\" rel=\"noopener noreferrer\"><strong>Pourquoi est-il si difficile de b\u00e2tir des logiciels robustes et fiables en robotique?<\/strong><\/a><strong><br \/>\n<\/strong>Jonathan Kelly (Ph. D.), directeur, Space and Terrestrial Autonomous Robotic Systems (STARS) Laboratory, et professeur, Institute for Aerospace Studies (UTIAS) | Universit\u00e9 de Toronto<\/li>\n<\/ul>\n                  <\/div>\n      <\/div>\n    <\/div>\n  <\/section>\n\n\n<section class=\"section section--text-columns no-background\">\n    <div class=\"grid-container\">\n      <div class=\"grid-x grid-padding-x\">\n        <div class=\"cell\">\n                  \t<h3>Courtes pr\u00e9sentations<\/h3>\n                    <ul>\n<li><strong><a href=\"https:\/\/www.canarie.ca\/wp-content\/uploads\/2021\/03\/2-Sonnadara.pdf\" target=\"_blank\" rel=\"noopener noreferrer\">Mise en place d\u2019une \u00e9quipe de d\u00e9veloppement de logiciels scientifiques \u00e0 l\u2019Universit\u00e9 McMaster : quelques le\u00e7ons \u00e0 retenir<\/a><br \/>\n<\/strong>Ranil Sonnadara, professeur agr\u00e9g\u00e9 et conseiller sp\u00e9cial aupr\u00e8s du vice-pr\u00e9sident de la recherche | Universit\u00e9 McMaster<\/li>\n<li><a href=\"https:\/\/www.canarie.ca\/wp-content\/uploads\/2021\/03\/3-Huard.pdf\" target=\"_blank\" rel=\"noopener noreferrer\"><strong>Dans le monde scientifique, les unit\u00e9s de traitement graphique (GUI) sont des articles de luxe<\/strong><\/a><br \/>\nDavid Huard, sp\u00e9cialiste, sc\u00e9narios et services climatiques | Ouranos<\/li>\n<li><a href=\"https:\/\/www.canarie.ca\/wp-content\/uploads\/2021\/03\/4-Zakharov.pdf\" target=\"_blank\" rel=\"noopener noreferrer\"><strong>De Docker \u00e0 Swarm\u00a0: mythes et r\u00e9alit\u00e9s du d\u00e9ploiement d\u2019un environnement complexe pour les logiciels de recherche<\/strong><\/a><strong><br \/>\n<\/strong>Anton Zakharov, d\u00e9veloppeur de logiciels scientifiques | CRIM<\/li>\n<li><a href=\"https:\/\/www.canarie.ca\/wp-content\/uploads\/2021\/03\/5-Bell.pdf\" target=\"_blank\" rel=\"noopener noreferrer\"><strong>L\u2019exploitation des bases de donn\u00e9es en g\u00e9nomique fonctionnelle \u00e0 haut d\u00e9bit<\/strong><\/a><strong><br \/>\n<\/strong>Emma Bell (Ph.\u00a0D.), Princess Margaret Cancer Centre | UHN<\/li>\n<li><a href=\"https:\/\/www.canarie.ca\/wp-content\/uploads\/2021\/03\/6-Taschuk.pdf\" target=\"_blank\" rel=\"noopener noreferrer\"><strong>Saisir des donn\u00e9es\u00a0: la croix et la banni\u00e8re<\/strong><\/a><strong><br \/>\n<\/strong>Morgan Taschuk, gestionnaire principal | Ontario Institute for Cancer Research<\/li>\n<li><strong><a href=\"https:\/\/www.canarie.ca\/wp-content\/uploads\/2021\/03\/7-Corrie.pdf\" target=\"_blank\" rel=\"noopener noreferrer\">iReceptorPlus \u2013 du projet modeste au logiciel de recherche international \u2013 2<sup>e<\/sup>\u00a0partie<\/a><br \/>\n<\/strong>Brian Corrie, directeur technique, iReceptor | Universit\u00e9 Simon Fraser<\/li>\n<li><a href=\"https:\/\/www.canarie.ca\/wp-content\/uploads\/2021\/03\/21-Koning.pdf\" target=\"_blank\" rel=\"noopener noreferrer\"><strong>Pratiques exemplaires en d\u00e9veloppement de logiciels<\/strong><\/a><strong><br \/>\n<\/strong>Henriette Koning, directrice IT PMO | Stemcell Technologies Inc.<\/li>\n<li><a href=\"https:\/\/www.canarie.ca\/wp-content\/uploads\/2021\/03\/24-Dooley.pdf\" target=\"_blank\" rel=\"noopener noreferrer\"><strong>Normalisation du partage de donn\u00e9es au moyen des ontologies<\/strong><\/a><strong><br \/>\n<\/strong>Damion Dooley, programmeur scientifique | Universit\u00e9 de la Colombie-Britannique<\/li>\n<li><a href=\"https:\/\/www.canarie.ca\/wp-content\/uploads\/2021\/03\/25-Dante.pdf\" target=\"_blank\" rel=\"noopener noreferrer\"><strong>Geodisy\u00a0: \u00e9laboration d\u2019une couche \u00ab\u00a0d\u00e9couverte\u00a0\u00bb pour les donn\u00e9es en sciences g\u00e9ospatiales au Canada<\/strong><\/a><strong><br \/>\n<\/strong>Paul Dante, ing\u00e9nieur en logiciels | Universit\u00e9 de la Colombie-Britannique<br \/>\nMark Goodwin, coordonnateur en m\u00e9tadonn\u00e9es | Universit\u00e9 de la Colombie-Britannique<\/li>\n<li><strong><a href=\"https:\/\/www.canarie.ca\/wp-content\/uploads\/2021\/03\/26-Demaine.pdf\" target=\"_blank\" rel=\"noopener noreferrer\">ORCID-CA et l\u2019infrastructure de la science ouverte au Canada<\/a><br \/>\n<\/strong>Jeffrey Demaine, gestionnaire du groupe ORCID-CA | R\u00e9seau canadien de la documentation pour la recherche<\/li>\n<li><a href=\"https:\/\/www.canarie.ca\/wp-content\/uploads\/2021\/03\/27-Trann.pdf\" target=\"_blank\" rel=\"noopener noreferrer\"><strong>Radiam\u00a0: aider les chercheurs \u00e0 garder la trace de leurs donn\u00e9es<\/strong><\/a><br \/>\nTodd Trann, d\u00e9veloppeur principal de logiciels | Universit\u00e9 de la Saskatchewan<\/li>\n<li><a href=\"https:\/\/www.canarie.ca\/wp-content\/uploads\/2021\/03\/28-Gostick.pdf\" target=\"_blank\" rel=\"noopener noreferrer\"><strong>Analyse des dispositifs \u00e9lectrochimiques \u00e0 l\u2019\u00e9chelle du pore<\/strong><\/a><strong><br \/>\n<\/strong>Jeff Gostick, professeur | Universit\u00e9 de Waterloo<\/li>\n<\/ul>\n                  <\/div>\n      <\/div>\n    <\/div>\n  <\/section>\n\n\n<section class=\"section section--text-columns no-background\">\n    <div class=\"grid-container\">\n      <div class=\"grid-x grid-padding-x\">\n        <div class=\"cell\">\n                  \t<h3>Expos\u00e9s \u00e9clair<\/h3>\n                    <ul>\n<li><a href=\"https:\/\/www.canarie.ca\/wp-content\/uploads\/2021\/03\/8-Long.pdf\" target=\"_blank\" rel=\"noopener noreferrer\"><strong>Lo module d\u2019extension Jenkins Configuration en tant que code<\/strong><\/a><br \/>\nLong Vu, d\u00e9veloppeur de logiciels | Ouranos<\/li>\n<li><a href=\"https:\/\/www.canarie.ca\/wp-content\/uploads\/2021\/03\/9-Barrowman.pdf\" target=\"_blank\" rel=\"noopener noreferrer\"><strong>vtree\u00a0: un logiciel en langage R pour calculer et tracer les arborescences de variables<\/strong><\/a><strong><br \/>\n<\/strong>Nick Barrowman, statisticien | Children\u2019s Hospital of Eastern Ontario Research Institute<\/li>\n<li><a href=\"https:\/\/www.canarie.ca\/wp-content\/uploads\/2021\/03\/10-Bouayad-Gervais.pdf\" target=\"_blank\" rel=\"noopener noreferrer\"><strong>Passer d\u2019Unetelle \u00e0 Untel<\/strong><\/a><strong><br \/>\n<\/strong>Karim Bouayad-Gervais (Ph.\u00a0D.)| Pillar Science<\/li>\n<li><a href=\"https:\/\/www.canarie.ca\/wp-content\/uploads\/2021\/03\/11-Fornika.pdf\" target=\"_blank\" rel=\"noopener noreferrer\"><strong>IRIDA\u00a0: une plateforme d\u2019analyse rapide int\u00e9gr\u00e9e pour les maladies infectieuses<\/strong><\/a><strong><br \/>\n<\/strong>Dan Fornika, sp\u00e9cialiste en g\u00e9nomique | BC Centre for Disease Control Public Health Lab<\/li>\n<li><a href=\"https:\/\/www.canarie.ca\/wp-content\/uploads\/2021\/03\/12-Franz.pdf\" target=\"_blank\" rel=\"noopener noreferrer\"><strong>Logiciels pour visualiser et analyser les r\u00e9seaux<\/strong><\/a><strong><br \/>\n<\/strong>Max Franz, ing\u00e9nieur en logiciels principal | Universit\u00e9 de Toronto<\/li>\n<li><a href=\"https:\/\/www.canarie.ca\/wp-content\/uploads\/2021\/03\/13-Lazerte.pdf\" target=\"_blank\" rel=\"noopener noreferrer\"><strong>naturecounts\u00a0: un nouveau logiciel en langage R permettant d\u2019acc\u00e9der aux donn\u00e9es normalis\u00e9es sur les populations d\u2019oiseaux<\/strong><\/a><strong><br \/>\n<\/strong>Stefanie LaZerte (Ph.\u00a0D.) | \u00c9tudes d\u2019oiseaux Canada<\/li>\n<li><a href=\"https:\/\/www.canarie.ca\/wp-content\/uploads\/2021\/03\/14-Dotov.pdf\" target=\"_blank\" rel=\"noopener noreferrer\"><strong>Les paradigmes exp\u00e9rimentaux dans la science du mouvement humain\u00a0: contr\u00f4le d\u2019une dynamique complexe par sonification et visualisation<\/strong><\/a><strong><br \/>\n<\/strong>Dobromir Dotov, Research and High-Performance Computing Services (RHPCS) | Universit\u00e9 McMaster<\/li>\n<li><a href=\"https:\/\/www.canarie.ca\/wp-content\/uploads\/2021\/03\/15-Kovacs.pdf\" target=\"_blank\" rel=\"noopener noreferrer\"><strong>La plateforme BESOS<\/strong><\/a><strong><br \/>\n<\/strong>Paul Kovacs, programmeur analyste | Universit\u00e9 de Victoria<\/li>\n<li><a href=\"https:\/\/www.canarie.ca\/wp-content\/uploads\/2021\/03\/16-Brown-Ilovan.pdf\" target=\"_blank\" rel=\"noopener noreferrer\"><strong>Int\u00e9gration de logiciels \u00e0 Digital Humanities<\/strong><\/a><strong><br \/>\n<\/strong>Susan Brown, professeure\/responsable de projet | Universit\u00e9 de Guelph \u2013 Canadian Writing Research Collaboratory<br \/>\nMihaela Ilovan, gestionnaire de projet | Universit\u00e9 de Guelph \u2013 Canadian Writing Research Collaboratory<\/li>\n<li><a href=\"https:\/\/www.canarie.ca\/wp-content\/uploads\/2021\/03\/17-Boroday-Ali.pdf\" target=\"_blank\" rel=\"noopener noreferrer\"><strong>Int\u00e9gration de pipelines EEG \u00e0 la plateforme CBRAIN gr\u00e2ce au syst\u00e8me de lignes de commande Boutiques<\/strong><\/a><strong><br \/>\n<\/strong>Sergiy Boroday (Ph.\u00a0D.), McGill Centre for Integrative Neuroscience | Universit\u00e9 McGill<br \/>\nOba\u00ef Bin Ka\u2019b Ali (Ph.\u00a0D.)| Universit\u00e9 Concordia<\/li>\n<li><a href=\"https:\/\/www.canarie.ca\/wp-content\/uploads\/2021\/03\/18-Lam.pdf\" target=\"_blank\" rel=\"noopener noreferrer\"><strong>L\u2019augmentation de donn\u00e9e \u2013 tirer le meilleur de l\u2019analyse des jeux volumineux de donn\u00e9es et de l\u2019intelligence artificielle<\/strong><\/a><strong><br \/>\n<\/strong>Dominic Lam, directeur, expansion commerciale et d\u00e9veloppement de solutions | Datadex Inc.<\/li>\n<li><a href=\"https:\/\/www.slideshare.net\/sylvainhalle\/streamlining-the-inclusion-of-computer-experiments-in-research-papers\" target=\"_blank\" rel=\"noopener noreferrer\"><strong>Inclure les exp\u00e9riences en informatique de mani\u00e8re uniforme dans les articles scientifiques<\/strong><\/a><strong><br \/>\n<\/strong>Doug Mulholland, gestionnaire technique | Universit\u00e9 de Waterloo, groupe des syst\u00e8mes informatiques<\/li>\n<\/ul>\n                  <\/div>\n      <\/div>\n    <\/div>\n  <\/section>","protected":false},"excerpt":{"rendered":"<p>Points saillantsdu CCLR 2019 Ce que les participants pensent du CCLR\u00a02019 Les discours \u00e9taient tous aussi instructifs qu\u2019inspirants. Ils ont [&hellip;]<\/p>\n","protected":false},"author":3,"featured_media":0,"parent":3477,"menu_order":0,"comment_status":"closed","ping_status":"closed","template":"","meta":{"_acf_changed":false,"footnotes":""},"class_list":["post-21640","page","type-page","status-publish","hentry"],"acf":[],"yoast_head":"<!-- This site is optimized with the Yoast SEO plugin v27.4 - https:\/\/yoast.com\/product\/yoast-seo-wordpress\/ -->\n<title>Points saillantsdu CCLR 2019 - CANARIE<\/title>\n<meta name=\"robots\" content=\"index, follow, max-snippet:-1, max-image-preview:large, max-video-preview:-1\" \/>\n<link rel=\"canonical\" href=\"https:\/\/www.canarie.ca\/fr\/logiciels\/crsc\/points-saillantsdu-cclr-2019\/\" \/>\n<meta property=\"og:locale\" content=\"fr_FR\" \/>\n<meta property=\"og:type\" content=\"article\" \/>\n<meta property=\"og:title\" content=\"Points saillantsdu CCLR 2019 - CANARIE\" \/>\n<meta property=\"og:description\" content=\"Points saillantsdu CCLR 2019 Ce que les participants pensent du CCLR\u00a02019 Les discours \u00e9taient tous aussi instructifs qu\u2019inspirants. Ils ont [&hellip;]\" \/>\n<meta property=\"og:url\" content=\"https:\/\/www.canarie.ca\/fr\/logiciels\/crsc\/points-saillantsdu-cclr-2019\/\" \/>\n<meta property=\"og:site_name\" content=\"CANARIE\" \/>\n<meta property=\"article:modified_time\" content=\"2021-03-19T19:26:22+00:00\" \/>\n<meta property=\"og:image\" content=\"https:\/\/www.canarie.ca\/wp-content\/uploads\/2021\/03\/CRSC-2019-highlights_fr-1024x341.png\" \/>\n<meta name=\"twitter:card\" content=\"summary_large_image\" \/>\n<script type=\"application\/ld+json\" class=\"yoast-schema-graph\">{\"@context\":\"https:\\\/\\\/schema.org\",\"@graph\":[{\"@type\":\"WebPage\",\"@id\":\"https:\\\/\\\/www.canarie.ca\\\/fr\\\/logiciels\\\/crsc\\\/points-saillantsdu-cclr-2019\\\/\",\"url\":\"https:\\\/\\\/www.canarie.ca\\\/fr\\\/logiciels\\\/crsc\\\/points-saillantsdu-cclr-2019\\\/\",\"name\":\"Points saillantsdu CCLR 2019 - CANARIE\",\"isPartOf\":{\"@id\":\"https:\\\/\\\/www.canarie.ca\\\/#website\"},\"primaryImageOfPage\":{\"@id\":\"https:\\\/\\\/www.canarie.ca\\\/fr\\\/logiciels\\\/crsc\\\/points-saillantsdu-cclr-2019\\\/#primaryimage\"},\"image\":{\"@id\":\"https:\\\/\\\/www.canarie.ca\\\/fr\\\/logiciels\\\/crsc\\\/points-saillantsdu-cclr-2019\\\/#primaryimage\"},\"thumbnailUrl\":\"https:\\\/\\\/www.canarie.ca\\\/wp-content\\\/uploads\\\/2021\\\/03\\\/CRSC-2019-highlights_fr-1024x341.png\",\"datePublished\":\"2021-03-19T18:25:24+00:00\",\"dateModified\":\"2021-03-19T19:26:22+00:00\",\"breadcrumb\":{\"@id\":\"https:\\\/\\\/www.canarie.ca\\\/fr\\\/logiciels\\\/crsc\\\/points-saillantsdu-cclr-2019\\\/#breadcrumb\"},\"inLanguage\":\"fr-FR\",\"potentialAction\":[{\"@type\":\"ReadAction\",\"target\":[\"https:\\\/\\\/www.canarie.ca\\\/fr\\\/logiciels\\\/crsc\\\/points-saillantsdu-cclr-2019\\\/\"]}]},{\"@type\":\"ImageObject\",\"inLanguage\":\"fr-FR\",\"@id\":\"https:\\\/\\\/www.canarie.ca\\\/fr\\\/logiciels\\\/crsc\\\/points-saillantsdu-cclr-2019\\\/#primaryimage\",\"url\":\"https:\\\/\\\/www.canarie.ca\\\/wp-content\\\/uploads\\\/2021\\\/03\\\/CRSC-2019-highlights_fr-1024x341.png\",\"contentUrl\":\"https:\\\/\\\/www.canarie.ca\\\/wp-content\\\/uploads\\\/2021\\\/03\\\/CRSC-2019-highlights_fr-1024x341.png\"},{\"@type\":\"BreadcrumbList\",\"@id\":\"https:\\\/\\\/www.canarie.ca\\\/fr\\\/logiciels\\\/crsc\\\/points-saillantsdu-cclr-2019\\\/#breadcrumb\",\"itemListElement\":[{\"@type\":\"ListItem\",\"position\":1,\"name\":\"Accueil\",\"item\":\"https:\\\/\\\/www.canarie.ca\\\/fr\\\/\"},{\"@type\":\"ListItem\",\"position\":2,\"name\":\"Logiciels de recherche\",\"item\":\"https:\\\/\\\/www.canarie.ca\\\/fr\\\/logiciels\\\/\"},{\"@type\":\"ListItem\",\"position\":3,\"name\":\"Colloque canadien sur les logiciels de recherche\",\"item\":\"https:\\\/\\\/www.canarie.ca\\\/fr\\\/logiciels\\\/crsc\\\/\"},{\"@type\":\"ListItem\",\"position\":4,\"name\":\"Points saillantsdu CCLR 2019\"}]},{\"@type\":\"WebSite\",\"@id\":\"https:\\\/\\\/www.canarie.ca\\\/#website\",\"url\":\"https:\\\/\\\/www.canarie.ca\\\/\",\"name\":\"CANARIE\",\"description\":\"\",\"potentialAction\":[{\"@type\":\"SearchAction\",\"target\":{\"@type\":\"EntryPoint\",\"urlTemplate\":\"https:\\\/\\\/www.canarie.ca\\\/?s={search_term_string}\"},\"query-input\":{\"@type\":\"PropertyValueSpecification\",\"valueRequired\":true,\"valueName\":\"search_term_string\"}}],\"inLanguage\":\"fr-FR\"}]}<\/script>\n<!-- \/ Yoast SEO plugin. -->","yoast_head_json":{"title":"Points saillantsdu CCLR 2019 - CANARIE","robots":{"index":"index","follow":"follow","max-snippet":"max-snippet:-1","max-image-preview":"max-image-preview:large","max-video-preview":"max-video-preview:-1"},"canonical":"https:\/\/www.canarie.ca\/fr\/logiciels\/crsc\/points-saillantsdu-cclr-2019\/","og_locale":"fr_FR","og_type":"article","og_title":"Points saillantsdu CCLR 2019 - CANARIE","og_description":"Points saillantsdu CCLR 2019 Ce que les participants pensent du CCLR\u00a02019 Les discours \u00e9taient tous aussi instructifs qu\u2019inspirants. Ils ont [&hellip;]","og_url":"https:\/\/www.canarie.ca\/fr\/logiciels\/crsc\/points-saillantsdu-cclr-2019\/","og_site_name":"CANARIE","article_modified_time":"2021-03-19T19:26:22+00:00","og_image":[{"url":"https:\/\/www.canarie.ca\/wp-content\/uploads\/2021\/03\/CRSC-2019-highlights_fr-1024x341.png","type":"","width":"","height":""}],"twitter_card":"summary_large_image","schema":{"@context":"https:\/\/schema.org","@graph":[{"@type":"WebPage","@id":"https:\/\/www.canarie.ca\/fr\/logiciels\/crsc\/points-saillantsdu-cclr-2019\/","url":"https:\/\/www.canarie.ca\/fr\/logiciels\/crsc\/points-saillantsdu-cclr-2019\/","name":"Points saillantsdu CCLR 2019 - CANARIE","isPartOf":{"@id":"https:\/\/www.canarie.ca\/#website"},"primaryImageOfPage":{"@id":"https:\/\/www.canarie.ca\/fr\/logiciels\/crsc\/points-saillantsdu-cclr-2019\/#primaryimage"},"image":{"@id":"https:\/\/www.canarie.ca\/fr\/logiciels\/crsc\/points-saillantsdu-cclr-2019\/#primaryimage"},"thumbnailUrl":"https:\/\/www.canarie.ca\/wp-content\/uploads\/2021\/03\/CRSC-2019-highlights_fr-1024x341.png","datePublished":"2021-03-19T18:25:24+00:00","dateModified":"2021-03-19T19:26:22+00:00","breadcrumb":{"@id":"https:\/\/www.canarie.ca\/fr\/logiciels\/crsc\/points-saillantsdu-cclr-2019\/#breadcrumb"},"inLanguage":"fr-FR","potentialAction":[{"@type":"ReadAction","target":["https:\/\/www.canarie.ca\/fr\/logiciels\/crsc\/points-saillantsdu-cclr-2019\/"]}]},{"@type":"ImageObject","inLanguage":"fr-FR","@id":"https:\/\/www.canarie.ca\/fr\/logiciels\/crsc\/points-saillantsdu-cclr-2019\/#primaryimage","url":"https:\/\/www.canarie.ca\/wp-content\/uploads\/2021\/03\/CRSC-2019-highlights_fr-1024x341.png","contentUrl":"https:\/\/www.canarie.ca\/wp-content\/uploads\/2021\/03\/CRSC-2019-highlights_fr-1024x341.png"},{"@type":"BreadcrumbList","@id":"https:\/\/www.canarie.ca\/fr\/logiciels\/crsc\/points-saillantsdu-cclr-2019\/#breadcrumb","itemListElement":[{"@type":"ListItem","position":1,"name":"Accueil","item":"https:\/\/www.canarie.ca\/fr\/"},{"@type":"ListItem","position":2,"name":"Logiciels de recherche","item":"https:\/\/www.canarie.ca\/fr\/logiciels\/"},{"@type":"ListItem","position":3,"name":"Colloque canadien sur les logiciels de recherche","item":"https:\/\/www.canarie.ca\/fr\/logiciels\/crsc\/"},{"@type":"ListItem","position":4,"name":"Points saillantsdu CCLR 2019"}]},{"@type":"WebSite","@id":"https:\/\/www.canarie.ca\/#website","url":"https:\/\/www.canarie.ca\/","name":"CANARIE","description":"","potentialAction":[{"@type":"SearchAction","target":{"@type":"EntryPoint","urlTemplate":"https:\/\/www.canarie.ca\/?s={search_term_string}"},"query-input":{"@type":"PropertyValueSpecification","valueRequired":true,"valueName":"search_term_string"}}],"inLanguage":"fr-FR"}]}},"_links":{"self":[{"href":"https:\/\/www.canarie.ca\/fr\/wp-json\/wp\/v2\/pages\/21640","targetHints":{"allow":["GET"]}}],"collection":[{"href":"https:\/\/www.canarie.ca\/fr\/wp-json\/wp\/v2\/pages"}],"about":[{"href":"https:\/\/www.canarie.ca\/fr\/wp-json\/wp\/v2\/types\/page"}],"author":[{"embeddable":true,"href":"https:\/\/www.canarie.ca\/fr\/wp-json\/wp\/v2\/users\/3"}],"replies":[{"embeddable":true,"href":"https:\/\/www.canarie.ca\/fr\/wp-json\/wp\/v2\/comments?post=21640"}],"version-history":[{"count":0,"href":"https:\/\/www.canarie.ca\/fr\/wp-json\/wp\/v2\/pages\/21640\/revisions"}],"up":[{"embeddable":true,"href":"https:\/\/www.canarie.ca\/fr\/wp-json\/wp\/v2\/pages\/3477"}],"wp:attachment":[{"href":"https:\/\/www.canarie.ca\/fr\/wp-json\/wp\/v2\/media?parent=21640"}],"curies":[{"name":"wp","href":"https:\/\/api.w.org\/{rel}","templated":true}]}}