{"id":24543,"date":"2021-04-08T15:00:05","date_gmt":"2021-04-08T19:00:05","guid":{"rendered":"https:\/\/canarie.machinedev.ca\/?page_id=24543"},"modified":"2021-04-08T15:00:07","modified_gmt":"2021-04-08T19:00:07","slug":"documentation-et-guides","status":"publish","type":"page","link":"https:\/\/www.canarie.ca\/fr\/logiciels\/soutien\/documentation-et-guides\/","title":{"rendered":"Documentation et guides"},"content":{"rendered":"\n<h1 class=\"has-text-align-center wp-block-heading\">Documentation et guides<\/h1>\n\n\n\n<div style=\"height:50px\" aria-hidden=\"true\" class=\"wp-block-spacer\"><\/div>\n\n\n\n<h2 class=\"wp-block-heading\">Guides technique<\/h2>\n\n\n\n<section class=\"section section--text-columns no-background\">\n    <div class=\"grid-container\">\n      <div class=\"grid-x grid-padding-x\">\n        <div class=\"cell\">\n                  \t<h3>Document d\u2019information sur les plateformes de recherche du Registre et du Syst\u00e8me de surveillance de CANARIE<\/h3>\n                    <p>Dans le cadre d\u2019une strat\u00e9gie \u00e0 long terme visant \u00e0 favoriser la r\u00e9utilisation des plateformes de recherche, CANARIE demande que les plateformes \u00e9labor\u00e9es gr\u00e2ce \u00e0 son programme Logiciels de recherche soutiennent son registre et son service de surveillance des plateformes.<\/p>\n                    <div class=\"button-group\">\n              \t\t\t\t  \t<a class=\"button-border-blue\" href=\"https:\/\/www.canarie.ca\/fr\/document\/document-dinformation-sur-les-plateformes-de-recherche-du-registre-et-du-systeme-de-surveillance-de-canarie\/\" target=\"_self\"><\/a>\n    \t\t\t    \t\t\t    \t\t\t<\/div>\n    \t\t\t        <\/div>\n      <\/div>\n    <\/div>\n  <\/section>\n\n\n<section class=\"section section--text-columns no-background\">\n    <div class=\"grid-container\">\n      <div class=\"grid-x grid-padding-x\">\n        <div class=\"cell\">\n                  \t<h3>Document d\u2019information sur les plateformes de recherche du Registre et du Syst\u00e8me de surveillance de CANARIE<\/h3>\n                    <p>Dans le cadre d\u2019une strat\u00e9gie \u00e0 long terme visant \u00e0 favoriser la r\u00e9utilisation des services logiciels de recherche, CANARIE demande que les services \u00e9labor\u00e9s gr\u00e2ce \u00e0 son programme Logiciels de recherche soutiennent le registre et le service de surveillance situ\u00e9 sur <a href=\"https:\/\/science.canarie.ca\" target=\"_blank\" rel=\"noopener\">https:\/\/science.canarie.ca<\/a>.<\/p>\n                    <div class=\"button-group\">\n              \t\t\t\t  \t<a class=\"button-border-blue\" href=\"https:\/\/www.canarie.ca\/fr\/document\/logiciels-de-recherche-document-dinformation-sur-les-services-de-recherche-du-registre-et-du-systeme-de-surveillance-de-canarie\/\" target=\"_self\"><\/a>\n    \t\t\t    \t\t\t    \t\t\t<\/div>\n    \t\t\t        <\/div>\n      <\/div>\n    <\/div>\n  <\/section>","protected":false},"excerpt":{"rendered":"<p>Documentation et guides Guides technique<\/p>\n","protected":false},"author":19,"featured_media":0,"parent":13906,"menu_order":0,"comment_status":"closed","ping_status":"closed","template":"","meta":{"_acf_changed":false,"footnotes":""},"class_list":["post-24543","page","type-page","status-publish","hentry"],"acf":[],"yoast_head":"<!-- This site is optimized with the Yoast SEO plugin v27.4 - https:\/\/yoast.com\/product\/yoast-seo-wordpress\/ -->\n<title>Documentation et guides - CANARIE<\/title>\n<meta name=\"robots\" content=\"index, follow, max-snippet:-1, max-image-preview:large, max-video-preview:-1\" \/>\n<link rel=\"canonical\" href=\"https:\/\/www.canarie.ca\/fr\/logiciels\/soutien\/documentation-et-guides\/\" \/>\n<meta property=\"og:locale\" content=\"fr_FR\" \/>\n<meta property=\"og:type\" content=\"article\" \/>\n<meta property=\"og:title\" content=\"Documentation et guides - CANARIE\" \/>\n<meta property=\"og:description\" content=\"Documentation et guides Guides technique\" \/>\n<meta property=\"og:url\" content=\"https:\/\/www.canarie.ca\/fr\/logiciels\/soutien\/documentation-et-guides\/\" \/>\n<meta property=\"og:site_name\" content=\"CANARIE\" \/>\n<meta property=\"article:modified_time\" content=\"2021-04-08T19:00:07+00:00\" \/>\n<meta name=\"twitter:card\" content=\"summary_large_image\" \/>\n<script type=\"application\/ld+json\" class=\"yoast-schema-graph\">{\"@context\":\"https:\\\/\\\/schema.org\",\"@graph\":[{\"@type\":\"WebPage\",\"@id\":\"https:\\\/\\\/www.canarie.ca\\\/fr\\\/logiciels\\\/soutien\\\/documentation-et-guides\\\/\",\"url\":\"https:\\\/\\\/www.canarie.ca\\\/fr\\\/logiciels\\\/soutien\\\/documentation-et-guides\\\/\",\"name\":\"Documentation et guides - CANARIE\",\"isPartOf\":{\"@id\":\"https:\\\/\\\/www.canarie.ca\\\/#website\"},\"datePublished\":\"2021-04-08T19:00:05+00:00\",\"dateModified\":\"2021-04-08T19:00:07+00:00\",\"breadcrumb\":{\"@id\":\"https:\\\/\\\/www.canarie.ca\\\/fr\\\/logiciels\\\/soutien\\\/documentation-et-guides\\\/#breadcrumb\"},\"inLanguage\":\"fr-FR\",\"potentialAction\":[{\"@type\":\"ReadAction\",\"target\":[\"https:\\\/\\\/www.canarie.ca\\\/fr\\\/logiciels\\\/soutien\\\/documentation-et-guides\\\/\"]}]},{\"@type\":\"BreadcrumbList\",\"@id\":\"https:\\\/\\\/www.canarie.ca\\\/fr\\\/logiciels\\\/soutien\\\/documentation-et-guides\\\/#breadcrumb\",\"itemListElement\":[{\"@type\":\"ListItem\",\"position\":1,\"name\":\"Accueil\",\"item\":\"https:\\\/\\\/www.canarie.ca\\\/fr\\\/\"},{\"@type\":\"ListItem\",\"position\":2,\"name\":\"Logiciels de recherche\",\"item\":\"https:\\\/\\\/www.canarie.ca\\\/fr\\\/logiciels\\\/\"},{\"@type\":\"ListItem\",\"position\":3,\"name\":\"Logiciels de recherche Soutien\",\"item\":\"https:\\\/\\\/www.canarie.ca\\\/fr\\\/logiciels\\\/soutien\\\/\"},{\"@type\":\"ListItem\",\"position\":4,\"name\":\"Documentation et guides\"}]},{\"@type\":\"WebSite\",\"@id\":\"https:\\\/\\\/www.canarie.ca\\\/#website\",\"url\":\"https:\\\/\\\/www.canarie.ca\\\/\",\"name\":\"CANARIE\",\"description\":\"\",\"potentialAction\":[{\"@type\":\"SearchAction\",\"target\":{\"@type\":\"EntryPoint\",\"urlTemplate\":\"https:\\\/\\\/www.canarie.ca\\\/?s={search_term_string}\"},\"query-input\":{\"@type\":\"PropertyValueSpecification\",\"valueRequired\":true,\"valueName\":\"search_term_string\"}}],\"inLanguage\":\"fr-FR\"}]}<\/script>\n<!-- \/ Yoast SEO plugin. -->","yoast_head_json":{"title":"Documentation et guides - CANARIE","robots":{"index":"index","follow":"follow","max-snippet":"max-snippet:-1","max-image-preview":"max-image-preview:large","max-video-preview":"max-video-preview:-1"},"canonical":"https:\/\/www.canarie.ca\/fr\/logiciels\/soutien\/documentation-et-guides\/","og_locale":"fr_FR","og_type":"article","og_title":"Documentation et guides - CANARIE","og_description":"Documentation et guides Guides technique","og_url":"https:\/\/www.canarie.ca\/fr\/logiciels\/soutien\/documentation-et-guides\/","og_site_name":"CANARIE","article_modified_time":"2021-04-08T19:00:07+00:00","twitter_card":"summary_large_image","schema":{"@context":"https:\/\/schema.org","@graph":[{"@type":"WebPage","@id":"https:\/\/www.canarie.ca\/fr\/logiciels\/soutien\/documentation-et-guides\/","url":"https:\/\/www.canarie.ca\/fr\/logiciels\/soutien\/documentation-et-guides\/","name":"Documentation et guides - CANARIE","isPartOf":{"@id":"https:\/\/www.canarie.ca\/#website"},"datePublished":"2021-04-08T19:00:05+00:00","dateModified":"2021-04-08T19:00:07+00:00","breadcrumb":{"@id":"https:\/\/www.canarie.ca\/fr\/logiciels\/soutien\/documentation-et-guides\/#breadcrumb"},"inLanguage":"fr-FR","potentialAction":[{"@type":"ReadAction","target":["https:\/\/www.canarie.ca\/fr\/logiciels\/soutien\/documentation-et-guides\/"]}]},{"@type":"BreadcrumbList","@id":"https:\/\/www.canarie.ca\/fr\/logiciels\/soutien\/documentation-et-guides\/#breadcrumb","itemListElement":[{"@type":"ListItem","position":1,"name":"Accueil","item":"https:\/\/www.canarie.ca\/fr\/"},{"@type":"ListItem","position":2,"name":"Logiciels de recherche","item":"https:\/\/www.canarie.ca\/fr\/logiciels\/"},{"@type":"ListItem","position":3,"name":"Logiciels de recherche Soutien","item":"https:\/\/www.canarie.ca\/fr\/logiciels\/soutien\/"},{"@type":"ListItem","position":4,"name":"Documentation et guides"}]},{"@type":"WebSite","@id":"https:\/\/www.canarie.ca\/#website","url":"https:\/\/www.canarie.ca\/","name":"CANARIE","description":"","potentialAction":[{"@type":"SearchAction","target":{"@type":"EntryPoint","urlTemplate":"https:\/\/www.canarie.ca\/?s={search_term_string}"},"query-input":{"@type":"PropertyValueSpecification","valueRequired":true,"valueName":"search_term_string"}}],"inLanguage":"fr-FR"}]}},"_links":{"self":[{"href":"https:\/\/www.canarie.ca\/fr\/wp-json\/wp\/v2\/pages\/24543","targetHints":{"allow":["GET"]}}],"collection":[{"href":"https:\/\/www.canarie.ca\/fr\/wp-json\/wp\/v2\/pages"}],"about":[{"href":"https:\/\/www.canarie.ca\/fr\/wp-json\/wp\/v2\/types\/page"}],"author":[{"embeddable":true,"href":"https:\/\/www.canarie.ca\/fr\/wp-json\/wp\/v2\/users\/19"}],"replies":[{"embeddable":true,"href":"https:\/\/www.canarie.ca\/fr\/wp-json\/wp\/v2\/comments?post=24543"}],"version-history":[{"count":0,"href":"https:\/\/www.canarie.ca\/fr\/wp-json\/wp\/v2\/pages\/24543\/revisions"}],"up":[{"embeddable":true,"href":"https:\/\/www.canarie.ca\/fr\/wp-json\/wp\/v2\/pages\/13906"}],"wp:attachment":[{"href":"https:\/\/www.canarie.ca\/fr\/wp-json\/wp\/v2\/media?parent=24543"}],"curies":[{"name":"wp","href":"https:\/\/api.w.org\/{rel}","templated":true}]}}