{"id":2518,"date":"2021-01-11T11:58:07","date_gmt":"2021-01-11T16:58:07","guid":{"rendered":"https:\/\/canarie.machinedev.ca\/policies\/privacy-policy-2\/"},"modified":"2021-02-18T13:30:24","modified_gmt":"2021-02-18T18:30:24","slug":"politique-de-confidentialite","status":"publish","type":"page","link":"https:\/\/www.canarie.ca\/fr\/a-propos\/politiques\/politique-de-confidentialite\/","title":{"rendered":"Politique de confidentialit\u00e9"},"content":{"rendered":"\n<div style=\"height:48px\" aria-hidden=\"true\" class=\"wp-block-spacer\"><\/div>\n\n\n\n<h1 class=\"has-text-align-center wp-block-heading\">Politique de confidentialit\u00e9<\/h1>\n\n\n\n<div style=\"height:48px\" aria-hidden=\"true\" class=\"wp-block-spacer\"><\/div>\n\n\n\n<section class=\"section section--banner simple-fade light-blue alignfull\">\n  <div class=\"grid-container text-center\">\n  \t\t  \t\t  \t  <div class=\"large\"><p>CANARIE privil\u00e9gie l\u2019ouverture et la transparence dans les communications, notamment par le partage de l\u2019information, dans le respect de la vie priv\u00e9e du ma\u00eetre d\u2019\u0153uvre et de ses partenaires. Bien qu\u2019il ne soit pas assujetti \u00e0 la Loi sur l\u2019acc\u00e8s \u00e0 l\u2019information, \u00e0 la Loi sur la protection des renseignements personnels ni \u00e0 la Loi sur la protection des renseignements personnels et les documents \u00e9lectroniques f\u00e9d\u00e9rales, CANARIE op\u00e8re sans rien cacher tout en adh\u00e9rant aux principes de la libert\u00e9 de l\u2019information et de la protection de la vie priv\u00e9e.<\/p>\n<\/div>\n\t  \t  \t\t  <\/div>\n<\/section>\n\n\n\n<p><\/p>\n\n\n\n<section class=\"section section--text-columns\">\n    <div class=\"grid-container\">\n      \n                      <div class=\"grid-x grid-padding-x\">\n                                                <div class=\"cell\">\n                    <h3>Protection de la vie priv\u00e9e<\/h3>\n                  <\/div>\n                                                      <div class=\"cell\">\n                    <p>Dans le cadre de ses activit\u00e9s de financement, CANARIE recueille des renseignements sur ceux qui lui soumettent des demandes et qui pilotent les projets qu\u2019il subventionne. CANARIE recueille aussi des renseignements sur ceux avec qui il communique durant l\u2019ex\u00e9cution de ses programmes. La pr\u00e9sente politique \u00e9nonce les principes d\u2019acc\u00e8s \u00e0 l\u2019information et de protection de la vie priv\u00e9e adopt\u00e9s par l\u2019organisme et d\u00e9crit comment CANARIE utilise et divulgue de tels renseignements.<\/p>\n                  <\/div>\n                                                      \n                                    \n                                                      <div class=\"cell\">\n                    <h3>Principes<\/h3>\n                  <\/div>\n                                                      <div class=\"cell\">\n                    <p>L\u2019acc\u00e8s \u00e0 l\u2019information et la protection de la vie priv\u00e9e sont gouvern\u00e9s par les principes \u00e9nonc\u00e9s ci-dessous, inspir\u00e9s du Code type sur la protection des renseignements personnels de l\u2019Association canadienne de normalisation, consid\u00e9r\u00e9 comme une norme nationale depuis 1996.<\/p>\n                  <\/div>\n                                                            <div class=\"cell medium-6\">\n                          <ul class=\"arrow-list\">\n<li><strong>Imputabilit\u00e9 :<\/strong>\u00a0CANARIE est responsable des renseignements personnels qu\u2019il d\u00e9tient et a d\u00e9sign\u00e9 son pr\u00e9sident et chef de direction comme agent de protection de la vie priv\u00e9e, dont le r\u00f4le consiste \u00e0 veiller \u00e0 ce que l\u2019organisme se conforme \u00e0 ses principes en la mati\u00e8re.<\/li>\n<li><strong>Identification des motifs :<\/strong>\u00a0Les raisons pour lesquelles CANARIE recueille des renseignements personnels seront identifi\u00e9es au moment o\u00f9 l\u2019information sera recueillie ou avant.<\/li>\n<li><strong>Consentement :<\/strong>\u00a0Avant de recueillir, d\u2019utiliser ou de divulguer des renseignements personnels, CANARIE signalera ses intentions \u00e0 la personne concern\u00e9e et obtiendra son consentement, sauf si la d\u00e9marche est inappropri\u00e9e.<\/li>\n<li><strong>Collecte restreinte :<\/strong>\u00a0Les renseignements personnels recueillis par CANARIE se limiteront \u00e0 ceux indispensables pour les motifs indiqu\u00e9s. Ces renseignements seront glan\u00e9s par des moyens justes et licites.<\/li>\n<li><strong>Usage restreint, divulgation et r\u00e9tention :<\/strong>\u00a0L\u2019information ne pourra \u00eatre utilis\u00e9e ni divulgu\u00e9e \u00e0 d\u2019autres fins que celles pour lesquelles on l\u2019a recueillie, \u00e0 moins que la personne concern\u00e9e ne l\u2019autorise ou que la loi ne l\u2019exige. Les renseignements personnels ne seront conserv\u00e9s que le temps voulu pour les motifs indiqu\u00e9s.<\/li>\n<\/ul>\n                        <\/div>\n                                                <div class=\"cell medium-6\">\n                          <ul class=\"arrow-list\">\n<li><strong>Exactitude :<\/strong>\u00a0Les renseignements personnels seront exacts, complets et actuels, comme le veulent les fins auxquelles ils sont destin\u00e9s.<\/li>\n<li><strong>Sauvegarde :<\/strong>\u00a0Les renseignements personnels seront prot\u00e9g\u00e9s par des mesures appropri\u00e9es \u00e0 la sensibilit\u00e9 de l\u2019information.<\/li>\n<li><strong>Ouverture :<\/strong>\u00a0CANARIE mettra l\u2019information sur ses politiques et ses pratiques relatives \u00e0 la gestion des renseignements personnels facilement \u00e0 la disposition de ceux qui souhaitent en prendre connaissance.<\/li>\n<li><strong>Acc\u00e8s personnel :<\/strong>\u00a0Quiconque le demande sera inform\u00e9 de l\u2019existence, de l\u2019usage et de la divulgation des renseignements le concernant et aura acc\u00e8s \u00e0 ces renseignements. Toute personne pourra demander que les inexactitudes factuelles la concernant soient rectifi\u00e9es.<\/li>\n<li><strong>Contestation de la conformit\u00e9 :<\/strong>\u00a0On pourra contester le respect des principes \u00e9nonc\u00e9s plus haut aupr\u00e8s de l\u2019agent de protection de la vie priv\u00e9e de l\u2019organisme.<\/li>\n<\/ul>\n                        <\/div>\n                                          \n                                    \n                                                      <div class=\"cell\">\n                    <h3>Collecte, utilisation et divulgation des renseignements personnels<\/h3>\n                  <\/div>\n                                                      <div class=\"cell\">\n                    <p>CANARIE demande \u00e0 ceux qui soumettent un projet en vue de son financement de lui fournir des renseignements personnels sur le ma\u00eetre d\u2019\u0153uvre et les participants. Ces renseignements peuvent inclure un curriculum vitae, des coordonn\u00e9es, la liste des \u00e9tablissements d\u2019enseignement auxquels les personnes sont affili\u00e9es, des donn\u00e9es d\u2019ordre budg\u00e9taire et des pr\u00e9cisions sur la r\u00e9mun\u00e9ration, sans toutefois s\u2019y limiter. CANARIE utilisera ces renseignements pour \u00e9tudier la demande de financement.<\/p>\n<p>CANARIE se sert des renseignements personnels recueillis avec les demandes de financement pour examiner ces derni\u00e8res, puis accorder une contribution et en contr\u00f4ler l\u2019usage. Dans le cadre de cet examen, les renseignements personnels fournis avec la demande sont divulgu\u00e9s aux membres du conseil d\u2019administration de l\u2019organisme et du comit\u00e9 directeur. Ces derniers sont mis au courant des obligations de CANARIE quant \u00e0 la protection des renseignements personnels et conviennent de respecter ces obligations.<\/p>\n<p>CANARIE utilise aussi les renseignements personnels fournis avec les demandes de financement \u00e0 des fins de gestion interne, d\u2019administration et d\u2019\u00e9valuation. \u00e0 cet \u00e9gard, il se peut que CANARIE utilise et divulgue des renseignements personnels pour planifier, \u00e9valuer, examiner et v\u00e9rifier ses programmes ainsi que pour produire des statistiques sur ces activit\u00e9s.<\/p>\n<p>CANARIE publie et diffuse couramment certains renseignements fournis avec les demandes de financement retenues. L\u2019information diffus\u00e9e peut inclure des renseignements sur le ma\u00eetre d\u2019\u0153uvre et les chercheurs, notamment leur nom, l\u2019institution et le d\u00e9partement auxquels ils appartiennent et leur domaine de sp\u00e9cialisation.<\/p>\n<p>CANARIE utilise aussi son site Web et son courrier \u00e9lectronique pour recueillir des donn\u00e9es sur les personnes qui aimeraient recevoir ses communiqu\u00e9s de presse et d\u2019autres publications. Ces renseignements sont recueillis uniquement \u00e0 cette fin et ne sont diffus\u00e9s ni utilis\u00e9s pour quelque autre raison que ce soit.<\/p>\n<p>CANARIE utilise Google Analytics, outil web qui glane des donn\u00e9es anonymes (t\u00e9moins) \u00e0 partir du navigateur utilis\u00e9 par les personnes visitant le site de l\u2019organisme. CANARIE ne consulte et ne recueille aucune information susceptible d\u2019aboutir \u00e0 l\u2019identification de l\u2019internaute.<\/p>\n<p>Le logiciel employ\u00e9 indique seulement le temps que l\u2019internaute s\u00e9journe sur le site de l\u2019organisme, comment il y est arriv\u00e9 et les liens du site les plus populaires. Ces donn\u00e9es aident CANARIE \u00e0 am\u00e9liorer la fonctionnalit\u00e9 de son site afin que l\u2019utilisateur en retire l\u2019exp\u00e9rience la plus enrichissante.<\/p>\n                  <\/div>\n                                                      \n                                    \n                                                      <div class=\"cell\">\n                    <h3>Consentement concernant l\u2019usage et la divulgation des renseignements personnels<\/h3>\n                  <\/div>\n                                                      <div class=\"cell\">\n                    <p>Quand il pr\u00e9sente une demande de financement, le ma\u00eetre d\u2019\u0153uvre est tenu de signer un formulaire autorisant l\u2019utilisation et la divulgation de ses renseignements personnels. Il est \u00e9galement tenu d\u2019obtenir ce consentement des participants. Lorsqu\u2019il re\u00e7oit le formulaire d\u00fbment sign\u00e9, CANARIE est r\u00e9put\u00e9 avoir re\u00e7u du ma\u00eetre d\u2019\u0153uvre et des participants leur consentement. Le consentement fourni dans le cadre de l\u2019ex\u00e9cution du programme (demandes de financement, etc.) ne peut \u00eatre retir\u00e9.<\/p>\n                  <\/div>\n                                                      \n                                    \n                                                      <div class=\"cell\">\n                    <h3>Conservation de l\u2019information<\/h3>\n                  <\/div>\n                                                      <div class=\"cell\">\n                    <p>CANARIE gardera l\u2019information recueillie avec les demandes de financement suffisamment longtemps pour lui permettre de r\u00e9aliser les objectifs du programme, notamment sa planification, son \u00e9valuation, son examen et sa v\u00e9rification ainsi que la production de statistiques sur les activit\u00e9s qui s\u2019y rapportent.<\/p>\n                  <\/div>\n                                                      \n                                    \n                                                      <div class=\"cell\">\n                    <h3>Exactitude des renseignements personnels<\/h3>\n                  <\/div>\n                                                      <div class=\"cell\">\n                    <p>CANARIE corrigera les erreurs factuelles sur les renseignements personnels qu\u2019il d\u00e9tient \u00e0 la pr\u00e9sentation de preuves satisfaisantes en ce sens par la personne concern\u00e9e.<\/p>\n                  <\/div>\n                                                      \n                                    \n                                                      <div class=\"cell\">\n                    <h3>Protection de l\u2019information<\/h3>\n                  <\/div>\n                                                      <div class=\"cell\">\n                    <p>CANARIE prendra les mesures appropri\u00e9es pour mettre les renseignements personnels qu\u2019il a recueillis \u00e0 l\u2019abri de la perte, du vol ainsi que d\u2019un acc\u00e8s, d\u2019une divulgation, d\u2019un usage ou d\u2019une modification non autoris\u00e9s. Ces mesures pr\u00e9voient la mise en place de proc\u00e9dures et de syst\u00e8mes de nature physique, organisationnelle et \u00e9lectronique. CANARIE demandera \u00e0 ses employ\u00e9s qu\u2019ils tiennent les renseignements personnels confidentiels et se conforment aux normes relatives \u00e0 la protection de tels renseignements mentionn\u00e9es dans la clause sur la confidentialit\u00e9 de sa Politique de gestion des ressources humaines. CANARIE prendra les dispositions voulues pour s\u2019assurer que les renseignements personnels demeurent confidentiels \u00e0 l\u2019\u00e9limination et \u00e0 la destruction des dossiers.<\/p>\n                  <\/div>\n                                                      \n                                    \n                                                      <div class=\"cell\">\n                    <h3>Acc\u00e8s aux renseignements personnels<\/h3>\n                  <\/div>\n                                                      <div class=\"cell\">\n                    <p>Toute personne sur laquelle CANARIE a recueilli et poss\u00e8de des renseignements peut demander \u00e0 avoir acc\u00e8s \u00e0 cette information. Sur pr\u00e9sentation d\u2019une demande \u00e0 son agent de protection de la vie priv\u00e9e, CANARIE signalera aux concern\u00e9s l\u2019existence, l\u2019usage et la divulgation des renseignements personnels que d\u00e9tient l\u2019organisme. Les demandes d\u2019acc\u00e8s \u00e0 l\u2019information raisonnables ne feront l\u2019objet d\u2019aucuns frais, \u00e0 moins que la personne concern\u00e9e ne r\u00e9clame une copie des dossiers ou ne formule des demandes \u00e0 r\u00e9p\u00e9tition, ou que la demande n\u2019entra\u00eene des co\u00fbts de r\u00e9cup\u00e9ration importants. CANARIE ne r\u00e9pondra pas aux demandes d\u2019acc\u00e8s aux renseignements personnels de nature frivole, vexatoire ou r\u00e9p\u00e9titive.<\/p>\n<p>Dans certaines circonstances, il se pourrait que CANARIE ne puisse donner acc\u00e8s \u00e0 une partie ou \u00e0 la totalit\u00e9 des renseignements que l\u2019organisme d\u00e9tient sur une personne. De telles circonstances pourraient, par exemple, inclure l\u2019impossibilit\u00e9 de s\u00e9parer les renseignements sur la personne concern\u00e9e de ceux se rapportant \u00e0 d\u2019autres personnes ou l\u2019impossibilit\u00e9 de divulguer les renseignements pour des raisons de s\u00e9curit\u00e9 personnelle, de privil\u00e8ge entre solliciteur et client ou de confidentialit\u00e9 commerciale.<\/p>\n<p>CANARIE ne diffusera aucune information de nature personnelle ou priv\u00e9e sauf en conformit\u00e9 \u00e0 sa politique de protection des renseignements personnels ou \u00e0 moins que la loi ne l\u2019exige.<\/p>\n                  <\/div>\n                                                      \n                                    \n                                                      <div class=\"cell\">\n                    <h3>Demandes d\u2019acc\u00e8s, questions, pr\u00e9occupations, annulation du consentement<\/h3>\n                  <\/div>\n                                                      <div class=\"cell\">\n                    <p>Les personnes peuvent demander d\u2019acc\u00e9der \u00e0 l\u2019information les concernant, poser des questions, signaler leurs pr\u00e9occupations ou modifier ou annuler leur consentement eu \u00e9gard \u00e0 l\u2019usage de leurs renseignements personnels par CANARIE conform\u00e9ment \u00e0 la pr\u00e9sente politique en communiquant avec l\u2019agent de protection de la vie priv\u00e9e de l\u2019organisme.<\/p>\n<p><strong>Par la poste :<\/strong><\/p>\n<p><strong>CANARIE Inc.<\/strong><br \/>\n45, rue O\u2019Connor<br \/>\nBureau 1150<br \/>\nOttawa (Ontario)<br \/>\nK1P 1A4<\/p>\n<p><strong>Par t\u00e9l\u00e9phone :<\/strong>\u00a0613-943-5454<\/p>\n<p><strong>Par courriel :<\/strong>\u00a0<a href=\"mailto:privacy@canarie.ca\">privacy@canarie.ca<\/a><\/p>\n                  <\/div>\n                                                      \n                                    \n                                <\/div>\n                <\/div>\n  <\/section>\n  ","protected":false},"excerpt":{"rendered":"<p>Politique de confidentialit\u00e9<\/p>\n","protected":false},"author":3,"featured_media":0,"parent":2496,"menu_order":0,"comment_status":"closed","ping_status":"closed","template":"","meta":{"_acf_changed":false,"footnotes":""},"class_list":["post-2518","page","type-page","status-publish","hentry"],"acf":[],"yoast_head":"<!-- This site is optimized with the Yoast SEO plugin v27.4 - https:\/\/yoast.com\/product\/yoast-seo-wordpress\/ -->\n<title>Politique de confidentialit\u00e9 - CANARIE<\/title>\n<meta name=\"robots\" content=\"index, follow, max-snippet:-1, max-image-preview:large, max-video-preview:-1\" \/>\n<link rel=\"canonical\" href=\"https:\/\/www.canarie.ca\/fr\/a-propos\/politiques\/politique-de-confidentialite\/\" \/>\n<meta property=\"og:locale\" content=\"fr_FR\" \/>\n<meta property=\"og:type\" content=\"article\" \/>\n<meta property=\"og:title\" content=\"Politique de confidentialit\u00e9 - CANARIE\" \/>\n<meta property=\"og:description\" content=\"Politique de confidentialit\u00e9\" \/>\n<meta property=\"og:url\" content=\"https:\/\/www.canarie.ca\/fr\/a-propos\/politiques\/politique-de-confidentialite\/\" \/>\n<meta property=\"og:site_name\" content=\"CANARIE\" \/>\n<meta property=\"article:modified_time\" content=\"2021-02-18T18:30:24+00:00\" \/>\n<meta name=\"twitter:card\" content=\"summary_large_image\" \/>\n<script type=\"application\/ld+json\" class=\"yoast-schema-graph\">{\"@context\":\"https:\\\/\\\/schema.org\",\"@graph\":[{\"@type\":\"WebPage\",\"@id\":\"https:\\\/\\\/www.canarie.ca\\\/fr\\\/a-propos\\\/politiques\\\/politique-de-confidentialite\\\/\",\"url\":\"https:\\\/\\\/www.canarie.ca\\\/fr\\\/a-propos\\\/politiques\\\/politique-de-confidentialite\\\/\",\"name\":\"Politique de confidentialit\u00e9 - CANARIE\",\"isPartOf\":{\"@id\":\"https:\\\/\\\/www.canarie.ca\\\/#website\"},\"datePublished\":\"2021-01-11T16:58:07+00:00\",\"dateModified\":\"2021-02-18T18:30:24+00:00\",\"breadcrumb\":{\"@id\":\"https:\\\/\\\/www.canarie.ca\\\/fr\\\/a-propos\\\/politiques\\\/politique-de-confidentialite\\\/#breadcrumb\"},\"inLanguage\":\"fr-FR\",\"potentialAction\":[{\"@type\":\"ReadAction\",\"target\":[\"https:\\\/\\\/www.canarie.ca\\\/fr\\\/a-propos\\\/politiques\\\/politique-de-confidentialite\\\/\"]}]},{\"@type\":\"BreadcrumbList\",\"@id\":\"https:\\\/\\\/www.canarie.ca\\\/fr\\\/a-propos\\\/politiques\\\/politique-de-confidentialite\\\/#breadcrumb\",\"itemListElement\":[{\"@type\":\"ListItem\",\"position\":1,\"name\":\"Accueil\",\"item\":\"https:\\\/\\\/www.canarie.ca\\\/fr\\\/\"},{\"@type\":\"ListItem\",\"position\":2,\"name\":\"\u00c0 propos\",\"item\":\"https:\\\/\\\/www.canarie.ca\\\/fr\\\/a-propos\\\/\"},{\"@type\":\"ListItem\",\"position\":3,\"name\":\"Politiques\",\"item\":\"https:\\\/\\\/www.canarie.ca\\\/fr\\\/a-propos\\\/politiques\\\/\"},{\"@type\":\"ListItem\",\"position\":4,\"name\":\"Politique de confidentialit\u00e9\"}]},{\"@type\":\"WebSite\",\"@id\":\"https:\\\/\\\/www.canarie.ca\\\/#website\",\"url\":\"https:\\\/\\\/www.canarie.ca\\\/\",\"name\":\"CANARIE\",\"description\":\"\",\"potentialAction\":[{\"@type\":\"SearchAction\",\"target\":{\"@type\":\"EntryPoint\",\"urlTemplate\":\"https:\\\/\\\/www.canarie.ca\\\/?s={search_term_string}\"},\"query-input\":{\"@type\":\"PropertyValueSpecification\",\"valueRequired\":true,\"valueName\":\"search_term_string\"}}],\"inLanguage\":\"fr-FR\"}]}<\/script>\n<!-- \/ Yoast SEO plugin. -->","yoast_head_json":{"title":"Politique de confidentialit\u00e9 - CANARIE","robots":{"index":"index","follow":"follow","max-snippet":"max-snippet:-1","max-image-preview":"max-image-preview:large","max-video-preview":"max-video-preview:-1"},"canonical":"https:\/\/www.canarie.ca\/fr\/a-propos\/politiques\/politique-de-confidentialite\/","og_locale":"fr_FR","og_type":"article","og_title":"Politique de confidentialit\u00e9 - CANARIE","og_description":"Politique de confidentialit\u00e9","og_url":"https:\/\/www.canarie.ca\/fr\/a-propos\/politiques\/politique-de-confidentialite\/","og_site_name":"CANARIE","article_modified_time":"2021-02-18T18:30:24+00:00","twitter_card":"summary_large_image","schema":{"@context":"https:\/\/schema.org","@graph":[{"@type":"WebPage","@id":"https:\/\/www.canarie.ca\/fr\/a-propos\/politiques\/politique-de-confidentialite\/","url":"https:\/\/www.canarie.ca\/fr\/a-propos\/politiques\/politique-de-confidentialite\/","name":"Politique de confidentialit\u00e9 - CANARIE","isPartOf":{"@id":"https:\/\/www.canarie.ca\/#website"},"datePublished":"2021-01-11T16:58:07+00:00","dateModified":"2021-02-18T18:30:24+00:00","breadcrumb":{"@id":"https:\/\/www.canarie.ca\/fr\/a-propos\/politiques\/politique-de-confidentialite\/#breadcrumb"},"inLanguage":"fr-FR","potentialAction":[{"@type":"ReadAction","target":["https:\/\/www.canarie.ca\/fr\/a-propos\/politiques\/politique-de-confidentialite\/"]}]},{"@type":"BreadcrumbList","@id":"https:\/\/www.canarie.ca\/fr\/a-propos\/politiques\/politique-de-confidentialite\/#breadcrumb","itemListElement":[{"@type":"ListItem","position":1,"name":"Accueil","item":"https:\/\/www.canarie.ca\/fr\/"},{"@type":"ListItem","position":2,"name":"\u00c0 propos","item":"https:\/\/www.canarie.ca\/fr\/a-propos\/"},{"@type":"ListItem","position":3,"name":"Politiques","item":"https:\/\/www.canarie.ca\/fr\/a-propos\/politiques\/"},{"@type":"ListItem","position":4,"name":"Politique de confidentialit\u00e9"}]},{"@type":"WebSite","@id":"https:\/\/www.canarie.ca\/#website","url":"https:\/\/www.canarie.ca\/","name":"CANARIE","description":"","potentialAction":[{"@type":"SearchAction","target":{"@type":"EntryPoint","urlTemplate":"https:\/\/www.canarie.ca\/?s={search_term_string}"},"query-input":{"@type":"PropertyValueSpecification","valueRequired":true,"valueName":"search_term_string"}}],"inLanguage":"fr-FR"}]}},"_links":{"self":[{"href":"https:\/\/www.canarie.ca\/fr\/wp-json\/wp\/v2\/pages\/2518","targetHints":{"allow":["GET"]}}],"collection":[{"href":"https:\/\/www.canarie.ca\/fr\/wp-json\/wp\/v2\/pages"}],"about":[{"href":"https:\/\/www.canarie.ca\/fr\/wp-json\/wp\/v2\/types\/page"}],"author":[{"embeddable":true,"href":"https:\/\/www.canarie.ca\/fr\/wp-json\/wp\/v2\/users\/3"}],"replies":[{"embeddable":true,"href":"https:\/\/www.canarie.ca\/fr\/wp-json\/wp\/v2\/comments?post=2518"}],"version-history":[{"count":0,"href":"https:\/\/www.canarie.ca\/fr\/wp-json\/wp\/v2\/pages\/2518\/revisions"}],"up":[{"embeddable":true,"href":"https:\/\/www.canarie.ca\/fr\/wp-json\/wp\/v2\/pages\/2496"}],"wp:attachment":[{"href":"https:\/\/www.canarie.ca\/fr\/wp-json\/wp\/v2\/media?parent=2518"}],"curies":[{"name":"wp","href":"https:\/\/api.w.org\/{rel}","templated":true}]}}