{"id":28476,"date":"2021-10-29T09:52:38","date_gmt":"2021-10-29T13:52:38","guid":{"rendered":"https:\/\/www.canarie.ca\/?page_id=28476"},"modified":"2025-09-24T13:56:52","modified_gmt":"2025-09-24T17:56:52","slug":"comites-consultatifs","status":"publish","type":"page","link":"https:\/\/www.canarie.ca\/fr\/a-propos\/comites-consultatifs\/","title":{"rendered":"Comit\u00e9s consultatifs"},"content":{"rendered":"\n\n<section class=\"section section--text-with-image  alignfull container squares-right\">\n  <svg version=\"1.1\" class=\"animated-square-graphic\" xmlns=\"http:\/\/www.w3.org\/2000\/svg\" xmlns:xlink=\"http:\/\/www.w3.org\/1999\/xlink\" x=\"0px\" y=\"0px\"\n\t viewBox=\"0 0 1084.85 1080\" style=\"enable-background:new 0 0 1084.85 1080;\" xml:space=\"preserve\">\n<style type=\"text\/css\">\n\t.st0{opacity:0.51;fill:#FEFEFE;}\n\t.st1{fill:#F4F4F5;}\n\t.st2{fill:#58C3D2;}\n\t.st3{fill:#E90D0B;}\n\t.st4{fill:#393D3F;}\n<\/style>\n<g>\n\t<path class=\"st0\" d=\"M275.09,0c0,20.92,0.02,41.84-0.04,62.75c-0.01,1.9,0.82,4.06-1.04,5.66c-1.33-1.48-1.49-3.32-1.5-5.17\n\t\tc-0.07-19.54-0.1-39.07,0.02-58.61c0.01-1,0.15-2,0.5-2.95c0.27-0.62,0.62-1.18,1.06-1.68C274.42,0,274.76,0,275.09,0z\"\/>\n\t<path class=\"st0\" d=\"M270.93,134.87c0,0.67,0,1.34,0,2.01c-1.96-0.21-3.39-1.13-2.71-3.24c0.6-1.87,2.15-2.92,4.31-2.71\n\t\tc21.9,2.09,43.85,0.35,65.77,0.92c-0.01,0.67-0.01,1.34-0.02,2.01c-1.73,0.94-3.6,0.46-5.4,0.47c-19.36,0.04-38.73,0.02-58.09,0.04\n\t\tC273.5,134.36,272.11,133.88,270.93,134.87z\"\/>\n\t<path class=\"st0\" d=\"M67.6,132.85c-0.22,2.23,0.79,3.24,3.02,3.02c-0.21,1.56-0.6,3.05-2.65,2.59c-1.53-0.34-2.62-1.44-2.96-2.96\n\t\tC64.55,133.46,66.04,133.06,67.6,132.85z\"\/>\n\t<path class=\"st0\" d=\"M270.93,134.87c0.15-0.9,0.44-1.31,1.6-1.31c21.92,0.15,43.84,0.21,65.76,0.29c-1.46,1.71-3.44,0.97-5.18,0.97\n\t\tC312.38,134.88,291.66,134.87,270.93,134.87z\"\/>\n\t<rect x=\"71.76\" y=\"67.43\" class=\"st1\" width=\"67.44\" height=\"67.44\"\/>\n\t<rect x=\"206.62\" class=\"st2\" width=\"67.44\" height=\"67.44\"\/>\n\t<rect x=\"410.45\" class=\"st2\" width=\"67.44\" height=\"67.44\"\/>\n\t<rect x=\"343.11\" y=\"67.73\" class=\"st2\" width=\"67.44\" height=\"67.44\"\/>\n\t<rect x=\"544.46\" y=\"0.06\" class=\"st1\" width=\"67.44\" height=\"67.44\"\/>\n\t<rect x=\"680.21\" class=\"st1\" width=\"67.44\" height=\"67.44\"\/>\n\t<rect x=\"815.09\" class=\"st1\" width=\"67.44\" height=\"67.44\"\/>\n\t<rect x=\"949.97\" class=\"st2\" width=\"67.44\" height=\"67.44\"\/>\n\t<rect x=\"477.89\" y=\"67.73\" class=\"st3\" width=\"67.44\" height=\"67.44\"\/>\n\t<rect x=\"612.77\" y=\"67.73\" class=\"st2\" width=\"67.44\" height=\"67.44\"\/>\n\t<rect x=\"747.65\" y=\"67.73\" class=\"st4\" width=\"67.44\" height=\"67.44\"\/>\n\t<rect x=\"882.53\" y=\"67.83\" class=\"st1\" width=\"67.44\" height=\"67.44\"\/>\n\t<rect x=\"1017.41\" y=\"67.73\" class=\"st2\" width=\"67.44\" height=\"67.44\"\/>\n\t<rect x=\"1017.41\" y=\"203.13\" class=\"st2\" width=\"67.44\" height=\"67.44\"\/>\n\t<rect x=\"275.67\" y=\"135.45\" class=\"st1\" width=\"67.44\" height=\"67.44\"\/>\n\t<rect x=\"208.23\" y=\"202.81\" class=\"st3\" width=\"67.44\" height=\"67.44\"\/>\n\t<rect x=\"1.8\" y=\"202.81\" class=\"st1\" width=\"67.44\" height=\"67.44\"\/>\n\t<rect x=\"69.24\" y=\"270.83\" class=\"st2\" width=\"67.44\" height=\"67.44\"\/>\n\t<rect x=\"410.55\" y=\"270.57\" class=\"st1\" width=\"67.44\" height=\"67.44\"\/>\n\t<rect x=\"545.43\" y=\"270.57\" class=\"st1\" width=\"67.44\" height=\"67.44\"\/>\n\t<rect x=\"680.44\" y=\"270.57\" class=\"st2\" width=\"67.44\" height=\"67.44\"\/>\n\t<rect x=\"815.3\" y=\"270.57\" class=\"st1\" width=\"67.44\" height=\"67.44\"\/>\n\t<rect x=\"950.11\" y=\"270.57\" class=\"st2\" width=\"67.44\" height=\"67.44\"\/>\n\t<rect x=\"1017.41\" y=\"270.57\" class=\"st4\" width=\"67.44\" height=\"67.44\"\/>\n\t<rect x=\"1017.41\" y=\"338.01\" class=\"st2\" width=\"67.44\" height=\"67.44\"\/>\n\t<rect x=\"882.5\" y=\"338.16\" class=\"st2\" width=\"67.44\" height=\"67.44\"\/>\n\t<rect x=\"747.86\" y=\"338.16\" class=\"st1\" width=\"67.44\" height=\"67.44\"\/>\n\t<rect x=\"612.87\" y=\"338.16\" class=\"st2\" width=\"67.44\" height=\"67.44\"\/>\n\t<rect x=\"271.44\" y=\"338.01\" class=\"st1\" width=\"67.44\" height=\"67.44\"\/>\n\t<rect x=\"136.7\" y=\"405.75\" class=\"st3\" width=\"67.44\" height=\"67.44\"\/>\n\t<rect x=\"407.3\" y=\"405.6\" class=\"st3\" width=\"67.44\" height=\"67.44\"\/>\n\t<rect x=\"815.06\" y=\"405.6\" class=\"st2\" width=\"67.44\" height=\"67.44\"\/>\n\t<rect x=\"950.11\" y=\"405.6\" class=\"st1\" width=\"67.44\" height=\"67.44\"\/>\n\t<rect x=\"1017.41\" y=\"473.04\" class=\"st1\" width=\"67.44\" height=\"67.44\"\/>\n\t<rect x=\"882.5\" y=\"473.04\" class=\"st1\" width=\"67.44\" height=\"67.44\"\/>\n\t<rect x=\"747.62\" y=\"473.04\" class=\"st1\" width=\"67.44\" height=\"67.44\"\/>\n\t<rect x=\"611.17\" y=\"473.04\" class=\"st4\" width=\"67.44\" height=\"67.44\"\/>\n\t<rect y=\"475.55\" class=\"st1\" width=\"67.44\" height=\"67.44\"\/>\n\t<rect x=\"410.55\" y=\"135.45\" class=\"st4\" width=\"67.44\" height=\"67.44\"\/>\n\t<rect x=\"680.42\" y=\"135.17\" class=\"st1\" width=\"67.44\" height=\"67.44\"\/>\n\t<rect x=\"815.23\" y=\"135.36\" class=\"st1\" width=\"67.44\" height=\"67.44\"\/>\n\t<rect x=\"950.12\" y=\"135.36\" class=\"st4\" width=\"67.44\" height=\"67.44\"\/>\n\t<rect x=\"343.11\" y=\"202.81\" class=\"st3\" width=\"67.44\" height=\"67.44\"\/>\n\t<rect x=\"477.99\" y=\"202.81\" class=\"st2\" width=\"67.44\" height=\"67.44\"\/>\n\t<rect x=\"613\" y=\"202.81\" class=\"st4\" width=\"67.44\" height=\"67.44\"\/>\n\t<rect x=\"747.86\" y=\"202.74\" class=\"st2\" width=\"67.44\" height=\"67.44\"\/>\n\t<rect x=\"882.67\" y=\"202.8\" class=\"st2\" width=\"67.44\" height=\"67.44\"\/>\n\t<rect x=\"950.08\" y=\"540.48\" class=\"st2\" width=\"67.44\" height=\"67.44\"\/>\n\t<rect x=\"815.06\" y=\"540.48\" class=\"st2\" width=\"67.44\" height=\"67.44\"\/>\n\t<rect x=\"1017.41\" y=\"607.92\" class=\"st2\" width=\"67.44\" height=\"67.44\"\/>\n\t<rect x=\"882.44\" y=\"607.92\" class=\"st4\" width=\"67.44\" height=\"67.44\"\/>\n\t<rect x=\"747.62\" y=\"607.92\" class=\"st4\" width=\"67.44\" height=\"67.44\"\/>\n\t<rect x=\"950.06\" y=\"675.36\" class=\"st1\" width=\"67.44\" height=\"67.44\"\/>\n\t<rect x=\"815\" y=\"675.36\" class=\"st2\" width=\"67.44\" height=\"67.44\"\/>\n\t<rect x=\"680.18\" y=\"675.36\" class=\"st2\" width=\"67.44\" height=\"67.44\"\/>\n\t<rect x=\"882.7\" y=\"742.8\" class=\"st1\" width=\"67.44\" height=\"67.44\"\/>\n\t<rect x=\"1017.41\" y=\"742.8\" class=\"st2\" width=\"67.44\" height=\"67.44\"\/>\n\t<rect x=\"1017.41\" y=\"810.24\" class=\"st1\" width=\"67.44\" height=\"67.44\"\/>\n\t<rect x=\"950.06\" y=\"810.24\" class=\"st2\" width=\"67.44\" height=\"67.44\"\/>\n\t<rect x=\"950.06\" y=\"877.68\" class=\"st3\" width=\"67.44\" height=\"67.44\"\/>\n\t<rect x=\"882.62\" y=\"877.68\" class=\"st2\" width=\"67.44\" height=\"67.44\"\/>\n\t<rect x=\"747.66\" y=\"877.68\" class=\"st3\" width=\"67.44\" height=\"67.44\"\/>\n\t<rect x=\"680.22\" y=\"877.68\" class=\"st1\" width=\"67.44\" height=\"67.44\"\/>\n\t<rect x=\"815.06\" y=\"945.12\" class=\"st4\" width=\"67.44\" height=\"67.44\"\/>\n\t<rect x=\"747.66\" y=\"945.12\" class=\"st2\" width=\"67.44\" height=\"67.44\"\/>\n\t<rect x=\"1017.5\" y=\"945.12\" class=\"st4\" width=\"67.44\" height=\"67.44\"\/>\n\t<rect x=\"950.06\" y=\"945.12\" class=\"st2\" width=\"67.44\" height=\"67.44\"\/>\n\t<rect x=\"882.5\" y=\"1012.56\" class=\"st4\" width=\"67.44\" height=\"67.44\"\/>\n\t<rect x=\"1017.5\" y=\"1012.56\" class=\"st2\" width=\"67.44\" height=\"67.44\"\/>\n\t<rect x=\"545.3\" y=\"1012.56\" class=\"st4\" width=\"67.44\" height=\"67.44\"\/>\n\t<rect x=\"407.54\" y=\"1012.56\" class=\"st2\" width=\"67.44\" height=\"67.44\"\/>\n\t<rect x=\"815.06\" y=\"1012.56\" class=\"st2\" width=\"67.44\" height=\"67.44\"\/>\n\t<rect x=\"747.66\" y=\"1012.56\" class=\"st3\" width=\"67.44\" height=\"67.44\"\/>\n\t<rect x=\"680.18\" y=\"1012.56\" class=\"st2\" width=\"67.44\" height=\"67.44\"\/>\n\t<rect x=\"747.62\" y=\"742.8\" class=\"st2\" width=\"67.44\" height=\"67.44\"\/>\n\t<rect x=\"612.74\" y=\"742.8\" class=\"st4\" width=\"67.44\" height=\"67.44\"\/>\n\t<rect x=\"545.3\" y=\"877.68\" class=\"st2\" width=\"67.44\" height=\"67.44\"\/>\n\t<rect x=\"612.74\" y=\"945.12\" class=\"st4\" width=\"67.44\" height=\"67.44\"\/>\n<\/g>\n<\/svg>\n  <div class=\"grid-container simple-fade\">\n    <div class=\"grid-x grid-padding-x align-middle\">\n      <div class=\"cell medium-6 medium-order-2\">\n\t\t  \t\t\t  <img decoding=\"async\" src=\"https:\/\/www.canarie.ca\/wp-content\/uploads\/2021\/10\/Box_cyber-608-x-405-px-1.png\" alt=\"\">\n\t\t        <\/div>\n      <div class=\"cell medium-6 medium-order-1 text-left text-cell \">\n  \t\t  \t\t          <h1 class=\"cssanimation leFadeIn\">Comit\u00e9s consultatifs <\/h1>\n  \t\t  \t\t                  <p class=\"subtitle fade-in-delay\">Nos comit\u00e9s consultatifs se composent de repr\u00e9sentants des intervenants des milieux canadiens de la recherche, de l\u2019\u00e9ducation et de l\u2019innovation. Gr\u00e2ce \u00e0 une telle structure, CANARIE veille \u00e0 ce que ses programmes et ses initiatives soient con\u00e7us pour r\u00e9pondre aux besoins, en perp\u00e9tuelle \u00e9volution, des communaut\u00e9s qu\u2019il dessert. <\/p>\n                              <\/div>\n    <\/div>\n  <\/div>\n<\/section>\n\n\n\n\n\n<section class=\"section section--banner simple-fade light-blue alignfull\">\n  <div class=\"grid-container text-center\">\n  \t\t  \t<p class=\"subtitle\">CANARIE est soutenu par les comit\u00e9s suivants :<\/p>\n  \t  \t        \t<ul class=\"arrow-list text-left flex-list\">\n        \t              <li>Commission consultative en cybers\u00e9curit\u00e9 <\/li>\n                            <li>Comit\u00e9 de r\u00e9gie du R\u00e9seau national de la recherche et de l\u2019\u00e9ducation (RNRE) <\/li>\n                          <\/ul>\n              <\/div>\n<\/section>\n\n\n\n<section class=\"section section--text-columns no-background\">\n    <div class=\"grid-container\">\n      <div class=\"grid-x grid-padding-x\">\n        <div class=\"cell\">\n                    <p>Une partie de l\u2019information que nous partageons avec les membres de nos comit\u00e9s ou de notre conseil d\u2019administration est par nature confidentielle. Pour prot\u00e9ger les propri\u00e9taires de ces informations, comme le veut une saine gouvernance, et, au bout du compte, pr\u00e9venir le lobbying aupr\u00e8s de nos administrateurs ainsi que d\u2019Industrie, Sciences et D\u00e9veloppement \u00e9conomique Canada (ISDE), qui finance l\u2019organisation, les membres des comit\u00e9s et du conseil d\u2019administration sont tous tenus de signer l\u2019entente de confidentialit\u00e9 de CANARIE. Ce <a href=\"https:\/\/www.canarie.ca\/fr\/pourquoi-les-membres-des-comites-et-du-conseil-dadministration-sont-ils-pries-de-signer-une-entente-de-confidentialite\/\">billet<\/a> donne plus d\u2019explications \u00e0 ce sujet.<\/p>\n                  <\/div>\n      <\/div>\n    <\/div>\n  <\/section>\n\n\n<section class=\"section section--text-columns no-background\">\n    <div class=\"grid-container\">\n      <div class=\"grid-x grid-padding-x\">\n        <div class=\"cell\">\n                  \t<h3>Commission consultative en cybers\u00e9curit\u00e9 :<\/h3>\n                    <p><span data-contrast=\"auto\">Compos\u00e9e de fa\u00e7on \u00e0 repr\u00e9senter les intervenants des milieux canadiens de la recherche et de l\u2019enseignement sup\u00e9rieur, la Commission consultative en cybers\u00e9curit\u00e9 propose un point de vue unique sur les besoins des secteurs pr\u00e9cit\u00e9s en mati\u00e8re de cybers\u00e9curit\u00e9. Ses fonctions sont les suivantes\u202f:\u00a0<\/span><span data-ccp-props=\"{&quot;201341983&quot;:0,&quot;335559739&quot;:160,&quot;335559740&quot;:259}\">\u00a0<\/span><\/p>\n<ul>\n<li data-leveltext=\"%1.\" data-font=\"Calibri\" data-listid=\"4\" aria-setsize=\"-1\" data-aria-posinset=\"3\" data-aria-level=\"1\"><span data-contrast=\"auto\">dispenser\u00a0des conseils et orienter la collaboration nationale en vue de renforcer les capacit\u00e9s de ces milieux en cybers\u00e9curit\u00e9;<\/span><\/li>\n<li data-leveltext=\"%1.\" data-font=\"Calibri\" data-listid=\"4\" aria-setsize=\"-1\" data-aria-posinset=\"3\" data-aria-level=\"1\"><span data-contrast=\"auto\">guider\u00a0CANARIE pour que son\u00a0<\/span><a href=\"https:\/\/www.canarie.ca\/fr\/cybersecurite\/\"><span data-contrast=\"none\">programme Cybers\u00e9curit\u00e9<\/span><\/a><span data-contrast=\"auto\">\u00a0concr\u00e9tise une vision plus g\u00e9n\u00e9rale de la collaboration dans le domaine de la cybers\u00e9curit\u00e9 et, de cette fa\u00e7on, r\u00e9ponde aux besoins de la communaut\u00e9 en la mati\u00e8re.<\/span><span data-ccp-props=\"{&quot;134233279&quot;:true,&quot;201341983&quot;:0,&quot;335559739&quot;:160,&quot;335559740&quot;:259}\">\u00a0<\/span><\/li>\n<\/ul>\n                  <\/div>\n      <\/div>\n    <\/div>\n  <\/section>\n\n\n<section class=\"section section--text-columns\">\n    <div class=\"grid-container\">\n      \n                      <div class=\"grid-x grid-padding-x\">\n                                                                                          <div class=\"cell medium-6\">\n                          <ul>\n<li><strong>Dave Chiswell<\/strong> | Vice-pr\u00e9sident, D\u00e9veloppement des produits, ACEI<\/li>\n<li><strong>Chad Coller<\/strong> | Pr\u00e9sident, SRNET<\/li>\n<li><strong>Jennifer Doyle<\/strong> | Vice-pr\u00e9sidente, Finances et administration, Universit\u00e9 d\u2019Ottawa<\/li>\n<li><strong>Art Exner<\/strong> | DPI, Universit\u00e9 de Regina (pr\u00e9sident du conseil d\u2019administration)<\/li>\n<li><strong>JC Fahmy<\/strong> | Pr\u00e9sident<span data-olk-copy-source=\"MessageBody\">, Akerian Consulting<\/span><\/li>\n<li><strong>Gayleen Gray<\/strong> | Vice-pr\u00e9sidente adjointe et Directrice de la technologie, Universit\u00e9 McMaster<\/li>\n<\/ul>\n                        <\/div>\n                                                <div class=\"cell medium-6\">\n                          <ul>\n<li><strong>Gitta Kulczycki<\/strong> | Vice-pr\u00e9sidente, Finances et administration, Universit\u00e9 Dalhousie<\/li>\n<li><strong>Wen Kwan<\/strong> | Directeur principal, Innovation, Sciences et D\u00e9veloppement \u00e9conomique Canada<\/li>\n<li><strong>Wency Lum<\/strong> | DPI, Universit\u00e9 de Victoria<\/li>\n<li><strong>Patrick Mann<\/strong> | DPI, Calcul Canada<\/li>\n<li><strong>Raymond Saunders<\/strong> | Directeur, S\u00e9curit\u00e9 IT, Saskatchewan Polytechnic<\/li>\n<\/ul>\n                        <\/div>\n                                          \n                                    \n                                                                        <div class=\"cell\">\n                    <p>&nbsp;<\/p>\n<p>Nous inviterons des participants \u00e0 ce comit\u00e9 en fonction des conseils de notre communaut\u00e9 de parties prenantes.<\/p>\n                  <\/div>\n                                                            <div class=\"cell medium-6\">\n                                                  <\/div>\n                                          \n                                    \n                                <\/div>\n                <\/div>\n  <\/section>\n  \n\n\n<section class=\"section section--text-columns no-background\">\n    <div class=\"grid-container\">\n      <div class=\"grid-x grid-padding-x\">\n        <div class=\"cell\">\n                  \t<h3>Comit\u00e9 de r\u00e9gie du R\u00e9seau national de la recherche et de l\u2019\u00e9ducation (RNRE) :<\/h3>\n                    <p><span data-contrast=\"auto\">Organe conf\u00e9d\u00e9r\u00e9, constitu\u00e9 \u00e0 parts \u00e9gales de repr\u00e9sentants des membres du\u00a0<\/span><a href=\"https:\/\/www.canarie.ca\/fr\/rnre\/\"><span data-contrast=\"none\">RNRE canadien<\/span><\/a><span data-contrast=\"auto\">, le Comit\u00e9 de r\u00e9gie du RNRE supervise l\u2019\u00e9volution du r\u00e9seau et des services qu\u2019il habilite ou dispense.\u00a0Ses fonctions sont les suivantes\u202f:<\/span><span data-ccp-props=\"{&quot;201341983&quot;:0,&quot;335559739&quot;:160,&quot;335559740&quot;:259}\">\u00a0<\/span><\/p>\n<ul>\n<li data-leveltext=\"-\" data-font=\"Calibri\" data-listid=\"3\" aria-setsize=\"-1\" data-aria-posinset=\"0\" data-aria-level=\"1\"><span data-contrast=\"auto\">maintenir\u00a0un dialogue constant entre les partenaires;<\/span><span data-ccp-props=\"{&quot;134233279&quot;:true,&quot;201341983&quot;:0,&quot;335559739&quot;:160,&quot;335559740&quot;:259}\">\u00a0<\/span><\/li>\n<li data-leveltext=\"-\" data-font=\"Calibri\" data-listid=\"3\" aria-setsize=\"-1\" data-aria-posinset=\"0\" data-aria-level=\"1\"><span data-contrast=\"auto\">permettre\u00a0une planification commune des strat\u00e9gies et des activit\u00e9s se rapportant \u00e0 l\u2019infrastructure et aux services du r\u00e9seau;<\/span><\/li>\n<li data-leveltext=\"-\" data-font=\"Calibri\" data-listid=\"3\" aria-setsize=\"-1\" data-aria-posinset=\"0\" data-aria-level=\"1\"><span data-contrast=\"auto\">coordonner\u00a0l\u2019exploitation, la surveillance et l\u2019\u00e9volution du RNRE.<\/span><span data-ccp-props=\"{&quot;134233279&quot;:true,&quot;201341983&quot;:0,&quot;335559739&quot;:160,&quot;335559740&quot;:259}\">\u00a0<\/span><\/li>\n<\/ul>\n                  <\/div>\n      <\/div>\n    <\/div>\n  <\/section>\n\n\n<section class=\"section section--text-columns\">\n    <div class=\"grid-container\">\n      \n                      <div class=\"grid-x grid-padding-x\">\n                                                                                          <div class=\"cell medium-6\">\n                          <ul>\n<li><strong>Barb Carra<\/strong> | Pr\u00e9sident et chef de direction, Cybera<\/li>\n<li><strong>Chad Coller<\/strong> | Pr\u00e9sident et chef de direction, SRNET<\/li>\n<li><strong>Sandra Cascadden<\/strong> | Directrice g\u00e9n\u00e9rale, ACORN-NS<\/li>\n<li><strong>Todd Farrell<\/strong> | Directeur associ\u00e9, Services de l\u2019infrastructure, Universit\u00e9 Memorial, Repr\u00e9sentant des membres, ACORN-NL<\/li>\n<li><b>Mike Tremblay<\/b>| Pr\u00e9sident et chef de direction, CANARIE<\/li>\n<li><strong>Jared Hougen<\/strong> | DSI et directeur informatique, Universit\u00e9 du Yukon<\/li>\n<li><strong>Bala Kathiresan<\/strong> | Pr\u00e9sident et chef de direction, BCNET<\/li>\n<li><strong>Richard Lacombe<\/strong> | Pr\u00e9sident-directeur g\u00e9n\u00e9ral, RISQ<\/li>\n<\/ul>\n                        <\/div>\n                                                <div class=\"cell medium-6\">\n                          <ul>\n<li><strong>Jennifer Lane<\/strong> | CIO, Coll\u00e8ge de l\u2019Arctique du Nunavut<\/li>\n<li><strong>Alfonso Licata<\/strong> | President and CEO, ORION<\/li>\n<li><strong>Rod Bruinooge<\/strong> | Chef de direction, MRnet<\/li>\n<li><strong>Hannah Vedamani<\/strong> | Gestionnaire, Syst\u00e8mes d&rsquo;information et information technologique, Coll\u00e8ge Aurora<\/li>\n<li><strong><span data-olk-copy-source=\"MessageBody\">Mark Caduc<\/span><\/strong> | DPI int\u00e9rimaire, ECN-\u00ce.-P.-\u00c9.<\/li>\n<li><strong>David Totton<\/strong> | Directeur int\u00e9rimaire, Technologie, ECN-NB<\/li>\n<\/ul>\n                        <\/div>\n                                          \n                                    \n                                <\/div>\n                <\/div>\n  <\/section>\n  ","protected":false},"excerpt":{"rendered":"","protected":false},"author":12,"featured_media":0,"parent":2708,"menu_order":0,"comment_status":"closed","ping_status":"closed","template":"","meta":{"_acf_changed":false,"footnotes":""},"class_list":["post-28476","page","type-page","status-publish","hentry"],"acf":[],"yoast_head":"<!-- This site is optimized with the Yoast SEO plugin v27.5 - https:\/\/yoast.com\/product\/yoast-seo-wordpress\/ -->\n<title>Comit\u00e9s consultatifs - CANARIE<\/title>\n<meta name=\"robots\" content=\"index, follow, max-snippet:-1, max-image-preview:large, max-video-preview:-1\" \/>\n<link rel=\"canonical\" href=\"https:\/\/www.canarie.ca\/fr\/a-propos\/comites-consultatifs\/\" \/>\n<meta property=\"og:locale\" content=\"fr_FR\" \/>\n<meta property=\"og:type\" content=\"article\" \/>\n<meta property=\"og:title\" content=\"Comit\u00e9s consultatifs - CANARIE\" \/>\n<meta property=\"og:url\" content=\"https:\/\/www.canarie.ca\/fr\/a-propos\/comites-consultatifs\/\" \/>\n<meta property=\"og:site_name\" content=\"CANARIE\" \/>\n<meta property=\"article:modified_time\" content=\"2025-09-24T17:56:52+00:00\" \/>\n<meta name=\"twitter:card\" content=\"summary_large_image\" \/>\n<script type=\"application\/ld+json\" class=\"yoast-schema-graph\">{\"@context\":\"https:\\\/\\\/schema.org\",\"@graph\":[{\"@type\":\"WebPage\",\"@id\":\"https:\\\/\\\/www.canarie.ca\\\/fr\\\/a-propos\\\/comites-consultatifs\\\/\",\"url\":\"https:\\\/\\\/www.canarie.ca\\\/fr\\\/a-propos\\\/comites-consultatifs\\\/\",\"name\":\"Comit\u00e9s consultatifs - CANARIE\",\"isPartOf\":{\"@id\":\"https:\\\/\\\/www.canarie.ca\\\/#website\"},\"datePublished\":\"2021-10-29T13:52:38+00:00\",\"dateModified\":\"2025-09-24T17:56:52+00:00\",\"breadcrumb\":{\"@id\":\"https:\\\/\\\/www.canarie.ca\\\/fr\\\/a-propos\\\/comites-consultatifs\\\/#breadcrumb\"},\"inLanguage\":\"fr-FR\",\"potentialAction\":[{\"@type\":\"ReadAction\",\"target\":[\"https:\\\/\\\/www.canarie.ca\\\/fr\\\/a-propos\\\/comites-consultatifs\\\/\"]}]},{\"@type\":\"BreadcrumbList\",\"@id\":\"https:\\\/\\\/www.canarie.ca\\\/fr\\\/a-propos\\\/comites-consultatifs\\\/#breadcrumb\",\"itemListElement\":[{\"@type\":\"ListItem\",\"position\":1,\"name\":\"Accueil\",\"item\":\"https:\\\/\\\/www.canarie.ca\\\/fr\\\/\"},{\"@type\":\"ListItem\",\"position\":2,\"name\":\"\u00c0 propos\",\"item\":\"https:\\\/\\\/www.canarie.ca\\\/fr\\\/a-propos\\\/\"},{\"@type\":\"ListItem\",\"position\":3,\"name\":\"Comit\u00e9s consultatifs\"}]},{\"@type\":\"WebSite\",\"@id\":\"https:\\\/\\\/www.canarie.ca\\\/#website\",\"url\":\"https:\\\/\\\/www.canarie.ca\\\/\",\"name\":\"CANARIE\",\"description\":\"\",\"potentialAction\":[{\"@type\":\"SearchAction\",\"target\":{\"@type\":\"EntryPoint\",\"urlTemplate\":\"https:\\\/\\\/www.canarie.ca\\\/?s={search_term_string}\"},\"query-input\":{\"@type\":\"PropertyValueSpecification\",\"valueRequired\":true,\"valueName\":\"search_term_string\"}}],\"inLanguage\":\"fr-FR\"}]}<\/script>\n<!-- \/ Yoast SEO plugin. -->","yoast_head_json":{"title":"Comit\u00e9s consultatifs - CANARIE","robots":{"index":"index","follow":"follow","max-snippet":"max-snippet:-1","max-image-preview":"max-image-preview:large","max-video-preview":"max-video-preview:-1"},"canonical":"https:\/\/www.canarie.ca\/fr\/a-propos\/comites-consultatifs\/","og_locale":"fr_FR","og_type":"article","og_title":"Comit\u00e9s consultatifs - CANARIE","og_url":"https:\/\/www.canarie.ca\/fr\/a-propos\/comites-consultatifs\/","og_site_name":"CANARIE","article_modified_time":"2025-09-24T17:56:52+00:00","twitter_card":"summary_large_image","schema":{"@context":"https:\/\/schema.org","@graph":[{"@type":"WebPage","@id":"https:\/\/www.canarie.ca\/fr\/a-propos\/comites-consultatifs\/","url":"https:\/\/www.canarie.ca\/fr\/a-propos\/comites-consultatifs\/","name":"Comit\u00e9s consultatifs - CANARIE","isPartOf":{"@id":"https:\/\/www.canarie.ca\/#website"},"datePublished":"2021-10-29T13:52:38+00:00","dateModified":"2025-09-24T17:56:52+00:00","breadcrumb":{"@id":"https:\/\/www.canarie.ca\/fr\/a-propos\/comites-consultatifs\/#breadcrumb"},"inLanguage":"fr-FR","potentialAction":[{"@type":"ReadAction","target":["https:\/\/www.canarie.ca\/fr\/a-propos\/comites-consultatifs\/"]}]},{"@type":"BreadcrumbList","@id":"https:\/\/www.canarie.ca\/fr\/a-propos\/comites-consultatifs\/#breadcrumb","itemListElement":[{"@type":"ListItem","position":1,"name":"Accueil","item":"https:\/\/www.canarie.ca\/fr\/"},{"@type":"ListItem","position":2,"name":"\u00c0 propos","item":"https:\/\/www.canarie.ca\/fr\/a-propos\/"},{"@type":"ListItem","position":3,"name":"Comit\u00e9s consultatifs"}]},{"@type":"WebSite","@id":"https:\/\/www.canarie.ca\/#website","url":"https:\/\/www.canarie.ca\/","name":"CANARIE","description":"","potentialAction":[{"@type":"SearchAction","target":{"@type":"EntryPoint","urlTemplate":"https:\/\/www.canarie.ca\/?s={search_term_string}"},"query-input":{"@type":"PropertyValueSpecification","valueRequired":true,"valueName":"search_term_string"}}],"inLanguage":"fr-FR"}]}},"_links":{"self":[{"href":"https:\/\/www.canarie.ca\/fr\/wp-json\/wp\/v2\/pages\/28476","targetHints":{"allow":["GET"]}}],"collection":[{"href":"https:\/\/www.canarie.ca\/fr\/wp-json\/wp\/v2\/pages"}],"about":[{"href":"https:\/\/www.canarie.ca\/fr\/wp-json\/wp\/v2\/types\/page"}],"author":[{"embeddable":true,"href":"https:\/\/www.canarie.ca\/fr\/wp-json\/wp\/v2\/users\/12"}],"replies":[{"embeddable":true,"href":"https:\/\/www.canarie.ca\/fr\/wp-json\/wp\/v2\/comments?post=28476"}],"version-history":[{"count":10,"href":"https:\/\/www.canarie.ca\/fr\/wp-json\/wp\/v2\/pages\/28476\/revisions"}],"predecessor-version":[{"id":47507,"href":"https:\/\/www.canarie.ca\/fr\/wp-json\/wp\/v2\/pages\/28476\/revisions\/47507"}],"up":[{"embeddable":true,"href":"https:\/\/www.canarie.ca\/fr\/wp-json\/wp\/v2\/pages\/2708"}],"wp:attachment":[{"href":"https:\/\/www.canarie.ca\/fr\/wp-json\/wp\/v2\/media?parent=28476"}],"curies":[{"name":"wp","href":"https:\/\/api.w.org\/{rel}","templated":true}]}}