{"id":28863,"date":"2021-11-25T13:28:11","date_gmt":"2021-11-25T18:28:11","guid":{"rendered":"https:\/\/www.canarie.ca\/?page_id=28863"},"modified":"2022-04-04T16:34:33","modified_gmt":"2022-04-04T20:34:33","slug":"rnrepossibilites","status":"publish","type":"page","link":"https:\/\/www.canarie.ca\/fr\/carrieres\/rnrepossibilites\/","title":{"rendered":"Possibilit\u00e9s de carri\u00e8re sur le R\u00e9seau national de la recherche et de l\u2019\u00e9ducation"},"content":{"rendered":"\n\n<section class=\"section section--text-with-image  alignfull container squares-right\">\n  <svg version=\"1.1\" class=\"animated-square-graphic\" xmlns=\"http:\/\/www.w3.org\/2000\/svg\" xmlns:xlink=\"http:\/\/www.w3.org\/1999\/xlink\" x=\"0px\" y=\"0px\"\n\t viewBox=\"0 0 1084.85 1080\" style=\"enable-background:new 0 0 1084.85 1080;\" xml:space=\"preserve\">\n<style type=\"text\/css\">\n\t.st0{opacity:0.51;fill:#FEFEFE;}\n\t.st1{fill:#F4F4F5;}\n\t.st2{fill:#58C3D2;}\n\t.st3{fill:#E90D0B;}\n\t.st4{fill:#393D3F;}\n<\/style>\n<g>\n\t<path class=\"st0\" d=\"M275.09,0c0,20.92,0.02,41.84-0.04,62.75c-0.01,1.9,0.82,4.06-1.04,5.66c-1.33-1.48-1.49-3.32-1.5-5.17\n\t\tc-0.07-19.54-0.1-39.07,0.02-58.61c0.01-1,0.15-2,0.5-2.95c0.27-0.62,0.62-1.18,1.06-1.68C274.42,0,274.76,0,275.09,0z\"\/>\n\t<path class=\"st0\" d=\"M270.93,134.87c0,0.67,0,1.34,0,2.01c-1.96-0.21-3.39-1.13-2.71-3.24c0.6-1.87,2.15-2.92,4.31-2.71\n\t\tc21.9,2.09,43.85,0.35,65.77,0.92c-0.01,0.67-0.01,1.34-0.02,2.01c-1.73,0.94-3.6,0.46-5.4,0.47c-19.36,0.04-38.73,0.02-58.09,0.04\n\t\tC273.5,134.36,272.11,133.88,270.93,134.87z\"\/>\n\t<path class=\"st0\" d=\"M67.6,132.85c-0.22,2.23,0.79,3.24,3.02,3.02c-0.21,1.56-0.6,3.05-2.65,2.59c-1.53-0.34-2.62-1.44-2.96-2.96\n\t\tC64.55,133.46,66.04,133.06,67.6,132.85z\"\/>\n\t<path class=\"st0\" d=\"M270.93,134.87c0.15-0.9,0.44-1.31,1.6-1.31c21.92,0.15,43.84,0.21,65.76,0.29c-1.46,1.71-3.44,0.97-5.18,0.97\n\t\tC312.38,134.88,291.66,134.87,270.93,134.87z\"\/>\n\t<rect x=\"71.76\" y=\"67.43\" class=\"st1\" width=\"67.44\" height=\"67.44\"\/>\n\t<rect x=\"206.62\" class=\"st2\" width=\"67.44\" height=\"67.44\"\/>\n\t<rect x=\"410.45\" class=\"st2\" width=\"67.44\" height=\"67.44\"\/>\n\t<rect x=\"343.11\" y=\"67.73\" class=\"st2\" width=\"67.44\" height=\"67.44\"\/>\n\t<rect x=\"544.46\" y=\"0.06\" class=\"st1\" width=\"67.44\" height=\"67.44\"\/>\n\t<rect x=\"680.21\" class=\"st1\" width=\"67.44\" height=\"67.44\"\/>\n\t<rect x=\"815.09\" class=\"st1\" width=\"67.44\" height=\"67.44\"\/>\n\t<rect x=\"949.97\" class=\"st2\" width=\"67.44\" height=\"67.44\"\/>\n\t<rect x=\"477.89\" y=\"67.73\" class=\"st3\" width=\"67.44\" height=\"67.44\"\/>\n\t<rect x=\"612.77\" y=\"67.73\" class=\"st2\" width=\"67.44\" height=\"67.44\"\/>\n\t<rect x=\"747.65\" y=\"67.73\" class=\"st4\" width=\"67.44\" height=\"67.44\"\/>\n\t<rect x=\"882.53\" y=\"67.83\" class=\"st1\" width=\"67.44\" height=\"67.44\"\/>\n\t<rect x=\"1017.41\" y=\"67.73\" class=\"st2\" width=\"67.44\" height=\"67.44\"\/>\n\t<rect x=\"1017.41\" y=\"203.13\" class=\"st2\" width=\"67.44\" height=\"67.44\"\/>\n\t<rect x=\"275.67\" y=\"135.45\" class=\"st1\" width=\"67.44\" height=\"67.44\"\/>\n\t<rect x=\"208.23\" y=\"202.81\" class=\"st3\" width=\"67.44\" height=\"67.44\"\/>\n\t<rect x=\"1.8\" y=\"202.81\" class=\"st1\" width=\"67.44\" height=\"67.44\"\/>\n\t<rect x=\"69.24\" y=\"270.83\" class=\"st2\" width=\"67.44\" height=\"67.44\"\/>\n\t<rect x=\"410.55\" y=\"270.57\" class=\"st1\" width=\"67.44\" height=\"67.44\"\/>\n\t<rect x=\"545.43\" y=\"270.57\" class=\"st1\" width=\"67.44\" height=\"67.44\"\/>\n\t<rect x=\"680.44\" y=\"270.57\" class=\"st2\" width=\"67.44\" height=\"67.44\"\/>\n\t<rect x=\"815.3\" y=\"270.57\" class=\"st1\" width=\"67.44\" height=\"67.44\"\/>\n\t<rect x=\"950.11\" y=\"270.57\" class=\"st2\" width=\"67.44\" height=\"67.44\"\/>\n\t<rect x=\"1017.41\" y=\"270.57\" class=\"st4\" width=\"67.44\" height=\"67.44\"\/>\n\t<rect x=\"1017.41\" y=\"338.01\" class=\"st2\" width=\"67.44\" height=\"67.44\"\/>\n\t<rect x=\"882.5\" y=\"338.16\" class=\"st2\" width=\"67.44\" height=\"67.44\"\/>\n\t<rect x=\"747.86\" y=\"338.16\" class=\"st1\" width=\"67.44\" height=\"67.44\"\/>\n\t<rect x=\"612.87\" y=\"338.16\" class=\"st2\" width=\"67.44\" height=\"67.44\"\/>\n\t<rect x=\"271.44\" y=\"338.01\" class=\"st1\" width=\"67.44\" height=\"67.44\"\/>\n\t<rect x=\"136.7\" y=\"405.75\" class=\"st3\" width=\"67.44\" height=\"67.44\"\/>\n\t<rect x=\"407.3\" y=\"405.6\" class=\"st3\" width=\"67.44\" height=\"67.44\"\/>\n\t<rect x=\"815.06\" y=\"405.6\" class=\"st2\" width=\"67.44\" height=\"67.44\"\/>\n\t<rect x=\"950.11\" y=\"405.6\" class=\"st1\" width=\"67.44\" height=\"67.44\"\/>\n\t<rect x=\"1017.41\" y=\"473.04\" class=\"st1\" width=\"67.44\" height=\"67.44\"\/>\n\t<rect x=\"882.5\" y=\"473.04\" class=\"st1\" width=\"67.44\" height=\"67.44\"\/>\n\t<rect x=\"747.62\" y=\"473.04\" class=\"st1\" width=\"67.44\" height=\"67.44\"\/>\n\t<rect x=\"611.17\" y=\"473.04\" class=\"st4\" width=\"67.44\" height=\"67.44\"\/>\n\t<rect y=\"475.55\" class=\"st1\" width=\"67.44\" height=\"67.44\"\/>\n\t<rect x=\"410.55\" y=\"135.45\" class=\"st4\" width=\"67.44\" height=\"67.44\"\/>\n\t<rect x=\"680.42\" y=\"135.17\" class=\"st1\" width=\"67.44\" height=\"67.44\"\/>\n\t<rect x=\"815.23\" y=\"135.36\" class=\"st1\" width=\"67.44\" height=\"67.44\"\/>\n\t<rect x=\"950.12\" y=\"135.36\" class=\"st4\" width=\"67.44\" height=\"67.44\"\/>\n\t<rect x=\"343.11\" y=\"202.81\" class=\"st3\" width=\"67.44\" height=\"67.44\"\/>\n\t<rect x=\"477.99\" y=\"202.81\" class=\"st2\" width=\"67.44\" height=\"67.44\"\/>\n\t<rect x=\"613\" y=\"202.81\" class=\"st4\" width=\"67.44\" height=\"67.44\"\/>\n\t<rect x=\"747.86\" y=\"202.74\" class=\"st2\" width=\"67.44\" height=\"67.44\"\/>\n\t<rect x=\"882.67\" y=\"202.8\" class=\"st2\" width=\"67.44\" height=\"67.44\"\/>\n\t<rect x=\"950.08\" y=\"540.48\" class=\"st2\" width=\"67.44\" height=\"67.44\"\/>\n\t<rect x=\"815.06\" y=\"540.48\" class=\"st2\" width=\"67.44\" height=\"67.44\"\/>\n\t<rect x=\"1017.41\" y=\"607.92\" class=\"st2\" width=\"67.44\" height=\"67.44\"\/>\n\t<rect x=\"882.44\" y=\"607.92\" class=\"st4\" width=\"67.44\" height=\"67.44\"\/>\n\t<rect x=\"747.62\" y=\"607.92\" class=\"st4\" width=\"67.44\" height=\"67.44\"\/>\n\t<rect x=\"950.06\" y=\"675.36\" class=\"st1\" width=\"67.44\" height=\"67.44\"\/>\n\t<rect x=\"815\" y=\"675.36\" class=\"st2\" width=\"67.44\" height=\"67.44\"\/>\n\t<rect x=\"680.18\" y=\"675.36\" class=\"st2\" width=\"67.44\" height=\"67.44\"\/>\n\t<rect x=\"882.7\" y=\"742.8\" class=\"st1\" width=\"67.44\" height=\"67.44\"\/>\n\t<rect x=\"1017.41\" y=\"742.8\" class=\"st2\" width=\"67.44\" height=\"67.44\"\/>\n\t<rect x=\"1017.41\" y=\"810.24\" class=\"st1\" width=\"67.44\" height=\"67.44\"\/>\n\t<rect x=\"950.06\" y=\"810.24\" class=\"st2\" width=\"67.44\" height=\"67.44\"\/>\n\t<rect x=\"950.06\" y=\"877.68\" class=\"st3\" width=\"67.44\" height=\"67.44\"\/>\n\t<rect x=\"882.62\" y=\"877.68\" class=\"st2\" width=\"67.44\" height=\"67.44\"\/>\n\t<rect x=\"747.66\" y=\"877.68\" class=\"st3\" width=\"67.44\" height=\"67.44\"\/>\n\t<rect x=\"680.22\" y=\"877.68\" class=\"st1\" width=\"67.44\" height=\"67.44\"\/>\n\t<rect x=\"815.06\" y=\"945.12\" class=\"st4\" width=\"67.44\" height=\"67.44\"\/>\n\t<rect x=\"747.66\" y=\"945.12\" class=\"st2\" width=\"67.44\" height=\"67.44\"\/>\n\t<rect x=\"1017.5\" y=\"945.12\" class=\"st4\" width=\"67.44\" height=\"67.44\"\/>\n\t<rect x=\"950.06\" y=\"945.12\" class=\"st2\" width=\"67.44\" height=\"67.44\"\/>\n\t<rect x=\"882.5\" y=\"1012.56\" class=\"st4\" width=\"67.44\" height=\"67.44\"\/>\n\t<rect x=\"1017.5\" y=\"1012.56\" class=\"st2\" width=\"67.44\" height=\"67.44\"\/>\n\t<rect x=\"545.3\" y=\"1012.56\" class=\"st4\" width=\"67.44\" height=\"67.44\"\/>\n\t<rect x=\"407.54\" y=\"1012.56\" class=\"st2\" width=\"67.44\" height=\"67.44\"\/>\n\t<rect x=\"815.06\" y=\"1012.56\" class=\"st2\" width=\"67.44\" height=\"67.44\"\/>\n\t<rect x=\"747.66\" y=\"1012.56\" class=\"st3\" width=\"67.44\" height=\"67.44\"\/>\n\t<rect x=\"680.18\" y=\"1012.56\" class=\"st2\" width=\"67.44\" height=\"67.44\"\/>\n\t<rect x=\"747.62\" y=\"742.8\" class=\"st2\" width=\"67.44\" height=\"67.44\"\/>\n\t<rect x=\"612.74\" y=\"742.8\" class=\"st4\" width=\"67.44\" height=\"67.44\"\/>\n\t<rect x=\"545.3\" y=\"877.68\" class=\"st2\" width=\"67.44\" height=\"67.44\"\/>\n\t<rect x=\"612.74\" y=\"945.12\" class=\"st4\" width=\"67.44\" height=\"67.44\"\/>\n<\/g>\n<\/svg>\n  <div class=\"grid-container simple-fade\">\n    <div class=\"grid-x grid-padding-x align-middle\">\n      <div class=\"cell medium-6 medium-order-2\">\n\t\t  \t\t\t  <img decoding=\"async\" src=\"https:\/\/www.canarie.ca\/wp-content\/uploads\/2021\/02\/Network_Connectpg.png\" alt=\"\">\n\t\t        <\/div>\n      <div class=\"cell medium-6 medium-order-1 text-left text-cell \">\n  \t\t  \t\t          <h1 class=\"cssanimation leFadeIn\">Possibilit\u00e9s de carri\u00e8re sur le R\u00e9seau national de la recherche et de l\u2019\u00e9ducation <\/h1>\n  \t\t  \t\t                  <p class=\"subtitle fade-in-delay\">CANARIE et ses treize partenaires provinciaux et territoriaux forment le R\u00e9seau national de la recherche et de l\u2019\u00e9ducation (RNRE) du Canada. Si vous ne trouvez pas la carri\u00e8re dont vous r\u00eavez chez nous, examinez ce que proposent les autres organisations canadiennes associ\u00e9es au RNRE. <\/p>\n                              <\/div>\n    <\/div>\n  <\/div>\n<\/section>\n\n\n\n\n\n<figure class=\"wp-block-table\"><table><tbody><tr><td><strong>Partenaire du RNRE<\/strong>&nbsp;<\/td><td><strong>Possibilit\u00e9s de carri\u00e8re<\/strong>&nbsp;<\/td><td><strong>Si\u00e8ge social<\/strong>&nbsp;<\/td><\/tr><tr><td>Alberta&nbsp;:&nbsp;Cybera&nbsp; <\/td><td><a href=\"https:\/\/www.cybera.ca\/career-opportunities\/\" target=\"_blank\" rel=\"noreferrer noopener\">Cybera<\/a> <\/td><td>Calgary (Alberta)&nbsp; <\/td><\/tr><tr><td>Colombie-Britannique\u202f: BCNET&nbsp;<\/td><td><a href=\"https:\/\/www.bc.net\/about\/bcnet-careers\" target=\"_blank\" rel=\"noreferrer noopener\">BCNET<\/a><\/td><td>Vancouver (C.-B.)&nbsp;<\/td><\/tr><tr><td>l\u2019\u00cele-du-Prince-\u00c9douard : \u00ceP\u00c9 RI\u00c9&nbsp;   <\/td><td><a href=\"https:\/\/mrnet.mb.ca\/contact\/\" target=\"_blank\" rel=\"noreferrer noopener\"><\/a><a href=\"http:\/\/rie-nbipe.ca\/\" target=\"_blank\" rel=\"noreferrer noopener\">\u00ceP\u00c9 R\u00e9seau informatique \u00e9ducatif<\/a>&nbsp;<\/td><td>Charlottetown&nbsp;(\u00ceP\u00c9) <\/td><\/tr><tr><td>Manitoba&nbsp;:&nbsp;MRnet&nbsp; <\/td><td><a href=\"https:\/\/mrnet.mb.ca\/contact\/\" target=\"_blank\" rel=\"noreferrer noopener\">MRnet <\/a> <\/td><td>Winnipeg (MB)&nbsp; <\/td><\/tr><tr><td>Nouveau-Brunswick&nbsp;:&nbsp;NB&nbsp;RI\u00c9&nbsp;  <\/td><td><a href=\"http:\/\/rie-nbipe.ca\/\" target=\"_blank\" rel=\"noreferrer noopener\">University of New Brunswick<\/a><\/td><td>Fredericton&nbsp;(NB)&nbsp;<\/td><\/tr><tr><td>Nouvelle-\u00c9cosse&nbsp;:&nbsp;ACORN-NS&nbsp;<\/td><td><a href=\"https:\/\/acorn-ns.ca\/contact\" target=\"_blank\" rel=\"noreferrer noopener\">ACORN-NS<\/a>&nbsp;<\/td><td>Halifax (N.-\u00c9)&nbsp;<\/td><\/tr><tr><td>Nunavut : Nunavut Arctic College<\/td><td><a href=\"https:\/\/www.risq.quebec\/fr\/carrieres\" target=\"_blank\" rel=\"noreferrer noopener\"><\/a><a href=\"https:\/\/arcticcollege.ca\/careers\" target=\"_blank\" rel=\"noreferrer noopener\">Arctic College<\/a>&nbsp;<\/td><td>Nunavut (NT)<\/td><\/tr><tr><td>Ontario&nbsp;:&nbsp;ORION&nbsp;<\/td><td><a href=\"https:\/\/www.orion.on.ca\/about-us\/careers\/\" target=\"_blank\" rel=\"noreferrer noopener\">ORION<\/a>\u00a0<\/td><td>Toronto (ON)&nbsp;<\/td><\/tr><tr><td>Qu\u00e9bec&nbsp;:&nbsp;RISQ&nbsp; <\/td><td><a href=\"https:\/\/www.risq.quebec\/fr\/carrieres\" target=\"_blank\" rel=\"noreferrer noopener\">RISQ<\/a> <\/td><td>Montreal&nbsp;(QC)&nbsp; <\/td><\/tr><tr><td>Saskatchewan&nbsp;:&nbsp;SRNET&nbsp; <\/td><td><a href=\"https:\/\/srnet.ca\/about\/careers\/\" target=\"_blank\" rel=\"noreferrer noopener\">SRNET<\/a>&nbsp; <\/td><td>Saskatoon (SK) <\/td><\/tr><tr><td>Terre-Neuve&nbsp;:&nbsp;ACORN-NL&nbsp; <\/td><td><a href=\"https:\/\/www.acorn-nl.ca\/contact.html\" target=\"_blank\" rel=\"noreferrer noopener\">ACORN-NL<\/a>&nbsp; <\/td><td>St. John\u2019s (T.-N)&nbsp; <\/td><\/tr><tr><td>Territoires du Nord-Ouest : Aurora College<\/td><td><a href=\"https:\/\/www.auroracollege.nt.ca\/\" target=\"_blank\" rel=\"noreferrer noopener\">Aurora College<\/a><\/td><td>Inuvik (T.N.-O)<\/td><\/tr><tr><td>Yukon&nbsp;:&nbsp;Yukon University&nbsp;<\/td><td><a href=\"https:\/\/www.yukonu.ca\/about-us\/employment\" target=\"_blank\" rel=\"noreferrer noopener\">Yukon University <\/a><\/td><td>Whitehorse&nbsp;(YK)&nbsp;<\/td><\/tr><\/tbody><\/table><\/figure>\n\n\n\n<p><\/p>\n","protected":false},"excerpt":{"rendered":"<p>Partenaire du RNRE&nbsp; Possibilit\u00e9s de carri\u00e8re&nbsp; Si\u00e8ge social&nbsp; Alberta&nbsp;:&nbsp;Cybera&nbsp; Cybera Calgary (Alberta)&nbsp; Colombie-Britannique\u202f: BCNET&nbsp; BCNET Vancouver (C.-B.)&nbsp; l\u2019\u00cele-du-Prince-\u00c9douard : \u00ceP\u00c9 [&hellip;]<\/p>\n","protected":false},"author":12,"featured_media":0,"parent":6314,"menu_order":2,"comment_status":"closed","ping_status":"closed","template":"","meta":{"_acf_changed":false,"footnotes":""},"class_list":["post-28863","page","type-page","status-publish","hentry"],"acf":[],"yoast_head":"<!-- This site is optimized with the Yoast SEO plugin v27.4 - https:\/\/yoast.com\/product\/yoast-seo-wordpress\/ -->\n<title>Possibilit\u00e9s de carri\u00e8re sur le R\u00e9seau national de la recherche et de l\u2019\u00e9ducation - CANARIE<\/title>\n<meta name=\"robots\" content=\"index, follow, max-snippet:-1, max-image-preview:large, max-video-preview:-1\" \/>\n<link rel=\"canonical\" href=\"https:\/\/www.canarie.ca\/fr\/carrieres\/rnrepossibilites\/\" \/>\n<meta property=\"og:locale\" content=\"fr_FR\" \/>\n<meta property=\"og:type\" content=\"article\" \/>\n<meta property=\"og:title\" content=\"Possibilit\u00e9s de carri\u00e8re sur le R\u00e9seau national de la recherche et de l\u2019\u00e9ducation - CANARIE\" \/>\n<meta property=\"og:description\" content=\"Partenaire du RNRE&nbsp; Possibilit\u00e9s de carri\u00e8re&nbsp; Si\u00e8ge social&nbsp; Alberta&nbsp;:&nbsp;Cybera&nbsp; Cybera Calgary (Alberta)&nbsp; Colombie-Britannique\u202f: BCNET&nbsp; BCNET Vancouver (C.-B.)&nbsp; l\u2019\u00cele-du-Prince-\u00c9douard : \u00ceP\u00c9 [&hellip;]\" \/>\n<meta property=\"og:url\" content=\"https:\/\/www.canarie.ca\/fr\/carrieres\/rnrepossibilites\/\" \/>\n<meta property=\"og:site_name\" content=\"CANARIE\" \/>\n<meta property=\"article:modified_time\" content=\"2022-04-04T20:34:33+00:00\" \/>\n<meta name=\"twitter:card\" content=\"summary_large_image\" \/>\n<script type=\"application\/ld+json\" class=\"yoast-schema-graph\">{\"@context\":\"https:\\\/\\\/schema.org\",\"@graph\":[{\"@type\":\"WebPage\",\"@id\":\"https:\\\/\\\/www.canarie.ca\\\/fr\\\/carrieres\\\/rnrepossibilites\\\/\",\"url\":\"https:\\\/\\\/www.canarie.ca\\\/fr\\\/carrieres\\\/rnrepossibilites\\\/\",\"name\":\"Possibilit\u00e9s de carri\u00e8re sur le R\u00e9seau national de la recherche et de l\u2019\u00e9ducation - CANARIE\",\"isPartOf\":{\"@id\":\"https:\\\/\\\/www.canarie.ca\\\/#website\"},\"datePublished\":\"2021-11-25T18:28:11+00:00\",\"dateModified\":\"2022-04-04T20:34:33+00:00\",\"breadcrumb\":{\"@id\":\"https:\\\/\\\/www.canarie.ca\\\/fr\\\/carrieres\\\/rnrepossibilites\\\/#breadcrumb\"},\"inLanguage\":\"fr-FR\",\"potentialAction\":[{\"@type\":\"ReadAction\",\"target\":[\"https:\\\/\\\/www.canarie.ca\\\/fr\\\/carrieres\\\/rnrepossibilites\\\/\"]}]},{\"@type\":\"BreadcrumbList\",\"@id\":\"https:\\\/\\\/www.canarie.ca\\\/fr\\\/carrieres\\\/rnrepossibilites\\\/#breadcrumb\",\"itemListElement\":[{\"@type\":\"ListItem\",\"position\":1,\"name\":\"Accueil\",\"item\":\"https:\\\/\\\/www.canarie.ca\\\/fr\\\/\"},{\"@type\":\"ListItem\",\"position\":2,\"name\":\"Carri\u00e8res\",\"item\":\"https:\\\/\\\/www.canarie.ca\\\/fr\\\/carrieres\\\/\"},{\"@type\":\"ListItem\",\"position\":3,\"name\":\"Possibilit\u00e9s de carri\u00e8re sur le R\u00e9seau national de la recherche et de l\u2019\u00e9ducation\"}]},{\"@type\":\"WebSite\",\"@id\":\"https:\\\/\\\/www.canarie.ca\\\/#website\",\"url\":\"https:\\\/\\\/www.canarie.ca\\\/\",\"name\":\"CANARIE\",\"description\":\"\",\"potentialAction\":[{\"@type\":\"SearchAction\",\"target\":{\"@type\":\"EntryPoint\",\"urlTemplate\":\"https:\\\/\\\/www.canarie.ca\\\/?s={search_term_string}\"},\"query-input\":{\"@type\":\"PropertyValueSpecification\",\"valueRequired\":true,\"valueName\":\"search_term_string\"}}],\"inLanguage\":\"fr-FR\"}]}<\/script>\n<!-- \/ Yoast SEO plugin. -->","yoast_head_json":{"title":"Possibilit\u00e9s de carri\u00e8re sur le R\u00e9seau national de la recherche et de l\u2019\u00e9ducation - CANARIE","robots":{"index":"index","follow":"follow","max-snippet":"max-snippet:-1","max-image-preview":"max-image-preview:large","max-video-preview":"max-video-preview:-1"},"canonical":"https:\/\/www.canarie.ca\/fr\/carrieres\/rnrepossibilites\/","og_locale":"fr_FR","og_type":"article","og_title":"Possibilit\u00e9s de carri\u00e8re sur le R\u00e9seau national de la recherche et de l\u2019\u00e9ducation - CANARIE","og_description":"Partenaire du RNRE&nbsp; Possibilit\u00e9s de carri\u00e8re&nbsp; Si\u00e8ge social&nbsp; Alberta&nbsp;:&nbsp;Cybera&nbsp; Cybera Calgary (Alberta)&nbsp; Colombie-Britannique\u202f: BCNET&nbsp; BCNET Vancouver (C.-B.)&nbsp; l\u2019\u00cele-du-Prince-\u00c9douard : \u00ceP\u00c9 [&hellip;]","og_url":"https:\/\/www.canarie.ca\/fr\/carrieres\/rnrepossibilites\/","og_site_name":"CANARIE","article_modified_time":"2022-04-04T20:34:33+00:00","twitter_card":"summary_large_image","schema":{"@context":"https:\/\/schema.org","@graph":[{"@type":"WebPage","@id":"https:\/\/www.canarie.ca\/fr\/carrieres\/rnrepossibilites\/","url":"https:\/\/www.canarie.ca\/fr\/carrieres\/rnrepossibilites\/","name":"Possibilit\u00e9s de carri\u00e8re sur le R\u00e9seau national de la recherche et de l\u2019\u00e9ducation - CANARIE","isPartOf":{"@id":"https:\/\/www.canarie.ca\/#website"},"datePublished":"2021-11-25T18:28:11+00:00","dateModified":"2022-04-04T20:34:33+00:00","breadcrumb":{"@id":"https:\/\/www.canarie.ca\/fr\/carrieres\/rnrepossibilites\/#breadcrumb"},"inLanguage":"fr-FR","potentialAction":[{"@type":"ReadAction","target":["https:\/\/www.canarie.ca\/fr\/carrieres\/rnrepossibilites\/"]}]},{"@type":"BreadcrumbList","@id":"https:\/\/www.canarie.ca\/fr\/carrieres\/rnrepossibilites\/#breadcrumb","itemListElement":[{"@type":"ListItem","position":1,"name":"Accueil","item":"https:\/\/www.canarie.ca\/fr\/"},{"@type":"ListItem","position":2,"name":"Carri\u00e8res","item":"https:\/\/www.canarie.ca\/fr\/carrieres\/"},{"@type":"ListItem","position":3,"name":"Possibilit\u00e9s de carri\u00e8re sur le R\u00e9seau national de la recherche et de l\u2019\u00e9ducation"}]},{"@type":"WebSite","@id":"https:\/\/www.canarie.ca\/#website","url":"https:\/\/www.canarie.ca\/","name":"CANARIE","description":"","potentialAction":[{"@type":"SearchAction","target":{"@type":"EntryPoint","urlTemplate":"https:\/\/www.canarie.ca\/?s={search_term_string}"},"query-input":{"@type":"PropertyValueSpecification","valueRequired":true,"valueName":"search_term_string"}}],"inLanguage":"fr-FR"}]}},"_links":{"self":[{"href":"https:\/\/www.canarie.ca\/fr\/wp-json\/wp\/v2\/pages\/28863","targetHints":{"allow":["GET"]}}],"collection":[{"href":"https:\/\/www.canarie.ca\/fr\/wp-json\/wp\/v2\/pages"}],"about":[{"href":"https:\/\/www.canarie.ca\/fr\/wp-json\/wp\/v2\/types\/page"}],"author":[{"embeddable":true,"href":"https:\/\/www.canarie.ca\/fr\/wp-json\/wp\/v2\/users\/12"}],"replies":[{"embeddable":true,"href":"https:\/\/www.canarie.ca\/fr\/wp-json\/wp\/v2\/comments?post=28863"}],"version-history":[{"count":0,"href":"https:\/\/www.canarie.ca\/fr\/wp-json\/wp\/v2\/pages\/28863\/revisions"}],"up":[{"embeddable":true,"href":"https:\/\/www.canarie.ca\/fr\/wp-json\/wp\/v2\/pages\/6314"}],"wp:attachment":[{"href":"https:\/\/www.canarie.ca\/fr\/wp-json\/wp\/v2\/media?parent=28863"}],"curies":[{"name":"wp","href":"https:\/\/api.w.org\/{rel}","templated":true}]}}