{"id":30376,"date":"2022-03-18T14:22:30","date_gmt":"2022-03-18T18:22:30","guid":{"rendered":"https:\/\/www.canarie.ca\/nuage\/etudes-cas\/meet-the-builder-senofi\/"},"modified":"2022-03-25T13:50:26","modified_gmt":"2022-03-25T17:50:26","slug":"faites-connaissance-avec-le-batisseur-senofi","status":"publish","type":"page","link":"https:\/\/www.canarie.ca\/fr\/nuagepage\/etudes-cas\/faites-connaissance-avec-le-batisseur-senofi\/","title":{"rendered":"Faites connaissance avec le B\u00e2tisseur : Senofi"},"content":{"rendered":"\n\n<section class=\"section section--text-with-image  alignfull container squares-right\">\n    <div class=\"grid-container simple-fade\">\n    <div class=\"grid-x grid-padding-x align-middle\">\n      <div class=\"cell medium-5 \">\n\t\t  \t\t\t  <img decoding=\"async\" src=\"https:\/\/www.canarie.ca\/wp-content\/uploads\/2022\/03\/DAIR-Web-Graphics-4.png\" alt=\"\">\n\t\t        <\/div>\n      <div class=\"cell medium-7  text-left text-cell \">\n  \t\t                          <div class=\"fade-in-delay text-cell-text\"><h4>Bienvenue \u00e0 cette toute premi\u00e8re mouture de notre nouvelle s\u00e9rie \u00ab Faites connaissance avec le B\u00e2tisseur \u00bb qui met en vedette les cr\u00e9ateurs de Propulseurs et vous narre leur histoire.<\/h4>\n<p>Les Propulseurs sont des trousses gratuites, \u00e9prouv\u00e9es, sur des technologies \u00e9mergentes pr\u00e9cises : intelligence artificielle, Internet des objets ou cha\u00eenes de blocs. Ils sont con\u00e7us par des entreprises d\u2019exp\u00e9rience, qui ont cr\u00e9\u00e9 des produits ou des services au moyen de la technologie en question et ont accept\u00e9 de partager leur savoir-faire avec d\u2019autres.<\/p>\n<\/div>\n                        \t        \t          \t    <a class=\"button fade-in-delay\" href=\"http:\/\/www.senofi.ca\" target=\"_blank\">Faites connaissance avec le B\u00e2tisseur : Senofi<\/a>\n        \t          \t              <\/div>\n    <\/div>\n  <\/div>\n<\/section>\n\n\n\n\n\n<section class=\"section section--text-columns no-background\">\n    <div class=\"grid-container\">\n      <div class=\"grid-x grid-padding-x\">\n        <div class=\"cell\">\n                  \t<h3>Les cha\u00eenes de blocs : bien plus que les cryptomonnaies <\/h3>\n                    <p><span data-contrast=\"auto\">Il aura fallu vingt ans et un voyage outre-Atlantique pour que Tsvetan Georgiev et Yanko Zhelyazkov, les fondateurs de <\/span><a href=\"http:\/\/www.senofi.ca\" target=\"_blank\" rel=\"noopener\"><span data-contrast=\"none\">Senofi<\/span><\/a><span data-contrast=\"auto\">, se retrouvent. Ces deux sp\u00e9cialistes en TI s\u2019\u00e9taient initialement rencontr\u00e9s en Bulgarie, dans une entreprise dont SAP s\u2019est subs\u00e9quemment port\u00e9 acqu\u00e9reur. Par la suite, Yanko a immigr\u00e9 \u00e0 Vancouver, puis s\u2019est \u00e9tabli \u00e0 Montr\u00e9al, o\u00f9 il a repris contact avec Tsvetan et\u00b8 en 2018, le duo fondait Senofi.<\/span><span data-ccp-props=\"{&quot;201341983&quot;:0,&quot;335559739&quot;:160,&quot;335559740&quot;:259}\">\u00a0<\/span><\/p>\n<p><span data-contrast=\"auto\">Nos deux comp\u00e8res s\u2019\u00e9taient d\u00e9j\u00e0 attaqu\u00e9s \u00e0 des projets d\u2019envergure dans divers secteurs, de la vente au d\u00e9tail \u00e0 la gestion des relations avec la client\u00e8le, en passant par les syst\u00e8mes bancaires. \u00c0 en croire Tsvetan, ils ont vite compris l\u2019utilit\u00e9 de la nouvelle technologie des cha\u00eenes de blocs pour le monde des affaires et comment on pourrait l\u2019appliquer \u00e0 des projets d\u2019entreprise.<\/span><span data-ccp-props=\"{&quot;201341983&quot;:0,&quot;335559739&quot;:160,&quot;335559740&quot;:259}\">\u00a0<\/span><\/p>\n<p><span data-contrast=\"auto\">Les cofondateurs de Senofi savaient qu\u2019avec cette technologie, ils aideraient les entreprises \u00e0 partager et \u00e0 g\u00e9rer leurs donn\u00e9es en toute s\u00e9curit\u00e9. Les cha\u00eenes de blocs, pensent-ils, permettront de s\u00e9curiser l\u2019information lors des essais cliniques sur les m\u00e9dicaments \u2013 un besoin qui s\u2019est fait particuli\u00e8rement sentir durant la pand\u00e9mie de la COVID-19. Pour l\u2019instant, explique Yanko, cette technologie naissante ne sert pour ainsi dire qu\u2019aux cryptomonnaies, mais elle pr\u00e9sente des possibilit\u00e9s ind\u00e9niables pour le monde des affaires.<\/span><span data-ccp-props=\"{&quot;201341983&quot;:0,&quot;335559739&quot;:160,&quot;335559740&quot;:259}\">\u00a0<\/span><\/p>\n<p><span data-contrast=\"auto\">\u00ab Nous avons con\u00e7u une solution mod\u00e8le pour un probl\u00e8me auquel se bute la m\u00e9decine. Qu\u2019arrive-t-il quand on cr\u00e9e un m\u00e9dicament, par exemple? La technologie des cha\u00eenes de blocs autorise un partage et une communication s\u00e9curitaires des donn\u00e9es confidentielles qui \u00e9manent des essais, comme les renseignements sur les patients \u00bb, d\u00e9clare Yanko. \u00ab N\u2019importe quelle entreprise pourra se servir du Propulseur de Senofi pour voir comment fonctionne cette technologie, la comprendre et en tirer profit. \u00bb<\/span><span data-ccp-props=\"{&quot;201341983&quot;:0,&quot;335559739&quot;:160,&quot;335559740&quot;:259}\">\u00a0<\/span><\/p>\n<blockquote><p><span data-contrast=\"auto\"> Les cofondateurs de Senofi savaient qu\u2019avec cette technologie, ils aideraient les entreprises \u00e0 partager et \u00e0 g\u00e9rer leurs donn\u00e9es en toute s\u00e9curit\u00e9.<\/span><span data-ccp-props=\"{&quot;201341983&quot;:0,&quot;335559685&quot;:720,&quot;335559739&quot;:160,&quot;335559740&quot;:259}\">\u00a0<\/span><\/p><\/blockquote>\n<p><span data-contrast=\"auto\">Les fondateurs de Senofi sont devenus des b\u00e2tisseurs de Propulseurs apr\u00e8s avoir adh\u00e9r\u00e9 au programme de l\u2019ATIR. Ils ont parcouru le r\u00e9pertoire de Propulseurs et constat\u00e9 un manque. La majorit\u00e9 de ces derniers traitaient d\u2019intelligence artificielle ou de l\u2019Internet des objets, notamment, mais aucun des cha\u00eenes de blocs. Le Propulseur de Senofi aidera l\u2019utilisateur \u00e0 d\u00e9ployer Hyperledger Fabric \u2013 une variante de cette technologie \u2013 en un seul clic.\u00a0<\/span><span data-ccp-props=\"{&quot;201341983&quot;:0,&quot;335559739&quot;:160,&quot;335559740&quot;:259}\">\u00a0<\/span><\/p>\n<p><span data-contrast=\"auto\">\u00ab Nous voulions simplifier la cha\u00eene de blocs autant que possible \u00bb, avoue Tsvetan. \u00ab Il s\u2019agit un peu d\u2019une solution toute faite pour ceux qui souhaitent cr\u00e9er une application. \u00bb\u00a0<\/span><span data-ccp-props=\"{&quot;201341983&quot;:0,&quot;335559739&quot;:160,&quot;335559740&quot;:259}\">\u00a0<\/span><\/p>\n<p><span data-contrast=\"auto\">On trouvera le Propulseur de Senofi dans le r\u00e9pertoire de Propulseurs de CANARIE.\u00a0<\/span><span data-ccp-props=\"{&quot;201341983&quot;:0,&quot;335559739&quot;:160,&quot;335559740&quot;:259}\">\u00a0<\/span><\/p>\n<h3><b><span data-contrast=\"auto\">Int\u00e9ress\u00e9 \u00e0 b\u00e2tir un Propulseur?<\/span><\/b><span data-ccp-props=\"{&quot;201341983&quot;:0,&quot;335559739&quot;:160,&quot;335559740&quot;:259}\">\u00a0<\/span><\/h3>\n<p><span data-contrast=\"auto\">Nous sommes toujours \u00e0 la recherche de B\u00e2tisseurs! Visitez la <\/span><span data-contrast=\"none\">page Web sur <a href=\"https:\/\/www.canarie.ca\/fr\/nuage\/propulseurs\/\" target=\"_blank\" rel=\"noopener\">les Propulseurs de l\u2019ATIR<\/a><\/span><span data-contrast=\"auto\"> pour en apprendre davantage.\u00a0<\/span><span data-ccp-props=\"{&quot;201341983&quot;:0,&quot;335559739&quot;:160,&quot;335559740&quot;:259}\">\u00a0<\/span><\/p>\n<p><span data-contrast=\"auto\">Pour en savoir plus sur le programme ATIR, \u00e9crivez \u00e0 <\/span><a href=\"dair.admin@canarie.ca\" target=\"_blank\" rel=\"noopener\"><span data-contrast=\"none\">dair.admin@canarie.ca<\/span><span data-contrast=\"auto\">.<\/span>\u00a0<\/a><\/p>\n<h3><b><span data-contrast=\"auto\">Questions en rafale\u00a0<\/span><\/b><span data-ccp-props=\"{&quot;201341983&quot;:0,&quot;335559739&quot;:160,&quot;335559740&quot;:259}\">\u00a0<\/span><\/h3>\n<p><strong>1. Technologie pr\u00e9f\u00e9r\u00e9e que vous utilisez quotidiennement\u00a0<\/strong><\/p>\n<p><b><span data-contrast=\"none\">Yanko :<\/span><\/b><span data-contrast=\"none\"> Mac OS<\/span><span data-ccp-props=\"{&quot;201341983&quot;:0,&quot;335559731&quot;:720,&quot;335559739&quot;:160,&quot;335559740&quot;:259}\">\u00a0<\/span><\/p>\n<p><b><span data-contrast=\"none\">Tsvetan :<\/span><\/b><span data-contrast=\"none\"> Linux<\/span><span data-ccp-props=\"{&quot;201341983&quot;:0,&quot;335559731&quot;:720,&quot;335559739&quot;:160,&quot;335559740&quot;:259}\">\u00a0<\/span><\/p>\n<p><strong>2. Quelle est votre source d\u2019inspiration? \u00a0<\/strong><\/p>\n<p><b><span data-contrast=\"none\">Tsvetan :<\/span><\/b><span data-contrast=\"none\"> Mon grand-p\u00e8re. Je garde de bons souvenirs de lui. C\u2019\u00e9tait un travailleur acharn\u00e9 qui terminait tout ce qu\u2019il entreprenait.<\/span><span data-ccp-props=\"{&quot;201341983&quot;:0,&quot;335559731&quot;:11,&quot;335559739&quot;:160,&quot;335559740&quot;:259}\">\u00a0<\/span><\/p>\n<p><strong>3. Quelle est l\u2019entreprise ou la ressource la plus sous-estim\u00e9e au pays qui vous a \u00e9t\u00e9 le plus utile?\u00a0\u00a0<\/strong><\/p>\n<p><span data-contrast=\"none\">Le <\/span><span data-contrast=\"none\">gouvernement du Canada<\/span><span data-contrast=\"none\">. Nous y avons appris l\u2019existence de l\u2019ATIR et de ses avantages.\u00a0<\/span><span data-ccp-props=\"{&quot;201341983&quot;:0,&quot;335559731&quot;:11,&quot;335559739&quot;:160,&quot;335559740&quot;:259}\">\u00a0<\/span><\/p>\n<p><strong>4. O\u00f9 rencontrez-vous d\u2019autres entrepreneurs ou jeunes pousses ayant la m\u00eame attitude?\u00a0\u00a0<\/strong><\/p>\n<p><span data-contrast=\"none\">Des groupes de rencontre \u00e0 Montr\u00e9al, Ottawa et Vancouver. Nous faisons aussi partie du r\u00e9seau <\/span><span data-contrast=\"none\"><a href=\"https:\/\/openidl.org\/members\/\" target=\"_blank\" rel=\"noopener\">OpenIDL<\/a>.<\/span><span data-ccp-props=\"{&quot;201341983&quot;:0,&quot;335559731&quot;:11,&quot;335559739&quot;:160,&quot;335559740&quot;:259}\">\u00a0<\/span><\/p>\n                  <\/div>\n      <\/div>\n    <\/div>\n  <\/section>\n\n\n<div class=\"wp-block-buttons is-layout-flex wp-block-buttons-is-layout-flex\">\n<div class=\"wp-block-button aligncenter\"><a class=\"wp-block-button__link\" href=\"senofi.ca\" target=\"_blank\" rel=\"noreferrer noopener\">En savoir plus sur Senofi<\/a><\/div>\n<\/div>\n","protected":false},"excerpt":{"rendered":"","protected":false},"author":12,"featured_media":30420,"parent":7927,"menu_order":0,"comment_status":"closed","ping_status":"closed","template":"","meta":{"_acf_changed":false,"footnotes":""},"class_list":["post-30376","page","type-page","status-publish","has-post-thumbnail","hentry"],"acf":[],"yoast_head":"<!-- This site is optimized with the Yoast SEO plugin v27.4 - https:\/\/yoast.com\/product\/yoast-seo-wordpress\/ -->\n<title>Faites connaissance avec le B\u00e2tisseur : Senofi - CANARIE<\/title>\n<meta name=\"robots\" content=\"index, follow, max-snippet:-1, max-image-preview:large, max-video-preview:-1\" \/>\n<link rel=\"canonical\" href=\"https:\/\/www.canarie.ca\/fr\/nuagepage\/etudes-cas\/faites-connaissance-avec-le-batisseur-senofi\/\" \/>\n<meta property=\"og:locale\" content=\"fr_FR\" \/>\n<meta property=\"og:type\" content=\"article\" \/>\n<meta property=\"og:title\" content=\"Faites connaissance avec le B\u00e2tisseur : Senofi - CANARIE\" \/>\n<meta property=\"og:url\" content=\"https:\/\/www.canarie.ca\/fr\/nuagepage\/etudes-cas\/faites-connaissance-avec-le-batisseur-senofi\/\" \/>\n<meta property=\"og:site_name\" content=\"CANARIE\" \/>\n<meta property=\"article:modified_time\" content=\"2022-03-25T17:50:26+00:00\" \/>\n<meta property=\"og:image\" content=\"https:\/\/www.canarie.ca\/wp-content\/uploads\/2022\/03\/DAIR-Web-Graphics-4.png\" \/>\n\t<meta property=\"og:image:width\" content=\"608\" \/>\n\t<meta property=\"og:image:height\" content=\"405\" \/>\n\t<meta property=\"og:image:type\" content=\"image\/png\" \/>\n<meta name=\"twitter:card\" content=\"summary_large_image\" \/>\n<script type=\"application\/ld+json\" class=\"yoast-schema-graph\">{\"@context\":\"https:\\\/\\\/schema.org\",\"@graph\":[{\"@type\":\"WebPage\",\"@id\":\"https:\\\/\\\/www.canarie.ca\\\/fr\\\/nuagepage\\\/etudes-cas\\\/faites-connaissance-avec-le-batisseur-senofi\\\/\",\"url\":\"https:\\\/\\\/www.canarie.ca\\\/fr\\\/nuagepage\\\/etudes-cas\\\/faites-connaissance-avec-le-batisseur-senofi\\\/\",\"name\":\"Faites connaissance avec le B\u00e2tisseur : Senofi - CANARIE\",\"isPartOf\":{\"@id\":\"https:\\\/\\\/www.canarie.ca\\\/#website\"},\"primaryImageOfPage\":{\"@id\":\"https:\\\/\\\/www.canarie.ca\\\/fr\\\/nuagepage\\\/etudes-cas\\\/faites-connaissance-avec-le-batisseur-senofi\\\/#primaryimage\"},\"image\":{\"@id\":\"https:\\\/\\\/www.canarie.ca\\\/fr\\\/nuagepage\\\/etudes-cas\\\/faites-connaissance-avec-le-batisseur-senofi\\\/#primaryimage\"},\"thumbnailUrl\":\"https:\\\/\\\/www.canarie.ca\\\/wp-content\\\/uploads\\\/2022\\\/03\\\/DAIR-Web-Graphics-4.png\",\"datePublished\":\"2022-03-18T18:22:30+00:00\",\"dateModified\":\"2022-03-25T17:50:26+00:00\",\"breadcrumb\":{\"@id\":\"https:\\\/\\\/www.canarie.ca\\\/fr\\\/nuagepage\\\/etudes-cas\\\/faites-connaissance-avec-le-batisseur-senofi\\\/#breadcrumb\"},\"inLanguage\":\"fr-FR\",\"potentialAction\":[{\"@type\":\"ReadAction\",\"target\":[\"https:\\\/\\\/www.canarie.ca\\\/fr\\\/nuagepage\\\/etudes-cas\\\/faites-connaissance-avec-le-batisseur-senofi\\\/\"]}]},{\"@type\":\"ImageObject\",\"inLanguage\":\"fr-FR\",\"@id\":\"https:\\\/\\\/www.canarie.ca\\\/fr\\\/nuagepage\\\/etudes-cas\\\/faites-connaissance-avec-le-batisseur-senofi\\\/#primaryimage\",\"url\":\"https:\\\/\\\/www.canarie.ca\\\/wp-content\\\/uploads\\\/2022\\\/03\\\/DAIR-Web-Graphics-4.png\",\"contentUrl\":\"https:\\\/\\\/www.canarie.ca\\\/wp-content\\\/uploads\\\/2022\\\/03\\\/DAIR-Web-Graphics-4.png\",\"width\":608,\"height\":405},{\"@type\":\"BreadcrumbList\",\"@id\":\"https:\\\/\\\/www.canarie.ca\\\/fr\\\/nuagepage\\\/etudes-cas\\\/faites-connaissance-avec-le-batisseur-senofi\\\/#breadcrumb\",\"itemListElement\":[{\"@type\":\"ListItem\",\"position\":1,\"name\":\"Accueil\",\"item\":\"https:\\\/\\\/www.canarie.ca\\\/fr\\\/homepage\\\/\"},{\"@type\":\"ListItem\",\"position\":2,\"name\":\"Programme \u00ab Nuage de l\u2019ATIR \u00bb\",\"item\":\"https:\\\/\\\/www.canarie.ca\\\/fr\\\/?page_id=6512\"},{\"@type\":\"ListItem\",\"position\":3,\"name\":\"\u00c9tudes de cas\",\"item\":\"https:\\\/\\\/www.canarie.ca\\\/fr\\\/nuagepage\\\/etudes-cas\\\/\"},{\"@type\":\"ListItem\",\"position\":4,\"name\":\"Faites connaissance avec le B\u00e2tisseur : Senofi\"}]},{\"@type\":\"WebSite\",\"@id\":\"https:\\\/\\\/www.canarie.ca\\\/#website\",\"url\":\"https:\\\/\\\/www.canarie.ca\\\/\",\"name\":\"CANARIE\",\"description\":\"\",\"potentialAction\":[{\"@type\":\"SearchAction\",\"target\":{\"@type\":\"EntryPoint\",\"urlTemplate\":\"https:\\\/\\\/www.canarie.ca\\\/?s={search_term_string}\"},\"query-input\":{\"@type\":\"PropertyValueSpecification\",\"valueRequired\":true,\"valueName\":\"search_term_string\"}}],\"inLanguage\":\"fr-FR\"}]}<\/script>\n<!-- \/ Yoast SEO plugin. -->","yoast_head_json":{"title":"Faites connaissance avec le B\u00e2tisseur : Senofi - CANARIE","robots":{"index":"index","follow":"follow","max-snippet":"max-snippet:-1","max-image-preview":"max-image-preview:large","max-video-preview":"max-video-preview:-1"},"canonical":"https:\/\/www.canarie.ca\/fr\/nuagepage\/etudes-cas\/faites-connaissance-avec-le-batisseur-senofi\/","og_locale":"fr_FR","og_type":"article","og_title":"Faites connaissance avec le B\u00e2tisseur : Senofi - CANARIE","og_url":"https:\/\/www.canarie.ca\/fr\/nuagepage\/etudes-cas\/faites-connaissance-avec-le-batisseur-senofi\/","og_site_name":"CANARIE","article_modified_time":"2022-03-25T17:50:26+00:00","og_image":[{"width":608,"height":405,"url":"https:\/\/www.canarie.ca\/wp-content\/uploads\/2022\/03\/DAIR-Web-Graphics-4.png","type":"image\/png"}],"twitter_card":"summary_large_image","schema":{"@context":"https:\/\/schema.org","@graph":[{"@type":"WebPage","@id":"https:\/\/www.canarie.ca\/fr\/nuagepage\/etudes-cas\/faites-connaissance-avec-le-batisseur-senofi\/","url":"https:\/\/www.canarie.ca\/fr\/nuagepage\/etudes-cas\/faites-connaissance-avec-le-batisseur-senofi\/","name":"Faites connaissance avec le B\u00e2tisseur : Senofi - CANARIE","isPartOf":{"@id":"https:\/\/www.canarie.ca\/#website"},"primaryImageOfPage":{"@id":"https:\/\/www.canarie.ca\/fr\/nuagepage\/etudes-cas\/faites-connaissance-avec-le-batisseur-senofi\/#primaryimage"},"image":{"@id":"https:\/\/www.canarie.ca\/fr\/nuagepage\/etudes-cas\/faites-connaissance-avec-le-batisseur-senofi\/#primaryimage"},"thumbnailUrl":"https:\/\/www.canarie.ca\/wp-content\/uploads\/2022\/03\/DAIR-Web-Graphics-4.png","datePublished":"2022-03-18T18:22:30+00:00","dateModified":"2022-03-25T17:50:26+00:00","breadcrumb":{"@id":"https:\/\/www.canarie.ca\/fr\/nuagepage\/etudes-cas\/faites-connaissance-avec-le-batisseur-senofi\/#breadcrumb"},"inLanguage":"fr-FR","potentialAction":[{"@type":"ReadAction","target":["https:\/\/www.canarie.ca\/fr\/nuagepage\/etudes-cas\/faites-connaissance-avec-le-batisseur-senofi\/"]}]},{"@type":"ImageObject","inLanguage":"fr-FR","@id":"https:\/\/www.canarie.ca\/fr\/nuagepage\/etudes-cas\/faites-connaissance-avec-le-batisseur-senofi\/#primaryimage","url":"https:\/\/www.canarie.ca\/wp-content\/uploads\/2022\/03\/DAIR-Web-Graphics-4.png","contentUrl":"https:\/\/www.canarie.ca\/wp-content\/uploads\/2022\/03\/DAIR-Web-Graphics-4.png","width":608,"height":405},{"@type":"BreadcrumbList","@id":"https:\/\/www.canarie.ca\/fr\/nuagepage\/etudes-cas\/faites-connaissance-avec-le-batisseur-senofi\/#breadcrumb","itemListElement":[{"@type":"ListItem","position":1,"name":"Accueil","item":"https:\/\/www.canarie.ca\/fr\/homepage\/"},{"@type":"ListItem","position":2,"name":"Programme \u00ab Nuage de l\u2019ATIR \u00bb","item":"https:\/\/www.canarie.ca\/fr\/?page_id=6512"},{"@type":"ListItem","position":3,"name":"\u00c9tudes de cas","item":"https:\/\/www.canarie.ca\/fr\/nuagepage\/etudes-cas\/"},{"@type":"ListItem","position":4,"name":"Faites connaissance avec le B\u00e2tisseur : Senofi"}]},{"@type":"WebSite","@id":"https:\/\/www.canarie.ca\/#website","url":"https:\/\/www.canarie.ca\/","name":"CANARIE","description":"","potentialAction":[{"@type":"SearchAction","target":{"@type":"EntryPoint","urlTemplate":"https:\/\/www.canarie.ca\/?s={search_term_string}"},"query-input":{"@type":"PropertyValueSpecification","valueRequired":true,"valueName":"search_term_string"}}],"inLanguage":"fr-FR"}]}},"_links":{"self":[{"href":"https:\/\/www.canarie.ca\/fr\/wp-json\/wp\/v2\/pages\/30376","targetHints":{"allow":["GET"]}}],"collection":[{"href":"https:\/\/www.canarie.ca\/fr\/wp-json\/wp\/v2\/pages"}],"about":[{"href":"https:\/\/www.canarie.ca\/fr\/wp-json\/wp\/v2\/types\/page"}],"author":[{"embeddable":true,"href":"https:\/\/www.canarie.ca\/fr\/wp-json\/wp\/v2\/users\/12"}],"replies":[{"embeddable":true,"href":"https:\/\/www.canarie.ca\/fr\/wp-json\/wp\/v2\/comments?post=30376"}],"version-history":[{"count":0,"href":"https:\/\/www.canarie.ca\/fr\/wp-json\/wp\/v2\/pages\/30376\/revisions"}],"up":[{"embeddable":true,"href":"https:\/\/www.canarie.ca\/fr\/wp-json\/wp\/v2\/pages\/7927"}],"wp:featuredmedia":[{"embeddable":true,"href":"https:\/\/www.canarie.ca\/fr\/wp-json\/wp\/v2\/media\/30420"}],"wp:attachment":[{"href":"https:\/\/www.canarie.ca\/fr\/wp-json\/wp\/v2\/media?parent=30376"}],"curies":[{"name":"wp","href":"https:\/\/api.w.org\/{rel}","templated":true}]}}