{"id":3077,"date":"2021-01-12T10:05:22","date_gmt":"2021-01-12T15:05:22","guid":{"rendered":"https:\/\/canarie.machinedev.ca\/reseau\/services\/"},"modified":"2021-05-13T15:30:17","modified_gmt":"2021-05-13T19:30:17","slug":"services","status":"publish","type":"page","link":"https:\/\/www.canarie.ca\/fr\/reseau\/services\/","title":{"rendered":"Services r\u00e9seau"},"content":{"rendered":"\n<h1 class=\"has-text-align-center wp-block-heading\">Services r\u00e9seau<\/h1>\n\n\n\n<div style=\"height:50px\" aria-hidden=\"true\" class=\"wp-block-spacer\"><\/div>\n\n\n\n<h2 class=\"has-text-align-center wp-block-heading\">Les institutions connect\u00e9es au R\u00e9seau national de la recherche et de l\u2019\u00e9ducation (RNRE) du Canada pourraient aussi b\u00e9n\u00e9ficier d\u2019autres services offerts par le r\u00e9seau CANARIE.<\/h2>\n\n\n\n<div style=\"height:50px\" aria-hidden=\"true\" class=\"wp-block-spacer\"><\/div>\n\n\n\n<section class=\"section section--callouts image-callouts alignfull hide-for-mobile\">\n    <div class=\"grid-container simple-fade\">\n                    <div class=\"grid-x grid-padding-x align-center\">\n                      <div class=\"cell medium-6 large-4 text-center\">\n                <div class=\"callout-image-wrapper\">\n      \t\t\t\t  <div class=\"callout-image\" style=\"background-image: url(https:\/\/www.canarie.ca\/wp-content\/uploads\/2021\/02\/network_cdsbutton.png); background-size: cover; background-position: center center;\"><\/div>\n      \t\t\t\t  <div class=\"callout-overlay\"><\/div>\n                                  <h2>Service de diffusion de contenu (SDC)<\/h2>\n                          \t\t\t\t<div class=\"callout-hover-reveal\">\n          \t\t\t\t\t  \t                  <h2 class=\"bold\">Service de diffusion de contenu (SDC)<\/h2>\n  \t                          \t\t\t\t\t  \t                  <p>Gr\u00e2ce \u00e0 ce service, les institutions connect\u00e9es au r\u00e9seau CANARIE disposent d\u2019un acc\u00e8s ultrarapide \u00e0 une liste de fournisseurs de contenu approuv\u00e9s.<\/p>\n  \t                          \t\t\t\t\t  \t                \t<a class=\"button button-orange\" href=\"https:\/\/www.canarie.ca\/fr\/reseau\/services\/sdc\/\" target=\"_self\">Plus sur le SDC<\/a>\n  \t                          \t\t\t\t<\/div>\n                <\/div>\n              <\/div>\n                            <div class=\"cell medium-6 large-4 text-center\">\n                <div class=\"callout-image-wrapper\">\n      \t\t\t\t  <div class=\"callout-image\" style=\"background-image: url(https:\/\/www.canarie.ca\/wp-content\/uploads\/2021\/02\/network_lightpath.png); background-size: cover; background-position: center center;\"><\/div>\n      \t\t\t\t  <div class=\"callout-overlay\"><\/div>\n                                  <h2>Service de route optique<\/h2>\n                          \t\t\t\t<div class=\"callout-hover-reveal\">\n          \t\t\t\t\t  \t                  <h2 class=\"bold\">Service de route optique<\/h2>\n  \t                          \t\t\t\t\t  \t                  <p>Ce service met \u00e0 la disposition des chercheurs des ressources d\u00e9di\u00e9es sur l\u2019infrastructure du r\u00e9seau CANARIE afin qu\u2019ils puissent b\u00e2tir leur propre r\u00e9seau.<\/p>\n  \t                          \t\t\t\t\t  \t                \t<a class=\"button button-orange\" href=\"https:\/\/www.canarie.ca\/fr\/reseau\/services\/route-optique\/\" target=\"_self\">Plus sur le Service de trajet optique<\/a>\n  \t                          \t\t\t\t<\/div>\n                <\/div>\n              <\/div>\n                            <div class=\"cell medium-6 large-4 text-center\">\n                <div class=\"callout-image-wrapper\">\n      \t\t\t\t  <div class=\"callout-image\" style=\"background-image: url(https:\/\/www.canarie.ca\/wp-content\/uploads\/2021\/02\/network_cloud-adoption-3.png); background-size: cover; background-position: center center;\"><\/div>\n      \t\t\t\t  <div class=\"callout-overlay\"><\/div>\n                                  <h2>Aide \u00e0 l\u2019adoption d\u2019un nuage<\/h2>\n                          \t\t\t\t<div class=\"callout-hover-reveal\">\n          \t\t\t\t\t  \t                  <h2 class=\"bold\">Aide \u00e0 l\u2019adoption d\u2019un nuage<\/h2>\n  \t                          \t\t\t\t\t  \t                  <p>Pour mieux tirer parti du d\u00e9bit tr\u00e8s \u00e9lev\u00e9 du r\u00e9seau de la recherche et de l\u2019\u00e9ducation, les fournisseurs commerciaux de services en nuage proposent une ristourne ou des d\u00e9rogations sur le co\u00fbt de sortie des donn\u00e9es lorsqu\u2019elles sont destin\u00e9es au milieu universitaire.<\/p>\n  \t                          \t\t\t\t\t  \t                \t<a class=\"button button-orange\" href=\"https:\/\/www.canarie.ca\/fr\/reseau\/services\/aide-nuage\/\" target=\"_self\">D\u00e9couvrez-en plus sur les fa\u00e7ons dont nous pouvons vous aider \u00e0 exploiter l\u2019infonuagique pour la recherche et l\u2019\u00e9ducation<\/a>\n  \t                          \t\t\t\t<\/div>\n                <\/div>\n              <\/div>\n                        <\/div>\n            <\/div>\n<\/section>\n\n\n  <section class=\"section section--accordion mobile-only-section\">\n    <div class=\"grid-container\">\n                    <ul class=\"accordion\" data-accordion data-allow-all-closed=\"true\">\n                      <li class=\"accordion-item\" data-accordion-item>\n                <a href=\"#\" class=\"accordion-title\">Service de diffusion de contenu (SDC)<\/a>\n                <div class=\"accordion-content\" data-tab-content>\n                    \t                  <p><p>Gr\u00e2ce \u00e0 ce service, les institutions connect\u00e9es au r\u00e9seau CANARIE disposent d\u2019un acc\u00e8s ultrarapide \u00e0 une liste de fournisseurs de contenu approuv\u00e9s.<\/p>\n<\/p>\n  \t                                    \t                \t<a class=\"button button-orange\" href=\"https:\/\/www.canarie.ca\/fr\/reseau\/services\/sdc\/\" target=\"_self\">Plus sur le SDC<\/a>\n  \t                                <\/div>\n              <\/li>\n                            <li class=\"accordion-item\" data-accordion-item>\n                <a href=\"#\" class=\"accordion-title\">Service de route optique<\/a>\n                <div class=\"accordion-content\" data-tab-content>\n                    \t                  <p><p>Ce service met \u00e0 la disposition des chercheurs des ressources d\u00e9di\u00e9es sur l\u2019infrastructure du r\u00e9seau CANARIE afin qu\u2019ils puissent b\u00e2tir leur propre r\u00e9seau.<\/p>\n<\/p>\n  \t                                    \t                \t<a class=\"button button-orange\" href=\"https:\/\/www.canarie.ca\/fr\/reseau\/services\/route-optique\/\" target=\"_self\">Plus sur le Service de trajet optique<\/a>\n  \t                                <\/div>\n              <\/li>\n                            <li class=\"accordion-item\" data-accordion-item>\n                <a href=\"#\" class=\"accordion-title\">Aide \u00e0 l\u2019adoption d\u2019un nuage<\/a>\n                <div class=\"accordion-content\" data-tab-content>\n                    \t                  <p><p>Pour mieux tirer parti du d\u00e9bit tr\u00e8s \u00e9lev\u00e9 du r\u00e9seau de la recherche et de l\u2019\u00e9ducation, les fournisseurs commerciaux de services en nuage proposent une ristourne ou des d\u00e9rogations sur le co\u00fbt de sortie des donn\u00e9es lorsqu\u2019elles sont destin\u00e9es au milieu universitaire.<\/p>\n<\/p>\n  \t                                    \t                \t<a class=\"button button-orange\" href=\"https:\/\/www.canarie.ca\/fr\/reseau\/services\/aide-nuage\/\" target=\"_self\">D\u00e9couvrez-en plus sur les fa\u00e7ons dont nous pouvons vous aider \u00e0 exploiter l\u2019infonuagique pour la recherche et l\u2019\u00e9ducation<\/a>\n  \t                                <\/div>\n              <\/li>\n                        <\/ul>\n              <\/div>\n  <\/section>\n\n\n\n\n<section class=\"section section--quick-links\">\n    <div class=\"grid-container\">\n      <div class=\"grid-x grid-padding-x\">\n        <div class=\"cell\">\n                  \t<h2>Liens rapides<\/h2>\n                                <div class=\"wp-block-buttons\">\n                \t\t\t\t  \t<a class=\"button wp-block-button__link\" href=\"https:\/\/www.canarie.ca\/wp-content\/uploads\/2021\/01\/Fiche-dinformation-Reseau.pdf\" target=\"_blank\">Fiche d\u2019information sur le r\u00e9seau CANARIE<\/a><br>\n    \t\t\t        \t\t\t\t  \t<a class=\"button wp-block-button__link\" href=\"https:\/\/www.canarie.ca\/fr\/reseau\/soutien\/\" target=\"_self\">Soutien technique<\/a><br>\n    \t\t\t        \t\t\t  <\/div>\n    \t\t\t          <\/div>\n      <\/div>\n    <\/div>\n  <\/section>\n\n\n<section class=\"section section--program-news alignfull\">\n  <div class=\"grid-container simple-fade\">\n\t<div class=\"hr-title\">\n    \t<h3 class=\"column-title uppercase\">Nouvelles du programme<\/h3>\n    \t<div class=\"after\"><\/div>\n\t<\/div>\n\t\n\t\t\t<div class=\"grid-x grid-padding-x mobile-slider-single\">\n\t\t\t\t\t<div class=\"cell medium-6\">\n\t\t\t\t<div class=\"news-block\">\n\t\t\t\t\t<div class=\"grid-x\">\n\t\t\t\t\t\t<div class=\"cell medium-4\">\n\t\t\t\t\t\t\t<div class=\"news-block-image\" style=\"background-image: url(https:\/\/www.canarie.ca\/wp-content\/uploads\/2020\/10\/news_corporate.png); background-size: cover; background-position: center center;\"><\/div>\n\t\t\t\t\t\t<\/div>\n\t\t\t\t\t\t<div class=\"cell medium-8\">\n\t\t\t\t\t\t\t<div class=\"news-block-content\">\n\t\t\t\t\t\t\t\t<p class=\"news-date\">le 05 mars, 2026<\/p>\n\t\t\t\t\t\t\t\t<p>CANARIE, SURF et NORDUnet renforcent la connectivit\u00e9 mondiale dans le secteur de la recherche et de l\u2019\u00e9ducation en haussant le d\u00e9bit de la liaison Montr\u00e9al\u2013Amsterdam \u00e0 400\u00a0G<\/p>\n\t\t\t\t\t\t\t\t<a href=\"https:\/\/www.canarie.ca\/fr\/canarie-surf-et-nordunet-renforcent-la-connectivite-mondiale-dans-le-secteur-de-la-recherche-et-de-leducation-en-haussant-le-debit-de-la-liaison-montreal-amsterdam-a-400-g\/\" class=\"link\">En apprendre plus<\/a>\n\t\t\t\t\t\t\t<\/div>\n\t\t\t\t\t\t<\/div>\n\t\t\t\t\t<\/div>\n\t\t\t\t<\/div>\n\t\t\t<\/div>\n\t\t\t\t\t\t<div class=\"cell medium-6\">\n\t\t\t\t<div class=\"news-block\">\n\t\t\t\t\t<div class=\"grid-x\">\n\t\t\t\t\t\t<div class=\"cell medium-4\">\n\t\t\t\t\t\t\t<div class=\"news-block-image\" style=\"background-image: url(https:\/\/www.canarie.ca\/wp-content\/uploads\/2021\/03\/News-image_network.png); background-size: cover; background-position: center center;\"><\/div>\n\t\t\t\t\t\t<\/div>\n\t\t\t\t\t\t<div class=\"cell medium-8\">\n\t\t\t\t\t\t\t<div class=\"news-block-content\">\n\t\t\t\t\t\t\t\t<p class=\"news-date\">le 05 d\u00e9cembre, 2024<\/p>\n\t\t\t\t\t\t\t\t<p>Renforcement de la liaison num\u00e9rique transatlantique<\/p>\n\t\t\t\t\t\t\t\t<a href=\"https:\/\/www.canarie.ca\/fr\/renforcement-de-la-liaison-numerique-transatlantique\/\" class=\"link\">En apprendre plus<\/a>\n\t\t\t\t\t\t\t<\/div>\n\t\t\t\t\t\t<\/div>\n\t\t\t\t\t<\/div>\n\t\t\t\t<\/div>\n\t\t\t<\/div>\n\t\t\t\t\t\t<div class=\"cell medium-6\">\n\t\t\t\t<div class=\"news-block\">\n\t\t\t\t\t<div class=\"grid-x\">\n\t\t\t\t\t\t<div class=\"cell medium-4\">\n\t\t\t\t\t\t\t<div class=\"news-block-image\" style=\"background-image: url(https:\/\/www.canarie.ca\/wp-content\/uploads\/2021\/03\/News-image_network.png); background-size: cover; background-position: center center;\"><\/div>\n\t\t\t\t\t\t<\/div>\n\t\t\t\t\t\t<div class=\"cell medium-8\">\n\t\t\t\t\t\t\t<div class=\"news-block-content\">\n\t\t\t\t\t\t\t\t<p class=\"news-date\">le 01 ao\u00fbt, 2024<\/p>\n\t\t\t\t\t\t\t\t<p>La collaboration est la cl\u00e9 : repenser l\u2019Internet<\/p>\n\t\t\t\t\t\t\t\t<a href=\"https:\/\/www.canarie.ca\/fr\/la-collaboration-est-la-cle-repenser-linternet\/\" class=\"link\">En apprendre plus<\/a>\n\t\t\t\t\t\t\t<\/div>\n\t\t\t\t\t\t<\/div>\n\t\t\t\t\t<\/div>\n\t\t\t\t<\/div>\n\t\t\t<\/div>\n\t\t\t\t\t<div class=\"cell medium-6\">\n\t\t\t<div class=\"more-news-block\">\n\t\t\t\t<a href=\"https:\/\/www.canarie.ca\/program-news\/network\/\" class=\"button\">Plus d&rsquo;actualit\u00e9s<img decoding=\"async\" src=\"https:\/\/www.canarie.ca\/wp-content\/themes\/canarie\/img\/button-arrow-blue.svg\" alt=\"\"><\/a>\n\t\t\t<\/div>\n\t\t<\/div>\n\t\t<\/div>\n\t\t  <\/div>\n<\/section>\n\n\n\n<section class=\"section section--subscribe alignfull\">\n  <svg version=\"1.1\" class=\"animated-square-graphic\" xmlns=\"http:\/\/www.w3.org\/2000\/svg\" xmlns:xlink=\"http:\/\/www.w3.org\/1999\/xlink\" x=\"0px\" y=\"0px\"\n\t viewBox=\"0 0 1084.85 1080\" style=\"enable-background:new 0 0 1084.85 1080;\" xml:space=\"preserve\">\n<style type=\"text\/css\">\n\t.st0{opacity:0.51;fill:#FEFEFE;}\n\t.st1{fill:#F4F4F5;}\n\t.st2{fill:#58C3D2;}\n\t.st3{fill:#E90D0B;}\n\t.st4{fill:#393D3F;}\n<\/style>\n<g>\n\t<path class=\"st0\" d=\"M275.09,0c0,20.92,0.02,41.84-0.04,62.75c-0.01,1.9,0.82,4.06-1.04,5.66c-1.33-1.48-1.49-3.32-1.5-5.17\n\t\tc-0.07-19.54-0.1-39.07,0.02-58.61c0.01-1,0.15-2,0.5-2.95c0.27-0.62,0.62-1.18,1.06-1.68C274.42,0,274.76,0,275.09,0z\"\/>\n\t<path class=\"st0\" d=\"M270.93,134.87c0,0.67,0,1.34,0,2.01c-1.96-0.21-3.39-1.13-2.71-3.24c0.6-1.87,2.15-2.92,4.31-2.71\n\t\tc21.9,2.09,43.85,0.35,65.77,0.92c-0.01,0.67-0.01,1.34-0.02,2.01c-1.73,0.94-3.6,0.46-5.4,0.47c-19.36,0.04-38.73,0.02-58.09,0.04\n\t\tC273.5,134.36,272.11,133.88,270.93,134.87z\"\/>\n\t<path class=\"st0\" d=\"M67.6,132.85c-0.22,2.23,0.79,3.24,3.02,3.02c-0.21,1.56-0.6,3.05-2.65,2.59c-1.53-0.34-2.62-1.44-2.96-2.96\n\t\tC64.55,133.46,66.04,133.06,67.6,132.85z\"\/>\n\t<path class=\"st0\" d=\"M270.93,134.87c0.15-0.9,0.44-1.31,1.6-1.31c21.92,0.15,43.84,0.21,65.76,0.29c-1.46,1.71-3.44,0.97-5.18,0.97\n\t\tC312.38,134.88,291.66,134.87,270.93,134.87z\"\/>\n\t<rect x=\"71.76\" y=\"67.43\" class=\"st1\" width=\"67.44\" height=\"67.44\"\/>\n\t<rect x=\"206.62\" class=\"st2\" width=\"67.44\" height=\"67.44\"\/>\n\t<rect x=\"410.45\" class=\"st2\" width=\"67.44\" height=\"67.44\"\/>\n\t<rect x=\"343.11\" y=\"67.73\" class=\"st2\" width=\"67.44\" height=\"67.44\"\/>\n\t<rect x=\"544.46\" y=\"0.06\" class=\"st1\" width=\"67.44\" height=\"67.44\"\/>\n\t<rect x=\"680.21\" class=\"st1\" width=\"67.44\" height=\"67.44\"\/>\n\t<rect x=\"815.09\" class=\"st1\" width=\"67.44\" height=\"67.44\"\/>\n\t<rect x=\"949.97\" class=\"st2\" width=\"67.44\" height=\"67.44\"\/>\n\t<rect x=\"477.89\" y=\"67.73\" class=\"st3\" width=\"67.44\" height=\"67.44\"\/>\n\t<rect x=\"612.77\" y=\"67.73\" class=\"st2\" width=\"67.44\" height=\"67.44\"\/>\n\t<rect x=\"747.65\" y=\"67.73\" class=\"st4\" width=\"67.44\" height=\"67.44\"\/>\n\t<rect x=\"882.53\" y=\"67.83\" class=\"st1\" width=\"67.44\" height=\"67.44\"\/>\n\t<rect x=\"1017.41\" y=\"67.73\" class=\"st2\" width=\"67.44\" height=\"67.44\"\/>\n\t<rect x=\"1017.41\" y=\"203.13\" class=\"st2\" width=\"67.44\" height=\"67.44\"\/>\n\t<rect x=\"275.67\" y=\"135.45\" class=\"st1\" width=\"67.44\" height=\"67.44\"\/>\n\t<rect x=\"208.23\" y=\"202.81\" class=\"st3\" width=\"67.44\" height=\"67.44\"\/>\n\t<rect x=\"1.8\" y=\"202.81\" class=\"st1\" width=\"67.44\" height=\"67.44\"\/>\n\t<rect x=\"69.24\" y=\"270.83\" class=\"st2\" width=\"67.44\" height=\"67.44\"\/>\n\t<rect x=\"410.55\" y=\"270.57\" class=\"st1\" width=\"67.44\" height=\"67.44\"\/>\n\t<rect x=\"545.43\" y=\"270.57\" class=\"st1\" width=\"67.44\" height=\"67.44\"\/>\n\t<rect x=\"680.44\" y=\"270.57\" class=\"st2\" width=\"67.44\" height=\"67.44\"\/>\n\t<rect x=\"815.3\" y=\"270.57\" class=\"st1\" width=\"67.44\" height=\"67.44\"\/>\n\t<rect x=\"950.11\" y=\"270.57\" class=\"st2\" width=\"67.44\" height=\"67.44\"\/>\n\t<rect x=\"1017.41\" y=\"270.57\" class=\"st4\" width=\"67.44\" height=\"67.44\"\/>\n\t<rect x=\"1017.41\" y=\"338.01\" class=\"st2\" width=\"67.44\" height=\"67.44\"\/>\n\t<rect x=\"882.5\" y=\"338.16\" class=\"st2\" width=\"67.44\" height=\"67.44\"\/>\n\t<rect x=\"747.86\" y=\"338.16\" class=\"st1\" width=\"67.44\" height=\"67.44\"\/>\n\t<rect x=\"612.87\" y=\"338.16\" class=\"st2\" width=\"67.44\" height=\"67.44\"\/>\n\t<rect x=\"271.44\" y=\"338.01\" class=\"st1\" width=\"67.44\" height=\"67.44\"\/>\n\t<rect x=\"136.7\" y=\"405.75\" class=\"st3\" width=\"67.44\" height=\"67.44\"\/>\n\t<rect x=\"407.3\" y=\"405.6\" class=\"st3\" width=\"67.44\" height=\"67.44\"\/>\n\t<rect x=\"815.06\" y=\"405.6\" class=\"st2\" width=\"67.44\" height=\"67.44\"\/>\n\t<rect x=\"950.11\" y=\"405.6\" class=\"st1\" width=\"67.44\" height=\"67.44\"\/>\n\t<rect x=\"1017.41\" y=\"473.04\" class=\"st1\" width=\"67.44\" height=\"67.44\"\/>\n\t<rect x=\"882.5\" y=\"473.04\" class=\"st1\" width=\"67.44\" height=\"67.44\"\/>\n\t<rect x=\"747.62\" y=\"473.04\" class=\"st1\" width=\"67.44\" height=\"67.44\"\/>\n\t<rect x=\"611.17\" y=\"473.04\" class=\"st4\" width=\"67.44\" height=\"67.44\"\/>\n\t<rect y=\"475.55\" class=\"st1\" width=\"67.44\" height=\"67.44\"\/>\n\t<rect x=\"410.55\" y=\"135.45\" class=\"st4\" width=\"67.44\" height=\"67.44\"\/>\n\t<rect x=\"680.42\" y=\"135.17\" class=\"st1\" width=\"67.44\" height=\"67.44\"\/>\n\t<rect x=\"815.23\" y=\"135.36\" class=\"st1\" width=\"67.44\" height=\"67.44\"\/>\n\t<rect x=\"950.12\" y=\"135.36\" class=\"st4\" width=\"67.44\" height=\"67.44\"\/>\n\t<rect x=\"343.11\" y=\"202.81\" class=\"st3\" width=\"67.44\" height=\"67.44\"\/>\n\t<rect x=\"477.99\" y=\"202.81\" class=\"st2\" width=\"67.44\" height=\"67.44\"\/>\n\t<rect x=\"613\" y=\"202.81\" class=\"st4\" width=\"67.44\" height=\"67.44\"\/>\n\t<rect x=\"747.86\" y=\"202.74\" class=\"st2\" width=\"67.44\" height=\"67.44\"\/>\n\t<rect x=\"882.67\" y=\"202.8\" class=\"st2\" width=\"67.44\" height=\"67.44\"\/>\n\t<rect x=\"950.08\" y=\"540.48\" class=\"st2\" width=\"67.44\" height=\"67.44\"\/>\n\t<rect x=\"815.06\" y=\"540.48\" class=\"st2\" width=\"67.44\" height=\"67.44\"\/>\n\t<rect x=\"1017.41\" y=\"607.92\" class=\"st2\" width=\"67.44\" height=\"67.44\"\/>\n\t<rect x=\"882.44\" y=\"607.92\" class=\"st4\" width=\"67.44\" height=\"67.44\"\/>\n\t<rect x=\"747.62\" y=\"607.92\" class=\"st4\" width=\"67.44\" height=\"67.44\"\/>\n\t<rect x=\"950.06\" y=\"675.36\" class=\"st1\" width=\"67.44\" height=\"67.44\"\/>\n\t<rect x=\"815\" y=\"675.36\" class=\"st2\" width=\"67.44\" height=\"67.44\"\/>\n\t<rect x=\"680.18\" y=\"675.36\" class=\"st2\" width=\"67.44\" height=\"67.44\"\/>\n\t<rect x=\"882.7\" y=\"742.8\" class=\"st1\" width=\"67.44\" height=\"67.44\"\/>\n\t<rect x=\"1017.41\" y=\"742.8\" class=\"st2\" width=\"67.44\" height=\"67.44\"\/>\n\t<rect x=\"1017.41\" y=\"810.24\" class=\"st1\" width=\"67.44\" height=\"67.44\"\/>\n\t<rect x=\"950.06\" y=\"810.24\" class=\"st2\" width=\"67.44\" height=\"67.44\"\/>\n\t<rect x=\"950.06\" y=\"877.68\" class=\"st3\" width=\"67.44\" height=\"67.44\"\/>\n\t<rect x=\"882.62\" y=\"877.68\" class=\"st2\" width=\"67.44\" height=\"67.44\"\/>\n\t<rect x=\"747.66\" y=\"877.68\" class=\"st3\" width=\"67.44\" height=\"67.44\"\/>\n\t<rect x=\"680.22\" y=\"877.68\" class=\"st1\" width=\"67.44\" height=\"67.44\"\/>\n\t<rect x=\"815.06\" y=\"945.12\" class=\"st4\" width=\"67.44\" height=\"67.44\"\/>\n\t<rect x=\"747.66\" y=\"945.12\" class=\"st2\" width=\"67.44\" height=\"67.44\"\/>\n\t<rect x=\"1017.5\" y=\"945.12\" class=\"st4\" width=\"67.44\" height=\"67.44\"\/>\n\t<rect x=\"950.06\" y=\"945.12\" class=\"st2\" width=\"67.44\" height=\"67.44\"\/>\n\t<rect x=\"882.5\" y=\"1012.56\" class=\"st4\" width=\"67.44\" height=\"67.44\"\/>\n\t<rect x=\"1017.5\" y=\"1012.56\" class=\"st2\" width=\"67.44\" height=\"67.44\"\/>\n\t<rect x=\"545.3\" y=\"1012.56\" class=\"st4\" width=\"67.44\" height=\"67.44\"\/>\n\t<rect x=\"407.54\" y=\"1012.56\" class=\"st2\" width=\"67.44\" height=\"67.44\"\/>\n\t<rect x=\"815.06\" y=\"1012.56\" class=\"st2\" width=\"67.44\" height=\"67.44\"\/>\n\t<rect x=\"747.66\" y=\"1012.56\" class=\"st3\" width=\"67.44\" height=\"67.44\"\/>\n\t<rect x=\"680.18\" y=\"1012.56\" class=\"st2\" width=\"67.44\" height=\"67.44\"\/>\n\t<rect x=\"747.62\" y=\"742.8\" class=\"st2\" width=\"67.44\" height=\"67.44\"\/>\n\t<rect x=\"612.74\" y=\"742.8\" class=\"st4\" width=\"67.44\" height=\"67.44\"\/>\n\t<rect x=\"545.3\" y=\"877.68\" class=\"st2\" width=\"67.44\" height=\"67.44\"\/>\n\t<rect x=\"612.74\" y=\"945.12\" class=\"st4\" width=\"67.44\" height=\"67.44\"\/>\n<\/g>\n<\/svg>\n  <div class=\"grid-container simple-fade\">\n\t  <div class=\"subscribe-wrapper\">\n\t\t  <div class=\"grid-x grid-padding-x align-middle\">\n\t\t\t  <div class=\"cell medium-8\">\n\t\t\t\t  <div class=\"cell-inner\">\n\t\t\t\t  \t<p>Restez en contact. Abonnez-vous \u00e0 nos bulletins <br> d\u2019information pour ne rien manquer.<\/p>\n\t\t\t  \t  <\/div>\n\t\t\t  <\/div>\n\t\t\t  <div class=\"cell medium-4\">\n\t\t\t\t  <div class=\"cell-inner\">\n\t\t\t\t  \t\n\t\t\t\t\t\t\t\t\t\t\t<a href=\"\/fr\/abonnement\/\" class=\"button-subscribe\">Abonner<\/a>\n\t\t\t\t\t\t\t\t\t\t\n\t\t\t  \t  <\/div>\n\t\t\t  <\/div>\n\t\t  <\/div>\n\t  <\/div>\n  <\/div>\n<\/section>\n","protected":false},"excerpt":{"rendered":"<p>Services r\u00e9seau Les institutions connect\u00e9es au R\u00e9seau national de la recherche et de l\u2019\u00e9ducation (RNRE) du Canada pourraient aussi b\u00e9n\u00e9ficier [&hellip;]<\/p>\n","protected":false},"author":3,"featured_media":0,"parent":2876,"menu_order":0,"comment_status":"closed","ping_status":"closed","template":"","meta":{"_acf_changed":false,"footnotes":""},"class_list":["post-3077","page","type-page","status-publish","hentry"],"acf":[],"yoast_head":"<!-- This site is optimized with the Yoast SEO plugin v27.4 - https:\/\/yoast.com\/product\/yoast-seo-wordpress\/ -->\n<title>Services r\u00e9seau - CANARIE<\/title>\n<meta name=\"robots\" content=\"index, follow, max-snippet:-1, max-image-preview:large, max-video-preview:-1\" \/>\n<link rel=\"canonical\" href=\"https:\/\/www.canarie.ca\/fr\/reseau\/services\/\" \/>\n<meta property=\"og:locale\" content=\"fr_FR\" \/>\n<meta property=\"og:type\" content=\"article\" \/>\n<meta property=\"og:title\" content=\"Services r\u00e9seau - CANARIE\" \/>\n<meta property=\"og:description\" content=\"Services r\u00e9seau Les institutions connect\u00e9es au R\u00e9seau national de la recherche et de l\u2019\u00e9ducation (RNRE) du Canada pourraient aussi b\u00e9n\u00e9ficier [&hellip;]\" \/>\n<meta property=\"og:url\" content=\"https:\/\/www.canarie.ca\/fr\/reseau\/services\/\" \/>\n<meta property=\"og:site_name\" content=\"CANARIE\" \/>\n<meta property=\"article:modified_time\" content=\"2021-05-13T19:30:17+00:00\" \/>\n<meta name=\"twitter:card\" content=\"summary_large_image\" \/>\n<script type=\"application\/ld+json\" class=\"yoast-schema-graph\">{\"@context\":\"https:\\\/\\\/schema.org\",\"@graph\":[{\"@type\":\"WebPage\",\"@id\":\"https:\\\/\\\/www.canarie.ca\\\/fr\\\/reseau\\\/services\\\/\",\"url\":\"https:\\\/\\\/www.canarie.ca\\\/fr\\\/reseau\\\/services\\\/\",\"name\":\"Services r\u00e9seau - CANARIE\",\"isPartOf\":{\"@id\":\"https:\\\/\\\/www.canarie.ca\\\/#website\"},\"datePublished\":\"2021-01-12T15:05:22+00:00\",\"dateModified\":\"2021-05-13T19:30:17+00:00\",\"breadcrumb\":{\"@id\":\"https:\\\/\\\/www.canarie.ca\\\/fr\\\/reseau\\\/services\\\/#breadcrumb\"},\"inLanguage\":\"fr-FR\",\"potentialAction\":[{\"@type\":\"ReadAction\",\"target\":[\"https:\\\/\\\/www.canarie.ca\\\/fr\\\/reseau\\\/services\\\/\"]}]},{\"@type\":\"BreadcrumbList\",\"@id\":\"https:\\\/\\\/www.canarie.ca\\\/fr\\\/reseau\\\/services\\\/#breadcrumb\",\"itemListElement\":[{\"@type\":\"ListItem\",\"position\":1,\"name\":\"Accueil\",\"item\":\"https:\\\/\\\/www.canarie.ca\\\/fr\\\/\"},{\"@type\":\"ListItem\",\"position\":2,\"name\":\"Le r\u00e9seau CANARIE\",\"item\":\"https:\\\/\\\/www.canarie.ca\\\/fr\\\/reseau\\\/\"},{\"@type\":\"ListItem\",\"position\":3,\"name\":\"Services r\u00e9seau\"}]},{\"@type\":\"WebSite\",\"@id\":\"https:\\\/\\\/www.canarie.ca\\\/#website\",\"url\":\"https:\\\/\\\/www.canarie.ca\\\/\",\"name\":\"CANARIE\",\"description\":\"\",\"potentialAction\":[{\"@type\":\"SearchAction\",\"target\":{\"@type\":\"EntryPoint\",\"urlTemplate\":\"https:\\\/\\\/www.canarie.ca\\\/?s={search_term_string}\"},\"query-input\":{\"@type\":\"PropertyValueSpecification\",\"valueRequired\":true,\"valueName\":\"search_term_string\"}}],\"inLanguage\":\"fr-FR\"}]}<\/script>\n<!-- \/ Yoast SEO plugin. -->","yoast_head_json":{"title":"Services r\u00e9seau - CANARIE","robots":{"index":"index","follow":"follow","max-snippet":"max-snippet:-1","max-image-preview":"max-image-preview:large","max-video-preview":"max-video-preview:-1"},"canonical":"https:\/\/www.canarie.ca\/fr\/reseau\/services\/","og_locale":"fr_FR","og_type":"article","og_title":"Services r\u00e9seau - CANARIE","og_description":"Services r\u00e9seau Les institutions connect\u00e9es au R\u00e9seau national de la recherche et de l\u2019\u00e9ducation (RNRE) du Canada pourraient aussi b\u00e9n\u00e9ficier [&hellip;]","og_url":"https:\/\/www.canarie.ca\/fr\/reseau\/services\/","og_site_name":"CANARIE","article_modified_time":"2021-05-13T19:30:17+00:00","twitter_card":"summary_large_image","schema":{"@context":"https:\/\/schema.org","@graph":[{"@type":"WebPage","@id":"https:\/\/www.canarie.ca\/fr\/reseau\/services\/","url":"https:\/\/www.canarie.ca\/fr\/reseau\/services\/","name":"Services r\u00e9seau - CANARIE","isPartOf":{"@id":"https:\/\/www.canarie.ca\/#website"},"datePublished":"2021-01-12T15:05:22+00:00","dateModified":"2021-05-13T19:30:17+00:00","breadcrumb":{"@id":"https:\/\/www.canarie.ca\/fr\/reseau\/services\/#breadcrumb"},"inLanguage":"fr-FR","potentialAction":[{"@type":"ReadAction","target":["https:\/\/www.canarie.ca\/fr\/reseau\/services\/"]}]},{"@type":"BreadcrumbList","@id":"https:\/\/www.canarie.ca\/fr\/reseau\/services\/#breadcrumb","itemListElement":[{"@type":"ListItem","position":1,"name":"Accueil","item":"https:\/\/www.canarie.ca\/fr\/"},{"@type":"ListItem","position":2,"name":"Le r\u00e9seau CANARIE","item":"https:\/\/www.canarie.ca\/fr\/reseau\/"},{"@type":"ListItem","position":3,"name":"Services r\u00e9seau"}]},{"@type":"WebSite","@id":"https:\/\/www.canarie.ca\/#website","url":"https:\/\/www.canarie.ca\/","name":"CANARIE","description":"","potentialAction":[{"@type":"SearchAction","target":{"@type":"EntryPoint","urlTemplate":"https:\/\/www.canarie.ca\/?s={search_term_string}"},"query-input":{"@type":"PropertyValueSpecification","valueRequired":true,"valueName":"search_term_string"}}],"inLanguage":"fr-FR"}]}},"_links":{"self":[{"href":"https:\/\/www.canarie.ca\/fr\/wp-json\/wp\/v2\/pages\/3077","targetHints":{"allow":["GET"]}}],"collection":[{"href":"https:\/\/www.canarie.ca\/fr\/wp-json\/wp\/v2\/pages"}],"about":[{"href":"https:\/\/www.canarie.ca\/fr\/wp-json\/wp\/v2\/types\/page"}],"author":[{"embeddable":true,"href":"https:\/\/www.canarie.ca\/fr\/wp-json\/wp\/v2\/users\/3"}],"replies":[{"embeddable":true,"href":"https:\/\/www.canarie.ca\/fr\/wp-json\/wp\/v2\/comments?post=3077"}],"version-history":[{"count":0,"href":"https:\/\/www.canarie.ca\/fr\/wp-json\/wp\/v2\/pages\/3077\/revisions"}],"up":[{"embeddable":true,"href":"https:\/\/www.canarie.ca\/fr\/wp-json\/wp\/v2\/pages\/2876"}],"wp:attachment":[{"href":"https:\/\/www.canarie.ca\/fr\/wp-json\/wp\/v2\/media?parent=3077"}],"curies":[{"name":"wp","href":"https:\/\/api.w.org\/{rel}","templated":true}]}}