{"id":32304,"date":"2022-05-11T09:06:28","date_gmt":"2022-05-11T13:06:28","guid":{"rendered":"https:\/\/www.canarie.ca\/?page_id=32304"},"modified":"2022-06-30T14:34:31","modified_gmt":"2022-06-30T18:34:31","slug":"analyste-principal-en-cybersecurite","status":"publish","type":"page","link":"https:\/\/www.canarie.ca\/fr\/carrieres\/analyste-principal-en-cybersecurite\/","title":{"rendered":"Analyste principal en cybers\u00e9curit\u00e9"},"content":{"rendered":"\n<div style=\"height:36px\" aria-hidden=\"true\" class=\"wp-block-spacer\"><\/div>\n\n\n\n<h1 class=\"has-text-align-center wp-block-heading\" id=\"gestionnaire-de-programme-gestion-des-identites-et-des-acces\"><strong>Analyste principal en cybers\u00e9curit\u00e9<\/strong><\/h1>\n\n\n\n<div style=\"height:36px\" aria-hidden=\"true\" class=\"wp-block-spacer\"><\/div>\n\n\n\n<section class=\"section section--banner simple-fade light-blue alignfull\">\n  <div class=\"grid-container text-center\">\n  \t\t  \t\t  \t  <div class=\"large\"><p>Le titulaire veillera \u00e0 ce que les services de cybers\u00e9curit\u00e9 (information sur les menaces, d\u00e9tection de ces derni\u00e8res et mesures pour y rem\u00e9dier) soient dispens\u00e9s aux organisations du milieu canadien de la recherche et de l\u2019\u00e9ducation.<\/p>\n<p>Il s\u2019agit d\u2019un poste permanent, \u00e0 temps plein, relevant du directeur de la cybers\u00e9curit\u00e9.<\/p>\n<\/div>\n\t  \t  \t\t  <\/div>\n<\/section>\n\n\n\n<section class=\"section section--text-columns\">\n    <div class=\"grid-container\">\n      \n                      <div class=\"grid-x grid-padding-x\">\n                                                <div class=\"cell\">\n                    <h3>Principales responsabilit\u00e9s<\/h3>\n                  <\/div>\n                                                                              <div class=\"cell medium-6\">\n                          <ul>\n<li>Examiner les renseignements et les donn\u00e9es sur les menaces ainsi que les alertes qui \u00e9manent de diverses plateformes de s\u00e9curit\u00e9 pour en tirer une analyse d\u00e9taill\u00e9e, des tendances et des conseils<\/li>\n<li>Analyser les \u00e9v\u00e9nements et les incidents complexes en s\u00e9curit\u00e9, procurer de l\u2019aide en r\u00e9action aux incidents, g\u00e9rer les risques, proposer des mesures d\u2019att\u00e9nuation et concourir \u00e0 la sensibilisation en collaboration avec les partenaires d\u2019ex\u00e9cution et les organisations d\u2019utilisateurs<\/li>\n<li>Identifier les vuln\u00e9rabilit\u00e9s, les classer par ordre de priorit\u00e9 et offrir sa collaboration afin que les menaces soient mieux comprises et qu\u2019on les r\u00e9pertorie efficacement<\/li>\n<li>Appliquer des proc\u00e9d\u00e9s de gestion des \u00e9v\u00e9nements en vue d\u2019aplanir les risques et de r\u00e9soudre les incidents de concert avec les partenaires d\u2019ex\u00e9cution et les utilisateurs<\/li>\n<\/ul>\n                        <\/div>\n                                                <div class=\"cell medium-6\">\n                          <ul>\n<li>Faciliter l\u2019int\u00e9gration des plateformes et des initiatives pertinentes, effectuer des bilans de la situation et signaler de fa\u00e7on proactive les probl\u00e8mes d\u2019exploitation \u00e9ventuels \u00e0 la direction<\/li>\n<li>Formuler des recommandations sur les projets \u00e0 venir, les outils de cybers\u00e9curit\u00e9 et les applications<\/li>\n<li>\u00c9tayer et perfectionner les proc\u00e9dures de s\u00e9curit\u00e9<\/li>\n<li>Assumer d\u2019autres fonctions et responsabilit\u00e9s au besoin<\/li>\n<li>D\u00e9placements n\u00e9cessaires \u00e0 l\u2019occasion<\/li>\n<\/ul>\n                        <\/div>\n                                          \n                                    \n                                <\/div>\n                <\/div>\n  <\/section>\n  \n\n\n<section class=\"section section--text-columns no-background\">\n    <div class=\"grid-container\">\n      <div class=\"grid-x grid-padding-x\">\n        <div class=\"cell\">\n                  \t<h3>Le candidat r\u00eav\u00e9<\/h3>\n                    <p>Pour exceller chez CANARIE, le candidat r\u00eav\u00e9 illustrera de fa\u00e7on manifeste sa capacit\u00e9 \u00e0 collaborer au sein d\u2019une \u00e9quipe. Son dynamisme lui inculquera la motivation n\u00e9cessaire pour travailler de fa\u00e7on autonome. Il communiquera \u00e0 merveille verbalement et par \u00e9crit. G\u00e9rer des \u00e9ch\u00e9ances, r\u00e9soudre des probl\u00e8mes et composer avec de multiples priorit\u00e9s figureront parmi ses points forts. Enfin, le candidat id\u00e9al \u00e9pousera les valeurs de CANARIE que sont le service \u00e0 la client\u00e8le, l\u2019esprit d\u2019\u00e9quipe, l\u2019innovation, la conscience professionnelle et l\u2019int\u00e9grit\u00e9.<\/p>\n<p>Une exp\u00e9rience pertinente au sein d\u2019une organisation sans but lucratif financ\u00e9e par des fonds publics est souhaitable. On privil\u00e9giera les candidats bilingues.<\/p>\n                  <\/div>\n      <\/div>\n    <\/div>\n  <\/section>\n\n\n<section class=\"section section--text-columns no-background\">\n    <div class=\"grid-container\">\n      <div class=\"grid-x grid-padding-x\">\n        <div class=\"cell\">\n                  \t<h3>Vos acquis<\/h3>\n                    <h3>Formation et exp\u00e9rience<\/h3>\n<ul>\n<li>Dipl\u00f4me coll\u00e9gial ou universitaire, ou combinaison appropri\u00e9e de cours, d\u2019exp\u00e9rience et de formations<\/li>\n<li>Au moins sept (7) ann\u00e9es d\u2019exp\u00e9rience pertinente dans un centre des op\u00e9rations de s\u00e9curit\u00e9 ou un milieu similaire<\/li>\n<li>Au moins trois (3) ann\u00e9es d\u2019exposition aux m\u00e9thodes de renseignement sur les cybermenaces<\/li>\n<li>Des attestations en s\u00e9curit\u00e9 (p.\u00a0ex., CISSP, CISM et ACRS) sont souhaitables.<\/li>\n<\/ul>\n<h3>Aptitudes<\/h3>\n<ul>\n<li>Compr\u00e9hension des risques que court le milieu universitaire en cybers\u00e9curit\u00e9<\/li>\n<li>Exp\u00e9rience de la documentation des proc\u00e9d\u00e9s et des sc\u00e9narios en cybers\u00e9curit\u00e9<\/li>\n<li>Capacit\u00e9 \u00e0 identifier les menaces pertinentes, \u00e0 les analyser, \u00e0 les documenter et \u00e0 produire des rapports<\/li>\n<li>Exp\u00e9rience de l\u2019identification des probl\u00e8mes de s\u00e9curit\u00e9 dans le r\u00e9seau et aux points terminaux ainsi que de leur r\u00e9solution<\/li>\n<li>Connaissance manifeste de la gestion des rustines de s\u00e9curit\u00e9 et des vuln\u00e9rabilit\u00e9s<\/li>\n<li>Aptitude manifeste \u00e0 gagner la confiance des intervenants internes et externes et \u00e0 acqu\u00e9rir de la cr\u00e9dibilit\u00e9 \u00e0 leurs yeux<\/li>\n<\/ul>\n<h3>Comp\u00e9tences techniques<\/h3>\n<ul>\n<li>Excellente connaissance des protocoles de r\u00e9seautique et du TCP\/IP<\/li>\n<li>Connaissance pratique de ce qui suit\u00a0:\n<ul>\n<li>cadriciel MITRE ATT&amp;CK<\/li>\n<li>s\u00e9curisation d\u2019un nuage et des plateformes sur les lieux<\/li>\n<li>plateformes de s\u00e9curit\u00e9 (pare-feu, SIEM, EDR, SOAR, essais en bac \u00e0 sable, etc.)<\/li>\n<li>cadriciels comme ceux du NIST, de l\u2019ISO, etc.<\/li>\n<\/ul>\n<\/li>\n<li>Compr\u00e9hension manifeste des activit\u00e9s de piratage (exploration\/sondage de r\u00e9seau, DDOS, MPA, codes malveillants, r\u00e9tro-ing\u00e9nierie, analyse des maliciels, etc.)<\/li>\n<li>Solide connaissance pratique des dispositifs employ\u00e9s en s\u00e9curit\u00e9 et en r\u00e9seautique ainsi que des technologies physiques et virtuelles (SDI, pare-feu, RVP, etc.)<\/li>\n<li>Solide connaissance pratique des logiciels Microsoft Office<\/li>\n<\/ul>\n                  <\/div>\n      <\/div>\n    <\/div>\n  <\/section>\n\n\n<h3 class=\"has-cyan-color has-text-color wp-block-heading\" id=\"travaillons-ensemble\">Travaillons ensemble<\/h3>\n\n\n\n<p>CANARIE est d\u00e9termin\u00e9 \u00e0 faire preuve d\u2019\u00e9quit\u00e9 en mati\u00e8re d\u2019emploi. Quiconque pourrait concourir \u00e0 la diversification de nos id\u00e9es et de nos points de vue est donc encourag\u00e9 \u00e0 poser sa candidature. CANARIE accommodera les personnes aux prises avec un handicap qui en font la demande \u00e0 toutes les \u00e9tapes du recrutement et du processus de s\u00e9lection.<\/p>\n\n\n\n<p>Le poste semble fait pour vous? Signalez-le-nous en \u00e9crivant \u00e0 <a href=\"mailto:careers@canarie.ca\">careers@canarie.ca<\/a>. Annexez votre curriculum vitae en mentionnant le titre du poste dans l\u2019objet du courriel.<\/p>\n\n\n\n<p>Nous remercions tous les int\u00e9ress\u00e9s qui posent leur candidature, mais seules les personnes retenues pour une entrevue recevront un appel.<\/p>\n","protected":false},"excerpt":{"rendered":"<p>Analyste principal en cybers\u00e9curit\u00e9 Travaillons ensemble CANARIE est d\u00e9termin\u00e9 \u00e0 faire preuve d\u2019\u00e9quit\u00e9 en mati\u00e8re d\u2019emploi. Quiconque pourrait concourir \u00e0 [&hellip;]<\/p>\n","protected":false},"author":12,"featured_media":0,"parent":6314,"menu_order":8,"comment_status":"closed","ping_status":"closed","template":"","meta":{"_acf_changed":false,"footnotes":""},"class_list":["post-32304","page","type-page","status-publish","hentry"],"acf":[],"yoast_head":"<!-- This site is optimized with the Yoast SEO plugin v27.4 - https:\/\/yoast.com\/product\/yoast-seo-wordpress\/ -->\n<title>Analyste principal en cybers\u00e9curit\u00e9 - CANARIE<\/title>\n<meta name=\"robots\" content=\"index, follow, max-snippet:-1, max-image-preview:large, max-video-preview:-1\" \/>\n<link rel=\"canonical\" href=\"https:\/\/www.canarie.ca\/fr\/carrieres\/analyste-principal-en-cybersecurite\/\" \/>\n<meta property=\"og:locale\" content=\"fr_FR\" \/>\n<meta property=\"og:type\" content=\"article\" \/>\n<meta property=\"og:title\" content=\"Analyste principal en cybers\u00e9curit\u00e9 - CANARIE\" \/>\n<meta property=\"og:description\" content=\"Analyste principal en cybers\u00e9curit\u00e9 Travaillons ensemble CANARIE est d\u00e9termin\u00e9 \u00e0 faire preuve d\u2019\u00e9quit\u00e9 en mati\u00e8re d\u2019emploi. Quiconque pourrait concourir \u00e0 [&hellip;]\" \/>\n<meta property=\"og:url\" content=\"https:\/\/www.canarie.ca\/fr\/carrieres\/analyste-principal-en-cybersecurite\/\" \/>\n<meta property=\"og:site_name\" content=\"CANARIE\" \/>\n<meta property=\"article:modified_time\" content=\"2022-06-30T18:34:31+00:00\" \/>\n<meta name=\"twitter:card\" content=\"summary_large_image\" \/>\n<script type=\"application\/ld+json\" class=\"yoast-schema-graph\">{\"@context\":\"https:\\\/\\\/schema.org\",\"@graph\":[{\"@type\":\"WebPage\",\"@id\":\"https:\\\/\\\/www.canarie.ca\\\/fr\\\/carrieres\\\/analyste-principal-en-cybersecurite\\\/\",\"url\":\"https:\\\/\\\/www.canarie.ca\\\/fr\\\/carrieres\\\/analyste-principal-en-cybersecurite\\\/\",\"name\":\"Analyste principal en cybers\u00e9curit\u00e9 - CANARIE\",\"isPartOf\":{\"@id\":\"https:\\\/\\\/www.canarie.ca\\\/#website\"},\"datePublished\":\"2022-05-11T13:06:28+00:00\",\"dateModified\":\"2022-06-30T18:34:31+00:00\",\"breadcrumb\":{\"@id\":\"https:\\\/\\\/www.canarie.ca\\\/fr\\\/carrieres\\\/analyste-principal-en-cybersecurite\\\/#breadcrumb\"},\"inLanguage\":\"fr-FR\",\"potentialAction\":[{\"@type\":\"ReadAction\",\"target\":[\"https:\\\/\\\/www.canarie.ca\\\/fr\\\/carrieres\\\/analyste-principal-en-cybersecurite\\\/\"]}]},{\"@type\":\"BreadcrumbList\",\"@id\":\"https:\\\/\\\/www.canarie.ca\\\/fr\\\/carrieres\\\/analyste-principal-en-cybersecurite\\\/#breadcrumb\",\"itemListElement\":[{\"@type\":\"ListItem\",\"position\":1,\"name\":\"Accueil\",\"item\":\"https:\\\/\\\/www.canarie.ca\\\/fr\\\/\"},{\"@type\":\"ListItem\",\"position\":2,\"name\":\"Carri\u00e8res\",\"item\":\"https:\\\/\\\/www.canarie.ca\\\/fr\\\/carrieres\\\/\"},{\"@type\":\"ListItem\",\"position\":3,\"name\":\"Analyste principal en cybers\u00e9curit\u00e9\"}]},{\"@type\":\"WebSite\",\"@id\":\"https:\\\/\\\/www.canarie.ca\\\/#website\",\"url\":\"https:\\\/\\\/www.canarie.ca\\\/\",\"name\":\"CANARIE\",\"description\":\"\",\"potentialAction\":[{\"@type\":\"SearchAction\",\"target\":{\"@type\":\"EntryPoint\",\"urlTemplate\":\"https:\\\/\\\/www.canarie.ca\\\/?s={search_term_string}\"},\"query-input\":{\"@type\":\"PropertyValueSpecification\",\"valueRequired\":true,\"valueName\":\"search_term_string\"}}],\"inLanguage\":\"fr-FR\"}]}<\/script>\n<!-- \/ Yoast SEO plugin. -->","yoast_head_json":{"title":"Analyste principal en cybers\u00e9curit\u00e9 - CANARIE","robots":{"index":"index","follow":"follow","max-snippet":"max-snippet:-1","max-image-preview":"max-image-preview:large","max-video-preview":"max-video-preview:-1"},"canonical":"https:\/\/www.canarie.ca\/fr\/carrieres\/analyste-principal-en-cybersecurite\/","og_locale":"fr_FR","og_type":"article","og_title":"Analyste principal en cybers\u00e9curit\u00e9 - CANARIE","og_description":"Analyste principal en cybers\u00e9curit\u00e9 Travaillons ensemble CANARIE est d\u00e9termin\u00e9 \u00e0 faire preuve d\u2019\u00e9quit\u00e9 en mati\u00e8re d\u2019emploi. Quiconque pourrait concourir \u00e0 [&hellip;]","og_url":"https:\/\/www.canarie.ca\/fr\/carrieres\/analyste-principal-en-cybersecurite\/","og_site_name":"CANARIE","article_modified_time":"2022-06-30T18:34:31+00:00","twitter_card":"summary_large_image","schema":{"@context":"https:\/\/schema.org","@graph":[{"@type":"WebPage","@id":"https:\/\/www.canarie.ca\/fr\/carrieres\/analyste-principal-en-cybersecurite\/","url":"https:\/\/www.canarie.ca\/fr\/carrieres\/analyste-principal-en-cybersecurite\/","name":"Analyste principal en cybers\u00e9curit\u00e9 - CANARIE","isPartOf":{"@id":"https:\/\/www.canarie.ca\/#website"},"datePublished":"2022-05-11T13:06:28+00:00","dateModified":"2022-06-30T18:34:31+00:00","breadcrumb":{"@id":"https:\/\/www.canarie.ca\/fr\/carrieres\/analyste-principal-en-cybersecurite\/#breadcrumb"},"inLanguage":"fr-FR","potentialAction":[{"@type":"ReadAction","target":["https:\/\/www.canarie.ca\/fr\/carrieres\/analyste-principal-en-cybersecurite\/"]}]},{"@type":"BreadcrumbList","@id":"https:\/\/www.canarie.ca\/fr\/carrieres\/analyste-principal-en-cybersecurite\/#breadcrumb","itemListElement":[{"@type":"ListItem","position":1,"name":"Accueil","item":"https:\/\/www.canarie.ca\/fr\/"},{"@type":"ListItem","position":2,"name":"Carri\u00e8res","item":"https:\/\/www.canarie.ca\/fr\/carrieres\/"},{"@type":"ListItem","position":3,"name":"Analyste principal en cybers\u00e9curit\u00e9"}]},{"@type":"WebSite","@id":"https:\/\/www.canarie.ca\/#website","url":"https:\/\/www.canarie.ca\/","name":"CANARIE","description":"","potentialAction":[{"@type":"SearchAction","target":{"@type":"EntryPoint","urlTemplate":"https:\/\/www.canarie.ca\/?s={search_term_string}"},"query-input":{"@type":"PropertyValueSpecification","valueRequired":true,"valueName":"search_term_string"}}],"inLanguage":"fr-FR"}]}},"_links":{"self":[{"href":"https:\/\/www.canarie.ca\/fr\/wp-json\/wp\/v2\/pages\/32304","targetHints":{"allow":["GET"]}}],"collection":[{"href":"https:\/\/www.canarie.ca\/fr\/wp-json\/wp\/v2\/pages"}],"about":[{"href":"https:\/\/www.canarie.ca\/fr\/wp-json\/wp\/v2\/types\/page"}],"author":[{"embeddable":true,"href":"https:\/\/www.canarie.ca\/fr\/wp-json\/wp\/v2\/users\/12"}],"replies":[{"embeddable":true,"href":"https:\/\/www.canarie.ca\/fr\/wp-json\/wp\/v2\/comments?post=32304"}],"version-history":[{"count":0,"href":"https:\/\/www.canarie.ca\/fr\/wp-json\/wp\/v2\/pages\/32304\/revisions"}],"up":[{"embeddable":true,"href":"https:\/\/www.canarie.ca\/fr\/wp-json\/wp\/v2\/pages\/6314"}],"wp:attachment":[{"href":"https:\/\/www.canarie.ca\/fr\/wp-json\/wp\/v2\/media?parent=32304"}],"curies":[{"name":"wp","href":"https:\/\/api.w.org\/{rel}","templated":true}]}}