{"id":32734,"date":"2022-06-07T13:28:28","date_gmt":"2022-06-07T17:28:28","guid":{"rendered":"https:\/\/www.canarie.ca\/identite\/eduroam\/ubiquitous-wi-fi-access-for-local-and-visiting-students-researchers-and-faculty-the-opportunity-for-eduroam-at-world-exchange-plaza-wep\/"},"modified":"2022-09-14T11:48:40","modified_gmt":"2022-09-14T15:48:40","slug":"wep-eduroam","status":"publish","type":"page","link":"https:\/\/www.canarie.ca\/fr\/wep-eduroam\/","title":{"rendered":"eduroam @ World Exchange Plaza (WEP) | Un r\u00e9seau sans fil accessible partout pour les  \u00e9tudiants, enseignants et personnel locaux ou de passage\u202f"},"content":{"rendered":"\n<h1 class=\"has-text-align-center wp-block-heading\">eduroam @ World Exchange Plaza (WEP) <\/h1>\n\n\n\n<h2 class=\"has-text-align-center wp-block-heading\"><span class=\"NormalTextRun SCXW185459126 BCX8\" data-ccp-parastyle=\"Title\" style=\"margin: 0px; padding: 0px; user-select: text; -webkit-user-drag: none; -webkit-tap-highlight-color: transparent;\"><strong>Un r\u00e9seau sans fil accessible partout pour les \u00e9tudiants, enseignants et personnel locaux ou de passage\u202f<\/strong><\/span><\/h2>\n\n\n\n\n<section class=\"section section--text-with-image  alignfull container squares-right\">\n    <div class=\"grid-container simple-fade\">\n    <div class=\"grid-x grid-padding-x align-middle\">\n      <div class=\"cell medium-5 medium-order-2\">\n\t\t  \t\t\t  <img decoding=\"async\" src=\"https:\/\/www.canarie.ca\/wp-content\/uploads\/2022\/06\/eduroam-wep.png\" alt=\"\">\n\t\t        <\/div>\n      <div class=\"cell medium-7 medium-order-1 text-left text-cell \">\n  \t\t                  <p class=\"subtitle fade-in-delay\">Une occasion pour le World Exchange Plaza (WEP)<\/p>\n                          <div class=\"fade-in-delay text-cell-text\"><ul>\n<li>Connecte de fa\u00e7on homog\u00e8ne et s\u00fbre au-del\u00e0 de 82\u00a0000\u00a0\u00e9tudiants, chercheurs et employ\u00e9s de l\u2019Universit\u00e9 d\u2019Ottawa et de l\u2019Universit\u00e9 Carleton lorsqu\u2019ils se rendent au WEP, en sus des visiteurs venant de plus de 106 pays du monde entier<\/li>\n<li>Rehausse la r\u00e9putation du WEP, en faisant une destination d\u2019avant-garde au c\u0153ur de la ville, o\u00f9 l\u2019on peut travailler, se rencontrer, se restaurer, se r\u00e9unir et se connecter<\/li>\n<li>Promeut Ottawa en tant que ville progressiste parmi les municipalit\u00e9s du Canada, gr\u00e2ce \u00e0 un acc\u00e8s sans fil s\u00e9curis\u00e9 et uniforme pour les \u00e9tudiants et les chercheurs<\/li>\n<li>Rend l\u2019acc\u00e8s au r\u00e9seau sans fil public plus s\u00fbr au WEP par un moins grand recours aux r\u00e9seaux ouverts, sans protection.<\/li>\n<\/ul>\n<\/div>\n                      <\/div>\n    <\/div>\n  <\/div>\n<\/section>\n\n\n\n\n\n<h3 class=\"has-cyan-color has-text-color wp-block-heading\">Qu\u2019est-ce qu\u2019eduroam?<\/h3>\n\n\n\n<p>eduroam (acronyme de l\u2019expression anglaise \u00ab\u202f<em>education roaming<\/em>\u202f\u00bb ou \u00ab\u202fitin\u00e9rance en \u00e9ducation\u202f\u00bb ) est un service d\u2019itin\u00e9rance mondial, \u00e0 l\u2019acc\u00e8s s\u00e9curis\u00e9, mis sur pied par le milieu de la recherche et de l\u2019\u00e9ducation. Il a \u00e9t\u00e9 d\u00e9ploy\u00e9 dans une centaine de pays ou 17\u202f000\u202flieux, dans le monde entier.&nbsp;<\/p>\n\n\n\n<p>Gr\u00e2ce \u00e0 eduroam, les \u00e9tudiants, les chercheurs et les membres du corps professoral des \u00e9tablissements d\u2019enseignement sup\u00e9rieur participants disposent d\u2019une connexion homog\u00e8ne \u00e0 un r\u00e9seau sans fil, qu\u2019ils se trouvent sur le campus de leur institution ou soient de passage dans d\u2019autres \u00e9tablissements ou sites participants. S\u2019ensuit la cr\u00e9ation d\u2019un campus virtuel o\u00f9 les \u00e9tudiants et les employ\u00e9s de l\u2019institution peuvent manger, travailler ou se r\u00e9unir.&nbsp;<\/p>\n\n\n\n<h3 class=\"has-cyan-color has-text-color wp-block-heading\">Quels sont les avantages d\u2019eduroam?&nbsp;<\/h3>\n\n\n\n<p><strong>Aux \u00e9tudiants, aux chercheurs et aux employ\u00e9s des institutions d\u2019enseignement et de recherche, <\/strong>eduroam assure une connectivit\u00e9 homog\u00e8ne \u00e0 un r\u00e9seau sans fil s\u00e9curis\u00e9 dans les centaines de sites participants, aux quatre coins de la plan\u00e8te. Si l\u2019utilisateur a acc\u00e8s au r\u00e9seau de son institution, il a acc\u00e8s au r\u00e9seau complet d\u2019eduroam!&nbsp;<\/p>\n\n\n\n<p><strong>Pour les municipalit\u00e9s et les autres fournisseurs de r\u00e9seau sans fil, <\/strong>eduroam contribue \u00e0 cr\u00e9er un campus virtuel o\u00f9 les \u00e9tudiants et les chercheurs locaux ou de passage peuvent continuer leurs travaux et leurs \u00e9tudes, n\u2019importe o\u00f9 et en tout temps. Et parce que le r\u00e9seau eduroam n\u2019est accessible qu\u2019aux \u00e9tudiants et aux chercheurs poss\u00e9dant des identifiants valables, attribu\u00e9s par leur propre institution, les risques sont nettement moins grands qu\u2019avec un r\u00e9seau sans fil ouvert.&nbsp;<\/p>\n\n\n\n<p><a href=\"#benefits\">En savoir plus.<\/a><\/p>\n\n\n\n<h3 class=\"has-cyan-color has-text-color wp-block-heading\">Qui exploite eduroam?&nbsp;<\/h3>\n\n\n\n<p>Au Canada, le service eduroam est g\u00e9r\u00e9 et exploit\u00e9 par CANARIE, un membre de la f\u00e9d\u00e9ration mondiale du r\u00e9seau sans fil eduroam, compos\u00e9e d\u2019une organisation responsable de l\u2019administration du r\u00e9seau dans chaque pays membre. La m\u00eame organisation authentifie les utilisateurs et autorise leur acc\u00e8s au r\u00e9seau pour le compte des \u00e9tablissements d\u2019enseignement postsecondaires du pays. \u00c0 l\u2019heure actuelle, CANARIE enregistre plus de dix millions de connexions \u00e0 eduroam chaque mois.&nbsp;<\/p>\n\n\n\n<p>Le r\u00e9seau eduroam est diffus\u00e9 dans les lieux o\u00f9 les \u00e9tudiants et les chercheurs se rassemblent, suivent des cours et \u00e9tudient, notamment les campus des universit\u00e9s et des coll\u00e8ges, les biblioth\u00e8ques et les h\u00f4pitaux universitaires. Dans beaucoup d\u2019endroits de la plan\u00e8te, eduroam est aussi disponible dans les transports en commun, les caf\u00e9s et les a\u00e9rogares. Au Canada, la ville de Mississauga a \u00e9t\u00e9 la the <a href=\"http:\/\/www.mississauga.ca\/portal\/cityhall\/pressreleases?paf_gear_id=9700020&amp;itemId=7300040q&amp;backUrl=%2Fportal%2Fcityhall%2Fpressreleases%3Fpaf_gear_id%3D9700020\" target=\"_blank\" rel=\"noreferrer noopener\">premi\u00e8re au pays<\/a> \u00e0 proposer un tel service dans tous les lieux publics, y compris les parcs, les gares d\u2019autobus et les installations municipales.&nbsp;&nbsp;<\/p>\n\n\n\n<h3 class=\"has-cyan-color has-text-color wp-block-heading\">Comment eduroam fonctionne-t-il?&nbsp;<\/h3>\n\n\n\n<p>Quand un utilisateur essaie de se connecter au r\u00e9seau sans fil \u00e0 partir d\u2019un site que dessert eduroam, sa demande est relay\u00e9e \u00e0 son institution par l\u2019entremise de CANARIE, qui v\u00e9rifie les identifiants avant de transmettre les r\u00e9sultats au site visit\u00e9. Une fois son identit\u00e9 confirm\u00e9e, l\u2019utilisateur a le droit d\u2019acc\u00e9der au r\u00e9seau sans fil d\u2019eduroam.&nbsp;<\/p>\n\n\n\n<h3 class=\"has-cyan-color has-text-color wp-block-heading\">Qu\u2019est-ce que CANARIE?&nbsp;<\/h3>\n\n\n\n<p>CANARIE connecte les Canadiens les uns aux autres ainsi qu\u2019au reste de la plan\u00e8te. Les programmes de l\u2019organisation conf\u00e8rent aux chercheurs, aux \u00e9tudiants et aux jeunes entreprises ce dont ils ont besoin pour exceller sur la sc\u00e8ne mondiale.<\/p>\n\n\n\n<p>Pour en savoir plus, visitez le site <a href=\"https:\/\/www.canarie.ca\/fr\/a-propos\/\" target=\"_blank\" rel=\"noreferrer noopener\">www.canarie.ca.&nbsp;<\/a><\/p>\n\n\n\n<h3 class=\"has-cyan-color has-text-color wp-block-heading\">\u00c9tude de cas :<\/h3>\n\n\n<div id=\"benefits\"><\/div>\n\n<section class=\"section section--text-with-image  alignfull full-width with-margin grey \">\n    <div class=\"grid-container simple-fade\">\n    <div class=\"grid-x grid-padding-x align-middle\">\n      <div class=\"cell large-6 \">\n\t\t  \t\t\t  <div class=\"full-width-img\" style=\"background-image: url(https:\/\/www.canarie.ca\/wp-content\/uploads\/2021\/02\/Identity_cs_edmonton-library.png); background-size: cover; background-position: center center;\"><\/div>\n\t\t\t  <div class=\"image-mask\"><\/div>\n\t\t        <\/div>\n      <div class=\"cell large-6  text-left text-cell light\">\n  \t\t                  <p class=\"subtitle fade-in-delay\">Un cas d\u2019\u00e9cole\u202f: la biblioth\u00e8que municipale d\u2019Edmonton\u00a0<\/p>\n                          <div class=\"fade-in-delay text-cell-text\"><p><!-- wp:list --><\/p>\n<ul>\n<li>Selon Brittany Watt, analyste des syst\u00e8mes pour la biblioth\u00e8que, mettre eduroam en place s\u2019est av\u00e9r\u00e9 un jeu d\u2019enfant. Quelques heures apr\u00e8s avoir raccord\u00e9 toutes les succursales de la biblioth\u00e8que, elle a not\u00e9 plusieurs centaines de connexions, signe que cette technologie discr\u00e8te, op\u00e9rant en coulisse, fonctionnait d\u00e9j\u00e0 comme elle le devait.<\/li>\n<\/ul>\n<p><!-- \/wp:list --><\/p>\n<\/div>\n                        \t        \t        \t  <a class=\"button button-blue\" href=\"https:\/\/www.canarie.ca\/fr\/identite\/etudesdecas\/la-bibliotheque-municipale-dedmonton\/\" target=\"_blank\">\u00c9tude de cas \u2013 la biblioth\u00e8que municipale d\u2019Edmonton<\/a>\n        \t        \t  \n        \t              <\/div>\n    <\/div>\n  <\/div>\n<\/section>\n\n\n\n\n\n\n<section class=\"section section--text-with-image  alignfull full-width with-margin grey \">\n    <div class=\"grid-container simple-fade\">\n    <div class=\"grid-x grid-padding-x align-middle\">\n      <div class=\"cell large-6 medium-order-2\">\n\t\t  \t\t\t  <div class=\"full-width-img\" style=\"background-image: url(https:\/\/www.canarie.ca\/wp-content\/uploads\/2021\/02\/eduroam_casestudies.png); background-size: cover; background-position: center center;\"><\/div>\n\t\t\t  <div class=\"image-mask\"><\/div>\n\t\t        <\/div>\n      <div class=\"cell large-6 medium-order-1 text-left text-cell light\">\n  \t\t                  <p class=\"subtitle fade-in-delay\">Un cas d\u2019\u00e9cole\u202f:  la municipalit\u00e9 de Mississauga<\/p>\n                          <div class=\"fade-in-delay text-cell-text\"><p><!-- wp:list --><\/p>\n<ul>\n<li>Retour d&rsquo;exp\u00e9rience de la municipalit\u00e9 de Mississauga, qui a d\u00e9ploy\u00e9 l&rsquo;eduroam dans tous ses espaces publics en 2017 :<br \/>\n\u00ab La premi\u00e8re semaine o\u00f9 le service a \u00e9t\u00e9 instaur\u00e9, des \u00e9tudiants d\u2019Australie, d\u2019Allemagne, du R.-U., des \u00c9.-U. et des quatre coins du Canada s\u2019y sont connect\u00e9s sans que nos partenaires ou nous fassions la moindre publicit\u00e9 \u00e0 ce sujet. \u00bb \u00ab L\u2019investissement ne nous a rien co\u00fbt\u00e9, ou presque, car l\u2019infrastructure \u00e9tait d\u00e9j\u00e0 l\u00e0. Pour nous, d\u2019innombrables possibilit\u00e9s se sont ouvertes par cette seule connexion. \u00bb &#8211; Shawn Slack, directeur des technologies de l\u2019information et dirigeant principal de l\u2019information de la municipalit\u00e9<\/li>\n<\/ul>\n<p><!-- \/wp:list --><\/p>\n<\/div>\n                        \t        \t        \t  <a class=\"button button-blue\" href=\"https:\/\/www.canarie.ca\/fr\/identite\/eduroam\/case-studies\/city-of-mississauga\/\" target=\"_blank\">\u00c9tude de cas \u2013  la municipalit\u00e9 de Mississauga<\/a>\n        \t        \t  \n        \t              <\/div>\n    <\/div>\n  <\/div>\n<\/section>\n\n\n","protected":false},"excerpt":{"rendered":"<p>eduroam @ World Exchange Plaza (WEP) Un r\u00e9seau sans fil accessible partout pour les \u00e9tudiants, enseignants et personnel locaux ou [&hellip;]<\/p>\n","protected":false},"author":12,"featured_media":19739,"parent":0,"menu_order":0,"comment_status":"closed","ping_status":"closed","template":"","meta":{"_acf_changed":false,"footnotes":""},"class_list":["post-32734","page","type-page","status-publish","has-post-thumbnail","hentry"],"acf":[],"yoast_head":"<!-- This site is optimized with the Yoast SEO plugin v27.3 - https:\/\/yoast.com\/product\/yoast-seo-wordpress\/ -->\n<title>eduroam @ World Exchange Plaza (WEP) | Un r\u00e9seau sans fil accessible partout pour les \u00e9tudiants, enseignants et personnel locaux ou de passage\u202f - CANARIE<\/title>\n<meta name=\"robots\" content=\"index, follow, max-snippet:-1, max-image-preview:large, max-video-preview:-1\" \/>\n<link rel=\"canonical\" href=\"https:\/\/www.canarie.ca\/fr\/identite\/eduroam\/wep-eduroam\/\" \/>\n<meta property=\"og:locale\" content=\"fr_FR\" \/>\n<meta property=\"og:type\" content=\"article\" \/>\n<meta property=\"og:title\" content=\"eduroam @ World Exchange Plaza (WEP) | Un r\u00e9seau sans fil accessible partout pour les \u00e9tudiants, enseignants et personnel locaux ou de passage\u202f - CANARIE\" \/>\n<meta property=\"og:description\" content=\"eduroam @ World Exchange Plaza (WEP) Un r\u00e9seau sans fil accessible partout pour les \u00e9tudiants, enseignants et personnel locaux ou [&hellip;]\" \/>\n<meta property=\"og:url\" content=\"https:\/\/www.canarie.ca\/fr\/identite\/eduroam\/wep-eduroam\/\" \/>\n<meta property=\"og:site_name\" content=\"CANARIE\" \/>\n<meta property=\"article:modified_time\" content=\"2022-09-14T15:48:40+00:00\" \/>\n<meta property=\"og:image\" content=\"https:\/\/www.canarie.ca\/wp-content\/uploads\/2021\/03\/News-image_caf.png\" \/>\n\t<meta property=\"og:image:width\" content=\"800\" \/>\n\t<meta property=\"og:image:height\" content=\"405\" \/>\n\t<meta property=\"og:image:type\" content=\"image\/png\" \/>\n<meta name=\"twitter:card\" content=\"summary_large_image\" \/>\n<script type=\"application\/ld+json\" class=\"yoast-schema-graph\">{\"@context\":\"https:\\\/\\\/schema.org\",\"@graph\":[{\"@type\":\"WebPage\",\"@id\":\"https:\\\/\\\/www.canarie.ca\\\/fr\\\/identite\\\/eduroam\\\/wep-eduroam\\\/\",\"url\":\"https:\\\/\\\/www.canarie.ca\\\/fr\\\/identite\\\/eduroam\\\/wep-eduroam\\\/\",\"name\":\"eduroam @ World Exchange Plaza (WEP) | Un r\u00e9seau sans fil accessible partout pour les \u00e9tudiants, enseignants et personnel locaux ou de passage\u202f - CANARIE\",\"isPartOf\":{\"@id\":\"https:\\\/\\\/www.canarie.ca\\\/#website\"},\"primaryImageOfPage\":{\"@id\":\"https:\\\/\\\/www.canarie.ca\\\/fr\\\/identite\\\/eduroam\\\/wep-eduroam\\\/#primaryimage\"},\"image\":{\"@id\":\"https:\\\/\\\/www.canarie.ca\\\/fr\\\/identite\\\/eduroam\\\/wep-eduroam\\\/#primaryimage\"},\"thumbnailUrl\":\"https:\\\/\\\/www.canarie.ca\\\/wp-content\\\/uploads\\\/2021\\\/03\\\/News-image_caf.png\",\"datePublished\":\"2022-06-07T17:28:28+00:00\",\"dateModified\":\"2022-09-14T15:48:40+00:00\",\"breadcrumb\":{\"@id\":\"https:\\\/\\\/www.canarie.ca\\\/fr\\\/identite\\\/eduroam\\\/wep-eduroam\\\/#breadcrumb\"},\"inLanguage\":\"fr-FR\",\"potentialAction\":[{\"@type\":\"ReadAction\",\"target\":[\"https:\\\/\\\/www.canarie.ca\\\/fr\\\/identite\\\/eduroam\\\/wep-eduroam\\\/\"]}]},{\"@type\":\"ImageObject\",\"inLanguage\":\"fr-FR\",\"@id\":\"https:\\\/\\\/www.canarie.ca\\\/fr\\\/identite\\\/eduroam\\\/wep-eduroam\\\/#primaryimage\",\"url\":\"https:\\\/\\\/www.canarie.ca\\\/wp-content\\\/uploads\\\/2021\\\/03\\\/News-image_caf.png\",\"contentUrl\":\"https:\\\/\\\/www.canarie.ca\\\/wp-content\\\/uploads\\\/2021\\\/03\\\/News-image_caf.png\",\"width\":800,\"height\":405},{\"@type\":\"BreadcrumbList\",\"@id\":\"https:\\\/\\\/www.canarie.ca\\\/fr\\\/identite\\\/eduroam\\\/wep-eduroam\\\/#breadcrumb\",\"itemListElement\":[{\"@type\":\"ListItem\",\"position\":1,\"name\":\"Accueil\",\"item\":\"https:\\\/\\\/www.canarie.ca\\\/fr\\\/homepage\\\/\"},{\"@type\":\"ListItem\",\"position\":2,\"name\":\"Gestion des identit\u00e9s et des acc\u00e8s\",\"item\":\"https:\\\/\\\/www.canarie.ca\\\/fr\\\/identite\\\/\"},{\"@type\":\"ListItem\",\"position\":3,\"name\":\"eduroam\",\"item\":\"https:\\\/\\\/www.canarie.ca\\\/fr\\\/identite\\\/eduroam\\\/\"},{\"@type\":\"ListItem\",\"position\":4,\"name\":\"eduroam @ World Exchange Plaza (WEP) | Un r\u00e9seau sans fil accessible partout pour les \u00e9tudiants, enseignants et personnel locaux ou de passage\u202f\"}]},{\"@type\":\"WebSite\",\"@id\":\"https:\\\/\\\/www.canarie.ca\\\/#website\",\"url\":\"https:\\\/\\\/www.canarie.ca\\\/\",\"name\":\"CANARIE\",\"description\":\"\",\"potentialAction\":[{\"@type\":\"SearchAction\",\"target\":{\"@type\":\"EntryPoint\",\"urlTemplate\":\"https:\\\/\\\/www.canarie.ca\\\/?s={search_term_string}\"},\"query-input\":{\"@type\":\"PropertyValueSpecification\",\"valueRequired\":true,\"valueName\":\"search_term_string\"}}],\"inLanguage\":\"fr-FR\"}]}<\/script>\n<!-- \/ Yoast SEO plugin. -->","yoast_head_json":{"title":"eduroam @ World Exchange Plaza (WEP) | Un r\u00e9seau sans fil accessible partout pour les \u00e9tudiants, enseignants et personnel locaux ou de passage\u202f - CANARIE","robots":{"index":"index","follow":"follow","max-snippet":"max-snippet:-1","max-image-preview":"max-image-preview:large","max-video-preview":"max-video-preview:-1"},"canonical":"https:\/\/www.canarie.ca\/fr\/identite\/eduroam\/wep-eduroam\/","og_locale":"fr_FR","og_type":"article","og_title":"eduroam @ World Exchange Plaza (WEP) | Un r\u00e9seau sans fil accessible partout pour les \u00e9tudiants, enseignants et personnel locaux ou de passage\u202f - CANARIE","og_description":"eduroam @ World Exchange Plaza (WEP) Un r\u00e9seau sans fil accessible partout pour les \u00e9tudiants, enseignants et personnel locaux ou [&hellip;]","og_url":"https:\/\/www.canarie.ca\/fr\/identite\/eduroam\/wep-eduroam\/","og_site_name":"CANARIE","article_modified_time":"2022-09-14T15:48:40+00:00","og_image":[{"width":800,"height":405,"url":"https:\/\/www.canarie.ca\/wp-content\/uploads\/2021\/03\/News-image_caf.png","type":"image\/png"}],"twitter_card":"summary_large_image","schema":{"@context":"https:\/\/schema.org","@graph":[{"@type":"WebPage","@id":"https:\/\/www.canarie.ca\/fr\/identite\/eduroam\/wep-eduroam\/","url":"https:\/\/www.canarie.ca\/fr\/identite\/eduroam\/wep-eduroam\/","name":"eduroam @ World Exchange Plaza (WEP) | Un r\u00e9seau sans fil accessible partout pour les \u00e9tudiants, enseignants et personnel locaux ou de passage\u202f - CANARIE","isPartOf":{"@id":"https:\/\/www.canarie.ca\/#website"},"primaryImageOfPage":{"@id":"https:\/\/www.canarie.ca\/fr\/identite\/eduroam\/wep-eduroam\/#primaryimage"},"image":{"@id":"https:\/\/www.canarie.ca\/fr\/identite\/eduroam\/wep-eduroam\/#primaryimage"},"thumbnailUrl":"https:\/\/www.canarie.ca\/wp-content\/uploads\/2021\/03\/News-image_caf.png","datePublished":"2022-06-07T17:28:28+00:00","dateModified":"2022-09-14T15:48:40+00:00","breadcrumb":{"@id":"https:\/\/www.canarie.ca\/fr\/identite\/eduroam\/wep-eduroam\/#breadcrumb"},"inLanguage":"fr-FR","potentialAction":[{"@type":"ReadAction","target":["https:\/\/www.canarie.ca\/fr\/identite\/eduroam\/wep-eduroam\/"]}]},{"@type":"ImageObject","inLanguage":"fr-FR","@id":"https:\/\/www.canarie.ca\/fr\/identite\/eduroam\/wep-eduroam\/#primaryimage","url":"https:\/\/www.canarie.ca\/wp-content\/uploads\/2021\/03\/News-image_caf.png","contentUrl":"https:\/\/www.canarie.ca\/wp-content\/uploads\/2021\/03\/News-image_caf.png","width":800,"height":405},{"@type":"BreadcrumbList","@id":"https:\/\/www.canarie.ca\/fr\/identite\/eduroam\/wep-eduroam\/#breadcrumb","itemListElement":[{"@type":"ListItem","position":1,"name":"Accueil","item":"https:\/\/www.canarie.ca\/fr\/homepage\/"},{"@type":"ListItem","position":2,"name":"Gestion des identit\u00e9s et des acc\u00e8s","item":"https:\/\/www.canarie.ca\/fr\/identite\/"},{"@type":"ListItem","position":3,"name":"eduroam","item":"https:\/\/www.canarie.ca\/fr\/identite\/eduroam\/"},{"@type":"ListItem","position":4,"name":"eduroam @ World Exchange Plaza (WEP) | Un r\u00e9seau sans fil accessible partout pour les \u00e9tudiants, enseignants et personnel locaux ou de passage\u202f"}]},{"@type":"WebSite","@id":"https:\/\/www.canarie.ca\/#website","url":"https:\/\/www.canarie.ca\/","name":"CANARIE","description":"","potentialAction":[{"@type":"SearchAction","target":{"@type":"EntryPoint","urlTemplate":"https:\/\/www.canarie.ca\/?s={search_term_string}"},"query-input":{"@type":"PropertyValueSpecification","valueRequired":true,"valueName":"search_term_string"}}],"inLanguage":"fr-FR"}]}},"_links":{"self":[{"href":"https:\/\/www.canarie.ca\/fr\/wp-json\/wp\/v2\/pages\/32734","targetHints":{"allow":["GET"]}}],"collection":[{"href":"https:\/\/www.canarie.ca\/fr\/wp-json\/wp\/v2\/pages"}],"about":[{"href":"https:\/\/www.canarie.ca\/fr\/wp-json\/wp\/v2\/types\/page"}],"author":[{"embeddable":true,"href":"https:\/\/www.canarie.ca\/fr\/wp-json\/wp\/v2\/users\/12"}],"replies":[{"embeddable":true,"href":"https:\/\/www.canarie.ca\/fr\/wp-json\/wp\/v2\/comments?post=32734"}],"version-history":[{"count":0,"href":"https:\/\/www.canarie.ca\/fr\/wp-json\/wp\/v2\/pages\/32734\/revisions"}],"wp:featuredmedia":[{"embeddable":true,"href":"https:\/\/www.canarie.ca\/fr\/wp-json\/wp\/v2\/media\/19739"}],"wp:attachment":[{"href":"https:\/\/www.canarie.ca\/fr\/wp-json\/wp\/v2\/media?parent=32734"}],"curies":[{"name":"wp","href":"https:\/\/api.w.org\/{rel}","templated":true}]}}