{"id":32760,"date":"2022-06-09T09:32:58","date_gmt":"2022-06-09T13:32:58","guid":{"rendered":"https:\/\/www.canarie.ca\/?page_id=32760"},"modified":"2022-06-09T09:52:59","modified_gmt":"2022-06-09T13:52:59","slug":"coordonnateur-operations-des-programmes","status":"publish","type":"page","link":"https:\/\/www.canarie.ca\/fr\/carrieres\/coordonnateur-operations-des-programmes\/","title":{"rendered":"Coordonnateur, op\u00e9rations des programmes"},"content":{"rendered":"\n<div style=\"height:36px\" aria-hidden=\"true\" class=\"wp-block-spacer\"><\/div>\n\n\n\n<h1 class=\"has-text-align-center wp-block-heading\" id=\"gestionnaire-de-programme-gestion-des-identites-et-des-acces\"><strong>Coordonnateur, op\u00e9rations des programmes<\/strong><\/h1>\n\n\n\n<div style=\"height:36px\" aria-hidden=\"true\" class=\"wp-block-spacer\"><\/div>\n\n\n\n<section class=\"section section--banner simple-fade light-blue alignfull\">\n  <div class=\"grid-container text-center\">\n  \t\t  \t\t  \t  <div class=\"large\"><p>Le titulaire du poste veille \u00e0 une coordination et \u00e0 une mise en \u0153uvre efficaces des programmes de CANARIE afin d\u2019optimiser le flux de t\u00e2ches et de faciliter l\u2019ex\u00e9cution des programmes tout en garantissant une prestation d\u2019une grande pr\u00e9cision et d\u2019une haute qualit\u00e9 aux intervenants de l\u2019organisation.<\/p>\n<p>Il s\u2019agit d\u2019un poste permanent, \u00e0 temps plein, qui rel\u00e8ve du directeur des op\u00e9rations des programmes de CANARIE.<\/p>\n<\/div>\n\t  \t  \t\t  <\/div>\n<\/section>\n\n\n\n<section class=\"section section--text-columns\">\n    <div class=\"grid-container\">\n      \n                      <div class=\"grid-x grid-padding-x\">\n                                                <div class=\"cell\">\n                    <h3>Principales responsabilit\u00e9s<\/h3>\n                  <\/div>\n                                                                              <div class=\"cell medium-6\">\n                          <ul>\n<li>Faciliter la gestion des initiatives associ\u00e9es aux programmes, coordonner le travail des \u00e9quipes et suivre l\u2019avancement des activit\u00e9s<\/li>\n<li>Coordonner diverses rencontres avec les intervenants, les ordonnancer et y participer en pr\u00e9parant les ordres du jour, en orchestrant la logistique et en r\u00e9digeant des comptes rendus<\/li>\n<li>Cadencer les mesures \u00e0 prendre et suivre les activit\u00e9s subs\u00e9quentes, notamment en d\u00e9terminant leur degr\u00e9 d\u2019avancement et en les surveillant jusqu\u2019\u00e0 leur ach\u00e8vement<\/li>\n<li>Acqu\u00e9rir une connaissance et une compr\u00e9hension approfondies des programmes et \u00e9pauler leurs comit\u00e9s<\/li>\n<li>Coordonner les activit\u00e9s des programmes comme les webinaires et la formation<\/li>\n<li>Pr\u00e9parer les contrats et leurs amendements pour les participants \u00e0 partir des mod\u00e8les uniformis\u00e9s<\/li>\n<\/ul>\n                        <\/div>\n                                                <div class=\"cell medium-6\">\n                          <ul>\n<li>G\u00e9rer la solution \u00e0 signature \u00e9lectronique de CANARIE et son outil d\u2019application, y compris configurer les flux de t\u00e2ches et former les utilisateurs<\/li>\n<li>Superviser, entretenir et d\u00e9velopper le programme de documentation ainsi que la base de donn\u00e9es de CANARIE qui rassemble la documentation sur les proc\u00e9d\u00e9s<\/li>\n<li>Contribuer \u00e0 l\u2019\u00e9laboration d\u2019un syst\u00e8me de rapports normalis\u00e9s sur les programmes et des \u00e9talons qui l\u2019accompagnent<\/li>\n<li>Participer aux initiatives et aux projets d\u2019\u00e9quipe<\/li>\n<li>Pr\u00eater main-forte aux membres de l\u2019\u00e9quipe quand ils en ont besoin<\/li>\n<li>Assumer d\u2019autres fonctions et responsabilit\u00e9s au besoin<\/li>\n<\/ul>\n                        <\/div>\n                                          \n                                    \n                                <\/div>\n                <\/div>\n  <\/section>\n  \n\n\n<section class=\"section section--text-columns no-background\">\n    <div class=\"grid-container\">\n      <div class=\"grid-x grid-padding-x\">\n        <div class=\"cell\">\n                  \t<h3>Le candidat r\u00eav\u00e9<\/h3>\n                    <p>Pour exceller chez CANARIE, le candidat r\u00eav\u00e9 illustrera de fa\u00e7on manifeste sa capacit\u00e9 \u00e0 collaborer au sein d\u2019une \u00e9quipe. Son dynamisme lui inculquera la motivation n\u00e9cessaire pour travailler de fa\u00e7on autonome. Il communiquera \u00e0 merveille verbalement et par \u00e9crit. G\u00e9rer des \u00e9ch\u00e9ances, r\u00e9soudre des probl\u00e8mes et composer avec de multiples priorit\u00e9s figureront parmi ses points forts. Enfin, le candidat id\u00e9al \u00e9pousera les valeurs de CANARIE que sont le service \u00e0 la client\u00e8le, l\u2019esprit d\u2019\u00e9quipe, l\u2019innovation, la conscience professionnelle et l\u2019int\u00e9grit\u00e9.<\/p>\n<p>Une exp\u00e9rience pertinente au sein d\u2019une organisation sans but lucratif financ\u00e9e par des fonds publics est souhaitable. On privil\u00e9giera les candidats bilingues.<\/p>\n                  <\/div>\n      <\/div>\n    <\/div>\n  <\/section>\n\n\n<section class=\"section section--text-columns no-background\">\n    <div class=\"grid-container\">\n      <div class=\"grid-x grid-padding-x\">\n        <div class=\"cell\">\n                  \t<h3>Vos acquis<\/h3>\n                    <h3>Formation et exp\u00e9rience<\/h3>\n<ul>\n<li>Dipl\u00f4me coll\u00e9gial ou universitaire ou combinaison ad\u00e9quate de cours, d\u2019exp\u00e9rience et de formations<\/li>\n<li>Au moins cinq (5) ann\u00e9es d\u2019exp\u00e9rience dans un domaine pertinent<\/li>\n<\/ul>\n<h3>Aptitudes<\/h3>\n<ul>\n<li>Dynamisme, capacit\u00e9 d\u2019adaptation et amabilit\u00e9<\/li>\n<li>Tr\u00e8s grand souci du d\u00e9tail<\/li>\n<li>Capacit\u00e9 \u00e0 travailler de fa\u00e7on autonome avec assurance et grande conscience professionnelle<\/li>\n<li>Excellentes aptitudes en consultation, analyse, r\u00e9solution de probl\u00e8mes et prise de d\u00e9cisions<\/li>\n<\/ul>\n<h3>Comp\u00e9tences techniques<\/h3>\n<ul>\n<li>Solide connaissance pratique des logiciels Microsoft Office<\/li>\n<li>De l\u2019exp\u00e9rience avec les logiciels \u00e0 signature \u00e9lectronique et des logiciels d\u2019application est souhaitable.<\/li>\n<\/ul>\n                  <\/div>\n      <\/div>\n    <\/div>\n  <\/section>\n\n\n<h3 class=\"has-cyan-color has-text-color wp-block-heading\" id=\"travaillons-ensemble\">Travaillons ensemble<\/h3>\n\n\n\n<p>CANARIE est d\u00e9termin\u00e9 \u00e0 faire preuve d\u2019\u00e9quit\u00e9 en mati\u00e8re d\u2019emploi. Quiconque pourrait concourir \u00e0 la diversification de nos id\u00e9es et de nos points de vue est donc encourag\u00e9 \u00e0 poser sa candidature. CANARIE accommodera les personnes aux prises avec un handicap qui en font la demande \u00e0 toutes les \u00e9tapes du recrutement et du processus de s\u00e9lection.<\/p>\n\n\n\n<p>Le poste semble fait pour vous? Signalez-le-nous en \u00e9crivant \u00e0 <a href=\"mailto:careers@canarie.ca\">careers@canarie.ca<\/a>. Annexez votre curriculum vitae en mentionnant le titre du poste dans l\u2019objet du courriel.<\/p>\n\n\n\n<p>Nous remercions tous les int\u00e9ress\u00e9s qui posent leur candidature, mais seules les personnes retenues pour une entrevue recevront un appel.<\/p>\n","protected":false},"excerpt":{"rendered":"<p>Coordonnateur, op\u00e9rations des programmes Travaillons ensemble CANARIE est d\u00e9termin\u00e9 \u00e0 faire preuve d\u2019\u00e9quit\u00e9 en mati\u00e8re d\u2019emploi. Quiconque pourrait concourir \u00e0 [&hellip;]<\/p>\n","protected":false},"author":12,"featured_media":0,"parent":6314,"menu_order":8,"comment_status":"closed","ping_status":"closed","template":"","meta":{"_acf_changed":false,"footnotes":""},"class_list":["post-32760","page","type-page","status-publish","hentry"],"acf":[],"yoast_head":"<!-- This site is optimized with the Yoast SEO plugin v27.3 - https:\/\/yoast.com\/product\/yoast-seo-wordpress\/ -->\n<title>Coordonnateur, op\u00e9rations des programmes - CANARIE<\/title>\n<meta name=\"robots\" content=\"index, follow, max-snippet:-1, max-image-preview:large, max-video-preview:-1\" \/>\n<link rel=\"canonical\" href=\"https:\/\/www.canarie.ca\/fr\/carrieres\/coordonnateur-operations-des-programmes\/\" \/>\n<meta property=\"og:locale\" content=\"fr_FR\" \/>\n<meta property=\"og:type\" content=\"article\" \/>\n<meta property=\"og:title\" content=\"Coordonnateur, op\u00e9rations des programmes - CANARIE\" \/>\n<meta property=\"og:description\" content=\"Coordonnateur, op\u00e9rations des programmes Travaillons ensemble CANARIE est d\u00e9termin\u00e9 \u00e0 faire preuve d\u2019\u00e9quit\u00e9 en mati\u00e8re d\u2019emploi. Quiconque pourrait concourir \u00e0 [&hellip;]\" \/>\n<meta property=\"og:url\" content=\"https:\/\/www.canarie.ca\/fr\/carrieres\/coordonnateur-operations-des-programmes\/\" \/>\n<meta property=\"og:site_name\" content=\"CANARIE\" \/>\n<meta property=\"article:modified_time\" content=\"2022-06-09T13:52:59+00:00\" \/>\n<meta name=\"twitter:card\" content=\"summary_large_image\" \/>\n<script type=\"application\/ld+json\" class=\"yoast-schema-graph\">{\"@context\":\"https:\\\/\\\/schema.org\",\"@graph\":[{\"@type\":\"WebPage\",\"@id\":\"https:\\\/\\\/www.canarie.ca\\\/fr\\\/carrieres\\\/coordonnateur-operations-des-programmes\\\/\",\"url\":\"https:\\\/\\\/www.canarie.ca\\\/fr\\\/carrieres\\\/coordonnateur-operations-des-programmes\\\/\",\"name\":\"Coordonnateur, op\u00e9rations des programmes - CANARIE\",\"isPartOf\":{\"@id\":\"https:\\\/\\\/www.canarie.ca\\\/#website\"},\"datePublished\":\"2022-06-09T13:32:58+00:00\",\"dateModified\":\"2022-06-09T13:52:59+00:00\",\"breadcrumb\":{\"@id\":\"https:\\\/\\\/www.canarie.ca\\\/fr\\\/carrieres\\\/coordonnateur-operations-des-programmes\\\/#breadcrumb\"},\"inLanguage\":\"fr-FR\",\"potentialAction\":[{\"@type\":\"ReadAction\",\"target\":[\"https:\\\/\\\/www.canarie.ca\\\/fr\\\/carrieres\\\/coordonnateur-operations-des-programmes\\\/\"]}]},{\"@type\":\"BreadcrumbList\",\"@id\":\"https:\\\/\\\/www.canarie.ca\\\/fr\\\/carrieres\\\/coordonnateur-operations-des-programmes\\\/#breadcrumb\",\"itemListElement\":[{\"@type\":\"ListItem\",\"position\":1,\"name\":\"Accueil\",\"item\":\"https:\\\/\\\/www.canarie.ca\\\/fr\\\/homepage\\\/\"},{\"@type\":\"ListItem\",\"position\":2,\"name\":\"Carri\u00e8res\",\"item\":\"https:\\\/\\\/www.canarie.ca\\\/fr\\\/carrieres\\\/\"},{\"@type\":\"ListItem\",\"position\":3,\"name\":\"Coordonnateur, op\u00e9rations des programmes\"}]},{\"@type\":\"WebSite\",\"@id\":\"https:\\\/\\\/www.canarie.ca\\\/#website\",\"url\":\"https:\\\/\\\/www.canarie.ca\\\/\",\"name\":\"CANARIE\",\"description\":\"\",\"potentialAction\":[{\"@type\":\"SearchAction\",\"target\":{\"@type\":\"EntryPoint\",\"urlTemplate\":\"https:\\\/\\\/www.canarie.ca\\\/?s={search_term_string}\"},\"query-input\":{\"@type\":\"PropertyValueSpecification\",\"valueRequired\":true,\"valueName\":\"search_term_string\"}}],\"inLanguage\":\"fr-FR\"}]}<\/script>\n<!-- \/ Yoast SEO plugin. -->","yoast_head_json":{"title":"Coordonnateur, op\u00e9rations des programmes - CANARIE","robots":{"index":"index","follow":"follow","max-snippet":"max-snippet:-1","max-image-preview":"max-image-preview:large","max-video-preview":"max-video-preview:-1"},"canonical":"https:\/\/www.canarie.ca\/fr\/carrieres\/coordonnateur-operations-des-programmes\/","og_locale":"fr_FR","og_type":"article","og_title":"Coordonnateur, op\u00e9rations des programmes - CANARIE","og_description":"Coordonnateur, op\u00e9rations des programmes Travaillons ensemble CANARIE est d\u00e9termin\u00e9 \u00e0 faire preuve d\u2019\u00e9quit\u00e9 en mati\u00e8re d\u2019emploi. Quiconque pourrait concourir \u00e0 [&hellip;]","og_url":"https:\/\/www.canarie.ca\/fr\/carrieres\/coordonnateur-operations-des-programmes\/","og_site_name":"CANARIE","article_modified_time":"2022-06-09T13:52:59+00:00","twitter_card":"summary_large_image","schema":{"@context":"https:\/\/schema.org","@graph":[{"@type":"WebPage","@id":"https:\/\/www.canarie.ca\/fr\/carrieres\/coordonnateur-operations-des-programmes\/","url":"https:\/\/www.canarie.ca\/fr\/carrieres\/coordonnateur-operations-des-programmes\/","name":"Coordonnateur, op\u00e9rations des programmes - CANARIE","isPartOf":{"@id":"https:\/\/www.canarie.ca\/#website"},"datePublished":"2022-06-09T13:32:58+00:00","dateModified":"2022-06-09T13:52:59+00:00","breadcrumb":{"@id":"https:\/\/www.canarie.ca\/fr\/carrieres\/coordonnateur-operations-des-programmes\/#breadcrumb"},"inLanguage":"fr-FR","potentialAction":[{"@type":"ReadAction","target":["https:\/\/www.canarie.ca\/fr\/carrieres\/coordonnateur-operations-des-programmes\/"]}]},{"@type":"BreadcrumbList","@id":"https:\/\/www.canarie.ca\/fr\/carrieres\/coordonnateur-operations-des-programmes\/#breadcrumb","itemListElement":[{"@type":"ListItem","position":1,"name":"Accueil","item":"https:\/\/www.canarie.ca\/fr\/homepage\/"},{"@type":"ListItem","position":2,"name":"Carri\u00e8res","item":"https:\/\/www.canarie.ca\/fr\/carrieres\/"},{"@type":"ListItem","position":3,"name":"Coordonnateur, op\u00e9rations des programmes"}]},{"@type":"WebSite","@id":"https:\/\/www.canarie.ca\/#website","url":"https:\/\/www.canarie.ca\/","name":"CANARIE","description":"","potentialAction":[{"@type":"SearchAction","target":{"@type":"EntryPoint","urlTemplate":"https:\/\/www.canarie.ca\/?s={search_term_string}"},"query-input":{"@type":"PropertyValueSpecification","valueRequired":true,"valueName":"search_term_string"}}],"inLanguage":"fr-FR"}]}},"_links":{"self":[{"href":"https:\/\/www.canarie.ca\/fr\/wp-json\/wp\/v2\/pages\/32760","targetHints":{"allow":["GET"]}}],"collection":[{"href":"https:\/\/www.canarie.ca\/fr\/wp-json\/wp\/v2\/pages"}],"about":[{"href":"https:\/\/www.canarie.ca\/fr\/wp-json\/wp\/v2\/types\/page"}],"author":[{"embeddable":true,"href":"https:\/\/www.canarie.ca\/fr\/wp-json\/wp\/v2\/users\/12"}],"replies":[{"embeddable":true,"href":"https:\/\/www.canarie.ca\/fr\/wp-json\/wp\/v2\/comments?post=32760"}],"version-history":[{"count":0,"href":"https:\/\/www.canarie.ca\/fr\/wp-json\/wp\/v2\/pages\/32760\/revisions"}],"up":[{"embeddable":true,"href":"https:\/\/www.canarie.ca\/fr\/wp-json\/wp\/v2\/pages\/6314"}],"wp:attachment":[{"href":"https:\/\/www.canarie.ca\/fr\/wp-json\/wp\/v2\/media?parent=32760"}],"curies":[{"name":"wp","href":"https:\/\/api.w.org\/{rel}","templated":true}]}}