{"id":32776,"date":"2022-06-09T09:41:36","date_gmt":"2022-06-09T13:41:36","guid":{"rendered":"https:\/\/www.canarie.ca\/?page_id=32776"},"modified":"2022-06-30T14:31:29","modified_gmt":"2022-06-30T18:31:29","slug":"developpeur-de-logiciels","status":"publish","type":"page","link":"https:\/\/www.canarie.ca\/fr\/carrieres\/developpeur-de-logiciels\/","title":{"rendered":"D\u00e9veloppeur de logiciels"},"content":{"rendered":"\n<div style=\"height:36px\" aria-hidden=\"true\" class=\"wp-block-spacer\"><\/div>\n\n\n\n<h1 class=\"has-text-align-center wp-block-heading\" id=\"gestionnaire-de-programme-gestion-des-identites-et-des-acces\">D\u00e9veloppeur de logiciels<\/h1>\n\n\n\n<div style=\"height:36px\" aria-hidden=\"true\" class=\"wp-block-spacer\"><\/div>\n\n\n\n<section class=\"section section--banner simple-fade light-blue alignfull\">\n  <div class=\"grid-container text-center\">\n  \t\t  \t\t  \t  <div class=\"large\"><p>Le titulaire du poste con\u00e7oit, d\u00e9veloppe, installe et maintient les logiciels \u00e0 la base des programmes de CANARIE.<\/p>\n<p>Il s\u2019agit d\u2019un poste permanent, \u00e0 temps plein, qui rel\u00e8ve du gestionnaire en d\u00e9veloppement de logiciels.<\/p>\n<\/div>\n\t  \t  \t\t  <\/div>\n<\/section>\n\n\n\n<section class=\"section section--text-columns\">\n    <div class=\"grid-container\">\n      \n                      <div class=\"grid-x grid-padding-x\">\n                                                <div class=\"cell\">\n                    <h3>Principales responsabilit\u00e9s<\/h3>\n                  <\/div>\n                                                                              <div class=\"cell medium-6\">\n                          <ul>\n<li>Concevoir et d\u00e9velopper les logiciels n\u00e9cessaires aux programmes de CANARIE<\/li>\n<li>Travailler efficacement au sein d\u2019une \u00e9quipe de d\u00e9veloppement en milieu Agile<\/li>\n<li>Participer \u00e0 l\u2019\u00e9laboration des scripts, \u00e0 la planification des t\u00e2ches et aux estimations<\/li>\n<li>Participer \u00e0 l\u2019analyse du code des logiciels en vue d\u2019en pr\u00e9server la qualit\u00e9<\/li>\n<li>Perfectionner en permanence les logiciels<\/li>\n<\/ul>\n                        <\/div>\n                                                <div class=\"cell medium-6\">\n                          <ul>\n<li>Chercher des technologies et des approches novatrices, et les \u00e9valuer<\/li>\n<li>Concourir \u00e0 l\u2019\u00e9laboration de pratiques exemplaires en d\u00e9veloppement de logiciels chez CANARIE<\/li>\n<li>D\u00e9placements n\u00e9cessaires \u00e0 l\u2019occasion<\/li>\n<li>Assumer d\u2019autres t\u00e2ches et responsabilit\u00e9s au besoin<\/li>\n<\/ul>\n                        <\/div>\n                                          \n                                    \n                                <\/div>\n                <\/div>\n  <\/section>\n  \n\n\n<section class=\"section section--text-columns no-background\">\n    <div class=\"grid-container\">\n      <div class=\"grid-x grid-padding-x\">\n        <div class=\"cell\">\n                  \t<h3>Le candidat r\u00eav\u00e9<\/h3>\n                    <p>Pour exceller chez CANARIE, le candidat r\u00eav\u00e9 illustrera de fa\u00e7on manifeste sa capacit\u00e9 \u00e0 collaborer au sein d\u2019une \u00e9quipe. Son dynamisme lui inculquera la motivation n\u00e9cessaire pour travailler de fa\u00e7on autonome. Il communiquera \u00e0 merveille verbalement et par \u00e9crit. G\u00e9rer des \u00e9ch\u00e9ances, r\u00e9soudre des probl\u00e8mes et composer avec de multiples priorit\u00e9s figureront parmi ses points forts. Enfin, le candidat id\u00e9al \u00e9pousera les valeurs de CANARIE que sont le service \u00e0 la client\u00e8le, l\u2019esprit d\u2019\u00e9quipe, l\u2019innovation, la conscience professionnelle et l\u2019int\u00e9grit\u00e9.<\/p>\n<p>Une exp\u00e9rience pertinente au sein d\u2019une organisation sans but lucratif financ\u00e9e par des fonds publics est souhaitable. On privil\u00e9giera les candidats bilingues.<\/p>\n                  <\/div>\n      <\/div>\n    <\/div>\n  <\/section>\n\n\n<section class=\"section section--text-columns no-background\">\n    <div class=\"grid-container\">\n      <div class=\"grid-x grid-padding-x\">\n        <div class=\"cell\">\n                  \t<h3>Vos acquis<\/h3>\n                    <h3>Formation et exp\u00e9rience<\/h3>\n<ul>\n<li>Dipl\u00f4me coll\u00e9gial ou universitaire en informatique, ou combinaison appropri\u00e9e de cours, d\u2019exp\u00e9rience et de formation<\/li>\n<li>Au moins cinq (5) ann\u00e9es d\u2019exp\u00e9rience pertinente en d\u00e9veloppement de logiciels<\/li>\n<li>Exp\u00e9rience pratique des m\u00e9thodes de d\u00e9veloppement Kanban ou SCRUM<\/li>\n<li>D\u00e9veloppement de logiciels pour la conteneurisation et les DevOps<\/li>\n<li>\u00c9laboration de scripts pour les logiciels \u00e0 partir d\u2019exigences pr\u00e9cises<\/li>\n<li>Exp\u00e9rience du d\u00e9veloppement d\u2019interfaces graphiques pour le Web<\/li>\n<\/ul>\n<p>&nbsp;<\/p>\n<h3>Aptitudes<\/h3>\n<ul>\n<li>Aptitude \u00e0 appliquer les m\u00e9thodes de conception aux logiciels et \u00e0 envisager les probl\u00e8mes sous un angle syst\u00e9mique<\/li>\n<li>Habilet\u00e9 \u00e0 r\u00e9soudre les probl\u00e8mes techniques, \u00e0 les analyser et \u00e0 trouver des solutions de rechange<\/li>\n<li>Habilet\u00e9 \u00e0 transmettre des informations techniques avec clart\u00e9<\/li>\n<li>Aptitude \u00e0 ma\u00eetriser de nouveaux langages de programmation ainsi que de nouvelles plateformes et technologies<\/li>\n<li>La connaissance du mod\u00e8le de la Cloud Native Computing Foundation est souhaitable<\/li>\n<\/ul>\n<h3>Comp\u00e9tences techniques<\/h3>\n<ul>\n<li>Connaissance pratique de ce qui suit\u00a0:<\/li>\n<\/ul>\n<ul>\n<li style=\"list-style-type: none;\">\n<ul>\n<li>langages\u00a0: Python, Django, JavaScript\/TypeScript, Angular, bash, autres au besoin;<\/li>\n<li>plateformes\u00a0: Docker, Kubernetes, Linux, Windows, AWS (ou autre nuage);<\/li>\n<li>technologies\u00a0: API RESTful, API ouvertes, JSON, XML, Docker Compose, Helm;<\/li>\n<li>outils\u00a0: Git, GitLab.<\/li>\n<\/ul>\n<\/li>\n<\/ul>\n<ul>\n<li>Solide connaissance pratique des logiciels Microsoft Office<\/li>\n<li>Une connaissance de la conception des bases de donn\u00e9es et de leur syst\u00e8me d\u2019administration est souhaitable.<\/li>\n<\/ul>\n                  <\/div>\n      <\/div>\n    <\/div>\n  <\/section>\n\n\n<h3 class=\"has-cyan-color has-text-color wp-block-heading\" id=\"travaillons-ensemble\">Travaillons ensemble<\/h3>\n\n\n\n<p>CANARIE est d\u00e9termin\u00e9 \u00e0 faire preuve d\u2019\u00e9quit\u00e9 en mati\u00e8re d\u2019emploi. Quiconque pourrait concourir \u00e0 la diversification de nos id\u00e9es et de nos points de vue est donc encourag\u00e9 \u00e0 poser sa candidature. CANARIE accommodera les personnes aux prises avec un handicap qui en font la demande \u00e0 toutes les \u00e9tapes du recrutement et du processus de s\u00e9lection.<\/p>\n\n\n\n<p>Le poste semble fait pour vous? Signalez-le-nous en \u00e9crivant \u00e0 <a href=\"mailto:careers@canarie.ca\">careers@canarie.ca<\/a>. Annexez votre curriculum vitae en mentionnant le titre du poste dans l\u2019objet du courriel.<\/p>\n\n\n\n<p>Nous remercions tous les int\u00e9ress\u00e9s qui posent leur candidature, mais seules les personnes retenues pour une entrevue recevront un appel.<\/p>\n","protected":false},"excerpt":{"rendered":"<p>D\u00e9veloppeur de logiciels Travaillons ensemble CANARIE est d\u00e9termin\u00e9 \u00e0 faire preuve d\u2019\u00e9quit\u00e9 en mati\u00e8re d\u2019emploi. Quiconque pourrait concourir \u00e0 la [&hellip;]<\/p>\n","protected":false},"author":12,"featured_media":0,"parent":6314,"menu_order":8,"comment_status":"closed","ping_status":"closed","template":"","meta":{"_acf_changed":false,"footnotes":""},"class_list":["post-32776","page","type-page","status-publish","hentry"],"acf":[],"yoast_head":"<!-- This site is optimized with the Yoast SEO plugin v27.5 - https:\/\/yoast.com\/product\/yoast-seo-wordpress\/ -->\n<title>D\u00e9veloppeur de logiciels - CANARIE<\/title>\n<meta name=\"robots\" content=\"index, follow, max-snippet:-1, max-image-preview:large, max-video-preview:-1\" \/>\n<link rel=\"canonical\" href=\"https:\/\/www.canarie.ca\/fr\/carrieres\/developpeur-de-logiciels\/\" \/>\n<meta property=\"og:locale\" content=\"fr_FR\" \/>\n<meta property=\"og:type\" content=\"article\" \/>\n<meta property=\"og:title\" content=\"D\u00e9veloppeur de logiciels - CANARIE\" \/>\n<meta property=\"og:description\" content=\"D\u00e9veloppeur de logiciels Travaillons ensemble CANARIE est d\u00e9termin\u00e9 \u00e0 faire preuve d\u2019\u00e9quit\u00e9 en mati\u00e8re d\u2019emploi. Quiconque pourrait concourir \u00e0 la [&hellip;]\" \/>\n<meta property=\"og:url\" content=\"https:\/\/www.canarie.ca\/fr\/carrieres\/developpeur-de-logiciels\/\" \/>\n<meta property=\"og:site_name\" content=\"CANARIE\" \/>\n<meta property=\"article:modified_time\" content=\"2022-06-30T18:31:29+00:00\" \/>\n<meta name=\"twitter:card\" content=\"summary_large_image\" \/>\n<script type=\"application\/ld+json\" class=\"yoast-schema-graph\">{\"@context\":\"https:\\\/\\\/schema.org\",\"@graph\":[{\"@type\":\"WebPage\",\"@id\":\"https:\\\/\\\/www.canarie.ca\\\/fr\\\/carrieres\\\/developpeur-de-logiciels\\\/\",\"url\":\"https:\\\/\\\/www.canarie.ca\\\/fr\\\/carrieres\\\/developpeur-de-logiciels\\\/\",\"name\":\"D\u00e9veloppeur de logiciels - CANARIE\",\"isPartOf\":{\"@id\":\"https:\\\/\\\/www.canarie.ca\\\/#website\"},\"datePublished\":\"2022-06-09T13:41:36+00:00\",\"dateModified\":\"2022-06-30T18:31:29+00:00\",\"breadcrumb\":{\"@id\":\"https:\\\/\\\/www.canarie.ca\\\/fr\\\/carrieres\\\/developpeur-de-logiciels\\\/#breadcrumb\"},\"inLanguage\":\"fr-FR\",\"potentialAction\":[{\"@type\":\"ReadAction\",\"target\":[\"https:\\\/\\\/www.canarie.ca\\\/fr\\\/carrieres\\\/developpeur-de-logiciels\\\/\"]}]},{\"@type\":\"BreadcrumbList\",\"@id\":\"https:\\\/\\\/www.canarie.ca\\\/fr\\\/carrieres\\\/developpeur-de-logiciels\\\/#breadcrumb\",\"itemListElement\":[{\"@type\":\"ListItem\",\"position\":1,\"name\":\"Accueil\",\"item\":\"https:\\\/\\\/www.canarie.ca\\\/fr\\\/\"},{\"@type\":\"ListItem\",\"position\":2,\"name\":\"Carri\u00e8res\",\"item\":\"https:\\\/\\\/www.canarie.ca\\\/fr\\\/carrieres\\\/\"},{\"@type\":\"ListItem\",\"position\":3,\"name\":\"D\u00e9veloppeur de logiciels\"}]},{\"@type\":\"WebSite\",\"@id\":\"https:\\\/\\\/www.canarie.ca\\\/#website\",\"url\":\"https:\\\/\\\/www.canarie.ca\\\/\",\"name\":\"CANARIE\",\"description\":\"\",\"potentialAction\":[{\"@type\":\"SearchAction\",\"target\":{\"@type\":\"EntryPoint\",\"urlTemplate\":\"https:\\\/\\\/www.canarie.ca\\\/?s={search_term_string}\"},\"query-input\":{\"@type\":\"PropertyValueSpecification\",\"valueRequired\":true,\"valueName\":\"search_term_string\"}}],\"inLanguage\":\"fr-FR\"}]}<\/script>\n<!-- \/ Yoast SEO plugin. -->","yoast_head_json":{"title":"D\u00e9veloppeur de logiciels - CANARIE","robots":{"index":"index","follow":"follow","max-snippet":"max-snippet:-1","max-image-preview":"max-image-preview:large","max-video-preview":"max-video-preview:-1"},"canonical":"https:\/\/www.canarie.ca\/fr\/carrieres\/developpeur-de-logiciels\/","og_locale":"fr_FR","og_type":"article","og_title":"D\u00e9veloppeur de logiciels - CANARIE","og_description":"D\u00e9veloppeur de logiciels Travaillons ensemble CANARIE est d\u00e9termin\u00e9 \u00e0 faire preuve d\u2019\u00e9quit\u00e9 en mati\u00e8re d\u2019emploi. Quiconque pourrait concourir \u00e0 la [&hellip;]","og_url":"https:\/\/www.canarie.ca\/fr\/carrieres\/developpeur-de-logiciels\/","og_site_name":"CANARIE","article_modified_time":"2022-06-30T18:31:29+00:00","twitter_card":"summary_large_image","schema":{"@context":"https:\/\/schema.org","@graph":[{"@type":"WebPage","@id":"https:\/\/www.canarie.ca\/fr\/carrieres\/developpeur-de-logiciels\/","url":"https:\/\/www.canarie.ca\/fr\/carrieres\/developpeur-de-logiciels\/","name":"D\u00e9veloppeur de logiciels - CANARIE","isPartOf":{"@id":"https:\/\/www.canarie.ca\/#website"},"datePublished":"2022-06-09T13:41:36+00:00","dateModified":"2022-06-30T18:31:29+00:00","breadcrumb":{"@id":"https:\/\/www.canarie.ca\/fr\/carrieres\/developpeur-de-logiciels\/#breadcrumb"},"inLanguage":"fr-FR","potentialAction":[{"@type":"ReadAction","target":["https:\/\/www.canarie.ca\/fr\/carrieres\/developpeur-de-logiciels\/"]}]},{"@type":"BreadcrumbList","@id":"https:\/\/www.canarie.ca\/fr\/carrieres\/developpeur-de-logiciels\/#breadcrumb","itemListElement":[{"@type":"ListItem","position":1,"name":"Accueil","item":"https:\/\/www.canarie.ca\/fr\/"},{"@type":"ListItem","position":2,"name":"Carri\u00e8res","item":"https:\/\/www.canarie.ca\/fr\/carrieres\/"},{"@type":"ListItem","position":3,"name":"D\u00e9veloppeur de logiciels"}]},{"@type":"WebSite","@id":"https:\/\/www.canarie.ca\/#website","url":"https:\/\/www.canarie.ca\/","name":"CANARIE","description":"","potentialAction":[{"@type":"SearchAction","target":{"@type":"EntryPoint","urlTemplate":"https:\/\/www.canarie.ca\/?s={search_term_string}"},"query-input":{"@type":"PropertyValueSpecification","valueRequired":true,"valueName":"search_term_string"}}],"inLanguage":"fr-FR"}]}},"_links":{"self":[{"href":"https:\/\/www.canarie.ca\/fr\/wp-json\/wp\/v2\/pages\/32776","targetHints":{"allow":["GET"]}}],"collection":[{"href":"https:\/\/www.canarie.ca\/fr\/wp-json\/wp\/v2\/pages"}],"about":[{"href":"https:\/\/www.canarie.ca\/fr\/wp-json\/wp\/v2\/types\/page"}],"author":[{"embeddable":true,"href":"https:\/\/www.canarie.ca\/fr\/wp-json\/wp\/v2\/users\/12"}],"replies":[{"embeddable":true,"href":"https:\/\/www.canarie.ca\/fr\/wp-json\/wp\/v2\/comments?post=32776"}],"version-history":[{"count":0,"href":"https:\/\/www.canarie.ca\/fr\/wp-json\/wp\/v2\/pages\/32776\/revisions"}],"up":[{"embeddable":true,"href":"https:\/\/www.canarie.ca\/fr\/wp-json\/wp\/v2\/pages\/6314"}],"wp:attachment":[{"href":"https:\/\/www.canarie.ca\/fr\/wp-json\/wp\/v2\/media?parent=32776"}],"curies":[{"name":"wp","href":"https:\/\/api.w.org\/{rel}","templated":true}]}}