{"id":34092,"date":"2022-08-08T11:32:15","date_gmt":"2022-08-08T15:32:15","guid":{"rendered":"https:\/\/www.canarie.ca\/?page_id=34092"},"modified":"2023-08-17T08:22:11","modified_gmt":"2023-08-17T12:22:11","slug":"faites-connaissance-avec-le-batisseur-intelius","status":"publish","type":"page","link":"https:\/\/www.canarie.ca\/fr\/nuagepage\/etudes-cas\/faites-connaissance-avec-le-batisseur-intelius\/","title":{"rendered":"Faites connaissance avec le b\u00e2tisseur : Intelius"},"content":{"rendered":"\n\n<section class=\"section section--text-with-image  alignfull container squares-right\">\n    <div class=\"grid-container simple-fade\">\n    <div class=\"grid-x grid-padding-x align-middle\">\n      <div class=\"cell medium-5 \">\n\t\t  \t\t\t  <img decoding=\"async\" src=\"https:\/\/www.canarie.ca\/wp-content\/uploads\/2022\/08\/DAIR-Web-Graphics-4.png\" alt=\"\">\n\t\t        <\/div>\n      <div class=\"cell medium-7  text-left text-cell \">\n  \t\t                          <div class=\"fade-in-delay text-cell-text\"><h4>Bienvenue \u00e0 mouture de notre nouvelle s\u00e9rie \u00ab Faites connaissance avec le B\u00e2tisseur \u00bb qui met en vedette les cr\u00e9ateurs de Propulseurs et vous narre leur histoire.<\/h4>\n<p>Les Propulseurs sont des trousses gratuites, \u00e9prouv\u00e9es, sur des technologies \u00e9mergentes pr\u00e9cises : intelligence artificielle, Internet des objets ou cha\u00eenes de blocs. Ils sont con\u00e7us par des entreprises d\u2019exp\u00e9rience, qui ont cr\u00e9\u00e9 des produits ou des services au moyen de la technologie en question et ont accept\u00e9 de partager leur savoir-faire avec d\u2019autres.<\/p>\n<\/div>\n                      <\/div>\n    <\/div>\n  <\/div>\n<\/section>\n\n\n\n\n\n<section class=\"section section--text-columns no-background\">\n    <div class=\"grid-container\">\n      <div class=\"grid-x grid-padding-x\">\n        <div class=\"cell\">\n                    <h3><b><span data-contrast=\"auto\">Aider les entreprises \u00e0 tirer du sens des m\u00e9ga donn\u00e9es<\/span><\/b><span data-ccp-props=\"{&quot;134233117&quot;:false,&quot;134233118&quot;:false,&quot;201341983&quot;:0,&quot;335559738&quot;:0,&quot;335559739&quot;:0,&quot;335559740&quot;:240}\">\u00a0<\/span><\/h3>\n<p><span data-contrast=\"auto\">Qui dit m\u00e9ga donn\u00e9es, dit complexit\u00e9. Comment une entreprise peut-elle saisir quoi que ce soit d\u2019une masse d\u2019informations pareille et l\u2019exploiter? Wayne Madhlangobe, cofondateur et partenaire principal d\u2019Intelius\u202fAI, comprend tr\u00e8s bien la difficult\u00e9 et comment elle affecte les entreprises canadiennes.<\/span><span data-ccp-props=\"{&quot;134233117&quot;:false,&quot;134233118&quot;:false,&quot;201341983&quot;:0,&quot;335559738&quot;:0,&quot;335559739&quot;:0,&quot;335559740&quot;:240}\">\u00a0<\/span><\/p>\n<p><span data-contrast=\"auto\">\u00ab\u202fL\u2019espace des donn\u00e9es est complexe. Les acteurs majeurs et les technologies ne manquent pas. Or, pour une organisation, les donn\u00e9es sont un bien pr\u00e9cieux. Plus elle en aura, mieux elle pourra pr\u00e9dire l\u2019avenir, explique-t-il. Mais, pour une entreprise de taille modeste, acc\u00e9der aux outils, aux ressources humaines et aux technologies pour cela ne va pas sans mal.\u202f\u00bb\u00a0<\/span><span data-ccp-props=\"{&quot;201341983&quot;:0,&quot;335559739&quot;:160,&quot;335559740&quot;:259}\">\u00a0<\/span><\/p>\n<p><span data-contrast=\"auto\">Intelius\u202fAI aide les entreprises \u00e0 r\u00e9soudre leurs probl\u00e8mes de donn\u00e9es. Fond\u00e9e en 2018 avec un effectif de deux personnes, Intelius\u202fAI a cr\u00e9\u00e9 une solution qui automatise les d\u00e9cisions en simplifiant l\u2019exploitation des donn\u00e9es en temps r\u00e9el. Au d\u00e9part, Intelius\u202fAI s\u2019est concentr\u00e9 sur l\u2019industrie p\u00e9troli\u00e8re et gazi\u00e8re, mais on s\u2019est vite rendu compte que les cas d\u2019utilisation dans le secteur du p\u00e9trole et du gaz qu\u2019on s\u2019effor\u00e7ait de r\u00e9soudre pouvaient fort bien s\u2019appliquer \u00e0 d\u2019autres industries.<\/span><span data-ccp-props=\"{&quot;201341983&quot;:0,&quot;335559739&quot;:160,&quot;335559740&quot;:259}\">\u00a0<\/span><\/p>\n<p><span data-contrast=\"auto\">\u00ab\u202fNous avons collabor\u00e9 avec des compagnies d\u2019aviation, des soci\u00e9t\u00e9s p\u00e9troli\u00e8res et gazi\u00e8res, le secteur des finances et celui de la sant\u00e9. Nous r\u00e9glons des probl\u00e8mes d\u2019entreprise complexes pour nos clients en recourant aux donn\u00e9es et \u00e0 des techniques d\u2019analyse <\/span><span data-contrast=\"auto\">\u00e9volu\u00e9es\u202f\u00bb, <\/span><span data-contrast=\"auto\">reprend Wayne.<\/span><span data-ccp-props=\"{&quot;134233117&quot;:false,&quot;134233118&quot;:false,&quot;201341983&quot;:0,&quot;335559738&quot;:0,&quot;335559739&quot;:0,&quot;335559740&quot;:240}\">\u00a0<\/span><\/p>\n<h3><b><span data-contrast=\"auto\">S\u2019allier \u00e0 CANARIE<\/span><\/b><span data-ccp-props=\"{&quot;201341983&quot;:0,&quot;335559739&quot;:160,&quot;335559740&quot;:259}\">\u00a0<\/span><\/h3>\n<p><span data-contrast=\"auto\">Intelius\u202fAI a d\u00e9couvert le programme \u00ab\u202fnuage de l\u2019ATIR\u202f\u00bb de CANARIE en effectuant une recherche sur Google. Selon Wayne, travailler avec CANARIE s\u2019est av\u00e9r\u00e9 fructueux pour son \u00e9quipe. En plus de b\u00e2tir un Propulseur, le personnel d\u2019Intelius\u202fAI a enrichi ses connaissances gr\u00e2ce aux Propulseurs existants.<\/span><span data-ccp-props=\"{&quot;201341983&quot;:0,&quot;335559739&quot;:160,&quot;335559740&quot;:259}\">\u00a0<\/span><\/p>\n<p><span data-contrast=\"auto\">\u00ab\u202fLe catalogue de Propulseurs est incroyable. On peut en tirer beaucoup. Sur la s\u00e9curit\u00e9 et l\u2019automatisation des essais, par exemple. Son utilit\u00e9 est ind\u00e9niable\u202f\u00bb, affirme l\u2019entrepreneur.\u00a0<\/span><span data-ccp-props=\"{&quot;201341983&quot;:0,&quot;335559739&quot;:160,&quot;335559740&quot;:259}\">\u00a0<\/span><\/p>\n<h3><b><span data-contrast=\"auto\">Rendre service <\/span><\/b><b><span data-contrast=\"auto\">\u00e0 la communaut\u00e9<\/span><\/b><span data-ccp-props=\"{&quot;201341983&quot;:0,&quot;335559739&quot;:160,&quot;335559740&quot;:259}\">\u00a0<\/span><\/h3>\n<p><span data-contrast=\"auto\">Intelius\u202fAI croit qu\u2019il est important de faire sa part pour la communaut\u00e9. C\u2019est une des raisons pour lesquelles l\u2019entreprise a d\u00e9cid\u00e9 de cr\u00e9er un Propulseur.<\/span><span data-ccp-props=\"{&quot;201341983&quot;:0,&quot;335559739&quot;:160,&quot;335559740&quot;:259}\">\u00a0<\/span><\/p>\n<p><span data-contrast=\"auto\">\u00ab\u202fLa communaut\u00e9 et les projets de source ouverte nous ont beaucoup appris. Les chercheurs caressent l\u2019id\u00e9e qu\u2019ils sont juch\u00e9s sur les \u00e9paules de g\u00e9ants, que ces g\u00e9ants nous enseignent et qu\u2019ensuite, il nous revient d\u2019en faire autant\u202f\u00bb, explique Wayne.\u00a0<\/span><span data-ccp-props=\"{&quot;201341983&quot;:0,&quot;335559739&quot;:160,&quot;335559740&quot;:259}\">\u00a0<\/span><\/p>\n<p><span data-contrast=\"auto\">Le Propulseur d\u2019Intelius\u202fAI, pense-t-il, aidera les gens \u00e0 prendre des d\u00e9cisions fond\u00e9es sur des donn\u00e9es factuelles et \u00e0 automatiser certains pipelines de donn\u00e9es, ce qui se soldera par une \u00e9conomie de deux ou trois mois de travail.<\/span><span data-ccp-props=\"{&quot;201341983&quot;:0,&quot;335559739&quot;:160,&quot;335559740&quot;:259}\">\u00a0<\/span><\/p>\n<p><span data-contrast=\"auto\">Par ailleurs, l<\/span><span data-contrast=\"auto\">\u2019\u00e9quipe d\u2019<\/span><span data-contrast=\"auto\">Intelius\u202fAI sait que vivre et travailler au Canada est un privil\u00e8ge, et elle attache un grand prix \u00e0 la possibilit\u00e9 de faire sa part.<\/span><span data-ccp-props=\"{&quot;201341983&quot;:0,&quot;335559739&quot;:160,&quot;335559740&quot;:259}\">\u00a0<\/span><\/p>\n<p><span data-contrast=\"auto\">Wayne d\u00e9clare <\/span><span data-contrast=\"auto\">\u00eatre <\/span><span data-contrast=\"auto\">fier d\u2019avoir particip\u00e9 \u00e0 cette collaboration et des efforts que son \u00e9quipe a d\u00e9ploy\u00e9s pour donner un coup de pouce aux entreprises du Canada afin qu\u2019elles accomplissent de grandes choses.\u00a0<\/span><span data-ccp-props=\"{&quot;201341983&quot;:0,&quot;335559739&quot;:160,&quot;335559740&quot;:259}\">\u00a0<\/span><\/p>\n<p><span data-contrast=\"auto\">\u00ab\u202fIl n\u2019y a pas que l\u2019argent et les r\u00e9alisations qui comptent, il y a aussi la collaboration, et les liens que nous avons nou\u00e9s.\u202f\u00bb<\/span><span data-ccp-props=\"{&quot;201341983&quot;:0,&quot;335559739&quot;:160,&quot;335559740&quot;:259}\">\u00a0<\/span><\/p>\n<h3><b><span data-contrast=\"none\">Questions en rafale<\/span><\/b><span data-ccp-props=\"{&quot;134233117&quot;:true,&quot;134233118&quot;:true,&quot;201341983&quot;:2,&quot;335559739&quot;:160,&quot;335559740&quot;:360}\">\u00a0<\/span><\/h3>\n<p><b><span data-contrast=\"auto\">1. Chien ou chat?\u00a0<\/span><\/b> Les deux<span data-ccp-props=\"{&quot;201341983&quot;:0,&quot;335559739&quot;:160,&quot;335559740&quot;:259}\">\u00a0<\/span><\/p>\n<p><b><span data-contrast=\"auto\">2. Technologie pr\u00e9f\u00e9r\u00e9e utilis\u00e9e quotidiennement?<\/span><\/b> Google.com<span data-ccp-props=\"{&quot;201341983&quot;:0,&quot;335559739&quot;:160,&quot;335559740&quot;:259}\">\u00a0<\/span><\/p>\n<p><b><span data-contrast=\"auto\">3. Source d\u2019inspiration?\u00a0<\/span><\/b> Nelson Mandela\u00a0<span data-ccp-props=\"{&quot;201341983&quot;:0,&quot;335559685&quot;:0,&quot;335559739&quot;:160,&quot;335559740&quot;:259}\">\u00a0<\/span><\/p>\n<p><b><span data-contrast=\"auto\">4. Entreprise ou ressource canadienne la plus m\u00e9sestim\u00e9e qui a aid\u00e9 l\u2019entreprise?\u202f\u202f<\/span><\/b>Le programme \u00ab\u202fnuage de l\u2019ATIR\u202f\u00bb, le PARI, <span data-contrast=\"auto\">Alberta Innovates. Nous collaborons aussi avec des universit\u00e9s, dont celles de Calgary et de l\u2019Alberta.<\/span><span data-ccp-props=\"{&quot;201341983&quot;:0,&quot;335559685&quot;:0,&quot;335559739&quot;:160,&quot;335559740&quot;:259}\">\u00a0<\/span><\/p>\n<p><b><span data-contrast=\"auto\">5. Lieu de rencontre avec d\u2019autres entrepreneurs ou jeunes pousses de m\u00eame nature?<\/span><\/b> LinkedIn, sans aucun doute, et Twitter. <span data-ccp-props=\"{&quot;201341983&quot;:0,&quot;335559739&quot;:160,&quot;335559740&quot;:259}\">\u00a0<\/span><\/p>\n<h3><b><span data-contrast=\"none\">Int<\/span><\/b><b><span data-contrast=\"none\">\u00e9ress\u00e9 \u00e0 b\u00e2tir un Propulseur<\/span><\/b><b><span data-contrast=\"none\">?<\/span><\/b><span data-ccp-props=\"{&quot;134233117&quot;:true,&quot;134233118&quot;:true,&quot;201341983&quot;:2,&quot;335559739&quot;:160,&quot;335559740&quot;:360}\">\u00a0<\/span><\/h3>\n<p><span data-contrast=\"none\">Nous sommes toujours \u00e0 la recherche de b\u00e2tisseurs. Pour en savoir plus sur les Propulseurs de CANARIE et la fa\u00e7on d\u2019en cr\u00e9er un, cliquez <\/span><a href=\"https:\/\/www.canarie.ca\/fr\/nuage\/propulseurs\/\"><span data-contrast=\"none\">ici.<\/span><\/a><span data-ccp-props=\"{&quot;134233117&quot;:true,&quot;134233118&quot;:true,&quot;201341983&quot;:2,&quot;335559739&quot;:160,&quot;335559740&quot;:420}\">\u00a0<\/span><\/p>\n<p><span data-contrast=\"none\">Pour en apprendre davantage sur le nuage de l\u2019ATIR, \u00e9crivez \u00e0 <\/span><a href=\"mailto:contact%E2%80%AFdair.admin@canarie.ca\"><span data-contrast=\"none\">contact\u202fdair.admin@canarie.ca<\/span><\/a><span data-contrast=\"none\">.<\/span><span data-ccp-props=\"{&quot;134233117&quot;:true,&quot;134233118&quot;:true,&quot;201341983&quot;:2,&quot;335559739&quot;:160,&quot;335559740&quot;:420}\">\u00a0<\/span><\/p>\n                  <\/div>\n      <\/div>\n    <\/div>\n  <\/section>","protected":false},"excerpt":{"rendered":"","protected":false},"author":19,"featured_media":34138,"parent":7927,"menu_order":0,"comment_status":"closed","ping_status":"closed","template":"","meta":{"_acf_changed":false,"footnotes":""},"class_list":["post-34092","page","type-page","status-publish","has-post-thumbnail","hentry"],"acf":[],"yoast_head":"<!-- This site is optimized with the Yoast SEO plugin v27.5 - https:\/\/yoast.com\/product\/yoast-seo-wordpress\/ -->\n<title>Faites connaissance avec le b\u00e2tisseur : Intelius - CANARIE<\/title>\n<meta name=\"robots\" content=\"index, follow, max-snippet:-1, max-image-preview:large, max-video-preview:-1\" \/>\n<link rel=\"canonical\" href=\"https:\/\/www.canarie.ca\/fr\/nuagepage\/etudes-cas\/faites-connaissance-avec-le-batisseur-intelius\/\" \/>\n<meta property=\"og:locale\" content=\"fr_FR\" \/>\n<meta property=\"og:type\" content=\"article\" \/>\n<meta property=\"og:title\" content=\"Faites connaissance avec le b\u00e2tisseur : Intelius - CANARIE\" \/>\n<meta property=\"og:url\" content=\"https:\/\/www.canarie.ca\/fr\/nuagepage\/etudes-cas\/faites-connaissance-avec-le-batisseur-intelius\/\" \/>\n<meta property=\"og:site_name\" content=\"CANARIE\" \/>\n<meta property=\"article:modified_time\" content=\"2023-08-17T12:22:11+00:00\" \/>\n<meta property=\"og:image\" content=\"https:\/\/www.canarie.ca\/wp-content\/uploads\/2022\/08\/DAIR-Web-Graphics-4.png\" \/>\n\t<meta property=\"og:image:width\" content=\"608\" \/>\n\t<meta property=\"og:image:height\" content=\"405\" \/>\n\t<meta property=\"og:image:type\" content=\"image\/png\" \/>\n<meta name=\"twitter:card\" content=\"summary_large_image\" \/>\n<script type=\"application\/ld+json\" class=\"yoast-schema-graph\">{\"@context\":\"https:\\\/\\\/schema.org\",\"@graph\":[{\"@type\":\"WebPage\",\"@id\":\"https:\\\/\\\/www.canarie.ca\\\/fr\\\/nuagepage\\\/etudes-cas\\\/faites-connaissance-avec-le-batisseur-intelius\\\/\",\"url\":\"https:\\\/\\\/www.canarie.ca\\\/fr\\\/nuagepage\\\/etudes-cas\\\/faites-connaissance-avec-le-batisseur-intelius\\\/\",\"name\":\"Faites connaissance avec le b\u00e2tisseur : Intelius - CANARIE\",\"isPartOf\":{\"@id\":\"https:\\\/\\\/www.canarie.ca\\\/#website\"},\"primaryImageOfPage\":{\"@id\":\"https:\\\/\\\/www.canarie.ca\\\/fr\\\/nuagepage\\\/etudes-cas\\\/faites-connaissance-avec-le-batisseur-intelius\\\/#primaryimage\"},\"image\":{\"@id\":\"https:\\\/\\\/www.canarie.ca\\\/fr\\\/nuagepage\\\/etudes-cas\\\/faites-connaissance-avec-le-batisseur-intelius\\\/#primaryimage\"},\"thumbnailUrl\":\"https:\\\/\\\/www.canarie.ca\\\/wp-content\\\/uploads\\\/2022\\\/08\\\/DAIR-Web-Graphics-4.png\",\"datePublished\":\"2022-08-08T15:32:15+00:00\",\"dateModified\":\"2023-08-17T12:22:11+00:00\",\"breadcrumb\":{\"@id\":\"https:\\\/\\\/www.canarie.ca\\\/fr\\\/nuagepage\\\/etudes-cas\\\/faites-connaissance-avec-le-batisseur-intelius\\\/#breadcrumb\"},\"inLanguage\":\"fr-FR\",\"potentialAction\":[{\"@type\":\"ReadAction\",\"target\":[\"https:\\\/\\\/www.canarie.ca\\\/fr\\\/nuagepage\\\/etudes-cas\\\/faites-connaissance-avec-le-batisseur-intelius\\\/\"]}]},{\"@type\":\"ImageObject\",\"inLanguage\":\"fr-FR\",\"@id\":\"https:\\\/\\\/www.canarie.ca\\\/fr\\\/nuagepage\\\/etudes-cas\\\/faites-connaissance-avec-le-batisseur-intelius\\\/#primaryimage\",\"url\":\"https:\\\/\\\/www.canarie.ca\\\/wp-content\\\/uploads\\\/2022\\\/08\\\/DAIR-Web-Graphics-4.png\",\"contentUrl\":\"https:\\\/\\\/www.canarie.ca\\\/wp-content\\\/uploads\\\/2022\\\/08\\\/DAIR-Web-Graphics-4.png\",\"width\":608,\"height\":405},{\"@type\":\"BreadcrumbList\",\"@id\":\"https:\\\/\\\/www.canarie.ca\\\/fr\\\/nuagepage\\\/etudes-cas\\\/faites-connaissance-avec-le-batisseur-intelius\\\/#breadcrumb\",\"itemListElement\":[{\"@type\":\"ListItem\",\"position\":1,\"name\":\"Accueil\",\"item\":\"https:\\\/\\\/www.canarie.ca\\\/fr\\\/\"},{\"@type\":\"ListItem\",\"position\":2,\"name\":\"Programme \u00ab Nuage de l\u2019ATIR \u00bb\",\"item\":\"https:\\\/\\\/www.canarie.ca\\\/fr\\\/?page_id=6512\"},{\"@type\":\"ListItem\",\"position\":3,\"name\":\"\u00c9tudes de cas\",\"item\":\"https:\\\/\\\/www.canarie.ca\\\/fr\\\/nuagepage\\\/etudes-cas\\\/\"},{\"@type\":\"ListItem\",\"position\":4,\"name\":\"Faites connaissance avec le b\u00e2tisseur : Intelius\"}]},{\"@type\":\"WebSite\",\"@id\":\"https:\\\/\\\/www.canarie.ca\\\/#website\",\"url\":\"https:\\\/\\\/www.canarie.ca\\\/\",\"name\":\"CANARIE\",\"description\":\"\",\"potentialAction\":[{\"@type\":\"SearchAction\",\"target\":{\"@type\":\"EntryPoint\",\"urlTemplate\":\"https:\\\/\\\/www.canarie.ca\\\/?s={search_term_string}\"},\"query-input\":{\"@type\":\"PropertyValueSpecification\",\"valueRequired\":true,\"valueName\":\"search_term_string\"}}],\"inLanguage\":\"fr-FR\"}]}<\/script>\n<!-- \/ Yoast SEO plugin. -->","yoast_head_json":{"title":"Faites connaissance avec le b\u00e2tisseur : Intelius - CANARIE","robots":{"index":"index","follow":"follow","max-snippet":"max-snippet:-1","max-image-preview":"max-image-preview:large","max-video-preview":"max-video-preview:-1"},"canonical":"https:\/\/www.canarie.ca\/fr\/nuagepage\/etudes-cas\/faites-connaissance-avec-le-batisseur-intelius\/","og_locale":"fr_FR","og_type":"article","og_title":"Faites connaissance avec le b\u00e2tisseur : Intelius - CANARIE","og_url":"https:\/\/www.canarie.ca\/fr\/nuagepage\/etudes-cas\/faites-connaissance-avec-le-batisseur-intelius\/","og_site_name":"CANARIE","article_modified_time":"2023-08-17T12:22:11+00:00","og_image":[{"width":608,"height":405,"url":"https:\/\/www.canarie.ca\/wp-content\/uploads\/2022\/08\/DAIR-Web-Graphics-4.png","type":"image\/png"}],"twitter_card":"summary_large_image","schema":{"@context":"https:\/\/schema.org","@graph":[{"@type":"WebPage","@id":"https:\/\/www.canarie.ca\/fr\/nuagepage\/etudes-cas\/faites-connaissance-avec-le-batisseur-intelius\/","url":"https:\/\/www.canarie.ca\/fr\/nuagepage\/etudes-cas\/faites-connaissance-avec-le-batisseur-intelius\/","name":"Faites connaissance avec le b\u00e2tisseur : Intelius - CANARIE","isPartOf":{"@id":"https:\/\/www.canarie.ca\/#website"},"primaryImageOfPage":{"@id":"https:\/\/www.canarie.ca\/fr\/nuagepage\/etudes-cas\/faites-connaissance-avec-le-batisseur-intelius\/#primaryimage"},"image":{"@id":"https:\/\/www.canarie.ca\/fr\/nuagepage\/etudes-cas\/faites-connaissance-avec-le-batisseur-intelius\/#primaryimage"},"thumbnailUrl":"https:\/\/www.canarie.ca\/wp-content\/uploads\/2022\/08\/DAIR-Web-Graphics-4.png","datePublished":"2022-08-08T15:32:15+00:00","dateModified":"2023-08-17T12:22:11+00:00","breadcrumb":{"@id":"https:\/\/www.canarie.ca\/fr\/nuagepage\/etudes-cas\/faites-connaissance-avec-le-batisseur-intelius\/#breadcrumb"},"inLanguage":"fr-FR","potentialAction":[{"@type":"ReadAction","target":["https:\/\/www.canarie.ca\/fr\/nuagepage\/etudes-cas\/faites-connaissance-avec-le-batisseur-intelius\/"]}]},{"@type":"ImageObject","inLanguage":"fr-FR","@id":"https:\/\/www.canarie.ca\/fr\/nuagepage\/etudes-cas\/faites-connaissance-avec-le-batisseur-intelius\/#primaryimage","url":"https:\/\/www.canarie.ca\/wp-content\/uploads\/2022\/08\/DAIR-Web-Graphics-4.png","contentUrl":"https:\/\/www.canarie.ca\/wp-content\/uploads\/2022\/08\/DAIR-Web-Graphics-4.png","width":608,"height":405},{"@type":"BreadcrumbList","@id":"https:\/\/www.canarie.ca\/fr\/nuagepage\/etudes-cas\/faites-connaissance-avec-le-batisseur-intelius\/#breadcrumb","itemListElement":[{"@type":"ListItem","position":1,"name":"Accueil","item":"https:\/\/www.canarie.ca\/fr\/"},{"@type":"ListItem","position":2,"name":"Programme \u00ab Nuage de l\u2019ATIR \u00bb","item":"https:\/\/www.canarie.ca\/fr\/?page_id=6512"},{"@type":"ListItem","position":3,"name":"\u00c9tudes de cas","item":"https:\/\/www.canarie.ca\/fr\/nuagepage\/etudes-cas\/"},{"@type":"ListItem","position":4,"name":"Faites connaissance avec le b\u00e2tisseur : Intelius"}]},{"@type":"WebSite","@id":"https:\/\/www.canarie.ca\/#website","url":"https:\/\/www.canarie.ca\/","name":"CANARIE","description":"","potentialAction":[{"@type":"SearchAction","target":{"@type":"EntryPoint","urlTemplate":"https:\/\/www.canarie.ca\/?s={search_term_string}"},"query-input":{"@type":"PropertyValueSpecification","valueRequired":true,"valueName":"search_term_string"}}],"inLanguage":"fr-FR"}]}},"_links":{"self":[{"href":"https:\/\/www.canarie.ca\/fr\/wp-json\/wp\/v2\/pages\/34092","targetHints":{"allow":["GET"]}}],"collection":[{"href":"https:\/\/www.canarie.ca\/fr\/wp-json\/wp\/v2\/pages"}],"about":[{"href":"https:\/\/www.canarie.ca\/fr\/wp-json\/wp\/v2\/types\/page"}],"author":[{"embeddable":true,"href":"https:\/\/www.canarie.ca\/fr\/wp-json\/wp\/v2\/users\/19"}],"replies":[{"embeddable":true,"href":"https:\/\/www.canarie.ca\/fr\/wp-json\/wp\/v2\/comments?post=34092"}],"version-history":[{"count":0,"href":"https:\/\/www.canarie.ca\/fr\/wp-json\/wp\/v2\/pages\/34092\/revisions"}],"up":[{"embeddable":true,"href":"https:\/\/www.canarie.ca\/fr\/wp-json\/wp\/v2\/pages\/7927"}],"wp:featuredmedia":[{"embeddable":true,"href":"https:\/\/www.canarie.ca\/fr\/wp-json\/wp\/v2\/media\/34138"}],"wp:attachment":[{"href":"https:\/\/www.canarie.ca\/fr\/wp-json\/wp\/v2\/media?parent=34092"}],"curies":[{"name":"wp","href":"https:\/\/api.w.org\/{rel}","templated":true}]}}