{"id":36988,"date":"2023-02-17T11:03:54","date_gmt":"2023-02-17T16:03:54","guid":{"rendered":"https:\/\/www.canarie.ca\/canarie-year-in-review-2022-23\/"},"modified":"2023-03-02T16:24:33","modified_gmt":"2023-03-02T21:24:33","slug":"annee-en-revue-2022-23","status":"publish","type":"page","link":"https:\/\/www.canarie.ca\/fr\/annee-en-revue-2022-23\/","title":{"rendered":"CANARIE \u2013 Revue de l\u2019ann\u00e9e 2022-2023"},"content":{"rendered":"\n<h1 class=\"has-text-align-center has-cyan-color has-text-color wp-block-heading\">CANARIE \u2013 Revue de l\u2019ann\u00e9e 2022-2023<\/h1>\n\n\n\n<section class=\"section section--text-columns no-background\">\n    <div class=\"grid-container\">\n      <div class=\"grid-x grid-padding-x\">\n        <div class=\"cell\">\n          <div style=\"text-align: center;\">\n            <div class=\"large highlighted-text hand-text-center\">\n              <p>Gr\u00e2ce \u00e0 votre engagement et \u00e0 votre participation en tant que membre, CANARIE a franchi les importants jalons que voici dans le cadre de ses programmes et initiatives.<\/p>\n            <\/div>\n            <\/div>\n    \t\t\t<\/div>\n        <\/div>\n      <\/div>\n    <\/div>\n  <\/section>\n\n\n\n\n<section class=\"section section--text-with-image  alignfull container squares-right\">\n    <div class=\"grid-container simple-fade\">\n    <div class=\"grid-x grid-padding-x align-middle\">\n      <div class=\"cell medium-5 \">\n\t\t  \t\t\t  <img decoding=\"async\" src=\"https:\/\/www.canarie.ca\/wp-content\/uploads\/2023\/02\/NREN.png\" alt=\"\">\n\t\t        <\/div>\n      <div class=\"cell medium-7  text-left text-cell \">\n  \t\t                  <p class=\"subtitle fade-in-delay\">R\u00e9seau national de la recherche et de l\u2019\u00e9ducation (RNRE) du Canada<\/p>\n                          <div class=\"fade-in-delay text-cell-text\"><p>Pour faire progresser ce pilier de l\u2019\u00e9cosyst\u00e8me de l\u2019infrastructure de recherche num\u00e9rique (IRN) canadienne, CANARIE a r\u00e9alis\u00e9 ce qui suit.<\/p>\n<ul>\n<li>L\u2019organisme a investi dans le fonctionnement de son r\u00e9seau f\u00e9d\u00e9rateur, ce qui a permis au trafic qui y circule de grossir de 22\u00a0pour cent cette ann\u00e9e.<\/li>\n<li>Il a termin\u00e9 un projet pilote qui am\u00e9liorera la connectivit\u00e9 des milieux de la recherche et de l\u2019\u00e9ducation avec les centres de donn\u00e9es publics accessibles dans le nuage.<\/li>\n<li>Il a lanc\u00e9 un appel \u00e0 projets sur concours en vue de faciliter l\u2019acc\u00e8s au RNRE et d\u2019en accro\u00eetre l\u2019utilisation.<\/li>\n<li>Il a organis\u00e9 la cinqui\u00e8me assembl\u00e9e annuelle du RNRE qui a r\u00e9uni le personnel de CANARIE et celui de ses treize partenaires provinciaux et territoriaux afin que le RNRE canadien puisse poursuivre son \u00e9volution.<\/li>\n<li>Il a continu\u00e9 de piloter le projet international qui verra la cr\u00e9ation d\u2019une carte dynamique du R\u00e9seau mondial de la recherche et de l\u2019\u00e9ducation (RMRE).<\/li>\n<\/ul>\n<\/div>\n                      <\/div>\n    <\/div>\n  <\/div>\n<\/section>\n\n\n\n\n\n\n<section class=\"section section--text-with-image  alignfull container squares-right\">\n    <div class=\"grid-container simple-fade\">\n    <div class=\"grid-x grid-padding-x align-middle\">\n      <div class=\"cell medium-5 medium-order-2\">\n\t\t  \t\t\t  <img decoding=\"async\" src=\"https:\/\/www.canarie.ca\/wp-content\/uploads\/2023\/02\/Cybersecurity-1.png\" alt=\"\">\n\t\t        <\/div>\n      <div class=\"cell medium-7 medium-order-1 text-left text-cell \">\n  \t\t                  <p class=\"subtitle fade-in-delay\">Cybers\u00e9curit\u00e9<\/p>\n                          <div class=\"fade-in-delay text-cell-text\"><p>Pour faire progresser les comp\u00e9tences, les m\u00e9thodes et les outils en cybers\u00e9curit\u00e9 dans le milieu canadien de la recherche et de l\u2019\u00e9ducation, CANARIE a r\u00e9alis\u00e9 ce qui suit.<\/p>\n<ul>\n<li>L\u2019organisme a incorpor\u00e9 le CanSSOC pour en faire un nouveau d\u00e9partement consacr\u00e9 aux programmes et aux services de cybers\u00e9curit\u00e9 et le combiner \u00e0 son programme Initiatives en cybers\u00e9curit\u00e9 (PIC) de m\u00eame qu\u2019\u00e0 la F\u00e9d\u00e9ration canadienne d\u2019acc\u00e8s (FCA) de mani\u00e8re \u00e0 mieux coordonner l\u2019approche nationale en cybers\u00e9curit\u00e9.<\/li>\n<li>Il a lanc\u00e9 la cinqui\u00e8me initiative du PIC, en l\u2019occurrence l\u2019\u00c9valuation nationale de la cybers\u00e9curit\u00e9, au moyen de laquelle les institutions pourront se faire une meilleure id\u00e9e de la maturit\u00e9 de leurs capacit\u00e9s en la mati\u00e8re en les comparant \u00e0 celles d\u2019autres institutions gr\u00e2ce au cadre du NIST, reconnu dans le monde entier.<\/li>\n<li>Il a organis\u00e9 une s\u00e9rie d\u2019ateliers aux quatre coins du pays pour recueillir le point de vue des membres de la communaut\u00e9 et engendrer une plus grande harmonie concernant la vision, l\u2019utilit\u00e9 et le fonctionnement d\u2019un centre f\u00e9d\u00e9r\u00e9 des op\u00e9rations en s\u00e9curit\u00e9 pour le milieu de la recherche et de l\u2019\u00e9ducation.<\/li>\n<\/ul>\n<\/div>\n                      <\/div>\n    <\/div>\n  <\/div>\n<\/section>\n\n\n\n\n\n\n<section class=\"section section--text-with-image  alignfull container squares-right\">\n    <div class=\"grid-container simple-fade\">\n    <div class=\"grid-x grid-padding-x align-middle\">\n      <div class=\"cell medium-5 \">\n\t\t  \t\t\t  <img decoding=\"async\" src=\"https:\/\/www.canarie.ca\/wp-content\/uploads\/2023\/02\/IAM.png\" alt=\"\">\n\t\t        <\/div>\n      <div class=\"cell medium-7  text-left text-cell \">\n  \t\t                  <p class=\"subtitle fade-in-delay\">Gestion des identit\u00e9s et des acc\u00e8s<\/p>\n                          <div class=\"fade-in-delay text-cell-text\"><p>Pour que les \u00e9tudiants, les employ\u00e9s et les membres du corps professoral des \u00e9tablissements canadiens d\u2019enseignement sup\u00e9rieur puissent se connecter \u00e0 eduroam et acc\u00e9der \u00e0 un r\u00e9pertoire mondial de services acad\u00e9miques en toute s\u00e9curit\u00e9, CANARIE a r\u00e9alis\u00e9 ce qui suit.<\/p>\n<ul>\n<li>L\u2019organisme a lanc\u00e9 une m\u00e9thode de validation qui int\u00e8grera l\u2019authentification multifactorielle (MFA) \u00e0 son service de gestion f\u00e9d\u00e9r\u00e9e des identit\u00e9s (GFI).<\/li>\n<li>De concert avec ses partenaires r\u00e9gionaux, il a multipli\u00e9 le nombre de lieux publics proposant le service eduroam hors des campus universitaires (biblioth\u00e8ques, services municipaux, ar\u00e9nas, a\u00e9rogares).<\/li>\n<\/ul>\n<\/div>\n                      <\/div>\n    <\/div>\n  <\/div>\n<\/section>\n\n\n\n\n\n\n<section class=\"section section--text-with-image  alignfull container squares-right\">\n    <div class=\"grid-container simple-fade\">\n    <div class=\"grid-x grid-padding-x align-middle\">\n      <div class=\"cell medium-5 medium-order-2\">\n\t\t  \t\t\t  <img decoding=\"async\" src=\"https:\/\/www.canarie.ca\/wp-content\/uploads\/2023\/02\/DRI.png\" alt=\"\">\n\t\t        <\/div>\n      <div class=\"cell medium-7 medium-order-1 text-left text-cell \">\n  \t\t                  <p class=\"subtitle fade-in-delay\">Acc\u00e9l\u00e9rateur technologique pour l\u2019innovation et la recherche (ATIR)<\/p>\n                          <div class=\"fade-in-delay text-cell-text\"><p>Pour inciter les entreprises canadiennes \u00e0 adopter les technologies transformatrices de l\u2019infonuagique et \u00e0 devenir plus comp\u00e9titives, CANARIE a r\u00e9alis\u00e9 ce qui suit.<\/p>\n<ul>\n<li>L\u2019organisme a accru la participation au programme Nuage de l\u2019ATIR \u00e0 plus de 1\u00a0850 petites et moyennes entreprises (PME) canadiennes afin qu\u2019elles d\u00e9veloppent et testent plus vite leurs produits.<\/li>\n<li>Il a financ\u00e9 l\u2019\u00e9laboration de trois nouveaux Propulseurs qui procureront aux PME canadiennes un code mod\u00e8le et une trousse d\u2019apprentissage pour les aider \u00e0 ma\u00eetriser des technologies \u00e9mergentes.<\/li>\n<\/ul>\n<\/div>\n                      <\/div>\n    <\/div>\n  <\/div>\n<\/section>\n\n\n\n\n\n\n<section class=\"section section--text-with-image  alignfull container squares-right\">\n    <div class=\"grid-container simple-fade\">\n    <div class=\"grid-x grid-padding-x align-middle\">\n      <div class=\"cell medium-5 \">\n\t\t  \t\t\t  <img decoding=\"async\" src=\"https:\/\/www.canarie.ca\/wp-content\/uploads\/2023\/02\/DAIR.png\" alt=\"\">\n\t\t        <\/div>\n      <div class=\"cell medium-7  text-left text-cell \">\n  \t\t                  <p class=\"subtitle fade-in-delay\">\u00c9volution de l\u2019infrastructure de recherche num\u00e9rique (IRN)<\/p>\n                          <div class=\"fade-in-delay text-cell-text\"><p>Pour que l\u2019\u00e9cosyst\u00e8me de l\u2019IRN canadienne poursuive son \u00e9volution en accord avec la strat\u00e9gie correspondante du gouvernement canadien, CANARIE a r\u00e9alis\u00e9 ce qui suit.<\/p>\n<ul>\n<li>L\u2019organisme a collabor\u00e9 avec l\u2019Alliance de recherche num\u00e9rique du Canada (l\u2019Alliance) en vue d\u2019int\u00e9grer les approches et les programmes des deux organisations.<\/li>\n<li>Il a r\u00e9pondu \u00e0 la demande du gouvernement canadien concernant la prolongation de l\u2019accord de financement actuel (2020-2024) jusqu\u2019en mars 2025.<\/li>\n<\/ul>\n<\/div>\n                      <\/div>\n    <\/div>\n  <\/div>\n<\/section>\n\n\n\n\n\n\n<section class=\"section section--text-with-image  alignfull container squares-right\">\n    <div class=\"grid-container simple-fade\">\n    <div class=\"grid-x grid-padding-x align-middle\">\n      <div class=\"cell medium-5 medium-order-2\">\n\t\t  \t\t\t  <img decoding=\"async\" src=\"https:\/\/www.canarie.ca\/wp-content\/uploads\/2023\/03\/Summit.png\" alt=\"\">\n\t\t        <\/div>\n      <div class=\"cell medium-7 medium-order-1 text-left text-cell \">\n  \t\t                  <p class=\"subtitle fade-in-delay\">Sommet 2022 de CANARIE<\/p>\n                          <div class=\"fade-in-delay text-cell-text\"><p>Pour souligner l\u2019\u00e9volution de l\u2019\u00e9conomie num\u00e9rique au Canada et illustrer les innovations canadiennes, CANARIE a r\u00e9alis\u00e9 ce qui suit.<\/p>\n<ul>\n<li>L\u2019organisme a accueilli les dirigeants des secteurs public, priv\u00e9 et sans but lucratif pendant deux jours afin qu\u2019ils assistent \u00e0 des expos\u00e9s motivants et discutent de collaborations inspirantes. Ceux qui ont particip\u00e9 au Sommet lui ont accord\u00e9 une note de 4,8 points sur un total possible de cinq pour la qualit\u00e9 de l\u2019exp\u00e9rience.<\/li>\n<\/ul>\n<\/div>\n                      <\/div>\n    <\/div>\n  <\/div>\n<\/section>\n\n\n\n\n\n\n<section class=\"section section--text-with-image  alignfull container squares-right\">\n    <div class=\"grid-container simple-fade\">\n    <div class=\"grid-x grid-padding-x align-middle\">\n      <div class=\"cell medium-5 \">\n\t\t  \t\t\t  <img decoding=\"async\" src=\"https:\/\/www.canarie.ca\/wp-content\/uploads\/2023\/02\/Research-Software.png\" alt=\"\">\n\t\t        <\/div>\n      <div class=\"cell medium-7  text-left text-cell \">\n  \t\t                  <p class=\"subtitle fade-in-delay\">Logiciels de recherche<\/p>\n                          <div class=\"fade-in-delay text-cell-text\"><p>Pour acc\u00e9l\u00e9rer la d\u00e9couverte et faire fructifier les sommes que les administrations publiques injectent dans la recherche, CANARIE a r\u00e9alis\u00e9 ce qui suit.<\/p>\n<ul>\n<li>L\u2019organisme a organis\u00e9 le Colloque canadien sur les logiciels de recherche de 2022, le dernier avant qu\u2019il c\u00e8de officiellement les r\u00eanes de son programme Logiciels de recherche \u00e0 l\u2019Alliance.<\/li>\n<\/ul>\n<\/div>\n                      <\/div>\n    <\/div>\n  <\/div>\n<\/section>\n\n\n\n\n\n\n<section class=\"section section--text-with-image  alignfull container squares-right\">\n    <div class=\"grid-container simple-fade\">\n    <div class=\"grid-x grid-padding-x align-middle\">\n      <div class=\"cell medium-5 medium-order-2\">\n\t\t  \t\t\t  <img decoding=\"async\" src=\"https:\/\/www.canarie.ca\/wp-content\/uploads\/2023\/02\/YIR-23.png\" alt=\"\">\n\t\t        <\/div>\n      <div class=\"cell medium-7 medium-order-1 text-left text-cell \">\n  \t\t                  <p class=\"subtitle fade-in-delay\">Centre of Excellence in Next Generation Networks (CENGN)<\/p>\n                          <div class=\"fade-in-delay text-cell-text\"><p>Pour alimenter l\u2019innovation dans les technologies de l\u2019information et des communications au Canada, CANARIE a r\u00e9alis\u00e9 ce qui suit.<\/p>\n<ul>\n<li>L\u2019organisme a continu\u00e9 d\u2019appuyer les activit\u00e9s du CENGN en vue de faciliter le d\u00e9veloppement des technologies et des solutions r\u00e9seau de la prochaine g\u00e9n\u00e9ration.<\/li>\n<\/ul>\n<\/div>\n                      <\/div>\n    <\/div>\n  <\/div>\n<\/section>\n\n\n\n\n\n<section class=\"section section--text-columns no-background\">\n    <div class=\"grid-container\">\n      <div class=\"grid-x grid-padding-x\">\n        <div class=\"cell\">\n          <div style=\"text-align: center;\">\n            <div class=\"large highlighted-text hand-text-center\">\n              <p>Nous vous remercions pour l\u2019appui ind\u00e9fectible que vous accordez aux initiatives de CANARIE gr\u00e2ce \u00e0 votre cotisation. Sans un tel engagement, les programmes essentiels qui r\u00e9pondent aux besoins des secteurs canadiens de la recherche, de l\u2019\u00e9ducation et de l\u2019innovation ne pourraient poursuivre leur \u00e9volution.<\/p>\n            <\/div>\n            <\/div>\n    \t\t\t<\/div>\n        <\/div>\n      <\/div>\n    <\/div>\n  <\/section>\n","protected":false},"excerpt":{"rendered":"<p>CANARIE \u2013 Revue de l\u2019ann\u00e9e 2022-2023<\/p>\n","protected":false},"author":12,"featured_media":0,"parent":0,"menu_order":0,"comment_status":"closed","ping_status":"closed","template":"","meta":{"_acf_changed":false,"footnotes":""},"class_list":["post-36988","page","type-page","status-publish","hentry"],"acf":[],"yoast_head":"<!-- This site is optimized with the Yoast SEO plugin v27.3 - https:\/\/yoast.com\/product\/yoast-seo-wordpress\/ -->\n<title>CANARIE \u2013 Revue de l\u2019ann\u00e9e 2022-2023 - CANARIE<\/title>\n<meta name=\"robots\" content=\"index, follow, max-snippet:-1, max-image-preview:large, max-video-preview:-1\" \/>\n<link rel=\"canonical\" href=\"https:\/\/www.canarie.ca\/fr\/annee-en-revue-2022-23\/\" \/>\n<meta property=\"og:locale\" content=\"fr_FR\" \/>\n<meta property=\"og:type\" content=\"article\" \/>\n<meta property=\"og:title\" content=\"CANARIE \u2013 Revue de l\u2019ann\u00e9e 2022-2023 - CANARIE\" \/>\n<meta property=\"og:description\" content=\"CANARIE \u2013 Revue de l\u2019ann\u00e9e 2022-2023\" \/>\n<meta property=\"og:url\" content=\"https:\/\/www.canarie.ca\/fr\/annee-en-revue-2022-23\/\" \/>\n<meta property=\"og:site_name\" content=\"CANARIE\" \/>\n<meta property=\"article:modified_time\" content=\"2023-03-02T21:24:33+00:00\" \/>\n<meta name=\"twitter:card\" content=\"summary_large_image\" \/>\n<script type=\"application\/ld+json\" class=\"yoast-schema-graph\">{\"@context\":\"https:\\\/\\\/schema.org\",\"@graph\":[{\"@type\":\"WebPage\",\"@id\":\"https:\\\/\\\/www.canarie.ca\\\/fr\\\/annee-en-revue-2022-23\\\/\",\"url\":\"https:\\\/\\\/www.canarie.ca\\\/fr\\\/annee-en-revue-2022-23\\\/\",\"name\":\"CANARIE \u2013 Revue de l\u2019ann\u00e9e 2022-2023 - CANARIE\",\"isPartOf\":{\"@id\":\"https:\\\/\\\/www.canarie.ca\\\/#website\"},\"datePublished\":\"2023-02-17T16:03:54+00:00\",\"dateModified\":\"2023-03-02T21:24:33+00:00\",\"breadcrumb\":{\"@id\":\"https:\\\/\\\/www.canarie.ca\\\/fr\\\/annee-en-revue-2022-23\\\/#breadcrumb\"},\"inLanguage\":\"fr-FR\",\"potentialAction\":[{\"@type\":\"ReadAction\",\"target\":[\"https:\\\/\\\/www.canarie.ca\\\/fr\\\/annee-en-revue-2022-23\\\/\"]}]},{\"@type\":\"BreadcrumbList\",\"@id\":\"https:\\\/\\\/www.canarie.ca\\\/fr\\\/annee-en-revue-2022-23\\\/#breadcrumb\",\"itemListElement\":[{\"@type\":\"ListItem\",\"position\":1,\"name\":\"Accueil\",\"item\":\"https:\\\/\\\/www.canarie.ca\\\/fr\\\/homepage\\\/\"},{\"@type\":\"ListItem\",\"position\":2,\"name\":\"CANARIE \u2013 Revue de l\u2019ann\u00e9e 2022-2023\"}]},{\"@type\":\"WebSite\",\"@id\":\"https:\\\/\\\/www.canarie.ca\\\/#website\",\"url\":\"https:\\\/\\\/www.canarie.ca\\\/\",\"name\":\"CANARIE\",\"description\":\"\",\"potentialAction\":[{\"@type\":\"SearchAction\",\"target\":{\"@type\":\"EntryPoint\",\"urlTemplate\":\"https:\\\/\\\/www.canarie.ca\\\/?s={search_term_string}\"},\"query-input\":{\"@type\":\"PropertyValueSpecification\",\"valueRequired\":true,\"valueName\":\"search_term_string\"}}],\"inLanguage\":\"fr-FR\"}]}<\/script>\n<!-- \/ Yoast SEO plugin. -->","yoast_head_json":{"title":"CANARIE \u2013 Revue de l\u2019ann\u00e9e 2022-2023 - CANARIE","robots":{"index":"index","follow":"follow","max-snippet":"max-snippet:-1","max-image-preview":"max-image-preview:large","max-video-preview":"max-video-preview:-1"},"canonical":"https:\/\/www.canarie.ca\/fr\/annee-en-revue-2022-23\/","og_locale":"fr_FR","og_type":"article","og_title":"CANARIE \u2013 Revue de l\u2019ann\u00e9e 2022-2023 - CANARIE","og_description":"CANARIE \u2013 Revue de l\u2019ann\u00e9e 2022-2023","og_url":"https:\/\/www.canarie.ca\/fr\/annee-en-revue-2022-23\/","og_site_name":"CANARIE","article_modified_time":"2023-03-02T21:24:33+00:00","twitter_card":"summary_large_image","schema":{"@context":"https:\/\/schema.org","@graph":[{"@type":"WebPage","@id":"https:\/\/www.canarie.ca\/fr\/annee-en-revue-2022-23\/","url":"https:\/\/www.canarie.ca\/fr\/annee-en-revue-2022-23\/","name":"CANARIE \u2013 Revue de l\u2019ann\u00e9e 2022-2023 - CANARIE","isPartOf":{"@id":"https:\/\/www.canarie.ca\/#website"},"datePublished":"2023-02-17T16:03:54+00:00","dateModified":"2023-03-02T21:24:33+00:00","breadcrumb":{"@id":"https:\/\/www.canarie.ca\/fr\/annee-en-revue-2022-23\/#breadcrumb"},"inLanguage":"fr-FR","potentialAction":[{"@type":"ReadAction","target":["https:\/\/www.canarie.ca\/fr\/annee-en-revue-2022-23\/"]}]},{"@type":"BreadcrumbList","@id":"https:\/\/www.canarie.ca\/fr\/annee-en-revue-2022-23\/#breadcrumb","itemListElement":[{"@type":"ListItem","position":1,"name":"Accueil","item":"https:\/\/www.canarie.ca\/fr\/homepage\/"},{"@type":"ListItem","position":2,"name":"CANARIE \u2013 Revue de l\u2019ann\u00e9e 2022-2023"}]},{"@type":"WebSite","@id":"https:\/\/www.canarie.ca\/#website","url":"https:\/\/www.canarie.ca\/","name":"CANARIE","description":"","potentialAction":[{"@type":"SearchAction","target":{"@type":"EntryPoint","urlTemplate":"https:\/\/www.canarie.ca\/?s={search_term_string}"},"query-input":{"@type":"PropertyValueSpecification","valueRequired":true,"valueName":"search_term_string"}}],"inLanguage":"fr-FR"}]}},"_links":{"self":[{"href":"https:\/\/www.canarie.ca\/fr\/wp-json\/wp\/v2\/pages\/36988","targetHints":{"allow":["GET"]}}],"collection":[{"href":"https:\/\/www.canarie.ca\/fr\/wp-json\/wp\/v2\/pages"}],"about":[{"href":"https:\/\/www.canarie.ca\/fr\/wp-json\/wp\/v2\/types\/page"}],"author":[{"embeddable":true,"href":"https:\/\/www.canarie.ca\/fr\/wp-json\/wp\/v2\/users\/12"}],"replies":[{"embeddable":true,"href":"https:\/\/www.canarie.ca\/fr\/wp-json\/wp\/v2\/comments?post=36988"}],"version-history":[{"count":0,"href":"https:\/\/www.canarie.ca\/fr\/wp-json\/wp\/v2\/pages\/36988\/revisions"}],"wp:attachment":[{"href":"https:\/\/www.canarie.ca\/fr\/wp-json\/wp\/v2\/media?parent=36988"}],"curies":[{"name":"wp","href":"https:\/\/api.w.org\/{rel}","templated":true}]}}