{"id":37090,"date":"2023-03-13T12:16:56","date_gmt":"2023-03-13T16:16:56","guid":{"rendered":"https:\/\/www.canarie.ca\/?page_id=37090"},"modified":"2023-03-14T12:26:36","modified_gmt":"2023-03-14T16:26:36","slug":"coordonnateur-trice-exploitation-des-programmes","status":"publish","type":"page","link":"https:\/\/www.canarie.ca\/fr\/carrieres\/coordonnateur-trice-exploitation-des-programmes\/","title":{"rendered":"Coordonnateur\/trice, exploitation des programmes"},"content":{"rendered":"\n<div style=\"height:36px\" aria-hidden=\"true\" class=\"wp-block-spacer\"><\/div>\n\n\n\n<h1 class=\"has-text-align-center wp-block-heading\" id=\"gestionnaire-de-programme-gestion-des-identites-et-des-acces\">Coordonnateur\/trice, exploitation des programmes<\/h1>\n\n\n\n<div style=\"height:36px\" aria-hidden=\"true\" class=\"wp-block-spacer\"><\/div>\n\n\n\n<section class=\"section section--banner simple-fade light-blue alignfull\">\n  <div class=\"grid-container text-center\">\n  \t\t  \t\t  \t  <div class=\"large\"><p>Le ou la titulaire du poste veille \u00e0 une coordination et \u00e0 une ex\u00e9cution efficaces des programmes de CANARIE, dans le but ultime d\u2019optimiser les t\u00e2ches et de faciliter la mise en \u0153uvre des programmes tout en en garantissant aux intervenants de CANARIE une exploitation de la plus haute pr\u00e9cision et qualit\u00e9.<\/p>\n<p>Il s\u2019agit d\u2019un poste d\u2019une dur\u00e9e temporaire (jusqu\u2019au 31 ao\u00fbt 2024), \u00e0 temps plein, qui rel\u00e8ve de la directrice de l\u2019exploitation des programmes de CANARIE.<\/p>\n<\/div>\n\t  \t  \t\t  <\/div>\n<\/section>\n\n\n\n<section class=\"section section--text-columns\">\n    <div class=\"grid-container\">\n      \n                      <div class=\"grid-x grid-padding-x\">\n                                                <div class=\"cell\">\n                    <h3>Principales responsabilit\u00e9s<\/h3>\n                  <\/div>\n                                                                              <div class=\"cell medium-6\">\n                          <ul>\n<li>Faciliter la gestion des initiatives associ\u00e9es aux programmes, coordonner les activit\u00e9s de l\u2019\u00e9quipe et suivre les progr\u00e8s accomplis<\/li>\n<li>Coordonner et ordonnancer diverses rencontres avec les intervenants et y participer (\u00e9tablir l\u2019ordre du jour, coordonner la logistique, r\u00e9diger les comptes rendus)<\/li>\n<li>Veiller au bon d\u00e9roulement des mesures de suivi et surveiller les activit\u00e9s connexes en jaugeant leur avancement et en les supervisant jusqu\u2019\u00e0 leur r\u00e9alisation<\/li>\n<li>Acqu\u00e9rir une connaissance et une compr\u00e9hension approfondies des programmes et \u00e9pauler les comit\u00e9s responsables de ceux-ci<\/li>\n<li>Coordonner les activit\u00e9s li\u00e9es aux programmes comme les webinaires et la formation<\/li>\n<li>Pr\u00e9parer des contrats et leurs amendements au moyen des mod\u00e8les existants \u00e0 l\u2019intention de ceux qui participent aux programmes<\/li>\n<\/ul>\n                        <\/div>\n                                                <div class=\"cell medium-6\">\n                          <ul>\n<li>Superviser, maintenir et enrichir la base de donn\u00e9es sur les processus de CANARIE ainsi que le programme de documentation<\/li>\n<li>Contribuer \u00e0 l\u2019\u00e9laboration de syst\u00e8mes normalis\u00e9s de production de rapports pour les programmes et des \u00e9talons pertinents<\/li>\n<li>Participer aux initiatives et aux projets de l\u2019\u00e9quipe<\/li>\n<li>Remplacer les membres de l\u2019\u00e9quipe<\/li>\n<li>Se d\u00e9placer \u00e0 l\u2019occasion<\/li>\n<li>Assumer d\u2019autres fonctions et responsabilit\u00e9s au besoin<\/li>\n<\/ul>\n                        <\/div>\n                                          \n                                    \n                                <\/div>\n                <\/div>\n  <\/section>\n  \n\n\n<section class=\"section section--text-columns no-background\">\n    <div class=\"grid-container\">\n      <div class=\"grid-x grid-padding-x\">\n        <div class=\"cell\">\n                  \t<h3>Le candidat r\u00eav\u00e9<\/h3>\n                    <p>Pour exceller chez CANARIE, le candidat r\u00eav\u00e9 illustrera de fa\u00e7on manifeste sa capacit\u00e9 \u00e0 collaborer au sein d\u2019une \u00e9quipe. Son dynamisme lui inculquera la motivation n\u00e9cessaire pour travailler de fa\u00e7on autonome. Il communiquera \u00e0 merveille verbalement et par \u00e9crit. G\u00e9rer des \u00e9ch\u00e9ances, r\u00e9soudre des probl\u00e8mes et composer avec de multiples priorit\u00e9s figureront parmi ses points forts. Enfin, le candidat id\u00e9al \u00e9pousera les valeurs de CANARIE que sont le service \u00e0 la client\u00e8le, l\u2019esprit d\u2019\u00e9quipe, l\u2019inclusion, l\u2019innovation, la conscience professionnelle et l\u2019int\u00e9grit\u00e9.<\/p>\n<p>Une exp\u00e9rience pertinente au sein d\u2019une organisation sans but lucratif financ\u00e9e par des fonds publics est souhaitable.<\/p>\n                  <\/div>\n      <\/div>\n    <\/div>\n  <\/section>\n\n\n<section class=\"section section--text-columns no-background\">\n    <div class=\"grid-container\">\n      <div class=\"grid-x grid-padding-x\">\n        <div class=\"cell\">\n                  \t<h3>Vos acquis<\/h3>\n                    <h3>Formation et exp\u00e9rience<\/h3>\n<ul>\n<li>Dipl\u00f4me coll\u00e9gial ou universitaire, ou combinaison appropri\u00e9e de cours, d\u2019exp\u00e9rience et de formations dans un domaine pertinent<\/li>\n<li>Au moins huit (8) ann\u00e9es d\u2019exp\u00e9rience dans un domaine pertinent<\/li>\n<\/ul>\n<h3>Aptitudes<\/h3>\n<ul>\n<li>Attitude positive, capacit\u00e9 d\u2019adaptation et amabilit\u00e9<\/li>\n<li>Grand souci du d\u00e9tail<\/li>\n<li>Capacit\u00e9 \u00e0 travailler seul avec assurance et grande importance attach\u00e9e au service \u00e0 la client\u00e8le<\/li>\n<li>Excellentes aptitudes en consultation, analyse, r\u00e9solution de probl\u00e8mes et prise de d\u00e9cisions<\/li>\n<\/ul>\n<h3>Comp\u00e9tences techniques<\/h3>\n<ul>\n<li>Solide connaissance pratique des logiciels Microsoft Office<\/li>\n<li>De l\u2019exp\u00e9rience avec les logiciels de signature \u00e9lectronique et les applications logicielles est souhaitable.<\/li>\n<\/ul>\n                  <\/div>\n      <\/div>\n    <\/div>\n  <\/section>\n\n\n<h3 class=\"has-cyan-color has-text-color wp-block-heading\" id=\"travaillons-ensemble\">Travaillons ensemble<\/h3>\n\n\n\n<p>Nous avons \u00e0 c\u0153ur l\u2019\u00e9quit\u00e9 en mati\u00e8re d\u2019emploi et encourageons tous ceux qui ajoutent de la diversit\u00e9 aux id\u00e9es et aux points de vue \u00e0 poser leur candidature. CANARIE accommodera les candidats aux prises avec un handicap qui en font la demande \u00e0 toutes les \u00e9tapes du recrutement et du processus d\u2019\u00e9valuation.<\/p>\n\n\n\n<p>Le poste semble fait pour vous? Signalez-le-nous en \u00e9crivant \u00e0 <a href=\"mailto:careers@canarie.ca\">careers@canarie.ca<\/a>. Annexez votre curriculum vitae en mentionnant le titre du poste dans l\u2019objet du courriel.<\/p>\n\n\n\n<p>Nous remercions tous les int\u00e9ress\u00e9s qui postulent l\u2019emploi, mais seules les personnes retenues pour une entrevue recevront un appel.<\/p>\n","protected":false},"excerpt":{"rendered":"<p>Coordonnateur\/trice, exploitation des programmes Travaillons ensemble Nous avons \u00e0 c\u0153ur l\u2019\u00e9quit\u00e9 en mati\u00e8re d\u2019emploi et encourageons tous ceux qui ajoutent [&hellip;]<\/p>\n","protected":false},"author":12,"featured_media":0,"parent":6314,"menu_order":8,"comment_status":"closed","ping_status":"closed","template":"","meta":{"_acf_changed":false,"footnotes":""},"class_list":["post-37090","page","type-page","status-publish","hentry"],"acf":[],"yoast_head":"<!-- This site is optimized with the Yoast SEO plugin v27.4 - https:\/\/yoast.com\/product\/yoast-seo-wordpress\/ -->\n<title>Coordonnateur\/trice, exploitation des programmes - CANARIE<\/title>\n<meta name=\"robots\" content=\"index, follow, max-snippet:-1, max-image-preview:large, max-video-preview:-1\" \/>\n<link rel=\"canonical\" href=\"https:\/\/www.canarie.ca\/fr\/carrieres\/coordonnateur-trice-exploitation-des-programmes\/\" \/>\n<meta property=\"og:locale\" content=\"fr_FR\" \/>\n<meta property=\"og:type\" content=\"article\" \/>\n<meta property=\"og:title\" content=\"Coordonnateur\/trice, exploitation des programmes - CANARIE\" \/>\n<meta property=\"og:description\" content=\"Coordonnateur\/trice, exploitation des programmes Travaillons ensemble Nous avons \u00e0 c\u0153ur l\u2019\u00e9quit\u00e9 en mati\u00e8re d\u2019emploi et encourageons tous ceux qui ajoutent [&hellip;]\" \/>\n<meta property=\"og:url\" content=\"https:\/\/www.canarie.ca\/fr\/carrieres\/coordonnateur-trice-exploitation-des-programmes\/\" \/>\n<meta property=\"og:site_name\" content=\"CANARIE\" \/>\n<meta property=\"article:modified_time\" content=\"2023-03-14T16:26:36+00:00\" \/>\n<meta name=\"twitter:card\" content=\"summary_large_image\" \/>\n<script type=\"application\/ld+json\" class=\"yoast-schema-graph\">{\"@context\":\"https:\\\/\\\/schema.org\",\"@graph\":[{\"@type\":\"WebPage\",\"@id\":\"https:\\\/\\\/www.canarie.ca\\\/fr\\\/carrieres\\\/coordonnateur-trice-exploitation-des-programmes\\\/\",\"url\":\"https:\\\/\\\/www.canarie.ca\\\/fr\\\/carrieres\\\/coordonnateur-trice-exploitation-des-programmes\\\/\",\"name\":\"Coordonnateur\\\/trice, exploitation des programmes - CANARIE\",\"isPartOf\":{\"@id\":\"https:\\\/\\\/www.canarie.ca\\\/#website\"},\"datePublished\":\"2023-03-13T16:16:56+00:00\",\"dateModified\":\"2023-03-14T16:26:36+00:00\",\"breadcrumb\":{\"@id\":\"https:\\\/\\\/www.canarie.ca\\\/fr\\\/carrieres\\\/coordonnateur-trice-exploitation-des-programmes\\\/#breadcrumb\"},\"inLanguage\":\"fr-FR\",\"potentialAction\":[{\"@type\":\"ReadAction\",\"target\":[\"https:\\\/\\\/www.canarie.ca\\\/fr\\\/carrieres\\\/coordonnateur-trice-exploitation-des-programmes\\\/\"]}]},{\"@type\":\"BreadcrumbList\",\"@id\":\"https:\\\/\\\/www.canarie.ca\\\/fr\\\/carrieres\\\/coordonnateur-trice-exploitation-des-programmes\\\/#breadcrumb\",\"itemListElement\":[{\"@type\":\"ListItem\",\"position\":1,\"name\":\"Accueil\",\"item\":\"https:\\\/\\\/www.canarie.ca\\\/fr\\\/\"},{\"@type\":\"ListItem\",\"position\":2,\"name\":\"Carri\u00e8res\",\"item\":\"https:\\\/\\\/www.canarie.ca\\\/fr\\\/carrieres\\\/\"},{\"@type\":\"ListItem\",\"position\":3,\"name\":\"Coordonnateur\\\/trice, exploitation des programmes\"}]},{\"@type\":\"WebSite\",\"@id\":\"https:\\\/\\\/www.canarie.ca\\\/#website\",\"url\":\"https:\\\/\\\/www.canarie.ca\\\/\",\"name\":\"CANARIE\",\"description\":\"\",\"potentialAction\":[{\"@type\":\"SearchAction\",\"target\":{\"@type\":\"EntryPoint\",\"urlTemplate\":\"https:\\\/\\\/www.canarie.ca\\\/?s={search_term_string}\"},\"query-input\":{\"@type\":\"PropertyValueSpecification\",\"valueRequired\":true,\"valueName\":\"search_term_string\"}}],\"inLanguage\":\"fr-FR\"}]}<\/script>\n<!-- \/ Yoast SEO plugin. -->","yoast_head_json":{"title":"Coordonnateur\/trice, exploitation des programmes - CANARIE","robots":{"index":"index","follow":"follow","max-snippet":"max-snippet:-1","max-image-preview":"max-image-preview:large","max-video-preview":"max-video-preview:-1"},"canonical":"https:\/\/www.canarie.ca\/fr\/carrieres\/coordonnateur-trice-exploitation-des-programmes\/","og_locale":"fr_FR","og_type":"article","og_title":"Coordonnateur\/trice, exploitation des programmes - CANARIE","og_description":"Coordonnateur\/trice, exploitation des programmes Travaillons ensemble Nous avons \u00e0 c\u0153ur l\u2019\u00e9quit\u00e9 en mati\u00e8re d\u2019emploi et encourageons tous ceux qui ajoutent [&hellip;]","og_url":"https:\/\/www.canarie.ca\/fr\/carrieres\/coordonnateur-trice-exploitation-des-programmes\/","og_site_name":"CANARIE","article_modified_time":"2023-03-14T16:26:36+00:00","twitter_card":"summary_large_image","schema":{"@context":"https:\/\/schema.org","@graph":[{"@type":"WebPage","@id":"https:\/\/www.canarie.ca\/fr\/carrieres\/coordonnateur-trice-exploitation-des-programmes\/","url":"https:\/\/www.canarie.ca\/fr\/carrieres\/coordonnateur-trice-exploitation-des-programmes\/","name":"Coordonnateur\/trice, exploitation des programmes - CANARIE","isPartOf":{"@id":"https:\/\/www.canarie.ca\/#website"},"datePublished":"2023-03-13T16:16:56+00:00","dateModified":"2023-03-14T16:26:36+00:00","breadcrumb":{"@id":"https:\/\/www.canarie.ca\/fr\/carrieres\/coordonnateur-trice-exploitation-des-programmes\/#breadcrumb"},"inLanguage":"fr-FR","potentialAction":[{"@type":"ReadAction","target":["https:\/\/www.canarie.ca\/fr\/carrieres\/coordonnateur-trice-exploitation-des-programmes\/"]}]},{"@type":"BreadcrumbList","@id":"https:\/\/www.canarie.ca\/fr\/carrieres\/coordonnateur-trice-exploitation-des-programmes\/#breadcrumb","itemListElement":[{"@type":"ListItem","position":1,"name":"Accueil","item":"https:\/\/www.canarie.ca\/fr\/"},{"@type":"ListItem","position":2,"name":"Carri\u00e8res","item":"https:\/\/www.canarie.ca\/fr\/carrieres\/"},{"@type":"ListItem","position":3,"name":"Coordonnateur\/trice, exploitation des programmes"}]},{"@type":"WebSite","@id":"https:\/\/www.canarie.ca\/#website","url":"https:\/\/www.canarie.ca\/","name":"CANARIE","description":"","potentialAction":[{"@type":"SearchAction","target":{"@type":"EntryPoint","urlTemplate":"https:\/\/www.canarie.ca\/?s={search_term_string}"},"query-input":{"@type":"PropertyValueSpecification","valueRequired":true,"valueName":"search_term_string"}}],"inLanguage":"fr-FR"}]}},"_links":{"self":[{"href":"https:\/\/www.canarie.ca\/fr\/wp-json\/wp\/v2\/pages\/37090","targetHints":{"allow":["GET"]}}],"collection":[{"href":"https:\/\/www.canarie.ca\/fr\/wp-json\/wp\/v2\/pages"}],"about":[{"href":"https:\/\/www.canarie.ca\/fr\/wp-json\/wp\/v2\/types\/page"}],"author":[{"embeddable":true,"href":"https:\/\/www.canarie.ca\/fr\/wp-json\/wp\/v2\/users\/12"}],"replies":[{"embeddable":true,"href":"https:\/\/www.canarie.ca\/fr\/wp-json\/wp\/v2\/comments?post=37090"}],"version-history":[{"count":0,"href":"https:\/\/www.canarie.ca\/fr\/wp-json\/wp\/v2\/pages\/37090\/revisions"}],"up":[{"embeddable":true,"href":"https:\/\/www.canarie.ca\/fr\/wp-json\/wp\/v2\/pages\/6314"}],"wp:attachment":[{"href":"https:\/\/www.canarie.ca\/fr\/wp-json\/wp\/v2\/media?parent=37090"}],"curies":[{"name":"wp","href":"https:\/\/api.w.org\/{rel}","templated":true}]}}