{"id":37111,"date":"2023-03-15T10:51:26","date_gmt":"2023-03-15T14:51:26","guid":{"rendered":"https:\/\/www.canarie.ca\/?page_id=37111"},"modified":"2023-03-15T10:51:27","modified_gmt":"2023-03-15T14:51:27","slug":"specialiste-en-it","status":"publish","type":"page","link":"https:\/\/www.canarie.ca\/fr\/carrieres\/specialiste-en-it\/","title":{"rendered":"Sp\u00e9cialiste en IT"},"content":{"rendered":"\n<div style=\"height:36px\" aria-hidden=\"true\" class=\"wp-block-spacer\"><\/div>\n\n\n\n<h1 class=\"has-text-align-center wp-block-heading\" id=\"gestionnaire-de-programme-gestion-des-identites-et-des-acces\"><strong>Sp\u00e9cialiste en IT<\/strong><\/h1>\n\n\n\n<div style=\"height:36px\" aria-hidden=\"true\" class=\"wp-block-spacer\"><\/div>\n\n\n\n<section class=\"section section--banner simple-fade light-blue alignfull\">\n  <div class=\"grid-container text-center\">\n  \t\t  \t\t  \t  <div class=\"large\"><p>Le ou la titulaire du poste dispense un soutien en informatique, notamment en ce qui concerne les ordinateurs portables, les logiciels et les appareils mobiles, et participe \u00e0 d\u2019autres initiatives de soutien en infotechnologie.<\/p>\n<p>Il s\u2019agit d\u2019un poste permanent, \u00e0 temps plein, qui rel\u00e8ve du directeur de l\u2019infotechnologie de CANARIE.<\/p>\n<\/div>\n\t  \t  \t\t  <\/div>\n<\/section>\n\n\n\n<section class=\"section section--text-columns\">\n    <div class=\"grid-container\">\n      \n                      <div class=\"grid-x grid-padding-x\">\n                                                <div class=\"cell\">\n                    <h3>Principales responsabilit\u00e9s<\/h3>\n                  <\/div>\n                                                                              <div class=\"cell medium-6\">\n                          <ul>\n<li>Aider les utilisateurs avec le mat\u00e9riel informatique et les logiciels<\/li>\n<li>Installer les rustines de s\u00e9curit\u00e9 et mettre \u00e0 jour les syst\u00e8mes IT<\/li>\n<li>Participer aux initiatives qui r\u00e9duiront les risques en cybers\u00e9curit\u00e9<\/li>\n<li>Dresser un inventaire des biens infotechnologiques<\/li>\n<\/ul>\n                        <\/div>\n                                                <div class=\"cell medium-6\">\n                          <ul>\n<li>Acqu\u00e9rir des articles IT (p.\u00a0ex., ordinateurs portables, logiciels, etc.)<\/li>\n<li>Se d\u00e9placer \u00e0 l\u2019occasion<\/li>\n<li>Assumer d\u2019autres fonctions et responsabilit\u00e9s au besoin<\/li>\n<\/ul>\n                        <\/div>\n                                          \n                                    \n                                <\/div>\n                <\/div>\n  <\/section>\n  \n\n\n<section class=\"section section--text-columns no-background\">\n    <div class=\"grid-container\">\n      <div class=\"grid-x grid-padding-x\">\n        <div class=\"cell\">\n                  \t<h3>Le candidat r\u00eav\u00e9<\/h3>\n                    <p>Pour exceller chez CANARIE, le candidat r\u00eav\u00e9 illustrera de fa\u00e7on manifeste sa capacit\u00e9 \u00e0 collaborer au sein d\u2019une \u00e9quipe. Son dynamisme lui inculquera la motivation n\u00e9cessaire pour travailler de fa\u00e7on autonome. Il communiquera \u00e0 merveille verbalement et par \u00e9crit. G\u00e9rer des \u00e9ch\u00e9ances, r\u00e9soudre des probl\u00e8mes et composer avec de multiples priorit\u00e9s figureront parmi ses points forts. Enfin, le candidat id\u00e9al \u00e9pousera les valeurs de CANARIE que sont le service \u00e0 la client\u00e8le, l\u2019esprit d\u2019\u00e9quipe, l\u2019inclusion, l\u2019innovation, la conscience professionnelle et l\u2019int\u00e9grit\u00e9.<\/p>\n<p>Une exp\u00e9rience pertinente au sein d\u2019une organisation sans but lucratif financ\u00e9e par des fonds publics est souhaitable.<\/p>\n                  <\/div>\n      <\/div>\n    <\/div>\n  <\/section>\n\n\n<section class=\"section section--text-columns no-background\">\n    <div class=\"grid-container\">\n      <div class=\"grid-x grid-padding-x\">\n        <div class=\"cell\">\n                  \t<h3>Vos acquis<\/h3>\n                    <h3>Formation et exp\u00e9rience<\/h3>\n<ul>\n<li>Dipl\u00f4me coll\u00e9gial ou universitaire en informatique, ou combinaison appropri\u00e9e de cours, d\u2019exp\u00e9rience et de formations dans un domaine pertinent<\/li>\n<li>Au moins cinq (5) ann\u00e9es d\u2019exp\u00e9rience dans des postes aux fonctions graduellement plus importantes<\/li>\n<li>Exp\u00e9rience pratique du travail dans un environnement TI utilisant la plateforme Windows<\/li>\n<\/ul>\n<h3><strong>Aptitudes<\/strong><\/h3>\n<ul>\n<li>Attitude ax\u00e9e sur le service \u00e0 la client\u00e8le<\/li>\n<li>Capacit\u00e9 \u00e0 transmettre des informations techniques de fa\u00e7on claire \u00e0 toutes sortes de publics<\/li>\n<li>Solide esprit d\u2019analyse et souci du d\u00e9tail<\/li>\n<\/ul>\n<h3><strong>Comp\u00e9tences techniques<\/strong><\/h3>\n<ul>\n<li>Connaissance pratique pouss\u00e9e de la suite de logiciels Microsoft Office, de la plateforme Windows de Microsoft et des produits de serveur<\/li>\n<li>Connaissance pratique de MacOS d\u2019Apple, de Linux et de VMWare<\/li>\n<li>Exp\u00e9rience de l\u2019administration d\u2019un r\u00e9seau local<\/li>\n<li>Une connaissance pratique de SharePoint est souhaitable.<\/li>\n<li>De l\u2019exp\u00e9rience en administration de r\u00e9seau sans fil est souhaitable.<\/li>\n<\/ul>\n                  <\/div>\n      <\/div>\n    <\/div>\n  <\/section>\n\n\n<h3 class=\"has-cyan-color has-text-color wp-block-heading\" id=\"travaillons-ensemble\">Travaillons ensemble<\/h3>\n\n\n\n<p>Nous avons \u00e0 c\u0153ur l\u2019\u00e9quit\u00e9 en mati\u00e8re d\u2019emploi et encourageons tous ceux qui ajoutent de la diversit\u00e9 aux id\u00e9es et aux points de vue \u00e0 poser leur candidature. CANARIE accommodera les candidats aux prises avec un handicap qui en font la demande \u00e0 toutes les \u00e9tapes du recrutement et du processus d\u2019\u00e9valuation.<\/p>\n\n\n\n<p>Le poste semble fait pour vous? Signalez-le-nous en \u00e9crivant \u00e0 <a href=\"mailto:careers@canarie.ca\">careers@canarie.ca<\/a>. Annexez votre curriculum vitae en mentionnant le titre du poste dans l\u2019objet du courriel.<\/p>\n\n\n\n<p>Nous remercions tous les int\u00e9ress\u00e9s qui postulent l\u2019emploi, mais seules les personnes retenues pour une entrevue recevront un appel.<\/p>\n","protected":false},"excerpt":{"rendered":"<p>Sp\u00e9cialiste en IT Travaillons ensemble Nous avons \u00e0 c\u0153ur l\u2019\u00e9quit\u00e9 en mati\u00e8re d\u2019emploi et encourageons tous ceux qui ajoutent de [&hellip;]<\/p>\n","protected":false},"author":12,"featured_media":0,"parent":6314,"menu_order":8,"comment_status":"closed","ping_status":"closed","template":"","meta":{"_acf_changed":false,"footnotes":""},"class_list":["post-37111","page","type-page","status-publish","hentry"],"acf":[],"yoast_head":"<!-- This site is optimized with the Yoast SEO plugin v27.3 - https:\/\/yoast.com\/product\/yoast-seo-wordpress\/ -->\n<title>Sp\u00e9cialiste en IT - CANARIE<\/title>\n<meta name=\"robots\" content=\"index, follow, max-snippet:-1, max-image-preview:large, max-video-preview:-1\" \/>\n<link rel=\"canonical\" href=\"https:\/\/www.canarie.ca\/fr\/carrieres\/specialiste-en-it\/\" \/>\n<meta property=\"og:locale\" content=\"fr_FR\" \/>\n<meta property=\"og:type\" content=\"article\" \/>\n<meta property=\"og:title\" content=\"Sp\u00e9cialiste en IT - CANARIE\" \/>\n<meta property=\"og:description\" content=\"Sp\u00e9cialiste en IT Travaillons ensemble Nous avons \u00e0 c\u0153ur l\u2019\u00e9quit\u00e9 en mati\u00e8re d\u2019emploi et encourageons tous ceux qui ajoutent de [&hellip;]\" \/>\n<meta property=\"og:url\" content=\"https:\/\/www.canarie.ca\/fr\/carrieres\/specialiste-en-it\/\" \/>\n<meta property=\"og:site_name\" content=\"CANARIE\" \/>\n<meta property=\"article:modified_time\" content=\"2023-03-15T14:51:27+00:00\" \/>\n<meta name=\"twitter:card\" content=\"summary_large_image\" \/>\n<script type=\"application\/ld+json\" class=\"yoast-schema-graph\">{\"@context\":\"https:\\\/\\\/schema.org\",\"@graph\":[{\"@type\":\"WebPage\",\"@id\":\"https:\\\/\\\/www.canarie.ca\\\/fr\\\/carrieres\\\/specialiste-en-it\\\/\",\"url\":\"https:\\\/\\\/www.canarie.ca\\\/fr\\\/carrieres\\\/specialiste-en-it\\\/\",\"name\":\"Sp\u00e9cialiste en IT - CANARIE\",\"isPartOf\":{\"@id\":\"https:\\\/\\\/www.canarie.ca\\\/#website\"},\"datePublished\":\"2023-03-15T14:51:26+00:00\",\"dateModified\":\"2023-03-15T14:51:27+00:00\",\"breadcrumb\":{\"@id\":\"https:\\\/\\\/www.canarie.ca\\\/fr\\\/carrieres\\\/specialiste-en-it\\\/#breadcrumb\"},\"inLanguage\":\"fr-FR\",\"potentialAction\":[{\"@type\":\"ReadAction\",\"target\":[\"https:\\\/\\\/www.canarie.ca\\\/fr\\\/carrieres\\\/specialiste-en-it\\\/\"]}]},{\"@type\":\"BreadcrumbList\",\"@id\":\"https:\\\/\\\/www.canarie.ca\\\/fr\\\/carrieres\\\/specialiste-en-it\\\/#breadcrumb\",\"itemListElement\":[{\"@type\":\"ListItem\",\"position\":1,\"name\":\"Accueil\",\"item\":\"https:\\\/\\\/www.canarie.ca\\\/fr\\\/homepage\\\/\"},{\"@type\":\"ListItem\",\"position\":2,\"name\":\"Carri\u00e8res\",\"item\":\"https:\\\/\\\/www.canarie.ca\\\/fr\\\/carrieres\\\/\"},{\"@type\":\"ListItem\",\"position\":3,\"name\":\"Sp\u00e9cialiste en IT\"}]},{\"@type\":\"WebSite\",\"@id\":\"https:\\\/\\\/www.canarie.ca\\\/#website\",\"url\":\"https:\\\/\\\/www.canarie.ca\\\/\",\"name\":\"CANARIE\",\"description\":\"\",\"potentialAction\":[{\"@type\":\"SearchAction\",\"target\":{\"@type\":\"EntryPoint\",\"urlTemplate\":\"https:\\\/\\\/www.canarie.ca\\\/?s={search_term_string}\"},\"query-input\":{\"@type\":\"PropertyValueSpecification\",\"valueRequired\":true,\"valueName\":\"search_term_string\"}}],\"inLanguage\":\"fr-FR\"}]}<\/script>\n<!-- \/ Yoast SEO plugin. -->","yoast_head_json":{"title":"Sp\u00e9cialiste en IT - CANARIE","robots":{"index":"index","follow":"follow","max-snippet":"max-snippet:-1","max-image-preview":"max-image-preview:large","max-video-preview":"max-video-preview:-1"},"canonical":"https:\/\/www.canarie.ca\/fr\/carrieres\/specialiste-en-it\/","og_locale":"fr_FR","og_type":"article","og_title":"Sp\u00e9cialiste en IT - CANARIE","og_description":"Sp\u00e9cialiste en IT Travaillons ensemble Nous avons \u00e0 c\u0153ur l\u2019\u00e9quit\u00e9 en mati\u00e8re d\u2019emploi et encourageons tous ceux qui ajoutent de [&hellip;]","og_url":"https:\/\/www.canarie.ca\/fr\/carrieres\/specialiste-en-it\/","og_site_name":"CANARIE","article_modified_time":"2023-03-15T14:51:27+00:00","twitter_card":"summary_large_image","schema":{"@context":"https:\/\/schema.org","@graph":[{"@type":"WebPage","@id":"https:\/\/www.canarie.ca\/fr\/carrieres\/specialiste-en-it\/","url":"https:\/\/www.canarie.ca\/fr\/carrieres\/specialiste-en-it\/","name":"Sp\u00e9cialiste en IT - CANARIE","isPartOf":{"@id":"https:\/\/www.canarie.ca\/#website"},"datePublished":"2023-03-15T14:51:26+00:00","dateModified":"2023-03-15T14:51:27+00:00","breadcrumb":{"@id":"https:\/\/www.canarie.ca\/fr\/carrieres\/specialiste-en-it\/#breadcrumb"},"inLanguage":"fr-FR","potentialAction":[{"@type":"ReadAction","target":["https:\/\/www.canarie.ca\/fr\/carrieres\/specialiste-en-it\/"]}]},{"@type":"BreadcrumbList","@id":"https:\/\/www.canarie.ca\/fr\/carrieres\/specialiste-en-it\/#breadcrumb","itemListElement":[{"@type":"ListItem","position":1,"name":"Accueil","item":"https:\/\/www.canarie.ca\/fr\/homepage\/"},{"@type":"ListItem","position":2,"name":"Carri\u00e8res","item":"https:\/\/www.canarie.ca\/fr\/carrieres\/"},{"@type":"ListItem","position":3,"name":"Sp\u00e9cialiste en IT"}]},{"@type":"WebSite","@id":"https:\/\/www.canarie.ca\/#website","url":"https:\/\/www.canarie.ca\/","name":"CANARIE","description":"","potentialAction":[{"@type":"SearchAction","target":{"@type":"EntryPoint","urlTemplate":"https:\/\/www.canarie.ca\/?s={search_term_string}"},"query-input":{"@type":"PropertyValueSpecification","valueRequired":true,"valueName":"search_term_string"}}],"inLanguage":"fr-FR"}]}},"_links":{"self":[{"href":"https:\/\/www.canarie.ca\/fr\/wp-json\/wp\/v2\/pages\/37111","targetHints":{"allow":["GET"]}}],"collection":[{"href":"https:\/\/www.canarie.ca\/fr\/wp-json\/wp\/v2\/pages"}],"about":[{"href":"https:\/\/www.canarie.ca\/fr\/wp-json\/wp\/v2\/types\/page"}],"author":[{"embeddable":true,"href":"https:\/\/www.canarie.ca\/fr\/wp-json\/wp\/v2\/users\/12"}],"replies":[{"embeddable":true,"href":"https:\/\/www.canarie.ca\/fr\/wp-json\/wp\/v2\/comments?post=37111"}],"version-history":[{"count":0,"href":"https:\/\/www.canarie.ca\/fr\/wp-json\/wp\/v2\/pages\/37111\/revisions"}],"up":[{"embeddable":true,"href":"https:\/\/www.canarie.ca\/fr\/wp-json\/wp\/v2\/pages\/6314"}],"wp:attachment":[{"href":"https:\/\/www.canarie.ca\/fr\/wp-json\/wp\/v2\/media?parent=37111"}],"curies":[{"name":"wp","href":"https:\/\/api.w.org\/{rel}","templated":true}]}}