{"id":37309,"date":"2023-03-30T10:36:28","date_gmt":"2023-03-30T14:36:28","guid":{"rendered":"https:\/\/www.canarie.ca\/?page_id=37309"},"modified":"2023-03-30T10:36:29","modified_gmt":"2023-03-30T14:36:29","slug":"specialiste-en-administration-principale-ressources-humaines","status":"publish","type":"page","link":"https:\/\/www.canarie.ca\/fr\/carrieres\/specialiste-en-administration-principale-ressources-humaines\/","title":{"rendered":"Sp\u00e9cialiste en administration principal(e), ressources humaines"},"content":{"rendered":"\n<div style=\"height:36px\" aria-hidden=\"true\" class=\"wp-block-spacer\"><\/div>\n\n\n\n<h1 class=\"has-text-align-center wp-block-heading\" id=\"gestionnaire-de-programme-gestion-des-identites-et-des-acces\">Sp\u00e9cialiste en administration principal(e), ressources humaines<\/h1>\n\n\n\n<div style=\"height:36px\" aria-hidden=\"true\" class=\"wp-block-spacer\"><\/div>\n\n\n\n<section class=\"section section--banner simple-fade light-blue alignfull\">\n  <div class=\"grid-container text-center\">\n  \t\t  \t\t  \t  <div class=\"large\"><p>Le ou la titulaire du poste dispensera un soutien administratif au titre des ressources humaines de mani\u00e8re \u00e0 optimiser l\u2019efficacit\u00e9 des t\u00e2ches tout en garantissant un tr\u00e8s haut degr\u00e9 d\u2019exactitude et de qualit\u00e9.<\/p>\n<p>Il s\u2019agit d\u2019un poste permanent, \u00e0 temps plein, qui rel\u00e8ve du gestionnaire des ressources humaines.<\/p>\n<\/div>\n\t  \t  \t\t  <\/div>\n<\/section>\n\n\n\n<section class=\"section section--text-columns\">\n    <div class=\"grid-container\">\n      \n                      <div class=\"grid-x grid-padding-x\">\n                                                <div class=\"cell\">\n                    <h3>Principales responsabilit\u00e9s<\/h3>\n                  <\/div>\n                                                                              <div class=\"cell medium-6\">\n                          <ul>\n<li>Assurer le soutien administratif dans le cadre des activit\u00e9s quotidiennes li\u00e9es aux ressources humaines<\/li>\n<li>Coordonner, ordonnancer et faciliter le recrutement des employ\u00e9s<\/li>\n<li>G\u00e9rer le programme d\u2019int\u00e9gration des employ\u00e9s, notamment en organisant les s\u00e9ances d\u2019information et les communications<\/li>\n<li>Apporter son aide au processus de recrutement des \u00e9tudiants<\/li>\n<li>G\u00e9rer le programme de r\u00e9compense pour \u00e9tats de service des employ\u00e9s<\/li>\n<li>R\u00e9diger et entretenir la documentation sur les processus<\/li>\n<li>Coordonner les activit\u00e9s relatives aux ressources humaines comme les s\u00e9ances de perfectionnement professionnel et d\u2019autres activit\u00e9s s\u2019adressant au personnel<\/li>\n<\/ul>\n                        <\/div>\n                                                <div class=\"cell medium-6\">\n                          <ul>\n<li>Maintenir les d\u00e9p\u00f4ts d\u2019information (p.\u00a0ex., dossiers des employ\u00e9s, donn\u00e9es sur le recrutement, manuel des politiques, etc.)<\/li>\n<li>Participer aux initiatives et aux projets de l\u2019\u00e9quipe<\/li>\n<li>Assumer d\u2019autres fonctions et responsabilit\u00e9s au besoin<\/li>\n<li>Se d\u00e9placer \u00e0 l\u2019occasion<\/li>\n<\/ul>\n                        <\/div>\n                                          \n                                    \n                                <\/div>\n                <\/div>\n  <\/section>\n  \n\n\n<section class=\"section section--text-columns no-background\">\n    <div class=\"grid-container\">\n      <div class=\"grid-x grid-padding-x\">\n        <div class=\"cell\">\n                  \t<h3>Le candidat r\u00eav\u00e9<\/h3>\n                    <p>Pour exceller chez CANARIE, le candidat r\u00eav\u00e9 illustrera de fa\u00e7on manifeste sa capacit\u00e9 \u00e0 collaborer au sein d\u2019une \u00e9quipe. Son dynamisme lui inculquera la motivation n\u00e9cessaire pour travailler de fa\u00e7on autonome. Il communiquera \u00e0 merveille verbalement et par \u00e9crit. G\u00e9rer des \u00e9ch\u00e9ances, r\u00e9soudre des probl\u00e8mes et composer avec de multiples priorit\u00e9s figureront parmi ses points forts. Enfin, le candidat id\u00e9al \u00e9pousera les valeurs de CANARIE que sont le service \u00e0 la client\u00e8le, l\u2019esprit d\u2019\u00e9quipe, l\u2019inclusion, l\u2019innovation, la conscience professionnelle et l\u2019int\u00e9grit\u00e9.<\/p>\n<p>Une exp\u00e9rience pertinente au sein d\u2019une organisation sans but lucratif financ\u00e9e par des fonds publics est souhaitable.<\/p>\n                  <\/div>\n      <\/div>\n    <\/div>\n  <\/section>\n\n\n<section class=\"section section--text-columns no-background\">\n    <div class=\"grid-container\">\n      <div class=\"grid-x grid-padding-x\">\n        <div class=\"cell\">\n                  \t<h3>Vos acquis<\/h3>\n                    <h3>Formation et exp\u00e9rience<\/h3>\n<ul>\n<li>Dipl\u00f4me coll\u00e9gial ou universitaire, ou combinaison appropri\u00e9e de cours, d\u2019exp\u00e9rience et de formations dans un domaine pertinent<\/li>\n<li>Au moins huit (8) ann\u00e9es d\u2019exp\u00e9rience dans des postes administratifs aux fonctions graduellement plus importantes, dont au moins deux (2) en ressources humaines<\/li>\n<\/ul>\n<h3>Aptitudes<\/h3>\n<ul>\n<li>Attitude positive, capacit\u00e9 d\u2019adaptation et amabilit\u00e9<\/li>\n<li>Solide sens de l\u2019organisation et grand souci du d\u00e9tail<\/li>\n<li>Aptitude \u00e0 travailler avec des donn\u00e9es tr\u00e8s d\u00e9licates, discr\u00e9tion et confidentialit\u00e9<\/li>\n<li>Assurance et tr\u00e8s grande conscience professionnelle<\/li>\n<li>Excellentes aptitudes en consultation, analyse, r\u00e9solution de probl\u00e8mes et prise de d\u00e9cisions<\/li>\n<\/ul>\n<h3>Comp\u00e9tences techniques<\/h3>\n<ul>\n<li>Excellente connaissance pratique de la s\u00e9rie de logiciels Microsoft Office<\/li>\n<li>L\u2019exp\u00e9rience des syst\u00e8mes de solutions logicielles (p. ex., HRIS) est souhaitable<\/li>\n<\/ul>\n                  <\/div>\n      <\/div>\n    <\/div>\n  <\/section>\n\n\n<h3 class=\"has-cyan-color has-text-color wp-block-heading\" id=\"travaillons-ensemble\">Travaillons ensemble<\/h3>\n\n\n\n<p>Nous avons \u00e0 c\u0153ur l\u2019\u00e9quit\u00e9 en mati\u00e8re d\u2019emploi et encourageons tous ceux qui ajoutent de la diversit\u00e9 aux id\u00e9es et aux points de vue \u00e0 poser leur candidature. CANARIE accommodera les candidats aux prises avec un handicap qui en font la demande \u00e0 toutes les \u00e9tapes du recrutement et du processus d\u2019\u00e9valuation.<\/p>\n\n\n\n<p>Le poste semble fait pour vous? Signalez-le-nous en \u00e9crivant \u00e0 <a href=\"mailto:careers@canarie.ca\">careers@canarie.ca<\/a>. Annexez votre curriculum vitae en mentionnant le titre du poste dans l\u2019objet du courriel.<\/p>\n\n\n\n<p>Nous remercions tous les int\u00e9ress\u00e9s qui postulent l\u2019emploi, mais seules les personnes retenues pour une entrevue recevront un appel.<\/p>\n","protected":false},"excerpt":{"rendered":"<p>Sp\u00e9cialiste en administration principal(e), ressources humaines Travaillons ensemble Nous avons \u00e0 c\u0153ur l\u2019\u00e9quit\u00e9 en mati\u00e8re d\u2019emploi et encourageons tous ceux [&hellip;]<\/p>\n","protected":false},"author":12,"featured_media":0,"parent":6314,"menu_order":8,"comment_status":"closed","ping_status":"closed","template":"","meta":{"_acf_changed":false,"footnotes":""},"class_list":["post-37309","page","type-page","status-publish","hentry"],"acf":[],"yoast_head":"<!-- This site is optimized with the Yoast SEO plugin v27.5 - https:\/\/yoast.com\/product\/yoast-seo-wordpress\/ -->\n<title>Sp\u00e9cialiste en administration principal(e), ressources humaines - CANARIE<\/title>\n<meta name=\"robots\" content=\"index, follow, max-snippet:-1, max-image-preview:large, max-video-preview:-1\" \/>\n<link rel=\"canonical\" href=\"https:\/\/www.canarie.ca\/fr\/carrieres\/specialiste-en-administration-principale-ressources-humaines\/\" \/>\n<meta property=\"og:locale\" content=\"fr_FR\" \/>\n<meta property=\"og:type\" content=\"article\" \/>\n<meta property=\"og:title\" content=\"Sp\u00e9cialiste en administration principal(e), ressources humaines - CANARIE\" \/>\n<meta property=\"og:description\" content=\"Sp\u00e9cialiste en administration principal(e), ressources humaines Travaillons ensemble Nous avons \u00e0 c\u0153ur l\u2019\u00e9quit\u00e9 en mati\u00e8re d\u2019emploi et encourageons tous ceux [&hellip;]\" \/>\n<meta property=\"og:url\" content=\"https:\/\/www.canarie.ca\/fr\/carrieres\/specialiste-en-administration-principale-ressources-humaines\/\" \/>\n<meta property=\"og:site_name\" content=\"CANARIE\" \/>\n<meta property=\"article:modified_time\" content=\"2023-03-30T14:36:29+00:00\" \/>\n<meta name=\"twitter:card\" content=\"summary_large_image\" \/>\n<script type=\"application\/ld+json\" class=\"yoast-schema-graph\">{\"@context\":\"https:\\\/\\\/schema.org\",\"@graph\":[{\"@type\":\"WebPage\",\"@id\":\"https:\\\/\\\/www.canarie.ca\\\/fr\\\/carrieres\\\/specialiste-en-administration-principale-ressources-humaines\\\/\",\"url\":\"https:\\\/\\\/www.canarie.ca\\\/fr\\\/carrieres\\\/specialiste-en-administration-principale-ressources-humaines\\\/\",\"name\":\"Sp\u00e9cialiste en administration principal(e), ressources humaines - CANARIE\",\"isPartOf\":{\"@id\":\"https:\\\/\\\/www.canarie.ca\\\/#website\"},\"datePublished\":\"2023-03-30T14:36:28+00:00\",\"dateModified\":\"2023-03-30T14:36:29+00:00\",\"breadcrumb\":{\"@id\":\"https:\\\/\\\/www.canarie.ca\\\/fr\\\/carrieres\\\/specialiste-en-administration-principale-ressources-humaines\\\/#breadcrumb\"},\"inLanguage\":\"fr-FR\",\"potentialAction\":[{\"@type\":\"ReadAction\",\"target\":[\"https:\\\/\\\/www.canarie.ca\\\/fr\\\/carrieres\\\/specialiste-en-administration-principale-ressources-humaines\\\/\"]}]},{\"@type\":\"BreadcrumbList\",\"@id\":\"https:\\\/\\\/www.canarie.ca\\\/fr\\\/carrieres\\\/specialiste-en-administration-principale-ressources-humaines\\\/#breadcrumb\",\"itemListElement\":[{\"@type\":\"ListItem\",\"position\":1,\"name\":\"Accueil\",\"item\":\"https:\\\/\\\/www.canarie.ca\\\/fr\\\/\"},{\"@type\":\"ListItem\",\"position\":2,\"name\":\"Carri\u00e8res\",\"item\":\"https:\\\/\\\/www.canarie.ca\\\/fr\\\/carrieres\\\/\"},{\"@type\":\"ListItem\",\"position\":3,\"name\":\"Sp\u00e9cialiste en administration principal(e), ressources humaines\"}]},{\"@type\":\"WebSite\",\"@id\":\"https:\\\/\\\/www.canarie.ca\\\/#website\",\"url\":\"https:\\\/\\\/www.canarie.ca\\\/\",\"name\":\"CANARIE\",\"description\":\"\",\"potentialAction\":[{\"@type\":\"SearchAction\",\"target\":{\"@type\":\"EntryPoint\",\"urlTemplate\":\"https:\\\/\\\/www.canarie.ca\\\/?s={search_term_string}\"},\"query-input\":{\"@type\":\"PropertyValueSpecification\",\"valueRequired\":true,\"valueName\":\"search_term_string\"}}],\"inLanguage\":\"fr-FR\"}]}<\/script>\n<!-- \/ Yoast SEO plugin. -->","yoast_head_json":{"title":"Sp\u00e9cialiste en administration principal(e), ressources humaines - CANARIE","robots":{"index":"index","follow":"follow","max-snippet":"max-snippet:-1","max-image-preview":"max-image-preview:large","max-video-preview":"max-video-preview:-1"},"canonical":"https:\/\/www.canarie.ca\/fr\/carrieres\/specialiste-en-administration-principale-ressources-humaines\/","og_locale":"fr_FR","og_type":"article","og_title":"Sp\u00e9cialiste en administration principal(e), ressources humaines - CANARIE","og_description":"Sp\u00e9cialiste en administration principal(e), ressources humaines Travaillons ensemble Nous avons \u00e0 c\u0153ur l\u2019\u00e9quit\u00e9 en mati\u00e8re d\u2019emploi et encourageons tous ceux [&hellip;]","og_url":"https:\/\/www.canarie.ca\/fr\/carrieres\/specialiste-en-administration-principale-ressources-humaines\/","og_site_name":"CANARIE","article_modified_time":"2023-03-30T14:36:29+00:00","twitter_card":"summary_large_image","schema":{"@context":"https:\/\/schema.org","@graph":[{"@type":"WebPage","@id":"https:\/\/www.canarie.ca\/fr\/carrieres\/specialiste-en-administration-principale-ressources-humaines\/","url":"https:\/\/www.canarie.ca\/fr\/carrieres\/specialiste-en-administration-principale-ressources-humaines\/","name":"Sp\u00e9cialiste en administration principal(e), ressources humaines - CANARIE","isPartOf":{"@id":"https:\/\/www.canarie.ca\/#website"},"datePublished":"2023-03-30T14:36:28+00:00","dateModified":"2023-03-30T14:36:29+00:00","breadcrumb":{"@id":"https:\/\/www.canarie.ca\/fr\/carrieres\/specialiste-en-administration-principale-ressources-humaines\/#breadcrumb"},"inLanguage":"fr-FR","potentialAction":[{"@type":"ReadAction","target":["https:\/\/www.canarie.ca\/fr\/carrieres\/specialiste-en-administration-principale-ressources-humaines\/"]}]},{"@type":"BreadcrumbList","@id":"https:\/\/www.canarie.ca\/fr\/carrieres\/specialiste-en-administration-principale-ressources-humaines\/#breadcrumb","itemListElement":[{"@type":"ListItem","position":1,"name":"Accueil","item":"https:\/\/www.canarie.ca\/fr\/"},{"@type":"ListItem","position":2,"name":"Carri\u00e8res","item":"https:\/\/www.canarie.ca\/fr\/carrieres\/"},{"@type":"ListItem","position":3,"name":"Sp\u00e9cialiste en administration principal(e), ressources humaines"}]},{"@type":"WebSite","@id":"https:\/\/www.canarie.ca\/#website","url":"https:\/\/www.canarie.ca\/","name":"CANARIE","description":"","potentialAction":[{"@type":"SearchAction","target":{"@type":"EntryPoint","urlTemplate":"https:\/\/www.canarie.ca\/?s={search_term_string}"},"query-input":{"@type":"PropertyValueSpecification","valueRequired":true,"valueName":"search_term_string"}}],"inLanguage":"fr-FR"}]}},"_links":{"self":[{"href":"https:\/\/www.canarie.ca\/fr\/wp-json\/wp\/v2\/pages\/37309","targetHints":{"allow":["GET"]}}],"collection":[{"href":"https:\/\/www.canarie.ca\/fr\/wp-json\/wp\/v2\/pages"}],"about":[{"href":"https:\/\/www.canarie.ca\/fr\/wp-json\/wp\/v2\/types\/page"}],"author":[{"embeddable":true,"href":"https:\/\/www.canarie.ca\/fr\/wp-json\/wp\/v2\/users\/12"}],"replies":[{"embeddable":true,"href":"https:\/\/www.canarie.ca\/fr\/wp-json\/wp\/v2\/comments?post=37309"}],"version-history":[{"count":0,"href":"https:\/\/www.canarie.ca\/fr\/wp-json\/wp\/v2\/pages\/37309\/revisions"}],"up":[{"embeddable":true,"href":"https:\/\/www.canarie.ca\/fr\/wp-json\/wp\/v2\/pages\/6314"}],"wp:attachment":[{"href":"https:\/\/www.canarie.ca\/fr\/wp-json\/wp\/v2\/media?parent=37309"}],"curies":[{"name":"wp","href":"https:\/\/api.w.org\/{rel}","templated":true}]}}