{"id":38033,"date":"2023-06-12T13:39:06","date_gmt":"2023-06-12T17:39:06","guid":{"rendered":"https:\/\/www.canarie.ca\/rpki\/"},"modified":"2023-12-07T13:45:00","modified_gmt":"2023-12-07T18:45:00","slug":"rpki","status":"publish","type":"page","link":"https:\/\/www.canarie.ca\/fr\/rpki\/","title":{"rendered":"RPKI"},"content":{"rendered":"\n\n<section class=\"section section--text-with-image  alignfull full-width with-margin dark-blue \">\n    <div class=\"grid-container simple-fade\">\n    <div class=\"grid-x grid-padding-x align-middle\">\n      <div class=\"cell large-6 medium-order-2\">\n\t\t  \t\t\t  <div class=\"full-width-img\" style=\"background-image: url(https:\/\/www.canarie.ca\/wp-content\/uploads\/2023\/06\/RPKI-Fact-Sheet-1-791x1024.png); background-size: cover; background-position: center center;\"><\/div>\n\t\t\t  <div class=\"image-mask\"><\/div>\n\t\t        <\/div>\n      <div class=\"cell large-6 medium-order-1 text-left text-cell dark-blue\">\n  \t\t                          <div class=\"fade-in-delay text-cell-text\"><h1>La RPKI pour le milieu de la recherche et de l\u2019\u00e9ducation<\/h1>\n<p>La <strong>RPKI <\/strong>(abr\u00e9viation de <strong><em>Resource Public Key Infrastructure<\/em> <\/strong>ou infrastructure \u00e0 cl\u00e9 publique de ressource) est un service \u00e0 option d\u2019adh\u00e9sion de l\u2019American Registry of Internet Numbers (ARIN). Ce service s\u00e9curise le routage en faisant en sorte que les adresses du protocole Internet (adresses IP) \u00e9manent d\u2019une source fiable. Les membres du R\u00e9seau national de la recherche et de l\u2019\u00e9ducation (RNRE) canadien se sont alli\u00e9s pour aider les organisations qui y sont connect\u00e9es \u00e0 se conformer \u00e0 la RPKI.<\/p>\n<\/div>\n                      <\/div>\n    <\/div>\n  <\/div>\n<\/section>\n\n\n\n\n\n<div class=\"wp-block-buttons alignwide is-horizontal is-layout-flex wp-block-buttons-is-layout-flex\">\n<div class=\"wp-block-button has-custom-width wp-block-button__width-25\"><a class=\"wp-block-button__link has-light-grey-color has-cyan-background-color has-text-color has-background has-link-color wp-element-button\" href=\"https:\/\/www.canarie.ca\/fr\/faq-sur-la-rpki\/\" target=\"_blank\" rel=\"noreferrer noopener\">FAQ sur la RPKI<\/a><\/div>\n<\/div>\n\n\n\n<h2 class=\"wp-block-heading has-text-align-center has-light-grey-color has-dark-grey-background-color has-text-color has-background\">Vous devez enregistrer vos anciennes ressources (adresses IP) en passant par le portail de l\u2019ARIN avant le 31&nbsp;d\u00e9cembre 2023.<\/h2>\n\n\n\n<section class=\"section section--text-columns no-background\">\n    <div class=\"grid-container\">\n      <div class=\"grid-x grid-padding-x\">\n        <div class=\"cell\">\n                  \t<h3>Pourquoi les institutions de recherche et d\u2019enseignement canadiennes devraient-elles adopter la RPKI?<\/h3>\n                    <p>Partout dans le monde, les fournisseurs de services (Google, par exemple) exigent d\u00e9sormais que les adresses IP soient toutes configur\u00e9es et assign\u00e9es correctement afin que le trafic qui circule sur Internet vienne des d\u00e9tenteurs l\u00e9gitimes d\u2019une adresse IP.<\/p>\n<p>Avant de la configurer en fonction de la RPKI, l\u2019adresse IP doit d\u2019abord \u00eatre enregistr\u00e9e de la mani\u00e8re ad\u00e9quate. Au Canada, c\u2019est l\u2019American Registry of Internet Numbers (ARIN) qui assigne les adresses IP. Or, beaucoup d\u2019anciennes adresses n\u2019ont pas \u00e9t\u00e9 assign\u00e9es et elles sont mal configur\u00e9es.<\/p>\n<p>Par cons\u00e9quent, l\u2019ARIN prend des mesures afin d\u2019inciter ceux qui d\u00e9tiennent un num\u00e9ro de prestataire de ressources internet comme une adresse IP \u00e0 se conformer \u00e0 la plus r\u00e9cente entente de services d\u2019enregistrement (RSA) et \u00e0 utiliser ses outils pour \u00e9tablir une configuration qui respecte la RPKI.<\/p>\n                  <\/div>\n      <\/div>\n    <\/div>\n  <\/section>\n\n\n<figure class=\"wp-block-embed is-type-video is-provider-youtube wp-block-embed-youtube wp-embed-aspect-16-9 wp-has-aspect-ratio\"><div class=\"wp-block-embed__wrapper\">\n<iframe loading=\"lazy\" title=\"RPKI pour la communaut\u00e9 de la recherche et de l&#039;\u00e9ducation\" width=\"500\" height=\"281\" src=\"https:\/\/www.youtube.com\/embed\/jk3w4M2NIuQ?feature=oembed\" frameborder=\"0\" allow=\"accelerometer; autoplay; clipboard-write; encrypted-media; gyroscope; picture-in-picture; web-share\" referrerpolicy=\"strict-origin-when-cross-origin\" allowfullscreen><\/iframe>\n<\/div><figcaption class=\"wp-element-caption\">Regarder le webinaire<\/figcaption><\/figure>\n\n\n\n<section class=\"section section--text-columns no-background\">\n    <div class=\"grid-container\">\n      <div class=\"grid-x grid-padding-x\">\n        <div class=\"cell\">\n                  \t<h3>Quelle importance?<\/h3>\n                    <p>Ne pas adopter la RPKI et continuer d\u2019exploiter des adresses IP non ou mal identifi\u00e9es pourrait entra\u00eener ce qui suit\u00a0:<\/p>\n<ul>\n<li>une hausse importante des frais annuels de l\u2019ARIN apr\u00e8s le 31\u00a0d\u00e9cembre 2023;<\/li>\n<li>l\u2019abandon ou le blocage du trafic venant de l\u2019institution par les fournisseurs de services.<\/li>\n<\/ul>\n<p><!-- \/wp:list-item --><\/p>\n<p><!-- \/wp:list --><\/p>\n                  <\/div>\n      <\/div>\n    <\/div>\n  <\/section>\n\n<div id=\"webinar-rpkifr\" class=\"anchor-link\"><\/div>\n<section class=\"section section--text-columns no-background\">\n    <div class=\"grid-container\">\n      <div class=\"grid-x grid-padding-x\">\n        <div class=\"cell\">\n                  \t<h3>Que dois-je faire?<\/h3>\n                    <p>Vous \u00eates pr\u00eat \u00e0 rem\u00e9dier \u00e0 la situation? Visitez la page <a href=\"https:\/\/www.arin.net\/resources\/manage\/rpki\/\">ARIN<\/a> (en anglais) pour savoir exactement quelles d\u00e9marches doit entreprendre l\u2019institution.<\/p>\n<p>Inscrivez-vous \u00e0 un des quatre webinaires que nous tiendrons bient\u00f4t, avec pour invit\u00e9s des membres de l\u2019ARIN.<\/p>\n<p>S&rsquo;inscrire ici :<\/p>\n<ul>\n<li><a href=\"https:\/\/canarie.zoom.us\/webinar\/register\/WN_aMDDOOkbQf2Eme3HnJgOQw#\/registration\">5 juillet 2023 (avec interpr\u00e9tation simultan\u00e9e)<\/a><\/li>\n<li><a href=\"https:\/\/canarie.zoom.us\/webinar\/register\/WN_AfV79p2vT1eKoJWRQr3Anw\">17 juillet 2023<\/a><\/li>\n<li><a href=\"https:\/\/canarie.zoom.us\/webinar\/register\/WN_dH37iYcDQqWqssdat1SvPQ\">10 ao\u00fbt 2023 (avec interpr\u00e9tation simultan\u00e9e)<\/a><\/li>\n<li><a href=\"https:\/\/canarie.zoom.us\/webinar\/register\/WN_lmIdoDj-R26tU_1zeXImvg\">24 ao\u00fbt 2023<\/a><\/li>\n<\/ul>\n                  <\/div>\n      <\/div>\n    <\/div>\n  <\/section>\n\n\n<h6 class=\"wp-block-heading\" id=\"rpki-webinarfr\"><\/h6>\n\n\n\n\n<section class=\"section section--text-with-image  alignfull container squares-right\">\n  <svg version=\"1.1\" class=\"animated-square-graphic\" xmlns=\"http:\/\/www.w3.org\/2000\/svg\" xmlns:xlink=\"http:\/\/www.w3.org\/1999\/xlink\" x=\"0px\" y=\"0px\"\n\t viewBox=\"0 0 1084.85 1080\" style=\"enable-background:new 0 0 1084.85 1080;\" xml:space=\"preserve\">\n<style type=\"text\/css\">\n\t.st0{opacity:0.51;fill:#FEFEFE;}\n\t.st1{fill:#F4F4F5;}\n\t.st2{fill:#58C3D2;}\n\t.st3{fill:#E90D0B;}\n\t.st4{fill:#393D3F;}\n<\/style>\n<g>\n\t<path class=\"st0\" d=\"M275.09,0c0,20.92,0.02,41.84-0.04,62.75c-0.01,1.9,0.82,4.06-1.04,5.66c-1.33-1.48-1.49-3.32-1.5-5.17\n\t\tc-0.07-19.54-0.1-39.07,0.02-58.61c0.01-1,0.15-2,0.5-2.95c0.27-0.62,0.62-1.18,1.06-1.68C274.42,0,274.76,0,275.09,0z\"\/>\n\t<path class=\"st0\" d=\"M270.93,134.87c0,0.67,0,1.34,0,2.01c-1.96-0.21-3.39-1.13-2.71-3.24c0.6-1.87,2.15-2.92,4.31-2.71\n\t\tc21.9,2.09,43.85,0.35,65.77,0.92c-0.01,0.67-0.01,1.34-0.02,2.01c-1.73,0.94-3.6,0.46-5.4,0.47c-19.36,0.04-38.73,0.02-58.09,0.04\n\t\tC273.5,134.36,272.11,133.88,270.93,134.87z\"\/>\n\t<path class=\"st0\" d=\"M67.6,132.85c-0.22,2.23,0.79,3.24,3.02,3.02c-0.21,1.56-0.6,3.05-2.65,2.59c-1.53-0.34-2.62-1.44-2.96-2.96\n\t\tC64.55,133.46,66.04,133.06,67.6,132.85z\"\/>\n\t<path class=\"st0\" d=\"M270.93,134.87c0.15-0.9,0.44-1.31,1.6-1.31c21.92,0.15,43.84,0.21,65.76,0.29c-1.46,1.71-3.44,0.97-5.18,0.97\n\t\tC312.38,134.88,291.66,134.87,270.93,134.87z\"\/>\n\t<rect x=\"71.76\" y=\"67.43\" class=\"st1\" width=\"67.44\" height=\"67.44\"\/>\n\t<rect x=\"206.62\" class=\"st2\" width=\"67.44\" height=\"67.44\"\/>\n\t<rect x=\"410.45\" class=\"st2\" width=\"67.44\" height=\"67.44\"\/>\n\t<rect x=\"343.11\" y=\"67.73\" class=\"st2\" width=\"67.44\" height=\"67.44\"\/>\n\t<rect x=\"544.46\" y=\"0.06\" class=\"st1\" width=\"67.44\" height=\"67.44\"\/>\n\t<rect x=\"680.21\" class=\"st1\" width=\"67.44\" height=\"67.44\"\/>\n\t<rect x=\"815.09\" class=\"st1\" width=\"67.44\" height=\"67.44\"\/>\n\t<rect x=\"949.97\" class=\"st2\" width=\"67.44\" height=\"67.44\"\/>\n\t<rect x=\"477.89\" y=\"67.73\" class=\"st3\" width=\"67.44\" height=\"67.44\"\/>\n\t<rect x=\"612.77\" y=\"67.73\" class=\"st2\" width=\"67.44\" height=\"67.44\"\/>\n\t<rect x=\"747.65\" y=\"67.73\" class=\"st4\" width=\"67.44\" height=\"67.44\"\/>\n\t<rect x=\"882.53\" y=\"67.83\" class=\"st1\" width=\"67.44\" height=\"67.44\"\/>\n\t<rect x=\"1017.41\" y=\"67.73\" class=\"st2\" width=\"67.44\" height=\"67.44\"\/>\n\t<rect x=\"1017.41\" y=\"203.13\" class=\"st2\" width=\"67.44\" height=\"67.44\"\/>\n\t<rect x=\"275.67\" y=\"135.45\" class=\"st1\" width=\"67.44\" height=\"67.44\"\/>\n\t<rect x=\"208.23\" y=\"202.81\" class=\"st3\" width=\"67.44\" height=\"67.44\"\/>\n\t<rect x=\"1.8\" y=\"202.81\" class=\"st1\" width=\"67.44\" height=\"67.44\"\/>\n\t<rect x=\"69.24\" y=\"270.83\" class=\"st2\" width=\"67.44\" height=\"67.44\"\/>\n\t<rect x=\"410.55\" y=\"270.57\" class=\"st1\" width=\"67.44\" height=\"67.44\"\/>\n\t<rect x=\"545.43\" y=\"270.57\" class=\"st1\" width=\"67.44\" height=\"67.44\"\/>\n\t<rect x=\"680.44\" y=\"270.57\" class=\"st2\" width=\"67.44\" height=\"67.44\"\/>\n\t<rect x=\"815.3\" y=\"270.57\" class=\"st1\" width=\"67.44\" height=\"67.44\"\/>\n\t<rect x=\"950.11\" y=\"270.57\" class=\"st2\" width=\"67.44\" height=\"67.44\"\/>\n\t<rect x=\"1017.41\" y=\"270.57\" class=\"st4\" width=\"67.44\" height=\"67.44\"\/>\n\t<rect x=\"1017.41\" y=\"338.01\" class=\"st2\" width=\"67.44\" height=\"67.44\"\/>\n\t<rect x=\"882.5\" y=\"338.16\" class=\"st2\" width=\"67.44\" height=\"67.44\"\/>\n\t<rect x=\"747.86\" y=\"338.16\" class=\"st1\" width=\"67.44\" height=\"67.44\"\/>\n\t<rect x=\"612.87\" y=\"338.16\" class=\"st2\" width=\"67.44\" height=\"67.44\"\/>\n\t<rect x=\"271.44\" y=\"338.01\" class=\"st1\" width=\"67.44\" height=\"67.44\"\/>\n\t<rect x=\"136.7\" y=\"405.75\" class=\"st3\" width=\"67.44\" height=\"67.44\"\/>\n\t<rect x=\"407.3\" y=\"405.6\" class=\"st3\" width=\"67.44\" height=\"67.44\"\/>\n\t<rect x=\"815.06\" y=\"405.6\" class=\"st2\" width=\"67.44\" height=\"67.44\"\/>\n\t<rect x=\"950.11\" y=\"405.6\" class=\"st1\" width=\"67.44\" height=\"67.44\"\/>\n\t<rect x=\"1017.41\" y=\"473.04\" class=\"st1\" width=\"67.44\" height=\"67.44\"\/>\n\t<rect x=\"882.5\" y=\"473.04\" class=\"st1\" width=\"67.44\" height=\"67.44\"\/>\n\t<rect x=\"747.62\" y=\"473.04\" class=\"st1\" width=\"67.44\" height=\"67.44\"\/>\n\t<rect x=\"611.17\" y=\"473.04\" class=\"st4\" width=\"67.44\" height=\"67.44\"\/>\n\t<rect y=\"475.55\" class=\"st1\" width=\"67.44\" height=\"67.44\"\/>\n\t<rect x=\"410.55\" y=\"135.45\" class=\"st4\" width=\"67.44\" height=\"67.44\"\/>\n\t<rect x=\"680.42\" y=\"135.17\" class=\"st1\" width=\"67.44\" height=\"67.44\"\/>\n\t<rect x=\"815.23\" y=\"135.36\" class=\"st1\" width=\"67.44\" height=\"67.44\"\/>\n\t<rect x=\"950.12\" y=\"135.36\" class=\"st4\" width=\"67.44\" height=\"67.44\"\/>\n\t<rect x=\"343.11\" y=\"202.81\" class=\"st3\" width=\"67.44\" height=\"67.44\"\/>\n\t<rect x=\"477.99\" y=\"202.81\" class=\"st2\" width=\"67.44\" height=\"67.44\"\/>\n\t<rect x=\"613\" y=\"202.81\" class=\"st4\" width=\"67.44\" height=\"67.44\"\/>\n\t<rect x=\"747.86\" y=\"202.74\" class=\"st2\" width=\"67.44\" height=\"67.44\"\/>\n\t<rect x=\"882.67\" y=\"202.8\" class=\"st2\" width=\"67.44\" height=\"67.44\"\/>\n\t<rect x=\"950.08\" y=\"540.48\" class=\"st2\" width=\"67.44\" height=\"67.44\"\/>\n\t<rect x=\"815.06\" y=\"540.48\" class=\"st2\" width=\"67.44\" height=\"67.44\"\/>\n\t<rect x=\"1017.41\" y=\"607.92\" class=\"st2\" width=\"67.44\" height=\"67.44\"\/>\n\t<rect x=\"882.44\" y=\"607.92\" class=\"st4\" width=\"67.44\" height=\"67.44\"\/>\n\t<rect x=\"747.62\" y=\"607.92\" class=\"st4\" width=\"67.44\" height=\"67.44\"\/>\n\t<rect x=\"950.06\" y=\"675.36\" class=\"st1\" width=\"67.44\" height=\"67.44\"\/>\n\t<rect x=\"815\" y=\"675.36\" class=\"st2\" width=\"67.44\" height=\"67.44\"\/>\n\t<rect x=\"680.18\" y=\"675.36\" class=\"st2\" width=\"67.44\" height=\"67.44\"\/>\n\t<rect x=\"882.7\" y=\"742.8\" class=\"st1\" width=\"67.44\" height=\"67.44\"\/>\n\t<rect x=\"1017.41\" y=\"742.8\" class=\"st2\" width=\"67.44\" height=\"67.44\"\/>\n\t<rect x=\"1017.41\" y=\"810.24\" class=\"st1\" width=\"67.44\" height=\"67.44\"\/>\n\t<rect x=\"950.06\" y=\"810.24\" class=\"st2\" width=\"67.44\" height=\"67.44\"\/>\n\t<rect x=\"950.06\" y=\"877.68\" class=\"st3\" width=\"67.44\" height=\"67.44\"\/>\n\t<rect x=\"882.62\" y=\"877.68\" class=\"st2\" width=\"67.44\" height=\"67.44\"\/>\n\t<rect x=\"747.66\" y=\"877.68\" class=\"st3\" width=\"67.44\" height=\"67.44\"\/>\n\t<rect x=\"680.22\" y=\"877.68\" class=\"st1\" width=\"67.44\" height=\"67.44\"\/>\n\t<rect x=\"815.06\" y=\"945.12\" class=\"st4\" width=\"67.44\" height=\"67.44\"\/>\n\t<rect x=\"747.66\" y=\"945.12\" class=\"st2\" width=\"67.44\" height=\"67.44\"\/>\n\t<rect x=\"1017.5\" y=\"945.12\" class=\"st4\" width=\"67.44\" height=\"67.44\"\/>\n\t<rect x=\"950.06\" y=\"945.12\" class=\"st2\" width=\"67.44\" height=\"67.44\"\/>\n\t<rect x=\"882.5\" y=\"1012.56\" class=\"st4\" width=\"67.44\" height=\"67.44\"\/>\n\t<rect x=\"1017.5\" y=\"1012.56\" class=\"st2\" width=\"67.44\" height=\"67.44\"\/>\n\t<rect x=\"545.3\" y=\"1012.56\" class=\"st4\" width=\"67.44\" height=\"67.44\"\/>\n\t<rect x=\"407.54\" y=\"1012.56\" class=\"st2\" width=\"67.44\" height=\"67.44\"\/>\n\t<rect x=\"815.06\" y=\"1012.56\" class=\"st2\" width=\"67.44\" height=\"67.44\"\/>\n\t<rect x=\"747.66\" y=\"1012.56\" class=\"st3\" width=\"67.44\" height=\"67.44\"\/>\n\t<rect x=\"680.18\" y=\"1012.56\" class=\"st2\" width=\"67.44\" height=\"67.44\"\/>\n\t<rect x=\"747.62\" y=\"742.8\" class=\"st2\" width=\"67.44\" height=\"67.44\"\/>\n\t<rect x=\"612.74\" y=\"742.8\" class=\"st4\" width=\"67.44\" height=\"67.44\"\/>\n\t<rect x=\"545.3\" y=\"877.68\" class=\"st2\" width=\"67.44\" height=\"67.44\"\/>\n\t<rect x=\"612.74\" y=\"945.12\" class=\"st4\" width=\"67.44\" height=\"67.44\"\/>\n<\/g>\n<\/svg>\n  <div class=\"grid-container simple-fade\">\n    <div class=\"grid-x grid-padding-x align-middle\">\n      <div class=\"cell medium-5 medium-order-2\">\n\t\t  \t\t\t  <img decoding=\"async\" src=\"https:\/\/www.canarie.ca\/wp-content\/uploads\/2023\/06\/Program-Assets-Home-Page.png\" alt=\"\">\n\t\t        <\/div>\n      <div class=\"cell medium-7 medium-order-1 text-left text-cell \">\n  \t\t  \t\t          <h1 class=\"cssanimation leFadeIn\">Ressources<\/h1>\n  \t\t  \t\t                          <div class=\"fade-in-delay text-cell-text\"><ul>\n<li><a href=\"https:\/\/www.canarie.ca\/wp-content\/uploads\/2023\/06\/RPKI-Fact-Sheet-FR.pdf\">Fiche d\u2019information RPKI<\/a><\/li>\n<li><a href=\"https:\/\/youtu.be\/jk3w4M2NIuQ\">Enregistrement du webinaire\u00a0<\/a><\/li>\n<li><a href=\"https:\/\/www.arin.net\/resources\/manage\/rpki\/\">ARIN.net<\/a><\/li>\n<li><a href=\"https:\/\/www.canarie.ca\/fr\/faq-sur-la-rpki\/\">FAQ sur la RPKI<\/a><\/li>\n<\/ul>\n<\/div>\n                      <\/div>\n    <\/div>\n  <\/div>\n<\/section>\n\n\n\n\n\n<p><\/p>\n","protected":false},"excerpt":{"rendered":"<p>Vous devez enregistrer vos anciennes ressources (adresses IP) en passant par le portail de l\u2019ARIN avant le 31&nbsp;d\u00e9cembre 2023.<\/p>\n","protected":false},"author":19,"featured_media":37902,"parent":0,"menu_order":0,"comment_status":"closed","ping_status":"closed","template":"","meta":{"_acf_changed":false,"footnotes":""},"class_list":["post-38033","page","type-page","status-publish","has-post-thumbnail","hentry"],"acf":[],"yoast_head":"<!-- This site is optimized with the Yoast SEO plugin v27.4 - https:\/\/yoast.com\/product\/yoast-seo-wordpress\/ -->\n<title>RPKI - CANARIE<\/title>\n<meta name=\"robots\" content=\"index, follow, max-snippet:-1, max-image-preview:large, max-video-preview:-1\" \/>\n<link rel=\"canonical\" href=\"https:\/\/www.canarie.ca\/fr\/rpki\/\" \/>\n<meta property=\"og:locale\" content=\"fr_FR\" \/>\n<meta property=\"og:type\" content=\"article\" \/>\n<meta property=\"og:title\" content=\"RPKI - CANARIE\" \/>\n<meta property=\"og:description\" content=\"Vous devez enregistrer vos anciennes ressources (adresses IP) en passant par le portail de l\u2019ARIN avant le 31&nbsp;d\u00e9cembre 2023.\" \/>\n<meta property=\"og:url\" content=\"https:\/\/www.canarie.ca\/fr\/rpki\/\" \/>\n<meta property=\"og:site_name\" content=\"CANARIE\" \/>\n<meta property=\"article:modified_time\" content=\"2023-12-07T18:45:00+00:00\" \/>\n<meta property=\"og:image\" content=\"https:\/\/www.canarie.ca\/wp-content\/uploads\/2023\/06\/RPKI-Fact-Sheet-1.png\" \/>\n\t<meta property=\"og:image:width\" content=\"966\" \/>\n\t<meta property=\"og:image:height\" content=\"1250\" \/>\n\t<meta property=\"og:image:type\" content=\"image\/png\" \/>\n<meta name=\"twitter:card\" content=\"summary_large_image\" \/>\n<script type=\"application\/ld+json\" class=\"yoast-schema-graph\">{\"@context\":\"https:\\\/\\\/schema.org\",\"@graph\":[{\"@type\":\"WebPage\",\"@id\":\"https:\\\/\\\/www.canarie.ca\\\/fr\\\/rpki\\\/\",\"url\":\"https:\\\/\\\/www.canarie.ca\\\/fr\\\/rpki\\\/\",\"name\":\"RPKI - CANARIE\",\"isPartOf\":{\"@id\":\"https:\\\/\\\/www.canarie.ca\\\/#website\"},\"primaryImageOfPage\":{\"@id\":\"https:\\\/\\\/www.canarie.ca\\\/fr\\\/rpki\\\/#primaryimage\"},\"image\":{\"@id\":\"https:\\\/\\\/www.canarie.ca\\\/fr\\\/rpki\\\/#primaryimage\"},\"thumbnailUrl\":\"https:\\\/\\\/www.canarie.ca\\\/wp-content\\\/uploads\\\/2023\\\/06\\\/RPKI-Fact-Sheet-1.png\",\"datePublished\":\"2023-06-12T17:39:06+00:00\",\"dateModified\":\"2023-12-07T18:45:00+00:00\",\"breadcrumb\":{\"@id\":\"https:\\\/\\\/www.canarie.ca\\\/fr\\\/rpki\\\/#breadcrumb\"},\"inLanguage\":\"fr-FR\",\"potentialAction\":[{\"@type\":\"ReadAction\",\"target\":[\"https:\\\/\\\/www.canarie.ca\\\/fr\\\/rpki\\\/\"]}]},{\"@type\":\"ImageObject\",\"inLanguage\":\"fr-FR\",\"@id\":\"https:\\\/\\\/www.canarie.ca\\\/fr\\\/rpki\\\/#primaryimage\",\"url\":\"https:\\\/\\\/www.canarie.ca\\\/wp-content\\\/uploads\\\/2023\\\/06\\\/RPKI-Fact-Sheet-1.png\",\"contentUrl\":\"https:\\\/\\\/www.canarie.ca\\\/wp-content\\\/uploads\\\/2023\\\/06\\\/RPKI-Fact-Sheet-1.png\",\"width\":966,\"height\":1250},{\"@type\":\"BreadcrumbList\",\"@id\":\"https:\\\/\\\/www.canarie.ca\\\/fr\\\/rpki\\\/#breadcrumb\",\"itemListElement\":[{\"@type\":\"ListItem\",\"position\":1,\"name\":\"Accueil\",\"item\":\"https:\\\/\\\/www.canarie.ca\\\/fr\\\/\"},{\"@type\":\"ListItem\",\"position\":2,\"name\":\"RPKI\"}]},{\"@type\":\"WebSite\",\"@id\":\"https:\\\/\\\/www.canarie.ca\\\/#website\",\"url\":\"https:\\\/\\\/www.canarie.ca\\\/\",\"name\":\"CANARIE\",\"description\":\"\",\"potentialAction\":[{\"@type\":\"SearchAction\",\"target\":{\"@type\":\"EntryPoint\",\"urlTemplate\":\"https:\\\/\\\/www.canarie.ca\\\/?s={search_term_string}\"},\"query-input\":{\"@type\":\"PropertyValueSpecification\",\"valueRequired\":true,\"valueName\":\"search_term_string\"}}],\"inLanguage\":\"fr-FR\"}]}<\/script>\n<!-- \/ Yoast SEO plugin. -->","yoast_head_json":{"title":"RPKI - CANARIE","robots":{"index":"index","follow":"follow","max-snippet":"max-snippet:-1","max-image-preview":"max-image-preview:large","max-video-preview":"max-video-preview:-1"},"canonical":"https:\/\/www.canarie.ca\/fr\/rpki\/","og_locale":"fr_FR","og_type":"article","og_title":"RPKI - CANARIE","og_description":"Vous devez enregistrer vos anciennes ressources (adresses IP) en passant par le portail de l\u2019ARIN avant le 31&nbsp;d\u00e9cembre 2023.","og_url":"https:\/\/www.canarie.ca\/fr\/rpki\/","og_site_name":"CANARIE","article_modified_time":"2023-12-07T18:45:00+00:00","og_image":[{"width":966,"height":1250,"url":"https:\/\/www.canarie.ca\/wp-content\/uploads\/2023\/06\/RPKI-Fact-Sheet-1.png","type":"image\/png"}],"twitter_card":"summary_large_image","schema":{"@context":"https:\/\/schema.org","@graph":[{"@type":"WebPage","@id":"https:\/\/www.canarie.ca\/fr\/rpki\/","url":"https:\/\/www.canarie.ca\/fr\/rpki\/","name":"RPKI - CANARIE","isPartOf":{"@id":"https:\/\/www.canarie.ca\/#website"},"primaryImageOfPage":{"@id":"https:\/\/www.canarie.ca\/fr\/rpki\/#primaryimage"},"image":{"@id":"https:\/\/www.canarie.ca\/fr\/rpki\/#primaryimage"},"thumbnailUrl":"https:\/\/www.canarie.ca\/wp-content\/uploads\/2023\/06\/RPKI-Fact-Sheet-1.png","datePublished":"2023-06-12T17:39:06+00:00","dateModified":"2023-12-07T18:45:00+00:00","breadcrumb":{"@id":"https:\/\/www.canarie.ca\/fr\/rpki\/#breadcrumb"},"inLanguage":"fr-FR","potentialAction":[{"@type":"ReadAction","target":["https:\/\/www.canarie.ca\/fr\/rpki\/"]}]},{"@type":"ImageObject","inLanguage":"fr-FR","@id":"https:\/\/www.canarie.ca\/fr\/rpki\/#primaryimage","url":"https:\/\/www.canarie.ca\/wp-content\/uploads\/2023\/06\/RPKI-Fact-Sheet-1.png","contentUrl":"https:\/\/www.canarie.ca\/wp-content\/uploads\/2023\/06\/RPKI-Fact-Sheet-1.png","width":966,"height":1250},{"@type":"BreadcrumbList","@id":"https:\/\/www.canarie.ca\/fr\/rpki\/#breadcrumb","itemListElement":[{"@type":"ListItem","position":1,"name":"Accueil","item":"https:\/\/www.canarie.ca\/fr\/"},{"@type":"ListItem","position":2,"name":"RPKI"}]},{"@type":"WebSite","@id":"https:\/\/www.canarie.ca\/#website","url":"https:\/\/www.canarie.ca\/","name":"CANARIE","description":"","potentialAction":[{"@type":"SearchAction","target":{"@type":"EntryPoint","urlTemplate":"https:\/\/www.canarie.ca\/?s={search_term_string}"},"query-input":{"@type":"PropertyValueSpecification","valueRequired":true,"valueName":"search_term_string"}}],"inLanguage":"fr-FR"}]}},"_links":{"self":[{"href":"https:\/\/www.canarie.ca\/fr\/wp-json\/wp\/v2\/pages\/38033","targetHints":{"allow":["GET"]}}],"collection":[{"href":"https:\/\/www.canarie.ca\/fr\/wp-json\/wp\/v2\/pages"}],"about":[{"href":"https:\/\/www.canarie.ca\/fr\/wp-json\/wp\/v2\/types\/page"}],"author":[{"embeddable":true,"href":"https:\/\/www.canarie.ca\/fr\/wp-json\/wp\/v2\/users\/19"}],"replies":[{"embeddable":true,"href":"https:\/\/www.canarie.ca\/fr\/wp-json\/wp\/v2\/comments?post=38033"}],"version-history":[{"count":0,"href":"https:\/\/www.canarie.ca\/fr\/wp-json\/wp\/v2\/pages\/38033\/revisions"}],"wp:featuredmedia":[{"embeddable":true,"href":"https:\/\/www.canarie.ca\/fr\/wp-json\/wp\/v2\/media\/37902"}],"wp:attachment":[{"href":"https:\/\/www.canarie.ca\/fr\/wp-json\/wp\/v2\/media?parent=38033"}],"curies":[{"name":"wp","href":"https:\/\/api.w.org\/{rel}","templated":true}]}}