{"id":3843,"date":"2020-04-20T13:50:18","date_gmt":"2020-04-20T17:50:18","guid":{"rendered":"https:\/\/canarie.machinedev.ca\/a-propos\/media-kit\/"},"modified":"2025-05-12T09:42:31","modified_gmt":"2025-05-12T13:42:31","slug":"trousse-medias","status":"publish","type":"page","link":"https:\/\/www.canarie.ca\/fr\/a-propos\/trousse-medias\/","title":{"rendered":"Trousse pour les m\u00e9dias"},"content":{"rendered":"\n<div style=\"height:42px\" aria-hidden=\"true\" class=\"wp-block-spacer\"><\/div>\n\n\n\n<h1 class=\"wp-block-heading has-text-align-center\">Trousse pour les m\u00e9dias<\/h1>\n\n\n\n<div style=\"height:42px\" aria-hidden=\"true\" class=\"wp-block-spacer\"><\/div>\n\n\n\n<section class=\"section section--text-columns no-background\">\n    <div class=\"grid-container\">\n      <div class=\"grid-x grid-padding-x\">\n        <div class=\"cell\">\n                  \t<h3>\u00c0 propos de CANARIE<\/h3>\n                    <p><span data-contrast=\"none\">CANARIE connecte le Canada au reste de la plan\u00e8te.\u00a0<\/span>Nos programmes conf\u00e8rent aux chercheurs et aux \u00e9tudiants du pays ce dont ils ont besoin pour exceller sur la sc\u00e8ne mondiale.<\/p>\n<p>CANARIE et ses treize partenaires provinciaux et territoriaux forment le R\u00e9seau national de la recherche et de l\u2019\u00e9ducation (RNRE) du Canada, un r\u00e9seau ultrarapide qui connecte les scientifiques et les enseignants entre eux, et leur donne acc\u00e8s \u00e0 leurs homologues, aux donn\u00e9es et aux technologies du monde entier.<\/p>\n<p>Afin de rendre le milieu canadien de la recherche et de l\u2019\u00e9ducation plus s\u00fbr, nous finan\u00e7ons, mettons en \u0153uvre et soutenons des initiatives en cybers\u00e9curit\u00e9 de concert avec nos partenaires du RNRE, le gouvernement, les \u00e9tablissements d\u2019enseignement sup\u00e9rieur et le secteur priv\u00e9. Enfin, nous dispensons des services de gestion des identit\u00e9s au milieu universitaire gr\u00e2ce \u00e0 eduroam, de m\u00eame qu\u2019assurons la gestion des identit\u00e9s et des acc\u00e8s.<\/p>\n<p>Fond\u00e9 en 1993, CANARIE est une soci\u00e9t\u00e9 sans but lucratif principalement financ\u00e9e par le gouvernement du Canada.<\/p>\n                  <\/div>\n      <\/div>\n    <\/div>\n  <\/section>\n\n\n<section class=\"section section--numbers\">\n    <div class=\"grid-container\">\n          \t<h3>CANARIE by the Numbers<\/h3>\n                \t        <div class=\"grid-x grid-padding-x align-center\">\n                      <div class=\"cell medium-6 large-4\">\n                <div class=\"callout-icon-wrapper  \">\n  \t\t\t\t\t        <p class=\"count-number\"><span class=\"count-number-number\" data-stop=\"1\">0<\/span><span class=\"count-number-unit\">million+<\/span><\/p>\n  \t\t\t\t\t          \t                  <div class=\"count-text\"><p><span class=\"TextRun SCXW232669192 BCX0\" lang=\"FR-CA\" xml:lang=\"FR-CA\" data-contrast=\"auto\"><span class=\"NormalTextRun SCXW232669192 BCX0\">nombre de Canadiens connect\u00e9s au\u00a0<\/span><\/span><a class=\"Hyperlink SCXW232669192 BCX0\" href=\"https:\/\/www.canarie.ca\/network\" target=\"_blank\" rel=\"noreferrer noopener\"><span class=\"TextRun Highlight Underlined SCXW232669192 BCX0\" lang=\"FR-CA\" xml:lang=\"FR-CA\" data-contrast=\"none\"><span class=\"NormalTextRun SCXW232669192 BCX0\" data-ccp-charstyle=\"Hyperlink\">r\u00e9seau<\/span><\/span><\/a><span class=\"TextRun Underlined SCXW232669192 BCX0\" lang=\"FR-CA\" xml:lang=\"FR-CA\" data-contrast=\"none\"><span class=\"NormalTextRun SCXW232669192 BCX0\" data-ccp-charstyle=\"Hyperlink\">\u00a0<\/span><\/span><span class=\"TextRun Underlined SCXW232669192 BCX0\" lang=\"FR-CA\" xml:lang=\"FR-CA\" data-contrast=\"none\"><span class=\"NormalTextRun SCXW232669192 BCX0\" data-ccp-charstyle=\"Hyperlink\">CANARIE <a href=\"https:\/\/www.canarie.ca\/fr\/rne\/connexions\/\">par le truchement de leur universit\u00e9, coll\u00e8ge, \u00e9cole ou installation de recherche<\/a><\/span><\/span><span class=\"EOP SCXW232669192 BCX0\" data-ccp-props=\"{&quot;201341983&quot;:0,&quot;335559685&quot;:720,&quot;335559739&quot;:160,&quot;335559740&quot;:276}\">\u00a0<\/span><\/p>\n<\/div>\n  \t                                  <\/div>\n                <\/div>\n                        <div class=\"cell medium-6 large-4\">\n                <div class=\"callout-icon-wrapper  \">\n  \t\t\t\t\t        <p class=\"count-number\"><span class=\"count-number-number\" data-stop=\"655650\">0<\/span><\/p>\n  \t\t\t\t\t          \t                  <div class=\"count-text\"><p><span class=\"TextRun SCXW210740572 BCX0\" lang=\"FR-CA\" xml:lang=\"FR-CA\" data-contrast=\"auto\"><span class=\"NormalTextRun SCXW210740572 BCX0\">nombre de t\u00e9raoctets qui ont\u00a0<\/span><\/span><span class=\"TextRun SCXW210740572 BCX0\" lang=\"FR-CA\" xml:lang=\"FR-CA\" data-contrast=\"auto\"><span class=\"NormalTextRun SCXW210740572 BCX0\">transit\u00e9 par\u00a0<\/span><\/span><span class=\"TextRun SCXW210740572 BCX0\" lang=\"FR-CA\" xml:lang=\"FR-CA\" data-contrast=\"auto\"><span class=\"NormalTextRun SCXW210740572 BCX0\">le r\u00e9seau<\/span><\/span><span class=\"TextRun SCXW210740572 BCX0\" lang=\"FR-CA\" xml:lang=\"FR-CA\" data-contrast=\"auto\"><span class=\"NormalTextRun SCXW210740572 BCX0\">\u00a0CANARIE\u00a0<\/span><\/span><span class=\"TextRun SCXW210740572 BCX0\" lang=\"FR-CA\" xml:lang=\"FR-CA\" data-contrast=\"auto\"><span class=\"NormalTextRun SCXW210740572 BCX0\">en\u00a0<\/span><\/span><span class=\"TextRun SCXW210740572 BCX0\" lang=\"FR-CA\" xml:lang=\"FR-CA\" data-contrast=\"auto\"><span class=\"NormalTextRun SCXW210740572 BCX0\">2024-<\/span><\/span><span class=\"TextRun SCXW210740572 BCX0\" lang=\"FR-CA\" xml:lang=\"FR-CA\" data-contrast=\"auto\"><span class=\"NormalTextRun SCXW210740572 BCX0\">20<\/span><\/span><span class=\"TextRun SCXW210740572 BCX0\" lang=\"FR-CA\" xml:lang=\"FR-CA\" data-contrast=\"auto\"><span class=\"NormalTextRun SCXW210740572 BCX0\">25<\/span><\/span><\/p>\n<\/div>\n  \t                                  <\/div>\n                <\/div>\n                        <div class=\"cell medium-6 large-4\">\n                <div class=\"callout-icon-wrapper  \">\n  \t\t\t\t\t        <p class=\"count-number\"><span class=\"count-number-number\" data-stop=\"40000\">0<\/span><span class=\"count-number-unit\">km<\/span><\/p>\n  \t\t\t\t\t          \t                  <div class=\"count-text\"><p><span class=\"TextRun SCXW12681529 BCX0\" lang=\"FR-CA\" xml:lang=\"FR-CA\" data-contrast=\"auto\"><span class=\"NormalTextRun SCXW12681529 BCX0\">longueur du r\u00e9seau\u00a0<\/span><\/span><span class=\"TextRun SCXW12681529 BCX0\" lang=\"FR-CA\" xml:lang=\"FR-CA\" data-contrast=\"auto\"><span class=\"NormalTextRun SCXW12681529 BCX0\">pancanadien\u00a0<\/span><\/span><span class=\"TextRun SCXW12681529 BCX0\" lang=\"FR-CA\" xml:lang=\"FR-CA\" data-contrast=\"auto\"><span class=\"NormalTextRun SCXW12681529 BCX0\">ultrarapide de la recherche et de l\u2019\u00e9ducation de\u00a0<\/span><\/span><span class=\"TextRun SCXW12681529 BCX0\" lang=\"FR-CA\" xml:lang=\"FR-CA\" data-contrast=\"auto\"><span class=\"NormalTextRun SCXW12681529 BCX0\">CANARIE<\/span><\/span><span class=\"EOP SCXW12681529 BCX0\" data-ccp-props=\"{&quot;201341983&quot;:0,&quot;335559685&quot;:720,&quot;335559739&quot;:160,&quot;335559740&quot;:276}\">\u00a0<\/span><\/p>\n<\/div>\n  \t                                  <\/div>\n                <\/div>\n                        <div class=\"cell medium-6 large-4\">\n                <div class=\"callout-icon-wrapper  \">\n  \t\t\t\t\t        <p class=\"count-number\"><span class=\"count-number-unit-before\">Nearly<\/span><span class=\"count-number-number\" data-stop=\"154\">0<\/span><\/p>\n  \t\t\t\t\t          \t                  <div class=\"count-text\"><p><span class=\"TextRun SCXW200643764 BCX0\" lang=\"FR-CA\" xml:lang=\"FR-CA\" data-contrast=\"auto\"><span class=\"NormalTextRun SCXW200643764 BCX0\">\u00e9tablissements d\u2019enseignement sup\u00e9rieur du Canada qui adh\u00e8rent \u00e0 la\u00a0<\/span><\/span><a class=\"Hyperlink SCXW200643764 BCX0\" href=\"https:\/\/www.canarie.ca\/identity\" target=\"_blank\" rel=\"noreferrer noopener\"><span class=\"TextRun Highlight Underlined SCXW200643764 BCX0\" lang=\"FR-CA\" xml:lang=\"FR-CA\" data-contrast=\"none\"><span class=\"NormalTextRun SCXW200643764 BCX0\" data-ccp-charstyle=\"Hyperlink\">F\u00e9d\u00e9ration canadienne d\u2019acc\u00e8s<\/span><\/span><\/a><span class=\"TextRun Highlight SCXW200643764 BCX0\" lang=\"FR-CA\" xml:lang=\"FR-CA\" data-contrast=\"auto\"><span class=\"NormalTextRun SCXW200643764 BCX0\">\u00a0(<\/span><\/span><span class=\"TextRun Highlight SCXW200643764 BCX0\" lang=\"FR-CA\" xml:lang=\"FR-CA\" data-contrast=\"auto\"><span class=\"NormalTextRun SCXW200643764 BCX0\">F<\/span><\/span><span class=\"TextRun Highlight SCXW200643764 BCX0\" lang=\"FR-CA\" xml:lang=\"FR-CA\" data-contrast=\"auto\"><span class=\"NormalTextRun SCXW200643764 BCX0\">CA)<\/span><\/span><span class=\"EOP SCXW200643764 BCX0\" data-ccp-props=\"{&quot;201341983&quot;:0,&quot;335559685&quot;:720,&quot;335559739&quot;:160,&quot;335559740&quot;:276}\">\u00a0<\/span><\/p>\n<\/div>\n  \t                                  <\/div>\n                <\/div>\n                        <div class=\"cell medium-6 large-4\">\n                <div class=\"callout-icon-wrapper  \">\n  \t\t\t\t\t        <p class=\"count-number\"><span class=\"count-number-number\" data-stop=\"481\">0<\/span><span class=\"count-number-unit\">millions et+<\/span><\/p>\n  \t\t\t\t\t          \t                  <div class=\"count-text\"><p><span class=\"TextRun SCXW215534018 BCX0\" lang=\"FR-CA\" xml:lang=\"FR-CA\" data-contrast=\"auto\"><span class=\"NormalTextRun SCXW215534018 BCX0\">nombre de connexions \u00e0\u00a0<\/span><\/span><a class=\"Hyperlink SCXW215534018 BCX0\" href=\"https:\/\/www.canarie.ca\/identity\/eduroam\" target=\"_blank\" rel=\"noreferrer noopener\"><span class=\"TextRun Highlight Underlined SCXW215534018 BCX0\" lang=\"FR-CA\" xml:lang=\"FR-CA\" data-contrast=\"none\"><span class=\"NormalTextRun SCXW215534018 BCX0\" data-ccp-charstyle=\"Hyperlink\">eduroam<\/span><\/span><\/a><span class=\"TextRun SCXW215534018 BCX0\" lang=\"FR-CA\" xml:lang=\"FR-CA\" data-contrast=\"auto\"><span class=\"NormalTextRun SCXW215534018 BCX0\">\u00a0<\/span><\/span><span class=\"TextRun SCXW215534018 BCX0\" lang=\"FR-CA\" xml:lang=\"FR-CA\" data-contrast=\"auto\"><span class=\"NormalTextRun ContextualSpellingAndGrammarErrorV2 SCXW215534018 BCX0\">g\u00e9r\u00e9es<\/span><span class=\"NormalTextRun SCXW215534018 BCX0\">\u00a0annuellement par\u00a0<\/span><\/span><span class=\"TextRun SCXW215534018 BCX0\" lang=\"FR-CA\" xml:lang=\"FR-CA\" data-contrast=\"auto\"><span class=\"NormalTextRun SCXW215534018 BCX0\">CANARIE,\u00a0<\/span><\/span><span class=\"TextRun SCXW215534018 BCX0\" lang=\"FR-CA\" xml:lang=\"FR-CA\" data-contrast=\"auto\"><span class=\"NormalTextRun SCXW215534018 BCX0\">gr\u00e2ce auxquelles les \u00e9tudiants et les enseignants\u00a0<\/span><\/span><span class=\"TextRun SCXW215534018 BCX0\" lang=\"FR-CA\" xml:lang=\"FR-CA\" data-contrast=\"auto\"><span class=\"NormalTextRun SCXW215534018 BCX0\">enrichissent leurs connaissances<\/span><\/span><span class=\"TextRun SCXW215534018 BCX0\" lang=\"FR-CA\" xml:lang=\"FR-CA\" data-contrast=\"auto\"><span class=\"NormalTextRun SCXW215534018 BCX0\">, collabore<\/span><\/span><span class=\"TextRun SCXW215534018 BCX0\" lang=\"FR-CA\" xml:lang=\"FR-CA\" data-contrast=\"auto\"><span class=\"NormalTextRun SCXW215534018 BCX0\">nt<\/span><\/span><span class=\"TextRun SCXW215534018 BCX0\" lang=\"FR-CA\" xml:lang=\"FR-CA\" data-contrast=\"auto\"><span class=\"NormalTextRun SCXW215534018 BCX0\">\u00a0et effectue<\/span><\/span><span class=\"TextRun SCXW215534018 BCX0\" lang=\"FR-CA\" xml:lang=\"FR-CA\" data-contrast=\"auto\"><span class=\"NormalTextRun SCXW215534018 BCX0\">nt<\/span><\/span><span class=\"TextRun SCXW215534018 BCX0\" lang=\"FR-CA\" xml:lang=\"FR-CA\" data-contrast=\"auto\"><span class=\"NormalTextRun SCXW215534018 BCX0\">\u00a0des recherches partout o\u00f9 ils\u00a0<\/span><\/span><span class=\"TextRun SCXW215534018 BCX0\" lang=\"FR-CA\" xml:lang=\"FR-CA\" data-contrast=\"auto\"><span class=\"NormalTextRun SCXW215534018 BCX0\">le d\u00e9sirent<\/span><\/span><span class=\"EOP SCXW215534018 BCX0\" data-ccp-props=\"{&quot;201341983&quot;:0,&quot;335559685&quot;:720,&quot;335559739&quot;:160,&quot;335559740&quot;:276}\">\u00a0<\/span><\/p>\n<\/div>\n  \t                                  <\/div>\n                <\/div>\n                        <div class=\"cell medium-6 large-4\">\n                <div class=\"callout-icon-wrapper  \">\n  \t\t\t\t\t        <p class=\"count-number\"><span class=\"count-number-number\" data-stop=\"70\">0<\/span><span class=\"count-number-unit\">%<\/span><\/p>\n  \t\t\t\t\t          \t                  <div class=\"count-text\"><p><span class=\"TextRun SCXW97038626 BCX0\" lang=\"FR-CA\" xml:lang=\"FR-CA\" data-contrast=\"auto\"><span class=\"NormalTextRun SCXW97038626 BCX0\">hausse du\u00a0<\/span><\/span><span class=\"TextRun SCXW97038626 BCX0\" lang=\"FR-CA\" xml:lang=\"FR-CA\" data-contrast=\"auto\"><span class=\"NormalTextRun SCXW97038626 BCX0\">volume du\u00a0<\/span><\/span><span class=\"TextRun SCXW97038626 BCX0\" lang=\"FR-CA\" xml:lang=\"FR-CA\" data-contrast=\"auto\"><span class=\"NormalTextRun SCXW97038626 BCX0\">trafic sur le\u00a0<\/span><\/span><a href=\"https:\/\/www.canarie.ca\/fr\/reseau\/\"><span class=\"TextRun Highlight SCXW97038626 BCX0\" lang=\"FR-CA\" xml:lang=\"FR-CA\" data-contrast=\"auto\"><span class=\"NormalTextRun SCXW97038626 BCX0\">r\u00e9seau<\/span><\/span><span class=\"TextRun SCXW97038626 BCX0\" lang=\"FR-CA\" xml:lang=\"FR-CA\" data-contrast=\"auto\"><span class=\"NormalTextRun SCXW97038626 BCX0\">\u00a0<\/span><\/span><\/a><span class=\"TextRun SCXW97038626 BCX0\" lang=\"FR-CA\" xml:lang=\"FR-CA\" data-contrast=\"auto\"><span class=\"NormalTextRun SCXW97038626 BCX0\">CANARIE entre\u00a0<\/span><\/span><span class=\"TextRun SCXW97038626 BCX0\" lang=\"FR-CA\" xml:lang=\"FR-CA\" data-contrast=\"auto\"><span class=\"NormalTextRun SCXW97038626 BCX0\">2019 <\/span><\/span><span class=\"TextRun SCXW97038626 BCX0\" lang=\"FR-CA\" xml:lang=\"FR-CA\" data-contrast=\"auto\"><span class=\"NormalTextRun SCXW97038626 BCX0\">et\u00a0<\/span><\/span><span class=\"TextRun SCXW97038626 BCX0\" lang=\"FR-CA\" xml:lang=\"FR-CA\" data-contrast=\"auto\"><span class=\"NormalTextRun SCXW97038626 BCX0\">2024<\/span><\/span><\/p>\n<\/div>\n  \t                                  <\/div>\n                <\/div>\n                    <\/div>\n              <\/div>\n    <\/div>\n  <\/section>\n\n\n\n<section class=\"section section--text-columns no-background\">\n    <div class=\"grid-container\">\n      <div class=\"grid-x grid-padding-x\">\n        <div class=\"cell\">\n                  \t<h3>\u00c0 la t\u00eate de CANARIE<\/h3>\n                    <p>Lire la biographies des membres de <a href=\"https:\/\/www.canarie.ca\/fr\/a-propos\/equipe-direction\/\">l\u2019\u00e9quipe de direction<\/a> et du <a href=\"https:\/\/www.canarie.ca\/fr\/a-propos\/conseil\/\">conseil d\u2019administration<\/a> de CANARIE.<\/p>\n                  <\/div>\n      <\/div>\n    <\/div>\n  <\/section>\n\n\n<section class=\"section section--image-columns\">\n  <div class=\"grid-container simple-fade\">\n          <h2>Cartes du r\u00e9seau<\/h2>\n                    <div class=\"grid-x grid-padding-x align-center\">\n                      <div class=\"cell medium-6\">\n                                  <h3>Le r\u00e9seau CANARIE<\/h3>\n                                                <a href=\"https:\/\/www.canarie.ca\/wp-content\/uploads\/2023\/11\/Network-Map-11-23-hires.png\" target=\"_blank\">\n                  <img decoding=\"async\" src=\"https:\/\/www.canarie.ca\/wp-content\/uploads\/2023\/11\/Network-Map-11-23-hires.png\" alt=\"\">\n                <\/a>\n                                              <\/div>\n                            <div class=\"cell medium-6\">\n                                  <h3>Le R\u00e9seau national de la recherche et de l\u2019\u00e9ducation<\/h3>\n                                                <a href=\"https:\/\/www.canarie.ca\/wp-content\/uploads\/2024\/09\/Network-Map-NREN-logos-only.png\" target=\"_blank\">\n                  <img decoding=\"async\" src=\"https:\/\/www.canarie.ca\/wp-content\/uploads\/2024\/09\/Network-Map-NREN-logos-only.png\" alt=\"\">\n                <\/a>\n                                              <\/div>\n                        <\/div>\n            <\/div>\n<\/section>\n\n\n\n\n<section class=\"section section--image-columns\">\n  <div class=\"grid-container simple-fade\">\n          <h2>Logo<\/h2>\n              <div class=\"image-columns-content\"><p><em>L\u2019usage du logo de CANARIE doit d\u2019abord \u00eatre approuv\u00e9 par la personne servant de contact avec les m\u00e9dias et doit respecter le guide de style de l\u2019organisation.<\/em><\/p>\n<\/div>\n                <div class=\"grid-x grid-padding-x align-center\">\n                      <div class=\"cell medium-6\">\n                                  <h3>En couleur, vertical<\/h3>\n                                                <a href=\"https:\/\/www.canarie.ca\/wp-content\/uploads\/2021\/01\/CANARIE_v-300x254-1-e1611246778314.png\" target=\"_blank\">\n                  <img decoding=\"async\" src=\"https:\/\/www.canarie.ca\/wp-content\/uploads\/2021\/01\/CANARIE_v-300x254-1-e1611246778314.png\" alt=\"\">\n                <\/a>\n                                                  <p><a href=\"https:\/\/www.canarie.ca\/wp-content\/uploads\/2021\/03\/CANARIE_v-500.jpg\">T\u00e9l\u00e9charger le fichier JPG<\/a><\/p>\n<p><a href=\"https:\/\/www.canarie.ca\/wp-content\/uploads\/2021\/03\/CANARIE_v-500.png\">T\u00e9l\u00e9charger le fichier PNG<\/a><\/p>\n<p><a href=\"https:\/\/www.canarie.ca\/wp-content\/uploads\/2021\/01\/CANARIE_v-1.eps\">T\u00e9l\u00e9charger le fichier EPS<\/a><\/p>\n                              <\/div>\n                            <div class=\"cell medium-6\">\n                                  <h3>En couleur, horizontal<\/h3>\n                                                <a href=\"https:\/\/www.canarie.ca\/wp-content\/uploads\/2021\/01\/CANARIE_h-300x96-1.jpg\" target=\"_blank\">\n                  <img decoding=\"async\" src=\"https:\/\/www.canarie.ca\/wp-content\/uploads\/2021\/01\/CANARIE_h-300x96-1.jpg\" alt=\"\">\n                <\/a>\n                                                  <p><a href=\"https:\/\/www.canarie.ca\/wp-content\/uploads\/2021\/01\/CANARIE_h.jpg\">T\u00e9l\u00e9charger le fichier JPG<\/a><\/p>\n<p><a href=\"https:\/\/www.canarie.ca\/wp-content\/uploads\/2021\/03\/CANARIE_h_700.png\">T\u00e9l\u00e9charger le fichier PNG<\/a><\/p>\n<p><a href=\"https:\/\/www.canarie.ca\/wp-content\/uploads\/2021\/03\/CANARIE_h.eps\">T\u00e9l\u00e9charger le fichier EPS<\/a><\/p>\n                              <\/div>\n                        <\/div>\n            <\/div>\n<\/section>\n\n\n\n\n<section class=\"section section--image-columns\">\n  <div class=\"grid-container simple-fade\">\n                    <div class=\"grid-x grid-padding-x align-center\">\n                      <div class=\"cell medium-6\">\n                                  <h3>En couleur, texte blanc, vertical<\/h3>\n                                                <a href=\"https:\/\/www.canarie.ca\/wp-content\/uploads\/2021\/01\/canarie_logo_background.png\" target=\"_blank\">\n                  <img decoding=\"async\" src=\"https:\/\/www.canarie.ca\/wp-content\/uploads\/2021\/01\/canarie_logo_background.png\" alt=\"\">\n                <\/a>\n                                                  <p><a href=\"https:\/\/www.canarie.ca\/wp-content\/uploads\/2021\/03\/CANARIE_v_white-500.png\">T\u00e9l\u00e9charger le fichier PNG<\/a><\/p>\n<p><a href=\"https:\/\/www.canarie.ca\/wp-content\/uploads\/2021\/03\/CANARIE_v_white.eps\">T\u00e9l\u00e9charger le fichier EPS<\/a><\/p>\n                              <\/div>\n                            <div class=\"cell medium-6\">\n                                  <h3>En couleur, texte blanc, horizonta<\/h3>\n                                                <a href=\"https:\/\/www.canarie.ca\/wp-content\/uploads\/2021\/01\/canarie_logo_background_wide.png\" target=\"_blank\">\n                  <img decoding=\"async\" src=\"https:\/\/www.canarie.ca\/wp-content\/uploads\/2021\/01\/canarie_logo_background_wide.png\" alt=\"\">\n                <\/a>\n                                                  <p><a href=\"https:\/\/www.canarie.ca\/wp-content\/uploads\/2021\/03\/CANARIE_h_white_700.png\">T\u00e9l\u00e9charger le fichier PNG<\/a><\/p>\n<p><a href=\"https:\/\/www.canarie.ca\/wp-content\/uploads\/2021\/03\/CANARIE_h_white.eps\">T\u00e9l\u00e9charger le fichier EPS<\/a><\/p>\n                              <\/div>\n                        <\/div>\n            <\/div>\n<\/section>\n\n\n\n\n<h3 class=\"wp-block-heading has-red-color has-text-color\">Contact avec les m\u00e9dias<\/h3>\n\n\n\n<p><strong>Lesley McElroy<\/strong> <strong>| Directrice des communications<\/strong><br>lesley.mcelroy [at] canarie.ca<\/p>\n","protected":false},"excerpt":{"rendered":"<p>Trousse pour les m\u00e9dias Contact avec les m\u00e9dias Lesley McElroy | Directrice des communicationslesley.mcelroy [at] canarie.ca<\/p>\n","protected":false},"author":4,"featured_media":0,"parent":2708,"menu_order":0,"comment_status":"closed","ping_status":"closed","template":"","meta":{"_acf_changed":false,"footnotes":""},"class_list":["post-3843","page","type-page","status-publish","hentry"],"acf":[],"yoast_head":"<!-- This site is optimized with the Yoast SEO plugin v27.4 - https:\/\/yoast.com\/product\/yoast-seo-wordpress\/ -->\n<title>Trousse pour les m\u00e9dias - CANARIE<\/title>\n<meta name=\"robots\" content=\"index, follow, max-snippet:-1, max-image-preview:large, max-video-preview:-1\" \/>\n<link rel=\"canonical\" href=\"https:\/\/www.canarie.ca\/fr\/a-propos\/trousse-medias\/\" \/>\n<meta property=\"og:locale\" content=\"fr_FR\" \/>\n<meta property=\"og:type\" content=\"article\" \/>\n<meta property=\"og:title\" content=\"Trousse pour les m\u00e9dias - CANARIE\" \/>\n<meta property=\"og:description\" content=\"Trousse pour les m\u00e9dias Contact avec les m\u00e9dias Lesley McElroy | Directrice des communicationslesley.mcelroy [at] canarie.ca\" \/>\n<meta property=\"og:url\" content=\"https:\/\/www.canarie.ca\/fr\/a-propos\/trousse-medias\/\" \/>\n<meta property=\"og:site_name\" content=\"CANARIE\" \/>\n<meta property=\"article:modified_time\" content=\"2025-05-12T13:42:31+00:00\" \/>\n<meta name=\"twitter:card\" content=\"summary_large_image\" \/>\n<script type=\"application\/ld+json\" class=\"yoast-schema-graph\">{\"@context\":\"https:\\\/\\\/schema.org\",\"@graph\":[{\"@type\":\"WebPage\",\"@id\":\"https:\\\/\\\/www.canarie.ca\\\/fr\\\/a-propos\\\/trousse-medias\\\/\",\"url\":\"https:\\\/\\\/www.canarie.ca\\\/fr\\\/a-propos\\\/trousse-medias\\\/\",\"name\":\"Trousse pour les m\u00e9dias - CANARIE\",\"isPartOf\":{\"@id\":\"https:\\\/\\\/www.canarie.ca\\\/#website\"},\"datePublished\":\"2020-04-20T17:50:18+00:00\",\"dateModified\":\"2025-05-12T13:42:31+00:00\",\"breadcrumb\":{\"@id\":\"https:\\\/\\\/www.canarie.ca\\\/fr\\\/a-propos\\\/trousse-medias\\\/#breadcrumb\"},\"inLanguage\":\"fr-FR\",\"potentialAction\":[{\"@type\":\"ReadAction\",\"target\":[\"https:\\\/\\\/www.canarie.ca\\\/fr\\\/a-propos\\\/trousse-medias\\\/\"]}]},{\"@type\":\"BreadcrumbList\",\"@id\":\"https:\\\/\\\/www.canarie.ca\\\/fr\\\/a-propos\\\/trousse-medias\\\/#breadcrumb\",\"itemListElement\":[{\"@type\":\"ListItem\",\"position\":1,\"name\":\"Accueil\",\"item\":\"https:\\\/\\\/www.canarie.ca\\\/fr\\\/\"},{\"@type\":\"ListItem\",\"position\":2,\"name\":\"\u00c0 propos\",\"item\":\"https:\\\/\\\/www.canarie.ca\\\/fr\\\/a-propos\\\/\"},{\"@type\":\"ListItem\",\"position\":3,\"name\":\"Trousse pour les m\u00e9dias\"}]},{\"@type\":\"WebSite\",\"@id\":\"https:\\\/\\\/www.canarie.ca\\\/#website\",\"url\":\"https:\\\/\\\/www.canarie.ca\\\/\",\"name\":\"CANARIE\",\"description\":\"\",\"potentialAction\":[{\"@type\":\"SearchAction\",\"target\":{\"@type\":\"EntryPoint\",\"urlTemplate\":\"https:\\\/\\\/www.canarie.ca\\\/?s={search_term_string}\"},\"query-input\":{\"@type\":\"PropertyValueSpecification\",\"valueRequired\":true,\"valueName\":\"search_term_string\"}}],\"inLanguage\":\"fr-FR\"}]}<\/script>\n<!-- \/ Yoast SEO plugin. -->","yoast_head_json":{"title":"Trousse pour les m\u00e9dias - CANARIE","robots":{"index":"index","follow":"follow","max-snippet":"max-snippet:-1","max-image-preview":"max-image-preview:large","max-video-preview":"max-video-preview:-1"},"canonical":"https:\/\/www.canarie.ca\/fr\/a-propos\/trousse-medias\/","og_locale":"fr_FR","og_type":"article","og_title":"Trousse pour les m\u00e9dias - CANARIE","og_description":"Trousse pour les m\u00e9dias Contact avec les m\u00e9dias Lesley McElroy | Directrice des communicationslesley.mcelroy [at] canarie.ca","og_url":"https:\/\/www.canarie.ca\/fr\/a-propos\/trousse-medias\/","og_site_name":"CANARIE","article_modified_time":"2025-05-12T13:42:31+00:00","twitter_card":"summary_large_image","schema":{"@context":"https:\/\/schema.org","@graph":[{"@type":"WebPage","@id":"https:\/\/www.canarie.ca\/fr\/a-propos\/trousse-medias\/","url":"https:\/\/www.canarie.ca\/fr\/a-propos\/trousse-medias\/","name":"Trousse pour les m\u00e9dias - CANARIE","isPartOf":{"@id":"https:\/\/www.canarie.ca\/#website"},"datePublished":"2020-04-20T17:50:18+00:00","dateModified":"2025-05-12T13:42:31+00:00","breadcrumb":{"@id":"https:\/\/www.canarie.ca\/fr\/a-propos\/trousse-medias\/#breadcrumb"},"inLanguage":"fr-FR","potentialAction":[{"@type":"ReadAction","target":["https:\/\/www.canarie.ca\/fr\/a-propos\/trousse-medias\/"]}]},{"@type":"BreadcrumbList","@id":"https:\/\/www.canarie.ca\/fr\/a-propos\/trousse-medias\/#breadcrumb","itemListElement":[{"@type":"ListItem","position":1,"name":"Accueil","item":"https:\/\/www.canarie.ca\/fr\/"},{"@type":"ListItem","position":2,"name":"\u00c0 propos","item":"https:\/\/www.canarie.ca\/fr\/a-propos\/"},{"@type":"ListItem","position":3,"name":"Trousse pour les m\u00e9dias"}]},{"@type":"WebSite","@id":"https:\/\/www.canarie.ca\/#website","url":"https:\/\/www.canarie.ca\/","name":"CANARIE","description":"","potentialAction":[{"@type":"SearchAction","target":{"@type":"EntryPoint","urlTemplate":"https:\/\/www.canarie.ca\/?s={search_term_string}"},"query-input":{"@type":"PropertyValueSpecification","valueRequired":true,"valueName":"search_term_string"}}],"inLanguage":"fr-FR"}]}},"_links":{"self":[{"href":"https:\/\/www.canarie.ca\/fr\/wp-json\/wp\/v2\/pages\/3843","targetHints":{"allow":["GET"]}}],"collection":[{"href":"https:\/\/www.canarie.ca\/fr\/wp-json\/wp\/v2\/pages"}],"about":[{"href":"https:\/\/www.canarie.ca\/fr\/wp-json\/wp\/v2\/types\/page"}],"author":[{"embeddable":true,"href":"https:\/\/www.canarie.ca\/fr\/wp-json\/wp\/v2\/users\/4"}],"replies":[{"embeddable":true,"href":"https:\/\/www.canarie.ca\/fr\/wp-json\/wp\/v2\/comments?post=3843"}],"version-history":[{"count":7,"href":"https:\/\/www.canarie.ca\/fr\/wp-json\/wp\/v2\/pages\/3843\/revisions"}],"predecessor-version":[{"id":45698,"href":"https:\/\/www.canarie.ca\/fr\/wp-json\/wp\/v2\/pages\/3843\/revisions\/45698"}],"up":[{"embeddable":true,"href":"https:\/\/www.canarie.ca\/fr\/wp-json\/wp\/v2\/pages\/2708"}],"wp:attachment":[{"href":"https:\/\/www.canarie.ca\/fr\/wp-json\/wp\/v2\/media?parent=3843"}],"curies":[{"name":"wp","href":"https:\/\/api.w.org\/{rel}","templated":true}]}}