{"id":42490,"date":"2024-03-18T13:34:25","date_gmt":"2024-03-18T17:34:25","guid":{"rendered":"https:\/\/www.canarie.ca\/?page_id=42490"},"modified":"2024-03-18T14:40:32","modified_gmt":"2024-03-18T18:40:32","slug":"sdi-portail","status":"publish","type":"page","link":"https:\/\/www.canarie.ca\/fr\/sdi-portail\/","title":{"rendered":"Syst\u00e8me de d\u00e9tection des intrusions (SDI) Portail"},"content":{"rendered":"\n<h1 class=\"wp-block-heading\">Syst\u00e8me de d\u00e9tection des intrusions (SDI) Portail<\/h1>\n\n\n\n<section class=\"section section--callouts icon-callouts  alignfull  no-background\">\n  <div class=\"grid-container simple-fade\">\n\t            <div class=\"grid-x grid-padding-x align-center\">\n                      <div class=\"cell medium-4\">\n                <div class=\"callout-icon-wrapper has-link grey \">\n\t\t\t\t\t\t\t\t\t\t  <img decoding=\"async\" src=\"https:\/\/www.canarie.ca\/wp-content\/uploads\/2024\/02\/login.png\" class=\"left\" alt=\"\">\n\t\t\t\t    \t\t\t\t\t\t                  <h2 class=\"text-left\">Ouverture d\u2019une s\u00e9ance<\/h2>\n\t                \t\t\t\t\t\t\t\t\t\t\t                \t<a class=\"abs-link\" href=\"https:\/\/canarie.sharepoint.com\/sites\/IDSPortal\/SitePages\/fr\/DepartmentHome.aspx\" target=\"_blank\"><\/a>\n\t                                <\/div>\n              <\/div>\n                            <div class=\"cell medium-4\">\n                <div class=\"callout-icon-wrapper has-link grey \">\n\t\t\t\t\t\t\t\t\t\t  <img decoding=\"async\" src=\"https:\/\/www.canarie.ca\/wp-content\/uploads\/2024\/02\/register.png\" class=\"left\" alt=\"\">\n\t\t\t\t    \t\t\t\t\t\t                  <h2 class=\"text-left\">Vous n\u2019avez pas de compte? Cr\u00e9ez-en un ici.<\/h2>\n\t                \t\t\t\t\t\t\t\t\t\t\t                \t<a class=\"abs-link\" href=\"https:\/\/forms.office.com\/r\/tM24BWhczS\" target=\"_blank\"><\/a>\n\t                                <\/div>\n              <\/div>\n                        <\/div>\n            <\/div>\n<\/section>\n\n\n\n<h2 class=\"wp-block-heading\">Contacts de l\u2019\u00e9quipe de l\u2019initiative SDI<\/h2>\n\n\n\n<h3 class=\"wp-block-heading\">\u200b\u200bNous sommes l\u00e0 pour vous aider.<br>Veuillez contacter notre \u00e9quipe en utilisant les adresses courriels ci-dessous :<\/h3>\n\n\n\n<ul class=\"wp-block-list\">\n<li><strong>\u200bQuestions g\u00e9n\u00e9rales au sujet de l\u2019Initiative SDI, demandes et soutien du portail de ressources :<\/strong> <a href=\"mailto:cip@canarie.ca\">cip@canarie.ca<\/a><\/li>\n\n\n\n<li><strong>Questions techniques de l\u2019Initiative SDI :<\/strong> <a href=\"mailto:idstech@canarie.ca\">idstech@canarie.ca<\/a><\/li>\n<\/ul>\n\n\n\n<div style=\"height:200px\" aria-hidden=\"true\" class=\"wp-block-spacer\"><\/div>\n","protected":false},"excerpt":{"rendered":"<p>Syst\u00e8me de d\u00e9tection des intrusions (SDI) Portail Contacts de l\u2019\u00e9quipe de l\u2019initiative SDI \u200b\u200bNous sommes l\u00e0 pour vous aider.Veuillez contacter [&hellip;]<\/p>\n","protected":false},"author":19,"featured_media":0,"parent":0,"menu_order":0,"comment_status":"closed","ping_status":"closed","template":"","meta":{"_acf_changed":false,"footnotes":""},"class_list":["post-42490","page","type-page","status-publish","hentry"],"acf":[],"yoast_head":"<!-- This site is optimized with the Yoast SEO plugin v27.4 - https:\/\/yoast.com\/product\/yoast-seo-wordpress\/ -->\n<title>Syst\u00e8me de d\u00e9tection des intrusions (SDI) Portail - CANARIE<\/title>\n<meta name=\"robots\" content=\"index, follow, max-snippet:-1, max-image-preview:large, max-video-preview:-1\" \/>\n<link rel=\"canonical\" href=\"https:\/\/www.canarie.ca\/fr\/sdi-portail\/\" \/>\n<meta property=\"og:locale\" content=\"fr_FR\" \/>\n<meta property=\"og:type\" content=\"article\" \/>\n<meta property=\"og:title\" content=\"Syst\u00e8me de d\u00e9tection des intrusions (SDI) Portail - CANARIE\" \/>\n<meta property=\"og:description\" content=\"Syst\u00e8me de d\u00e9tection des intrusions (SDI) Portail Contacts de l\u2019\u00e9quipe de l\u2019initiative SDI \u200b\u200bNous sommes l\u00e0 pour vous aider.Veuillez contacter [&hellip;]\" \/>\n<meta property=\"og:url\" content=\"https:\/\/www.canarie.ca\/fr\/sdi-portail\/\" \/>\n<meta property=\"og:site_name\" content=\"CANARIE\" \/>\n<meta property=\"article:modified_time\" content=\"2024-03-18T18:40:32+00:00\" \/>\n<meta name=\"twitter:card\" content=\"summary_large_image\" \/>\n<script type=\"application\/ld+json\" class=\"yoast-schema-graph\">{\"@context\":\"https:\\\/\\\/schema.org\",\"@graph\":[{\"@type\":\"WebPage\",\"@id\":\"https:\\\/\\\/www.canarie.ca\\\/fr\\\/sdi-portail\\\/\",\"url\":\"https:\\\/\\\/www.canarie.ca\\\/fr\\\/sdi-portail\\\/\",\"name\":\"Syst\u00e8me de d\u00e9tection des intrusions (SDI) Portail - CANARIE\",\"isPartOf\":{\"@id\":\"https:\\\/\\\/www.canarie.ca\\\/#website\"},\"datePublished\":\"2024-03-18T17:34:25+00:00\",\"dateModified\":\"2024-03-18T18:40:32+00:00\",\"breadcrumb\":{\"@id\":\"https:\\\/\\\/www.canarie.ca\\\/fr\\\/sdi-portail\\\/#breadcrumb\"},\"inLanguage\":\"fr-FR\",\"potentialAction\":[{\"@type\":\"ReadAction\",\"target\":[\"https:\\\/\\\/www.canarie.ca\\\/fr\\\/sdi-portail\\\/\"]}]},{\"@type\":\"BreadcrumbList\",\"@id\":\"https:\\\/\\\/www.canarie.ca\\\/fr\\\/sdi-portail\\\/#breadcrumb\",\"itemListElement\":[{\"@type\":\"ListItem\",\"position\":1,\"name\":\"Accueil\",\"item\":\"https:\\\/\\\/www.canarie.ca\\\/fr\\\/\"},{\"@type\":\"ListItem\",\"position\":2,\"name\":\"Syst\u00e8me de d\u00e9tection des intrusions (SDI) Portail\"}]},{\"@type\":\"WebSite\",\"@id\":\"https:\\\/\\\/www.canarie.ca\\\/#website\",\"url\":\"https:\\\/\\\/www.canarie.ca\\\/\",\"name\":\"CANARIE\",\"description\":\"\",\"potentialAction\":[{\"@type\":\"SearchAction\",\"target\":{\"@type\":\"EntryPoint\",\"urlTemplate\":\"https:\\\/\\\/www.canarie.ca\\\/?s={search_term_string}\"},\"query-input\":{\"@type\":\"PropertyValueSpecification\",\"valueRequired\":true,\"valueName\":\"search_term_string\"}}],\"inLanguage\":\"fr-FR\"}]}<\/script>\n<!-- \/ Yoast SEO plugin. -->","yoast_head_json":{"title":"Syst\u00e8me de d\u00e9tection des intrusions (SDI) Portail - CANARIE","robots":{"index":"index","follow":"follow","max-snippet":"max-snippet:-1","max-image-preview":"max-image-preview:large","max-video-preview":"max-video-preview:-1"},"canonical":"https:\/\/www.canarie.ca\/fr\/sdi-portail\/","og_locale":"fr_FR","og_type":"article","og_title":"Syst\u00e8me de d\u00e9tection des intrusions (SDI) Portail - CANARIE","og_description":"Syst\u00e8me de d\u00e9tection des intrusions (SDI) Portail Contacts de l\u2019\u00e9quipe de l\u2019initiative SDI \u200b\u200bNous sommes l\u00e0 pour vous aider.Veuillez contacter [&hellip;]","og_url":"https:\/\/www.canarie.ca\/fr\/sdi-portail\/","og_site_name":"CANARIE","article_modified_time":"2024-03-18T18:40:32+00:00","twitter_card":"summary_large_image","schema":{"@context":"https:\/\/schema.org","@graph":[{"@type":"WebPage","@id":"https:\/\/www.canarie.ca\/fr\/sdi-portail\/","url":"https:\/\/www.canarie.ca\/fr\/sdi-portail\/","name":"Syst\u00e8me de d\u00e9tection des intrusions (SDI) Portail - CANARIE","isPartOf":{"@id":"https:\/\/www.canarie.ca\/#website"},"datePublished":"2024-03-18T17:34:25+00:00","dateModified":"2024-03-18T18:40:32+00:00","breadcrumb":{"@id":"https:\/\/www.canarie.ca\/fr\/sdi-portail\/#breadcrumb"},"inLanguage":"fr-FR","potentialAction":[{"@type":"ReadAction","target":["https:\/\/www.canarie.ca\/fr\/sdi-portail\/"]}]},{"@type":"BreadcrumbList","@id":"https:\/\/www.canarie.ca\/fr\/sdi-portail\/#breadcrumb","itemListElement":[{"@type":"ListItem","position":1,"name":"Accueil","item":"https:\/\/www.canarie.ca\/fr\/"},{"@type":"ListItem","position":2,"name":"Syst\u00e8me de d\u00e9tection des intrusions (SDI) Portail"}]},{"@type":"WebSite","@id":"https:\/\/www.canarie.ca\/#website","url":"https:\/\/www.canarie.ca\/","name":"CANARIE","description":"","potentialAction":[{"@type":"SearchAction","target":{"@type":"EntryPoint","urlTemplate":"https:\/\/www.canarie.ca\/?s={search_term_string}"},"query-input":{"@type":"PropertyValueSpecification","valueRequired":true,"valueName":"search_term_string"}}],"inLanguage":"fr-FR"}]}},"_links":{"self":[{"href":"https:\/\/www.canarie.ca\/fr\/wp-json\/wp\/v2\/pages\/42490","targetHints":{"allow":["GET"]}}],"collection":[{"href":"https:\/\/www.canarie.ca\/fr\/wp-json\/wp\/v2\/pages"}],"about":[{"href":"https:\/\/www.canarie.ca\/fr\/wp-json\/wp\/v2\/types\/page"}],"author":[{"embeddable":true,"href":"https:\/\/www.canarie.ca\/fr\/wp-json\/wp\/v2\/users\/19"}],"replies":[{"embeddable":true,"href":"https:\/\/www.canarie.ca\/fr\/wp-json\/wp\/v2\/comments?post=42490"}],"version-history":[{"count":0,"href":"https:\/\/www.canarie.ca\/fr\/wp-json\/wp\/v2\/pages\/42490\/revisions"}],"wp:attachment":[{"href":"https:\/\/www.canarie.ca\/fr\/wp-json\/wp\/v2\/media?parent=42490"}],"curies":[{"name":"wp","href":"https:\/\/api.w.org\/{rel}","templated":true}]}}