{"id":43144,"date":"2024-05-06T10:36:14","date_gmt":"2024-05-06T14:36:14","guid":{"rendered":"https:\/\/www.canarie.ca\/?page_id=43144"},"modified":"2024-05-06T10:37:22","modified_gmt":"2024-05-06T14:37:22","slug":"developpeur-soar","status":"publish","type":"page","link":"https:\/\/www.canarie.ca\/fr\/carrieres\/developpeur-soar\/","title":{"rendered":"D\u00e9veloppeur SOAR"},"content":{"rendered":"\n<div style=\"height:36px\" aria-hidden=\"true\" class=\"wp-block-spacer\"><\/div>\n\n\n\n<h1 class=\"wp-block-heading has-text-align-center\" id=\"program-manager-identity-and-access-management\"><strong>D\u00e9veloppeur SOAR<\/strong><\/h1>\n\n\n\n<div style=\"height:36px\" aria-hidden=\"true\" class=\"wp-block-spacer\"><\/div>\n\n\n\n<section class=\"section section--banner simple-fade light-blue alignfull\">\n  <div class=\"grid-container text-center\">\n  \t\t  \t\t  \t  <div class=\"large\"><p>Le ou la titulaire du poste aura pour t\u00e2che de mettre en place les principaux \u00e9l\u00e9ments de la plateforme d\u2019orchestration, d\u2019automatisation et d\u2019intervention en s\u00e9curit\u00e9 (SOAR) qui permettra \u00e0 l\u2019\u00e9quipe du Centre canadien partag\u00e9 d\u2019op\u00e9rations en s\u00e9curit\u00e9 (CanSSOC) de mieux r\u00e9agir aux incidents. \u00c9paul\u00e9 et supervis\u00e9 par les ing\u00e9nieurs du CanSSOC, le ou la titulaire du poste travaillera \u00e9galement sur un syst\u00e8me d\u2019implantation modulaire et \u00e9volutif pour la plateforme.<\/p>\n<p>Il s\u2019agit d\u2019un poste permanent, \u00e0 temps plein, qui rel\u00e8ve du directeur de l\u2019ing\u00e9nierie de la cybers\u00e9curit\u00e9, chez CANARIE.<\/p>\n<\/div>\n\t  \t  \t\t  <\/div>\n<\/section>\n\n\n\n<div style=\"height:55px\" aria-hidden=\"true\" class=\"wp-block-spacer\"><\/div>\n\n\n\n<h4 class=\"wp-block-heading\">Un mot sur le CanSSOC<\/h4>\n\n\n\n<p>Le CanSSOC est le centre f\u00e9d\u00e9r\u00e9 partag\u00e9 d\u2019op\u00e9rations en s\u00e9curit\u00e9 du milieu canadien de la recherche et de l\u2019\u00e9ducation. Les services qu\u2019il procure forment l\u2019assise des outils et du savoir communs en cybers\u00e9curit\u00e9 et se trouvent \u00e0 la base de la sensibilisation \u00e0 la cybers\u00e9curit\u00e9 dans les institutions, peu importe la maturit\u00e9 des moyens ou les capacit\u00e9s de ces derni\u00e8res \u00e0 d\u00e9tecter les incidents et \u00e0 y r\u00e9agir. \u00c9labor\u00e9s en collaboration avec les partenaires du R\u00e9seau national de la recherche et de l\u2019\u00e9ducation (RNRE) et d\u2019autres membres de confiance de la collectivit\u00e9, les services du CanSSOC diffusent des alertes pr\u00e9cises, des avis et des informations exploitables.<\/p>\n\n\n\n<section class=\"section section--text-columns\">\n    <div class=\"grid-container\">\n      \n                      <div class=\"grid-x grid-padding-x\">\n                                                <div class=\"cell\">\n                    <h3>Principales responsabilit\u00e9s<\/h3>\n                  <\/div>\n                                                                              <div class=\"cell medium-6\">\n                          <ul>\n<li>D\u00e9velopper et mettre en \u0153uvre l\u2019int\u00e9gration et l\u2019automatisation d\u2019une plateforme SOAR<\/li>\n<li>Participer \u00e0 la cr\u00e9ation de cas d\u2019utilisation, \u00e0 la planification des t\u00e2ches et aux \u00e9valuations<\/li>\n<li>Participer \u00e0 l\u2019analyse du code des logiciels en vue d\u2019en pr\u00e9server la qualit\u00e9<\/li>\n<li>Cr\u00e9er du mat\u00e9riel p\u00e9dagogique et documenter les proc\u00e9d\u00e9s pour les plateformes de s\u00e9curit\u00e9 pertinentes<\/li>\n<\/ul>\n                        <\/div>\n                                                <div class=\"cell medium-6\">\n                          <ul>\n<li>Formuler des recommandations sur les projets \u00e0 venir ainsi que sur les outils et les applications en s\u00e9curit\u00e9 en illustrant les avantages qu\u2019offre la solution<\/li>\n<li>Effectuer des d\u00e9placements \u00e0 l\u2019occasion<\/li>\n<li>Assumer d\u2019autres t\u00e2ches et responsabilit\u00e9s s\u2019il y a lieu<\/li>\n<\/ul>\n                        <\/div>\n                                          \n                                    \n                                <\/div>\n                <\/div>\n  <\/section>\n  \n\n\n<section class=\"section section--text-columns no-background\">\n    <div class=\"grid-container\">\n      <div class=\"grid-x grid-padding-x\">\n        <div class=\"cell\">\n                  \t<h3>Le candidat r\u00eav\u00e9<\/h3>\n                    <p>Pour exceller chez CANARIE, il illustrera de fa\u00e7on manifeste sa capacit\u00e9 \u00e0 collaborer au sein d\u2019une \u00e9quipe. Son dynamisme lui inculquera la motivation n\u00e9cessaire pour travailler de fa\u00e7on autonome. Il communiquera \u00e0 merveille verbalement et par \u00e9crit. G\u00e9rer des \u00e9ch\u00e9ances, r\u00e9soudre des probl\u00e8mes et composer avec de multiples priorit\u00e9s figureront parmi ses points forts. Enfin, le candidat id\u00e9al \u00e9pousera les valeurs de CANARIE que sont le service \u00e0 la client\u00e8le, l\u2019esprit d\u2019\u00e9quipe, l\u2019inclusion, l\u2019innovation, la conscience professionnelle et l\u2019int\u00e9grit\u00e9.<\/p>\n<p>On privil\u00e9giera les personnes bilingues.<\/p>\n                  <\/div>\n      <\/div>\n    <\/div>\n  <\/section>\n\n\n<section class=\"section section--text-columns no-background\">\n    <div class=\"grid-container\">\n      <div class=\"grid-x grid-padding-x\">\n        <div class=\"cell\">\n                  \t<h3>Vos acquis<\/h3>\n                    <h3>Formation et exp\u00e9rience<\/h3>\n<ul>\n<li>Dipl\u00f4me coll\u00e9gial ou universitaire, ou combinaison ad\u00e9quate de cours, d\u2019exp\u00e9rience et de formations dans un domaine pertinent<\/li>\n<li>Au moins cinq (5) ann\u00e9es d\u2019exp\u00e9rience dans des postes \u00e0 responsabilit\u00e9s de plus en plus grandes<\/li>\n<li>Au moins deux (2) ann\u00e9es d\u2019exp\u00e9rience pertinente en cybers\u00e9curit\u00e9<\/li>\n<li>Exp\u00e9rience de la documentation des processus, des m\u00e9thodes et des cahiers d\u2019exercice en cybers\u00e9curit\u00e9<\/li>\n<li>Une attestation ISC2 (<em>International Information System Security Certification Consortium<\/em>), CompTIA (<em>Computing Technology Industry Association<\/em>), GIAC (<em>Global Information Assurance Certification<\/em>) ou une autre certification pertinente en cybers\u00e9curit\u00e9 est souhaitable.<\/li>\n<\/ul>\n<h3>Aptitudes<\/h3>\n<ul>\n<li>Aptitude \u00e0 appliquer les m\u00e9thodes de conception des logiciels et de raisonnement syst\u00e9mique \u00e0 de nouveaux probl\u00e8mes<\/li>\n<li>Aptitude \u00e0 r\u00e9soudre les probl\u00e8mes techniques et \u00e0 analyser ou \u00e0 trouver des solutions de rechange<\/li>\n<li>Capacit\u00e9 \u00e0 transmettre des informations techniques de fa\u00e7on claire<\/li>\n<li>Aptitude \u00e0 ma\u00eetriser de nouvelles plateformes, les langages de programmation et les technologies<\/li>\n<li>Aptitude manifeste \u00e0 gagner la confiance des intervenants internes et externes et \u00e0 acqu\u00e9rir de la cr\u00e9dibilit\u00e9 \u00e0 leurs yeux<\/li>\n<\/ul>\n<h3>Comp\u00e9tences techniques<\/h3>\n<ul>\n<li>Connaissance pratique de ce qui suit\n<ul>\n<li>Langages\u00a0: Python, PowerShell, JavaScript\/TypeScript, bash et autres, au besoin<\/li>\n<li>Plateformes\u00a0: Cortex XSOAR (ou autre plateforme SOAR), Docker, Kubernetes, Linux, Windows, AWS (ou autre service d\u2019infonuagique)<\/li>\n<li>Technologies\u00a0: API RESTful, Open API, JSON, XML, Docker Compose, Helm<\/li>\n<li>Outils\u00a0: Git, GitLab<\/li>\n<li>S\u00e9rie de logiciels Microsoft Office<\/li>\n<\/ul>\n<\/li>\n<\/ul>\n                  <\/div>\n      <\/div>\n    <\/div>\n  <\/section>\n\n\n<h3 class=\"wp-block-heading has-cyan-color has-text-color\" id=\"come-work-with-us\">Travaillons ensemble<\/h3>\n\n\n\n<p>Nous croyons dans l\u2019\u00e9quit\u00e9 en mati\u00e8re d\u2019emploi et encourageons tous ceux qui pourraient contribuer \u00e0 diversifier nos id\u00e9es et nos points de vue \u00e0 poser leur candidature. Des accommodements seront offerts aux personnes atteintes d\u2019un handicap qui en font la demande, \u00e0 toutes les \u00e9tapes du recrutement et du processus d\u2019\u00e9valuation.<\/p>\n\n\n\n<p>Le poste semble fait pour vous? Envoyez un mot et votre curriculum vitae \u00e0 <a href=\"mailto:careers@canarie.ca\">careers@canarie.ca<\/a> en mentionnant le titre du poste dans le courriel.<\/p>\n\n\n\n<p>Nous remercions tous les int\u00e9ress\u00e9s, mais seules les personnes retenues pour un entrevue recevront un appel.<\/p>\n","protected":false},"excerpt":{"rendered":"<p>D\u00e9veloppeur SOAR Un mot sur le CanSSOC Le CanSSOC est le centre f\u00e9d\u00e9r\u00e9 partag\u00e9 d\u2019op\u00e9rations en s\u00e9curit\u00e9 du milieu canadien [&hellip;]<\/p>\n","protected":false},"author":19,"featured_media":0,"parent":6314,"menu_order":8,"comment_status":"closed","ping_status":"closed","template":"","meta":{"_acf_changed":false,"footnotes":""},"class_list":["post-43144","page","type-page","status-publish","hentry"],"acf":[],"yoast_head":"<!-- This site is optimized with the Yoast SEO plugin v27.5 - https:\/\/yoast.com\/product\/yoast-seo-wordpress\/ -->\n<title>D\u00e9veloppeur SOAR - CANARIE<\/title>\n<meta name=\"robots\" content=\"index, follow, max-snippet:-1, max-image-preview:large, max-video-preview:-1\" \/>\n<link rel=\"canonical\" href=\"https:\/\/www.canarie.ca\/fr\/carrieres\/developpeur-soar\/\" \/>\n<meta property=\"og:locale\" content=\"fr_FR\" \/>\n<meta property=\"og:type\" content=\"article\" \/>\n<meta property=\"og:title\" content=\"D\u00e9veloppeur SOAR - CANARIE\" \/>\n<meta property=\"og:description\" content=\"D\u00e9veloppeur SOAR Un mot sur le CanSSOC Le CanSSOC est le centre f\u00e9d\u00e9r\u00e9 partag\u00e9 d\u2019op\u00e9rations en s\u00e9curit\u00e9 du milieu canadien [&hellip;]\" \/>\n<meta property=\"og:url\" content=\"https:\/\/www.canarie.ca\/fr\/carrieres\/developpeur-soar\/\" \/>\n<meta property=\"og:site_name\" content=\"CANARIE\" \/>\n<meta property=\"article:modified_time\" content=\"2024-05-06T14:37:22+00:00\" \/>\n<meta name=\"twitter:card\" content=\"summary_large_image\" \/>\n<script type=\"application\/ld+json\" class=\"yoast-schema-graph\">{\"@context\":\"https:\\\/\\\/schema.org\",\"@graph\":[{\"@type\":\"WebPage\",\"@id\":\"https:\\\/\\\/www.canarie.ca\\\/fr\\\/carrieres\\\/developpeur-soar\\\/\",\"url\":\"https:\\\/\\\/www.canarie.ca\\\/fr\\\/carrieres\\\/developpeur-soar\\\/\",\"name\":\"D\u00e9veloppeur SOAR - CANARIE\",\"isPartOf\":{\"@id\":\"https:\\\/\\\/www.canarie.ca\\\/#website\"},\"datePublished\":\"2024-05-06T14:36:14+00:00\",\"dateModified\":\"2024-05-06T14:37:22+00:00\",\"breadcrumb\":{\"@id\":\"https:\\\/\\\/www.canarie.ca\\\/fr\\\/carrieres\\\/developpeur-soar\\\/#breadcrumb\"},\"inLanguage\":\"fr-FR\",\"potentialAction\":[{\"@type\":\"ReadAction\",\"target\":[\"https:\\\/\\\/www.canarie.ca\\\/fr\\\/carrieres\\\/developpeur-soar\\\/\"]}]},{\"@type\":\"BreadcrumbList\",\"@id\":\"https:\\\/\\\/www.canarie.ca\\\/fr\\\/carrieres\\\/developpeur-soar\\\/#breadcrumb\",\"itemListElement\":[{\"@type\":\"ListItem\",\"position\":1,\"name\":\"Accueil\",\"item\":\"https:\\\/\\\/www.canarie.ca\\\/fr\\\/\"},{\"@type\":\"ListItem\",\"position\":2,\"name\":\"Carri\u00e8res\",\"item\":\"https:\\\/\\\/www.canarie.ca\\\/fr\\\/carrieres\\\/\"},{\"@type\":\"ListItem\",\"position\":3,\"name\":\"D\u00e9veloppeur SOAR\"}]},{\"@type\":\"WebSite\",\"@id\":\"https:\\\/\\\/www.canarie.ca\\\/#website\",\"url\":\"https:\\\/\\\/www.canarie.ca\\\/\",\"name\":\"CANARIE\",\"description\":\"\",\"potentialAction\":[{\"@type\":\"SearchAction\",\"target\":{\"@type\":\"EntryPoint\",\"urlTemplate\":\"https:\\\/\\\/www.canarie.ca\\\/?s={search_term_string}\"},\"query-input\":{\"@type\":\"PropertyValueSpecification\",\"valueRequired\":true,\"valueName\":\"search_term_string\"}}],\"inLanguage\":\"fr-FR\"}]}<\/script>\n<!-- \/ Yoast SEO plugin. -->","yoast_head_json":{"title":"D\u00e9veloppeur SOAR - CANARIE","robots":{"index":"index","follow":"follow","max-snippet":"max-snippet:-1","max-image-preview":"max-image-preview:large","max-video-preview":"max-video-preview:-1"},"canonical":"https:\/\/www.canarie.ca\/fr\/carrieres\/developpeur-soar\/","og_locale":"fr_FR","og_type":"article","og_title":"D\u00e9veloppeur SOAR - CANARIE","og_description":"D\u00e9veloppeur SOAR Un mot sur le CanSSOC Le CanSSOC est le centre f\u00e9d\u00e9r\u00e9 partag\u00e9 d\u2019op\u00e9rations en s\u00e9curit\u00e9 du milieu canadien [&hellip;]","og_url":"https:\/\/www.canarie.ca\/fr\/carrieres\/developpeur-soar\/","og_site_name":"CANARIE","article_modified_time":"2024-05-06T14:37:22+00:00","twitter_card":"summary_large_image","schema":{"@context":"https:\/\/schema.org","@graph":[{"@type":"WebPage","@id":"https:\/\/www.canarie.ca\/fr\/carrieres\/developpeur-soar\/","url":"https:\/\/www.canarie.ca\/fr\/carrieres\/developpeur-soar\/","name":"D\u00e9veloppeur SOAR - CANARIE","isPartOf":{"@id":"https:\/\/www.canarie.ca\/#website"},"datePublished":"2024-05-06T14:36:14+00:00","dateModified":"2024-05-06T14:37:22+00:00","breadcrumb":{"@id":"https:\/\/www.canarie.ca\/fr\/carrieres\/developpeur-soar\/#breadcrumb"},"inLanguage":"fr-FR","potentialAction":[{"@type":"ReadAction","target":["https:\/\/www.canarie.ca\/fr\/carrieres\/developpeur-soar\/"]}]},{"@type":"BreadcrumbList","@id":"https:\/\/www.canarie.ca\/fr\/carrieres\/developpeur-soar\/#breadcrumb","itemListElement":[{"@type":"ListItem","position":1,"name":"Accueil","item":"https:\/\/www.canarie.ca\/fr\/"},{"@type":"ListItem","position":2,"name":"Carri\u00e8res","item":"https:\/\/www.canarie.ca\/fr\/carrieres\/"},{"@type":"ListItem","position":3,"name":"D\u00e9veloppeur SOAR"}]},{"@type":"WebSite","@id":"https:\/\/www.canarie.ca\/#website","url":"https:\/\/www.canarie.ca\/","name":"CANARIE","description":"","potentialAction":[{"@type":"SearchAction","target":{"@type":"EntryPoint","urlTemplate":"https:\/\/www.canarie.ca\/?s={search_term_string}"},"query-input":{"@type":"PropertyValueSpecification","valueRequired":true,"valueName":"search_term_string"}}],"inLanguage":"fr-FR"}]}},"_links":{"self":[{"href":"https:\/\/www.canarie.ca\/fr\/wp-json\/wp\/v2\/pages\/43144","targetHints":{"allow":["GET"]}}],"collection":[{"href":"https:\/\/www.canarie.ca\/fr\/wp-json\/wp\/v2\/pages"}],"about":[{"href":"https:\/\/www.canarie.ca\/fr\/wp-json\/wp\/v2\/types\/page"}],"author":[{"embeddable":true,"href":"https:\/\/www.canarie.ca\/fr\/wp-json\/wp\/v2\/users\/19"}],"replies":[{"embeddable":true,"href":"https:\/\/www.canarie.ca\/fr\/wp-json\/wp\/v2\/comments?post=43144"}],"version-history":[{"count":2,"href":"https:\/\/www.canarie.ca\/fr\/wp-json\/wp\/v2\/pages\/43144\/revisions"}],"predecessor-version":[{"id":43149,"href":"https:\/\/www.canarie.ca\/fr\/wp-json\/wp\/v2\/pages\/43144\/revisions\/43149"}],"up":[{"embeddable":true,"href":"https:\/\/www.canarie.ca\/fr\/wp-json\/wp\/v2\/pages\/6314"}],"wp:attachment":[{"href":"https:\/\/www.canarie.ca\/fr\/wp-json\/wp\/v2\/media?parent=43144"}],"curies":[{"name":"wp","href":"https:\/\/api.w.org\/{rel}","templated":true}]}}