{"id":43206,"date":"2024-05-16T09:23:31","date_gmt":"2024-05-16T13:23:31","guid":{"rendered":"https:\/\/www.canarie.ca\/?page_id=43206"},"modified":"2024-05-16T09:45:12","modified_gmt":"2024-05-16T13:45:12","slug":"forum-secure-canadien-recapitulation-2024","status":"publish","type":"page","link":"https:\/\/www.canarie.ca\/fr\/forum-secure-canadien-recapitulation-2024\/","title":{"rendered":"Forum SecuR&amp;E canadien 2024"},"content":{"rendered":"\n<div align=\"center\"><figure class=\"wp-block-image size-full\"><img decoding=\"async\" src=\"https:\/\/www.canarie.ca\/wp-content\/uploads\/2024\/01\/SecuRE-Forum-homepage2200fr.png\" alt=\"\" class=\"wp-image-38169\"\/><\/figure><\/div>\n\n\n\n<section class=\"section section--text-columns no-background\">\n    <div class=\"grid-container\">\n      <div class=\"grid-x grid-padding-x\">\n        <div class=\"cell\">\n          <div style=\"text-align: center;\">\n            <div class=\"large highlighted-text hand-text-center\">\n              <p style=\"text-align: center;\">Merci d\u2019avoir assist\u00e9 au Forum SecuR&amp;E canadien de 2024!<\/p>\n<p style=\"text-align: center;\">Revivez-en des moments forts \u00e0 votre gr\u00e9 en parcourant les enregistrements capt\u00e9s \u00e0 cette occasion et en r\u00e9\u00e9coutant notre liste de tubes sur la cybers\u00e9curit\u00e9.<\/p>\n            <\/div>\n            <\/div>\n    \t\t\t<\/div>\n        <\/div>\n      <\/div>\n    <\/div>\n  <\/section>\n\n\n\n<section class=\"section section--text-columns no-background\">\n    <div class=\"grid-container\">\n      <div class=\"grid-x grid-padding-x\">\n        <div class=\"cell\">\n          <div style=\"text-align: center;\">\n            <div class=\"large highlighted-text hand-text-center\">\n              <p style=\"text-align: center;\">Enregistrements<\/p>\n            <\/div>\n            <\/div>\n    \t\t\t<\/div>\n        <\/div>\n      <\/div>\n    <\/div>\n  <\/section>\n\n\n\n<p><strong>Remarque&nbsp;:<\/strong> Le Forum SecuR&amp;E canadien s\u2019\u00e9tant d\u00e9roul\u00e9 en anglais, les enregistrements ne sont offerts que dans cette langue.<\/p>\n\n\n\n<figure class=\"wp-block-table aligncenter is-style-stripes no-search align-top\"><table class=\"has-fixed-layout\"><thead><tr><th class=\"has-text-align-left\" data-align=\"left\">Talk<\/th><th class=\"has-text-align-left\" data-align=\"left\">Speaker<\/th><\/tr><\/thead><tbody><tr><td class=\"has-text-align-left\" data-align=\"left\"><a href=\"https:\/\/youtu.be\/jbesFCnc14M\">En terre inconnue : cartographier les menaces en cybers\u00e9curit\u00e9<\/a><\/td><td class=\"has-text-align-left\" data-align=\"left\">Steve Dyson<br>Expert-conseil principal, Unit 42 de Palo Alto Networks<\/td><\/tr><tr><td class=\"has-text-align-left\" data-align=\"left\"><strong><a href=\"https:\/\/youtu.be\/BrBDNNUgsko\" target=\"_blank\" rel=\"noreferrer noopener\">Tribune<br><\/a><\/strong><a href=\"https:\/\/youtu.be\/jM72gJncShA\" target=\"_blank\" rel=\"noreferrer noopener\">Un travail d\u2019\u00e9quilibriste : l\u2019art et la science de g\u00e9rer les risques<\/a><\/td><td class=\"has-text-align-left\" data-align=\"left\">Jennifer Burns<br>Directrice de l\u2019information, Universit\u00e9 de Colombie-Brittanique<br><br>Guillaume Dub\u00e9<br>Agent principal de la s\u00e9curit\u00e9 de l\u2019information, Universit\u00e9 Laval<br><br>Khushbu Pratap<br>Vice pr\u00e9sidente de la cybers\u00e9curit\u00e9 | Gartner<br><br>Alex Matos<br>Directeur des audits internes, Universit\u00e9 de Toronto<\/td><\/tr><tr><td class=\"has-text-align-left\" data-align=\"left\"><a href=\"https:\/\/youtu.be\/muJBHzueJPw\"><strong>Rencontres communautaires<\/strong><br>Du Web clandestin \u00e0 l\u2019encryptag<\/a><a href=\"https:\/\/youtu.be\/mgGSaE7oHv4\" target=\"_blank\" rel=\"noreferrer noopener\">e : anatomie d\u2019un compromis<\/a><\/td><td class=\"has-text-align-left\" data-align=\"left\">Kevin Paul<br>Directeur, Op\u00e9rations de cybers\u00e9curit\u00e9, Cybera<\/td><\/tr><tr><td class=\"has-text-align-left\" data-align=\"left\"><a href=\"https:\/\/youtu.be\/7jsX8gARpLU\" target=\"_blank\" rel=\"noreferrer noopener\"><strong>Rencontres communautaires<\/strong><br>B\u00e2tir un SOC \u00e0 toute \u00e9preuve : mieux exploiter le cadre SOC-CMM<\/a><\/td><td class=\"has-text-align-left\" data-align=\"left\">Ivan Salles<br>Directeur, Initiatives strat\u00e9giques \u2013 SOC, Trend Micro<\/td><\/tr><tr><td class=\"has-text-align-left\" data-align=\"left\"><a href=\"https:\/\/youtu.be\/Qvkd8gcVr2Q\" target=\"_blank\" rel=\"noreferrer noopener\">Du recrutement \u00e0 la r\u00e9silience : b\u00e2tir une \u00e9quipe solide en cybers\u00e9curit\u00e9<\/a><\/td><td class=\"has-text-align-left\" data-align=\"left\">Tracy Dallaire<br>Directrice, S\u00e9curit\u00e9 de l\u2019information, Universit\u00e9 McMaster<\/td><\/tr><tr><td class=\"has-text-align-left\" data-align=\"left\"><a href=\"https:\/\/youtu.be\/SSQNFD5kBlc\"><strong>Causerie au coin du feu<\/strong><br>La confiance r\u00e8gne : comment restaurer la confiance apr\u00e8s une cyberattaque<\/a><\/td><td class=\"has-text-align-left\" data-align=\"left\">Deyves Fonseca<br>Agente principale de la s\u00e9curit\u00e9 de l\u2019information par int\u00e9rim, Universit\u00e9 de Toronto<br><br>Steve Till-Rogers<br>Dirigeant principal de l\u2019information, Biblioth\u00e8que municipale de Toronto<br><br>Vickery Bowles<br>Biblioth\u00e9caire, Biblioth\u00e8que municipale de Toronto<\/td><\/tr><tr><td class=\"has-text-align-left\" data-align=\"left\"><a href=\"https:\/\/youtu.be\/9ng9XQrzXAI\"><strong>Causerie au coin du feu<\/strong><br>L\u2019inclusion au cyber Canada<\/a><\/td><td class=\"has-text-align-left\" data-align=\"left\">Michelle Ching\u2019anda<br>Directrice, S\u00e9curit\u00e9 des technologies de l\u2019information, Coll\u00e8ge Humber<br><br>Julie Menzies<br>Directrice, Services de cybers\u00e9curit\u00e9 du RNRE, CANARIE<br><br>Anju Sohal<br>Gestionnaire principal de programmes, ORION<\/td><\/tr><tr><td class=\"has-text-align-left\" data-align=\"left\"><a href=\"https:\/\/youtu.be\/c5E_uYJG-cs\" target=\"_blank\" rel=\"noreferrer noopener\"><strong>Rencontres communautaires<\/strong><br>Visibilit\u00e9 de la surface d\u2019assaut<\/a><\/td><td class=\"has-text-align-left\" data-align=\"left\">Paul Cisneros<br>Analyste en cybers\u00e9curit\u00e9, Universit\u00e9 de Winnipeg<\/td><\/tr><tr><td class=\"has-text-align-left\" data-align=\"left\"><a href=\"https:\/\/youtu.be\/ehCAeIfG_yA\" target=\"_blank\" rel=\"noreferrer noopener\"><strong>Rencontres communautaires<\/strong><br>L\u2019expansion de l\u2019IA et ses enjeux en s\u00e9curit\u00e9<\/a><\/td><td class=\"has-text-align-left\" data-align=\"left\">Jared Perry<br>Chef des pratiques s\u00e9curitaires en infonuagique, Stratum Security<\/td><\/tr><tr><td class=\"has-text-align-left\" data-align=\"left\"><a href=\"https:\/\/youtu.be\/yJKpWGYTp0s\" target=\"_blank\" rel=\"noreferrer noopener\"><strong>Dialogue sectoriel<\/strong><br>De la pens\u00e9e au geste : s\u2019unir pour rendre l\u2019avenir du milieu R-E plus s\u00fbr<\/a><\/td><td class=\"has-text-align-left\" data-align=\"left\">Tracy Dallaire <br>Directrice, S\u00e9curit\u00e9 de l\u2019information, Universit\u00e9 McMaster<br><br>Gayleen Gray <br>Vice-pr\u00e9sidente associ\u00e9e et directrice de la technologie, Universit\u00e9 McMaster<br><br>Don Thompson <br>Agent principal de la s\u00e9curit\u00e9 de l\u2019information, Universit\u00e9 de la Colombie-Britannique<\/td><\/tr><tr><td class=\"has-text-align-left\" data-align=\"left\"><\/td><td class=\"has-text-align-left\" data-align=\"left\"><\/td><\/tr><\/tbody><\/table><\/figure>\n\n\n\n<div class=\"wp-block-buttons alignfull is-content-justification-center is-layout-flex wp-container-core-buttons-is-layout-16018d1d wp-block-buttons-is-layout-flex\">\n<div class=\"wp-block-button aligncenter\"><a class=\"wp-block-button__link wp-element-button\" href=\"https:\/\/youtube.com\/playlist?list=PLaFsoP3hjb2xHWZeJlONfCG1y-TcT7xFC&amp;si=2CyPaIbnWxOz-gYL\" target=\"_blank\" rel=\"noreferrer noopener\">Liste de lecture des expos\u00e9s donn\u00e9s au Forum SecuR&amp;E<\/a><\/div>\n<\/div>\n\n\n\n<section class=\"section section--text-columns no-background\">\n    <div class=\"grid-container\">\n      <div class=\"grid-x grid-padding-x\">\n        <div class=\"cell\">\n          <div style=\"text-align: center;\">\n            <div class=\"large highlighted-text hand-text-center\">\n              <p style=\"text-align: center;\">Liste de lecture \u00e0 la r\u00e9ception :<br \/>\n<em>Secure Your Tunes<\/em><\/p>\n            <\/div>\n            <\/div>\n    \t\t\t<\/div>\n        <\/div>\n      <\/div>\n    <\/div>\n  <\/section>\n\n\n\n<figure class=\"wp-block-embed is-type-rich is-provider-spotify wp-block-embed-spotify wp-embed-aspect-21-9 wp-has-aspect-ratio\"><div class=\"wp-block-embed__wrapper\">\n<iframe title=\"Spotify Embed: Secure Your Tunes\" style=\"border-radius: 12px\" width=\"100%\" height=\"352\" frameborder=\"0\" allowfullscreen allow=\"autoplay; clipboard-write; encrypted-media; fullscreen; picture-in-picture\" loading=\"lazy\" src=\"https:\/\/open.spotify.com\/embed\/playlist\/54BhlJZfiYwjxrOARIaqWu?si=e122e9420c464f6d&#038;utm_source=oembed\"><\/iframe>\n<\/div><\/figure>\n\n\n\n<section class=\"section section--text-columns no-background\">\n    <div class=\"grid-container\">\n      <div class=\"grid-x grid-padding-x\">\n        <div class=\"cell\">\n          <div style=\"text-align: center;\">\n            <div class=\"large highlighted-text hand-text-center\">\n              <p style=\"text-align: center;\">Qu\u2019en pensent les participants du Forum SecuR&amp;E canadien?<\/p>\n            <\/div>\n            <\/div>\n    \t\t\t<\/div>\n        <\/div>\n      <\/div>\n    <\/div>\n  <\/section>\n\n\n\n<blockquote class=\"wp-block-quote is-layout-flow wp-block-quote-is-layout-flow\">\n<p>R\u00e9seauter avec ses pairs des quatre coins du Canada est une exp\u00e9rience fabuleuse.<\/p>\n<\/blockquote>\n\n\n\n<blockquote class=\"wp-block-quote is-layout-flow wp-block-quote-is-layout-flow\">\n<p>Excellent colloque. Le site, le lieu du colloque, les occasions de r\u00e9seautage, tout \u00e9tait hors pair.<\/p>\n<\/blockquote>\n\n\n\n<blockquote class=\"wp-block-quote is-layout-flow wp-block-quote-is-layout-flow\">\n<p>Tr\u00e8s bien organis\u00e9, programme soign\u00e9, emplacement fantastique.<\/p>\n<\/blockquote>\n\n\n\n<blockquote class=\"wp-block-quote is-layout-flow wp-block-quote-is-layout-flow\">\n<p>Le Forum a d\u00e9pass\u00e9 toutes mes attentes. Il valait certainement le d\u00e9placement jusqu\u2019\u00e0 Vancouver.<\/p>\n<\/blockquote>\n","protected":false},"excerpt":{"rendered":"<p>Remarque&nbsp;: Le Forum SecuR&amp;E canadien s\u2019\u00e9tant d\u00e9roul\u00e9 en anglais, les enregistrements ne sont offerts que dans cette langue. Talk Speaker [&hellip;]<\/p>\n","protected":false},"author":19,"featured_media":0,"parent":0,"menu_order":0,"comment_status":"closed","ping_status":"closed","template":"","meta":{"_acf_changed":false,"footnotes":""},"class_list":["post-43206","page","type-page","status-publish","hentry"],"acf":[],"yoast_head":"<!-- This site is optimized with the Yoast SEO plugin v27.3 - https:\/\/yoast.com\/product\/yoast-seo-wordpress\/ -->\n<title>Forum SecuR&amp;E canadien 2024 - CANARIE<\/title>\n<meta name=\"robots\" content=\"index, follow, max-snippet:-1, max-image-preview:large, max-video-preview:-1\" \/>\n<link rel=\"canonical\" href=\"https:\/\/www.canarie.ca\/fr\/forum-secure-canadien-recapitulation-2024\/\" \/>\n<meta property=\"og:locale\" content=\"fr_FR\" \/>\n<meta property=\"og:type\" content=\"article\" \/>\n<meta property=\"og:title\" content=\"Forum SecuR&amp;E canadien 2024 - CANARIE\" \/>\n<meta property=\"og:description\" content=\"Remarque&nbsp;: Le Forum SecuR&amp;E canadien s\u2019\u00e9tant d\u00e9roul\u00e9 en anglais, les enregistrements ne sont offerts que dans cette langue. Talk Speaker [&hellip;]\" \/>\n<meta property=\"og:url\" content=\"https:\/\/www.canarie.ca\/fr\/forum-secure-canadien-recapitulation-2024\/\" \/>\n<meta property=\"og:site_name\" content=\"CANARIE\" \/>\n<meta property=\"article:modified_time\" content=\"2024-05-16T13:45:12+00:00\" \/>\n<meta property=\"og:image\" content=\"https:\/\/www.canarie.ca\/wp-content\/uploads\/2024\/01\/SecuRE-Forum-homepage2200fr.png\" \/>\n<meta name=\"twitter:card\" content=\"summary_large_image\" \/>\n<script type=\"application\/ld+json\" class=\"yoast-schema-graph\">{\"@context\":\"https:\\\/\\\/schema.org\",\"@graph\":[{\"@type\":\"WebPage\",\"@id\":\"https:\\\/\\\/www.canarie.ca\\\/fr\\\/forum-secure-canadien-recapitulation-2024\\\/\",\"url\":\"https:\\\/\\\/www.canarie.ca\\\/fr\\\/forum-secure-canadien-recapitulation-2024\\\/\",\"name\":\"Forum SecuR&amp;E canadien 2024 - CANARIE\",\"isPartOf\":{\"@id\":\"https:\\\/\\\/www.canarie.ca\\\/#website\"},\"primaryImageOfPage\":{\"@id\":\"https:\\\/\\\/www.canarie.ca\\\/fr\\\/forum-secure-canadien-recapitulation-2024\\\/#primaryimage\"},\"image\":{\"@id\":\"https:\\\/\\\/www.canarie.ca\\\/fr\\\/forum-secure-canadien-recapitulation-2024\\\/#primaryimage\"},\"thumbnailUrl\":\"https:\\\/\\\/www.canarie.ca\\\/wp-content\\\/uploads\\\/2024\\\/01\\\/SecuRE-Forum-homepage2200fr.png\",\"datePublished\":\"2024-05-16T13:23:31+00:00\",\"dateModified\":\"2024-05-16T13:45:12+00:00\",\"breadcrumb\":{\"@id\":\"https:\\\/\\\/www.canarie.ca\\\/fr\\\/forum-secure-canadien-recapitulation-2024\\\/#breadcrumb\"},\"inLanguage\":\"fr-FR\",\"potentialAction\":[{\"@type\":\"ReadAction\",\"target\":[\"https:\\\/\\\/www.canarie.ca\\\/fr\\\/forum-secure-canadien-recapitulation-2024\\\/\"]}]},{\"@type\":\"ImageObject\",\"inLanguage\":\"fr-FR\",\"@id\":\"https:\\\/\\\/www.canarie.ca\\\/fr\\\/forum-secure-canadien-recapitulation-2024\\\/#primaryimage\",\"url\":\"https:\\\/\\\/www.canarie.ca\\\/wp-content\\\/uploads\\\/2024\\\/01\\\/SecuRE-Forum-homepage2200fr.png\",\"contentUrl\":\"https:\\\/\\\/www.canarie.ca\\\/wp-content\\\/uploads\\\/2024\\\/01\\\/SecuRE-Forum-homepage2200fr.png\"},{\"@type\":\"BreadcrumbList\",\"@id\":\"https:\\\/\\\/www.canarie.ca\\\/fr\\\/forum-secure-canadien-recapitulation-2024\\\/#breadcrumb\",\"itemListElement\":[{\"@type\":\"ListItem\",\"position\":1,\"name\":\"Accueil\",\"item\":\"https:\\\/\\\/www.canarie.ca\\\/fr\\\/homepage\\\/\"},{\"@type\":\"ListItem\",\"position\":2,\"name\":\"Forum SecuR&amp;E canadien 2024\"}]},{\"@type\":\"WebSite\",\"@id\":\"https:\\\/\\\/www.canarie.ca\\\/#website\",\"url\":\"https:\\\/\\\/www.canarie.ca\\\/\",\"name\":\"CANARIE\",\"description\":\"\",\"potentialAction\":[{\"@type\":\"SearchAction\",\"target\":{\"@type\":\"EntryPoint\",\"urlTemplate\":\"https:\\\/\\\/www.canarie.ca\\\/?s={search_term_string}\"},\"query-input\":{\"@type\":\"PropertyValueSpecification\",\"valueRequired\":true,\"valueName\":\"search_term_string\"}}],\"inLanguage\":\"fr-FR\"}]}<\/script>\n<!-- \/ Yoast SEO plugin. -->","yoast_head_json":{"title":"Forum SecuR&amp;E canadien 2024 - CANARIE","robots":{"index":"index","follow":"follow","max-snippet":"max-snippet:-1","max-image-preview":"max-image-preview:large","max-video-preview":"max-video-preview:-1"},"canonical":"https:\/\/www.canarie.ca\/fr\/forum-secure-canadien-recapitulation-2024\/","og_locale":"fr_FR","og_type":"article","og_title":"Forum SecuR&amp;E canadien 2024 - CANARIE","og_description":"Remarque&nbsp;: Le Forum SecuR&amp;E canadien s\u2019\u00e9tant d\u00e9roul\u00e9 en anglais, les enregistrements ne sont offerts que dans cette langue. Talk Speaker [&hellip;]","og_url":"https:\/\/www.canarie.ca\/fr\/forum-secure-canadien-recapitulation-2024\/","og_site_name":"CANARIE","article_modified_time":"2024-05-16T13:45:12+00:00","og_image":[{"url":"https:\/\/www.canarie.ca\/wp-content\/uploads\/2024\/01\/SecuRE-Forum-homepage2200fr.png","type":"","width":"","height":""}],"twitter_card":"summary_large_image","schema":{"@context":"https:\/\/schema.org","@graph":[{"@type":"WebPage","@id":"https:\/\/www.canarie.ca\/fr\/forum-secure-canadien-recapitulation-2024\/","url":"https:\/\/www.canarie.ca\/fr\/forum-secure-canadien-recapitulation-2024\/","name":"Forum SecuR&amp;E canadien 2024 - CANARIE","isPartOf":{"@id":"https:\/\/www.canarie.ca\/#website"},"primaryImageOfPage":{"@id":"https:\/\/www.canarie.ca\/fr\/forum-secure-canadien-recapitulation-2024\/#primaryimage"},"image":{"@id":"https:\/\/www.canarie.ca\/fr\/forum-secure-canadien-recapitulation-2024\/#primaryimage"},"thumbnailUrl":"https:\/\/www.canarie.ca\/wp-content\/uploads\/2024\/01\/SecuRE-Forum-homepage2200fr.png","datePublished":"2024-05-16T13:23:31+00:00","dateModified":"2024-05-16T13:45:12+00:00","breadcrumb":{"@id":"https:\/\/www.canarie.ca\/fr\/forum-secure-canadien-recapitulation-2024\/#breadcrumb"},"inLanguage":"fr-FR","potentialAction":[{"@type":"ReadAction","target":["https:\/\/www.canarie.ca\/fr\/forum-secure-canadien-recapitulation-2024\/"]}]},{"@type":"ImageObject","inLanguage":"fr-FR","@id":"https:\/\/www.canarie.ca\/fr\/forum-secure-canadien-recapitulation-2024\/#primaryimage","url":"https:\/\/www.canarie.ca\/wp-content\/uploads\/2024\/01\/SecuRE-Forum-homepage2200fr.png","contentUrl":"https:\/\/www.canarie.ca\/wp-content\/uploads\/2024\/01\/SecuRE-Forum-homepage2200fr.png"},{"@type":"BreadcrumbList","@id":"https:\/\/www.canarie.ca\/fr\/forum-secure-canadien-recapitulation-2024\/#breadcrumb","itemListElement":[{"@type":"ListItem","position":1,"name":"Accueil","item":"https:\/\/www.canarie.ca\/fr\/homepage\/"},{"@type":"ListItem","position":2,"name":"Forum SecuR&amp;E canadien 2024"}]},{"@type":"WebSite","@id":"https:\/\/www.canarie.ca\/#website","url":"https:\/\/www.canarie.ca\/","name":"CANARIE","description":"","potentialAction":[{"@type":"SearchAction","target":{"@type":"EntryPoint","urlTemplate":"https:\/\/www.canarie.ca\/?s={search_term_string}"},"query-input":{"@type":"PropertyValueSpecification","valueRequired":true,"valueName":"search_term_string"}}],"inLanguage":"fr-FR"}]}},"_links":{"self":[{"href":"https:\/\/www.canarie.ca\/fr\/wp-json\/wp\/v2\/pages\/43206","targetHints":{"allow":["GET"]}}],"collection":[{"href":"https:\/\/www.canarie.ca\/fr\/wp-json\/wp\/v2\/pages"}],"about":[{"href":"https:\/\/www.canarie.ca\/fr\/wp-json\/wp\/v2\/types\/page"}],"author":[{"embeddable":true,"href":"https:\/\/www.canarie.ca\/fr\/wp-json\/wp\/v2\/users\/19"}],"replies":[{"embeddable":true,"href":"https:\/\/www.canarie.ca\/fr\/wp-json\/wp\/v2\/comments?post=43206"}],"version-history":[{"count":7,"href":"https:\/\/www.canarie.ca\/fr\/wp-json\/wp\/v2\/pages\/43206\/revisions"}],"predecessor-version":[{"id":43332,"href":"https:\/\/www.canarie.ca\/fr\/wp-json\/wp\/v2\/pages\/43206\/revisions\/43332"}],"wp:attachment":[{"href":"https:\/\/www.canarie.ca\/fr\/wp-json\/wp\/v2\/media?parent=43206"}],"curies":[{"name":"wp","href":"https:\/\/api.w.org\/{rel}","templated":true}]}}