{"id":43417,"date":"2024-05-31T11:30:58","date_gmt":"2024-05-31T15:30:58","guid":{"rendered":"https:\/\/www.canarie.ca\/?page_id=43417"},"modified":"2026-02-24T13:46:26","modified_gmt":"2026-02-24T18:46:26","slug":"developpeur-de-logiciels-principal","status":"publish","type":"page","link":"https:\/\/www.canarie.ca\/fr\/carrieres\/developpeur-de-logiciels-principal\/","title":{"rendered":"D\u00e9veloppeur(se) de logiciels principal(e)"},"content":{"rendered":"\n<div style=\"height:36px\" aria-hidden=\"true\" class=\"wp-block-spacer\"><\/div>\n\n\n\n<h1 class=\"wp-block-heading has-text-align-center\" id=\"program-manager-identity-and-access-management\"><strong>D\u00e9veloppeur(se) de logiciels principal(e)<\/strong><\/h1>\n\n\n\n<div style=\"height:36px\" aria-hidden=\"true\" class=\"wp-block-spacer\"><\/div>\n\n\n\n<section class=\"section section--banner simple-fade light-blue alignfull\">\n  <div class=\"grid-container text-center\">\n  \t\t  \t\t  \t  <div class=\"large\"><p>CANARIE a imm\u00e9diatement besoin d\u2019une ou d\u2019un d\u00e9veloppeur de logiciels principal pour concevoir, \u00e9laborer, d\u00e9ployer et maintenir des solutions logicielles s\u00e9curis\u00e9es et adaptables qui aideront l\u2019organisation \u00e0 orchestrer son r\u00e9seau et \u00e0 poursuivre ses initiatives en cybers\u00e9curit\u00e9.<\/p>\n<p>Il s&rsquo;agit d&rsquo;un nouveau poste \u00e0 temps plein et \u00e0 dur\u00e9e d\u00e9termin\u00e9e jusqu&rsquo;au 31 d\u00e9cembre 2026, relevant du directeur du d\u00e9veloppement logiciel de CANARIE.<\/p>\n<p>La fourchette salariale du poste se situe entre 125\u00a0000\u00a0$ et 162\u00a0000\u00a0$.<\/p>\n<\/div>\n\t  \t  \t\t  <\/div>\n<\/section>\n\n\n\n<section class=\"section section--text-columns\">\n    <div class=\"grid-container\">\n      \n                      <div class=\"grid-x grid-padding-x\">\n                                                <div class=\"cell\">\n                    <h3>Principales responsabilit\u00e9s<\/h3>\n                  <\/div>\n                                                                              <div class=\"cell medium-6\">\n                          <ul>\n<li>Concevoir et d\u00e9velopper des logiciels s\u00e9curis\u00e9s et adaptables pour faciliter l\u2019orchestration du r\u00e9seau et cr\u00e9er des outils de cybers\u00e9curit\u00e9 pour le r\u00e9seau canadien de la recherche et de l\u2019\u00e9ducation<\/li>\n<li>Cr\u00e9er des solutions int\u00e9grales avec Python, Django, Angular, Docker et Kubernetes<\/li>\n<li>Appliquer les m\u00e9thodes DevOps, CI\/CD et Agile (SCRUM)<\/li>\n<li>Inculquer les meilleures pratiques techniques \u00e0 de jeunes d\u00e9veloppeurs et les encadrer<\/li>\n<\/ul>\n                        <\/div>\n                                                <div class=\"cell medium-6\">\n                          <ul>\n<li>Effectuer des recherches et \u00e9valuer les nouvelles technologies en r\u00e9seautique et en s\u00e9curit\u00e9<\/li>\n<li>Int\u00e9grer les grands mod\u00e8les de langage et les mod\u00e8les d\u2019IA agentive en vue d\u2019am\u00e9liorer le d\u00e9veloppement de codes et l\u2019automatisation<\/li>\n<li>Se d\u00e9placer \u00e0 l\u2019occasion<\/li>\n<li>Assumer d\u2019autres fonctions et responsabilit\u00e9s connexes au besoin<\/li>\n<\/ul>\n                        <\/div>\n                                          \n                                    \n                                <\/div>\n                <\/div>\n  <\/section>\n  \n\n\n<section class=\"section section--text-columns no-background\">\n    <div class=\"grid-container\">\n      <div class=\"grid-x grid-padding-x\">\n        <div class=\"cell\">\n                  \t<h3>Le ou la candidate r\u00eav\u00e9e<\/h3>\n                    <p>Pour exceller chez CANARIE, il ou elle illustrera de fa\u00e7on manifeste sa capacit\u00e9 \u00e0 collaborer au sein d\u2019une \u00e9quipe et travaillera de fa\u00e7on autonome avec enthousiasme en faisant preuve d\u2019une grande motivation. Parfaitement \u00e0 l\u2019aise dans les communications orales et \u00e9crites, il ou elle aura pour atouts une solide gestion du temps, la r\u00e9solution de probl\u00e8mes et l\u2019administration de priorit\u00e9s multiples. Enfin, le ou la candidate id\u00e9ale \u00e9pousera les valeurs de CANARIE que sont le service \u00e0 la client\u00e8le, l\u2019esprit d\u2019\u00e9quipe, l\u2019inclusion, l\u2019innovation, la conscience professionnelle et l\u2019int\u00e9grit\u00e9.<\/p>\n                  <\/div>\n      <\/div>\n    <\/div>\n  <\/section>\n\n\n<section class=\"section section--text-columns no-background\">\n    <div class=\"grid-container\">\n      <div class=\"grid-x grid-padding-x\">\n        <div class=\"cell\">\n                  \t<h3>Vos acquis<\/h3>\n                    <h3>Formation et exp\u00e9rience<\/h3>\n<ul>\n<li>Dipl\u00f4me coll\u00e9gial ou universitaire en informatique, en science ou en g\u00e9nie logiciel, ou combinaison de cours, d\u2019exp\u00e9rience et de formations dans un domaine pertinent<\/li>\n<li>Au moins dix (10) ann\u00e9es d\u2019exp\u00e9rience pratique en d\u00e9veloppement d\u2019applications par pile compl\u00e8te et expertise dans la cr\u00e9ation de solutions<\/li>\n<li>Exp\u00e9rience en encadrement<\/li>\n<li>Exp\u00e9rience en d\u00e9veloppement de logiciels complexes au sein d\u2019une \u00e9quipe Agile<\/li>\n<\/ul>\n<h3>Aptitudes<\/h3>\n<ul>\n<li>Habilet\u00e9 \u00e0 transmettre clairement des informations techniques complexes<\/li>\n<li>Expertise dans la conception de solutions logicielles claires et exploitables<\/li>\n<li>Souci du d\u00e9tail et d\u00e9termination \u00e0 cr\u00e9er des logiciels de grande qualit\u00e9<\/li>\n<li>\u00a0Capacit\u00e9 \u00e0 s\u2019adapter \u00e0 de nouvelles technologies et \u00e0 de nouveaux domaines de sp\u00e9cialisation<\/li>\n<\/ul>\n<h3>Comp\u00e9tences techniques<\/h3>\n<ul>\n<li>Expertise en Python, Django, Angular, JavaScript\/TypeScript et en cadres d\u2019application frontaux<\/li>\n<li>Familiarit\u00e9 avec les protocoles de r\u00e9seautique et les syst\u00e8mes de gestion de r\u00e9seau<\/li>\n<li>Solide connaissance pratique de ce qui suit\n<ul>\n<li>Principes de cybers\u00e9curit\u00e9, de DevSecOps, des m\u00e9thodes de programmation s\u00e9curis\u00e9e et de la conception de la s\u00e9curit\u00e9<\/li>\n<li>Pipelines CI\/CD (GitLab), infrastructure en tant que code et cadres d\u2019application pour l\u2019automatisation des essais<\/li>\n<li>Conteneurisation (Docker), orchestration (Kubernetes, Helm, Rancher) et plateformes d\u2019infonuagique (AWS, Azure)<\/li>\n<li>Syst\u00e8mes de gestion des bases de donn\u00e9es (SQL, NoSQL), API RESTful, Linux et d\u00e9veloppement natif en nuage (mod\u00e8le de la CNCF)<\/li>\n<\/ul>\n<\/li>\n<li>Connaissance pratique de la s\u00e9rie de logiciels Microsoft Office<\/li>\n<\/ul>\n                  <\/div>\n      <\/div>\n    <\/div>\n  <\/section>\n\n\n<h3 class=\"wp-block-heading has-cyan-color has-text-color\" id=\"come-work-with-us\">Travaillons ensemble<\/h3>\n\n\n\n<p>Nous croyons dans l\u2019\u00e9quit\u00e9 en mati\u00e8re d\u2019emploi et encourageons ceux et celles qui nous aideraient \u00e0 diversifier nos id\u00e9es et nos points de vue \u00e0 poser leur candidature. Des accommodements seront offerts aux personnes aux prises avec un handicap qui en font la demande, \u00e0 toutes les \u00e9tapes du recrutement et du processus d\u2019\u00e9valuation. Le poste semble fait pour vous? Envoyez votre curriculum vitae \u00e0 <a href=\"mailto:careers@canarie.ca\">careers@canarie.ca<\/a>. Veuillez mentionner le titre du poste dans l\u2019objet du courriel.<\/p>\n\n\n\n<p>Nous remercions tous les int\u00e9ress\u00e9s, mais seules les personnes retenues pour une entrevue recevront un appel.<\/p>\n","protected":false},"excerpt":{"rendered":"<p>D\u00e9veloppeur(se) de logiciels principal(e) Travaillons ensemble Nous croyons dans l\u2019\u00e9quit\u00e9 en mati\u00e8re d\u2019emploi et encourageons ceux et celles qui nous [&hellip;]<\/p>\n","protected":false},"author":19,"featured_media":0,"parent":6314,"menu_order":8,"comment_status":"closed","ping_status":"closed","template":"","meta":{"_acf_changed":false,"footnotes":""},"class_list":["post-43417","page","type-page","status-publish","hentry"],"acf":[],"yoast_head":"<!-- This site is optimized with the Yoast SEO plugin v27.4 - https:\/\/yoast.com\/product\/yoast-seo-wordpress\/ -->\n<title>D\u00e9veloppeur(se) de logiciels principal(e) - CANARIE<\/title>\n<meta name=\"robots\" content=\"index, follow, max-snippet:-1, max-image-preview:large, max-video-preview:-1\" \/>\n<link rel=\"canonical\" href=\"https:\/\/www.canarie.ca\/fr\/carrieres\/developpeur-de-logiciels-principal\/\" \/>\n<meta property=\"og:locale\" content=\"fr_FR\" \/>\n<meta property=\"og:type\" content=\"article\" \/>\n<meta property=\"og:title\" content=\"D\u00e9veloppeur(se) de logiciels principal(e) - CANARIE\" \/>\n<meta property=\"og:description\" content=\"D\u00e9veloppeur(se) de logiciels principal(e) Travaillons ensemble Nous croyons dans l\u2019\u00e9quit\u00e9 en mati\u00e8re d\u2019emploi et encourageons ceux et celles qui nous [&hellip;]\" \/>\n<meta property=\"og:url\" content=\"https:\/\/www.canarie.ca\/fr\/carrieres\/developpeur-de-logiciels-principal\/\" \/>\n<meta property=\"og:site_name\" content=\"CANARIE\" \/>\n<meta property=\"article:modified_time\" content=\"2026-02-24T18:46:26+00:00\" \/>\n<meta name=\"twitter:card\" content=\"summary_large_image\" \/>\n<script type=\"application\/ld+json\" class=\"yoast-schema-graph\">{\"@context\":\"https:\\\/\\\/schema.org\",\"@graph\":[{\"@type\":\"WebPage\",\"@id\":\"https:\\\/\\\/www.canarie.ca\\\/fr\\\/carrieres\\\/developpeur-de-logiciels-principal\\\/\",\"url\":\"https:\\\/\\\/www.canarie.ca\\\/fr\\\/carrieres\\\/developpeur-de-logiciels-principal\\\/\",\"name\":\"D\u00e9veloppeur(se) de logiciels principal(e) - CANARIE\",\"isPartOf\":{\"@id\":\"https:\\\/\\\/www.canarie.ca\\\/#website\"},\"datePublished\":\"2024-05-31T15:30:58+00:00\",\"dateModified\":\"2026-02-24T18:46:26+00:00\",\"breadcrumb\":{\"@id\":\"https:\\\/\\\/www.canarie.ca\\\/fr\\\/carrieres\\\/developpeur-de-logiciels-principal\\\/#breadcrumb\"},\"inLanguage\":\"fr-FR\",\"potentialAction\":[{\"@type\":\"ReadAction\",\"target\":[\"https:\\\/\\\/www.canarie.ca\\\/fr\\\/carrieres\\\/developpeur-de-logiciels-principal\\\/\"]}]},{\"@type\":\"BreadcrumbList\",\"@id\":\"https:\\\/\\\/www.canarie.ca\\\/fr\\\/carrieres\\\/developpeur-de-logiciels-principal\\\/#breadcrumb\",\"itemListElement\":[{\"@type\":\"ListItem\",\"position\":1,\"name\":\"Accueil\",\"item\":\"https:\\\/\\\/www.canarie.ca\\\/fr\\\/\"},{\"@type\":\"ListItem\",\"position\":2,\"name\":\"Carri\u00e8res\",\"item\":\"https:\\\/\\\/www.canarie.ca\\\/fr\\\/carrieres\\\/\"},{\"@type\":\"ListItem\",\"position\":3,\"name\":\"D\u00e9veloppeur(se) de logiciels principal(e)\"}]},{\"@type\":\"WebSite\",\"@id\":\"https:\\\/\\\/www.canarie.ca\\\/#website\",\"url\":\"https:\\\/\\\/www.canarie.ca\\\/\",\"name\":\"CANARIE\",\"description\":\"\",\"potentialAction\":[{\"@type\":\"SearchAction\",\"target\":{\"@type\":\"EntryPoint\",\"urlTemplate\":\"https:\\\/\\\/www.canarie.ca\\\/?s={search_term_string}\"},\"query-input\":{\"@type\":\"PropertyValueSpecification\",\"valueRequired\":true,\"valueName\":\"search_term_string\"}}],\"inLanguage\":\"fr-FR\"}]}<\/script>\n<!-- \/ Yoast SEO plugin. -->","yoast_head_json":{"title":"D\u00e9veloppeur(se) de logiciels principal(e) - CANARIE","robots":{"index":"index","follow":"follow","max-snippet":"max-snippet:-1","max-image-preview":"max-image-preview:large","max-video-preview":"max-video-preview:-1"},"canonical":"https:\/\/www.canarie.ca\/fr\/carrieres\/developpeur-de-logiciels-principal\/","og_locale":"fr_FR","og_type":"article","og_title":"D\u00e9veloppeur(se) de logiciels principal(e) - CANARIE","og_description":"D\u00e9veloppeur(se) de logiciels principal(e) Travaillons ensemble Nous croyons dans l\u2019\u00e9quit\u00e9 en mati\u00e8re d\u2019emploi et encourageons ceux et celles qui nous [&hellip;]","og_url":"https:\/\/www.canarie.ca\/fr\/carrieres\/developpeur-de-logiciels-principal\/","og_site_name":"CANARIE","article_modified_time":"2026-02-24T18:46:26+00:00","twitter_card":"summary_large_image","schema":{"@context":"https:\/\/schema.org","@graph":[{"@type":"WebPage","@id":"https:\/\/www.canarie.ca\/fr\/carrieres\/developpeur-de-logiciels-principal\/","url":"https:\/\/www.canarie.ca\/fr\/carrieres\/developpeur-de-logiciels-principal\/","name":"D\u00e9veloppeur(se) de logiciels principal(e) - CANARIE","isPartOf":{"@id":"https:\/\/www.canarie.ca\/#website"},"datePublished":"2024-05-31T15:30:58+00:00","dateModified":"2026-02-24T18:46:26+00:00","breadcrumb":{"@id":"https:\/\/www.canarie.ca\/fr\/carrieres\/developpeur-de-logiciels-principal\/#breadcrumb"},"inLanguage":"fr-FR","potentialAction":[{"@type":"ReadAction","target":["https:\/\/www.canarie.ca\/fr\/carrieres\/developpeur-de-logiciels-principal\/"]}]},{"@type":"BreadcrumbList","@id":"https:\/\/www.canarie.ca\/fr\/carrieres\/developpeur-de-logiciels-principal\/#breadcrumb","itemListElement":[{"@type":"ListItem","position":1,"name":"Accueil","item":"https:\/\/www.canarie.ca\/fr\/"},{"@type":"ListItem","position":2,"name":"Carri\u00e8res","item":"https:\/\/www.canarie.ca\/fr\/carrieres\/"},{"@type":"ListItem","position":3,"name":"D\u00e9veloppeur(se) de logiciels principal(e)"}]},{"@type":"WebSite","@id":"https:\/\/www.canarie.ca\/#website","url":"https:\/\/www.canarie.ca\/","name":"CANARIE","description":"","potentialAction":[{"@type":"SearchAction","target":{"@type":"EntryPoint","urlTemplate":"https:\/\/www.canarie.ca\/?s={search_term_string}"},"query-input":{"@type":"PropertyValueSpecification","valueRequired":true,"valueName":"search_term_string"}}],"inLanguage":"fr-FR"}]}},"_links":{"self":[{"href":"https:\/\/www.canarie.ca\/fr\/wp-json\/wp\/v2\/pages\/43417","targetHints":{"allow":["GET"]}}],"collection":[{"href":"https:\/\/www.canarie.ca\/fr\/wp-json\/wp\/v2\/pages"}],"about":[{"href":"https:\/\/www.canarie.ca\/fr\/wp-json\/wp\/v2\/types\/page"}],"author":[{"embeddable":true,"href":"https:\/\/www.canarie.ca\/fr\/wp-json\/wp\/v2\/users\/19"}],"replies":[{"embeddable":true,"href":"https:\/\/www.canarie.ca\/fr\/wp-json\/wp\/v2\/comments?post=43417"}],"version-history":[{"count":9,"href":"https:\/\/www.canarie.ca\/fr\/wp-json\/wp\/v2\/pages\/43417\/revisions"}],"predecessor-version":[{"id":50761,"href":"https:\/\/www.canarie.ca\/fr\/wp-json\/wp\/v2\/pages\/43417\/revisions\/50761"}],"up":[{"embeddable":true,"href":"https:\/\/www.canarie.ca\/fr\/wp-json\/wp\/v2\/pages\/6314"}],"wp:attachment":[{"href":"https:\/\/www.canarie.ca\/fr\/wp-json\/wp\/v2\/media?parent=43417"}],"curies":[{"name":"wp","href":"https:\/\/api.w.org\/{rel}","templated":true}]}}