{"id":43780,"date":"2024-07-16T14:50:52","date_gmt":"2024-07-16T18:50:52","guid":{"rendered":"https:\/\/www.canarie.ca\/?page_id=43780"},"modified":"2024-07-16T14:50:53","modified_gmt":"2024-07-16T18:50:53","slug":"analyste-comptable","status":"publish","type":"page","link":"https:\/\/www.canarie.ca\/fr\/carrieres\/analyste-comptable\/","title":{"rendered":"Analyste comptable"},"content":{"rendered":"\n<div style=\"height:36px\" aria-hidden=\"true\" class=\"wp-block-spacer\"><\/div>\n\n\n\n<h1 class=\"wp-block-heading has-text-align-center\" id=\"program-manager-identity-and-access-management\"><strong>Analyste comptable<\/strong><\/h1>\n\n\n\n<div style=\"height:36px\" aria-hidden=\"true\" class=\"wp-block-spacer\"><\/div>\n\n\n\n<section class=\"section section--banner simple-fade light-blue alignfull\">\n  <div class=\"grid-container text-center\">\n  \t\t  \t\t  \t  <div class=\"large\"><p>Le titulaire du poste s\u2019occupe des comptes fournisseurs de CANAIRE et assume d\u2019autres t\u00e2ches courantes en comptabilit\u00e9.<\/p>\n<p>Il s\u2019agit d\u2019un poste permanent, \u00e0 temps plein, qui rel\u00e8ve du contr\u00f4leur de CANARIE.<\/p>\n<\/div>\n\t  \t  \t\t  <\/div>\n<\/section>\n\n\n\n<h4 class=\"wp-block-heading\"><\/h4>\n\n\n\n<section class=\"section section--text-columns\">\n    <div class=\"grid-container\">\n      \n                      <div class=\"grid-x grid-padding-x\">\n                                                <div class=\"cell\">\n                    <h3>Principales responsabilit\u00e9s<\/h3>\n                  <\/div>\n                                                                              <div class=\"cell medium-6\">\n                          <ul>\n<li>Traiter les demandes de remboursement des participants subventionn\u00e9s, notamment en v\u00e9rifiant la documentation d\u2019appoint qui les accompagne<\/li>\n<li>Pr\u00e9parer les historiques et rapprocher les comptes<\/li>\n<li>Agir en tant que principale personne-ressource en finances aupr\u00e8s des employ\u00e9s pour le remboursement des d\u00e9penses et aupr\u00e8s des fournisseurs pour le paiement des factures en veillant \u00e0 communiquer avec eux en temps voulu<\/li>\n<li>Saisir les transactions des comptes fournisseurs, y compris les factures et les relev\u00e9s de d\u00e9penses<\/li>\n<li>Relier les factures aux bons de commande et aux documents re\u00e7us<\/li>\n<li>V\u00e9rifier les modifications que les fournisseurs souhaitent apporter \u00e0 leurs coordonn\u00e9es bancaires<\/li>\n<\/ul>\n                        <\/div>\n                                                <div class=\"cell medium-6\">\n                          <ul>\n<li>R\u00e9diger les rapports sur les grands livres auxiliaires et proc\u00e9der aux conciliations<\/li>\n<li>Inscrire les re\u00e7us de caisse et les paiements (virements t\u00e9l\u00e9graphiques, r\u00e8glement des factures, ch\u00e8ques, )<\/li>\n<li>Participer aux activit\u00e9s de cl\u00f4ture d\u2019exercice<\/li>\n<li>Concourir aux projets d\u2019implantation de syst\u00e8mes<\/li>\n<li>Faciliter la mise en place et le maintien de contr\u00f4les financiers \u00e0 l\u2019interne et des m\u00e9thodes connexes<\/li>\n<li>Assumer d\u2019autres fonctions et responsabilit\u00e9s au besoin<\/li>\n<\/ul>\n                        <\/div>\n                                          \n                                    \n                                <\/div>\n                <\/div>\n  <\/section>\n  \n\n\n<section class=\"section section--text-columns no-background\">\n    <div class=\"grid-container\">\n      <div class=\"grid-x grid-padding-x\">\n        <div class=\"cell\">\n                  \t<h3>Le candidat r\u00eav\u00e9<\/h3>\n                    <p>Pour exceller chez CANARIE, il illustrera de fa\u00e7on manifeste sa capacit\u00e9 \u00e0 collaborer au sein d\u2019une \u00e9quipe. Son dynamisme lui inculquera la motivation n\u00e9cessaire pour travailler de fa\u00e7on autonome. Il communiquera \u00e0 merveille verbalement et par \u00e9crit. G\u00e9rer des \u00e9ch\u00e9ances, r\u00e9soudre des probl\u00e8mes et composer avec de multiples priorit\u00e9s figureront parmi ses points forts. Enfin, le candidat id\u00e9al \u00e9pousera les valeurs de CANARIE que sont le service \u00e0 la client\u00e8le, l\u2019esprit d\u2019\u00e9quipe, l\u2019inclusion, l\u2019innovation, la conscience professionnelle et l\u2019int\u00e9grit\u00e9.<\/p>\n<p>L\u2019exp\u00e9rience pertinente du travail pour un organisme public sans but lucratif serait un atout. On privil\u00e9giera les personnes bilingues.<\/p>\n                  <\/div>\n      <\/div>\n    <\/div>\n  <\/section>\n\n\n<section class=\"section section--text-columns no-background\">\n    <div class=\"grid-container\">\n      <div class=\"grid-x grid-padding-x\">\n        <div class=\"cell\">\n                  \t<h3>Vos acquis<\/h3>\n                    <h3>Formation et exp\u00e9rience<\/h3>\n<ul>\n<li>Dipl\u00f4me coll\u00e9gial ou universitaire en administration des affaires ou comptabilit\u00e9, ou combinaison ad\u00e9quate de cours, d\u2019exp\u00e9rience et de formations dans un domaine pertinent<\/li>\n<li>Au moins cinq (5) ann\u00e9es d\u2019exp\u00e9rience en traitement des comptes fournisseurs et autre exp\u00e9rience en comptabilit\u00e9<\/li>\n<\/ul>\n<h3>Aptitudes<\/h3>\n<ul>\n<li>Solide esprit d\u2019analyse et souci du d\u00e9tail<\/li>\n<li>Aptitude \u00e0 r\u00e9soudre les probl\u00e8mes, notamment \u00e0 rep\u00e9rer les difficult\u00e9s et \u00e0 proposer une solution \u00e9ventuelle<\/li>\n<li>Grande facilit\u00e9 \u00e0 communiquer et \u00e0 adapter son discours en fonction des intervenants<\/li>\n<li>Aptitude \u00e0 g\u00e9rer des priorit\u00e9s multiples au travail<\/li>\n<\/ul>\n<h3>Comp\u00e9tences techniques<\/h3>\n<ul>\n<li>Connaissance th\u00e9orique et pratique de la s\u00e9rie de logiciels Microsoft Office, y compris de l\u2019usage des formules dans Excel<\/li>\n<li>Exp\u00e9rience pratique des applications de planification des ressources de l\u2019entreprise et des outils de d\u00e9claration connexes<\/li>\n<li>L\u2019exp\u00e9rience pratique du logiciel Dynamics Great Plains de Microsoft est souhaitable.<\/li>\n<li>L\u2019exp\u00e9rience de PairSoft WorkPlace est souhaitable.<\/li>\n<\/ul>\n                  <\/div>\n      <\/div>\n    <\/div>\n  <\/section>\n\n\n<h3 class=\"wp-block-heading has-cyan-color has-text-color\" id=\"come-work-with-us\">Travaillons ensemble<\/h3>\n\n\n\n<p>Nous croyons dans l\u2019\u00e9quit\u00e9 en mati\u00e8re d\u2019emploi et encourageons tous ceux qui pourraient contribuer \u00e0 diversifier nos id\u00e9es et nos points de vue \u00e0 poser leur candidature. Des accommodements seront offerts aux personnes atteintes d\u2019un handicap qui en font la demande, \u00e0 toutes les \u00e9tapes du recrutement et du processus d\u2019\u00e9valuation.<\/p>\n\n\n\n<p>Le poste semble fait pour vous? Envoyez un mot et votre curriculum vitae \u00e0 <a href=\"mailto:careers@canarie.ca\">careers@canarie.ca<\/a> en mentionnant le titre du poste dans le courriel.<\/p>\n\n\n\n<p>Nous remercions tous les int\u00e9ress\u00e9s, mais seules les personnes retenues pour un entrevue recevront un appel.<\/p>\n","protected":false},"excerpt":{"rendered":"<p>Analyste comptable Travaillons ensemble Nous croyons dans l\u2019\u00e9quit\u00e9 en mati\u00e8re d\u2019emploi et encourageons tous ceux qui pourraient contribuer \u00e0 diversifier [&hellip;]<\/p>\n","protected":false},"author":19,"featured_media":0,"parent":6314,"menu_order":8,"comment_status":"closed","ping_status":"closed","template":"","meta":{"_acf_changed":false,"footnotes":""},"class_list":["post-43780","page","type-page","status-publish","hentry"],"acf":[],"yoast_head":"<!-- This site is optimized with the Yoast SEO plugin v27.3 - https:\/\/yoast.com\/product\/yoast-seo-wordpress\/ -->\n<title>Analyste comptable - CANARIE<\/title>\n<meta name=\"robots\" content=\"index, follow, max-snippet:-1, max-image-preview:large, max-video-preview:-1\" \/>\n<link rel=\"canonical\" href=\"https:\/\/www.canarie.ca\/fr\/carrieres\/analyste-comptable\/\" \/>\n<meta property=\"og:locale\" content=\"fr_FR\" \/>\n<meta property=\"og:type\" content=\"article\" \/>\n<meta property=\"og:title\" content=\"Analyste comptable - CANARIE\" \/>\n<meta property=\"og:description\" content=\"Analyste comptable Travaillons ensemble Nous croyons dans l\u2019\u00e9quit\u00e9 en mati\u00e8re d\u2019emploi et encourageons tous ceux qui pourraient contribuer \u00e0 diversifier [&hellip;]\" \/>\n<meta property=\"og:url\" content=\"https:\/\/www.canarie.ca\/fr\/carrieres\/analyste-comptable\/\" \/>\n<meta property=\"og:site_name\" content=\"CANARIE\" \/>\n<meta property=\"article:modified_time\" content=\"2024-07-16T18:50:53+00:00\" \/>\n<meta name=\"twitter:card\" content=\"summary_large_image\" \/>\n<script type=\"application\/ld+json\" class=\"yoast-schema-graph\">{\"@context\":\"https:\\\/\\\/schema.org\",\"@graph\":[{\"@type\":\"WebPage\",\"@id\":\"https:\\\/\\\/www.canarie.ca\\\/fr\\\/carrieres\\\/analyste-comptable\\\/\",\"url\":\"https:\\\/\\\/www.canarie.ca\\\/fr\\\/carrieres\\\/analyste-comptable\\\/\",\"name\":\"Analyste comptable - CANARIE\",\"isPartOf\":{\"@id\":\"https:\\\/\\\/www.canarie.ca\\\/#website\"},\"datePublished\":\"2024-07-16T18:50:52+00:00\",\"dateModified\":\"2024-07-16T18:50:53+00:00\",\"breadcrumb\":{\"@id\":\"https:\\\/\\\/www.canarie.ca\\\/fr\\\/carrieres\\\/analyste-comptable\\\/#breadcrumb\"},\"inLanguage\":\"fr-FR\",\"potentialAction\":[{\"@type\":\"ReadAction\",\"target\":[\"https:\\\/\\\/www.canarie.ca\\\/fr\\\/carrieres\\\/analyste-comptable\\\/\"]}]},{\"@type\":\"BreadcrumbList\",\"@id\":\"https:\\\/\\\/www.canarie.ca\\\/fr\\\/carrieres\\\/analyste-comptable\\\/#breadcrumb\",\"itemListElement\":[{\"@type\":\"ListItem\",\"position\":1,\"name\":\"Accueil\",\"item\":\"https:\\\/\\\/www.canarie.ca\\\/fr\\\/homepage\\\/\"},{\"@type\":\"ListItem\",\"position\":2,\"name\":\"Carri\u00e8res\",\"item\":\"https:\\\/\\\/www.canarie.ca\\\/fr\\\/carrieres\\\/\"},{\"@type\":\"ListItem\",\"position\":3,\"name\":\"Analyste comptable\"}]},{\"@type\":\"WebSite\",\"@id\":\"https:\\\/\\\/www.canarie.ca\\\/#website\",\"url\":\"https:\\\/\\\/www.canarie.ca\\\/\",\"name\":\"CANARIE\",\"description\":\"\",\"potentialAction\":[{\"@type\":\"SearchAction\",\"target\":{\"@type\":\"EntryPoint\",\"urlTemplate\":\"https:\\\/\\\/www.canarie.ca\\\/?s={search_term_string}\"},\"query-input\":{\"@type\":\"PropertyValueSpecification\",\"valueRequired\":true,\"valueName\":\"search_term_string\"}}],\"inLanguage\":\"fr-FR\"}]}<\/script>\n<!-- \/ Yoast SEO plugin. -->","yoast_head_json":{"title":"Analyste comptable - CANARIE","robots":{"index":"index","follow":"follow","max-snippet":"max-snippet:-1","max-image-preview":"max-image-preview:large","max-video-preview":"max-video-preview:-1"},"canonical":"https:\/\/www.canarie.ca\/fr\/carrieres\/analyste-comptable\/","og_locale":"fr_FR","og_type":"article","og_title":"Analyste comptable - CANARIE","og_description":"Analyste comptable Travaillons ensemble Nous croyons dans l\u2019\u00e9quit\u00e9 en mati\u00e8re d\u2019emploi et encourageons tous ceux qui pourraient contribuer \u00e0 diversifier [&hellip;]","og_url":"https:\/\/www.canarie.ca\/fr\/carrieres\/analyste-comptable\/","og_site_name":"CANARIE","article_modified_time":"2024-07-16T18:50:53+00:00","twitter_card":"summary_large_image","schema":{"@context":"https:\/\/schema.org","@graph":[{"@type":"WebPage","@id":"https:\/\/www.canarie.ca\/fr\/carrieres\/analyste-comptable\/","url":"https:\/\/www.canarie.ca\/fr\/carrieres\/analyste-comptable\/","name":"Analyste comptable - CANARIE","isPartOf":{"@id":"https:\/\/www.canarie.ca\/#website"},"datePublished":"2024-07-16T18:50:52+00:00","dateModified":"2024-07-16T18:50:53+00:00","breadcrumb":{"@id":"https:\/\/www.canarie.ca\/fr\/carrieres\/analyste-comptable\/#breadcrumb"},"inLanguage":"fr-FR","potentialAction":[{"@type":"ReadAction","target":["https:\/\/www.canarie.ca\/fr\/carrieres\/analyste-comptable\/"]}]},{"@type":"BreadcrumbList","@id":"https:\/\/www.canarie.ca\/fr\/carrieres\/analyste-comptable\/#breadcrumb","itemListElement":[{"@type":"ListItem","position":1,"name":"Accueil","item":"https:\/\/www.canarie.ca\/fr\/homepage\/"},{"@type":"ListItem","position":2,"name":"Carri\u00e8res","item":"https:\/\/www.canarie.ca\/fr\/carrieres\/"},{"@type":"ListItem","position":3,"name":"Analyste comptable"}]},{"@type":"WebSite","@id":"https:\/\/www.canarie.ca\/#website","url":"https:\/\/www.canarie.ca\/","name":"CANARIE","description":"","potentialAction":[{"@type":"SearchAction","target":{"@type":"EntryPoint","urlTemplate":"https:\/\/www.canarie.ca\/?s={search_term_string}"},"query-input":{"@type":"PropertyValueSpecification","valueRequired":true,"valueName":"search_term_string"}}],"inLanguage":"fr-FR"}]}},"_links":{"self":[{"href":"https:\/\/www.canarie.ca\/fr\/wp-json\/wp\/v2\/pages\/43780","targetHints":{"allow":["GET"]}}],"collection":[{"href":"https:\/\/www.canarie.ca\/fr\/wp-json\/wp\/v2\/pages"}],"about":[{"href":"https:\/\/www.canarie.ca\/fr\/wp-json\/wp\/v2\/types\/page"}],"author":[{"embeddable":true,"href":"https:\/\/www.canarie.ca\/fr\/wp-json\/wp\/v2\/users\/19"}],"replies":[{"embeddable":true,"href":"https:\/\/www.canarie.ca\/fr\/wp-json\/wp\/v2\/comments?post=43780"}],"version-history":[{"count":1,"href":"https:\/\/www.canarie.ca\/fr\/wp-json\/wp\/v2\/pages\/43780\/revisions"}],"predecessor-version":[{"id":43782,"href":"https:\/\/www.canarie.ca\/fr\/wp-json\/wp\/v2\/pages\/43780\/revisions\/43782"}],"up":[{"embeddable":true,"href":"https:\/\/www.canarie.ca\/fr\/wp-json\/wp\/v2\/pages\/6314"}],"wp:attachment":[{"href":"https:\/\/www.canarie.ca\/fr\/wp-json\/wp\/v2\/media?parent=43780"}],"curies":[{"name":"wp","href":"https:\/\/api.w.org\/{rel}","templated":true}]}}