{"id":45359,"date":"2025-04-16T08:34:14","date_gmt":"2025-04-16T12:34:14","guid":{"rendered":"https:\/\/www.canarie.ca\/?page_id=45359"},"modified":"2025-05-29T11:55:54","modified_gmt":"2025-05-29T15:55:54","slug":"presidente-et-cheffe-de-direction","status":"publish","type":"page","link":"https:\/\/www.canarie.ca\/fr\/carrieres\/presidente-et-cheffe-de-direction\/","title":{"rendered":"Pr\u00e9sident(e) et chef(fe) de direction"},"content":{"rendered":"\n<div style=\"height:36px\" aria-hidden=\"true\" class=\"wp-block-spacer\"><\/div>\n\n\n\n<h1 class=\"wp-block-heading has-text-align-center\">Pr\u00e9sident(e) et chef(fe) de direction<\/h1>\n\n\n\n<div style=\"height:36px\" aria-hidden=\"true\" class=\"wp-block-spacer\"><\/div>\n\n\n\n<section class=\"section section--banner simple-fade light-blue alignfull\">\n  <div class=\"grid-container text-center\">\n  \t\t  \t\t  \t  <div class=\"large\"><p>La personne \u00e0 la pr\u00e9sidence et \u00e0 la t\u00eate de la direction de CANARIE assure un leadership strat\u00e9gique, forge une vision et supervise les op\u00e9rations de l\u2019organisation pour lui permettre de faire progresser les programmes qu\u2019elle propose au secteur canadien de la recherche et de l\u2019\u00e9ducation. Elle facilite l\u2019innovation, la collaboration et les associations avec le gouvernement, les \u00e9tablissements d\u2019enseignement postsecondaire et l\u2019industrie pour renforcer la posture de CANARIE en tant qu\u2019organisme indispensable \u00e0 la nation.<\/p>\n<\/div>\n\t  \t  \t\t  <\/div>\n<\/section>\n\n\n\n<p>Le ou la titulaire du poste dirige une \u00e9quipe extr\u00eamement comp\u00e9tente et pr\u00f4ne une culture de l\u2019excellence mati\u00e8re de rendement et de service tout en veillant \u00e0 une gestion efficace des programmes, des finances et de l\u2019engagement communautaire de l\u2019organisation.<\/p>\n\n\n\n<p>Tout en rendant des comptes au conseil d\u2019administration, la personne qui occupe la pr\u00e9sidence militera pour la croissance \u00e0 long terme de l\u2019organisme, en s\u00e9curisera durablement le financement et d\u00e9fendra une vision \u00e9clair\u00e9e de la r\u00e9seautique, de la cybers\u00e9curit\u00e9 et de l\u2019innovation au Canada.<\/p>\n\n\n\n<section class=\"section section--text-columns\">\n    <div class=\"grid-container\">\n      \n                      <div class=\"grid-x grid-padding-x\">\n                                                <div class=\"cell\">\n                    <h3>\u00c0 ces fonctions s\u2019ajoutent les suivantes :<\/h3>\n                  <\/div>\n                                                                              <div class=\"cell medium-6\">\n                          <ul>\n<li>\u00e9laborer et soutenir une vision audacieuse et rassembleuse;<\/li>\n<li>g\u00e9rer une \u00e9quipe d\u2019employ\u00e9s et d\u2019employ\u00e9es tr\u00e8s comp\u00e9tents et concourir \u00e0 la planification ainsi qu\u2019au d\u00e9veloppement de leur carri\u00e8re \u00e0 court et \u00e0 long terme;<\/li>\n<li>d\u00e9fendre les politiques de l\u2019organisme et \u0153uvrer \u00e0 son financement;<\/li>\n<li>nouer des liens avec un public vari\u00e9 et avec les membres du secteur priv\u00e9, y compris ses bailleurs de fonds actuels et potentiels, ses partenaires r\u00e9gionaux, les membres de l\u2019\u00e9cosyst\u00e8me et les minist\u00e8res gouvernementaux;<\/li>\n<\/ul>\n                        <\/div>\n                                                <div class=\"cell medium-6\">\n                          <ul>\n<li>adapter la mission de CANARIE et ce que propose l\u2019organisme en fonction des besoins en constante \u00e9volution du milieu de la recherche et de l\u2019\u00e9ducation;<\/li>\n<li>\u00e9chafauder des strat\u00e9gies innovantes afin que l\u2019organisation aille de l\u2019avant dans un environnement fluctuant;<\/li>\n<li>nouer des relations dans le cadre d\u2019une approche collaborative afin de faire progresser l\u2019infrastructure de recherche num\u00e9rique (IRN) du Canada.<\/li>\n<\/ul>\n                        <\/div>\n                                          \n                                      <div class=\"cell text-center\">\n                      <p class=\"bold large\">Pour garantir la viabilit\u00e9 \u00e0 long terme de l\u2019organisme, la ou le pr\u00e9sident et chef de direction voit \u00e0 l\u2019ex\u00e9cution de sa mission actuelle et veille \u00e0 tirer le maximum des fonds dont dispose l\u2019organisme dans le respect de ses obligations et l\u2019esprit de l\u2019accord de contribution qu\u2019il a conclu avec le gouvernement du Canada. Enfin, il ou elle s\u2019assure de la reconduction du mandat de CANARIE et travaille au renouvellement du financement qui s\u2019y associe.<\/p>\n                    <\/div>\n                                    \n                                <\/div>\n                <\/div>\n  <\/section>\n  \n\n\n<section class=\"section section--text-columns\">\n    <div class=\"grid-container\">\n      \n                      <div class=\"grid-x grid-padding-x\">\n                                                <div class=\"cell\">\n                    <h3>Principales responsabilit\u00e9s<\/h3>\n                  <\/div>\n                                                                              <div class=\"cell medium-6\">\n                          <ul>\n<li>Supervision des op\u00e9rations<\/li>\n<li>Positionnement strat\u00e9gique<\/li>\n<li>Direction d\u2019\u00e9quipes<\/li>\n<li>Relations communautaires<\/li>\n<li>Aide \u00e0 la gouvernance<\/li>\n<\/ul>\n                        <\/div>\n                                          \n                                    \n                                <\/div>\n                <\/div>\n  <\/section>\n  \n\n\n<section class=\"section section--text-columns no-background\">\n    <div class=\"grid-container\">\n      <div class=\"grid-x grid-padding-x\">\n        <div class=\"cell\">\n                  \t<h3>Le candidat r\u00eav\u00e9<\/h3>\n                    <p>Pour endosser un tel r\u00f4le, il faut un cadre sup\u00e9rieur chevronn\u00e9 \u2013 un ou une pr\u00e9sidente et cheffe de direction \u2013 qui a assum\u00e9 d\u2019importantes fonctions au niveau des affaires et des op\u00e9rations dans des situations aussi multiples que complexes, et pourra donc positionner CANARIE pour que l\u2019organisme continue de conna\u00eetre le succ\u00e8s et d\u2019\u00e9voluer dans un environnement que fluidifient le progr\u00e8s technologique, les priorit\u00e9s gouvernementales et le climat g\u00e9opolitique. Voici le portrait d\u2019une telle personne.<\/p>\n<ul>\n<li>Un innovateur, entrepreneur et visionnaire qui remettra en question le statu quo, fa\u00e7onnera une vision exaltante pour l\u2019organisme, ralliera des gens \u00e0 sa cause (\u00e0 l\u2019interne et \u00e0 l\u2019externe) et imaginera de nouvelles approches et strat\u00e9gies pour qu\u2019une telle vision se concr\u00e9tise.<\/li>\n<li>Un leader organisationnel inspirant qui s\u2019est fait conna\u00eetre en pilotant le changement, en nourrissant une philosophie ax\u00e9e sur l\u2019entrepreneuriat, la confiance et le respect, ainsi qu\u2019en motivant des \u00e9quipes de professionnels dans un milieu dynamique \u00e0 vocation technologique o\u00f9 s\u2019entrecroisent de nombreux partenaires et int\u00e9r\u00eats.<\/li>\n<li>Quelqu\u2019un qui b\u00e2tira des liens de confiance et promouvra une culture r\u00e9active, articul\u00e9e sur le service \u00e0 la client\u00e8le, et encouragera au plus haut point la transparence, l\u2019ouverture et la collaboration parmi les partenaires de CANARIE au gouvernement, dans le monde universitaire et dans l\u2019industrie.<\/li>\n<li>Un leader du secteur des affaires qui a illustr\u00e9 assez de maturit\u00e9, de jugement et d\u2019exp\u00e9rience pour prendre efficacement les r\u00eanes de CANARIE sans perdre de vue les contraintes qui, eu \u00e9gard au respect des obligations, exigent une grande sagacit\u00e9 dans les op\u00e9rations et les finances, un esprit strat\u00e9gique et de la discipline.<\/li>\n<li>Un communicateur hors pair et cr\u00e9dible, un porte-parole persuasif et passionn\u00e9 qui croit dans l\u2019int\u00e9r\u00eat public de CANARIE, sa mission et son r\u00f4le de catalyseur au sein de l\u2019\u00e9cosyst\u00e8me canadien de la recherche et de l\u2019\u00e9ducation.<\/li>\n<li>Une personne pragmatique et aguerrie sachant naviguer \u00e0 travers les m\u00e9andres de la politique et de la bureaucratie ainsi que dans les structures qui ont une incidence sur le financement, le mandat et l\u2019\u00e9volution de l\u2019organisme.<\/li>\n<li>Un instructeur comp\u00e9tent et s\u00fbr de lui poss\u00e9dant la stature, la pr\u00e9sence de m\u00eame que l\u2019int\u00e9grit\u00e9 personnelle et professionnelle voulues pour d\u00e9l\u00e9guer et partager ses pouvoirs avec les membres de la haute direction de CANARIE.<\/li>\n<li>Un leader chevronn\u00e9 d\u00e9tenant une solide exp\u00e9rience du milieu de la technologie et du secteur des organismes sans but lucratif financ\u00e9s par les coffres publics.<\/li>\n<\/ul>\n<p>Voici d\u2019autres qualit\u00e9s que devrait poss\u00e9der le ou la candidate id\u00e9ale.<\/p>\n<ul>\n<li>Exp\u00e9rience de la direction d\u2019un organisme d\u2019une taille et d\u2019une port\u00e9e similaires \u00e0 celles de CANARIE, qui \u0153uvre et compte des partenaires au pays comme \u00e0 l\u2019\u00e9tranger<\/li>\n<li>Compr\u00e9hension de la fa\u00e7on dont on \u00e9labore les politiques au gouvernement f\u00e9d\u00e9ral<\/li>\n<li>Ma\u00eetrise technique ad\u00e9quate des r\u00e9seaux de t\u00e9l\u00e9communication et de la cybers\u00e9curit\u00e9; aptitude \u00e0 bien faire comprendre les avantages d\u2019une foule d\u2019applications et de technologies<\/li>\n<li>Connaissance de l\u2019infrastructure en cybers\u00e9curit\u00e9 et des moyens utilis\u00e9s pour r\u00e9duire les risques<\/li>\n<li>Connaissance des r\u00f4les et des relations dans la communaut\u00e9 de l\u2019enseignement sup\u00e9rieur, notamment des dirigeants principaux de l\u2019information, des vice-pr\u00e9sidents de la recherche, des membres du corps professoral et des responsables de l\u2019administration<\/li>\n<li>Dipl\u00f4me coll\u00e9gial ou universitaire en affaires, ou combinaison de formations et d\u2019exp\u00e9rience dans les domaines appropri\u00e9s<\/li>\n<li>Une solide ma\u00eetrise des deux langues officielles est souhaitable.<\/li>\n<\/ul>\n                  <\/div>\n      <\/div>\n    <\/div>\n  <\/section>\n\n\n<section class=\"section section--text-columns no-background\">\n    <div class=\"grid-container\">\n      <div class=\"grid-x grid-padding-x\">\n        <div class=\"cell\">\n                  \t<h3>Emplacement<\/h3>\n                    <p>Le bureau qu\u2019occupera le ou la pr\u00e9sidente et cheffe de direction se trouve au centre-ville d\u2019Ottawa.<\/p>\n                  <\/div>\n      <\/div>\n    <\/div>\n  <\/section>\n\n\n<section class=\"section section--text-columns no-background\">\n    <div class=\"grid-container\">\n      <div class=\"grid-x grid-padding-x\">\n        <div class=\"cell\">\n                  \t<h3>R\u00e9mun\u00e9ration et avantages sociaux<\/h3>\n                    <p>La r\u00e9mun\u00e9ration du poste est concurrentielle et s\u2019accordera aux talents et aux comp\u00e9tences de la personne retenue. L\u2019enveloppe salariale pr\u00e9voit le perfectionnement professionnel, des avantages sociaux et des contributions \u00e0 un REER.<\/p>\n                  <\/div>\n      <\/div>\n    <\/div>\n  <\/section>\n\n\n<h3 class=\"wp-block-heading has-cyan-color has-text-color\">Travaillons ensemble<\/h3>\n\n\n\n<p>Nous croyons dans l\u2019\u00e9quit\u00e9 en mati\u00e8re d\u2019emploi et encourageons ceux et celles qui pourraient contribuer \u00e0 diversifier nos id\u00e9es et nos points de vue \u00e0 poser leur candidature. Des accommodements seront offerts aux personnes aux prises avec un handicap qui en font la demande, \u00e0 toutes les \u00e9tapes du recrutement et du processus d\u2019\u00e9valuation.<\/p>\n\n\n\n<p>Nous vous invitons \u00e0 nous faire parvenir votre curriculum vitae et une lettre d\u2019accompagnement par courriel \u00e0 <a href=\"mailto:slewis@businesssherpagroup.com\">slewis@businesssherpagroup.com<\/a>. Le tout restera strictement confidentiel.<\/p>\n","protected":false},"excerpt":{"rendered":"<p>Pr\u00e9sident(e) et chef(fe) de direction Le ou la titulaire du poste dirige une \u00e9quipe extr\u00eamement comp\u00e9tente et pr\u00f4ne une culture [&hellip;]<\/p>\n","protected":false},"author":19,"featured_media":0,"parent":6314,"menu_order":3,"comment_status":"closed","ping_status":"closed","template":"","meta":{"_acf_changed":false,"footnotes":""},"class_list":["post-45359","page","type-page","status-publish","hentry"],"acf":[],"yoast_head":"<!-- This site is optimized with the Yoast SEO plugin v27.4 - https:\/\/yoast.com\/product\/yoast-seo-wordpress\/ -->\n<title>Pr\u00e9sident(e) et chef(fe) de direction - CANARIE<\/title>\n<meta name=\"robots\" content=\"index, follow, max-snippet:-1, max-image-preview:large, max-video-preview:-1\" \/>\n<link rel=\"canonical\" href=\"https:\/\/www.canarie.ca\/fr\/carrieres\/presidente-et-cheffe-de-direction\/\" \/>\n<meta property=\"og:locale\" content=\"fr_FR\" \/>\n<meta property=\"og:type\" content=\"article\" \/>\n<meta property=\"og:title\" content=\"Pr\u00e9sident(e) et chef(fe) de direction - CANARIE\" \/>\n<meta property=\"og:description\" content=\"Pr\u00e9sident(e) et chef(fe) de direction Le ou la titulaire du poste dirige une \u00e9quipe extr\u00eamement comp\u00e9tente et pr\u00f4ne une culture [&hellip;]\" \/>\n<meta property=\"og:url\" content=\"https:\/\/www.canarie.ca\/fr\/carrieres\/presidente-et-cheffe-de-direction\/\" \/>\n<meta property=\"og:site_name\" content=\"CANARIE\" \/>\n<meta property=\"article:modified_time\" content=\"2025-05-29T15:55:54+00:00\" \/>\n<meta name=\"twitter:card\" content=\"summary_large_image\" \/>\n<script type=\"application\/ld+json\" class=\"yoast-schema-graph\">{\"@context\":\"https:\\\/\\\/schema.org\",\"@graph\":[{\"@type\":\"WebPage\",\"@id\":\"https:\\\/\\\/www.canarie.ca\\\/fr\\\/carrieres\\\/presidente-et-cheffe-de-direction\\\/\",\"url\":\"https:\\\/\\\/www.canarie.ca\\\/fr\\\/carrieres\\\/presidente-et-cheffe-de-direction\\\/\",\"name\":\"Pr\u00e9sident(e) et chef(fe) de direction - CANARIE\",\"isPartOf\":{\"@id\":\"https:\\\/\\\/www.canarie.ca\\\/#website\"},\"datePublished\":\"2025-04-16T12:34:14+00:00\",\"dateModified\":\"2025-05-29T15:55:54+00:00\",\"breadcrumb\":{\"@id\":\"https:\\\/\\\/www.canarie.ca\\\/fr\\\/carrieres\\\/presidente-et-cheffe-de-direction\\\/#breadcrumb\"},\"inLanguage\":\"fr-FR\",\"potentialAction\":[{\"@type\":\"ReadAction\",\"target\":[\"https:\\\/\\\/www.canarie.ca\\\/fr\\\/carrieres\\\/presidente-et-cheffe-de-direction\\\/\"]}]},{\"@type\":\"BreadcrumbList\",\"@id\":\"https:\\\/\\\/www.canarie.ca\\\/fr\\\/carrieres\\\/presidente-et-cheffe-de-direction\\\/#breadcrumb\",\"itemListElement\":[{\"@type\":\"ListItem\",\"position\":1,\"name\":\"Accueil\",\"item\":\"https:\\\/\\\/www.canarie.ca\\\/fr\\\/\"},{\"@type\":\"ListItem\",\"position\":2,\"name\":\"Carri\u00e8res\",\"item\":\"https:\\\/\\\/www.canarie.ca\\\/fr\\\/carrieres\\\/\"},{\"@type\":\"ListItem\",\"position\":3,\"name\":\"Pr\u00e9sident(e) et chef(fe) de direction\"}]},{\"@type\":\"WebSite\",\"@id\":\"https:\\\/\\\/www.canarie.ca\\\/#website\",\"url\":\"https:\\\/\\\/www.canarie.ca\\\/\",\"name\":\"CANARIE\",\"description\":\"\",\"potentialAction\":[{\"@type\":\"SearchAction\",\"target\":{\"@type\":\"EntryPoint\",\"urlTemplate\":\"https:\\\/\\\/www.canarie.ca\\\/?s={search_term_string}\"},\"query-input\":{\"@type\":\"PropertyValueSpecification\",\"valueRequired\":true,\"valueName\":\"search_term_string\"}}],\"inLanguage\":\"fr-FR\"}]}<\/script>\n<!-- \/ Yoast SEO plugin. -->","yoast_head_json":{"title":"Pr\u00e9sident(e) et chef(fe) de direction - CANARIE","robots":{"index":"index","follow":"follow","max-snippet":"max-snippet:-1","max-image-preview":"max-image-preview:large","max-video-preview":"max-video-preview:-1"},"canonical":"https:\/\/www.canarie.ca\/fr\/carrieres\/presidente-et-cheffe-de-direction\/","og_locale":"fr_FR","og_type":"article","og_title":"Pr\u00e9sident(e) et chef(fe) de direction - CANARIE","og_description":"Pr\u00e9sident(e) et chef(fe) de direction Le ou la titulaire du poste dirige une \u00e9quipe extr\u00eamement comp\u00e9tente et pr\u00f4ne une culture [&hellip;]","og_url":"https:\/\/www.canarie.ca\/fr\/carrieres\/presidente-et-cheffe-de-direction\/","og_site_name":"CANARIE","article_modified_time":"2025-05-29T15:55:54+00:00","twitter_card":"summary_large_image","schema":{"@context":"https:\/\/schema.org","@graph":[{"@type":"WebPage","@id":"https:\/\/www.canarie.ca\/fr\/carrieres\/presidente-et-cheffe-de-direction\/","url":"https:\/\/www.canarie.ca\/fr\/carrieres\/presidente-et-cheffe-de-direction\/","name":"Pr\u00e9sident(e) et chef(fe) de direction - CANARIE","isPartOf":{"@id":"https:\/\/www.canarie.ca\/#website"},"datePublished":"2025-04-16T12:34:14+00:00","dateModified":"2025-05-29T15:55:54+00:00","breadcrumb":{"@id":"https:\/\/www.canarie.ca\/fr\/carrieres\/presidente-et-cheffe-de-direction\/#breadcrumb"},"inLanguage":"fr-FR","potentialAction":[{"@type":"ReadAction","target":["https:\/\/www.canarie.ca\/fr\/carrieres\/presidente-et-cheffe-de-direction\/"]}]},{"@type":"BreadcrumbList","@id":"https:\/\/www.canarie.ca\/fr\/carrieres\/presidente-et-cheffe-de-direction\/#breadcrumb","itemListElement":[{"@type":"ListItem","position":1,"name":"Accueil","item":"https:\/\/www.canarie.ca\/fr\/"},{"@type":"ListItem","position":2,"name":"Carri\u00e8res","item":"https:\/\/www.canarie.ca\/fr\/carrieres\/"},{"@type":"ListItem","position":3,"name":"Pr\u00e9sident(e) et chef(fe) de direction"}]},{"@type":"WebSite","@id":"https:\/\/www.canarie.ca\/#website","url":"https:\/\/www.canarie.ca\/","name":"CANARIE","description":"","potentialAction":[{"@type":"SearchAction","target":{"@type":"EntryPoint","urlTemplate":"https:\/\/www.canarie.ca\/?s={search_term_string}"},"query-input":{"@type":"PropertyValueSpecification","valueRequired":true,"valueName":"search_term_string"}}],"inLanguage":"fr-FR"}]}},"_links":{"self":[{"href":"https:\/\/www.canarie.ca\/fr\/wp-json\/wp\/v2\/pages\/45359","targetHints":{"allow":["GET"]}}],"collection":[{"href":"https:\/\/www.canarie.ca\/fr\/wp-json\/wp\/v2\/pages"}],"about":[{"href":"https:\/\/www.canarie.ca\/fr\/wp-json\/wp\/v2\/types\/page"}],"author":[{"embeddable":true,"href":"https:\/\/www.canarie.ca\/fr\/wp-json\/wp\/v2\/users\/19"}],"replies":[{"embeddable":true,"href":"https:\/\/www.canarie.ca\/fr\/wp-json\/wp\/v2\/comments?post=45359"}],"version-history":[{"count":4,"href":"https:\/\/www.canarie.ca\/fr\/wp-json\/wp\/v2\/pages\/45359\/revisions"}],"predecessor-version":[{"id":45772,"href":"https:\/\/www.canarie.ca\/fr\/wp-json\/wp\/v2\/pages\/45359\/revisions\/45772"}],"up":[{"embeddable":true,"href":"https:\/\/www.canarie.ca\/fr\/wp-json\/wp\/v2\/pages\/6314"}],"wp:attachment":[{"href":"https:\/\/www.canarie.ca\/fr\/wp-json\/wp\/v2\/media?parent=45359"}],"curies":[{"name":"wp","href":"https:\/\/api.w.org\/{rel}","templated":true}]}}