{"id":45908,"date":"2025-07-07T17:34:51","date_gmt":"2025-07-07T21:34:51","guid":{"rendered":"https:\/\/www.canarie.ca\/?page_id=45908"},"modified":"2025-08-20T15:48:35","modified_gmt":"2025-08-20T19:48:35","slug":"forum-secure-2025-recherche-de-conferenciers","status":"publish","type":"page","link":"https:\/\/www.canarie.ca\/fr\/forum-secure-2025-recherche-de-conferenciers\/","title":{"rendered":"Recherche de conf\u00e9renciers"},"content":{"rendered":"\n<h1 class=\"wp-block-heading\">Recherche de conf\u00e9renciers<\/h1>\n\n\n\n<p>Les professionnels de la cybers\u00e9curit\u00e9, les cadres ayant notamment la cybers\u00e9curit\u00e9 comme responsabilit\u00e9 (\u00e0 savoir, APSI, DPI, directeurs de la s\u00e9curit\u00e9 de l\u2019information et titulaires de postes analogues), les chercheurs en cybers\u00e9curit\u00e9 et ceux qui participent \u00e0 l\u2019\u00e9laboration de strat\u00e9gies en cybers\u00e9curit\u00e9 pour le milieu de la recherche ou l\u2019enseignement sup\u00e9rieur sont convi\u00e9s \u00e0 soumettre le projet d\u2019une br\u00e8ve pr\u00e9sentation pour le Forum SecuR&amp;E canadien.<\/p>\n\n\n\n<p>Les personnes retenues auront droit \u00e0 une inscription gratuite au Forum et \u00e0 deux nuits d\u2019h\u00e9bergement au Sheraton Vancouver Wall Centre.<\/p>\n\n\n\n<h2 class=\"wp-block-heading\">Pr\u00e9cisions sur l\u2019expos\u00e9<\/h2>\n\n\n\n<p>La pr\u00e9sentation durera 20\u00a0minutes, ce qui inclut une p\u00e9riode de questions de cinq minutes.<\/p>\n\n\n\n<h2 class=\"wp-block-heading\">Consignes<\/h2>\n\n\n\n<p>Le projet indiquera ce qui suit.<\/p>\n\n\n\n<ul class=\"wp-block-list\">\n<li>Nom et titre du conf\u00e9rencier, courriel et organisation<\/li>\n\n\n\n<li>Biographie (150&nbsp;mots au maximum)<\/li>\n\n\n\n<li>Photo du conf\u00e9rencier <\/li>\n\n\n\n<li>R\u00e9sum\u00e9 de la pr\u00e9sentation (250&nbsp;mots au maximum)<\/li>\n\n\n\n<li>Choix d\u2019une s\u00e9ance pour l\u2019expos\u00e9 (pl\u00e9ni\u00e8res, groupes ex\u00e9cutif ou groupes techniques)<\/li>\n<\/ul>\n\n\n\n<h2 class=\"wp-block-heading\">Crit\u00e8res d\u2019\u00e9valuation<\/h2>\n\n\n\n<p>Les crit\u00e8res que voici serviront \u00e0 s\u00e9lectionner les pr\u00e9sentations.<\/p>\n\n\n\n<ul class=\"wp-block-list\">\n<li>Pertinence du sujet pour la collectivit\u00e9 \u00e0 laquelle s\u2019adresse le Forum SecuR&amp;E canadien<\/li>\n\n\n\n<li>Clart\u00e9 de la proposition<\/li>\n\n\n\n<li>Originalit\u00e9\/caract\u00e8re unique du sujet<\/li>\n\n\n\n<li>Bien que la participation des fournisseurs soit la bienvenue, l\u2019expos\u00e9 devrait porter sur un leadership \u00e9clair\u00e9, les pratiques exemplaires dans l\u2019industrie, des \u00e9tudes de cas ou les enseignements appris et ne pas promouvoir de produits ni de services en particulier. Les conf\u00e9renciers des organisations sans but lucratif ne peuvent b\u00e9n\u00e9ficier de l\u2019inscription ni de l\u2019h\u00e9bergement gratuits.<\/li>\n<\/ul>\n\n\n\n<p><strong>Veuillez noter<\/strong> que les diapositives doivent \u00eatre en format PowerPoint.<\/p>\n\n\n\n\n<section class=\"section section--key-dates\">\n    <div class=\"grid-container\">\n              <p class=\"subtitle\">Dates \u00e0 retenir<\/p>\n            <div class=\"grid-x grid-padding-x\">\n                      <div class=\"cell medium-6\">\n                <div class=\"key-date-wrapper\">\n                  <h2>Remise de la proposition, \u00e0 17 h HNE<\/h2>\n                  <p class=\"key-date\">ao\u00fbt 4, 2025<\/p>\n                <\/div>\n              <\/div>\n                            <div class=\"cell medium-6\">\n                <div class=\"key-date-wrapper\">\n                  <h2>D\u00e9voilement des expos\u00e9s retenus (semaine de)<\/h2>\n                  <p class=\"key-date\">ao\u00fbt 18, 2025<\/p>\n                <\/div>\n              <\/div>\n                    <\/div>\n    <\/div>\n  <\/section>\n\n\n<div class=\"wp-block-buttons is-content-justification-center is-layout-flex wp-container-core-buttons-is-layout-16018d1d wp-block-buttons-is-layout-flex\">\n<div class=\"wp-block-button\"><a class=\"wp-block-button__link has-text-color has-background has-link-color has-text-align-center wp-element-button\" href=\"https:\/\/canarie.jotform.com\/251733606942964\" style=\"border-radius:55px;color:#e4fe00;background-color:#0c1617\" target=\"_blank\" rel=\"noreferrer noopener\">soumettez votre projet<\/a><\/div>\n<\/div>\n\n\n\n<div style=\"height:100px\" aria-hidden=\"true\" class=\"wp-block-spacer\"><\/div>\n\n\n\n<div class=\"wp-block-buttons is-layout-flex wp-block-buttons-is-layout-flex\">\n<div class=\"wp-block-button\"><a class=\"wp-block-button__link has-text-color has-background has-link-color wp-element-button\" href=\"https:\/\/www.canarie.ca\/fr\/event\/forum-secure-canadien-2025\/\" style=\"border-radius:55px;color:#e4fe00;background-color:#0c1617\">&lt; Retour \u00e0 l&rsquo;\u00e9v\u00e9nement<\/a><\/div>\n<\/div>\n","protected":false},"excerpt":{"rendered":"<p>Recherche de conf\u00e9renciers Les professionnels de la cybers\u00e9curit\u00e9, les cadres ayant notamment la cybers\u00e9curit\u00e9 comme responsabilit\u00e9 (\u00e0 savoir, APSI, DPI, [&hellip;]<\/p>\n","protected":false},"author":19,"featured_media":0,"parent":0,"menu_order":0,"comment_status":"closed","ping_status":"closed","template":"","meta":{"_acf_changed":false,"footnotes":""},"class_list":["post-45908","page","type-page","status-publish","hentry"],"acf":[],"yoast_head":"<!-- This site is optimized with the Yoast SEO plugin v27.4 - https:\/\/yoast.com\/product\/yoast-seo-wordpress\/ -->\n<title>Recherche de conf\u00e9renciers - CANARIE<\/title>\n<meta name=\"robots\" content=\"index, follow, max-snippet:-1, max-image-preview:large, max-video-preview:-1\" \/>\n<link rel=\"canonical\" href=\"https:\/\/www.canarie.ca\/fr\/forum-secure-2025-recherche-de-conferenciers\/\" \/>\n<meta property=\"og:locale\" content=\"fr_FR\" \/>\n<meta property=\"og:type\" content=\"article\" \/>\n<meta property=\"og:title\" content=\"Recherche de conf\u00e9renciers - CANARIE\" \/>\n<meta property=\"og:description\" content=\"Recherche de conf\u00e9renciers Les professionnels de la cybers\u00e9curit\u00e9, les cadres ayant notamment la cybers\u00e9curit\u00e9 comme responsabilit\u00e9 (\u00e0 savoir, APSI, DPI, [&hellip;]\" \/>\n<meta property=\"og:url\" content=\"https:\/\/www.canarie.ca\/fr\/forum-secure-2025-recherche-de-conferenciers\/\" \/>\n<meta property=\"og:site_name\" content=\"CANARIE\" \/>\n<meta property=\"article:modified_time\" content=\"2025-08-20T19:48:35+00:00\" \/>\n<meta name=\"twitter:card\" content=\"summary_large_image\" \/>\n<script type=\"application\/ld+json\" class=\"yoast-schema-graph\">{\"@context\":\"https:\\\/\\\/schema.org\",\"@graph\":[{\"@type\":\"WebPage\",\"@id\":\"https:\\\/\\\/www.canarie.ca\\\/fr\\\/forum-secure-2025-recherche-de-conferenciers\\\/\",\"url\":\"https:\\\/\\\/www.canarie.ca\\\/fr\\\/forum-secure-2025-recherche-de-conferenciers\\\/\",\"name\":\"Recherche de conf\u00e9renciers - CANARIE\",\"isPartOf\":{\"@id\":\"https:\\\/\\\/www.canarie.ca\\\/#website\"},\"datePublished\":\"2025-07-07T21:34:51+00:00\",\"dateModified\":\"2025-08-20T19:48:35+00:00\",\"breadcrumb\":{\"@id\":\"https:\\\/\\\/www.canarie.ca\\\/fr\\\/forum-secure-2025-recherche-de-conferenciers\\\/#breadcrumb\"},\"inLanguage\":\"fr-FR\",\"potentialAction\":[{\"@type\":\"ReadAction\",\"target\":[\"https:\\\/\\\/www.canarie.ca\\\/fr\\\/forum-secure-2025-recherche-de-conferenciers\\\/\"]}]},{\"@type\":\"BreadcrumbList\",\"@id\":\"https:\\\/\\\/www.canarie.ca\\\/fr\\\/forum-secure-2025-recherche-de-conferenciers\\\/#breadcrumb\",\"itemListElement\":[{\"@type\":\"ListItem\",\"position\":1,\"name\":\"Accueil\",\"item\":\"https:\\\/\\\/www.canarie.ca\\\/fr\\\/homepage\\\/\"},{\"@type\":\"ListItem\",\"position\":2,\"name\":\"Recherche de conf\u00e9renciers\"}]},{\"@type\":\"WebSite\",\"@id\":\"https:\\\/\\\/www.canarie.ca\\\/#website\",\"url\":\"https:\\\/\\\/www.canarie.ca\\\/\",\"name\":\"CANARIE\",\"description\":\"\",\"potentialAction\":[{\"@type\":\"SearchAction\",\"target\":{\"@type\":\"EntryPoint\",\"urlTemplate\":\"https:\\\/\\\/www.canarie.ca\\\/?s={search_term_string}\"},\"query-input\":{\"@type\":\"PropertyValueSpecification\",\"valueRequired\":true,\"valueName\":\"search_term_string\"}}],\"inLanguage\":\"fr-FR\"}]}<\/script>\n<!-- \/ Yoast SEO plugin. -->","yoast_head_json":{"title":"Recherche de conf\u00e9renciers - CANARIE","robots":{"index":"index","follow":"follow","max-snippet":"max-snippet:-1","max-image-preview":"max-image-preview:large","max-video-preview":"max-video-preview:-1"},"canonical":"https:\/\/www.canarie.ca\/fr\/forum-secure-2025-recherche-de-conferenciers\/","og_locale":"fr_FR","og_type":"article","og_title":"Recherche de conf\u00e9renciers - CANARIE","og_description":"Recherche de conf\u00e9renciers Les professionnels de la cybers\u00e9curit\u00e9, les cadres ayant notamment la cybers\u00e9curit\u00e9 comme responsabilit\u00e9 (\u00e0 savoir, APSI, DPI, [&hellip;]","og_url":"https:\/\/www.canarie.ca\/fr\/forum-secure-2025-recherche-de-conferenciers\/","og_site_name":"CANARIE","article_modified_time":"2025-08-20T19:48:35+00:00","twitter_card":"summary_large_image","schema":{"@context":"https:\/\/schema.org","@graph":[{"@type":"WebPage","@id":"https:\/\/www.canarie.ca\/fr\/forum-secure-2025-recherche-de-conferenciers\/","url":"https:\/\/www.canarie.ca\/fr\/forum-secure-2025-recherche-de-conferenciers\/","name":"Recherche de conf\u00e9renciers - CANARIE","isPartOf":{"@id":"https:\/\/www.canarie.ca\/#website"},"datePublished":"2025-07-07T21:34:51+00:00","dateModified":"2025-08-20T19:48:35+00:00","breadcrumb":{"@id":"https:\/\/www.canarie.ca\/fr\/forum-secure-2025-recherche-de-conferenciers\/#breadcrumb"},"inLanguage":"fr-FR","potentialAction":[{"@type":"ReadAction","target":["https:\/\/www.canarie.ca\/fr\/forum-secure-2025-recherche-de-conferenciers\/"]}]},{"@type":"BreadcrumbList","@id":"https:\/\/www.canarie.ca\/fr\/forum-secure-2025-recherche-de-conferenciers\/#breadcrumb","itemListElement":[{"@type":"ListItem","position":1,"name":"Accueil","item":"https:\/\/www.canarie.ca\/fr\/homepage\/"},{"@type":"ListItem","position":2,"name":"Recherche de conf\u00e9renciers"}]},{"@type":"WebSite","@id":"https:\/\/www.canarie.ca\/#website","url":"https:\/\/www.canarie.ca\/","name":"CANARIE","description":"","potentialAction":[{"@type":"SearchAction","target":{"@type":"EntryPoint","urlTemplate":"https:\/\/www.canarie.ca\/?s={search_term_string}"},"query-input":{"@type":"PropertyValueSpecification","valueRequired":true,"valueName":"search_term_string"}}],"inLanguage":"fr-FR"}]}},"_links":{"self":[{"href":"https:\/\/www.canarie.ca\/fr\/wp-json\/wp\/v2\/pages\/45908","targetHints":{"allow":["GET"]}}],"collection":[{"href":"https:\/\/www.canarie.ca\/fr\/wp-json\/wp\/v2\/pages"}],"about":[{"href":"https:\/\/www.canarie.ca\/fr\/wp-json\/wp\/v2\/types\/page"}],"author":[{"embeddable":true,"href":"https:\/\/www.canarie.ca\/fr\/wp-json\/wp\/v2\/users\/19"}],"replies":[{"embeddable":true,"href":"https:\/\/www.canarie.ca\/fr\/wp-json\/wp\/v2\/comments?post=45908"}],"version-history":[{"count":10,"href":"https:\/\/www.canarie.ca\/fr\/wp-json\/wp\/v2\/pages\/45908\/revisions"}],"predecessor-version":[{"id":46655,"href":"https:\/\/www.canarie.ca\/fr\/wp-json\/wp\/v2\/pages\/45908\/revisions\/46655"}],"wp:attachment":[{"href":"https:\/\/www.canarie.ca\/fr\/wp-json\/wp\/v2\/media?parent=45908"}],"curies":[{"name":"wp","href":"https:\/\/api.w.org\/{rel}","templated":true}]}}