{"id":48574,"date":"2025-12-08T11:15:39","date_gmt":"2025-12-08T16:15:39","guid":{"rendered":"https:\/\/www.canarie.ca\/?page_id=48574"},"modified":"2025-12-22T18:00:47","modified_gmt":"2025-12-22T23:00:47","slug":"specialiste-en-mise-en-oeuvre-de-la-gestion-des-identites-et-des-acces","status":"publish","type":"page","link":"https:\/\/www.canarie.ca\/fr\/carrieres\/specialiste-en-mise-en-oeuvre-de-la-gestion-des-identites-et-des-acces\/","title":{"rendered":"Sp\u00e9cialiste en mise en \u0153uvre de la gestion des identit\u00e9s et des acc\u00e8s"},"content":{"rendered":"\n<div style=\"height:36px\" aria-hidden=\"true\" class=\"wp-block-spacer\"><\/div>\n\n\n\n<h1 class=\"wp-block-heading has-text-align-center\">Sp\u00e9cialiste en mise en \u0153uvre de la gestion des identit\u00e9s et des acc\u00e8s<\/h1>\n\n\n\n<div style=\"height:36px\" aria-hidden=\"true\" class=\"wp-block-spacer\"><\/div>\n\n\n\n<section class=\"section section--banner simple-fade light-blue alignfull\">\n  <div class=\"grid-container text-center\">\n  \t\t  \t\t  \t  <div class=\"large\"><p>CANARIE a un besoin imm\u00e9diat pour le poste de sp\u00e9cialiste en mise en \u0153uvre de la gestion des identit\u00e9s et des acc\u00e8s. Le ou la titulaire du poste aura pour responsabilit\u00e9 de porter assistance \u00e0 la client\u00e8le lors de l\u2019instauration des services de gestion des identit\u00e9s et des acc\u00e8s (GIA) de la prochaine g\u00e9n\u00e9ration. Il ou elle collaborera aussi avec le reste de l\u2019\u00e9quipe de CANARIE et avec les partenaires de l\u2019organisation aux \u00e9chelons national et international dans le cadre d\u2019initiatives ayant pour but d\u2019am\u00e9liorer ces services et d\u2019en faciliter l\u2019adoption. Il s\u2019agit d\u2019un poste \u00e0 plein temps qui prendra fin le 12\u00a0f\u00e9vrier 2027 et rel\u00e8ve du directeur principal des applications de CANARIE.<br \/>\nLa gamme salariale pour ce poste se situe entre $103,000 to $134,000.<\/p>\n<\/div>\n\t  \t  \t\t  <\/div>\n<\/section>\n\n\n\n<section class=\"section section--text-columns\">\n    <div class=\"grid-container\">\n      \n                      <div class=\"grid-x grid-padding-x\">\n                                                                  <div class=\"cell\">\n                    <h3>Principale responsabilit\u00e9s<\/h3>\n                  <\/div>\n                                                            <div class=\"cell medium-6\">\n                          <ul>\n<li>Assurer un soutien op\u00e9rationnel sur l\u2019infrastructure et les services de GIA<\/li>\n<li>Procurer un soutien technique direct \u00e0 la client\u00e8le lors de l\u2019instauration du service<\/li>\n<li>Mettre la s\u00e9curit\u00e9 du syst\u00e8me \u00e0 jour de mani\u00e8re proactive, surveiller le fonctionnement du service et en effectuer l\u2019analyse<\/li>\n<li>Mettre en place les processus de gestion du changement pour la plateforme de production<\/li>\n<\/ul>\n                        <\/div>\n                                                <div class=\"cell medium-6\">\n                          <ul>\n<li>Concourir \u00e0 l\u2019\u00e9laboration de guides techniques sur les pratiques exemplaires en GIA<\/li>\n<li>Effectuer des d\u00e9placements \u00e0 l\u2019occasion<\/li>\n<li>Assumer d\u2019autres fonctions et responsabilit\u00e9s au besoin<\/li>\n<\/ul>\n                        <\/div>\n                                          \n                                    \n                                <\/div>\n                <\/div>\n  <\/section>\n  \n\n\n<section class=\"section section--text-columns no-background\">\n    <div class=\"grid-container\">\n      <div class=\"grid-x grid-padding-x\">\n        <div class=\"cell\">\n                  \t<h3>Le candidat r\u00eav\u00e9<\/h3>\n                    <p>Pour exceller chez CANARIE, il illustrera de fa\u00e7on manifeste sa capacit\u00e9 \u00e0 collaborer au sein d\u2019une \u00e9quipe. Il travaillera de fa\u00e7on autonome avec enthousiasme en faisant preuve d\u2019une grande motivation. Parfaitement \u00e0 l\u2019aise dans les communications orales et \u00e9crites, il aura pour atouts une solide gestion du temps, la r\u00e9solution de probl\u00e8mes et l\u2019administration de priorit\u00e9s multiples. Enfin, le candidat id\u00e9al \u00e9pousera les valeurs de CANARIE que sont le service \u00e0 la client\u00e8le, l\u2019esprit d\u2019\u00e9quipe, l\u2019inclusion, l\u2019innovation, la conscience professionnelle et l\u2019int\u00e9grit\u00e9.<\/p>\n                  <\/div>\n      <\/div>\n    <\/div>\n  <\/section>\n\n\n<section class=\"section section--text-columns no-background\">\n    <div class=\"grid-container\">\n      <div class=\"grid-x grid-padding-x\">\n        <div class=\"cell\">\n                  \t<h3>Vos acquis<\/h3>\n                    <h3>Formation et exp\u00e9rience<\/h3>\n<ul>\n<li>Dipl\u00f4me coll\u00e9gial ou universitaire, ou combinaison de cours, d\u2019exp\u00e9rience et de formations dans un domaine pertinent<\/li>\n<li>Au moins cinq (5) ann\u00e9es d\u2019exp\u00e9rience dans le d\u00e9veloppement de logiciels, la mise en \u0153uvre de syst\u00e8mes TI ou le soutien technique<\/li>\n<li>Exp\u00e9rience de la mise en \u0153uvre des applications de gestion f\u00e9d\u00e9r\u00e9e des identit\u00e9s ou des solutions d\u2019identification unique (SSO) comme ADFS (Entra ID), Shibboleth ou d\u2019autres syst\u00e8mes<\/li>\n<li>Exp\u00e9rience de la mise en \u0153uvre des solutions d\u2019authentification multifactorielle (MFA)<\/li>\n<li>Exp\u00e9rience de l\u2019int\u00e9gration des services de r\u00e9pertoire reposant sur le protocole LDAP ou d\u2019Entra ID<\/li>\n<li>Exp\u00e9rience de la mise en \u0153uvre des infrastructures \u00e0 cl\u00e9s publiques (PKI), des certificats X.509 et des protocoles SSL\/TL<\/li>\n<\/ul>\n<h3>Aptitudes<\/h3>\n<ul>\n<li>Esprit tr\u00e8s analytique et souci du d\u00e9tail<\/li>\n<li>Aptitude manifeste \u00e0 gagner la confiance des parties prenantes internes et externes et \u00e0 faire preuve de cr\u00e9dibilit\u00e9 \u00e0 leurs yeux<\/li>\n<li>Capacit\u00e9 \u00e0 communiquer clairement \u00e0 tous les paliers d\u2019une organisation<\/li>\n<\/ul>\n<h3>Comp\u00e9tences techniques<\/h3>\n<ul>\n<li>Exp\u00e9rience pratique d\u2019un environnement virtualis\u00e9 de serveurs Windows\/Linux et de la r\u00e9daction de scripts sur mesure<\/li>\n<li>Exp\u00e9rience pratique des protocoles SAML 2.0 et des solutions connexes<\/li>\n<li>Exp\u00e9rience pratique de l\u2019installation et de la configuration des logiciels de source ouverte<\/li>\n<li>Connaissance pratique de la famille de logiciels Microsoft Office<\/li>\n<\/ul>\n                  <\/div>\n      <\/div>\n    <\/div>\n  <\/section>\n\n\n<h3 class=\"wp-block-heading has-cyan-color has-text-color\">Travaillons ensemble<\/h3>\n\n\n\n<p>Nous croyons dans l\u2019\u00e9quit\u00e9 en mati\u00e8re d\u2019emploi et encourageons tous ceux qui pourraient contribuer \u00e0 diversifier nos id\u00e9es et nos points de vue \u00e0 poser leur candidature. Des accommodements seront offerts aux personnes aux prises avec un handicap qui en font la demande, \u00e0 toutes les \u00e9tapes du recrutement et du processus d\u2019\u00e9valuation.<\/p>\n\n\n\n<p>Le poste semble fait pour vous? Signalez-le-nous \u00e0 <a href=\"mailto:careers@canarie.ca\">careers@canarie.ca<\/a> en incluant votre curriculum vitae. Veuillez mentionner le titre du poste dans l\u2019objet du courriel.<\/p>\n\n\n\n<p>Nous remercions tous les int\u00e9ress\u00e9s, mais seules les personnes retenues pour un entrevue recevront un appel.<\/p>\n","protected":false},"excerpt":{"rendered":"<p>Sp\u00e9cialiste en mise en \u0153uvre de la gestion des identit\u00e9s et des acc\u00e8s Travaillons ensemble Nous croyons dans l\u2019\u00e9quit\u00e9 en [&hellip;]<\/p>\n","protected":false},"author":22,"featured_media":0,"parent":6314,"menu_order":3,"comment_status":"closed","ping_status":"closed","template":"","meta":{"_acf_changed":false,"footnotes":""},"class_list":["post-48574","page","type-page","status-publish","hentry"],"acf":[],"yoast_head":"<!-- This site is optimized with the Yoast SEO plugin v27.5 - https:\/\/yoast.com\/product\/yoast-seo-wordpress\/ -->\n<title>Sp\u00e9cialiste en mise en \u0153uvre de la gestion des identit\u00e9s et des acc\u00e8s - CANARIE<\/title>\n<meta name=\"robots\" content=\"index, follow, max-snippet:-1, max-image-preview:large, max-video-preview:-1\" \/>\n<link rel=\"canonical\" href=\"https:\/\/www.canarie.ca\/fr\/carrieres\/specialiste-en-mise-en-oeuvre-de-la-gestion-des-identites-et-des-acces\/\" \/>\n<meta property=\"og:locale\" content=\"fr_FR\" \/>\n<meta property=\"og:type\" content=\"article\" \/>\n<meta property=\"og:title\" content=\"Sp\u00e9cialiste en mise en \u0153uvre de la gestion des identit\u00e9s et des acc\u00e8s - CANARIE\" \/>\n<meta property=\"og:description\" content=\"Sp\u00e9cialiste en mise en \u0153uvre de la gestion des identit\u00e9s et des acc\u00e8s Travaillons ensemble Nous croyons dans l\u2019\u00e9quit\u00e9 en [&hellip;]\" \/>\n<meta property=\"og:url\" content=\"https:\/\/www.canarie.ca\/fr\/carrieres\/specialiste-en-mise-en-oeuvre-de-la-gestion-des-identites-et-des-acces\/\" \/>\n<meta property=\"og:site_name\" content=\"CANARIE\" \/>\n<meta property=\"article:modified_time\" content=\"2025-12-22T23:00:47+00:00\" \/>\n<meta name=\"twitter:card\" content=\"summary_large_image\" \/>\n<script type=\"application\/ld+json\" class=\"yoast-schema-graph\">{\"@context\":\"https:\\\/\\\/schema.org\",\"@graph\":[{\"@type\":\"WebPage\",\"@id\":\"https:\\\/\\\/www.canarie.ca\\\/fr\\\/carrieres\\\/specialiste-en-mise-en-oeuvre-de-la-gestion-des-identites-et-des-acces\\\/\",\"url\":\"https:\\\/\\\/www.canarie.ca\\\/fr\\\/carrieres\\\/specialiste-en-mise-en-oeuvre-de-la-gestion-des-identites-et-des-acces\\\/\",\"name\":\"Sp\u00e9cialiste en mise en \u0153uvre de la gestion des identit\u00e9s et des acc\u00e8s - CANARIE\",\"isPartOf\":{\"@id\":\"https:\\\/\\\/www.canarie.ca\\\/#website\"},\"datePublished\":\"2025-12-08T16:15:39+00:00\",\"dateModified\":\"2025-12-22T23:00:47+00:00\",\"breadcrumb\":{\"@id\":\"https:\\\/\\\/www.canarie.ca\\\/fr\\\/carrieres\\\/specialiste-en-mise-en-oeuvre-de-la-gestion-des-identites-et-des-acces\\\/#breadcrumb\"},\"inLanguage\":\"fr-FR\",\"potentialAction\":[{\"@type\":\"ReadAction\",\"target\":[\"https:\\\/\\\/www.canarie.ca\\\/fr\\\/carrieres\\\/specialiste-en-mise-en-oeuvre-de-la-gestion-des-identites-et-des-acces\\\/\"]}]},{\"@type\":\"BreadcrumbList\",\"@id\":\"https:\\\/\\\/www.canarie.ca\\\/fr\\\/carrieres\\\/specialiste-en-mise-en-oeuvre-de-la-gestion-des-identites-et-des-acces\\\/#breadcrumb\",\"itemListElement\":[{\"@type\":\"ListItem\",\"position\":1,\"name\":\"Accueil\",\"item\":\"https:\\\/\\\/www.canarie.ca\\\/fr\\\/\"},{\"@type\":\"ListItem\",\"position\":2,\"name\":\"Carri\u00e8res\",\"item\":\"https:\\\/\\\/www.canarie.ca\\\/fr\\\/carrieres\\\/\"},{\"@type\":\"ListItem\",\"position\":3,\"name\":\"Sp\u00e9cialiste en mise en \u0153uvre de la gestion des identit\u00e9s et des acc\u00e8s\"}]},{\"@type\":\"WebSite\",\"@id\":\"https:\\\/\\\/www.canarie.ca\\\/#website\",\"url\":\"https:\\\/\\\/www.canarie.ca\\\/\",\"name\":\"CANARIE\",\"description\":\"\",\"potentialAction\":[{\"@type\":\"SearchAction\",\"target\":{\"@type\":\"EntryPoint\",\"urlTemplate\":\"https:\\\/\\\/www.canarie.ca\\\/?s={search_term_string}\"},\"query-input\":{\"@type\":\"PropertyValueSpecification\",\"valueRequired\":true,\"valueName\":\"search_term_string\"}}],\"inLanguage\":\"fr-FR\"}]}<\/script>\n<!-- \/ Yoast SEO plugin. -->","yoast_head_json":{"title":"Sp\u00e9cialiste en mise en \u0153uvre de la gestion des identit\u00e9s et des acc\u00e8s - CANARIE","robots":{"index":"index","follow":"follow","max-snippet":"max-snippet:-1","max-image-preview":"max-image-preview:large","max-video-preview":"max-video-preview:-1"},"canonical":"https:\/\/www.canarie.ca\/fr\/carrieres\/specialiste-en-mise-en-oeuvre-de-la-gestion-des-identites-et-des-acces\/","og_locale":"fr_FR","og_type":"article","og_title":"Sp\u00e9cialiste en mise en \u0153uvre de la gestion des identit\u00e9s et des acc\u00e8s - CANARIE","og_description":"Sp\u00e9cialiste en mise en \u0153uvre de la gestion des identit\u00e9s et des acc\u00e8s Travaillons ensemble Nous croyons dans l\u2019\u00e9quit\u00e9 en [&hellip;]","og_url":"https:\/\/www.canarie.ca\/fr\/carrieres\/specialiste-en-mise-en-oeuvre-de-la-gestion-des-identites-et-des-acces\/","og_site_name":"CANARIE","article_modified_time":"2025-12-22T23:00:47+00:00","twitter_card":"summary_large_image","schema":{"@context":"https:\/\/schema.org","@graph":[{"@type":"WebPage","@id":"https:\/\/www.canarie.ca\/fr\/carrieres\/specialiste-en-mise-en-oeuvre-de-la-gestion-des-identites-et-des-acces\/","url":"https:\/\/www.canarie.ca\/fr\/carrieres\/specialiste-en-mise-en-oeuvre-de-la-gestion-des-identites-et-des-acces\/","name":"Sp\u00e9cialiste en mise en \u0153uvre de la gestion des identit\u00e9s et des acc\u00e8s - CANARIE","isPartOf":{"@id":"https:\/\/www.canarie.ca\/#website"},"datePublished":"2025-12-08T16:15:39+00:00","dateModified":"2025-12-22T23:00:47+00:00","breadcrumb":{"@id":"https:\/\/www.canarie.ca\/fr\/carrieres\/specialiste-en-mise-en-oeuvre-de-la-gestion-des-identites-et-des-acces\/#breadcrumb"},"inLanguage":"fr-FR","potentialAction":[{"@type":"ReadAction","target":["https:\/\/www.canarie.ca\/fr\/carrieres\/specialiste-en-mise-en-oeuvre-de-la-gestion-des-identites-et-des-acces\/"]}]},{"@type":"BreadcrumbList","@id":"https:\/\/www.canarie.ca\/fr\/carrieres\/specialiste-en-mise-en-oeuvre-de-la-gestion-des-identites-et-des-acces\/#breadcrumb","itemListElement":[{"@type":"ListItem","position":1,"name":"Accueil","item":"https:\/\/www.canarie.ca\/fr\/"},{"@type":"ListItem","position":2,"name":"Carri\u00e8res","item":"https:\/\/www.canarie.ca\/fr\/carrieres\/"},{"@type":"ListItem","position":3,"name":"Sp\u00e9cialiste en mise en \u0153uvre de la gestion des identit\u00e9s et des acc\u00e8s"}]},{"@type":"WebSite","@id":"https:\/\/www.canarie.ca\/#website","url":"https:\/\/www.canarie.ca\/","name":"CANARIE","description":"","potentialAction":[{"@type":"SearchAction","target":{"@type":"EntryPoint","urlTemplate":"https:\/\/www.canarie.ca\/?s={search_term_string}"},"query-input":{"@type":"PropertyValueSpecification","valueRequired":true,"valueName":"search_term_string"}}],"inLanguage":"fr-FR"}]}},"_links":{"self":[{"href":"https:\/\/www.canarie.ca\/fr\/wp-json\/wp\/v2\/pages\/48574","targetHints":{"allow":["GET"]}}],"collection":[{"href":"https:\/\/www.canarie.ca\/fr\/wp-json\/wp\/v2\/pages"}],"about":[{"href":"https:\/\/www.canarie.ca\/fr\/wp-json\/wp\/v2\/types\/page"}],"author":[{"embeddable":true,"href":"https:\/\/www.canarie.ca\/fr\/wp-json\/wp\/v2\/users\/22"}],"replies":[{"embeddable":true,"href":"https:\/\/www.canarie.ca\/fr\/wp-json\/wp\/v2\/comments?post=48574"}],"version-history":[{"count":4,"href":"https:\/\/www.canarie.ca\/fr\/wp-json\/wp\/v2\/pages\/48574\/revisions"}],"predecessor-version":[{"id":48982,"href":"https:\/\/www.canarie.ca\/fr\/wp-json\/wp\/v2\/pages\/48574\/revisions\/48982"}],"up":[{"embeddable":true,"href":"https:\/\/www.canarie.ca\/fr\/wp-json\/wp\/v2\/pages\/6314"}],"wp:attachment":[{"href":"https:\/\/www.canarie.ca\/fr\/wp-json\/wp\/v2\/media?parent=48574"}],"curies":[{"name":"wp","href":"https:\/\/api.w.org\/{rel}","templated":true}]}}