{"id":49089,"date":"2026-05-15T18:13:04","date_gmt":"2026-05-15T22:13:04","guid":{"rendered":"https:\/\/www.canarie.ca\/?page_id=49089"},"modified":"2026-05-15T18:13:05","modified_gmt":"2026-05-15T22:13:05","slug":"renseignements-exploitables-sur-les-menaces-2","status":"publish","type":"page","link":"https:\/\/www.canarie.ca\/fr\/pic\/renseignements-exploitables-sur-les-menaces-2\/","title":{"rendered":"Renseignements exploitables sur les menaces"},"content":{"rendered":"\n\n<section class=\"section section--text-with-image  alignfull container squares-right\">\n    <div class=\"grid-container simple-fade\">\n    <div class=\"grid-x grid-padding-x align-middle\">\n      <div class=\"cell medium-6 \">\n\t\t  \t\t\t  <img decoding=\"async\" src=\"https:\/\/www.canarie.ca\/wp-content\/uploads\/2026\/01\/Cybersecurity-Intelligence-1-1024x683.png\" alt=\"Illustration of a light blue map of Canada with a central padlock symbol, surrounded by red circuit lines connecting cybersecurity icons such as alerts, monitoring, and analytics, representing Cybersecurity Threat Intelligence Services.\">\n\t\t        <\/div>\n      <div class=\"cell medium-6  text-left text-cell \">\n  \t\t  \t\t          <h1 class=\"cssanimation leFadeIn\">Renseignements exploitables sur les menaces <\/h1>\n  \t\t  \t\t                              <\/div>\n    <\/div>\n  <\/div>\n<\/section>\n\n\n\n\n\n<section class=\"section section--banner simple-fade dark-blue alignfull\">\n  <div class=\"grid-container text-center\">\n  \t\t  \t\t  \t  <div class=\"large\"><p style=\"text-align: center;\"><span class=\"TextRun SCXW205522170 BCX8\" lang=\"FR-FR\" xml:lang=\"FR-FR\" data-contrast=\"none\"><span class=\"NormalTextRun SCXW205522170 BCX8\" data-ccp-parastyle=\"Intense Quote\">Collectez, analysez, enrichissez et partagez des renseignements exploitables sur les menaces et les vuln\u00e9rabilit\u00e9s potentielles en mati\u00e8re de cybers\u00e9curit\u00e9 afin de comprendre le paysage des menaces, d\u2019anticiper les attaques potentielles et de <\/span><span class=\"NormalTextRun SCXW205522170 BCX8\" data-ccp-parastyle=\"Intense Quote\">p<\/span><span class=\"NormalTextRun SCXW205522170 BCX8\" data-ccp-parastyle=\"Intense Quote\">rendre des mesures proactives.<\/span><\/span><span class=\"EOP SCXW205522170 BCX8\" data-ccp-props=\"{&quot;201341983&quot;:0,&quot;335551550&quot;:2,&quot;335551620&quot;:2,&quot;335559685&quot;:864,&quot;335559737&quot;:864,&quot;335559738&quot;:360,&quot;335559739&quot;:360,&quot;335559740&quot;:259,&quot;335572071&quot;:4,&quot;335572072&quot;:10,&quot;335572073&quot;:6375183,&quot;335572079&quot;:4,&quot;335572080&quot;:10,&quot;335572081&quot;:6375183,&quot;469789798&quot;:&quot;single&quot;,&quot;469789806&quot;:&quot;single&quot;}\"> <\/span><\/p>\n<\/div>\n\t  \t  \t\t  <\/div>\n<\/section>\n\n\n\n<section class=\"section section--text-columns no-background\">\n    <div class=\"grid-container\">\n      <div class=\"grid-x grid-padding-x\">\n        <div class=\"cell\">\n                    <p><span data-contrast=\"auto\">Le service de renseignements sur les menaces de CANARIE aide les \u00e9tablissements \u00e0 d\u00e9tecter, comprendre et r\u00e9pondre aux menaces \u00e9mergentes avec plus de rapidit\u00e9 et de confiance. En combinant des sources de renseignements mondiales avec une perspective canadienne distincte ax\u00e9e sur la recherche et l\u2019\u00e9ducation, Threat Intel transforme les donn\u00e9es brutes sur les menaces en informations op\u00e9rationnelles gr\u00e2ce \u00e0 des flux de renseignements automatis\u00e9s, des briefings s\u00e9lectionn\u00e9s, une collaboration communautaire fiable et des analyses d\u2019experts.<\/span><span data-ccp-props=\"{&quot;201341983&quot;:0,&quot;335559740&quot;:276}\"> <\/span><\/p>\n<p><span data-contrast=\"auto\">Au c\u0153ur de ce service, le flux de menaces CanSSOC fournit des renseignements sur les menaces sp\u00e9cifiques \u00e0 chaque secteur et mis \u00e0 jour en continu, qui peuvent \u00eatre directement int\u00e9gr\u00e9s aux outils de s\u00e9curit\u00e9 existants pour soutenir la pr\u00e9vention et la d\u00e9fense active. Plus qu\u2019une simple source de donn\u00e9es, le flux de menaces s\u2019inscrit dans un \u00e9cosyst\u00e8me de renseignements plus large con\u00e7u pour renforcer la r\u00e9silience collective, permettre une prise de d\u00e9cision \u00e9clair\u00e9e et all\u00e9ger la charge de travail des \u00e9quipes de s\u00e9curit\u00e9 individuelles.<\/span><span data-ccp-props=\"{&quot;201341983&quot;:0,&quot;335559740&quot;:276}\"> <\/span><\/p>\n                  <\/div>\n      <\/div>\n    <\/div>\n  <\/section>\n\n\n<h1 style=\"font-size: 42px;\">Services de renseignements sur les menaces <\/h1>&nbsp;\n<div style=\"text-align: center;\">\n<div class=\"cti7-flip-wrap\">\n  <div class=\"cti7-flip-grid\">\n\n    <!-- Card 1 -->\n    <article class=\"cti7-flip-card\">\n      <div class=\"cti7-flip-inner\">\n\n        <div class=\"cti7-card-front\">\n          <div class=\"cti7-head\">\n            <h3 class=\"cti7-title\">Fil de menaces CanSSOC <\/h3>\n          <\/div>\n\n          <div class=\"cti7-icon-wrap\">\n            <img decoding=\"async\" src=\"https:\/\/www.canarie.ca\/wp-content\/uploads\/2026\/05\/card-1-Threat-feed.png\" alt=\"\">\n          <\/div>\n\n          <button type=\"button\" class=\"cti7-flip-btn\">En savoir plus<\/button>\n        <\/div>\n\n        <div class=\"cti7-card-back\">\n          <div class=\"cti7-head\">\n            <h3 class=\"cti7-title\">Fil de menaces CanSSOC <\/h3>\n          <\/div>\n\n          <div class=\"cti7-back-content\">\n            <p>Renseignements sur les menaces sp\u00e9cifiques \u00e0 un secteur pour les organismes de recherche et d&rsquo;enseignement, gr\u00e2ce \u00e0 : <\/p>\n\n            <ul>\n              <li>L&rsquo;agr\u00e9gation et la curation de renseignements sur les menaces provenant d&rsquo;entit\u00e9s gouvernementales, de fournisseurs commerciaux de renseignements sur les menaces, d&rsquo;institutions membres et de la communaut\u00e9 open source en plusieurs flux de renseignements sur les menaces pouvant \u00eatre d\u00e9ploy\u00e9s de mani\u00e8re in e dans les dispositifs de s\u00e9curit\u00e9 existants d&rsquo;une organisation.  <\/li> \n<li>\nLa fourniture de services de surveillance et de reporting pour aider \u00e0 identifier et \u00e0 att\u00e9nuer les menaces potentielles provenant du dark web.<\/li>\n            <\/ul>\n\n            <p>\n              <a href=\"https:\/\/www.canarie.ca\/fr\/cybersecurite\/pic\/flux-dinformations-sur-les-menaces-canssoc\/\">Explorer le flux d&rsquo;informations sur les menaces \u2192<\/a>\n            <\/p>\n          <\/div>\n\n          <button type=\"button\" class=\"cti7-back-btn\">Retour<\/button>\n        <\/div>\n\n      <\/div>\n    <\/article>\n\n    <!-- Card 2 -->\n    <article class=\"cti7-flip-card\">\n      <div class=\"cti7-flip-inner\">\n\n        <div class=\"cti7-card-front\">\n          <div class=\"cti7-head\">\n            <h3 class=\"cti7-title\">Alertes de s\u00e9curit\u00e9 <\/h3>\n          <\/div>\n\n          <div class=\"cti7-icon-wrap\">\n            <img decoding=\"async\" src=\"https:\/\/www.canarie.ca\/wp-content\/uploads\/2026\/05\/card-2-Threat-advisories.png\" alt=\"\">\n          <\/div>\n\n         <button type=\"button\" class=\"cti7-flip-btn\">En savoir plus<\/button>\n        <\/div>\n\n        <div class=\"cti7-card-back\">\n          <div class=\"cti7-head\">\n            <h3 class=\"cti7-title\">Alertes de s\u00e9curit\u00e9 <\/h3>\n          <\/div>\n\n          <div class=\"cti7-back-content\">\n            <p>Vuln\u00e9rabilit\u00e9s et menaces s\u00e9lectionn\u00e9es ayant un impact sur la communaut\u00e9 de la recherche et de l&rsquo;enseignement, fournies sous forme d&rsquo;avis synth\u00e9tique afin d&rsquo;informer et d&rsquo;alerter les organisations sur les probl\u00e8mes de cybers\u00e9curit\u00e9 hautement prioritaires.<\/p>\n          <\/div>\n\n          <button type=\"button\" class=\"cti7-back-btn\">Retour<\/button>\n        <\/div>\n\n      <\/div>\n    <\/article>\n\n    <!-- Card 3 -->\n    <article class=\"cti7-flip-card\">\n      <div class=\"cti7-flip-inner\">\n\n        <div class=\"cti7-card-front\">\n          <div class=\"cti7-head\">\n            <h3 class=\"cti7-title\">Alertes de menaces <\/h3>\n          <\/div>\n\n          <div class=\"cti7-icon-wrap\">\n            <img decoding=\"async\" src=\"https:\/\/www.canarie.ca\/wp-content\/uploads\/2026\/05\/card-3-Threat-Alerts.png\" alt=\"\">\n          <\/div>\n\n          <button type=\"button\" class=\"cti7-flip-btn\">En savoir plus<\/button>\n        <\/div>\n\n        <div class=\"cti7-card-back\">\n          <div class=\"cti7-head\">\n            <h3 class=\"cti7-title\">Alertes de menaces <\/h3>\n          <\/div>\n\n          <div class=\"cti7-back-content\">\n            <p>TCommunications cibl\u00e9es adress\u00e9es \u00e0 des organisations sp\u00e9cifiques, telles que la d\u00e9tection de syst\u00e8mes ou de comptes compromis par le biais de la surveillance du Dark Web et d&rsquo;autres services. <\/p>\n          <\/div>\n\n          <button type=\"button\" class=\"cti7-back-btn\">Retour<\/button>\n        <\/div>\n\n      <\/div>\n    <\/article>\n\n    <!-- Card 4 -->\n    <article class=\"cti7-flip-card\">\n      <div class=\"cti7-flip-inner\">\n\n        <div class=\"cti7-card-front\">\n          <div class=\"cti7-head\">\n            <h3 class=\"cti7-title\">Surveillance du dark web <\/h3>\n          <\/div>\n\n          <div class=\"cti7-icon-wrap\">\n            <img decoding=\"async\" src=\"https:\/\/www.canarie.ca\/wp-content\/uploads\/2026\/05\/card-4-dark-web-1.png\" alt=\"\">\n          <\/div>\n\n          <button type=\"button\" class=\"cti7-flip-btn\">En savoir plus<\/button>\n        <\/div>\n\n        <div class=\"cti7-card-back\">\n          <div class=\"cti7-head\">\n            <h3 class=\"cti7-title\">Surveillance du dark web <\/h3>\n          <\/div>\n\n          <div class=\"cti7-back-content\">\n            <p>D\u00e9tection des menaces \u00e9mergentes en mati\u00e8re de cybers\u00e9curit\u00e9 sur le dark web et surveillance proactive des donn\u00e9es institutionnelles, par exemple les noms de domaine, l&rsquo;image de marque, les identifiants compromis et les fournisseurs tiers victimes de violations.  <\/p>\n          <\/div>\n\n          <button type=\"button\" class=\"cti7-back-btn\">Retour<\/button>\n        <\/div>\n\n      <\/div>\n    <\/article>\n\n    <!-- Card 5 -->\n    <article class=\"cti7-flip-card\">\n      <div class=\"cti7-flip-inner\">\n\n        <div class=\"cti7-card-front\">\n          <div class=\"cti7-head\">\n            <h3 class=\"cti7-title\">Appels mensuels de partage des menaces du CHESS <\/h3>\n          <\/div>\n\n          <div class=\"cti7-icon-wrap\">\n            <img decoding=\"async\" src=\"https:\/\/www.canarie.ca\/wp-content\/uploads\/2026\/05\/card-5-CHESS.png\" alt=\"\">\n          <\/div>\n\n         <button type=\"button\" class=\"cti7-flip-btn\">En savoir plus<\/button>\n        <\/div>\n\n        <div class=\"cti7-card-back\">\n          <div class=\"cti7-head\">\n            <h3 class=\"cti7-title\">Monthly \u201cCHESS\u201d<br>Appels mensuels de partage des menaces du CHESS <\/h3>\n          <\/div>\n\n          <div class=\"cti7-back-content\">\n            <p>Appels mensuels, s\u00e9curis\u00e9s et priv\u00e9s avec des professionnels de la cybers\u00e9curit\u00e9 institutionnelle pour partager des informations, des alertes et des incidents \u2014 en tirant parti de l&rsquo;expertise collective pour renforcer la cybers\u00e9curit\u00e9 dans l&rsquo;ensemble du secteur. <\/p>\n          <\/div>\n\n          <button type=\"button\" class=\"cti7-back-btn\">Retour<\/button>\n        <\/div>\n\n      <\/div>\n    <\/article>\n\n    <!-- Card 6 -->\n    <article class=\"cti7-flip-card\">\n      <div class=\"cti7-flip-inner\">\n\n        <div class=\"cti7-card-front\">\n          <div class=\"cti7-head\">\n            <h3 class=\"cti7-title\">Bulletins mensuels de partage des menaces CHECKERS <\/h3>\n          <\/div>\n\n          <div class=\"cti7-icon-wrap\">\n            <img decoding=\"async\" src=\"https:\/\/www.canarie.ca\/wp-content\/uploads\/2026\/05\/card-6-Checkers.png\" alt=\"\">\n          <\/div>\n\n          <button type=\"button\" class=\"cti7-flip-btn\">En savoir plus<\/button>\n        <\/div>\n\n        <div class=\"cti7-card-back\">\n          <div class=\"cti7-head\">\n            <h3 class=\"cti7-title\">Bulletins mensuels de partage des menaces CHECKERS <\/h3>\n          <\/div>\n\n          <div class=\"cti7-back-content\">\n            <p>Un aper\u00e7u mensuel des menaces critiques et des informations pertinentes, regroupant les cybermenaces affectant le secteur de la recherche et de l&rsquo;\u00e9ducation ainsi que les risques critiques.<\/p>\n          <\/div>\n\n          <button type=\"button\" class=\"cti7-back-btn\">Retour<\/button>\n        <\/div>\n\n      <\/div>\n    <\/article>\n\n    <!-- Card 7 -->\n    <article class=\"cti7-flip-card\">\n      <div class=\"cti7-flip-inner\">\n\n        <div class=\"cti7-card-front\">\n          <div class=\"cti7-head\">\n            <h3 class=\"cti7-title\">Canal Slack communautaire <\/h3>\n          <\/div>\n\n          <div class=\"cti7-icon-wrap\">\n            <img decoding=\"async\" src=\"https:\/\/www.canarie.ca\/wp-content\/uploads\/2026\/05\/card-7-Slack.png\" alt=\"Slack logo\">\n          <\/div>\n\n          <button type=\"button\" class=\"cti7-flip-btn\">En savoir plus<\/button>\n        <\/div>\n\n        <div class=\"cti7-card-back\">\n          <div class=\"cti7-head\">\n            <h3 class=\"cti7-title\">Canal Slack communautaire <\/h3>\n          <\/div>\n\n          <div class=\"cti7-back-content\">\n            <p>Un canal de communication national et priv\u00e9 pour la collaboration en temps r\u00e9el et l&rsquo;\u00e9change de connaissances. <\/p>\n          <\/div>\n\n          <button type=\"button\" class=\"cti7-back-btn\">Retour<\/button>\n        <\/div>\n\n      <\/div>\n    <\/article>\n\n  <\/div>\n<\/div>\n\n<style>\n.cti7-flip-wrap {\n  width: 100%;\n  margin: 0;\n  padding: 0;\n}\n\n.cti7-flip-grid {\n  display: grid;\n  grid-template-columns: repeat(4, 1fr);\n  gap: 26px;\n  margin: 0 0 12px;\n  padding: 0;\n}\n\n.cti7-flip-card,\n.cti7-flip-inner {\n  perspective: 1400px;\n  min-height: 420px;\n}\n\n.cti7-flip-inner {\n  position: relative;\n  width: 100%;\n  transition: transform 0.7s ease;\n  transform-style: preserve-3d;\n}\n\n.cti7-flip-card.is-flipped .cti7-flip-inner {\n  transform: rotateY(180deg);\n}\n\n.cti7-card-front,\n.cti7-card-back {\n  position: absolute;\n  inset: 0;\n  display: flex;\n  flex-direction: column;\n  backface-visibility: hidden;\n  overflow: hidden;\n  background: #fff;\n  border: 1px solid #d7d7d7;\n  border-radius: 12px;\n  box-shadow: 0 10px 22px rgba(0,0,0,.08);\n}\n\n.cti7-card-back {\n  transform: rotateY(180deg);\n}\n\n.cti7-head {\n  background: #4cc5d6;\n  padding: 8px 8px;\n  min-height: 86px;\n  display: flex;\n  align-items: center;\n  justify-content: center;\n}\n\n.cti7-title {\n  margin: 0;\n  text-align: center;\n  font-family: Roboto, Arial, sans-serif;\n  font-size: 20px;\n  line-height: 1.2;\n  font-weight: 700;\n  color: #fff;\n}\n\n.cti7-icon-wrap {\n  flex: 1;\n  display: flex;\n  align-items: center;\n  justify-content: center;\n  padding: 26px 18px;\n  background: #f8f7f7;\n}\n\n.cti7-icon-wrap img {\n  width: 100%;\n  max-width: 220px;\n  max-height: 220px;\n  height: auto;\n  object-fit: contain;\n  display: block;\n}\n\n.cti7-back-content {\n  flex: 1;\n  overflow-y: auto;\n  padding: 22px 24px 12px;\n  font-family: Roboto, Arial, sans-serif;\n  font-size: 15px;\n  line-height: 1.55;\n  color: #1f2a33;\n}\n\n.cti7-back-content p {\n  margin: 0 0 14px;\n}\n\n.cti7-back-content ul {\n  margin: 0 0 14px;\n  padding-left: 20px;\n}\n\n.cti7-back-content li {\n  margin: 0 0 10px;\n}\n\n.cti7-back-content a {\n  color: #35bfd1;\n  font-weight: 800;\n  text-decoration: none;\n}\n\n.cti7-back-content a:hover,\n.cti7-back-content a:focus {\n  text-decoration: underline;\n}\n\n.cti7-flip-btn,\n.cti7-back-btn {\n  appearance: none;\n  border: 0;\n  width: 100%;\n  min-height: 58px;\n  background: #4cc5d6;\n  color: #fff;\n  padding: 16px;\n  font-family: Roboto, Arial, sans-serif;\n  font-size: 18px;\n  font-weight: 800;\n  letter-spacing: 0.08em;\n  text-transform: uppercase;\n  text-align: center;\n  cursor: pointer;\n}\n\n.cti7-flip-btn:hover,\n.cti7-back-btn:hover,\n.cti7-flip-btn:focus,\n.cti7-back-btn:focus {\n  background: #38b5c7;\n}\n\n@media (max-width: 1100px) {\n  .cti7-flip-grid {\n    grid-template-columns: repeat(3, 1fr);\n  }\n}\n\n@media (max-width: 800px) {\n  .cti7-flip-grid {\n    grid-template-columns: repeat(2, 1fr);\n  }\n}\n\n@media (max-width: 520px) {\n  .cti7-flip-grid {\n    grid-template-columns: 1fr;\n  }\n\n  .cti7-flip-card,\n  .cti7-flip-inner {\n    min-height: 440px;\n  }\n}\n<\/style>\n\n<script>\ndocument.addEventListener(\"DOMContentLoaded\", function () {\n  document.querySelectorAll(\".cti7-flip-card\").forEach(function(card) {\n    const frontButton = card.querySelector(\".cti7-flip-btn\");\n    const backButton = card.querySelector(\".cti7-back-btn\");\n\n    if (frontButton) {\n      frontButton.addEventListener(\"click\", function() {\n        card.classList.add(\"is-flipped\");\n      });\n    }\n\n    if (backButton) {\n      backButton.addEventListener(\"click\", function() {\n        card.classList.remove(\"is-flipped\");\n      });\n    }\n  });\n});\n<\/script>\n<\/div>\n\n\n\n<section class=\"section section--quick-links\">\n    <div class=\"grid-container\">\n      <div class=\"grid-x grid-padding-x\">\n        <div class=\"cell\">\n                  \t<h2>Connexes :<\/h2>\n                                <div class=\"wp-block-buttons\">\n                \t\t\t\t  \t<a class=\"button wp-block-button__link\" href=\"https:\/\/www.canarie.ca\/fr\/cybersecurite\/pic\/flux-dinformations-sur-les-menaces-canssoc\/\" target=\"_self\">Flux d\u2019informations sur les menaces CanSSOC <\/a><br>\n    \t\t\t        \t\t\t\t  \t<a class=\"button wp-block-button__link\" href=\"https:\/\/www.canarie.ca\/fr\/?page_id=48593\" target=\"_self\">Programme Initiatives en cybers\u00e9curit\u00e9 (PIC) <\/a><br>\n    \t\t\t        \t\t\t\t  \t<a class=\"button wp-block-button__link\" href=\"https:\/\/www.canarie.ca\/fr\/?page_id=52532\" target=\"_self\">Participez au programme PIC  <\/a><br>\n    \t\t\t        \t\t\t\t  \t<a class=\"button wp-block-button__link\" href=\"https:\/\/www.canarie.ca\/fr\/cybersecurite\/pic\/foire-aux-questions\/\" target=\"_self\">Foire aux questions <\/a><br>\n    \t\t\t        \t\t\t\t  \t<a class=\"button wp-block-button__link\" href=\"https:\/\/www.canarie.ca\/fr\/?page_id=52557\" target=\"_self\">Soutien<\/a><br>\n    \t\t\t        \t\t\t  <\/div>\n    \t\t\t          <\/div>\n      <\/div>\n    <\/div>\n  <\/section>","protected":false},"excerpt":{"rendered":"<p>Services de renseignements sur les menaces &nbsp; Fil de menaces CanSSOC En savoir plus Fil de menaces CanSSOC Renseignements sur [&hellip;]<\/p>\n","protected":false},"author":22,"featured_media":0,"parent":48593,"menu_order":2,"comment_status":"closed","ping_status":"closed","template":"","meta":{"_acf_changed":false,"footnotes":""},"class_list":["post-49089","page","type-page","status-publish","hentry"],"acf":[],"yoast_head":"<!-- This site is optimized with the Yoast SEO plugin v27.6 - https:\/\/yoast.com\/product\/yoast-seo-wordpress\/ -->\n<title>Renseignements exploitables sur les menaces - CANARIE<\/title>\n<meta name=\"robots\" content=\"noindex, nofollow\" \/>\n<meta property=\"og:locale\" content=\"fr_FR\" \/>\n<meta property=\"og:type\" content=\"article\" \/>\n<meta property=\"og:title\" content=\"Renseignements exploitables sur les menaces - CANARIE\" \/>\n<meta property=\"og:description\" content=\"Services de renseignements sur les menaces &nbsp; Fil de menaces CanSSOC En savoir plus Fil de menaces CanSSOC Renseignements sur [&hellip;]\" \/>\n<meta property=\"og:url\" content=\"https:\/\/www.canarie.ca\/fr\/pic\/renseignements-exploitables-sur-les-menaces-2\/\" \/>\n<meta property=\"og:site_name\" content=\"CANARIE\" \/>\n<meta property=\"article:modified_time\" content=\"2026-05-15T22:13:05+00:00\" \/>\n<meta property=\"og:image\" content=\"https:\/\/www.canarie.ca\/wp-content\/uploads\/2026\/05\/card-1-Threat-feed.png\" \/>\n<meta name=\"twitter:card\" content=\"summary_large_image\" \/>\n<script type=\"application\/ld+json\" class=\"yoast-schema-graph\">{\"@context\":\"https:\\\/\\\/schema.org\",\"@graph\":[{\"@type\":\"WebPage\",\"@id\":\"https:\\\/\\\/www.canarie.ca\\\/fr\\\/pic\\\/renseignements-exploitables-sur-les-menaces-2\\\/\",\"url\":\"https:\\\/\\\/www.canarie.ca\\\/fr\\\/pic\\\/renseignements-exploitables-sur-les-menaces-2\\\/\",\"name\":\"Renseignements exploitables sur les menaces - CANARIE\",\"isPartOf\":{\"@id\":\"https:\\\/\\\/www.canarie.ca\\\/#website\"},\"primaryImageOfPage\":{\"@id\":\"https:\\\/\\\/www.canarie.ca\\\/fr\\\/pic\\\/renseignements-exploitables-sur-les-menaces-2\\\/#primaryimage\"},\"image\":{\"@id\":\"https:\\\/\\\/www.canarie.ca\\\/fr\\\/pic\\\/renseignements-exploitables-sur-les-menaces-2\\\/#primaryimage\"},\"thumbnailUrl\":\"https:\\\/\\\/www.canarie.ca\\\/wp-content\\\/uploads\\\/2026\\\/05\\\/card-1-Threat-feed.png\",\"datePublished\":\"2026-05-15T22:13:04+00:00\",\"dateModified\":\"2026-05-15T22:13:05+00:00\",\"breadcrumb\":{\"@id\":\"https:\\\/\\\/www.canarie.ca\\\/fr\\\/pic\\\/renseignements-exploitables-sur-les-menaces-2\\\/#breadcrumb\"},\"inLanguage\":\"fr-FR\",\"potentialAction\":[{\"@type\":\"ReadAction\",\"target\":[\"https:\\\/\\\/www.canarie.ca\\\/fr\\\/pic\\\/renseignements-exploitables-sur-les-menaces-2\\\/\"]}]},{\"@type\":\"ImageObject\",\"inLanguage\":\"fr-FR\",\"@id\":\"https:\\\/\\\/www.canarie.ca\\\/fr\\\/pic\\\/renseignements-exploitables-sur-les-menaces-2\\\/#primaryimage\",\"url\":\"https:\\\/\\\/www.canarie.ca\\\/wp-content\\\/uploads\\\/2026\\\/05\\\/card-1-Threat-feed.png\",\"contentUrl\":\"https:\\\/\\\/www.canarie.ca\\\/wp-content\\\/uploads\\\/2026\\\/05\\\/card-1-Threat-feed.png\"},{\"@type\":\"BreadcrumbList\",\"@id\":\"https:\\\/\\\/www.canarie.ca\\\/fr\\\/pic\\\/renseignements-exploitables-sur-les-menaces-2\\\/#breadcrumb\",\"itemListElement\":[{\"@type\":\"ListItem\",\"position\":1,\"name\":\"Accueil\",\"item\":\"https:\\\/\\\/www.canarie.ca\\\/fr\\\/\"},{\"@type\":\"ListItem\",\"position\":2,\"name\":\"Programme d&#8217;initiatives en mati\u00e8re de cybers\u00e9curit\u00e9 (CIP)\u00a0\",\"item\":\"https:\\\/\\\/www.canarie.ca\\\/fr\\\/pic\\\/\"},{\"@type\":\"ListItem\",\"position\":3,\"name\":\"Renseignements exploitables sur les menaces\"}]},{\"@type\":\"WebSite\",\"@id\":\"https:\\\/\\\/www.canarie.ca\\\/#website\",\"url\":\"https:\\\/\\\/www.canarie.ca\\\/\",\"name\":\"CANARIE\",\"description\":\"\",\"potentialAction\":[{\"@type\":\"SearchAction\",\"target\":{\"@type\":\"EntryPoint\",\"urlTemplate\":\"https:\\\/\\\/www.canarie.ca\\\/?s={search_term_string}\"},\"query-input\":{\"@type\":\"PropertyValueSpecification\",\"valueRequired\":true,\"valueName\":\"search_term_string\"}}],\"inLanguage\":\"fr-FR\"}]}<\/script>\n<!-- \/ Yoast SEO plugin. -->","yoast_head_json":{"title":"Renseignements exploitables sur les menaces - CANARIE","robots":{"index":"noindex","follow":"nofollow"},"og_locale":"fr_FR","og_type":"article","og_title":"Renseignements exploitables sur les menaces - CANARIE","og_description":"Services de renseignements sur les menaces &nbsp; Fil de menaces CanSSOC En savoir plus Fil de menaces CanSSOC Renseignements sur [&hellip;]","og_url":"https:\/\/www.canarie.ca\/fr\/pic\/renseignements-exploitables-sur-les-menaces-2\/","og_site_name":"CANARIE","article_modified_time":"2026-05-15T22:13:05+00:00","og_image":[{"url":"https:\/\/www.canarie.ca\/wp-content\/uploads\/2026\/05\/card-1-Threat-feed.png","type":"","width":"","height":""}],"twitter_card":"summary_large_image","schema":{"@context":"https:\/\/schema.org","@graph":[{"@type":"WebPage","@id":"https:\/\/www.canarie.ca\/fr\/pic\/renseignements-exploitables-sur-les-menaces-2\/","url":"https:\/\/www.canarie.ca\/fr\/pic\/renseignements-exploitables-sur-les-menaces-2\/","name":"Renseignements exploitables sur les menaces - CANARIE","isPartOf":{"@id":"https:\/\/www.canarie.ca\/#website"},"primaryImageOfPage":{"@id":"https:\/\/www.canarie.ca\/fr\/pic\/renseignements-exploitables-sur-les-menaces-2\/#primaryimage"},"image":{"@id":"https:\/\/www.canarie.ca\/fr\/pic\/renseignements-exploitables-sur-les-menaces-2\/#primaryimage"},"thumbnailUrl":"https:\/\/www.canarie.ca\/wp-content\/uploads\/2026\/05\/card-1-Threat-feed.png","datePublished":"2026-05-15T22:13:04+00:00","dateModified":"2026-05-15T22:13:05+00:00","breadcrumb":{"@id":"https:\/\/www.canarie.ca\/fr\/pic\/renseignements-exploitables-sur-les-menaces-2\/#breadcrumb"},"inLanguage":"fr-FR","potentialAction":[{"@type":"ReadAction","target":["https:\/\/www.canarie.ca\/fr\/pic\/renseignements-exploitables-sur-les-menaces-2\/"]}]},{"@type":"ImageObject","inLanguage":"fr-FR","@id":"https:\/\/www.canarie.ca\/fr\/pic\/renseignements-exploitables-sur-les-menaces-2\/#primaryimage","url":"https:\/\/www.canarie.ca\/wp-content\/uploads\/2026\/05\/card-1-Threat-feed.png","contentUrl":"https:\/\/www.canarie.ca\/wp-content\/uploads\/2026\/05\/card-1-Threat-feed.png"},{"@type":"BreadcrumbList","@id":"https:\/\/www.canarie.ca\/fr\/pic\/renseignements-exploitables-sur-les-menaces-2\/#breadcrumb","itemListElement":[{"@type":"ListItem","position":1,"name":"Accueil","item":"https:\/\/www.canarie.ca\/fr\/"},{"@type":"ListItem","position":2,"name":"Programme d&#8217;initiatives en mati\u00e8re de cybers\u00e9curit\u00e9 (CIP)\u00a0","item":"https:\/\/www.canarie.ca\/fr\/pic\/"},{"@type":"ListItem","position":3,"name":"Renseignements exploitables sur les menaces"}]},{"@type":"WebSite","@id":"https:\/\/www.canarie.ca\/#website","url":"https:\/\/www.canarie.ca\/","name":"CANARIE","description":"","potentialAction":[{"@type":"SearchAction","target":{"@type":"EntryPoint","urlTemplate":"https:\/\/www.canarie.ca\/?s={search_term_string}"},"query-input":{"@type":"PropertyValueSpecification","valueRequired":true,"valueName":"search_term_string"}}],"inLanguage":"fr-FR"}]}},"_links":{"self":[{"href":"https:\/\/www.canarie.ca\/fr\/wp-json\/wp\/v2\/pages\/49089","targetHints":{"allow":["GET"]}}],"collection":[{"href":"https:\/\/www.canarie.ca\/fr\/wp-json\/wp\/v2\/pages"}],"about":[{"href":"https:\/\/www.canarie.ca\/fr\/wp-json\/wp\/v2\/types\/page"}],"author":[{"embeddable":true,"href":"https:\/\/www.canarie.ca\/fr\/wp-json\/wp\/v2\/users\/22"}],"replies":[{"embeddable":true,"href":"https:\/\/www.canarie.ca\/fr\/wp-json\/wp\/v2\/comments?post=49089"}],"version-history":[{"count":1,"href":"https:\/\/www.canarie.ca\/fr\/wp-json\/wp\/v2\/pages\/49089\/revisions"}],"predecessor-version":[{"id":52825,"href":"https:\/\/www.canarie.ca\/fr\/wp-json\/wp\/v2\/pages\/49089\/revisions\/52825"}],"up":[{"embeddable":true,"href":"https:\/\/www.canarie.ca\/fr\/wp-json\/wp\/v2\/pages\/48593"}],"wp:attachment":[{"href":"https:\/\/www.canarie.ca\/fr\/wp-json\/wp\/v2\/media?parent=49089"}],"curies":[{"name":"wp","href":"https:\/\/api.w.org\/{rel}","templated":true}]}}