{"id":49438,"date":"2026-05-15T16:35:09","date_gmt":"2026-05-15T20:35:09","guid":{"rendered":"https:\/\/www.canarie.ca\/?page_id=49438"},"modified":"2026-05-15T16:35:10","modified_gmt":"2026-05-15T20:35:10","slug":"programme-initiatives-en-cybersecurite-pic","status":"publish","type":"page","link":"https:\/\/www.canarie.ca\/fr\/pic\/programme-initiatives-en-cybersecurite-pic\/","title":{"rendered":"Programme Initiatives en cybers\u00e9curit\u00e9 (PIC)"},"content":{"rendered":"\n\n<section class=\"section section--text-with-image  alignfull container squares-right\">\n    <div class=\"grid-container simple-fade\">\n    <div class=\"grid-x grid-padding-x align-middle\">\n      <div class=\"cell medium-6 medium-order-2\">\n\t\t  \t\t\t  <img decoding=\"async\" src=\"https:\/\/www.canarie.ca\/wp-content\/uploads\/2026\/01\/participate-5-1-1024x741.gif\" alt=\"Infographic of a blue Canadian map with protection shield, data nodes, and hands shaking, representing participation in national cybersecurity initiatives.\">\n\t\t        <\/div>\n      <div class=\"cell medium-6 medium-order-1 text-left text-cell \">\n  \t\t  \t\t          <h1 class=\"cssanimation leFadeIn\">Participer au Programme d\u2019initiatives en cybers\u00e9curit\u00e9 (PIC)<\/h1>\n  \t\t  \t\t                              <\/div>\n    <\/div>\n  <\/div>\n<\/section>\n\n\n\n\n\n<section class=\"section section--banner simple-fade dark-blue alignfull\">\n  <div class=\"grid-container text-center\">\n  \t\t  \t\t  \t  <div class=\"large\"><p>La s\u00e9curit\u00e9 est un sport d\u2019\u00e9quipe. Lorsque chaque organisation connect\u00e9e au R\u00e9seau national de recherche et d\u2019\u00e9ducation du Canada (RNRE) est mieux prot\u00e9g\u00e9e, l\u2019ensemble du secteur b\u00e9n\u00e9ficie d\u2019une d\u00e9fense collective \u2014 et chaque organisation est plus forte qu\u2019elle ne pourrait l\u2019\u00eatre seule.<\/p>\n<\/div>\n\t  \t  \t\t  <\/div>\n<\/section>\n\n\n\n<section class=\"section section--text-columns no-background\">\n    <div class=\"grid-container\">\n      <div class=\"grid-x grid-padding-x\">\n        <div class=\"cell\">\n                    <h3>Pourquoi participer?<\/h3>\n<ul>\n<li>Acc\u00e8s unique \u00e0 une communaut\u00e9 nationale d\u2019experts en s\u00e9curit\u00e9 dans le secteur de la recherche et de l\u2019\u00e9ducation (R&amp;E)<\/li>\n<li>Possibilit\u00e9 de renforcer les capacit\u00e9s et l\u2019expertise en cybers\u00e9curit\u00e9 de votre \u00e9quipe<\/li>\n<li>Formation et soutien int\u00e9gr\u00e9s<\/li>\n<li>Acc\u00e8s \u00e0 un bassin national d\u2019experts en cybers\u00e9curit\u00e9 du secteur de la R&amp;E<\/li>\n<li>Possibilit\u00e9s de contribuer votre propre expertise et d\u2019aider \u00e0 orienter l\u2019\u00e9volution d\u2019initiatives qui renforcent l\u2019ensemble du secteur<\/li>\n<\/ul>\n<h3>Conditions d\u2019admissibilit\u00e9<\/h3>\n<p>Les organisations admissibles (OA) peuvent acc\u00e9der aux initiatives du programme et les d\u00e9ployer sans frais. Les OA doivent :<\/p>\n<ul>\n<li>\u00catre un \u00e9tablissement postsecondaire, une installation de recherche non f\u00e9d\u00e9rale ou un centre d\u2019excellence;<\/li>\n<li>\u00catre connect\u00e9es au R\u00e9seau national de recherche et d\u2019\u00e9ducation (RNRE) et \u00eatre membres d\u2019un partenaire provincial ou territorial du RNRE; et<\/li>\n<li>\u00catre connect\u00e9es \u00e0 ce partenaire du RNRE par l\u2019interm\u00e9diaire d\u2019un r\u00e9seau autonome.<\/li>\n<\/ul>\n<h3>Comment participer<\/h3>\n<p>Si votre organisation r\u00e9pond aux crit\u00e8res d\u2019admissibilit\u00e9 ci-dessus, suivez les trois \u00e9tapes suivantes :<\/p>\n<ol>\n<li>Communiquez avec <a href=\"mailto:cip@canarie.ca\">cip@canarie.ca<\/a> et demandez un lien vers le formulaire de participation au PIC.<\/li>\n<li>Si votre organisation est admissible, un membre de l\u2019\u00e9quipe CANARIE vous enverra une Entente de collaboration en cybers\u00e9curit\u00e9 organisationnelle (ECCO), l\u2019entente requise pour participer au PIC.<\/li>\n<li>Une fois cette entente sign\u00e9e par les signataires de votre organisation et de CANARIE, votre organisation deviendra participante au PIC et aura acc\u00e8s aux <a href=\"https:\/\/www.canarie.ca\/fr\/?page_id=48593\">services financ\u00e9s<\/a>.<\/li>\n<\/ol>\n<h3>Soutien<\/h3>\n<p>Si vous avez des questions concernant ce processus ou les initiatives financ\u00e9es par le PIC, veuillez communiquer avec notre \u00e9quipe \u00e0 : <a href=\"mailto:cip@canarie.ca\">cip@canarie.ca<\/a><\/p>\n<ul>\n<li>Consulter un exemple d\u2019ECCO<br \/>\n<a href=\"https:\/\/www.canarie.ca\/wp-content\/uploads\/2024\/08\/OCCA-Sample.pdf\">https:\/\/www.canarie.ca\/wp-content\/uploads\/2024\/08\/OCCA-Sample.pdf<\/a><\/li>\n<li>Consulter un exemple de formulaire de participation<br \/>\n<a href=\"https:\/\/www.canarie.ca\/wp-content\/uploads\/2024\/08\/CIP-Initiatives-Application.pdf\">https:\/\/www.canarie.ca\/wp-content\/uploads\/2024\/08\/CIP-Initiatives-Application.pdf<\/a><\/li>\n<\/ul>\n                  <\/div>\n      <\/div>\n    <\/div>\n  <\/section>\n\n\n<section class=\"section section--quick-links\">\n    <div class=\"grid-container\">\n      <div class=\"grid-x grid-padding-x\">\n        <div class=\"cell\">\n                  \t<h2>Connexes :<\/h2>\n                                <div class=\"wp-block-buttons\">\n                \t\t\t\t  \t<a class=\"button wp-block-button__link\" href=\"https:\/\/www.canarie.ca\/fr\/?page_id=48593\" target=\"_self\">Programme Initiatives en cybers\u00e9curit\u00e9 (PIC) <\/a><br>\n    \t\t\t        \t\t\t\t  \t<a class=\"button wp-block-button__link\" href=\"https:\/\/www.canarie.ca\/fr\/cybersecurite\/pic\/foire-aux-questions\/\" target=\"_self\">Foire aux questions <\/a><br>\n    \t\t\t        \t\t\t\t  \t<a class=\"button wp-block-button__link\" href=\"https:\/\/www.canarie.ca\/fr\/?page_id=52557\" target=\"_self\">Soutien<\/a><br>\n    \t\t\t        \t\t\t  <\/div>\n    \t\t\t          <\/div>\n      <\/div>\n    <\/div>\n  <\/section>","protected":false},"excerpt":{"rendered":"","protected":false},"author":22,"featured_media":0,"parent":48593,"menu_order":0,"comment_status":"closed","ping_status":"closed","template":"","meta":{"_acf_changed":false,"footnotes":""},"class_list":["post-49438","page","type-page","status-publish","hentry"],"acf":[],"yoast_head":"<!-- This site is optimized with the Yoast SEO plugin v27.6 - https:\/\/yoast.com\/product\/yoast-seo-wordpress\/ -->\n<title>Programme Initiatives en cybers\u00e9curit\u00e9 (PIC) - CANARIE<\/title>\n<meta name=\"robots\" content=\"noindex, nofollow\" \/>\n<meta property=\"og:locale\" content=\"fr_FR\" \/>\n<meta property=\"og:type\" content=\"article\" \/>\n<meta property=\"og:title\" content=\"Programme Initiatives en cybers\u00e9curit\u00e9 (PIC) - CANARIE\" \/>\n<meta property=\"og:url\" content=\"https:\/\/www.canarie.ca\/fr\/pic\/programme-initiatives-en-cybersecurite-pic\/\" \/>\n<meta property=\"og:site_name\" content=\"CANARIE\" \/>\n<meta property=\"article:modified_time\" content=\"2026-05-15T20:35:10+00:00\" \/>\n<meta name=\"twitter:card\" content=\"summary_large_image\" \/>\n<script type=\"application\/ld+json\" class=\"yoast-schema-graph\">{\"@context\":\"https:\\\/\\\/schema.org\",\"@graph\":[{\"@type\":\"WebPage\",\"@id\":\"https:\\\/\\\/www.canarie.ca\\\/fr\\\/pic\\\/programme-initiatives-en-cybersecurite-pic\\\/\",\"url\":\"https:\\\/\\\/www.canarie.ca\\\/fr\\\/pic\\\/programme-initiatives-en-cybersecurite-pic\\\/\",\"name\":\"Programme Initiatives en cybers\u00e9curit\u00e9 (PIC) - CANARIE\",\"isPartOf\":{\"@id\":\"https:\\\/\\\/www.canarie.ca\\\/#website\"},\"datePublished\":\"2026-05-15T20:35:09+00:00\",\"dateModified\":\"2026-05-15T20:35:10+00:00\",\"breadcrumb\":{\"@id\":\"https:\\\/\\\/www.canarie.ca\\\/fr\\\/pic\\\/programme-initiatives-en-cybersecurite-pic\\\/#breadcrumb\"},\"inLanguage\":\"fr-FR\",\"potentialAction\":[{\"@type\":\"ReadAction\",\"target\":[\"https:\\\/\\\/www.canarie.ca\\\/fr\\\/pic\\\/programme-initiatives-en-cybersecurite-pic\\\/\"]}]},{\"@type\":\"BreadcrumbList\",\"@id\":\"https:\\\/\\\/www.canarie.ca\\\/fr\\\/pic\\\/programme-initiatives-en-cybersecurite-pic\\\/#breadcrumb\",\"itemListElement\":[{\"@type\":\"ListItem\",\"position\":1,\"name\":\"Accueil\",\"item\":\"https:\\\/\\\/www.canarie.ca\\\/fr\\\/\"},{\"@type\":\"ListItem\",\"position\":2,\"name\":\"Programme d&#8217;initiatives en mati\u00e8re de cybers\u00e9curit\u00e9 (CIP)\u00a0\",\"item\":\"https:\\\/\\\/www.canarie.ca\\\/fr\\\/pic\\\/\"},{\"@type\":\"ListItem\",\"position\":3,\"name\":\"Programme Initiatives en cybers\u00e9curit\u00e9 (PIC)\"}]},{\"@type\":\"WebSite\",\"@id\":\"https:\\\/\\\/www.canarie.ca\\\/#website\",\"url\":\"https:\\\/\\\/www.canarie.ca\\\/\",\"name\":\"CANARIE\",\"description\":\"\",\"potentialAction\":[{\"@type\":\"SearchAction\",\"target\":{\"@type\":\"EntryPoint\",\"urlTemplate\":\"https:\\\/\\\/www.canarie.ca\\\/?s={search_term_string}\"},\"query-input\":{\"@type\":\"PropertyValueSpecification\",\"valueRequired\":true,\"valueName\":\"search_term_string\"}}],\"inLanguage\":\"fr-FR\"}]}<\/script>\n<!-- \/ Yoast SEO plugin. -->","yoast_head_json":{"title":"Programme Initiatives en cybers\u00e9curit\u00e9 (PIC) - CANARIE","robots":{"index":"noindex","follow":"nofollow"},"og_locale":"fr_FR","og_type":"article","og_title":"Programme Initiatives en cybers\u00e9curit\u00e9 (PIC) - CANARIE","og_url":"https:\/\/www.canarie.ca\/fr\/pic\/programme-initiatives-en-cybersecurite-pic\/","og_site_name":"CANARIE","article_modified_time":"2026-05-15T20:35:10+00:00","twitter_card":"summary_large_image","schema":{"@context":"https:\/\/schema.org","@graph":[{"@type":"WebPage","@id":"https:\/\/www.canarie.ca\/fr\/pic\/programme-initiatives-en-cybersecurite-pic\/","url":"https:\/\/www.canarie.ca\/fr\/pic\/programme-initiatives-en-cybersecurite-pic\/","name":"Programme Initiatives en cybers\u00e9curit\u00e9 (PIC) - CANARIE","isPartOf":{"@id":"https:\/\/www.canarie.ca\/#website"},"datePublished":"2026-05-15T20:35:09+00:00","dateModified":"2026-05-15T20:35:10+00:00","breadcrumb":{"@id":"https:\/\/www.canarie.ca\/fr\/pic\/programme-initiatives-en-cybersecurite-pic\/#breadcrumb"},"inLanguage":"fr-FR","potentialAction":[{"@type":"ReadAction","target":["https:\/\/www.canarie.ca\/fr\/pic\/programme-initiatives-en-cybersecurite-pic\/"]}]},{"@type":"BreadcrumbList","@id":"https:\/\/www.canarie.ca\/fr\/pic\/programme-initiatives-en-cybersecurite-pic\/#breadcrumb","itemListElement":[{"@type":"ListItem","position":1,"name":"Accueil","item":"https:\/\/www.canarie.ca\/fr\/"},{"@type":"ListItem","position":2,"name":"Programme d&#8217;initiatives en mati\u00e8re de cybers\u00e9curit\u00e9 (CIP)\u00a0","item":"https:\/\/www.canarie.ca\/fr\/pic\/"},{"@type":"ListItem","position":3,"name":"Programme Initiatives en cybers\u00e9curit\u00e9 (PIC)"}]},{"@type":"WebSite","@id":"https:\/\/www.canarie.ca\/#website","url":"https:\/\/www.canarie.ca\/","name":"CANARIE","description":"","potentialAction":[{"@type":"SearchAction","target":{"@type":"EntryPoint","urlTemplate":"https:\/\/www.canarie.ca\/?s={search_term_string}"},"query-input":{"@type":"PropertyValueSpecification","valueRequired":true,"valueName":"search_term_string"}}],"inLanguage":"fr-FR"}]}},"_links":{"self":[{"href":"https:\/\/www.canarie.ca\/fr\/wp-json\/wp\/v2\/pages\/49438","targetHints":{"allow":["GET"]}}],"collection":[{"href":"https:\/\/www.canarie.ca\/fr\/wp-json\/wp\/v2\/pages"}],"about":[{"href":"https:\/\/www.canarie.ca\/fr\/wp-json\/wp\/v2\/types\/page"}],"author":[{"embeddable":true,"href":"https:\/\/www.canarie.ca\/fr\/wp-json\/wp\/v2\/users\/22"}],"replies":[{"embeddable":true,"href":"https:\/\/www.canarie.ca\/fr\/wp-json\/wp\/v2\/comments?post=49438"}],"version-history":[{"count":1,"href":"https:\/\/www.canarie.ca\/fr\/wp-json\/wp\/v2\/pages\/49438\/revisions"}],"predecessor-version":[{"id":52805,"href":"https:\/\/www.canarie.ca\/fr\/wp-json\/wp\/v2\/pages\/49438\/revisions\/52805"}],"up":[{"embeddable":true,"href":"https:\/\/www.canarie.ca\/fr\/wp-json\/wp\/v2\/pages\/48593"}],"wp:attachment":[{"href":"https:\/\/www.canarie.ca\/fr\/wp-json\/wp\/v2\/media?parent=49438"}],"curies":[{"name":"wp","href":"https:\/\/api.w.org\/{rel}","templated":true}]}}