{"id":51018,"date":"2026-03-27T12:20:08","date_gmt":"2026-03-27T16:20:08","guid":{"rendered":"https:\/\/www.canarie.ca\/?page_id=51018"},"modified":"2026-03-27T12:21:04","modified_gmt":"2026-03-27T16:21:04","slug":"specialiste-principal-en-ingenierie-de-plateformes","status":"publish","type":"page","link":"https:\/\/www.canarie.ca\/fr\/carrieres\/specialiste-principal-en-ingenierie-de-plateformes\/","title":{"rendered":"Sp\u00e9cialiste principal en ing\u00e9nierie de plateformes"},"content":{"rendered":"\n<div style=\"height:36px\" aria-hidden=\"true\" class=\"wp-block-spacer\"><\/div>\n\n\n\n<h1 class=\"wp-block-heading has-text-align-center\" id=\"program-manager-identity-and-access-management\"><strong>Sp\u00e9cialiste principal en ing\u00e9nierie de plateformes<\/strong><\/h1>\n\n\n\n<div style=\"height:36px\" aria-hidden=\"true\" class=\"wp-block-spacer\"><\/div>\n\n\n\n<section class=\"section section--banner simple-fade light-blue alignfull\">\n  <div class=\"grid-container text-center\">\n  \t\t  \t\t  \t  <div class=\"large\"><p>CANARIE a besoin sur-le-champ d\u2019un ou d\u2019une sp\u00e9cialiste principale en ing\u00e9nierie de plateformes. Le ou la titulaire du poste prodiguera des conseils en automatisation et gouvernance g\u00e9r\u00e9es de son infrastructure en nuage et en pilotera l\u2019\u00e9volution afin de garantir l\u2019implantation de la plateforme fiable, extensible et s\u00e9curis\u00e9e qui h\u00e9bergera les applications et les services conteneuris\u00e9s de l\u2019organisation.<\/p>\n<p>Il s\u2019agit d\u2019un nouveau poste, permanent et \u00e0 temps plein, qui rel\u00e8ve du gestionnaire en d\u00e9veloppement des logiciels de CANARIE.<\/p>\n<p>Son \u00e9chelle salariale se situe entre 125\u00a0000\u00a0$ et 162\u00a0000\u00a0$.<\/p>\n<\/div>\n\t  \t  \t\t  <\/div>\n<\/section>\n\n\n\n<section class=\"section section--text-columns\">\n    <div class=\"grid-container\">\n      \n                      <div class=\"grid-x grid-padding-x\">\n                                                <div class=\"cell\">\n                    <h3>Principales responsabilit\u00e9s<\/h3>\n                  <\/div>\n                                                                              <div class=\"cell medium-6\">\n                          <ul>\n<li>D\u00e9velopper et maintenir l\u2019infrastructure d\u2019une plateforme autorisant une disponibilit\u00e9 \u00e9lev\u00e9e des applications avec lesquelles CANARIE dispense ses services de r\u00e9seautique, de cybers\u00e9curit\u00e9 et de gestion des identit\u00e9s au secteur des \u00e9tudes sup\u00e9rieures et de la recherche au Canada<\/li>\n<li>\u00c9tablir l\u2019orientation de la plateforme, fixer des normes et les accorder avec les objectifs de l\u2019organisation<\/li>\n<li>Optimiser la plateforme ainsi que son exploitabilit\u00e9 et son extensibilit\u00e9<\/li>\n<li>Orienter et encadrer des \u00e9quipes de m\u00eame que promouvoir les pratiques les plus modernes<\/li>\n<\/ul>\n                        <\/div>\n                                                <div class=\"cell medium-6\">\n                          <ul>\n<li>Collaborer avec les \u00e9quipes du d\u00e9veloppement, des technologies de l\u2019information et de la s\u00e9curit\u00e9 pour \u00e9laborer des solutions robustes qu\u2019on pourra observer<\/li>\n<li>Effectuer des d\u00e9placement \u00e0 l\u2019occasion<\/li>\n<li>Assumer d\u2019autres fonctions et responsabilit\u00e9s connexes au besoin<\/li>\n<\/ul>\n                        <\/div>\n                                          \n                                    \n                                <\/div>\n                <\/div>\n  <\/section>\n  \n\n\n<section class=\"section section--text-columns no-background\">\n    <div class=\"grid-container\">\n      <div class=\"grid-x grid-padding-x\">\n        <div class=\"cell\">\n                  \t<h3>Le ou la candidate r\u00eav\u00e9e<\/h3>\n                    <p>Pour exceller chez CANARIE, il illustrera de fa\u00e7on manifeste sa capacit\u00e9 \u00e0 collaborer au sein d\u2019une \u00e9quipe. Il travaillera de fa\u00e7on autonome avec enthousiasme en faisant preuve d\u2019une grande motivation. Parfaitement \u00e0 l\u2019aise dans les communications orales et \u00e9crites, il aura pour atouts une solide gestion du temps, la r\u00e9solution de probl\u00e8mes et l\u2019administration de priorit\u00e9s multiples. Enfin, le candidat id\u00e9al \u00e9pousera les valeurs de CANARIE que sont le service \u00e0 la client\u00e8le, l\u2019esprit d\u2019\u00e9quipe, l\u2019inclusion, l\u2019innovation, la conscience professionnelle et l\u2019int\u00e9grit\u00e9.<\/p>\n                  <\/div>\n      <\/div>\n    <\/div>\n  <\/section>\n\n\n<section class=\"section section--text-columns no-background\">\n    <div class=\"grid-container\">\n      <div class=\"grid-x grid-padding-x\">\n        <div class=\"cell\">\n                  \t<h3>Vos acquis<\/h3>\n                    <h3>Formation et exp\u00e9rience<\/h3>\n<ul>\n<li>Dipl\u00f4me coll\u00e9gial ou universitaire en informatique ou en g\u00e9nie logiciel, ou combinaison de cours, d\u2019exp\u00e9rience et de formations dans un domaine pertinent<\/li>\n<li>Au moins dix (10) ann\u00e9es d\u2019exp\u00e9rience pratique en DevOps et en ing\u00e9nierie de plateformes<\/li>\n<li>Exp\u00e9rience de la conception et du maintien d\u2019un syst\u00e8me d\u2019automatisation \u00e0 int\u00e9gration\/application continue avec soutien des op\u00e9rations (surveillance\/signalement) pour un ou plusieurs services h\u00e9berg\u00e9s<\/li>\n<li>Exp\u00e9rience de l\u2019architecture, de la cr\u00e9ation et du maintien des infrastructures en nuage extensibles (nuage priv\u00e9 et AWS ou Azure) au moyen d\u2019outils d\u2019infrastructure en tant que code (IaC) comme Terraform ou OpenTofu<\/li>\n<\/ul>\n<h3>Aptitudes<\/h3>\n<ul>\n<li>Habilet\u00e9 \u00e0 transmettre clairement des informations techniques<\/li>\n<li>Aptitude manifeste \u00e0 communiquer efficacement \u00e0 tous les paliers d\u2019une organisation<\/li>\n<li>Excellentes aptitudes en consultation, analyse et r\u00e9solution de probl\u00e8mes<\/li>\n<li>Habilet\u00e9 manifeste \u00e0 gagner la confiance des intervenants et \u00e0 faire preuve de cr\u00e9dibilit\u00e9 \u00e0 leurs yeux<\/li>\n<\/ul>\n<h3>Comp\u00e9tences techniques<\/h3>\n<ul>\n<li>Expertise en conception de plateformes s\u00fbres, fiables et extensibles pour les applications et les services naturels en nuage<\/li>\n<li>Expertise en automatisation (programmation\/r\u00e9daction de scripts)<\/li>\n<li>Connaissance pratique pouss\u00e9e de ce qui suit\u00a0:\n<ul>\n<li>Docker, logiciels d\u2019orchestration et de gestion (Kubernetes\/Rancher), logiciels de provisionnement et de DevSecOps (GitLab\/Fleet\/Helm), logiciels d\u2019observation et d\u2019analyse (Prometheus\/Grafana\/Nagios);<\/li>\n<li>projets de la Cloud Native Computing Foundation (CNCF);<\/li>\n<li>nuages priv\u00e9s (VMware, OpenShift) et publics (AWS, Azure);<\/li>\n<li>d\u00e9tection et att\u00e9nuation des vuln\u00e9rabilit\u00e9s en cybers\u00e9curit\u00e9.<\/li>\n<\/ul>\n<\/li>\n<li>Solide connaissance pratique des logiciels Microsoft Office<\/li>\n<\/ul>\n                  <\/div>\n      <\/div>\n    <\/div>\n  <\/section>\n\n\n<h3 class=\"wp-block-heading has-cyan-color has-text-color\" id=\"come-work-with-us\">Travaillons ensemble<\/h3>\n\n\n\n<p>Nous croyons dans l\u2019\u00e9quit\u00e9 en mati\u00e8re d\u2019emploi et encourageons ceux et celles qui nous aideraient \u00e0 diversifier nos id\u00e9es et nos points de vue \u00e0 poser leur candidature. Des accommodements seront offerts aux personnes aux prises avec un handicap qui en font la demande, \u00e0 toutes les \u00e9tapes du recrutement et du processus d\u2019\u00e9valuation.<\/p>\n\n\n\n<p>Le poste semble fait pour vous? Envoyez votre curriculum vitae \u00e0 <a href=\"mailto:careers@canarie.ca\">careers@canarie.ca<\/a>. Veuillez mentionner le titre du poste dans l\u2019objet du courriel.<\/p>\n\n\n\n<p>Nous remercions tous les int\u00e9ress\u00e9s, mais seules les personnes retenues pour une entrevue recevront un appel.<\/p>\n","protected":false},"excerpt":{"rendered":"<p>Sp\u00e9cialiste principal en ing\u00e9nierie de plateformes Travaillons ensemble Nous croyons dans l\u2019\u00e9quit\u00e9 en mati\u00e8re d\u2019emploi et encourageons ceux et celles [&hellip;]<\/p>\n","protected":false},"author":22,"featured_media":0,"parent":6314,"menu_order":8,"comment_status":"closed","ping_status":"closed","template":"","meta":{"_acf_changed":false,"footnotes":""},"class_list":["post-51018","page","type-page","status-publish","hentry"],"acf":[],"yoast_head":"<!-- This site is optimized with the Yoast SEO plugin v27.5 - https:\/\/yoast.com\/product\/yoast-seo-wordpress\/ -->\n<title>Sp\u00e9cialiste principal en ing\u00e9nierie de plateformes - CANARIE<\/title>\n<meta name=\"robots\" content=\"index, follow, max-snippet:-1, max-image-preview:large, max-video-preview:-1\" \/>\n<link rel=\"canonical\" href=\"https:\/\/www.canarie.ca\/fr\/carrieres\/specialiste-principal-en-ingenierie-de-plateformes\/\" \/>\n<meta property=\"og:locale\" content=\"fr_FR\" \/>\n<meta property=\"og:type\" content=\"article\" \/>\n<meta property=\"og:title\" content=\"Sp\u00e9cialiste principal en ing\u00e9nierie de plateformes - CANARIE\" \/>\n<meta property=\"og:description\" content=\"Sp\u00e9cialiste principal en ing\u00e9nierie de plateformes Travaillons ensemble Nous croyons dans l\u2019\u00e9quit\u00e9 en mati\u00e8re d\u2019emploi et encourageons ceux et celles [&hellip;]\" \/>\n<meta property=\"og:url\" content=\"https:\/\/www.canarie.ca\/fr\/carrieres\/specialiste-principal-en-ingenierie-de-plateformes\/\" \/>\n<meta property=\"og:site_name\" content=\"CANARIE\" \/>\n<meta property=\"article:modified_time\" content=\"2026-03-27T16:21:04+00:00\" \/>\n<meta name=\"twitter:card\" content=\"summary_large_image\" \/>\n<script type=\"application\/ld+json\" class=\"yoast-schema-graph\">{\"@context\":\"https:\\\/\\\/schema.org\",\"@graph\":[{\"@type\":\"WebPage\",\"@id\":\"https:\\\/\\\/www.canarie.ca\\\/fr\\\/carrieres\\\/specialiste-principal-en-ingenierie-de-plateformes\\\/\",\"url\":\"https:\\\/\\\/www.canarie.ca\\\/fr\\\/carrieres\\\/specialiste-principal-en-ingenierie-de-plateformes\\\/\",\"name\":\"Sp\u00e9cialiste principal en ing\u00e9nierie de plateformes - CANARIE\",\"isPartOf\":{\"@id\":\"https:\\\/\\\/www.canarie.ca\\\/#website\"},\"datePublished\":\"2026-03-27T16:20:08+00:00\",\"dateModified\":\"2026-03-27T16:21:04+00:00\",\"breadcrumb\":{\"@id\":\"https:\\\/\\\/www.canarie.ca\\\/fr\\\/carrieres\\\/specialiste-principal-en-ingenierie-de-plateformes\\\/#breadcrumb\"},\"inLanguage\":\"fr-FR\",\"potentialAction\":[{\"@type\":\"ReadAction\",\"target\":[\"https:\\\/\\\/www.canarie.ca\\\/fr\\\/carrieres\\\/specialiste-principal-en-ingenierie-de-plateformes\\\/\"]}]},{\"@type\":\"BreadcrumbList\",\"@id\":\"https:\\\/\\\/www.canarie.ca\\\/fr\\\/carrieres\\\/specialiste-principal-en-ingenierie-de-plateformes\\\/#breadcrumb\",\"itemListElement\":[{\"@type\":\"ListItem\",\"position\":1,\"name\":\"Accueil\",\"item\":\"https:\\\/\\\/www.canarie.ca\\\/fr\\\/\"},{\"@type\":\"ListItem\",\"position\":2,\"name\":\"Carri\u00e8res\",\"item\":\"https:\\\/\\\/www.canarie.ca\\\/fr\\\/carrieres\\\/\"},{\"@type\":\"ListItem\",\"position\":3,\"name\":\"Sp\u00e9cialiste principal en ing\u00e9nierie de plateformes\"}]},{\"@type\":\"WebSite\",\"@id\":\"https:\\\/\\\/www.canarie.ca\\\/#website\",\"url\":\"https:\\\/\\\/www.canarie.ca\\\/\",\"name\":\"CANARIE\",\"description\":\"\",\"potentialAction\":[{\"@type\":\"SearchAction\",\"target\":{\"@type\":\"EntryPoint\",\"urlTemplate\":\"https:\\\/\\\/www.canarie.ca\\\/?s={search_term_string}\"},\"query-input\":{\"@type\":\"PropertyValueSpecification\",\"valueRequired\":true,\"valueName\":\"search_term_string\"}}],\"inLanguage\":\"fr-FR\"}]}<\/script>\n<!-- \/ Yoast SEO plugin. -->","yoast_head_json":{"title":"Sp\u00e9cialiste principal en ing\u00e9nierie de plateformes - CANARIE","robots":{"index":"index","follow":"follow","max-snippet":"max-snippet:-1","max-image-preview":"max-image-preview:large","max-video-preview":"max-video-preview:-1"},"canonical":"https:\/\/www.canarie.ca\/fr\/carrieres\/specialiste-principal-en-ingenierie-de-plateformes\/","og_locale":"fr_FR","og_type":"article","og_title":"Sp\u00e9cialiste principal en ing\u00e9nierie de plateformes - CANARIE","og_description":"Sp\u00e9cialiste principal en ing\u00e9nierie de plateformes Travaillons ensemble Nous croyons dans l\u2019\u00e9quit\u00e9 en mati\u00e8re d\u2019emploi et encourageons ceux et celles [&hellip;]","og_url":"https:\/\/www.canarie.ca\/fr\/carrieres\/specialiste-principal-en-ingenierie-de-plateformes\/","og_site_name":"CANARIE","article_modified_time":"2026-03-27T16:21:04+00:00","twitter_card":"summary_large_image","schema":{"@context":"https:\/\/schema.org","@graph":[{"@type":"WebPage","@id":"https:\/\/www.canarie.ca\/fr\/carrieres\/specialiste-principal-en-ingenierie-de-plateformes\/","url":"https:\/\/www.canarie.ca\/fr\/carrieres\/specialiste-principal-en-ingenierie-de-plateformes\/","name":"Sp\u00e9cialiste principal en ing\u00e9nierie de plateformes - CANARIE","isPartOf":{"@id":"https:\/\/www.canarie.ca\/#website"},"datePublished":"2026-03-27T16:20:08+00:00","dateModified":"2026-03-27T16:21:04+00:00","breadcrumb":{"@id":"https:\/\/www.canarie.ca\/fr\/carrieres\/specialiste-principal-en-ingenierie-de-plateformes\/#breadcrumb"},"inLanguage":"fr-FR","potentialAction":[{"@type":"ReadAction","target":["https:\/\/www.canarie.ca\/fr\/carrieres\/specialiste-principal-en-ingenierie-de-plateformes\/"]}]},{"@type":"BreadcrumbList","@id":"https:\/\/www.canarie.ca\/fr\/carrieres\/specialiste-principal-en-ingenierie-de-plateformes\/#breadcrumb","itemListElement":[{"@type":"ListItem","position":1,"name":"Accueil","item":"https:\/\/www.canarie.ca\/fr\/"},{"@type":"ListItem","position":2,"name":"Carri\u00e8res","item":"https:\/\/www.canarie.ca\/fr\/carrieres\/"},{"@type":"ListItem","position":3,"name":"Sp\u00e9cialiste principal en ing\u00e9nierie de plateformes"}]},{"@type":"WebSite","@id":"https:\/\/www.canarie.ca\/#website","url":"https:\/\/www.canarie.ca\/","name":"CANARIE","description":"","potentialAction":[{"@type":"SearchAction","target":{"@type":"EntryPoint","urlTemplate":"https:\/\/www.canarie.ca\/?s={search_term_string}"},"query-input":{"@type":"PropertyValueSpecification","valueRequired":true,"valueName":"search_term_string"}}],"inLanguage":"fr-FR"}]}},"_links":{"self":[{"href":"https:\/\/www.canarie.ca\/fr\/wp-json\/wp\/v2\/pages\/51018","targetHints":{"allow":["GET"]}}],"collection":[{"href":"https:\/\/www.canarie.ca\/fr\/wp-json\/wp\/v2\/pages"}],"about":[{"href":"https:\/\/www.canarie.ca\/fr\/wp-json\/wp\/v2\/types\/page"}],"author":[{"embeddable":true,"href":"https:\/\/www.canarie.ca\/fr\/wp-json\/wp\/v2\/users\/22"}],"replies":[{"embeddable":true,"href":"https:\/\/www.canarie.ca\/fr\/wp-json\/wp\/v2\/comments?post=51018"}],"version-history":[{"count":4,"href":"https:\/\/www.canarie.ca\/fr\/wp-json\/wp\/v2\/pages\/51018\/revisions"}],"predecessor-version":[{"id":51028,"href":"https:\/\/www.canarie.ca\/fr\/wp-json\/wp\/v2\/pages\/51018\/revisions\/51028"}],"up":[{"embeddable":true,"href":"https:\/\/www.canarie.ca\/fr\/wp-json\/wp\/v2\/pages\/6314"}],"wp:attachment":[{"href":"https:\/\/www.canarie.ca\/fr\/wp-json\/wp\/v2\/media?parent=51018"}],"curies":[{"name":"wp","href":"https:\/\/api.w.org\/{rel}","templated":true}]}}