{"id":52492,"date":"2026-05-15T13:09:47","date_gmt":"2026-05-15T17:09:47","guid":{"rendered":"https:\/\/www.canarie.ca\/?page_id=52492"},"modified":"2026-05-15T15:47:59","modified_gmt":"2026-05-15T19:47:59","slug":"synchronisation-des-alertes-triage-et-action-projet-pilote-soc-federe-du-canssoc","status":"publish","type":"page","link":"https:\/\/www.canarie.ca\/fr\/pic\/synchronisation-des-alertes-triage-et-action-projet-pilote-soc-federe-du-canssoc\/","title":{"rendered":"Synchronisation des alertes, triage et action (projet pilote SOC f\u00e9d\u00e9r\u00e9 du\u00a0CanSSOC)\u00a0"},"content":{"rendered":"\n\n<section class=\"section section--text-with-image  alignfull container squares-right\">\n    <div class=\"grid-container simple-fade\">\n    <div class=\"grid-x grid-padding-x align-middle\">\n      <div class=\"cell medium-6 \">\n\t\t  \t\t\t  <img decoding=\"async\" src=\"https:\/\/www.canarie.ca\/wp-content\/uploads\/2026\/01\/benchmarking-1-1024x741.gif\" alt=\"Illustration of a light blue map of Canada with a central padlock symbol, surrounded by red circuit lines connecting cybersecurity icon of a bar chart representing analytics and Cybersecurity Benchmarking Services.\">\n\t\t        <\/div>\n      <div class=\"cell medium-6  text-left text-cell \">\n  \t\t  \t\t          <h1 class=\"cssanimation leFadeIn\">Synchronisation des alertes, triage et action (projet pilote SOC f\u00e9d\u00e9r\u00e9 du CanSSOC) <\/h1>\n  \t\t  \t\t                              <\/div>\n    <\/div>\n  <\/div>\n<\/section>\n\n\n\n\n\n<section class=\"section section--banner simple-fade light-blue alignfull\">\n  <div class=\"grid-container text-center\">\n  \t\t  \t\t  \t  <div class=\"large\"><p>Capture et partage en temps quasi r\u00e9el des alertes de cybers\u00e9curit\u00e9 dans l&rsquo;ensemble du secteur de la recherche et de l&rsquo;\u00e9ducation au Canada\u2014enrichis par des analyses d&rsquo;experts et des renseignements sur les menaces.<\/p>\n<\/div>\n\t  \t  \t\t  <\/div>\n<\/section>\n\n\n\n<div class=\"canssoc-block\">\n  <style>\n    \/* ===== WRAPPER ===== *\/\n    .canssoc-block{\n      width:100%;\n      box-sizing:border-box;\n      padding:32px 20px;\n    }\n\n    \/* ===== GRID ===== *\/\n    .canssoc-inner{\n      max-width:1200px;\n      margin:0 auto;\n      display:grid;\n      grid-template-columns: 1.15fr 0.85fr;\n      gap:32px;\n      align-items:start;\n    }\n\n    \/* ===== FULL-WIDTH INTRO PARAS ===== *\/\n    .canssoc-intro{\n      grid-column:1 \/ -1;\n      margin-bottom:12px;\n    }\n\n    \/* ===== TEXT ===== *\/\n    .canssoc-text p,\n    .canssoc-text li{\n      font-family:roboto, Arial, sans-serif;\n      font-size:16px;\n      line-height:1.65;\n      color:#1f2a33;\n      margin:0 0 16px 0;\n      letter-spacing:0.035em !important; \/* looser body + bullets *\/\n      padding-left:6px;\n    }\n\n    \/* ===== HEADERS ===== *\/\n    .canssoc-text h3{\n      margin:32px 0 16px 0;\n      font-size:24px;\n      font-weight:700;\n      color:#4cc5d6;\n      font-family:glacial_indifferencebold, Arial, sans-serif;\n      letter-spacing:0.07em !important; \/* looser header kerning *\/\n    }\n\n    \/* ===== LISTS ===== *\/\n    .canssoc-text ul{\n      margin:0 0 12px 0;\n      padding:0;\n      list-style:none;\n    }\n\n    .canssoc-text li{\n      position:relative;\n      padding-left:24px !important;\n      margin-bottom:8px;\n    }\n\n    \/* ===== BLUE CHEVRONS ===== *\/\n    .canssoc-text li::before{\n      content:\"\u203a\";\n      position:absolute;\n      left:4px;\n      top:0;\n      color:#4cc5d6;\n      font-weight:700;\n      font-size:18px;\n      line-height:1;\n    }\n\n    \/* ===== IMAGE ===== *\/\n    .canssoc-visual img{\n      width:100%;\n      height:auto;\n      display:block;\n    }\n\n    \/* ===== RESPONSIVE ===== *\/\n    @media (max-width:900px){\n      .canssoc-inner{\n        grid-template-columns:1fr;\n      }\n      .canssoc-intro{\n        margin-bottom:20px;\n      }\n    }\n  <\/style>\n\n  <div class=\"canssoc-inner\">\n\n    <!-- FULL-WIDTH INTRO -->\n    <div class=\"canssoc-text canssoc-intro\">\n<p>\n       D\u00e9tecter une fois, prot\u00e9ger partout.  <\/p>\n<p>\nAgissant comme un multiplicateur de force, le Centre d\u2019op\u00e9rations de s\u00e9curit\u00e9 partag\u00e9 canadien (CanSSOC) enrichit et renforce les d\u00e9fenses institutionnelles dans l\u2019ensemble du secteur postsecondaire canadien. Cette initiative de CANARIE assure une visibilit\u00e9 et une alerte nationales sur les menaces, rationalise la r\u00e9ponse aux incidents et contribue \u00e0 renforcer la cyber-r\u00e9silience collective dans l\u2019ensemble du secteur. <\/p>\n<p>\nL&rsquo;\u00e9quipe CanSSOC de CANARIE travaille en collaboration avec des partenaires r\u00e9gionaux du R\u00e9seau national de recherche et d&rsquo;\u00e9ducation (RNRE) et des \u00e9tablissements pour aider \u00e0 renforcer les d\u00e9fenses num\u00e9riques dans l&rsquo;ensemble du secteur postsecondaire canadien. \n      <\/p>\n    <\/div>\n    <!-- LEFT COLUMN -->\n    <div class=\"canssoc-text\">\n      <h3>Le CanSSOC est : <\/h3>\n      <ul>\n        <li>Un service national coordonn\u00e9 de cybers\u00e9curit\u00e9 qui assure une visibilit\u00e9 \u00e0 l&rsquo;\u00e9chelle du secteur et soutient une r\u00e9ponse orchestr\u00e9e aux cybermenaces <\/li>\n\n<li>Un syst\u00e8me d\u2019alerte et de blocage des menaces exploitable 24 heures sur 24, 7 jours sur 7, pour les \u00e9tablissements (pr\u00e9vu) <\/li>\n\n<li>Un enrichissement et une contextualisation des alertes \u00e0 l\u2019aide de renseignements sur les menaces \u00e0 l\u2019\u00e9chelle nationale <\/li>\n\n<li>Un m\u00e9canisme automatis\u00e9 permettant de bloquer rapidement les menaces r\u00e9elles <\/li>\n\n<li>Des capacit\u00e9s avanc\u00e9es d&rsquo;analyse et d&rsquo;ing\u00e9nierie, notamment la recherche de menaces (pr\u00e9vue), l&rsquo;analyse des logiciels malveillants et des outils d&rsquo;investigation <\/li>\n      <\/ul>\n\n      <h3>CanSSOC n&rsquo;est pas : <\/h3>\n      <ul>\n        <li>Un substitut \u00e0 la responsabilit\u00e9 locale en mati\u00e8re d&rsquo;op\u00e9rations de s\u00e9curit\u00e9 <\/li>\n\n<li>Un SOC centralis\u00e9 qui remplace les op\u00e9rations institutionnelles ou r\u00e9gionales <\/li>\n\n<li>Un agr\u00e9gateur de journaux bruts ou un entrep\u00f4t de donn\u00e9es <\/li>\n\n<li>Un SIEM, un MDR ou un XDR <\/li>\n      <\/ul>\n\n      <h3>Connexion \u00e0 CanSSOC <\/h3>\n      <p>\n        Le principal mod\u00e8le de connexion permettant aux institutions de se connecter au CanSSOC passe par les SOC partenaires r\u00e9gionaux du RNRE, qui :  <\/p>\n<ul>\n<li>Fournissent des services SOC g\u00e9r\u00e9s et une assistance <\/li>\n\n<li>G\u00e8rent l&rsquo;int\u00e9gration avec CanSSOC <\/li>\n\n<li>coordonnent la r\u00e9ponse aux menaces avec les \u00e9quipes nationales <\/li><\/ul>\n<p>\nCette approche garantit une forte coordination entre les niveaux r\u00e9gional et national tout en s&rsquo;appuyant sur les investissements et les relations locaux existants. <\/p>\n<p>\nToutefois, les \u00e9tablissements disposant de capacit\u00e9s internes suffisantes ou b\u00e9n\u00e9ficiant du soutien d&rsquo;un fournisseur de services de s\u00e9curit\u00e9 g\u00e9r\u00e9s (MSSP) peuvent se connecter directement au CanSSOC s&rsquo;ils :  <\/p>\n<ul>\n<li>r\u00e9alisent un examen de base de leur \u00e9tat de pr\u00e9paration op\u00e9rationnelle ; <\/li>\n\n<li>disposent de personnel d\u00e9sign\u00e9 pour g\u00e9rer les alertes et y r\u00e9pondre ; <\/li>\n\n<li>peuvent recevoir des alertes via un syst\u00e8me de tickets ou un autre processus ; et <\/li>\n\n<li>utilisent une plateforme de s\u00e9curit\u00e9 prise en charge (par exemple, Sentinel, QRadar, Elastic). <\/li> <\/ul>\n      <\/p>\n\n \n\n    <\/div>\n\n    <!-- RIGHT COLUMN -->\n    <div class=\"canssoc-visual\">\n      <img decoding=\"async\"\n        src=\"https:\/\/www.canarie.ca\/wp-content\/uploads\/2026\/05\/CanSSOC-Infograph-FR-1.png\"\n        alt=\"Diagramme illustrant la structure hi\u00e9rarchique de partage des renseignements de cybers\u00e9curit\u00e9 entre les \u00e9tablissements, les RNRE et CANARIE. Des fl\u00e8ches rouges montrent la circulation bidirectionnelle des journaux et de la t\u00e9l\u00e9m\u00e9trie de s\u00e9curit\u00e9 provenant des courriels, utilisateurs, applications, serveurs, r\u00e9seaux, services infonuagiques, appareils IdO\/TO et outils de s\u00e9curit\u00e9. Des ic\u00f4nes de boucliers repr\u00e9sentent les protections de s\u00e9curit\u00e9 \u00e0 chaque niveau, avec un nuage \u00ab Rens. intel. \u00bb connect\u00e9 \u00e0 CANARIE.\"\n      \/>\n    <\/div>\n\n  <\/div>\n<\/div>\n\n\n\n<section class=\"section section--text-columns no-background\">\n    <div class=\"grid-container\">\n      <div class=\"grid-x grid-padding-x\">\n        <div class=\"cell\">\n                    <h3>Comment participer<\/h3>\n<p>Le projet pilote CanSSOC est termin\u00e9, et une proposition a \u00e9t\u00e9 soumise au minist\u00e8re de l\u2019Innovation, des Sciences et du D\u00e9veloppement \u00e9conomique (ISDE) afin de permettre la participation par le biais du Programme des initiatives de cybers\u00e9curit\u00e9 de CANARIE.<\/p>\n<p>Pour en savoir plus, veuillez nous contacter \u00e0 l&rsquo;adresse <a style=\"color: #4cc5d6; text-decoration: none;\" href=\"mailto:cip@canarie.ca\"><br \/>\ncip@canarie.ca<br \/>\n<\/a><\/p>\n                  <\/div>\n      <\/div>\n    <\/div>\n  <\/section>\n\n\n<section class=\"section section--quick-links\">\n    <div class=\"grid-container\">\n      <div class=\"grid-x grid-padding-x\">\n        <div class=\"cell\">\n                  \t<h2>Connexes :<\/h2>\n                                <div class=\"wp-block-buttons\">\n                \t\t\t\t  \t<a class=\"button wp-block-button__link\" href=\"https:\/\/www.canarie.ca\/fr\/?page_id=48593\" target=\"_self\">Programme Initiatives en cybers\u00e9curit\u00e9 (PIC) <\/a><br>\n    \t\t\t        \t\t\t\t  \t<a class=\"button wp-block-button__link\" href=\"https:\/\/www.canarie.ca\/fr\/?page_id=52532\" target=\"_self\">Participez au programme PIC  <\/a><br>\n    \t\t\t        \t\t\t\t  \t<a class=\"button wp-block-button__link\" href=\"https:\/\/www.canarie.ca\/fr\/cybersecurite\/pic\/foire-aux-questions\/\" target=\"_self\">Foire aux questions <\/a><br>\n    \t\t\t        \t\t\t\t  \t<a class=\"button wp-block-button__link\" href=\"https:\/\/www.canarie.ca\/fr\/?page_id=52557\" target=\"_self\">Soutien<\/a><br>\n    \t\t\t        \t\t\t  <\/div>\n    \t\t\t          <\/div>\n      <\/div>\n    <\/div>\n  <\/section>\n\n\n<p><\/p>\n","protected":false},"excerpt":{"rendered":"<p>D\u00e9tecter une fois, prot\u00e9ger partout. Agissant comme un multiplicateur de force, le Centre d\u2019op\u00e9rations de s\u00e9curit\u00e9 partag\u00e9 canadien (CanSSOC) enrichit [&hellip;]<\/p>\n","protected":false},"author":22,"featured_media":0,"parent":48593,"menu_order":0,"comment_status":"closed","ping_status":"closed","template":"","meta":{"_acf_changed":false,"footnotes":""},"class_list":["post-52492","page","type-page","status-publish","hentry"],"acf":[],"yoast_head":"<!-- This site is optimized with the Yoast SEO plugin v27.6 - https:\/\/yoast.com\/product\/yoast-seo-wordpress\/ -->\n<title>Synchronisation des alertes, triage et action (projet pilote SOC f\u00e9d\u00e9r\u00e9 du\u00a0CanSSOC)\u00a0 - CANARIE<\/title>\n<meta name=\"robots\" content=\"noindex, nofollow\" \/>\n<meta property=\"og:locale\" content=\"fr_FR\" \/>\n<meta property=\"og:type\" content=\"article\" \/>\n<meta property=\"og:title\" content=\"Synchronisation des alertes, triage et action (projet pilote SOC f\u00e9d\u00e9r\u00e9 du\u00a0CanSSOC)\u00a0 - CANARIE\" \/>\n<meta property=\"og:description\" content=\"D\u00e9tecter une fois, prot\u00e9ger partout. Agissant comme un multiplicateur de force, le Centre d\u2019op\u00e9rations de s\u00e9curit\u00e9 partag\u00e9 canadien (CanSSOC) enrichit [&hellip;]\" \/>\n<meta property=\"og:url\" content=\"https:\/\/www.canarie.ca\/fr\/pic\/synchronisation-des-alertes-triage-et-action-projet-pilote-soc-federe-du-canssoc\/\" \/>\n<meta property=\"og:site_name\" content=\"CANARIE\" \/>\n<meta property=\"article:modified_time\" content=\"2026-05-15T19:47:59+00:00\" \/>\n<meta name=\"twitter:card\" content=\"summary_large_image\" \/>\n<script type=\"application\/ld+json\" class=\"yoast-schema-graph\">{\"@context\":\"https:\\\/\\\/schema.org\",\"@graph\":[{\"@type\":\"WebPage\",\"@id\":\"https:\\\/\\\/www.canarie.ca\\\/fr\\\/pic\\\/synchronisation-des-alertes-triage-et-action-projet-pilote-soc-federe-du-canssoc\\\/\",\"url\":\"https:\\\/\\\/www.canarie.ca\\\/fr\\\/pic\\\/synchronisation-des-alertes-triage-et-action-projet-pilote-soc-federe-du-canssoc\\\/\",\"name\":\"Synchronisation des alertes, triage et action (projet pilote SOC f\u00e9d\u00e9r\u00e9 du\u00a0CanSSOC)\u00a0 - CANARIE\",\"isPartOf\":{\"@id\":\"https:\\\/\\\/www.canarie.ca\\\/#website\"},\"datePublished\":\"2026-05-15T17:09:47+00:00\",\"dateModified\":\"2026-05-15T19:47:59+00:00\",\"breadcrumb\":{\"@id\":\"https:\\\/\\\/www.canarie.ca\\\/fr\\\/pic\\\/synchronisation-des-alertes-triage-et-action-projet-pilote-soc-federe-du-canssoc\\\/#breadcrumb\"},\"inLanguage\":\"fr-FR\",\"potentialAction\":[{\"@type\":\"ReadAction\",\"target\":[\"https:\\\/\\\/www.canarie.ca\\\/fr\\\/pic\\\/synchronisation-des-alertes-triage-et-action-projet-pilote-soc-federe-du-canssoc\\\/\"]}]},{\"@type\":\"BreadcrumbList\",\"@id\":\"https:\\\/\\\/www.canarie.ca\\\/fr\\\/pic\\\/synchronisation-des-alertes-triage-et-action-projet-pilote-soc-federe-du-canssoc\\\/#breadcrumb\",\"itemListElement\":[{\"@type\":\"ListItem\",\"position\":1,\"name\":\"Accueil\",\"item\":\"https:\\\/\\\/www.canarie.ca\\\/fr\\\/\"},{\"@type\":\"ListItem\",\"position\":2,\"name\":\"Programme d&#8217;initiatives en mati\u00e8re de cybers\u00e9curit\u00e9 (CIP)\u00a0\",\"item\":\"https:\\\/\\\/www.canarie.ca\\\/fr\\\/pic\\\/\"},{\"@type\":\"ListItem\",\"position\":3,\"name\":\"Synchronisation des alertes, triage et action (projet pilote SOC f\u00e9d\u00e9r\u00e9 du\u00a0CanSSOC)\u00a0\"}]},{\"@type\":\"WebSite\",\"@id\":\"https:\\\/\\\/www.canarie.ca\\\/#website\",\"url\":\"https:\\\/\\\/www.canarie.ca\\\/\",\"name\":\"CANARIE\",\"description\":\"\",\"potentialAction\":[{\"@type\":\"SearchAction\",\"target\":{\"@type\":\"EntryPoint\",\"urlTemplate\":\"https:\\\/\\\/www.canarie.ca\\\/?s={search_term_string}\"},\"query-input\":{\"@type\":\"PropertyValueSpecification\",\"valueRequired\":true,\"valueName\":\"search_term_string\"}}],\"inLanguage\":\"fr-FR\"}]}<\/script>\n<!-- \/ Yoast SEO plugin. -->","yoast_head_json":{"title":"Synchronisation des alertes, triage et action (projet pilote SOC f\u00e9d\u00e9r\u00e9 du\u00a0CanSSOC)\u00a0 - CANARIE","robots":{"index":"noindex","follow":"nofollow"},"og_locale":"fr_FR","og_type":"article","og_title":"Synchronisation des alertes, triage et action (projet pilote SOC f\u00e9d\u00e9r\u00e9 du\u00a0CanSSOC)\u00a0 - CANARIE","og_description":"D\u00e9tecter une fois, prot\u00e9ger partout. Agissant comme un multiplicateur de force, le Centre d\u2019op\u00e9rations de s\u00e9curit\u00e9 partag\u00e9 canadien (CanSSOC) enrichit [&hellip;]","og_url":"https:\/\/www.canarie.ca\/fr\/pic\/synchronisation-des-alertes-triage-et-action-projet-pilote-soc-federe-du-canssoc\/","og_site_name":"CANARIE","article_modified_time":"2026-05-15T19:47:59+00:00","twitter_card":"summary_large_image","schema":{"@context":"https:\/\/schema.org","@graph":[{"@type":"WebPage","@id":"https:\/\/www.canarie.ca\/fr\/pic\/synchronisation-des-alertes-triage-et-action-projet-pilote-soc-federe-du-canssoc\/","url":"https:\/\/www.canarie.ca\/fr\/pic\/synchronisation-des-alertes-triage-et-action-projet-pilote-soc-federe-du-canssoc\/","name":"Synchronisation des alertes, triage et action (projet pilote SOC f\u00e9d\u00e9r\u00e9 du\u00a0CanSSOC)\u00a0 - CANARIE","isPartOf":{"@id":"https:\/\/www.canarie.ca\/#website"},"datePublished":"2026-05-15T17:09:47+00:00","dateModified":"2026-05-15T19:47:59+00:00","breadcrumb":{"@id":"https:\/\/www.canarie.ca\/fr\/pic\/synchronisation-des-alertes-triage-et-action-projet-pilote-soc-federe-du-canssoc\/#breadcrumb"},"inLanguage":"fr-FR","potentialAction":[{"@type":"ReadAction","target":["https:\/\/www.canarie.ca\/fr\/pic\/synchronisation-des-alertes-triage-et-action-projet-pilote-soc-federe-du-canssoc\/"]}]},{"@type":"BreadcrumbList","@id":"https:\/\/www.canarie.ca\/fr\/pic\/synchronisation-des-alertes-triage-et-action-projet-pilote-soc-federe-du-canssoc\/#breadcrumb","itemListElement":[{"@type":"ListItem","position":1,"name":"Accueil","item":"https:\/\/www.canarie.ca\/fr\/"},{"@type":"ListItem","position":2,"name":"Programme d&#8217;initiatives en mati\u00e8re de cybers\u00e9curit\u00e9 (CIP)\u00a0","item":"https:\/\/www.canarie.ca\/fr\/pic\/"},{"@type":"ListItem","position":3,"name":"Synchronisation des alertes, triage et action (projet pilote SOC f\u00e9d\u00e9r\u00e9 du\u00a0CanSSOC)\u00a0"}]},{"@type":"WebSite","@id":"https:\/\/www.canarie.ca\/#website","url":"https:\/\/www.canarie.ca\/","name":"CANARIE","description":"","potentialAction":[{"@type":"SearchAction","target":{"@type":"EntryPoint","urlTemplate":"https:\/\/www.canarie.ca\/?s={search_term_string}"},"query-input":{"@type":"PropertyValueSpecification","valueRequired":true,"valueName":"search_term_string"}}],"inLanguage":"fr-FR"}]}},"_links":{"self":[{"href":"https:\/\/www.canarie.ca\/fr\/wp-json\/wp\/v2\/pages\/52492","targetHints":{"allow":["GET"]}}],"collection":[{"href":"https:\/\/www.canarie.ca\/fr\/wp-json\/wp\/v2\/pages"}],"about":[{"href":"https:\/\/www.canarie.ca\/fr\/wp-json\/wp\/v2\/types\/page"}],"author":[{"embeddable":true,"href":"https:\/\/www.canarie.ca\/fr\/wp-json\/wp\/v2\/users\/22"}],"replies":[{"embeddable":true,"href":"https:\/\/www.canarie.ca\/fr\/wp-json\/wp\/v2\/comments?post=52492"}],"version-history":[{"count":10,"href":"https:\/\/www.canarie.ca\/fr\/wp-json\/wp\/v2\/pages\/52492\/revisions"}],"predecessor-version":[{"id":52748,"href":"https:\/\/www.canarie.ca\/fr\/wp-json\/wp\/v2\/pages\/52492\/revisions\/52748"}],"up":[{"embeddable":true,"href":"https:\/\/www.canarie.ca\/fr\/wp-json\/wp\/v2\/pages\/48593"}],"wp:attachment":[{"href":"https:\/\/www.canarie.ca\/fr\/wp-json\/wp\/v2\/media?parent=52492"}],"curies":[{"name":"wp","href":"https:\/\/api.w.org\/{rel}","templated":true}]}}