{"id":52502,"date":"2026-05-15T13:13:10","date_gmt":"2026-05-15T17:13:10","guid":{"rendered":"https:\/\/www.canarie.ca\/?page_id=52502"},"modified":"2026-05-15T15:45:24","modified_gmt":"2026-05-15T19:45:24","slug":"partage-et-mise-en-commun-des-ressources-en-cybersecurite","status":"publish","type":"page","link":"https:\/\/www.canarie.ca\/fr\/pic\/partage-et-mise-en-commun-des-ressources-en-cybersecurite\/","title":{"rendered":"Partage et mise en commun des ressources en cybers\u00e9curit\u00e9"},"content":{"rendered":"\n\n<section class=\"section section--text-with-image  alignfull container squares-right\">\n    <div class=\"grid-container simple-fade\">\n    <div class=\"grid-x grid-padding-x align-middle\">\n      <div class=\"cell medium-6 \">\n\t\t  \t\t\t  <img decoding=\"async\" src=\"https:\/\/www.canarie.ca\/wp-content\/uploads\/2026\/01\/canssoc-1-1024x741.gif\" alt=\"infographic showing a map of Canada in aqua with a red circular network symbol superimposed over it and a central padlock, representing national cybersecurity connectivity and protection.\">\n\t\t        <\/div>\n      <div class=\"cell medium-6  text-left text-cell \">\n  \t\t  \t\t          <h1 class=\"cssanimation leFadeIn\">Partage et mise en commun des ressources en cybers\u00e9curit\u00e9 <\/h1>\n  \t\t  \t\t                              <\/div>\n    <\/div>\n  <\/div>\n<\/section>\n\n\n\n\n\n<section class=\"section section--banner simple-fade dark-blue alignfull\">\n  <div class=\"grid-container text-center\">\n  \t\t  \t\t  \t  <div class=\"large\"><p style=\"text-align: center;\"><span class=\"TextRun SCXW190107489 BCX8\" lang=\"FR-FR\" xml:lang=\"FR-FR\" data-contrast=\"none\"><span class=\"NormalTextRun SCXW190107489 BCX8\" data-ccp-parastyle=\"Intense Quote\">Une plateforme de partage d&rsquo;informations et de collaboration permettant d&rsquo;acc\u00e9der facilement \u00e0 des informations, des cadres, des mod\u00e8les, des bonnes pratiques et d&rsquo;autres ressources en mati\u00e8re de cybers\u00e9curit\u00e9, afin de r\u00e9duire la duplication des efforts parmi les \u00e9tablissements de recherche et d&rsquo;enseignement sup\u00e9rieur<\/span><span class=\"NormalTextRun SCXW190107489 BCX8\" data-ccp-parastyle=\"Intense Quote\">.<\/span><\/span><span class=\"EOP SCXW190107489 BCX8\" data-ccp-props=\"{&quot;201341983&quot;:0,&quot;335551550&quot;:2,&quot;335551620&quot;:2,&quot;335559685&quot;:864,&quot;335559737&quot;:864,&quot;335559738&quot;:360,&quot;335559739&quot;:360,&quot;335559740&quot;:259,&quot;335572071&quot;:4,&quot;335572072&quot;:10,&quot;335572073&quot;:6375183,&quot;335572079&quot;:4,&quot;335572080&quot;:10,&quot;335572081&quot;:6375183,&quot;469789798&quot;:&quot;single&quot;,&quot;469789806&quot;:&quot;single&quot;}\">\u00a0<\/span><\/p>\n<\/div>\n\t  \t  \t\t  <\/div>\n<\/section>\n\n\n\n<section class=\"section section--text-columns no-background\">\n    <div class=\"grid-container\">\n      <div class=\"grid-x grid-padding-x\">\n        <div class=\"cell\">\n                    <p><span data-contrast=\"auto\">En r\u00e9ponse au besoin commun des \u00e9tablissements de disposer d\u2019un r\u00e9f\u00e9rentiel centralis\u00e9 et fiable pour les ressources partag\u00e9es, CANARIE d\u00e9veloppe actuellement le\u00a0Carrefour de collaboration\u00a0en\u00a0cybers\u00e9curit\u00e9\u00a0(le\u00a0Carrefour), une plateforme nationale de collaboration en mati\u00e8re de cybers\u00e9curit\u00e9 adapt\u00e9e au secteur de la recherche et de l\u2019\u00e9ducation (R&amp;E) au Canada. Le\u00a0Carrefour\u00a0servira d\u2019espace s\u00e9curis\u00e9 et accessible pour le partage de ressources, favorisant l\u2019engagement et renfor\u00e7ant la cyber-r\u00e9silience collective.<\/span><span data-ccp-props=\"{&quot;201341983&quot;:0,&quot;335559740&quot;:259}\">\u00a0<\/span><\/p>\n<h3 aria-level=\"2\"><span data-contrast=\"none\">The\u00a0Carrefour, version 1<\/span><span data-ccp-props=\"{&quot;134245418&quot;:true,&quot;134245529&quot;:true,&quot;201341983&quot;:0,&quot;335559738&quot;:160,&quot;335559739&quot;:80,&quot;335559740&quot;:259}\">\u00a0<\/span><\/h3>\n<p><span data-contrast=\"auto\">La premi\u00e8re version du\u00a0Carrefour\u00a0proposera des analyses de l\u2019\u00e9quipe\u00a0Renseignements sur les menaces, ainsi que d\u2019autres contenus sur la cybers\u00e9curit\u00e9 d\u00e9velopp\u00e9s par l\u2019\u00e9quipe de CANARIE. Ces ressources aideront les \u00e9tablissements \u00e0 rester inform\u00e9s et \u00e0 faire preuve de proactivit\u00e9 face \u00e0 l\u2019\u00e9volution des menaces.<\/span><span data-ccp-props=\"{&quot;201341983&quot;:0,&quot;335559740&quot;:259}\">\u00a0<\/span><\/p>\n<h3 aria-level=\"2\"><span data-contrast=\"none\">Perspectives<\/span><span data-ccp-props=\"{&quot;134245418&quot;:true,&quot;134245529&quot;:true,&quot;201341983&quot;:0,&quot;335559738&quot;:160,&quot;335559739&quot;:80,&quot;335559740&quot;:259}\">\u00a0<\/span><\/h3>\n<p><span data-contrast=\"auto\">Les prochaines versions du\u00a0Carrefour\u00a0permettront \u00e0 la communaut\u00e9 de t\u00e9l\u00e9charger et de partager du contenu, cr\u00e9ant ainsi un environnement v\u00e9ritablement collaboratif. Ce travail est men\u00e9 dans le cadre d\u2019un projet parrain\u00e9 par le\u00a0<\/span><span data-contrast=\"auto\">Research-Intensive Group (RIG),\u00a0<\/span><span data-contrast=\"auto\">garantissant que la plateforme \u00e9volue pour r\u00e9pondre aux besoins des \u00e9tablissements de recherche et d\u2019enseignement.<\/span><span data-ccp-props=\"{&quot;201341983&quot;:0,&quot;335559740&quot;:259}\">\u00a0<\/span><\/p>\n<h3 aria-level=\"2\"><span data-contrast=\"none\">Participez<\/span><span data-ccp-props=\"{&quot;134245418&quot;:true,&quot;134245529&quot;:true,&quot;201341983&quot;:0,&quot;335559738&quot;:160,&quot;335559739&quot;:80,&quot;335559740&quot;:259}\">\u00a0<\/span><\/h3>\n<p><span data-contrast=\"auto\">Contribuez \u00e0 fa\u00e7onner l\u2019avenir de la collaboration en mati\u00e8re de cybers\u00e9curit\u00e9 dans le secteur de la recherche et de l\u2019\u00e9ducation au Canada :<\/span><span data-ccp-props=\"{&quot;201341983&quot;:0,&quot;335559740&quot;:259}\">\u00a0<\/span><\/p>\n<ul>\n<li aria-setsize=\"-1\" data-leveltext=\"\uf0b7\" data-font=\"Symbol\" data-listid=\"14\" data-list-defn-props=\"{&quot;335552541&quot;:1,&quot;335559685&quot;:720,&quot;335559991&quot;:360,&quot;469769226&quot;:&quot;Symbol&quot;,&quot;469769242&quot;:[8226],&quot;469777803&quot;:&quot;left&quot;,&quot;469777804&quot;:&quot;\uf0b7&quot;,&quot;469777815&quot;:&quot;hybridMultilevel&quot;}\" data-aria-posinset=\"1\" data-aria-level=\"1\"><b><span data-contrast=\"auto\">Rejoignez le groupe de travail\u00a0<\/span><\/b><span data-contrast=\"auto\">\u2013 Apportez votre expertise et contribuez \u00e0 orienter le d\u00e9veloppement du\u00a0Carrefour.<\/span><span data-ccp-props=\"{&quot;201341983&quot;:0,&quot;335559740&quot;:259}\">\u00a0<\/span><\/li>\n<\/ul>\n<ul>\n<li aria-setsize=\"-1\" data-leveltext=\"\uf0b7\" data-font=\"Symbol\" data-listid=\"14\" data-list-defn-props=\"{&quot;335552541&quot;:1,&quot;335559685&quot;:720,&quot;335559991&quot;:360,&quot;469769226&quot;:&quot;Symbol&quot;,&quot;469769242&quot;:[8226],&quot;469777803&quot;:&quot;left&quot;,&quot;469777804&quot;:&quot;\uf0b7&quot;,&quot;469777815&quot;:&quot;hybridMultilevel&quot;}\" data-aria-posinset=\"2\" data-aria-level=\"1\"><b><span data-contrast=\"auto\">Devenez un des premiers b\u00eata-testeurs\u00a0<\/span><\/b><span data-contrast=\"auto\">\u2013 B\u00e9n\u00e9ficiez d\u2019un acc\u00e8s exclusif en avant-premi\u00e8re et donnez votre avis.<\/span><span data-ccp-props=\"{&quot;201341983&quot;:0,&quot;335559740&quot;:259}\">\u00a0<\/span><\/li>\n<\/ul>\n<ul>\n<li aria-setsize=\"-1\" data-leveltext=\"\uf0b7\" data-font=\"Symbol\" data-listid=\"14\" data-list-defn-props=\"{&quot;335552541&quot;:1,&quot;335559685&quot;:720,&quot;335559991&quot;:360,&quot;469769226&quot;:&quot;Symbol&quot;,&quot;469769242&quot;:[8226],&quot;469777803&quot;:&quot;left&quot;,&quot;469777804&quot;:&quot;\uf0b7&quot;,&quot;469777815&quot;:&quot;hybridMultilevel&quot;}\" data-aria-posinset=\"3\" data-aria-level=\"1\"><b><span data-contrast=\"auto\">Contactez-nous pour participer :\u00a0<\/span><\/b><a href=\"mailto:cip@canarie.ca\"><span data-contrast=\"none\">cip@canarie.ca<\/span><\/a><\/li>\n<\/ul>\n                  <\/div>\n      <\/div>\n    <\/div>\n  <\/section>\n\n\n<section class=\"section section--quick-links\">\n    <div class=\"grid-container\">\n      <div class=\"grid-x grid-padding-x\">\n        <div class=\"cell\">\n                  \t<h2>Connexes :<\/h2>\n                                <div class=\"wp-block-buttons\">\n                \t\t\t\t  \t<a class=\"button wp-block-button__link\" href=\"https:\/\/www.canarie.ca\/fr\/?page_id=48593\" target=\"_self\">Programme Initiatives en cybers\u00e9curit\u00e9 (PIC) <\/a><br>\n    \t\t\t        \t\t\t\t  \t<a class=\"button wp-block-button__link\" href=\"https:\/\/www.canarie.ca\/fr\/?page_id=52532\" target=\"_self\">Participez au programme PIC  <\/a><br>\n    \t\t\t        \t\t\t\t  \t<a class=\"button wp-block-button__link\" href=\"https:\/\/www.canarie.ca\/fr\/cybersecurite\/pic\/foire-aux-questions\/\" target=\"_self\">Foire aux questions <\/a><br>\n    \t\t\t        \t\t\t\t  \t<a class=\"button wp-block-button__link\" href=\"https:\/\/www.canarie.ca\/fr\/?page_id=52557\" target=\"_self\">Soutien<\/a><br>\n    \t\t\t        \t\t\t  <\/div>\n    \t\t\t          <\/div>\n      <\/div>\n    <\/div>\n  <\/section>\n\n\n<hr class=\"wp-block-separator has-text-color has-red-color has-css-opacity has-red-background-color has-background is-style-wide\"\/>\n","protected":false},"excerpt":{"rendered":"","protected":false},"author":22,"featured_media":0,"parent":48593,"menu_order":0,"comment_status":"closed","ping_status":"closed","template":"","meta":{"_acf_changed":false,"footnotes":""},"class_list":["post-52502","page","type-page","status-publish","hentry"],"acf":[],"yoast_head":"<!-- This site is optimized with the Yoast SEO plugin v27.6 - https:\/\/yoast.com\/product\/yoast-seo-wordpress\/ -->\n<title>Partage et mise en commun des ressources en cybers\u00e9curit\u00e9 - CANARIE<\/title>\n<meta name=\"robots\" content=\"noindex, nofollow\" \/>\n<meta property=\"og:locale\" content=\"fr_FR\" \/>\n<meta property=\"og:type\" content=\"article\" \/>\n<meta property=\"og:title\" content=\"Partage et mise en commun des ressources en cybers\u00e9curit\u00e9 - CANARIE\" \/>\n<meta property=\"og:url\" content=\"https:\/\/www.canarie.ca\/fr\/pic\/partage-et-mise-en-commun-des-ressources-en-cybersecurite\/\" \/>\n<meta property=\"og:site_name\" content=\"CANARIE\" \/>\n<meta property=\"article:modified_time\" content=\"2026-05-15T19:45:24+00:00\" \/>\n<meta name=\"twitter:card\" content=\"summary_large_image\" \/>\n<script type=\"application\/ld+json\" class=\"yoast-schema-graph\">{\"@context\":\"https:\\\/\\\/schema.org\",\"@graph\":[{\"@type\":\"WebPage\",\"@id\":\"https:\\\/\\\/www.canarie.ca\\\/fr\\\/pic\\\/partage-et-mise-en-commun-des-ressources-en-cybersecurite\\\/\",\"url\":\"https:\\\/\\\/www.canarie.ca\\\/fr\\\/pic\\\/partage-et-mise-en-commun-des-ressources-en-cybersecurite\\\/\",\"name\":\"Partage et mise en commun des ressources en cybers\u00e9curit\u00e9 - CANARIE\",\"isPartOf\":{\"@id\":\"https:\\\/\\\/www.canarie.ca\\\/#website\"},\"datePublished\":\"2026-05-15T17:13:10+00:00\",\"dateModified\":\"2026-05-15T19:45:24+00:00\",\"breadcrumb\":{\"@id\":\"https:\\\/\\\/www.canarie.ca\\\/fr\\\/pic\\\/partage-et-mise-en-commun-des-ressources-en-cybersecurite\\\/#breadcrumb\"},\"inLanguage\":\"fr-FR\",\"potentialAction\":[{\"@type\":\"ReadAction\",\"target\":[\"https:\\\/\\\/www.canarie.ca\\\/fr\\\/pic\\\/partage-et-mise-en-commun-des-ressources-en-cybersecurite\\\/\"]}]},{\"@type\":\"BreadcrumbList\",\"@id\":\"https:\\\/\\\/www.canarie.ca\\\/fr\\\/pic\\\/partage-et-mise-en-commun-des-ressources-en-cybersecurite\\\/#breadcrumb\",\"itemListElement\":[{\"@type\":\"ListItem\",\"position\":1,\"name\":\"Accueil\",\"item\":\"https:\\\/\\\/www.canarie.ca\\\/fr\\\/\"},{\"@type\":\"ListItem\",\"position\":2,\"name\":\"Programme d&#8217;initiatives en mati\u00e8re de cybers\u00e9curit\u00e9 (CIP)\u00a0\",\"item\":\"https:\\\/\\\/www.canarie.ca\\\/fr\\\/pic\\\/\"},{\"@type\":\"ListItem\",\"position\":3,\"name\":\"Partage et mise en commun des ressources en cybers\u00e9curit\u00e9\"}]},{\"@type\":\"WebSite\",\"@id\":\"https:\\\/\\\/www.canarie.ca\\\/#website\",\"url\":\"https:\\\/\\\/www.canarie.ca\\\/\",\"name\":\"CANARIE\",\"description\":\"\",\"potentialAction\":[{\"@type\":\"SearchAction\",\"target\":{\"@type\":\"EntryPoint\",\"urlTemplate\":\"https:\\\/\\\/www.canarie.ca\\\/?s={search_term_string}\"},\"query-input\":{\"@type\":\"PropertyValueSpecification\",\"valueRequired\":true,\"valueName\":\"search_term_string\"}}],\"inLanguage\":\"fr-FR\"}]}<\/script>\n<!-- \/ Yoast SEO plugin. -->","yoast_head_json":{"title":"Partage et mise en commun des ressources en cybers\u00e9curit\u00e9 - CANARIE","robots":{"index":"noindex","follow":"nofollow"},"og_locale":"fr_FR","og_type":"article","og_title":"Partage et mise en commun des ressources en cybers\u00e9curit\u00e9 - CANARIE","og_url":"https:\/\/www.canarie.ca\/fr\/pic\/partage-et-mise-en-commun-des-ressources-en-cybersecurite\/","og_site_name":"CANARIE","article_modified_time":"2026-05-15T19:45:24+00:00","twitter_card":"summary_large_image","schema":{"@context":"https:\/\/schema.org","@graph":[{"@type":"WebPage","@id":"https:\/\/www.canarie.ca\/fr\/pic\/partage-et-mise-en-commun-des-ressources-en-cybersecurite\/","url":"https:\/\/www.canarie.ca\/fr\/pic\/partage-et-mise-en-commun-des-ressources-en-cybersecurite\/","name":"Partage et mise en commun des ressources en cybers\u00e9curit\u00e9 - CANARIE","isPartOf":{"@id":"https:\/\/www.canarie.ca\/#website"},"datePublished":"2026-05-15T17:13:10+00:00","dateModified":"2026-05-15T19:45:24+00:00","breadcrumb":{"@id":"https:\/\/www.canarie.ca\/fr\/pic\/partage-et-mise-en-commun-des-ressources-en-cybersecurite\/#breadcrumb"},"inLanguage":"fr-FR","potentialAction":[{"@type":"ReadAction","target":["https:\/\/www.canarie.ca\/fr\/pic\/partage-et-mise-en-commun-des-ressources-en-cybersecurite\/"]}]},{"@type":"BreadcrumbList","@id":"https:\/\/www.canarie.ca\/fr\/pic\/partage-et-mise-en-commun-des-ressources-en-cybersecurite\/#breadcrumb","itemListElement":[{"@type":"ListItem","position":1,"name":"Accueil","item":"https:\/\/www.canarie.ca\/fr\/"},{"@type":"ListItem","position":2,"name":"Programme d&#8217;initiatives en mati\u00e8re de cybers\u00e9curit\u00e9 (CIP)\u00a0","item":"https:\/\/www.canarie.ca\/fr\/pic\/"},{"@type":"ListItem","position":3,"name":"Partage et mise en commun des ressources en cybers\u00e9curit\u00e9"}]},{"@type":"WebSite","@id":"https:\/\/www.canarie.ca\/#website","url":"https:\/\/www.canarie.ca\/","name":"CANARIE","description":"","potentialAction":[{"@type":"SearchAction","target":{"@type":"EntryPoint","urlTemplate":"https:\/\/www.canarie.ca\/?s={search_term_string}"},"query-input":{"@type":"PropertyValueSpecification","valueRequired":true,"valueName":"search_term_string"}}],"inLanguage":"fr-FR"}]}},"_links":{"self":[{"href":"https:\/\/www.canarie.ca\/fr\/wp-json\/wp\/v2\/pages\/52502","targetHints":{"allow":["GET"]}}],"collection":[{"href":"https:\/\/www.canarie.ca\/fr\/wp-json\/wp\/v2\/pages"}],"about":[{"href":"https:\/\/www.canarie.ca\/fr\/wp-json\/wp\/v2\/types\/page"}],"author":[{"embeddable":true,"href":"https:\/\/www.canarie.ca\/fr\/wp-json\/wp\/v2\/users\/22"}],"replies":[{"embeddable":true,"href":"https:\/\/www.canarie.ca\/fr\/wp-json\/wp\/v2\/comments?post=52502"}],"version-history":[{"count":9,"href":"https:\/\/www.canarie.ca\/fr\/wp-json\/wp\/v2\/pages\/52502\/revisions"}],"predecessor-version":[{"id":52750,"href":"https:\/\/www.canarie.ca\/fr\/wp-json\/wp\/v2\/pages\/52502\/revisions\/52750"}],"up":[{"embeddable":true,"href":"https:\/\/www.canarie.ca\/fr\/wp-json\/wp\/v2\/pages\/48593"}],"wp:attachment":[{"href":"https:\/\/www.canarie.ca\/fr\/wp-json\/wp\/v2\/media?parent=52502"}],"curies":[{"name":"wp","href":"https:\/\/api.w.org\/{rel}","templated":true}]}}